{"id":100684,"date":"2019-08-15T15:17:27","date_gmt":"2019-08-15T13:17:27","guid":{"rendered":"https:\/\/tourtravelandmore.com\/tours\/non%20class\u00e9\/experience-des-vignobles-prives-des-cotes-du-rhone\/"},"modified":"2022-10-18T02:51:55","modified_gmt":"2022-10-18T00:51:55","slug":"experience-des-vignobles-prives-des-cotes-du-rhone","status":"publish","type":"product","link":"https:\/\/tourtravelandmore.com\/fr\/tours\/france-fr\/lyon-fr\/experience-des-vignobles-prives-des-cotes-du-rhone\/","title":{"rendered":"Exp\u00e9rience des vignobles priv\u00e9s des C\u00f4tes du Rh\u00f4ne"},"content":{"rendered":"<h2><b>Description de l&#8217;excursion priv\u00e9e d&#8217;une journ\u00e9e dans un vignoble des C\u00f4tes-du-Rh\u00f4ne<\/b><\/h2>\n<p><span style=\"font-weight: 400;\">Profitez de cette visite priv\u00e9e des C\u00f4tes du Rh\u00f4ne, guid\u00e9e par un expert qualifi\u00e9 et agr\u00e9\u00e9 qui pourra r\u00e9pondre \u00e0 toutes vos questions. Vous serez pris en charge dans votre propre voiture priv\u00e9e ultramoderne avec chauffeur.<\/span><\/p>\n<p><span style=\"font-weight: 400;\">Explorez les sites les plus c\u00e9l\u00e8bres de la vall\u00e9e du Rh\u00f4ne avec un v\u00e9hicule et un chauffeur priv\u00e9s. Et vous n&#8217;avez pas \u00e0 vous soucier de prendre des photos car votre guide vous indiquera les meilleurs endroits o\u00f9 vous pourrez prendre la photo parfaite, quand et o\u00f9 vous le souhaitez.<\/span><\/p>\n<p><span style=\"font-weight: 400;\">La dur\u00e9e de cette visite priv\u00e9e des C\u00f4tes du Rh\u00f4ne est de 8 heures. Comme il s&#8217;agit d&#8217;une visite priv\u00e9e, vous pouvez choisir votre propre heure et lieu de d\u00e9part.<\/span><\/p>\n<p><span style=\"font-weight: 400;\">Le vignoble de la Vall\u00e9e du Rh\u00f4ne en France a une tr\u00e8s longue histoire et un taux de production exceptionnel. Lorsque les Romains sont arriv\u00e9s, ils ont entretenu leurs vignes, cr\u00e9ant des vins que leurs ennemis pouvaient appr\u00e9cier. Ces vins comptent parmi les meilleurs du monde et leur tradition remonte \u00e0 l&#8217;antiquit\u00e9.<\/span><\/p>\n<p><span style=\"font-weight: 400;\">La topographie h\u00e9t\u00e9rog\u00e8ne du Massif central, des Alpes et du Rh\u00f4ne, autrefois recouvert par la mer M\u00e9diterran\u00e9e, conf\u00e8re \u00e0 la Provence son caract\u00e8re particulier. Cette situation privil\u00e9gi\u00e9e donne naissance \u00e0 une r\u00e9gion aux multiples reliefs et \u00e0 une grande diversit\u00e9 de sols (granite, siliceux, calcaire et argileux).<\/span><\/p>\n<h2><b>Points d&#8217;int\u00e9r\u00eat de l&#8217;excursion priv\u00e9e d&#8217;une journ\u00e9e dans un vignoble des C\u00f4tes du Rh\u00f4ne<\/b><\/h2>\n<p><span style=\"font-weight: 400;\">La visite commencera \u00e0 votre h\u00f4tel ou \u00e0 votre lieu de r\u00e9sidence \u00e0 Lyon. Nous vous emm\u00e8nerons dans une s\u00e9lection des meilleurs vignobles de la r\u00e9gion pour une exploration \u00e9ducative des raisins et des techniques de vinification.<\/span><\/p>\n<p><span style=\"font-weight: 400;\">Vous pourrez voir l&#8217;ancien th\u00e9\u00e2tre romain appartenant \u00e0 une p\u00e9riode historique fascinante, sur laquelle votre guide touristique vous fournira toutes les informations \u00e0 port\u00e9e de main.<\/span><\/p>\n<p><span style=\"font-weight: 400;\">Nous d\u00e9couvrirons deux vignobles : <\/span><b>Ampuis et Vall\u00e9e du Rh\u00f4ne.<\/b><\/p>\n<h3><b>Vignoble Ampuis<\/b><\/h3>\n<p><span style=\"font-weight: 400;\">Le vignoble d&#8217;Ampuis \u00e0 Lyon est l&#8217;un des plus anciens vignobles de France. C&#8217;est aussi l&#8217;un des plus c\u00e9l\u00e8bres. Cela est d\u00fb \u00e0 un certain nombre de raisons.<\/span><\/p>\n<p><span style=\"font-weight: 400;\">La premi\u00e8re raison est qu&#8217;elle a \u00e9t\u00e9 fond\u00e9e par un pr\u00eatre qui cherchait un moyen de faire du vin sans utiliser de raisins. Il a trouv\u00e9 une ancienne recette et a commenc\u00e9 \u00e0 faire du vin \u00e0 partir de pommes. Ce vin est devenu tr\u00e8s populaire parce qu&#8217;il \u00e9tait moins cher que les autres types de vin et avait beaucoup plus de go\u00fbt que les vins faits \u00e0 partir de raisins.<\/span><\/p>\n<p><span style=\"font-weight: 400;\">Il y a d&#8217;autres raisons pour lesquelles ce vignoble est c\u00e9l\u00e8bre, mais ces deux-l\u00e0 sont les principales.<\/span><\/p>\n<h3><b>Vall\u00e9e du Rh\u00f4ne<\/b><\/h3>\n<p><span style=\"font-weight: 400;\">Quelle est la r\u00e9putation de la vall\u00e9e du Rh\u00f4ne \u00e0 Lyon ?<\/span><\/p>\n<p><span style=\"font-weight: 400;\">La vall\u00e9e du Rh\u00f4ne est une r\u00e9gion viticole qui s&#8217;\u00e9tend sur quelque 400 miles des Alpes fran\u00e7aises \u00e0 la mer M\u00e9diterran\u00e9e. C&#8217;est l&#8217;une des r\u00e9gions les plus c\u00e9l\u00e8bres et les plus populaires de France. La vall\u00e9e abrite de nombreux vignobles et \u00e9tablissements vinicoles, dont le mondialement c\u00e9l\u00e8bre Ch\u00e2teauneuf-du-Pape. La r\u00e9gion produit du vin depuis l&#8217;\u00e9poque romaine, mais sa renomm\u00e9e a r\u00e9ellement d\u00e9but\u00e9 au Moyen \u00c2ge, lorsqu&#8217;elle \u00e9tait l&#8217;un des principaux producteurs de vin de France.<\/span><\/p>\n<p><span style=\"font-weight: 400;\">Elle est connue pour ses vins rouges, notamment ceux issus du c\u00e9page Syrah. La production de vin est un \u00e9l\u00e9ment important de l&#8217;\u00e9conomie lyonnaise depuis l&#8217;\u00e9poque romaine, mais ce n&#8217;est qu&#8217;au Moyen \u00c2ge que les vins sont devenus largement connus en dehors de la r\u00e9gion. Lyon est un centre important pour les foires commerciales et les conf\u00e9rences.<\/span><\/p>\n<p><b>Si vous avez plus de jours \u00e0 Lyon, vous pouvez consulter <\/b><a href=\"https:\/\/tourtravelandmore.com\/es\/ciudad\/francia\/lyon-es\/\"><b>ici<\/b><\/a><b> d&#8217;autres visites priv\u00e9es de la ville.<\/b><\/p>\n","protected":false},"excerpt":{"rendered":"<p><b>\u00a0<\/b><span style=\"font-weight: 400;\">La r\u00e9gion des C\u00f4tes du Rh\u00f4ne est la plus importante r\u00e9gion viticole de France. Avec ses paysages pittoresques, une visite de la r\u00e9gion est un must pour tout amateur de vin. Cette visite vous emm\u00e8nera dans certains des plus beaux vignobles et \u00e9tablissements vinicoles de la r\u00e9gion. Vous pourrez d\u00e9guster certains de leurs vins et apprendre comment ils sont fabriqu\u00e9s pendant votre visite.<\/span><\/p>\n","protected":false},"featured_media":96071,"comment_status":"open","ping_status":"closed","template":"","meta":{"_acf_changed":false},"product_brand":[],"product_cat":[3666],"product_tag":[],"class_list":{"0":"post-100684","1":"product","2":"type-product","3":"status-publish","4":"has-post-thumbnail","6":"product_cat-lyon-fr","8":"first","9":"instock","10":"shipping-taxable","11":"purchasable","12":"product-type-simple"},"acf":[],"yoast_head":"<!-- This site is optimized with the Yoast SEO Premium plugin v25.3.1 (Yoast SEO v25.3.1) - https:\/\/yoast.com\/wordpress\/plugins\/seo\/ -->\n<title>\u27a1\ufe0f Journ\u00e9e compl\u00e8te de visite priv\u00e9e de vignobles dans les c\u00f4tes du Rh\u00f4ne | Tour Travel &amp; More<\/title>\n<meta name=\"description\" content=\"R\u00e9servez maintenant cette journ\u00e9e compl\u00e8te de visite priv\u00e9e de vignobles dans les C\u00f4tes du Rh\u00f4ne, ce sera une exp\u00e9rience unique \u2705\" \/>\n<meta name=\"robots\" content=\"index, follow, max-snippet:-1, max-image-preview:large, max-video-preview:-1\" \/>\n<link rel=\"canonical\" href=\"https:\/\/tourtravelandmore.com\/fr\/tours\/france-fr\/lyon-fr\/experience-des-vignobles-prives-des-cotes-du-rhone\/\" \/>\n<meta property=\"og:locale\" content=\"fr_FR\" \/>\n<meta property=\"og:type\" content=\"article\" \/>\n<meta property=\"og:title\" content=\"Exp\u00e9rience des vignobles priv\u00e9s des C\u00f4tes du Rh\u00f4ne\" \/>\n<meta property=\"og:description\" content=\"R\u00e9servez maintenant cette journ\u00e9e compl\u00e8te de visite priv\u00e9e de vignobles dans les C\u00f4tes du Rh\u00f4ne, ce sera une exp\u00e9rience unique \u2705\" \/>\n<meta property=\"og:url\" content=\"https:\/\/tourtravelandmore.com\/fr\/tours\/france-fr\/lyon-fr\/experience-des-vignobles-prives-des-cotes-du-rhone\/\" \/>\n<meta property=\"og:site_name\" content=\"Tour Travel And More\" \/>\n<meta property=\"article:publisher\" content=\"https:\/\/www.facebook.com\/tourtravelandmore\/\" \/>\n<meta property=\"article:modified_time\" content=\"2022-10-18T00:51:55+00:00\" \/>\n<meta property=\"og:image\" content=\"https:\/\/tourtravelandmore.com\/wp-content\/uploads\/2019\/08\/Cha\u0302teau_de_Varennes_Quincie\u0301-en-Beaujolais_1.jpg\" \/>\n\t<meta property=\"og:image:width\" content=\"960\" \/>\n\t<meta property=\"og:image:height\" content=\"640\" \/>\n\t<meta property=\"og:image:type\" content=\"image\/jpeg\" \/>\n<meta name=\"twitter:card\" content=\"summary_large_image\" \/>\n<meta name=\"twitter:site\" content=\"@TourTravel_More\" \/>\n<meta name=\"twitter:label1\" content=\"Dur\u00e9e de lecture estim\u00e9e\" \/>\n\t<meta name=\"twitter:data1\" content=\"3 minutes\" \/>\n<script type=\"application\/ld+json\" class=\"yoast-schema-graph\">{\"@context\":\"https:\/\/schema.org\",\"@graph\":[{\"@type\":\"WebPage\",\"@id\":\"https:\/\/tourtravelandmore.com\/fr\/tours\/france-fr\/lyon-fr\/experience-des-vignobles-prives-des-cotes-du-rhone\/\",\"url\":\"https:\/\/tourtravelandmore.com\/fr\/tours\/france-fr\/lyon-fr\/experience-des-vignobles-prives-des-cotes-du-rhone\/\",\"name\":\"\u27a1\ufe0f Journ\u00e9e compl\u00e8te de visite priv\u00e9e de vignobles dans les c\u00f4tes du Rh\u00f4ne | Tour Travel & More\",\"isPartOf\":{\"@id\":\"https:\/\/tourtravelandmore.com\/fr\/#website\"},\"primaryImageOfPage\":{\"@id\":\"https:\/\/tourtravelandmore.com\/fr\/tours\/france-fr\/lyon-fr\/experience-des-vignobles-prives-des-cotes-du-rhone\/#primaryimage\"},\"image\":{\"@id\":\"https:\/\/tourtravelandmore.com\/fr\/tours\/france-fr\/lyon-fr\/experience-des-vignobles-prives-des-cotes-du-rhone\/#primaryimage\"},\"thumbnailUrl\":\"https:\/\/tourtravelandmore.com\/wp-content\/uploads\/2019\/08\/Cha\u0302teau_de_Varennes_Quincie\u0301-en-Beaujolais_1.jpg\",\"datePublished\":\"2019-08-15T13:17:27+00:00\",\"dateModified\":\"2022-10-18T00:51:55+00:00\",\"description\":\"R\u00e9servez maintenant cette journ\u00e9e compl\u00e8te de visite priv\u00e9e de vignobles dans les C\u00f4tes du Rh\u00f4ne, ce sera une exp\u00e9rience unique \u2705\",\"breadcrumb\":{\"@id\":\"https:\/\/tourtravelandmore.com\/fr\/tours\/france-fr\/lyon-fr\/experience-des-vignobles-prives-des-cotes-du-rhone\/#breadcrumb\"},\"inLanguage\":\"fr-FR\",\"potentialAction\":[{\"@type\":\"ReadAction\",\"target\":[\"https:\/\/tourtravelandmore.com\/fr\/tours\/france-fr\/lyon-fr\/experience-des-vignobles-prives-des-cotes-du-rhone\/\"]}]},{\"@type\":\"ImageObject\",\"inLanguage\":\"fr-FR\",\"@id\":\"https:\/\/tourtravelandmore.com\/fr\/tours\/france-fr\/lyon-fr\/experience-des-vignobles-prives-des-cotes-du-rhone\/#primaryimage\",\"url\":\"https:\/\/tourtravelandmore.com\/wp-content\/uploads\/2019\/08\/Cha\u0302teau_de_Varennes_Quincie\u0301-en-Beaujolais_1.jpg\",\"contentUrl\":\"https:\/\/tourtravelandmore.com\/wp-content\/uploads\/2019\/08\/Cha\u0302teau_de_Varennes_Quincie\u0301-en-Beaujolais_1.jpg\",\"width\":960,\"height\":640},{\"@type\":\"BreadcrumbList\",\"@id\":\"https:\/\/tourtravelandmore.com\/fr\/tours\/france-fr\/lyon-fr\/experience-des-vignobles-prives-des-cotes-du-rhone\/#breadcrumb\",\"itemListElement\":[{\"@type\":\"ListItem\",\"position\":1,\"name\":\"Home\",\"item\":\"https:\/\/tourtravelandmore.com\/fr\/\"},{\"@type\":\"ListItem\",\"position\":2,\"name\":\"Tours\",\"item\":\"https:\/\/tourtravelandmore.com\/fr\/tours\/\"},{\"@type\":\"ListItem\",\"position\":3,\"name\":\"Exp\u00e9rience des vignobles priv\u00e9s des C\u00f4tes du Rh\u00f4ne\"}]},{\"@type\":\"WebSite\",\"@id\":\"https:\/\/tourtravelandmore.com\/fr\/#website\",\"url\":\"https:\/\/tourtravelandmore.com\/fr\/\",\"name\":\"Tour Travel And More\",\"description\":\"Private sightseeing tours and luxury transfers in Spain\",\"publisher\":{\"@id\":\"https:\/\/tourtravelandmore.com\/fr\/#organization\"},\"potentialAction\":[{\"@type\":\"SearchAction\",\"target\":{\"@type\":\"EntryPoint\",\"urlTemplate\":\"https:\/\/tourtravelandmore.com\/fr\/?s={search_term_string}\"},\"query-input\":{\"@type\":\"PropertyValueSpecification\",\"valueRequired\":true,\"valueName\":\"search_term_string\"}}],\"inLanguage\":\"fr-FR\"},{\"@type\":\"Organization\",\"@id\":\"https:\/\/tourtravelandmore.com\/fr\/#organization\",\"name\":\"Tour Travel And More\",\"url\":\"https:\/\/tourtravelandmore.com\/fr\/\",\"logo\":{\"@type\":\"ImageObject\",\"inLanguage\":\"fr-FR\",\"@id\":\"https:\/\/tourtravelandmore.com\/fr\/#\/schema\/logo\/image\/\",\"url\":\"https:\/\/tourtravelandmore.com\/wp-content\/uploads\/2022\/12\/cropped-logo-cabecera-new.png\",\"contentUrl\":\"https:\/\/tourtravelandmore.com\/wp-content\/uploads\/2022\/12\/cropped-logo-cabecera-new.png\",\"width\":430,\"height\":61,\"caption\":\"Tour Travel And More\"},\"image\":{\"@id\":\"https:\/\/tourtravelandmore.com\/fr\/#\/schema\/logo\/image\/\"},\"sameAs\":[\"https:\/\/www.facebook.com\/tourtravelandmore\/\",\"https:\/\/x.com\/TourTravel_More\"]}]}<\/script>\n<!-- \/ Yoast SEO Premium plugin. -->","yoast_head_json":{"title":"\u27a1\ufe0f Journ\u00e9e compl\u00e8te de visite priv\u00e9e de vignobles dans les c\u00f4tes du Rh\u00f4ne | Tour Travel & More","description":"R\u00e9servez maintenant cette journ\u00e9e compl\u00e8te de visite priv\u00e9e de vignobles dans les C\u00f4tes du Rh\u00f4ne, ce sera une exp\u00e9rience unique \u2705","robots":{"index":"index","follow":"follow","max-snippet":"max-snippet:-1","max-image-preview":"max-image-preview:large","max-video-preview":"max-video-preview:-1"},"canonical":"https:\/\/tourtravelandmore.com\/fr\/tours\/france-fr\/lyon-fr\/experience-des-vignobles-prives-des-cotes-du-rhone\/","og_locale":"fr_FR","og_type":"article","og_title":"Exp\u00e9rience des vignobles priv\u00e9s des C\u00f4tes du Rh\u00f4ne","og_description":"R\u00e9servez maintenant cette journ\u00e9e compl\u00e8te de visite priv\u00e9e de vignobles dans les C\u00f4tes du Rh\u00f4ne, ce sera une exp\u00e9rience unique \u2705","og_url":"https:\/\/tourtravelandmore.com\/fr\/tours\/france-fr\/lyon-fr\/experience-des-vignobles-prives-des-cotes-du-rhone\/","og_site_name":"Tour Travel And More","article_publisher":"https:\/\/www.facebook.com\/tourtravelandmore\/","article_modified_time":"2022-10-18T00:51:55+00:00","og_image":[{"width":960,"height":640,"url":"https:\/\/tourtravelandmore.com\/wp-content\/uploads\/2019\/08\/Cha\u0302teau_de_Varennes_Quincie\u0301-en-Beaujolais_1.jpg","type":"image\/jpeg"}],"twitter_card":"summary_large_image","twitter_site":"@TourTravel_More","twitter_misc":{"Dur\u00e9e de lecture estim\u00e9e":"3 minutes"},"schema":{"@context":"https:\/\/schema.org","@graph":[{"@type":"WebPage","@id":"https:\/\/tourtravelandmore.com\/fr\/tours\/france-fr\/lyon-fr\/experience-des-vignobles-prives-des-cotes-du-rhone\/","url":"https:\/\/tourtravelandmore.com\/fr\/tours\/france-fr\/lyon-fr\/experience-des-vignobles-prives-des-cotes-du-rhone\/","name":"\u27a1\ufe0f Journ\u00e9e compl\u00e8te de visite priv\u00e9e de vignobles dans les c\u00f4tes du Rh\u00f4ne | Tour Travel & More","isPartOf":{"@id":"https:\/\/tourtravelandmore.com\/fr\/#website"},"primaryImageOfPage":{"@id":"https:\/\/tourtravelandmore.com\/fr\/tours\/france-fr\/lyon-fr\/experience-des-vignobles-prives-des-cotes-du-rhone\/#primaryimage"},"image":{"@id":"https:\/\/tourtravelandmore.com\/fr\/tours\/france-fr\/lyon-fr\/experience-des-vignobles-prives-des-cotes-du-rhone\/#primaryimage"},"thumbnailUrl":"https:\/\/tourtravelandmore.com\/wp-content\/uploads\/2019\/08\/Cha\u0302teau_de_Varennes_Quincie\u0301-en-Beaujolais_1.jpg","datePublished":"2019-08-15T13:17:27+00:00","dateModified":"2022-10-18T00:51:55+00:00","description":"R\u00e9servez maintenant cette journ\u00e9e compl\u00e8te de visite priv\u00e9e de vignobles dans les C\u00f4tes du Rh\u00f4ne, ce sera une exp\u00e9rience unique \u2705","breadcrumb":{"@id":"https:\/\/tourtravelandmore.com\/fr\/tours\/france-fr\/lyon-fr\/experience-des-vignobles-prives-des-cotes-du-rhone\/#breadcrumb"},"inLanguage":"fr-FR","potentialAction":[{"@type":"ReadAction","target":["https:\/\/tourtravelandmore.com\/fr\/tours\/france-fr\/lyon-fr\/experience-des-vignobles-prives-des-cotes-du-rhone\/"]}]},{"@type":"ImageObject","inLanguage":"fr-FR","@id":"https:\/\/tourtravelandmore.com\/fr\/tours\/france-fr\/lyon-fr\/experience-des-vignobles-prives-des-cotes-du-rhone\/#primaryimage","url":"https:\/\/tourtravelandmore.com\/wp-content\/uploads\/2019\/08\/Cha\u0302teau_de_Varennes_Quincie\u0301-en-Beaujolais_1.jpg","contentUrl":"https:\/\/tourtravelandmore.com\/wp-content\/uploads\/2019\/08\/Cha\u0302teau_de_Varennes_Quincie\u0301-en-Beaujolais_1.jpg","width":960,"height":640},{"@type":"BreadcrumbList","@id":"https:\/\/tourtravelandmore.com\/fr\/tours\/france-fr\/lyon-fr\/experience-des-vignobles-prives-des-cotes-du-rhone\/#breadcrumb","itemListElement":[{"@type":"ListItem","position":1,"name":"Home","item":"https:\/\/tourtravelandmore.com\/fr\/"},{"@type":"ListItem","position":2,"name":"Tours","item":"https:\/\/tourtravelandmore.com\/fr\/tours\/"},{"@type":"ListItem","position":3,"name":"Exp\u00e9rience des vignobles priv\u00e9s des C\u00f4tes du Rh\u00f4ne"}]},{"@type":"WebSite","@id":"https:\/\/tourtravelandmore.com\/fr\/#website","url":"https:\/\/tourtravelandmore.com\/fr\/","name":"Tour Travel And More","description":"Private sightseeing tours and luxury transfers in Spain","publisher":{"@id":"https:\/\/tourtravelandmore.com\/fr\/#organization"},"potentialAction":[{"@type":"SearchAction","target":{"@type":"EntryPoint","urlTemplate":"https:\/\/tourtravelandmore.com\/fr\/?s={search_term_string}"},"query-input":{"@type":"PropertyValueSpecification","valueRequired":true,"valueName":"search_term_string"}}],"inLanguage":"fr-FR"},{"@type":"Organization","@id":"https:\/\/tourtravelandmore.com\/fr\/#organization","name":"Tour Travel And More","url":"https:\/\/tourtravelandmore.com\/fr\/","logo":{"@type":"ImageObject","inLanguage":"fr-FR","@id":"https:\/\/tourtravelandmore.com\/fr\/#\/schema\/logo\/image\/","url":"https:\/\/tourtravelandmore.com\/wp-content\/uploads\/2022\/12\/cropped-logo-cabecera-new.png","contentUrl":"https:\/\/tourtravelandmore.com\/wp-content\/uploads\/2022\/12\/cropped-logo-cabecera-new.png","width":430,"height":61,"caption":"Tour Travel And More"},"image":{"@id":"https:\/\/tourtravelandmore.com\/fr\/#\/schema\/logo\/image\/"},"sameAs":["https:\/\/www.facebook.com\/tourtravelandmore\/","https:\/\/x.com\/TourTravel_More"]}]}},"_links":{"self":[{"href":"https:\/\/tourtravelandmore.com\/fr\/wp-json\/wp\/v2\/product\/100684","targetHints":{"allow":["GET"]}}],"collection":[{"href":"https:\/\/tourtravelandmore.com\/fr\/wp-json\/wp\/v2\/product"}],"about":[{"href":"https:\/\/tourtravelandmore.com\/fr\/wp-json\/wp\/v2\/types\/product"}],"replies":[{"embeddable":true,"href":"https:\/\/tourtravelandmore.com\/fr\/wp-json\/wp\/v2\/comments?post=100684"}],"wp:featuredmedia":[{"embeddable":true,"href":"https:\/\/tourtravelandmore.com\/fr\/wp-json\/wp\/v2\/media\/96071"}],"wp:attachment":[{"href":"https:\/\/tourtravelandmore.com\/fr\/wp-json\/wp\/v2\/media?parent=100684"}],"wp:term":[{"taxonomy":"product_brand","embeddable":true,"href":"https:\/\/tourtravelandmore.com\/fr\/wp-json\/wp\/v2\/product_brand?post=100684"},{"taxonomy":"product_cat","embeddable":true,"href":"https:\/\/tourtravelandmore.com\/fr\/wp-json\/wp\/v2\/product_cat?post=100684"},{"taxonomy":"product_tag","embeddable":true,"href":"https:\/\/tourtravelandmore.com\/fr\/wp-json\/wp\/v2\/product_tag?post=100684"}],"curies":[{"name":"wp","href":"https:\/\/api.w.org\/{rel}","templated":true}]}}