{"id":100679,"date":"2019-08-15T14:06:52","date_gmt":"2019-08-15T12:06:52","guid":{"rendered":"https:\/\/tourtravelandmore.com\/tours\/non%20class\u00e9\/visite-privee-de-lyon\/"},"modified":"2022-10-18T02:31:17","modified_gmt":"2022-10-18T00:31:17","slug":"visite-privee-de-lyon","status":"publish","type":"product","link":"https:\/\/tourtravelandmore.com\/fr\/tours\/france-fr\/lyon-fr\/visite-privee-de-lyon\/","title":{"rendered":"Visite priv\u00e9e de Lyon"},"content":{"rendered":"<h2><b>Description de la visite priv\u00e9e de Lyon avec guide officiel et v\u00e9hicule<\/b><\/h2>\n<p><span style=\"font-weight: 400;\">Cette visite priv\u00e9e de Lyon, avec un guide professionnel et un v\u00e9hicule priv\u00e9, vaut vraiment le d\u00e9placement.<\/span><\/p>\n<p><span style=\"font-weight: 400;\">Lyon est reconnue dans le monde entier comme la capitale de la soie, comme un centre de commerce du textile et comme une ville dot\u00e9e d&#8217;un syst\u00e8me bancaire favorable. Elle a \u00e9galement pris le contr\u00f4le du commerce de la soie dans l&#8217;Europe m\u00e9di\u00e9vale.<\/span><\/p>\n<p><span style=\"font-weight: 400;\">La r\u00e9cente renomm\u00e9e de Lyon est due \u00e0 sa cuisine d\u00e9licate. Nombre des plats les plus c\u00e9l\u00e8bres de la cuisine fran\u00e7aise, tels que les quenelles, la soupe \u00e0 l&#8217;oignon, les grattons ou les andouillettes, proviennent de Lyon<\/span><\/p>\n<p><span style=\"font-weight: 400;\">La ville poss\u00e8de un large \u00e9ventail de mus\u00e9es, dont l&#8217;un des plus c\u00e9l\u00e8bres est le mus\u00e9e Lumi\u00e8re, install\u00e9 dans un luxueux b\u00e2timent historique o\u00f9 sont expos\u00e9s les premiers films du monde, des plaques photographiques, ainsi que des \u00e9quipements cin\u00e9matographiques anciens et des objets appartenant aux inventeurs.<\/span><\/p>\n<p><span style=\"font-weight: 400;\">La dur\u00e9e de cette visite priv\u00e9e de Lyon est de 4 heures, mais si vous souhaitez la prolonger, il suffit de nous le faire savoir et nous pouvons la faire de 6 ou 8 heures. Cette visite est enti\u00e8rement priv\u00e9e et vous pouvez choisir l&#8217;heure et le lieu de ramassage.<\/span><\/p>\n<h2><b>Points d&#8217;int\u00e9r\u00eat lors de la visite priv\u00e9e de Lyon avec guide officiel et v\u00e9hicule<\/b><\/h2>\n<p><span style=\"font-weight: 400;\">Dans le cadre de notre visite priv\u00e9e, nous visiterons la basilique Notre-Dame de Fourvi\u00e8re, qui a \u00e9t\u00e9 construite entre 1872 et 1896 sur une colline du quartier de Fourvi\u00e8re.<\/span><\/p>\n<p><span style=\"font-weight: 400;\">Au cours de cette exp\u00e9rience priv\u00e9e, vous pourrez visiter les lieux d&#8217;int\u00e9r\u00eat incontournables suivants :<\/span><\/p>\n<h3><b>Th\u00e9\u00e2tre gallo-romain<\/b><\/h3>\n<p><span style=\"font-weight: 400;\">Le th\u00e9\u00e2tre gallo-romain de Lyon est le th\u00e9\u00e2tre romain le mieux conserv\u00e9 de Gaule. Il a \u00e9t\u00e9 construit au 1er si\u00e8cle de notre \u00e8re et a \u00e9t\u00e9 d\u00e9couvert en 1869. Il est situ\u00e9 sur la place de la Com\u00e9die et peut encore \u00eatre utilis\u00e9 aujourd&#8217;hui pour des repr\u00e9sentations th\u00e9\u00e2trales.<\/span><\/p>\n<p><span style=\"font-weight: 400;\">Le th\u00e9\u00e2tre gallo-romain est c\u00e9l\u00e8bre parce qu&#8217;il est l&#8217;un des th\u00e9\u00e2tres romains les mieux conserv\u00e9s de Gaule et qu&#8217;il a \u00e9t\u00e9 utilis\u00e9 pour des repr\u00e9sentations th\u00e9\u00e2trales depuis sa d\u00e9couverte.<\/span><\/p>\n<h3><b>La cath\u00e9drale de San Juan Bautista<\/b><\/h3>\n<p><span style=\"font-weight: 400;\">La cath\u00e9drale Saint-Jean-Baptiste de Lyon est c\u00e9l\u00e8bre pour \u00eatre la plus grande \u00e9glise de France.<\/span><\/p>\n<p><span style=\"font-weight: 400;\">La cath\u00e9drale est situ\u00e9e dans le centre de Lyon. Elle a \u00e9t\u00e9 construite pour remplacer une plus petite qui avait \u00e9t\u00e9 d\u00e9truite par un incendie. La construction a commenc\u00e9 au 12e si\u00e8cle et s&#8217;est achev\u00e9e vers 1480.<\/span><\/p>\n<h3><b>Place Bellecour et l&#8217;Op\u00e9ra<\/b><\/h3>\n<p><span style=\"font-weight: 400;\">La place Bellecour et l&#8217;Op\u00e9ra de Lyon sont c\u00e9l\u00e8bres car ce sont les lieux les plus embl\u00e9matiques de Lyon.<\/span><\/p>\n<p><span style=\"font-weight: 400;\">La place Bellecour est une belle place dans le quartier central de Lyon. Il est entour\u00e9 de certains des b\u00e2timents les plus embl\u00e9matiques de Lyon, tels que l&#8217;H\u00f4tel de Ville, le Palais de la Bourse et l&#8217;H\u00f4tel-Dieu. Il comporte une statue du roi Louis XIV en son centre et est entour\u00e9 de nombreux restaurants, caf\u00e9s et boutiques.<\/span><\/p>\n<p><span style=\"font-weight: 400;\">L&#8217;Op\u00e9ra de Lyon est l&#8217;un des plus anciens op\u00e9ras de France. Il a \u00e9t\u00e9 construit sous le Second Empire, c&#8217;est-\u00e0-dire de 1852 \u00e0 1870. Le b\u00e2timent est class\u00e9 monument historique depuis 1993 et a \u00e9t\u00e9 r\u00e9nov\u00e9 deux fois depuis.<\/span><\/p>\n<h3><b>Basilique Notre-Dame de Fourvi\u00e8re<\/b><\/h3>\n<p><span style=\"font-weight: 400;\">La basilique Notre-Dame de Fourvi\u00e8re est situ\u00e9e dans la ville de Lyon, en France. Il a \u00e9t\u00e9 construit entre 1864 et 1884 par l&#8217;architecte et sculpteur Paul Abadie. Il s&#8217;agit d&#8217;une \u00e9glise catholique qui abrite une image de la Vierge Marie, Notre-Dame de Fourvi\u00e8re.<\/span><\/p>\n<h3><b>Vieux Lyon<\/b><\/h3>\n<p><span style=\"font-weight: 400;\">Le Vieux Lyon est un quartier historique situ\u00e9 au c\u0153ur de Lyon et riche en histoire.<\/span><\/p>\n<p><span style=\"font-weight: 400;\">Premier site fran\u00e7ais inscrit au patrimoine mondial de l&#8217;UNESCO, il attire les visiteurs depuis le Moyen \u00c2ge.<\/span><\/p>\n<p><span style=\"font-weight: 400;\">Elle a \u00e9t\u00e9 fond\u00e9e par l&#8217;empereur romain Auguste en 12 avant J\u00e9sus-Christ.<\/span><\/p>\n<p><span style=\"font-weight: 400;\">Elle fut \u00e9galement la capitale de la Gaule sous Julien, qui en fit son quartier g\u00e9n\u00e9ral pour les op\u00e9rations militaires contre les tribus germaniques.<\/span><\/p>\n<p><span style=\"font-weight: 400;\">Les Romains y ont construit leur amphith\u00e9\u00e2tre, qui est encore utilis\u00e9 aujourd&#8217;hui pour des concerts.<\/span><\/p>\n<p><span style=\"font-weight: 400;\">La ville est devenue un centre de production de soie au cours du Moyen \u00c2ge et a \u00e9t\u00e9 appel\u00e9e la &#8220;capitale de la soie&#8221;.<\/span><\/p>\n<p><span style=\"font-weight: 400;\">En 1852, le roi Louis-Philippe Ier a ordonn\u00e9 la construction des Halles de Lyon afin d&#8217;offrir une place de march\u00e9 o\u00f9 les produits du monde entier pourraient \u00eatre vendus aux marchands et aux consommateurs locaux.<\/span><\/p>\n<h3><b>Saint-Georges<\/b><\/h3>\n<p><span style=\"font-weight: 400;\">La Saint-Georges de Lyon est c\u00e9l\u00e8bre pour son architecture gothique. L&#8217;\u00e9glise a \u00e9t\u00e9 construite au 13e si\u00e8cle et est l&#8217;une des rares \u00e9glises de Lyon \u00e0 avoir surv\u00e9cu \u00e0 la R\u00e9volution fran\u00e7aise.<\/span><\/p>\n<p><span style=\"font-weight: 400;\">Cette \u00e9glise porte le nom de Saint Georges, un martyr chr\u00e9tien mort pour sa foi. On dit aussi qu&#8217;il \u00e9tait un soldat romain qui a servi sous le r\u00e8gne de l&#8217;empereur Diocl\u00e9tien et s&#8217;est ensuite converti au christianisme.<\/span><\/p>\n<h3><b>Saint-Jean<\/b><\/h3>\n<p><span style=\"font-weight: 400;\">La Saint-Jean de Lyon est une \u00e9glise historique et le site de la premi\u00e8re \u00e9glise chr\u00e9tienne de Lyon. Elle a \u00e9t\u00e9 construite avant 400 apr\u00e8s J.-C. et a \u00e9t\u00e9 reconstruite \u00e0 de nombreuses reprises au cours des si\u00e8cles, mais elle conserve encore une partie de son architecture romane d&#8217;origine.<\/span><\/p>\n<p><span style=\"font-weight: 400;\">Elle a \u00e9t\u00e9 construite avant 400 apr\u00e8s J.-C. et a \u00e9t\u00e9 reconstruite \u00e0 de nombreuses reprises au cours des si\u00e8cles, mais elle conserve encore une partie de son architecture romane d&#8217;origine.<\/span><\/p>\n<h3><b>Saint-Pau<\/b><\/h3>\n<p><span style=\"font-weight: 400;\">La ville de Saint-Pau \u00e0 Lyon est c\u00e9l\u00e8bre pour plusieurs raisons. L&#8217;une des plus populaires est qu&#8217;il s&#8217;agit du lieu de naissance de l&#8217;\u00e9crivain fran\u00e7ais Marcel Pagnol.<\/span><\/p>\n<p><span style=\"font-weight: 400;\">Saint-Pau, \u00e0 Lyon, a une histoire riche et abrite de nombreux personnages c\u00e9l\u00e8bres. La ville a \u00e9t\u00e9 fond\u00e9e par les Romains en 43 avant J.-C. et a \u00e9t\u00e9 habit\u00e9e par de nombreuses cultures diff\u00e9rentes au fil du temps, notamment romaine et gallo-romaine. Elle abrite \u00e9galement plusieurs monuments, dont la basilique de Notre Dame de Fourvi\u00e8re.<\/span><\/p>\n<p><span style=\"font-weight: 400;\">Le r\u00e9sident le plus c\u00e9l\u00e8bre de la ville est Marcel Pagnol, qui est n\u00e9 ici le 9 octobre 1894. Il est devenu un sc\u00e9nariste, r\u00e9alisateur et acteur prolifique : il a \u00e9crit certains des films les plus connus de France, tels que &#8220;Jean de Floret te&#8221; et &#8220;Manon des Sources&#8221;.\u00a0<\/span><\/p>\n<p><span style=\"font-weight: 400;\">Si vous avez plus de jours \u00e0 Lyon, vous pouvez consulter <\/span><a href=\"https:\/\/tourtravelandmore.com\/es\/ciudad\/francia\/lyon-es\/\"><span style=\"font-weight: 400;\">ici<\/span><\/a><span style=\"font-weight: 400;\">, le reste des visites priv\u00e9es que nous proposons dans la ville.<\/span><\/p>\n","protected":false},"excerpt":{"rendered":"<p><b>\u00a0<\/b><span style=\"font-weight: 400;\">La ville de Lyon est l&#8217;une des villes les plus belles et les plus cosmopolites de France. Pour cette raison, la visite priv\u00e9e de Lyon avec guide officiel et v\u00e9hicule de luxe est la meilleure pour ceux qui veulent conna\u00eetre la ville en d\u00e9tail.<\/span><\/p>\n","protected":false},"featured_media":96057,"comment_status":"open","ping_status":"closed","template":"","meta":{"_acf_changed":false},"product_brand":[],"product_cat":[3666],"product_tag":[],"class_list":{"0":"post-100679","1":"product","2":"type-product","3":"status-publish","4":"has-post-thumbnail","6":"product_cat-lyon-fr","8":"first","9":"instock","10":"shipping-taxable","11":"purchasable","12":"product-type-simple"},"acf":[],"yoast_head":"<!-- This site is optimized with the Yoast SEO Premium plugin v25.3.1 (Yoast SEO v25.3.1) - https:\/\/yoast.com\/wordpress\/plugins\/seo\/ -->\n<title>\u27a1\ufe0f Visite priv\u00e9e de Lyon avec guide officiel et v\u00e9hicule | Tour Travel &amp; More<\/title>\n<meta name=\"description\" content=\"R\u00e9servez maintenant cette visite priv\u00e9e de Lyon avec guide officiel et v\u00e9hicule, ce sera une exp\u00e9rience sans pareil \u2705.\" \/>\n<meta name=\"robots\" content=\"index, follow, max-snippet:-1, max-image-preview:large, max-video-preview:-1\" \/>\n<link rel=\"canonical\" href=\"https:\/\/tourtravelandmore.com\/fr\/tours\/france-fr\/lyon-fr\/visite-privee-de-lyon\/\" \/>\n<meta property=\"og:locale\" content=\"fr_FR\" \/>\n<meta property=\"og:type\" content=\"article\" \/>\n<meta property=\"og:title\" content=\"Visite priv\u00e9e de Lyon\" \/>\n<meta property=\"og:description\" content=\"R\u00e9servez maintenant cette visite priv\u00e9e de Lyon avec guide officiel et v\u00e9hicule, ce sera une exp\u00e9rience sans pareil \u2705.\" \/>\n<meta property=\"og:url\" content=\"https:\/\/tourtravelandmore.com\/fr\/tours\/france-fr\/lyon-fr\/visite-privee-de-lyon\/\" \/>\n<meta property=\"og:site_name\" content=\"Tour Travel And More\" \/>\n<meta property=\"article:publisher\" content=\"https:\/\/www.facebook.com\/tourtravelandmore\/\" \/>\n<meta property=\"article:modified_time\" content=\"2022-10-18T00:31:17+00:00\" \/>\n<meta property=\"og:image\" content=\"https:\/\/tourtravelandmore.com\/wp-content\/uploads\/2019\/08\/Lyon-main.jpg\" \/>\n\t<meta property=\"og:image:width\" content=\"1900\" \/>\n\t<meta property=\"og:image:height\" content=\"1046\" \/>\n\t<meta property=\"og:image:type\" content=\"image\/jpeg\" \/>\n<meta name=\"twitter:card\" content=\"summary_large_image\" \/>\n<meta name=\"twitter:site\" content=\"@TourTravel_More\" \/>\n<meta name=\"twitter:label1\" content=\"Dur\u00e9e de lecture estim\u00e9e\" \/>\n\t<meta name=\"twitter:data1\" content=\"6 minutes\" \/>\n<script type=\"application\/ld+json\" class=\"yoast-schema-graph\">{\"@context\":\"https:\/\/schema.org\",\"@graph\":[{\"@type\":\"WebPage\",\"@id\":\"https:\/\/tourtravelandmore.com\/fr\/tours\/france-fr\/lyon-fr\/visite-privee-de-lyon\/\",\"url\":\"https:\/\/tourtravelandmore.com\/fr\/tours\/france-fr\/lyon-fr\/visite-privee-de-lyon\/\",\"name\":\"\u27a1\ufe0f Visite priv\u00e9e de Lyon avec guide officiel et v\u00e9hicule | Tour Travel & More\",\"isPartOf\":{\"@id\":\"https:\/\/tourtravelandmore.com\/fr\/#website\"},\"primaryImageOfPage\":{\"@id\":\"https:\/\/tourtravelandmore.com\/fr\/tours\/france-fr\/lyon-fr\/visite-privee-de-lyon\/#primaryimage\"},\"image\":{\"@id\":\"https:\/\/tourtravelandmore.com\/fr\/tours\/france-fr\/lyon-fr\/visite-privee-de-lyon\/#primaryimage\"},\"thumbnailUrl\":\"https:\/\/tourtravelandmore.com\/wp-content\/uploads\/2019\/08\/Lyon-main.jpg\",\"datePublished\":\"2019-08-15T12:06:52+00:00\",\"dateModified\":\"2022-10-18T00:31:17+00:00\",\"description\":\"R\u00e9servez maintenant cette visite priv\u00e9e de Lyon avec guide officiel et v\u00e9hicule, ce sera une exp\u00e9rience sans pareil \u2705.\",\"breadcrumb\":{\"@id\":\"https:\/\/tourtravelandmore.com\/fr\/tours\/france-fr\/lyon-fr\/visite-privee-de-lyon\/#breadcrumb\"},\"inLanguage\":\"fr-FR\",\"potentialAction\":[{\"@type\":\"ReadAction\",\"target\":[\"https:\/\/tourtravelandmore.com\/fr\/tours\/france-fr\/lyon-fr\/visite-privee-de-lyon\/\"]}]},{\"@type\":\"ImageObject\",\"inLanguage\":\"fr-FR\",\"@id\":\"https:\/\/tourtravelandmore.com\/fr\/tours\/france-fr\/lyon-fr\/visite-privee-de-lyon\/#primaryimage\",\"url\":\"https:\/\/tourtravelandmore.com\/wp-content\/uploads\/2019\/08\/Lyon-main.jpg\",\"contentUrl\":\"https:\/\/tourtravelandmore.com\/wp-content\/uploads\/2019\/08\/Lyon-main.jpg\",\"width\":1900,\"height\":1046},{\"@type\":\"BreadcrumbList\",\"@id\":\"https:\/\/tourtravelandmore.com\/fr\/tours\/france-fr\/lyon-fr\/visite-privee-de-lyon\/#breadcrumb\",\"itemListElement\":[{\"@type\":\"ListItem\",\"position\":1,\"name\":\"Home\",\"item\":\"https:\/\/tourtravelandmore.com\/fr\/\"},{\"@type\":\"ListItem\",\"position\":2,\"name\":\"Tours\",\"item\":\"https:\/\/tourtravelandmore.com\/fr\/tours\/\"},{\"@type\":\"ListItem\",\"position\":3,\"name\":\"Visite priv\u00e9e de Lyon\"}]},{\"@type\":\"WebSite\",\"@id\":\"https:\/\/tourtravelandmore.com\/fr\/#website\",\"url\":\"https:\/\/tourtravelandmore.com\/fr\/\",\"name\":\"Tour Travel And More\",\"description\":\"Private sightseeing tours and luxury transfers in Spain\",\"publisher\":{\"@id\":\"https:\/\/tourtravelandmore.com\/fr\/#organization\"},\"potentialAction\":[{\"@type\":\"SearchAction\",\"target\":{\"@type\":\"EntryPoint\",\"urlTemplate\":\"https:\/\/tourtravelandmore.com\/fr\/?s={search_term_string}\"},\"query-input\":{\"@type\":\"PropertyValueSpecification\",\"valueRequired\":true,\"valueName\":\"search_term_string\"}}],\"inLanguage\":\"fr-FR\"},{\"@type\":\"Organization\",\"@id\":\"https:\/\/tourtravelandmore.com\/fr\/#organization\",\"name\":\"Tour Travel And More\",\"url\":\"https:\/\/tourtravelandmore.com\/fr\/\",\"logo\":{\"@type\":\"ImageObject\",\"inLanguage\":\"fr-FR\",\"@id\":\"https:\/\/tourtravelandmore.com\/fr\/#\/schema\/logo\/image\/\",\"url\":\"https:\/\/tourtravelandmore.com\/wp-content\/uploads\/2022\/12\/cropped-logo-cabecera-new.png\",\"contentUrl\":\"https:\/\/tourtravelandmore.com\/wp-content\/uploads\/2022\/12\/cropped-logo-cabecera-new.png\",\"width\":430,\"height\":61,\"caption\":\"Tour Travel And More\"},\"image\":{\"@id\":\"https:\/\/tourtravelandmore.com\/fr\/#\/schema\/logo\/image\/\"},\"sameAs\":[\"https:\/\/www.facebook.com\/tourtravelandmore\/\",\"https:\/\/x.com\/TourTravel_More\"]}]}<\/script>\n<!-- \/ Yoast SEO Premium plugin. -->","yoast_head_json":{"title":"\u27a1\ufe0f Visite priv\u00e9e de Lyon avec guide officiel et v\u00e9hicule | Tour Travel & More","description":"R\u00e9servez maintenant cette visite priv\u00e9e de Lyon avec guide officiel et v\u00e9hicule, ce sera une exp\u00e9rience sans pareil \u2705.","robots":{"index":"index","follow":"follow","max-snippet":"max-snippet:-1","max-image-preview":"max-image-preview:large","max-video-preview":"max-video-preview:-1"},"canonical":"https:\/\/tourtravelandmore.com\/fr\/tours\/france-fr\/lyon-fr\/visite-privee-de-lyon\/","og_locale":"fr_FR","og_type":"article","og_title":"Visite priv\u00e9e de Lyon","og_description":"R\u00e9servez maintenant cette visite priv\u00e9e de Lyon avec guide officiel et v\u00e9hicule, ce sera une exp\u00e9rience sans pareil \u2705.","og_url":"https:\/\/tourtravelandmore.com\/fr\/tours\/france-fr\/lyon-fr\/visite-privee-de-lyon\/","og_site_name":"Tour Travel And More","article_publisher":"https:\/\/www.facebook.com\/tourtravelandmore\/","article_modified_time":"2022-10-18T00:31:17+00:00","og_image":[{"width":1900,"height":1046,"url":"https:\/\/tourtravelandmore.com\/wp-content\/uploads\/2019\/08\/Lyon-main.jpg","type":"image\/jpeg"}],"twitter_card":"summary_large_image","twitter_site":"@TourTravel_More","twitter_misc":{"Dur\u00e9e de lecture estim\u00e9e":"6 minutes"},"schema":{"@context":"https:\/\/schema.org","@graph":[{"@type":"WebPage","@id":"https:\/\/tourtravelandmore.com\/fr\/tours\/france-fr\/lyon-fr\/visite-privee-de-lyon\/","url":"https:\/\/tourtravelandmore.com\/fr\/tours\/france-fr\/lyon-fr\/visite-privee-de-lyon\/","name":"\u27a1\ufe0f Visite priv\u00e9e de Lyon avec guide officiel et v\u00e9hicule | Tour Travel & More","isPartOf":{"@id":"https:\/\/tourtravelandmore.com\/fr\/#website"},"primaryImageOfPage":{"@id":"https:\/\/tourtravelandmore.com\/fr\/tours\/france-fr\/lyon-fr\/visite-privee-de-lyon\/#primaryimage"},"image":{"@id":"https:\/\/tourtravelandmore.com\/fr\/tours\/france-fr\/lyon-fr\/visite-privee-de-lyon\/#primaryimage"},"thumbnailUrl":"https:\/\/tourtravelandmore.com\/wp-content\/uploads\/2019\/08\/Lyon-main.jpg","datePublished":"2019-08-15T12:06:52+00:00","dateModified":"2022-10-18T00:31:17+00:00","description":"R\u00e9servez maintenant cette visite priv\u00e9e de Lyon avec guide officiel et v\u00e9hicule, ce sera une exp\u00e9rience sans pareil \u2705.","breadcrumb":{"@id":"https:\/\/tourtravelandmore.com\/fr\/tours\/france-fr\/lyon-fr\/visite-privee-de-lyon\/#breadcrumb"},"inLanguage":"fr-FR","potentialAction":[{"@type":"ReadAction","target":["https:\/\/tourtravelandmore.com\/fr\/tours\/france-fr\/lyon-fr\/visite-privee-de-lyon\/"]}]},{"@type":"ImageObject","inLanguage":"fr-FR","@id":"https:\/\/tourtravelandmore.com\/fr\/tours\/france-fr\/lyon-fr\/visite-privee-de-lyon\/#primaryimage","url":"https:\/\/tourtravelandmore.com\/wp-content\/uploads\/2019\/08\/Lyon-main.jpg","contentUrl":"https:\/\/tourtravelandmore.com\/wp-content\/uploads\/2019\/08\/Lyon-main.jpg","width":1900,"height":1046},{"@type":"BreadcrumbList","@id":"https:\/\/tourtravelandmore.com\/fr\/tours\/france-fr\/lyon-fr\/visite-privee-de-lyon\/#breadcrumb","itemListElement":[{"@type":"ListItem","position":1,"name":"Home","item":"https:\/\/tourtravelandmore.com\/fr\/"},{"@type":"ListItem","position":2,"name":"Tours","item":"https:\/\/tourtravelandmore.com\/fr\/tours\/"},{"@type":"ListItem","position":3,"name":"Visite priv\u00e9e de Lyon"}]},{"@type":"WebSite","@id":"https:\/\/tourtravelandmore.com\/fr\/#website","url":"https:\/\/tourtravelandmore.com\/fr\/","name":"Tour Travel And More","description":"Private sightseeing tours and luxury transfers in Spain","publisher":{"@id":"https:\/\/tourtravelandmore.com\/fr\/#organization"},"potentialAction":[{"@type":"SearchAction","target":{"@type":"EntryPoint","urlTemplate":"https:\/\/tourtravelandmore.com\/fr\/?s={search_term_string}"},"query-input":{"@type":"PropertyValueSpecification","valueRequired":true,"valueName":"search_term_string"}}],"inLanguage":"fr-FR"},{"@type":"Organization","@id":"https:\/\/tourtravelandmore.com\/fr\/#organization","name":"Tour Travel And More","url":"https:\/\/tourtravelandmore.com\/fr\/","logo":{"@type":"ImageObject","inLanguage":"fr-FR","@id":"https:\/\/tourtravelandmore.com\/fr\/#\/schema\/logo\/image\/","url":"https:\/\/tourtravelandmore.com\/wp-content\/uploads\/2022\/12\/cropped-logo-cabecera-new.png","contentUrl":"https:\/\/tourtravelandmore.com\/wp-content\/uploads\/2022\/12\/cropped-logo-cabecera-new.png","width":430,"height":61,"caption":"Tour Travel And More"},"image":{"@id":"https:\/\/tourtravelandmore.com\/fr\/#\/schema\/logo\/image\/"},"sameAs":["https:\/\/www.facebook.com\/tourtravelandmore\/","https:\/\/x.com\/TourTravel_More"]}]}},"_links":{"self":[{"href":"https:\/\/tourtravelandmore.com\/fr\/wp-json\/wp\/v2\/product\/100679","targetHints":{"allow":["GET"]}}],"collection":[{"href":"https:\/\/tourtravelandmore.com\/fr\/wp-json\/wp\/v2\/product"}],"about":[{"href":"https:\/\/tourtravelandmore.com\/fr\/wp-json\/wp\/v2\/types\/product"}],"replies":[{"embeddable":true,"href":"https:\/\/tourtravelandmore.com\/fr\/wp-json\/wp\/v2\/comments?post=100679"}],"wp:featuredmedia":[{"embeddable":true,"href":"https:\/\/tourtravelandmore.com\/fr\/wp-json\/wp\/v2\/media\/96057"}],"wp:attachment":[{"href":"https:\/\/tourtravelandmore.com\/fr\/wp-json\/wp\/v2\/media?parent=100679"}],"wp:term":[{"taxonomy":"product_brand","embeddable":true,"href":"https:\/\/tourtravelandmore.com\/fr\/wp-json\/wp\/v2\/product_brand?post=100679"},{"taxonomy":"product_cat","embeddable":true,"href":"https:\/\/tourtravelandmore.com\/fr\/wp-json\/wp\/v2\/product_cat?post=100679"},{"taxonomy":"product_tag","embeddable":true,"href":"https:\/\/tourtravelandmore.com\/fr\/wp-json\/wp\/v2\/product_tag?post=100679"}],"curies":[{"name":"wp","href":"https:\/\/api.w.org\/{rel}","templated":true}]}}