{"id":100674,"date":"2019-08-15T13:22:44","date_gmt":"2019-08-15T11:22:44","guid":{"rendered":"https:\/\/tourtravelandmore.com\/tours\/non%20class\u00e9\/visite-privee-a-pied-de-lyon\/"},"modified":"2022-10-18T02:21:50","modified_gmt":"2022-10-18T00:21:50","slug":"visite-privee-a-pied-de-lyon","status":"publish","type":"product","link":"https:\/\/tourtravelandmore.com\/fr\/tours\/france-fr\/lyon-fr\/visite-privee-a-pied-de-lyon\/","title":{"rendered":"Visite priv\u00e9e \u00e0 pied de Lyon"},"content":{"rendered":"<h2><b>Description de la visite priv\u00e9e \u00e0 pied de Lyon avec guide officiel<\/b><\/h2>\n<p><span style=\"font-weight: 400;\">R\u00e9servez une visite priv\u00e9e \u00e0 pied de Lyon avec l&#8217;un de nos guides qui vous fera d\u00e9couvrir les sites les plus embl\u00e9matiques de la ville.<\/span><\/p>\n<p><span style=\"font-weight: 400;\">Cette visite p\u00e9destre autoguid\u00e9e de Lyon durera environ 4 heures.<\/span><\/p>\n<p><span style=\"font-weight: 400;\">Cette visite \u00e0 pied de Lyon est enti\u00e8rement priv\u00e9e, vous pouvez choisir l&#8217;heure et le point de d\u00e9part. Si l&#8217;emplacement n&#8217;est pas central, nous indiquerons un point dans le centre de la ville.<\/span><\/p>\n<p><span style=\"font-weight: 400;\">Cette visite priv\u00e9e commence dans les rues du centre-ville de Lyon, au mus\u00e9e Gadagne. Ce complexe est compos\u00e9 de 3 mus\u00e9es, le mus\u00e9e d&#8217;histoire de Lyon, le mus\u00e9e des b\u00e2timents de la Renaissance et le mus\u00e9e Maris.<\/span><\/p>\n<p><span style=\"font-weight: 400;\">Votre prochaine destination est l&#8217;un des b\u00e2timents les plus embl\u00e9matiques de la vall\u00e9e de la Loire. La cath\u00e9drale Saint-Jean, construite entre 1180 et 1480 et repr\u00e9sentant clairement la transition entre l&#8217;architecture romane et gothique.<\/span><\/p>\n<p><span style=\"font-weight: 400;\">Nous nous rendrons ensuite sur la place Saint-Jean. Nous ferons une courte pause ici et d\u00e9gusterons un bon caf\u00e9 et un croissant dans l&#8217;une des boutiques.<\/span><\/p>\n<p><span style=\"font-weight: 400;\">La derni\u00e8re, mais non la moindre, est la rue Saint-Jean. Cette \u00e9troite rue pi\u00e9tonne bord\u00e9e de nombreux restaurants et boutiques devrait \u00eatre votre destination finale.<\/span><\/p>\n<h2><b>Points d&#8217;int\u00e9r\u00eat lors de la visite priv\u00e9e \u00e0 pied de Lyon avec un guide officiel<\/b><\/h2>\n<p><span style=\"font-weight: 400;\">Au cours de votre visite priv\u00e9e, vous d\u00e9couvrirez certains des sites les plus c\u00e9l\u00e8bres de la ville.<\/span><\/p>\n<p><span style=\"font-weight: 400;\">Vous serez t\u00e9moin de la beaut\u00e9 architecturale unique de la ville.<\/span><\/p>\n<p><span style=\"font-weight: 400;\">Parmi les sites que vous pouvez visiter nous vous proposons :<\/span><\/p>\n<h3><b>Place Bellecour<\/b><\/h3>\n<p><span style=\"font-weight: 400;\">La place Bellecour est un bel endroit \u00e0 Lyon. C&#8217;est une grande place et le centre de la ville. Elle est consid\u00e9r\u00e9e comme l&#8217;une des meilleures places de France et est l&#8217;un des lieux les plus visit\u00e9s de Lyon.<\/span><\/p>\n<p><span style=\"font-weight: 400;\">La place Bellecour a \u00e9t\u00e9 construite sur des plans du XVIIe si\u00e8cle par l&#8217;architecte Claude Nicolas Ledoux, qui a \u00e9galement con\u00e7u la place de la Concorde \u00e0 Paris. Le nom original de la place \u00e9tait &#8220;Place Louis XV&#8221;, mais elle a \u00e9t\u00e9 rebaptis\u00e9e Place Bellecour en 1834 en l&#8217;honneur du g\u00e9n\u00e9ral Pierre-Antoine de Montesquiou d&#8217;Artagnan (1620-1673), qui a \u00e9t\u00e9 gouverneur de Lyon de 1647 \u00e0 1654.<\/span><\/p>\n<h3><b>Jardin de la Grande C\u00f4te<\/b><\/h3>\n<p><span style=\"font-weight: 400;\">Le Jardin de la Grande C\u00f4te de Lyon est c\u00e9l\u00e8bre car c&#8217;est un jardin con\u00e7u par l&#8217;architecte Jean-Claude Forestier. Il a \u00e9t\u00e9 cr\u00e9\u00e9 en 1991 et est le premier jardin \u00e0 avoir \u00e9t\u00e9 class\u00e9 &#8220;Jardin Remarquable&#8221; par le minist\u00e8re fran\u00e7ais de la Culture. Le jardin est situ\u00e9 sur le site d&#8217;une ancienne carri\u00e8re et a \u00e9t\u00e9 con\u00e7u avec diff\u00e9rents niveaux reli\u00e9s entre eux par des rampes, des escaliers et des ponts.<\/span><\/p>\n<h3><b>Parc de la T\u00eate d&#8217;Or<\/b><\/h3>\n<p><span style=\"font-weight: 400;\">Le Parc de la Tete d&#8217;Or est c\u00e9l\u00e8bre car c&#8217;est le plus ancien parc public de France et aussi l&#8217;un des plus grands avec une superficie de plus de 40 hectares. Il a \u00e9t\u00e9 inaugur\u00e9 en 1858 et a \u00e9t\u00e9 am\u00e9lior\u00e9 au fil du temps, notamment par l&#8217;ajout d&#8217;un lac artificiel en 1979.<\/span><\/p>\n<h3><b>Institut Lumi\u00e8re<\/b><\/h3>\n<p><span style=\"font-weight: 400;\">L&#8217;Institut Lumi\u00e8re de Lyon est c\u00e9l\u00e8bre pour avoir \u00e9t\u00e9 le premier cin\u00e9ma du monde.<\/span><\/p>\n<p><span style=\"font-weight: 400;\">L&#8217;Institut Lumi\u00e8re de Lyon est l&#8217;un des lieux les plus embl\u00e9matiques de Lyon, en France. Il a \u00e9t\u00e9 inaugur\u00e9 le 18 d\u00e9cembre 1895 et a \u00e9t\u00e9 le premier cin\u00e9ma au monde.<\/span><\/p>\n<h3><b>Mus\u00e9e gallo-romain<\/b><\/h3>\n<p><span style=\"font-weight: 400;\">Le mus\u00e9e gallo-romain de Lyon est c\u00e9l\u00e8bre pour sa collection d&#8217;objets romains.<\/span><\/p>\n<p><span style=\"font-weight: 400;\">Le mus\u00e9e gallo-romain de Lyon abrite une collection d&#8217;objets romains remontant au 1er si\u00e8cle de notre \u00e8re. Le mus\u00e9e est situ\u00e9 pr\u00e8s du fleuve Rh\u00f4ne et a \u00e9t\u00e9 cr\u00e9\u00e9 en 1874 par la Soci\u00e9t\u00e9 des Antiquaires.<\/span><\/p>\n<h3><b>Cath\u00e9drale Saint-Jean<\/b><\/h3>\n<p><span style=\"font-weight: 400;\">La cath\u00e9drale Saint-Jean de Lyon est c\u00e9l\u00e8bre pour ses fresques et ses vitraux.<\/span><\/p>\n<p><span style=\"font-weight: 400;\">La cath\u00e9drale est \u00e9galement connue pour ses \u0153uvres d&#8217;art, notamment les sculptures d&#8217;Antoine Bourdelle.<\/span><\/p>\n<h3><b>Op\u00e9ra de Lyon<\/b><\/h3>\n<p><span style=\"font-weight: 400;\">L&#8217;Op\u00e9ra de Lyon est une compagnie d&#8217;op\u00e9ra de renomm\u00e9e mondiale en France. Fond\u00e9e en 1875, la compagnie pr\u00e9sente des op\u00e9ras depuis plus de 130 ans. C&#8217;est l&#8217;une des compagnies d&#8217;op\u00e9ra les plus prestigieuses d&#8217;Europe et elle est class\u00e9e parmi les cinq meilleurs op\u00e9ras du monde.<\/span><\/p>\n<p><span style=\"font-weight: 400;\">L&#8217;Op\u00e9ra de Lyon existe depuis longtemps et est toujours en activit\u00e9 aujourd&#8217;hui. Ils sont connus pour leur r\u00e9pertoire unique, qui comprend des op\u00e9ras rarement jou\u00e9s ailleurs.<\/span><\/p>\n<h3><b>Mus\u00e9e d&#8217;art contemporain de Lyon<\/b><\/h3>\n<p><span style=\"font-weight: 400;\">Le Mus\u00e9e d&#8217;Art Contemporain de Lyon est c\u00e9l\u00e8bre pour sa collection permanente. Il contient plus de 2000 \u0153uvres d&#8217;art, d&#8217;artistes tels que Pablo Picasso et Andy Warhol.<\/span><\/p>\n<h3><b>La fontaine Bartholdi<\/b><\/h3>\n<p><span style=\"font-weight: 400;\">Une statue du sculpteur fran\u00e7ais Fr\u00e9d\u00e9ric Auguste Bartholdi est la pi\u00e8ce ma\u00eetresse de la fontaine.<\/span><\/p>\n<p><span style=\"font-weight: 400;\">La statue de Bartholdi se trouve devant une fontaine, con\u00e7ue par \u00c9mile-Maurice Quennoz. La fontaine se compose de deux bassins, l&#8217;un plus haut que l&#8217;autre, et d&#8217;un bec de fontaine qui s&#8217;\u00e9l\u00e8ve du bassin inf\u00e9rieur \u00e0 une hauteur d&#8217;environ quinze m\u00e8tres.<\/span><\/p>\n<p><span style=\"font-weight: 400;\">Contactez-nous et nous ferons de votre voyage une exp\u00e9rience unique. Gr\u00e2ce au formulaire de contact, vous pouvez nous contacter et notre \u00e9quipe vous enverra des informations d\u00e9taill\u00e9es.<\/span><\/p>\n<p><b>Si vous avez plus de jours dans la ville de Lyon, vous pouvez consulter <\/b><a href=\"https:\/\/tourtravelandmore.com\/es\/ciudad\/francia\/lyon-es\/\"><b>ici<\/b><\/a><b>, le reste des visites priv\u00e9es que nous proposons.<\/b><\/p>\n","protected":false},"excerpt":{"rendered":"<p>Aventurez-vous dans cette visite priv\u00e9e enti\u00e8rement personnalis\u00e9e de 4 heures dans les rues de Lyon, o\u00f9 vous pourrez admirer la beaut\u00e9 urbaine de ses rues, monuments et b\u00e2timents de la Renaissance les plus importants de la capitale fran\u00e7aise du tissage. En chemin, votre guide officiel priv\u00e9 vous emm\u00e8nera \u00e0 la d\u00e9couverte de la beaut\u00e9 qu&#8217;offre la ville et ses \u00e9difices Renaissance et m\u00e9di\u00e9vaux, comme la cath\u00e9drale Saint-Jean, la place Bellecour ou la rue Saint-Jean.<\/p>\n","protected":false},"featured_media":96063,"comment_status":"open","ping_status":"closed","template":"","meta":{"_acf_changed":false},"product_brand":[],"product_cat":[3666],"product_tag":[],"class_list":{"0":"post-100674","1":"product","2":"type-product","3":"status-publish","4":"has-post-thumbnail","6":"product_cat-lyon-fr","8":"first","9":"instock","10":"shipping-taxable","11":"purchasable","12":"product-type-simple"},"acf":[],"yoast_head":"<!-- This site is optimized with the Yoast SEO Premium plugin v25.3.1 (Yoast SEO v25.3.1) - https:\/\/yoast.com\/wordpress\/plugins\/seo\/ -->\n<title>Visite priv\u00e9e \u00e0 pied de Lyon - Guide touristique officiel priv\u00e9<\/title>\n<meta name=\"description\" content=\"Explorez et profitez de toute la ville de Lyon avec cette visite priv\u00e9e \u00e0 pied de 4 heures avec un guide local et d\u00e9couvrez certains de ses lieux les plus reconnus\" \/>\n<meta name=\"robots\" content=\"index, follow, max-snippet:-1, max-image-preview:large, max-video-preview:-1\" \/>\n<link rel=\"canonical\" href=\"https:\/\/tourtravelandmore.com\/fr\/tours\/france-fr\/lyon-fr\/visite-privee-a-pied-de-lyon\/\" \/>\n<meta property=\"og:locale\" content=\"fr_FR\" \/>\n<meta property=\"og:type\" content=\"article\" \/>\n<meta property=\"og:title\" content=\"Visite priv\u00e9e \u00e0 pied de Lyon\" \/>\n<meta property=\"og:description\" content=\"Explorez et profitez de toute la ville de Lyon avec cette visite priv\u00e9e \u00e0 pied de 4 heures avec un guide local et d\u00e9couvrez certains de ses lieux les plus reconnus\" \/>\n<meta property=\"og:url\" content=\"https:\/\/tourtravelandmore.com\/fr\/tours\/france-fr\/lyon-fr\/visite-privee-a-pied-de-lyon\/\" \/>\n<meta property=\"og:site_name\" content=\"Tour Travel And More\" \/>\n<meta property=\"article:publisher\" content=\"https:\/\/www.facebook.com\/tourtravelandmore\/\" \/>\n<meta property=\"article:modified_time\" content=\"2022-10-18T00:21:50+00:00\" \/>\n<meta property=\"og:image\" content=\"https:\/\/tourtravelandmore.com\/wp-content\/uploads\/2019\/08\/Vieux-Lyon.jpg\" \/>\n\t<meta property=\"og:image:width\" content=\"1024\" \/>\n\t<meta property=\"og:image:height\" content=\"683\" \/>\n\t<meta property=\"og:image:type\" content=\"image\/jpeg\" \/>\n<meta name=\"twitter:card\" content=\"summary_large_image\" \/>\n<meta name=\"twitter:site\" content=\"@TourTravel_More\" \/>\n<meta name=\"twitter:label1\" content=\"Dur\u00e9e de lecture estim\u00e9e\" \/>\n\t<meta name=\"twitter:data1\" content=\"5 minutes\" \/>\n<script type=\"application\/ld+json\" class=\"yoast-schema-graph\">{\"@context\":\"https:\/\/schema.org\",\"@graph\":[{\"@type\":\"WebPage\",\"@id\":\"https:\/\/tourtravelandmore.com\/fr\/tours\/france-fr\/lyon-fr\/visite-privee-a-pied-de-lyon\/\",\"url\":\"https:\/\/tourtravelandmore.com\/fr\/tours\/france-fr\/lyon-fr\/visite-privee-a-pied-de-lyon\/\",\"name\":\"Visite priv\u00e9e \u00e0 pied de Lyon - Guide touristique officiel priv\u00e9\",\"isPartOf\":{\"@id\":\"https:\/\/tourtravelandmore.com\/fr\/#website\"},\"primaryImageOfPage\":{\"@id\":\"https:\/\/tourtravelandmore.com\/fr\/tours\/france-fr\/lyon-fr\/visite-privee-a-pied-de-lyon\/#primaryimage\"},\"image\":{\"@id\":\"https:\/\/tourtravelandmore.com\/fr\/tours\/france-fr\/lyon-fr\/visite-privee-a-pied-de-lyon\/#primaryimage\"},\"thumbnailUrl\":\"https:\/\/tourtravelandmore.com\/wp-content\/uploads\/2019\/08\/Vieux-Lyon.jpg\",\"datePublished\":\"2019-08-15T11:22:44+00:00\",\"dateModified\":\"2022-10-18T00:21:50+00:00\",\"description\":\"Explorez et profitez de toute la ville de Lyon avec cette visite priv\u00e9e \u00e0 pied de 4 heures avec un guide local et d\u00e9couvrez certains de ses lieux les plus reconnus\",\"breadcrumb\":{\"@id\":\"https:\/\/tourtravelandmore.com\/fr\/tours\/france-fr\/lyon-fr\/visite-privee-a-pied-de-lyon\/#breadcrumb\"},\"inLanguage\":\"fr-FR\",\"potentialAction\":[{\"@type\":\"ReadAction\",\"target\":[\"https:\/\/tourtravelandmore.com\/fr\/tours\/france-fr\/lyon-fr\/visite-privee-a-pied-de-lyon\/\"]}]},{\"@type\":\"ImageObject\",\"inLanguage\":\"fr-FR\",\"@id\":\"https:\/\/tourtravelandmore.com\/fr\/tours\/france-fr\/lyon-fr\/visite-privee-a-pied-de-lyon\/#primaryimage\",\"url\":\"https:\/\/tourtravelandmore.com\/wp-content\/uploads\/2019\/08\/Vieux-Lyon.jpg\",\"contentUrl\":\"https:\/\/tourtravelandmore.com\/wp-content\/uploads\/2019\/08\/Vieux-Lyon.jpg\",\"width\":1024,\"height\":683,\"caption\":\"Lyon\"},{\"@type\":\"BreadcrumbList\",\"@id\":\"https:\/\/tourtravelandmore.com\/fr\/tours\/france-fr\/lyon-fr\/visite-privee-a-pied-de-lyon\/#breadcrumb\",\"itemListElement\":[{\"@type\":\"ListItem\",\"position\":1,\"name\":\"Home\",\"item\":\"https:\/\/tourtravelandmore.com\/fr\/\"},{\"@type\":\"ListItem\",\"position\":2,\"name\":\"Tours\",\"item\":\"https:\/\/tourtravelandmore.com\/fr\/tours\/\"},{\"@type\":\"ListItem\",\"position\":3,\"name\":\"Visite priv\u00e9e \u00e0 pied de Lyon\"}]},{\"@type\":\"WebSite\",\"@id\":\"https:\/\/tourtravelandmore.com\/fr\/#website\",\"url\":\"https:\/\/tourtravelandmore.com\/fr\/\",\"name\":\"Tour Travel And More\",\"description\":\"Private sightseeing tours and luxury transfers in Spain\",\"publisher\":{\"@id\":\"https:\/\/tourtravelandmore.com\/fr\/#organization\"},\"potentialAction\":[{\"@type\":\"SearchAction\",\"target\":{\"@type\":\"EntryPoint\",\"urlTemplate\":\"https:\/\/tourtravelandmore.com\/fr\/?s={search_term_string}\"},\"query-input\":{\"@type\":\"PropertyValueSpecification\",\"valueRequired\":true,\"valueName\":\"search_term_string\"}}],\"inLanguage\":\"fr-FR\"},{\"@type\":\"Organization\",\"@id\":\"https:\/\/tourtravelandmore.com\/fr\/#organization\",\"name\":\"Tour Travel And More\",\"url\":\"https:\/\/tourtravelandmore.com\/fr\/\",\"logo\":{\"@type\":\"ImageObject\",\"inLanguage\":\"fr-FR\",\"@id\":\"https:\/\/tourtravelandmore.com\/fr\/#\/schema\/logo\/image\/\",\"url\":\"https:\/\/tourtravelandmore.com\/wp-content\/uploads\/2022\/12\/cropped-logo-cabecera-new.png\",\"contentUrl\":\"https:\/\/tourtravelandmore.com\/wp-content\/uploads\/2022\/12\/cropped-logo-cabecera-new.png\",\"width\":430,\"height\":61,\"caption\":\"Tour Travel And More\"},\"image\":{\"@id\":\"https:\/\/tourtravelandmore.com\/fr\/#\/schema\/logo\/image\/\"},\"sameAs\":[\"https:\/\/www.facebook.com\/tourtravelandmore\/\",\"https:\/\/x.com\/TourTravel_More\"]}]}<\/script>\n<!-- \/ Yoast SEO Premium plugin. -->","yoast_head_json":{"title":"Visite priv\u00e9e \u00e0 pied de Lyon - Guide touristique officiel priv\u00e9","description":"Explorez et profitez de toute la ville de Lyon avec cette visite priv\u00e9e \u00e0 pied de 4 heures avec un guide local et d\u00e9couvrez certains de ses lieux les plus reconnus","robots":{"index":"index","follow":"follow","max-snippet":"max-snippet:-1","max-image-preview":"max-image-preview:large","max-video-preview":"max-video-preview:-1"},"canonical":"https:\/\/tourtravelandmore.com\/fr\/tours\/france-fr\/lyon-fr\/visite-privee-a-pied-de-lyon\/","og_locale":"fr_FR","og_type":"article","og_title":"Visite priv\u00e9e \u00e0 pied de Lyon","og_description":"Explorez et profitez de toute la ville de Lyon avec cette visite priv\u00e9e \u00e0 pied de 4 heures avec un guide local et d\u00e9couvrez certains de ses lieux les plus reconnus","og_url":"https:\/\/tourtravelandmore.com\/fr\/tours\/france-fr\/lyon-fr\/visite-privee-a-pied-de-lyon\/","og_site_name":"Tour Travel And More","article_publisher":"https:\/\/www.facebook.com\/tourtravelandmore\/","article_modified_time":"2022-10-18T00:21:50+00:00","og_image":[{"width":1024,"height":683,"url":"https:\/\/tourtravelandmore.com\/wp-content\/uploads\/2019\/08\/Vieux-Lyon.jpg","type":"image\/jpeg"}],"twitter_card":"summary_large_image","twitter_site":"@TourTravel_More","twitter_misc":{"Dur\u00e9e de lecture estim\u00e9e":"5 minutes"},"schema":{"@context":"https:\/\/schema.org","@graph":[{"@type":"WebPage","@id":"https:\/\/tourtravelandmore.com\/fr\/tours\/france-fr\/lyon-fr\/visite-privee-a-pied-de-lyon\/","url":"https:\/\/tourtravelandmore.com\/fr\/tours\/france-fr\/lyon-fr\/visite-privee-a-pied-de-lyon\/","name":"Visite priv\u00e9e \u00e0 pied de Lyon - Guide touristique officiel priv\u00e9","isPartOf":{"@id":"https:\/\/tourtravelandmore.com\/fr\/#website"},"primaryImageOfPage":{"@id":"https:\/\/tourtravelandmore.com\/fr\/tours\/france-fr\/lyon-fr\/visite-privee-a-pied-de-lyon\/#primaryimage"},"image":{"@id":"https:\/\/tourtravelandmore.com\/fr\/tours\/france-fr\/lyon-fr\/visite-privee-a-pied-de-lyon\/#primaryimage"},"thumbnailUrl":"https:\/\/tourtravelandmore.com\/wp-content\/uploads\/2019\/08\/Vieux-Lyon.jpg","datePublished":"2019-08-15T11:22:44+00:00","dateModified":"2022-10-18T00:21:50+00:00","description":"Explorez et profitez de toute la ville de Lyon avec cette visite priv\u00e9e \u00e0 pied de 4 heures avec un guide local et d\u00e9couvrez certains de ses lieux les plus reconnus","breadcrumb":{"@id":"https:\/\/tourtravelandmore.com\/fr\/tours\/france-fr\/lyon-fr\/visite-privee-a-pied-de-lyon\/#breadcrumb"},"inLanguage":"fr-FR","potentialAction":[{"@type":"ReadAction","target":["https:\/\/tourtravelandmore.com\/fr\/tours\/france-fr\/lyon-fr\/visite-privee-a-pied-de-lyon\/"]}]},{"@type":"ImageObject","inLanguage":"fr-FR","@id":"https:\/\/tourtravelandmore.com\/fr\/tours\/france-fr\/lyon-fr\/visite-privee-a-pied-de-lyon\/#primaryimage","url":"https:\/\/tourtravelandmore.com\/wp-content\/uploads\/2019\/08\/Vieux-Lyon.jpg","contentUrl":"https:\/\/tourtravelandmore.com\/wp-content\/uploads\/2019\/08\/Vieux-Lyon.jpg","width":1024,"height":683,"caption":"Lyon"},{"@type":"BreadcrumbList","@id":"https:\/\/tourtravelandmore.com\/fr\/tours\/france-fr\/lyon-fr\/visite-privee-a-pied-de-lyon\/#breadcrumb","itemListElement":[{"@type":"ListItem","position":1,"name":"Home","item":"https:\/\/tourtravelandmore.com\/fr\/"},{"@type":"ListItem","position":2,"name":"Tours","item":"https:\/\/tourtravelandmore.com\/fr\/tours\/"},{"@type":"ListItem","position":3,"name":"Visite priv\u00e9e \u00e0 pied de Lyon"}]},{"@type":"WebSite","@id":"https:\/\/tourtravelandmore.com\/fr\/#website","url":"https:\/\/tourtravelandmore.com\/fr\/","name":"Tour Travel And More","description":"Private sightseeing tours and luxury transfers in Spain","publisher":{"@id":"https:\/\/tourtravelandmore.com\/fr\/#organization"},"potentialAction":[{"@type":"SearchAction","target":{"@type":"EntryPoint","urlTemplate":"https:\/\/tourtravelandmore.com\/fr\/?s={search_term_string}"},"query-input":{"@type":"PropertyValueSpecification","valueRequired":true,"valueName":"search_term_string"}}],"inLanguage":"fr-FR"},{"@type":"Organization","@id":"https:\/\/tourtravelandmore.com\/fr\/#organization","name":"Tour Travel And More","url":"https:\/\/tourtravelandmore.com\/fr\/","logo":{"@type":"ImageObject","inLanguage":"fr-FR","@id":"https:\/\/tourtravelandmore.com\/fr\/#\/schema\/logo\/image\/","url":"https:\/\/tourtravelandmore.com\/wp-content\/uploads\/2022\/12\/cropped-logo-cabecera-new.png","contentUrl":"https:\/\/tourtravelandmore.com\/wp-content\/uploads\/2022\/12\/cropped-logo-cabecera-new.png","width":430,"height":61,"caption":"Tour Travel And More"},"image":{"@id":"https:\/\/tourtravelandmore.com\/fr\/#\/schema\/logo\/image\/"},"sameAs":["https:\/\/www.facebook.com\/tourtravelandmore\/","https:\/\/x.com\/TourTravel_More"]}]}},"_links":{"self":[{"href":"https:\/\/tourtravelandmore.com\/fr\/wp-json\/wp\/v2\/product\/100674","targetHints":{"allow":["GET"]}}],"collection":[{"href":"https:\/\/tourtravelandmore.com\/fr\/wp-json\/wp\/v2\/product"}],"about":[{"href":"https:\/\/tourtravelandmore.com\/fr\/wp-json\/wp\/v2\/types\/product"}],"replies":[{"embeddable":true,"href":"https:\/\/tourtravelandmore.com\/fr\/wp-json\/wp\/v2\/comments?post=100674"}],"wp:featuredmedia":[{"embeddable":true,"href":"https:\/\/tourtravelandmore.com\/fr\/wp-json\/wp\/v2\/media\/96063"}],"wp:attachment":[{"href":"https:\/\/tourtravelandmore.com\/fr\/wp-json\/wp\/v2\/media?parent=100674"}],"wp:term":[{"taxonomy":"product_brand","embeddable":true,"href":"https:\/\/tourtravelandmore.com\/fr\/wp-json\/wp\/v2\/product_brand?post=100674"},{"taxonomy":"product_cat","embeddable":true,"href":"https:\/\/tourtravelandmore.com\/fr\/wp-json\/wp\/v2\/product_cat?post=100674"},{"taxonomy":"product_tag","embeddable":true,"href":"https:\/\/tourtravelandmore.com\/fr\/wp-json\/wp\/v2\/product_tag?post=100674"}],"curies":[{"name":"wp","href":"https:\/\/api.w.org\/{rel}","templated":true}]}}