{"id":100552,"date":"2019-08-13T07:06:54","date_gmt":"2019-08-13T05:06:54","guid":{"rendered":"https:\/\/tourtravelandmore.com\/tours\/non class\u00e9\/visite-privee-du-musee-memorial-de-caen-au-depart-du-havre\/"},"modified":"2019-08-13T07:06:54","modified_gmt":"2019-08-13T05:06:54","slug":"visite-privee-du-musee-memorial-de-caen-au-depart-du-havre","status":"publish","type":"product","link":"https:\/\/tourtravelandmore.com\/fr\/tours\/france-fr\/lehavre-fr\/visite-privee-du-musee-memorial-de-caen-au-depart-du-havre\/","title":{"rendered":"Visite priv\u00e9e du mus\u00e9e m\u00e9morial de Caen au d\u00e9part du Havre"},"content":{"rendered":"<h2>Description<\/h2>\n<p>Nous viendrons vous chercher \u00e0 votre h\u00f4tel ou lieu de votre choix dans la ville du Havre et vous emm\u00e8nerons dans cette excursion priv\u00e9e. Aux c\u00f4t\u00e9s de votre guide priv\u00e9 qui vous racontera les \u00e9v\u00e9nements historiques affich\u00e9s dans chaque espace du mus\u00e9e. La visite est enti\u00e8rement personnalisable et peut \u00eatre ajust\u00e9e en fonction de vos besoins simplement en nous contactant. Ne manquez pas cette chance pour cette visite priv\u00e9e du mus\u00e9e m\u00e9morial de Caen au d\u00e9part du Havre.<\/p>\n<p>Faites-nous savoir o\u00f9 vous serez et nous organiserons une prise en charge confortable pour vous. La prise en charge peut bien s\u00fbr se faire depuis votre port de croisi\u00e8re. C&#8217;est une excursion \u00e0 terre parfaite si vous n&#8217;avez pas assez de temps pour visiter Paris! Contactez l&#8217;un de nos experts en voyages pour une exp\u00e9rience enti\u00e8rement personnalis\u00e9e en tenant compte du temps que vous disposerez de votre croisi\u00e8re. La prise en charge peut bien s\u00fbr se faire depuis n&#8217;importe quel autre endroit du Havre pour cette visite priv\u00e9e du mus\u00e9e m\u00e9morial de Caen au d\u00e9part du Havre.<\/p>\n<h2>Sites d&#8217;int\u00e9r\u00eat et monuments<\/h2>\n<p>Votre visite priv\u00e9e \u00e0 travers le mus\u00e9e couvrira toute la section li\u00e9e \u00e0 la Seconde Guerre mondiale. En passant par les \u00e9v\u00e9nements qui ont d\u00e9clench\u00e9 la guerre, la bataille de Normandie, les jours de l&#8217;occupation allemande en France et bien plus encore.<\/p>\n<p>\u00c0 la fin de l&#8217;excursion, votre guide priv\u00e9 et votre chauffeur priv\u00e9 vous ram\u00e8neront au Havre. N&#8217;oubliez pas de nous contacter pour rendre votre exp\u00e9rience unique et vous aider \u00e0 g\u00e9rer de mani\u00e8re optimale votre visite priv\u00e9e.<\/p>\n<h4>Mus\u00e9e M\u00e9morial de Caen<\/h4>\n<p>Le mus\u00e9e a pour vocation de montrer la fragilit\u00e9 de la paix depuis sa cr\u00e9ation en 1989. Situ\u00e9 dans la banlieue nord de Caen, en Normandie, il comm\u00e9more la Seconde Guerre mondiale et la bataille de Caen \u00e0 travers des couloirs. Les couloirs racontent et illustrent les progr\u00e8s de la guerre ann\u00e9e apr\u00e8s ann\u00e9e jusqu&#8217;\u00e0 son d\u00e9roulement ult\u00e9rieur.<\/p>\n<p>D\u00e9couvrez les autres circuits priv\u00e9s que nous proposons dans la r\u00e9gion du Havre. Nous proposons tout type d&#8217;excursion priv\u00e9e pour vos croisi\u00e8res ou depuis toute autre ville du monde.<\/p>\n","protected":false},"excerpt":{"rendered":"<p>Explorez cette visite priv\u00e9e du mus\u00e9e m\u00e9morial de Caen au d\u00e9part du Havre avec un guide local et un v\u00e9hicule priv\u00e9 avec chauffeur et guide.<\/p>\n","protected":false},"featured_media":96010,"comment_status":"open","ping_status":"closed","template":"","meta":{"_acf_changed":false},"product_brand":[],"product_cat":[3649],"product_tag":[],"class_list":{"0":"post-100552","1":"product","2":"type-product","3":"status-publish","4":"has-post-thumbnail","6":"product_cat-lehavre-fr","8":"first","9":"instock","10":"shipping-taxable","11":"purchasable","12":"product-type-simple"},"acf":[],"yoast_head":"<!-- This site is optimized with the Yoast SEO Premium plugin v25.3.1 (Yoast SEO v25.3.1) - https:\/\/yoast.com\/wordpress\/plugins\/seo\/ -->\n<title>Visite priv\u00e9e du mus\u00e9e m\u00e9morial de Caen au d\u00e9part du Havre - Excursion \u00e0 terre<\/title>\n<meta name=\"description\" content=\"Explorez cette visite priv\u00e9e du mus\u00e9e m\u00e9morial de Caen au d\u00e9part du Havre avec un guide local et un v\u00e9hicule priv\u00e9 avec chauffeur et guide.\" \/>\n<meta name=\"robots\" content=\"index, follow, max-snippet:-1, max-image-preview:large, max-video-preview:-1\" \/>\n<link rel=\"canonical\" href=\"https:\/\/tourtravelandmore.com\/fr\/tours\/france-fr\/lehavre-fr\/visite-privee-du-musee-memorial-de-caen-au-depart-du-havre\/\" \/>\n<meta property=\"og:locale\" content=\"fr_FR\" \/>\n<meta property=\"og:type\" content=\"article\" \/>\n<meta property=\"og:title\" content=\"Visite priv\u00e9e du mus\u00e9e m\u00e9morial de Caen au d\u00e9part du Havre\" \/>\n<meta property=\"og:description\" content=\"Explorez cette visite priv\u00e9e du mus\u00e9e m\u00e9morial de Caen au d\u00e9part du Havre avec un guide local et un v\u00e9hicule priv\u00e9 avec chauffeur et guide.\" \/>\n<meta property=\"og:url\" content=\"https:\/\/tourtravelandmore.com\/fr\/tours\/france-fr\/lehavre-fr\/visite-privee-du-musee-memorial-de-caen-au-depart-du-havre\/\" \/>\n<meta property=\"og:site_name\" content=\"Tour Travel And More\" \/>\n<meta property=\"article:publisher\" content=\"https:\/\/www.facebook.com\/tourtravelandmore\/\" \/>\n<meta property=\"og:image\" content=\"https:\/\/tourtravelandmore.com\/wp-content\/uploads\/2019\/08\/Caen-1024x680.jpeg\" \/>\n\t<meta property=\"og:image:width\" content=\"1024\" \/>\n\t<meta property=\"og:image:height\" content=\"680\" \/>\n\t<meta property=\"og:image:type\" content=\"image\/jpeg\" \/>\n<meta name=\"twitter:card\" content=\"summary_large_image\" \/>\n<meta name=\"twitter:site\" content=\"@TourTravel_More\" \/>\n<meta name=\"twitter:label1\" content=\"Dur\u00e9e de lecture estim\u00e9e\" \/>\n\t<meta name=\"twitter:data1\" content=\"2 minutes\" \/>\n<script type=\"application\/ld+json\" class=\"yoast-schema-graph\">{\"@context\":\"https:\/\/schema.org\",\"@graph\":[{\"@type\":\"WebPage\",\"@id\":\"https:\/\/tourtravelandmore.com\/fr\/tours\/france-fr\/lehavre-fr\/visite-privee-du-musee-memorial-de-caen-au-depart-du-havre\/\",\"url\":\"https:\/\/tourtravelandmore.com\/fr\/tours\/france-fr\/lehavre-fr\/visite-privee-du-musee-memorial-de-caen-au-depart-du-havre\/\",\"name\":\"Visite priv\u00e9e du mus\u00e9e m\u00e9morial de Caen au d\u00e9part du Havre - Excursion \u00e0 terre\",\"isPartOf\":{\"@id\":\"https:\/\/tourtravelandmore.com\/fr\/#website\"},\"primaryImageOfPage\":{\"@id\":\"https:\/\/tourtravelandmore.com\/fr\/tours\/france-fr\/lehavre-fr\/visite-privee-du-musee-memorial-de-caen-au-depart-du-havre\/#primaryimage\"},\"image\":{\"@id\":\"https:\/\/tourtravelandmore.com\/fr\/tours\/france-fr\/lehavre-fr\/visite-privee-du-musee-memorial-de-caen-au-depart-du-havre\/#primaryimage\"},\"thumbnailUrl\":\"https:\/\/tourtravelandmore.com\/wp-content\/uploads\/2019\/08\/Caen.jpeg\",\"datePublished\":\"2019-08-13T05:06:54+00:00\",\"description\":\"Explorez cette visite priv\u00e9e du mus\u00e9e m\u00e9morial de Caen au d\u00e9part du Havre avec un guide local et un v\u00e9hicule priv\u00e9 avec chauffeur et guide.\",\"breadcrumb\":{\"@id\":\"https:\/\/tourtravelandmore.com\/fr\/tours\/france-fr\/lehavre-fr\/visite-privee-du-musee-memorial-de-caen-au-depart-du-havre\/#breadcrumb\"},\"inLanguage\":\"fr-FR\",\"potentialAction\":[{\"@type\":\"ReadAction\",\"target\":[\"https:\/\/tourtravelandmore.com\/fr\/tours\/france-fr\/lehavre-fr\/visite-privee-du-musee-memorial-de-caen-au-depart-du-havre\/\"]}]},{\"@type\":\"ImageObject\",\"inLanguage\":\"fr-FR\",\"@id\":\"https:\/\/tourtravelandmore.com\/fr\/tours\/france-fr\/lehavre-fr\/visite-privee-du-musee-memorial-de-caen-au-depart-du-havre\/#primaryimage\",\"url\":\"https:\/\/tourtravelandmore.com\/wp-content\/uploads\/2019\/08\/Caen.jpeg\",\"contentUrl\":\"https:\/\/tourtravelandmore.com\/wp-content\/uploads\/2019\/08\/Caen.jpeg\",\"width\":4288,\"height\":2848},{\"@type\":\"BreadcrumbList\",\"@id\":\"https:\/\/tourtravelandmore.com\/fr\/tours\/france-fr\/lehavre-fr\/visite-privee-du-musee-memorial-de-caen-au-depart-du-havre\/#breadcrumb\",\"itemListElement\":[{\"@type\":\"ListItem\",\"position\":1,\"name\":\"Home\",\"item\":\"https:\/\/tourtravelandmore.com\/fr\/\"},{\"@type\":\"ListItem\",\"position\":2,\"name\":\"Tours\",\"item\":\"https:\/\/tourtravelandmore.com\/fr\/tours\/\"},{\"@type\":\"ListItem\",\"position\":3,\"name\":\"Visite priv\u00e9e du mus\u00e9e m\u00e9morial de Caen au d\u00e9part du Havre\"}]},{\"@type\":\"WebSite\",\"@id\":\"https:\/\/tourtravelandmore.com\/fr\/#website\",\"url\":\"https:\/\/tourtravelandmore.com\/fr\/\",\"name\":\"Tour Travel And More\",\"description\":\"Private sightseeing tours and luxury transfers in Spain\",\"publisher\":{\"@id\":\"https:\/\/tourtravelandmore.com\/fr\/#organization\"},\"potentialAction\":[{\"@type\":\"SearchAction\",\"target\":{\"@type\":\"EntryPoint\",\"urlTemplate\":\"https:\/\/tourtravelandmore.com\/fr\/?s={search_term_string}\"},\"query-input\":{\"@type\":\"PropertyValueSpecification\",\"valueRequired\":true,\"valueName\":\"search_term_string\"}}],\"inLanguage\":\"fr-FR\"},{\"@type\":\"Organization\",\"@id\":\"https:\/\/tourtravelandmore.com\/fr\/#organization\",\"name\":\"Tour Travel And More\",\"url\":\"https:\/\/tourtravelandmore.com\/fr\/\",\"logo\":{\"@type\":\"ImageObject\",\"inLanguage\":\"fr-FR\",\"@id\":\"https:\/\/tourtravelandmore.com\/fr\/#\/schema\/logo\/image\/\",\"url\":\"https:\/\/tourtravelandmore.com\/wp-content\/uploads\/2022\/12\/cropped-logo-cabecera-new.png\",\"contentUrl\":\"https:\/\/tourtravelandmore.com\/wp-content\/uploads\/2022\/12\/cropped-logo-cabecera-new.png\",\"width\":430,\"height\":61,\"caption\":\"Tour Travel And More\"},\"image\":{\"@id\":\"https:\/\/tourtravelandmore.com\/fr\/#\/schema\/logo\/image\/\"},\"sameAs\":[\"https:\/\/www.facebook.com\/tourtravelandmore\/\",\"https:\/\/x.com\/TourTravel_More\"]}]}<\/script>\n<!-- \/ Yoast SEO Premium plugin. -->","yoast_head_json":{"title":"Visite priv\u00e9e du mus\u00e9e m\u00e9morial de Caen au d\u00e9part du Havre - Excursion \u00e0 terre","description":"Explorez cette visite priv\u00e9e du mus\u00e9e m\u00e9morial de Caen au d\u00e9part du Havre avec un guide local et un v\u00e9hicule priv\u00e9 avec chauffeur et guide.","robots":{"index":"index","follow":"follow","max-snippet":"max-snippet:-1","max-image-preview":"max-image-preview:large","max-video-preview":"max-video-preview:-1"},"canonical":"https:\/\/tourtravelandmore.com\/fr\/tours\/france-fr\/lehavre-fr\/visite-privee-du-musee-memorial-de-caen-au-depart-du-havre\/","og_locale":"fr_FR","og_type":"article","og_title":"Visite priv\u00e9e du mus\u00e9e m\u00e9morial de Caen au d\u00e9part du Havre","og_description":"Explorez cette visite priv\u00e9e du mus\u00e9e m\u00e9morial de Caen au d\u00e9part du Havre avec un guide local et un v\u00e9hicule priv\u00e9 avec chauffeur et guide.","og_url":"https:\/\/tourtravelandmore.com\/fr\/tours\/france-fr\/lehavre-fr\/visite-privee-du-musee-memorial-de-caen-au-depart-du-havre\/","og_site_name":"Tour Travel And More","article_publisher":"https:\/\/www.facebook.com\/tourtravelandmore\/","og_image":[{"width":1024,"height":680,"url":"https:\/\/tourtravelandmore.com\/wp-content\/uploads\/2019\/08\/Caen-1024x680.jpeg","type":"image\/jpeg"}],"twitter_card":"summary_large_image","twitter_site":"@TourTravel_More","twitter_misc":{"Dur\u00e9e de lecture estim\u00e9e":"2 minutes"},"schema":{"@context":"https:\/\/schema.org","@graph":[{"@type":"WebPage","@id":"https:\/\/tourtravelandmore.com\/fr\/tours\/france-fr\/lehavre-fr\/visite-privee-du-musee-memorial-de-caen-au-depart-du-havre\/","url":"https:\/\/tourtravelandmore.com\/fr\/tours\/france-fr\/lehavre-fr\/visite-privee-du-musee-memorial-de-caen-au-depart-du-havre\/","name":"Visite priv\u00e9e du mus\u00e9e m\u00e9morial de Caen au d\u00e9part du Havre - Excursion \u00e0 terre","isPartOf":{"@id":"https:\/\/tourtravelandmore.com\/fr\/#website"},"primaryImageOfPage":{"@id":"https:\/\/tourtravelandmore.com\/fr\/tours\/france-fr\/lehavre-fr\/visite-privee-du-musee-memorial-de-caen-au-depart-du-havre\/#primaryimage"},"image":{"@id":"https:\/\/tourtravelandmore.com\/fr\/tours\/france-fr\/lehavre-fr\/visite-privee-du-musee-memorial-de-caen-au-depart-du-havre\/#primaryimage"},"thumbnailUrl":"https:\/\/tourtravelandmore.com\/wp-content\/uploads\/2019\/08\/Caen.jpeg","datePublished":"2019-08-13T05:06:54+00:00","description":"Explorez cette visite priv\u00e9e du mus\u00e9e m\u00e9morial de Caen au d\u00e9part du Havre avec un guide local et un v\u00e9hicule priv\u00e9 avec chauffeur et guide.","breadcrumb":{"@id":"https:\/\/tourtravelandmore.com\/fr\/tours\/france-fr\/lehavre-fr\/visite-privee-du-musee-memorial-de-caen-au-depart-du-havre\/#breadcrumb"},"inLanguage":"fr-FR","potentialAction":[{"@type":"ReadAction","target":["https:\/\/tourtravelandmore.com\/fr\/tours\/france-fr\/lehavre-fr\/visite-privee-du-musee-memorial-de-caen-au-depart-du-havre\/"]}]},{"@type":"ImageObject","inLanguage":"fr-FR","@id":"https:\/\/tourtravelandmore.com\/fr\/tours\/france-fr\/lehavre-fr\/visite-privee-du-musee-memorial-de-caen-au-depart-du-havre\/#primaryimage","url":"https:\/\/tourtravelandmore.com\/wp-content\/uploads\/2019\/08\/Caen.jpeg","contentUrl":"https:\/\/tourtravelandmore.com\/wp-content\/uploads\/2019\/08\/Caen.jpeg","width":4288,"height":2848},{"@type":"BreadcrumbList","@id":"https:\/\/tourtravelandmore.com\/fr\/tours\/france-fr\/lehavre-fr\/visite-privee-du-musee-memorial-de-caen-au-depart-du-havre\/#breadcrumb","itemListElement":[{"@type":"ListItem","position":1,"name":"Home","item":"https:\/\/tourtravelandmore.com\/fr\/"},{"@type":"ListItem","position":2,"name":"Tours","item":"https:\/\/tourtravelandmore.com\/fr\/tours\/"},{"@type":"ListItem","position":3,"name":"Visite priv\u00e9e du mus\u00e9e m\u00e9morial de Caen au d\u00e9part du Havre"}]},{"@type":"WebSite","@id":"https:\/\/tourtravelandmore.com\/fr\/#website","url":"https:\/\/tourtravelandmore.com\/fr\/","name":"Tour Travel And More","description":"Private sightseeing tours and luxury transfers in Spain","publisher":{"@id":"https:\/\/tourtravelandmore.com\/fr\/#organization"},"potentialAction":[{"@type":"SearchAction","target":{"@type":"EntryPoint","urlTemplate":"https:\/\/tourtravelandmore.com\/fr\/?s={search_term_string}"},"query-input":{"@type":"PropertyValueSpecification","valueRequired":true,"valueName":"search_term_string"}}],"inLanguage":"fr-FR"},{"@type":"Organization","@id":"https:\/\/tourtravelandmore.com\/fr\/#organization","name":"Tour Travel And More","url":"https:\/\/tourtravelandmore.com\/fr\/","logo":{"@type":"ImageObject","inLanguage":"fr-FR","@id":"https:\/\/tourtravelandmore.com\/fr\/#\/schema\/logo\/image\/","url":"https:\/\/tourtravelandmore.com\/wp-content\/uploads\/2022\/12\/cropped-logo-cabecera-new.png","contentUrl":"https:\/\/tourtravelandmore.com\/wp-content\/uploads\/2022\/12\/cropped-logo-cabecera-new.png","width":430,"height":61,"caption":"Tour Travel And More"},"image":{"@id":"https:\/\/tourtravelandmore.com\/fr\/#\/schema\/logo\/image\/"},"sameAs":["https:\/\/www.facebook.com\/tourtravelandmore\/","https:\/\/x.com\/TourTravel_More"]}]}},"_links":{"self":[{"href":"https:\/\/tourtravelandmore.com\/fr\/wp-json\/wp\/v2\/product\/100552","targetHints":{"allow":["GET"]}}],"collection":[{"href":"https:\/\/tourtravelandmore.com\/fr\/wp-json\/wp\/v2\/product"}],"about":[{"href":"https:\/\/tourtravelandmore.com\/fr\/wp-json\/wp\/v2\/types\/product"}],"replies":[{"embeddable":true,"href":"https:\/\/tourtravelandmore.com\/fr\/wp-json\/wp\/v2\/comments?post=100552"}],"wp:featuredmedia":[{"embeddable":true,"href":"https:\/\/tourtravelandmore.com\/fr\/wp-json\/wp\/v2\/media\/96010"}],"wp:attachment":[{"href":"https:\/\/tourtravelandmore.com\/fr\/wp-json\/wp\/v2\/media?parent=100552"}],"wp:term":[{"taxonomy":"product_brand","embeddable":true,"href":"https:\/\/tourtravelandmore.com\/fr\/wp-json\/wp\/v2\/product_brand?post=100552"},{"taxonomy":"product_cat","embeddable":true,"href":"https:\/\/tourtravelandmore.com\/fr\/wp-json\/wp\/v2\/product_cat?post=100552"},{"taxonomy":"product_tag","embeddable":true,"href":"https:\/\/tourtravelandmore.com\/fr\/wp-json\/wp\/v2\/product_tag?post=100552"}],"curies":[{"name":"wp","href":"https:\/\/api.w.org\/{rel}","templated":true}]}}