{"id":100547,"date":"2019-08-13T06:25:14","date_gmt":"2019-08-13T04:25:14","guid":{"rendered":"https:\/\/tourtravelandmore.com\/tours\/non class\u00e9\/plages-privees-du-debarquement-au-havre\/"},"modified":"2019-08-13T06:25:14","modified_gmt":"2019-08-13T04:25:14","slug":"plages-privees-du-debarquement-au-havre","status":"publish","type":"product","link":"https:\/\/tourtravelandmore.com\/fr\/tours\/france-fr\/lehavre-fr\/plages-privees-du-debarquement-au-havre\/","title":{"rendered":"Plages priv\u00e9es du D\u00e9barquement au Havre"},"content":{"rendered":"<h2>Description<\/h2>\n<p>Pour cette plage priv\u00e9e du D\u00e9barquement au Havre, laissez-nous organiser une prise en charge confortable et facile.<\/p>\n<p>La prise en charge peut se faire depuis le lieu de votre choix au Havre. Cela peut bien s\u00fbr \u00eatre aussi le port de croisi\u00e8re. C&#8217;est une excursion \u00e0 terre parfaite pour votre escale de croisi\u00e8re. Vous n&#8217;avez pas toujours assez de temps pour faire de longs voyages au Mont St Michel ou \u00e0 Paris. C&#8217;est pourquoi ce circuit historique est parfait pour vous!<\/p>\n<p>Entrez dans les coulisses de ce lieu de la Seconde Guerre mondiale! Le d\u00e9barquement de Normandie a \u00e9t\u00e9 tr\u00e8s important pendant la Seconde Guerre mondiale. C&#8217;\u00e9taient les op\u00e9rations et les op\u00e9rations a\u00e9roport\u00e9es du 6 juin 1944. C&#8217;\u00e9tait la plus grande invasion maritime de l&#8217;histoire. C&#8217;est un site vraiment merveilleux et laissez notre guide priv\u00e9 vous faire plaisir dans cet endroit unique.<\/p>\n<h2>Sites d&#8217;int\u00e9r\u00eat et monuments<\/h2>\n<p>Apr\u00e8s une prise en charge confortable depuis Le Havre, direction la Normandie!<\/p>\n<p>Votre visite priv\u00e9e couvrira certains des sites les plus pertinents de Normandie. Parmi les autres sites que vous visiterez:<\/p>\n<ul>\n<li>Arromanches<\/li>\n<li>Mus\u00e9e du D\u00e9barquement<\/li>\n<li>Cimeti\u00e8re am\u00e9ricain<\/li>\n<li>Pointe du Hoc<\/li>\n<li>Port-en-Bessin<\/li>\n<li>Et beaucoup plus!<\/li>\n<\/ul>\n<p>Le premier arr\u00eat se fera au mus\u00e9e du d\u00e9barquement d&#8217;Arromanches, en passant par le cimeti\u00e8re am\u00e9ricain pr\u00e8s d&#8217;Omaha Beach et en s&#8217;arr\u00eatant \u00e0 la pointe du Hoc, qui a \u00e9t\u00e9 pr\u00e9serv\u00e9e avec tous ses crat\u00e8res et bunkers de bombes.<\/p>\n<p>\u00c0 la fin de l&#8217;excursion, votre guide priv\u00e9 et votre chauffeur priv\u00e9 vous ram\u00e8neront au Havre. Si vous \u00eates curieux de visiter plus d&#8217;endroits, veuillez nous contacter pour rendre votre exp\u00e9rience unique et pour vous aider \u00e0 organiser votre visite priv\u00e9e.<\/p>\n<h4>Plages du d\u00e9barquement en Normandie:<\/h4>\n<p>Les d\u00e9barquements en Normandie \u00e9taient les op\u00e9rations de d\u00e9barquement du mardi 6 juin 1944 de l&#8217;invasion alli\u00e9e des plages normandes de l&#8217;Utah, Omaha, Juno, Gold, Sword et Pointe du Hoc dans l&#8217;op\u00e9ration Overlord pendant la Seconde Guerre mondiale et ont \u00e9t\u00e9 la plus grande invasion maritime de l&#8217;histoire, avec pr\u00e8s de 160 000 soldats qui ont travers\u00e9 la Manche. \u00c0 Omaha Beach, des parties du port de Mulberry sont encore visibles et quelques-uns des obstacles de plage subsistent. La pointe du Hoc reste \u00e0 peu pr\u00e8s la m\u00eame de 1944, avec le terrain couvert de crat\u00e8res de bombes et la plupart des bunkers en b\u00e9ton toujours en place. Ne manquez pas nos plages priv\u00e9es du d\u00e9barquement au Havre.<\/p>\n<p>Jetez un \u0153il et d\u00e9couvrez nos excursions ou circuits priv\u00e9s \u00e0 terre depuis Le Havre!<\/p>\n","protected":false},"excerpt":{"rendered":"<p>Explorez ces plages priv\u00e9es du d\u00e9barquement au d\u00e9part du Havre avec un guide professionnel et un v\u00e9hicule priv\u00e9 avec chauffeur. Excursion \u00e0 terre.<\/p>\n","protected":false},"featured_media":95990,"comment_status":"open","ping_status":"closed","template":"","meta":{"_acf_changed":false},"product_brand":[],"product_cat":[3649],"product_tag":[],"class_list":{"0":"post-100547","1":"product","2":"type-product","3":"status-publish","4":"has-post-thumbnail","6":"product_cat-lehavre-fr","8":"first","9":"instock","10":"shipping-taxable","11":"purchasable","12":"product-type-simple"},"acf":[],"yoast_head":"<!-- This site is optimized with the Yoast SEO Premium plugin v25.3.1 (Yoast SEO v25.3.1) - https:\/\/yoast.com\/wordpress\/plugins\/seo\/ -->\n<title>Plages priv\u00e9es du D\u00e9barquement au Havre - Guide touristique officiel<\/title>\n<meta name=\"description\" content=\"Explorez ces plages priv\u00e9es du d\u00e9barquement au d\u00e9part du Havre avec un guide officiel et un v\u00e9hicule priv\u00e9 avec chauffeur priv\u00e9. Excursion \u00e0 terre\" \/>\n<meta name=\"robots\" content=\"index, follow, max-snippet:-1, max-image-preview:large, max-video-preview:-1\" \/>\n<link rel=\"canonical\" href=\"https:\/\/tourtravelandmore.com\/fr\/tours\/france-fr\/lehavre-fr\/plages-privees-du-debarquement-au-havre\/\" \/>\n<meta property=\"og:locale\" content=\"fr_FR\" \/>\n<meta property=\"og:type\" content=\"article\" \/>\n<meta property=\"og:title\" content=\"Plages priv\u00e9es du D\u00e9barquement au Havre\" \/>\n<meta property=\"og:description\" content=\"Explorez ces plages priv\u00e9es du d\u00e9barquement au d\u00e9part du Havre avec un guide officiel et un v\u00e9hicule priv\u00e9 avec chauffeur priv\u00e9. Excursion \u00e0 terre\" \/>\n<meta property=\"og:url\" content=\"https:\/\/tourtravelandmore.com\/fr\/tours\/france-fr\/lehavre-fr\/plages-privees-du-debarquement-au-havre\/\" \/>\n<meta property=\"og:site_name\" content=\"Tour Travel And More\" \/>\n<meta property=\"article:publisher\" content=\"https:\/\/www.facebook.com\/tourtravelandmore\/\" \/>\n<meta property=\"og:image\" content=\"https:\/\/tourtravelandmore.com\/wp-content\/uploads\/2019\/08\/omaha-beach-2137527_1280.jpg\" \/>\n\t<meta property=\"og:image:width\" content=\"1280\" \/>\n\t<meta property=\"og:image:height\" content=\"841\" \/>\n\t<meta property=\"og:image:type\" content=\"image\/jpeg\" \/>\n<meta name=\"twitter:card\" content=\"summary_large_image\" \/>\n<meta name=\"twitter:site\" content=\"@TourTravel_More\" \/>\n<meta name=\"twitter:label1\" content=\"Dur\u00e9e de lecture estim\u00e9e\" \/>\n\t<meta name=\"twitter:data1\" content=\"2 minutes\" \/>\n<script type=\"application\/ld+json\" class=\"yoast-schema-graph\">{\"@context\":\"https:\/\/schema.org\",\"@graph\":[{\"@type\":\"WebPage\",\"@id\":\"https:\/\/tourtravelandmore.com\/fr\/tours\/france-fr\/lehavre-fr\/plages-privees-du-debarquement-au-havre\/\",\"url\":\"https:\/\/tourtravelandmore.com\/fr\/tours\/france-fr\/lehavre-fr\/plages-privees-du-debarquement-au-havre\/\",\"name\":\"Plages priv\u00e9es du D\u00e9barquement au Havre - Guide touristique officiel\",\"isPartOf\":{\"@id\":\"https:\/\/tourtravelandmore.com\/fr\/#website\"},\"primaryImageOfPage\":{\"@id\":\"https:\/\/tourtravelandmore.com\/fr\/tours\/france-fr\/lehavre-fr\/plages-privees-du-debarquement-au-havre\/#primaryimage\"},\"image\":{\"@id\":\"https:\/\/tourtravelandmore.com\/fr\/tours\/france-fr\/lehavre-fr\/plages-privees-du-debarquement-au-havre\/#primaryimage\"},\"thumbnailUrl\":\"https:\/\/tourtravelandmore.com\/wp-content\/uploads\/2019\/08\/omaha-beach-2137527_1280.jpg\",\"datePublished\":\"2019-08-13T04:25:14+00:00\",\"description\":\"Explorez ces plages priv\u00e9es du d\u00e9barquement au d\u00e9part du Havre avec un guide officiel et un v\u00e9hicule priv\u00e9 avec chauffeur priv\u00e9. Excursion \u00e0 terre\",\"breadcrumb\":{\"@id\":\"https:\/\/tourtravelandmore.com\/fr\/tours\/france-fr\/lehavre-fr\/plages-privees-du-debarquement-au-havre\/#breadcrumb\"},\"inLanguage\":\"fr-FR\",\"potentialAction\":[{\"@type\":\"ReadAction\",\"target\":[\"https:\/\/tourtravelandmore.com\/fr\/tours\/france-fr\/lehavre-fr\/plages-privees-du-debarquement-au-havre\/\"]}]},{\"@type\":\"ImageObject\",\"inLanguage\":\"fr-FR\",\"@id\":\"https:\/\/tourtravelandmore.com\/fr\/tours\/france-fr\/lehavre-fr\/plages-privees-du-debarquement-au-havre\/#primaryimage\",\"url\":\"https:\/\/tourtravelandmore.com\/wp-content\/uploads\/2019\/08\/omaha-beach-2137527_1280.jpg\",\"contentUrl\":\"https:\/\/tourtravelandmore.com\/wp-content\/uploads\/2019\/08\/omaha-beach-2137527_1280.jpg\",\"width\":1280,\"height\":841},{\"@type\":\"BreadcrumbList\",\"@id\":\"https:\/\/tourtravelandmore.com\/fr\/tours\/france-fr\/lehavre-fr\/plages-privees-du-debarquement-au-havre\/#breadcrumb\",\"itemListElement\":[{\"@type\":\"ListItem\",\"position\":1,\"name\":\"Home\",\"item\":\"https:\/\/tourtravelandmore.com\/fr\/\"},{\"@type\":\"ListItem\",\"position\":2,\"name\":\"Tours\",\"item\":\"https:\/\/tourtravelandmore.com\/fr\/tours\/\"},{\"@type\":\"ListItem\",\"position\":3,\"name\":\"Plages priv\u00e9es du D\u00e9barquement au Havre\"}]},{\"@type\":\"WebSite\",\"@id\":\"https:\/\/tourtravelandmore.com\/fr\/#website\",\"url\":\"https:\/\/tourtravelandmore.com\/fr\/\",\"name\":\"Tour Travel And More\",\"description\":\"Private sightseeing tours and luxury transfers in Spain\",\"publisher\":{\"@id\":\"https:\/\/tourtravelandmore.com\/fr\/#organization\"},\"potentialAction\":[{\"@type\":\"SearchAction\",\"target\":{\"@type\":\"EntryPoint\",\"urlTemplate\":\"https:\/\/tourtravelandmore.com\/fr\/?s={search_term_string}\"},\"query-input\":{\"@type\":\"PropertyValueSpecification\",\"valueRequired\":true,\"valueName\":\"search_term_string\"}}],\"inLanguage\":\"fr-FR\"},{\"@type\":\"Organization\",\"@id\":\"https:\/\/tourtravelandmore.com\/fr\/#organization\",\"name\":\"Tour Travel And More\",\"url\":\"https:\/\/tourtravelandmore.com\/fr\/\",\"logo\":{\"@type\":\"ImageObject\",\"inLanguage\":\"fr-FR\",\"@id\":\"https:\/\/tourtravelandmore.com\/fr\/#\/schema\/logo\/image\/\",\"url\":\"https:\/\/tourtravelandmore.com\/wp-content\/uploads\/2022\/12\/cropped-logo-cabecera-new.png\",\"contentUrl\":\"https:\/\/tourtravelandmore.com\/wp-content\/uploads\/2022\/12\/cropped-logo-cabecera-new.png\",\"width\":430,\"height\":61,\"caption\":\"Tour Travel And More\"},\"image\":{\"@id\":\"https:\/\/tourtravelandmore.com\/fr\/#\/schema\/logo\/image\/\"},\"sameAs\":[\"https:\/\/www.facebook.com\/tourtravelandmore\/\",\"https:\/\/x.com\/TourTravel_More\"]}]}<\/script>\n<!-- \/ Yoast SEO Premium plugin. -->","yoast_head_json":{"title":"Plages priv\u00e9es du D\u00e9barquement au Havre - Guide touristique officiel","description":"Explorez ces plages priv\u00e9es du d\u00e9barquement au d\u00e9part du Havre avec un guide officiel et un v\u00e9hicule priv\u00e9 avec chauffeur priv\u00e9. Excursion \u00e0 terre","robots":{"index":"index","follow":"follow","max-snippet":"max-snippet:-1","max-image-preview":"max-image-preview:large","max-video-preview":"max-video-preview:-1"},"canonical":"https:\/\/tourtravelandmore.com\/fr\/tours\/france-fr\/lehavre-fr\/plages-privees-du-debarquement-au-havre\/","og_locale":"fr_FR","og_type":"article","og_title":"Plages priv\u00e9es du D\u00e9barquement au Havre","og_description":"Explorez ces plages priv\u00e9es du d\u00e9barquement au d\u00e9part du Havre avec un guide officiel et un v\u00e9hicule priv\u00e9 avec chauffeur priv\u00e9. Excursion \u00e0 terre","og_url":"https:\/\/tourtravelandmore.com\/fr\/tours\/france-fr\/lehavre-fr\/plages-privees-du-debarquement-au-havre\/","og_site_name":"Tour Travel And More","article_publisher":"https:\/\/www.facebook.com\/tourtravelandmore\/","og_image":[{"width":1280,"height":841,"url":"https:\/\/tourtravelandmore.com\/wp-content\/uploads\/2019\/08\/omaha-beach-2137527_1280.jpg","type":"image\/jpeg"}],"twitter_card":"summary_large_image","twitter_site":"@TourTravel_More","twitter_misc":{"Dur\u00e9e de lecture estim\u00e9e":"2 minutes"},"schema":{"@context":"https:\/\/schema.org","@graph":[{"@type":"WebPage","@id":"https:\/\/tourtravelandmore.com\/fr\/tours\/france-fr\/lehavre-fr\/plages-privees-du-debarquement-au-havre\/","url":"https:\/\/tourtravelandmore.com\/fr\/tours\/france-fr\/lehavre-fr\/plages-privees-du-debarquement-au-havre\/","name":"Plages priv\u00e9es du D\u00e9barquement au Havre - Guide touristique officiel","isPartOf":{"@id":"https:\/\/tourtravelandmore.com\/fr\/#website"},"primaryImageOfPage":{"@id":"https:\/\/tourtravelandmore.com\/fr\/tours\/france-fr\/lehavre-fr\/plages-privees-du-debarquement-au-havre\/#primaryimage"},"image":{"@id":"https:\/\/tourtravelandmore.com\/fr\/tours\/france-fr\/lehavre-fr\/plages-privees-du-debarquement-au-havre\/#primaryimage"},"thumbnailUrl":"https:\/\/tourtravelandmore.com\/wp-content\/uploads\/2019\/08\/omaha-beach-2137527_1280.jpg","datePublished":"2019-08-13T04:25:14+00:00","description":"Explorez ces plages priv\u00e9es du d\u00e9barquement au d\u00e9part du Havre avec un guide officiel et un v\u00e9hicule priv\u00e9 avec chauffeur priv\u00e9. Excursion \u00e0 terre","breadcrumb":{"@id":"https:\/\/tourtravelandmore.com\/fr\/tours\/france-fr\/lehavre-fr\/plages-privees-du-debarquement-au-havre\/#breadcrumb"},"inLanguage":"fr-FR","potentialAction":[{"@type":"ReadAction","target":["https:\/\/tourtravelandmore.com\/fr\/tours\/france-fr\/lehavre-fr\/plages-privees-du-debarquement-au-havre\/"]}]},{"@type":"ImageObject","inLanguage":"fr-FR","@id":"https:\/\/tourtravelandmore.com\/fr\/tours\/france-fr\/lehavre-fr\/plages-privees-du-debarquement-au-havre\/#primaryimage","url":"https:\/\/tourtravelandmore.com\/wp-content\/uploads\/2019\/08\/omaha-beach-2137527_1280.jpg","contentUrl":"https:\/\/tourtravelandmore.com\/wp-content\/uploads\/2019\/08\/omaha-beach-2137527_1280.jpg","width":1280,"height":841},{"@type":"BreadcrumbList","@id":"https:\/\/tourtravelandmore.com\/fr\/tours\/france-fr\/lehavre-fr\/plages-privees-du-debarquement-au-havre\/#breadcrumb","itemListElement":[{"@type":"ListItem","position":1,"name":"Home","item":"https:\/\/tourtravelandmore.com\/fr\/"},{"@type":"ListItem","position":2,"name":"Tours","item":"https:\/\/tourtravelandmore.com\/fr\/tours\/"},{"@type":"ListItem","position":3,"name":"Plages priv\u00e9es du D\u00e9barquement au Havre"}]},{"@type":"WebSite","@id":"https:\/\/tourtravelandmore.com\/fr\/#website","url":"https:\/\/tourtravelandmore.com\/fr\/","name":"Tour Travel And More","description":"Private sightseeing tours and luxury transfers in Spain","publisher":{"@id":"https:\/\/tourtravelandmore.com\/fr\/#organization"},"potentialAction":[{"@type":"SearchAction","target":{"@type":"EntryPoint","urlTemplate":"https:\/\/tourtravelandmore.com\/fr\/?s={search_term_string}"},"query-input":{"@type":"PropertyValueSpecification","valueRequired":true,"valueName":"search_term_string"}}],"inLanguage":"fr-FR"},{"@type":"Organization","@id":"https:\/\/tourtravelandmore.com\/fr\/#organization","name":"Tour Travel And More","url":"https:\/\/tourtravelandmore.com\/fr\/","logo":{"@type":"ImageObject","inLanguage":"fr-FR","@id":"https:\/\/tourtravelandmore.com\/fr\/#\/schema\/logo\/image\/","url":"https:\/\/tourtravelandmore.com\/wp-content\/uploads\/2022\/12\/cropped-logo-cabecera-new.png","contentUrl":"https:\/\/tourtravelandmore.com\/wp-content\/uploads\/2022\/12\/cropped-logo-cabecera-new.png","width":430,"height":61,"caption":"Tour Travel And More"},"image":{"@id":"https:\/\/tourtravelandmore.com\/fr\/#\/schema\/logo\/image\/"},"sameAs":["https:\/\/www.facebook.com\/tourtravelandmore\/","https:\/\/x.com\/TourTravel_More"]}]}},"_links":{"self":[{"href":"https:\/\/tourtravelandmore.com\/fr\/wp-json\/wp\/v2\/product\/100547","targetHints":{"allow":["GET"]}}],"collection":[{"href":"https:\/\/tourtravelandmore.com\/fr\/wp-json\/wp\/v2\/product"}],"about":[{"href":"https:\/\/tourtravelandmore.com\/fr\/wp-json\/wp\/v2\/types\/product"}],"replies":[{"embeddable":true,"href":"https:\/\/tourtravelandmore.com\/fr\/wp-json\/wp\/v2\/comments?post=100547"}],"wp:featuredmedia":[{"embeddable":true,"href":"https:\/\/tourtravelandmore.com\/fr\/wp-json\/wp\/v2\/media\/95990"}],"wp:attachment":[{"href":"https:\/\/tourtravelandmore.com\/fr\/wp-json\/wp\/v2\/media?parent=100547"}],"wp:term":[{"taxonomy":"product_brand","embeddable":true,"href":"https:\/\/tourtravelandmore.com\/fr\/wp-json\/wp\/v2\/product_brand?post=100547"},{"taxonomy":"product_cat","embeddable":true,"href":"https:\/\/tourtravelandmore.com\/fr\/wp-json\/wp\/v2\/product_cat?post=100547"},{"taxonomy":"product_tag","embeddable":true,"href":"https:\/\/tourtravelandmore.com\/fr\/wp-json\/wp\/v2\/product_tag?post=100547"}],"curies":[{"name":"wp","href":"https:\/\/api.w.org\/{rel}","templated":true}]}}