{"id":100542,"date":"2019-08-13T05:33:25","date_gmt":"2019-08-13T03:33:25","guid":{"rendered":"https:\/\/tourtravelandmore.com\/tours\/non class\u00e9\/private-versailles-tour-from-le-havre\/"},"modified":"2019-08-13T05:33:25","modified_gmt":"2019-08-13T03:33:25","slug":"private-versailles-tour-from-le-havre","status":"publish","type":"product","link":"https:\/\/tourtravelandmore.com\/fr\/tours\/france-fr\/lehavre-fr\/private-versailles-tour-from-le-havre\/","title":{"rendered":"Private Versailles Tour from Le Havre"},"content":{"rendered":"<h2>Description<\/h2>\n<p>A votre arriv\u00e9e au port de croisi\u00e8re du Havre, rencontrez notre personnel. Vous appr\u00e9cierez les merveilles architecturales de France sur le chemin de Versalles sur le confort de votre v\u00e9hicule priv\u00e9 avec chauffeur. Notre visite priv\u00e9e de Versailles au d\u00e9part du Havre est parfaite pour vous!<\/p>\n<p>Tout d&#8217;abord, votre visite partira du port du Havre. Ici, vous pouvez profiter du paysage architectural sur le chemin de Versailles. \u00c0 votre arriv\u00e9e, votre guide priv\u00e9 vous encouragera \u00e0 explorer les lieux les plus embl\u00e9matiques et uniques de la ville. Votre guide priv\u00e9 vous encouragera \u00e0 prendre les meilleures photos.<\/p>\n<h2>Sites d&#8217;int\u00e9r\u00eat et monuments<\/h2>\n<p>Tout d&#8217;abord, nous organiserons une prise en charge confortable pour vous!<\/p>\n<p>Deuxi\u00e8mement, lors de votre visite priv\u00e9e vous d\u00e9couvrirez quelques-uns des sites les plus embl\u00e9matiques de ce lieu unique de Versailles!<\/p>\n<p>Parmi les sites que vous visiterez, nous vous proposons:<\/p>\n<ul>\n<li>Jardin du roi<\/li>\n<li>Le ch\u00e2teau de Versailles<\/li>\n<li>\u00c9glise Notre-Dame<\/li>\n<li>Cath\u00e9drale Saint-Louis<\/li>\n<li>\u00c9glise Saint Symphorien<\/li>\n<li>Coll\u00e8ge Hoche<\/li>\n<li>Mus\u00e9e Lambinet<\/li>\n<li>La galerie des entra\u00eeneurs<\/li>\n<li>Et beaucoup plus!<\/li>\n<\/ul>\n<p>Veuillez nous contacter pour rendre votre exp\u00e9rience unique et vous aider \u00e0 organiser votre visite priv\u00e9e. Nous pouvons \u00e9galement organiser des visites avec un v\u00e9hicule priv\u00e9.<\/p>\n<p>Enfin, faites vous ramener par notre chauffeur priv\u00e9 vers votre h\u00f4tel ou port de croisi\u00e8re du Havre.<\/p>\n<h4>La ville de Versailles<\/h4>\n<p>La splendeur du ch\u00e2teau de Versailles est connue dans le monde entier. Ancienne demeure des reines et des rois de France, c&#8217;est une v\u00e9ritable merveille du baroque fran\u00e7ais, aujourd&#8217;hui le Ch\u00e2teau de Versailles et ses magnifiques jardins sont ouverts au public. Pour les touristes de Paris, la ville de Versailles et son palais sont \u00e0 voir absolument. La ville de Versailles est situ\u00e9e \u00e0 17 kilom\u00e8tres au sud-ouest du centre de Paris. Par ailleurs, un autre lieu surprenant est la salle de jeux de balle construite \u00e0 la fin du XVIIe si\u00e8cle pour pratiquer ce sport consid\u00e9r\u00e9 comme un pr\u00e9d\u00e9cesseur du tennis. Ici, le fameux serment du jeu de balle eut lieu le 20 juin 1789 lorsque 578 d\u00e9put\u00e9s des \u00c9tats g\u00e9n\u00e9raux se proclam\u00e8rent Assembl\u00e9e nationale et jur\u00e8rent de ne pas se s\u00e9parer tant qu&#8217;ils n&#8217;auront pas donn\u00e9 une constitution \u00e0 la France. Cet acte est consid\u00e9r\u00e9 comme le d\u00e9but de la R\u00e9volution fran\u00e7aise. Il s&#8217;agit d&#8217;une excellente visite priv\u00e9e de Versailles au d\u00e9part du Havre.<\/p>\n<p>Ne manquez pas toutes nos visites priv\u00e9es au d\u00e9part du Havre! Cliquez ici!<\/p>\n","protected":false},"excerpt":{"rendered":"<p>Explorez et profitez de cette visite priv\u00e9e de Versailles au d\u00e9part du Havre avec un guide officiel et un v\u00e9hicule de luxe priv\u00e9 avec chauffeur.<\/p>\n","protected":false},"featured_media":95988,"comment_status":"open","ping_status":"closed","template":"","meta":{"_acf_changed":false},"product_brand":[],"product_cat":[3649],"product_tag":[],"class_list":{"0":"post-100542","1":"product","2":"type-product","3":"status-publish","4":"has-post-thumbnail","6":"product_cat-lehavre-fr","8":"first","9":"instock","10":"shipping-taxable","11":"purchasable","12":"product-type-simple"},"acf":[],"yoast_head":"<!-- This site is optimized with the Yoast SEO Premium plugin v25.3.1 (Yoast SEO v25.3.1) - https:\/\/yoast.com\/wordpress\/plugins\/seo\/ -->\n<title>Visite priv\u00e9e de Versailles au d\u00e9part du Havre - Excursion \u00e0 terre<\/title>\n<meta name=\"description\" content=\"Explorez et profitez de cette visite priv\u00e9e de Versailles au d\u00e9part du Havre avec un guide officiel et un v\u00e9hicule de luxe priv\u00e9 avec chauffeur.\" \/>\n<meta name=\"robots\" content=\"index, follow, max-snippet:-1, max-image-preview:large, max-video-preview:-1\" \/>\n<link rel=\"canonical\" href=\"https:\/\/tourtravelandmore.com\/fr\/tours\/france-fr\/lehavre-fr\/private-versailles-tour-from-le-havre\/\" \/>\n<meta property=\"og:locale\" content=\"fr_FR\" \/>\n<meta property=\"og:type\" content=\"article\" \/>\n<meta property=\"og:title\" content=\"Private Versailles Tour from Le Havre\" \/>\n<meta property=\"og:description\" content=\"Explorez et profitez de cette visite priv\u00e9e de Versailles au d\u00e9part du Havre avec un guide officiel et un v\u00e9hicule de luxe priv\u00e9 avec chauffeur.\" \/>\n<meta property=\"og:url\" content=\"https:\/\/tourtravelandmore.com\/fr\/tours\/france-fr\/lehavre-fr\/private-versailles-tour-from-le-havre\/\" \/>\n<meta property=\"og:site_name\" content=\"Tour Travel And More\" \/>\n<meta property=\"article:publisher\" content=\"https:\/\/www.facebook.com\/tourtravelandmore\/\" \/>\n<meta property=\"og:image\" content=\"https:\/\/tourtravelandmore.com\/wp-content\/uploads\/2019\/08\/800px-Versailles_Tapis_vert_1.jpg\" \/>\n\t<meta property=\"og:image:width\" content=\"800\" \/>\n\t<meta property=\"og:image:height\" content=\"440\" \/>\n\t<meta property=\"og:image:type\" content=\"image\/jpeg\" \/>\n<meta name=\"twitter:card\" content=\"summary_large_image\" \/>\n<meta name=\"twitter:site\" content=\"@TourTravel_More\" \/>\n<meta name=\"twitter:label1\" content=\"Dur\u00e9e de lecture estim\u00e9e\" \/>\n\t<meta name=\"twitter:data1\" content=\"2 minutes\" \/>\n<script type=\"application\/ld+json\" class=\"yoast-schema-graph\">{\"@context\":\"https:\/\/schema.org\",\"@graph\":[{\"@type\":\"WebPage\",\"@id\":\"https:\/\/tourtravelandmore.com\/fr\/tours\/france-fr\/lehavre-fr\/private-versailles-tour-from-le-havre\/\",\"url\":\"https:\/\/tourtravelandmore.com\/fr\/tours\/france-fr\/lehavre-fr\/private-versailles-tour-from-le-havre\/\",\"name\":\"Visite priv\u00e9e de Versailles au d\u00e9part du Havre - Excursion \u00e0 terre\",\"isPartOf\":{\"@id\":\"https:\/\/tourtravelandmore.com\/fr\/#website\"},\"primaryImageOfPage\":{\"@id\":\"https:\/\/tourtravelandmore.com\/fr\/tours\/france-fr\/lehavre-fr\/private-versailles-tour-from-le-havre\/#primaryimage\"},\"image\":{\"@id\":\"https:\/\/tourtravelandmore.com\/fr\/tours\/france-fr\/lehavre-fr\/private-versailles-tour-from-le-havre\/#primaryimage\"},\"thumbnailUrl\":\"https:\/\/tourtravelandmore.com\/wp-content\/uploads\/2019\/08\/800px-Versailles_Tapis_vert_1.jpg\",\"datePublished\":\"2019-08-13T03:33:25+00:00\",\"description\":\"Explorez et profitez de cette visite priv\u00e9e de Versailles au d\u00e9part du Havre avec un guide officiel et un v\u00e9hicule de luxe priv\u00e9 avec chauffeur.\",\"breadcrumb\":{\"@id\":\"https:\/\/tourtravelandmore.com\/fr\/tours\/france-fr\/lehavre-fr\/private-versailles-tour-from-le-havre\/#breadcrumb\"},\"inLanguage\":\"fr-FR\",\"potentialAction\":[{\"@type\":\"ReadAction\",\"target\":[\"https:\/\/tourtravelandmore.com\/fr\/tours\/france-fr\/lehavre-fr\/private-versailles-tour-from-le-havre\/\"]}]},{\"@type\":\"ImageObject\",\"inLanguage\":\"fr-FR\",\"@id\":\"https:\/\/tourtravelandmore.com\/fr\/tours\/france-fr\/lehavre-fr\/private-versailles-tour-from-le-havre\/#primaryimage\",\"url\":\"https:\/\/tourtravelandmore.com\/wp-content\/uploads\/2019\/08\/800px-Versailles_Tapis_vert_1.jpg\",\"contentUrl\":\"https:\/\/tourtravelandmore.com\/wp-content\/uploads\/2019\/08\/800px-Versailles_Tapis_vert_1.jpg\",\"width\":800,\"height\":440},{\"@type\":\"BreadcrumbList\",\"@id\":\"https:\/\/tourtravelandmore.com\/fr\/tours\/france-fr\/lehavre-fr\/private-versailles-tour-from-le-havre\/#breadcrumb\",\"itemListElement\":[{\"@type\":\"ListItem\",\"position\":1,\"name\":\"Home\",\"item\":\"https:\/\/tourtravelandmore.com\/fr\/\"},{\"@type\":\"ListItem\",\"position\":2,\"name\":\"Tours\",\"item\":\"https:\/\/tourtravelandmore.com\/fr\/tours\/\"},{\"@type\":\"ListItem\",\"position\":3,\"name\":\"Private Versailles Tour from Le Havre\"}]},{\"@type\":\"WebSite\",\"@id\":\"https:\/\/tourtravelandmore.com\/fr\/#website\",\"url\":\"https:\/\/tourtravelandmore.com\/fr\/\",\"name\":\"Tour Travel And More\",\"description\":\"Private sightseeing tours and luxury transfers in Spain\",\"publisher\":{\"@id\":\"https:\/\/tourtravelandmore.com\/fr\/#organization\"},\"potentialAction\":[{\"@type\":\"SearchAction\",\"target\":{\"@type\":\"EntryPoint\",\"urlTemplate\":\"https:\/\/tourtravelandmore.com\/fr\/?s={search_term_string}\"},\"query-input\":{\"@type\":\"PropertyValueSpecification\",\"valueRequired\":true,\"valueName\":\"search_term_string\"}}],\"inLanguage\":\"fr-FR\"},{\"@type\":\"Organization\",\"@id\":\"https:\/\/tourtravelandmore.com\/fr\/#organization\",\"name\":\"Tour Travel And More\",\"url\":\"https:\/\/tourtravelandmore.com\/fr\/\",\"logo\":{\"@type\":\"ImageObject\",\"inLanguage\":\"fr-FR\",\"@id\":\"https:\/\/tourtravelandmore.com\/fr\/#\/schema\/logo\/image\/\",\"url\":\"https:\/\/tourtravelandmore.com\/wp-content\/uploads\/2022\/12\/cropped-logo-cabecera-new.png\",\"contentUrl\":\"https:\/\/tourtravelandmore.com\/wp-content\/uploads\/2022\/12\/cropped-logo-cabecera-new.png\",\"width\":430,\"height\":61,\"caption\":\"Tour Travel And More\"},\"image\":{\"@id\":\"https:\/\/tourtravelandmore.com\/fr\/#\/schema\/logo\/image\/\"},\"sameAs\":[\"https:\/\/www.facebook.com\/tourtravelandmore\/\",\"https:\/\/x.com\/TourTravel_More\"]}]}<\/script>\n<!-- \/ Yoast SEO Premium plugin. -->","yoast_head_json":{"title":"Visite priv\u00e9e de Versailles au d\u00e9part du Havre - Excursion \u00e0 terre","description":"Explorez et profitez de cette visite priv\u00e9e de Versailles au d\u00e9part du Havre avec un guide officiel et un v\u00e9hicule de luxe priv\u00e9 avec chauffeur.","robots":{"index":"index","follow":"follow","max-snippet":"max-snippet:-1","max-image-preview":"max-image-preview:large","max-video-preview":"max-video-preview:-1"},"canonical":"https:\/\/tourtravelandmore.com\/fr\/tours\/france-fr\/lehavre-fr\/private-versailles-tour-from-le-havre\/","og_locale":"fr_FR","og_type":"article","og_title":"Private Versailles Tour from Le Havre","og_description":"Explorez et profitez de cette visite priv\u00e9e de Versailles au d\u00e9part du Havre avec un guide officiel et un v\u00e9hicule de luxe priv\u00e9 avec chauffeur.","og_url":"https:\/\/tourtravelandmore.com\/fr\/tours\/france-fr\/lehavre-fr\/private-versailles-tour-from-le-havre\/","og_site_name":"Tour Travel And More","article_publisher":"https:\/\/www.facebook.com\/tourtravelandmore\/","og_image":[{"width":800,"height":440,"url":"https:\/\/tourtravelandmore.com\/wp-content\/uploads\/2019\/08\/800px-Versailles_Tapis_vert_1.jpg","type":"image\/jpeg"}],"twitter_card":"summary_large_image","twitter_site":"@TourTravel_More","twitter_misc":{"Dur\u00e9e de lecture estim\u00e9e":"2 minutes"},"schema":{"@context":"https:\/\/schema.org","@graph":[{"@type":"WebPage","@id":"https:\/\/tourtravelandmore.com\/fr\/tours\/france-fr\/lehavre-fr\/private-versailles-tour-from-le-havre\/","url":"https:\/\/tourtravelandmore.com\/fr\/tours\/france-fr\/lehavre-fr\/private-versailles-tour-from-le-havre\/","name":"Visite priv\u00e9e de Versailles au d\u00e9part du Havre - Excursion \u00e0 terre","isPartOf":{"@id":"https:\/\/tourtravelandmore.com\/fr\/#website"},"primaryImageOfPage":{"@id":"https:\/\/tourtravelandmore.com\/fr\/tours\/france-fr\/lehavre-fr\/private-versailles-tour-from-le-havre\/#primaryimage"},"image":{"@id":"https:\/\/tourtravelandmore.com\/fr\/tours\/france-fr\/lehavre-fr\/private-versailles-tour-from-le-havre\/#primaryimage"},"thumbnailUrl":"https:\/\/tourtravelandmore.com\/wp-content\/uploads\/2019\/08\/800px-Versailles_Tapis_vert_1.jpg","datePublished":"2019-08-13T03:33:25+00:00","description":"Explorez et profitez de cette visite priv\u00e9e de Versailles au d\u00e9part du Havre avec un guide officiel et un v\u00e9hicule de luxe priv\u00e9 avec chauffeur.","breadcrumb":{"@id":"https:\/\/tourtravelandmore.com\/fr\/tours\/france-fr\/lehavre-fr\/private-versailles-tour-from-le-havre\/#breadcrumb"},"inLanguage":"fr-FR","potentialAction":[{"@type":"ReadAction","target":["https:\/\/tourtravelandmore.com\/fr\/tours\/france-fr\/lehavre-fr\/private-versailles-tour-from-le-havre\/"]}]},{"@type":"ImageObject","inLanguage":"fr-FR","@id":"https:\/\/tourtravelandmore.com\/fr\/tours\/france-fr\/lehavre-fr\/private-versailles-tour-from-le-havre\/#primaryimage","url":"https:\/\/tourtravelandmore.com\/wp-content\/uploads\/2019\/08\/800px-Versailles_Tapis_vert_1.jpg","contentUrl":"https:\/\/tourtravelandmore.com\/wp-content\/uploads\/2019\/08\/800px-Versailles_Tapis_vert_1.jpg","width":800,"height":440},{"@type":"BreadcrumbList","@id":"https:\/\/tourtravelandmore.com\/fr\/tours\/france-fr\/lehavre-fr\/private-versailles-tour-from-le-havre\/#breadcrumb","itemListElement":[{"@type":"ListItem","position":1,"name":"Home","item":"https:\/\/tourtravelandmore.com\/fr\/"},{"@type":"ListItem","position":2,"name":"Tours","item":"https:\/\/tourtravelandmore.com\/fr\/tours\/"},{"@type":"ListItem","position":3,"name":"Private Versailles Tour from Le Havre"}]},{"@type":"WebSite","@id":"https:\/\/tourtravelandmore.com\/fr\/#website","url":"https:\/\/tourtravelandmore.com\/fr\/","name":"Tour Travel And More","description":"Private sightseeing tours and luxury transfers in Spain","publisher":{"@id":"https:\/\/tourtravelandmore.com\/fr\/#organization"},"potentialAction":[{"@type":"SearchAction","target":{"@type":"EntryPoint","urlTemplate":"https:\/\/tourtravelandmore.com\/fr\/?s={search_term_string}"},"query-input":{"@type":"PropertyValueSpecification","valueRequired":true,"valueName":"search_term_string"}}],"inLanguage":"fr-FR"},{"@type":"Organization","@id":"https:\/\/tourtravelandmore.com\/fr\/#organization","name":"Tour Travel And More","url":"https:\/\/tourtravelandmore.com\/fr\/","logo":{"@type":"ImageObject","inLanguage":"fr-FR","@id":"https:\/\/tourtravelandmore.com\/fr\/#\/schema\/logo\/image\/","url":"https:\/\/tourtravelandmore.com\/wp-content\/uploads\/2022\/12\/cropped-logo-cabecera-new.png","contentUrl":"https:\/\/tourtravelandmore.com\/wp-content\/uploads\/2022\/12\/cropped-logo-cabecera-new.png","width":430,"height":61,"caption":"Tour Travel And More"},"image":{"@id":"https:\/\/tourtravelandmore.com\/fr\/#\/schema\/logo\/image\/"},"sameAs":["https:\/\/www.facebook.com\/tourtravelandmore\/","https:\/\/x.com\/TourTravel_More"]}]}},"_links":{"self":[{"href":"https:\/\/tourtravelandmore.com\/fr\/wp-json\/wp\/v2\/product\/100542","targetHints":{"allow":["GET"]}}],"collection":[{"href":"https:\/\/tourtravelandmore.com\/fr\/wp-json\/wp\/v2\/product"}],"about":[{"href":"https:\/\/tourtravelandmore.com\/fr\/wp-json\/wp\/v2\/types\/product"}],"replies":[{"embeddable":true,"href":"https:\/\/tourtravelandmore.com\/fr\/wp-json\/wp\/v2\/comments?post=100542"}],"wp:featuredmedia":[{"embeddable":true,"href":"https:\/\/tourtravelandmore.com\/fr\/wp-json\/wp\/v2\/media\/95988"}],"wp:attachment":[{"href":"https:\/\/tourtravelandmore.com\/fr\/wp-json\/wp\/v2\/media?parent=100542"}],"wp:term":[{"taxonomy":"product_brand","embeddable":true,"href":"https:\/\/tourtravelandmore.com\/fr\/wp-json\/wp\/v2\/product_brand?post=100542"},{"taxonomy":"product_cat","embeddable":true,"href":"https:\/\/tourtravelandmore.com\/fr\/wp-json\/wp\/v2\/product_cat?post=100542"},{"taxonomy":"product_tag","embeddable":true,"href":"https:\/\/tourtravelandmore.com\/fr\/wp-json\/wp\/v2\/product_tag?post=100542"}],"curies":[{"name":"wp","href":"https:\/\/api.w.org\/{rel}","templated":true}]}}