{"id":100537,"date":"2019-08-13T04:05:14","date_gmt":"2019-08-13T02:05:14","guid":{"rendered":"https:\/\/tourtravelandmore.com\/tours\/non%20class\u00e9\/private-mont-saint-michel-tour-from-le-havre\/"},"modified":"2022-10-11T15:30:46","modified_gmt":"2022-10-11T13:30:46","slug":"private-mont-saint-michel-tour-from-le-havre","status":"publish","type":"product","link":"https:\/\/tourtravelandmore.com\/fr\/tours\/france-fr\/mtstmichel-fr\/private-mont-saint-michel-tour-from-le-havre\/","title":{"rendered":"Private Mont Saint Michel Tour from Le Havre"},"content":{"rendered":"<h2>Description<\/h2>\n<p>Tout d&#8217;abord, notre \u00e9quipe priv\u00e9e vient vous chercher au Havre. Cela peut se faire depuis n&#8217;importe quel endroit de votre choix au Havre, y compris le port de croisi\u00e8re. Partons maintenant et profitons de cette visite priv\u00e9e du Mont Saint Michel au d\u00e9part du Havre.<\/p>\n<p>Votre visite commence \u00e0 la porte de l\u2019\u00eele, o\u00f9 vous appr\u00e9cierez la c\u00f4te normande et les paysages offerts par la baie et son \u00eele rocheuse. Votre guide priv\u00e9 se fera un plaisir d&#8217;explorer avec vous les lieux les plus embl\u00e9matiques de l&#8217;\u00e9glise fortifi\u00e9e et de son village, o\u00f9 vous pourrez faire les meilleures photos quand vous le souhaitez. La visite est enti\u00e8rement personnalisable et peut \u00eatre ajust\u00e9e en fonction de vos besoins simplement en nous contactant.<\/p>\n<h2>Sites d&#8217;int\u00e9r\u00eat et monuments<\/h2>\n<p>Lors de votre visite priv\u00e9e, vous d\u00e9couvrirez certains des sites les plus embl\u00e9matiques de l&#8217;\u00eele. Parmi les autres sites que vous visiterez:<\/p>\n<ul>\n<li>Chapelle Notre-Dame-sous-Terre<\/li>\n<li>\u00c9glise Saint-Patrick<\/li>\n<li>\u00c9glise et fontaine Saint-Aubert<\/li>\n<li>Abbaye monast\u00e8re la Merveille<\/li>\n<li>Et beaucoup plus!<\/li>\n<\/ul>\n<p>\u00c0 la fin de l&#8217;excursion, votre guide priv\u00e9 et votre chauffeur priv\u00e9 vous ram\u00e8neront au Havre. Il s&#8217;agit d&#8217;une visite unique enti\u00e8rement personnalis\u00e9e pour vous et votre groupe.<br \/>\nMont Saint-Michel<\/p>\n<p>Le mont est une petite \u00eele rocheuse d&#8217;au moins 960 m\u00e8tres de circonf\u00e9rence. Elle doit son nom \u00e0 l&#8217;abbaye qui h\u00e9berge \u00e0 l&#8217;int\u00e9rieur de l&#8217;\u00eele d\u00e9di\u00e9e au culte de l&#8217;archange Saint Michel, apparu dans une vision \u00e0 l&#8217;\u00e9v\u00eaque d&#8217;Avranches en 708 lui ordonnant de construire un lieu de culte sur le site. Au fil des ans, le monast\u00e8re a vu de nombreuses autres utilisations, y compris une prison, une fortification strat\u00e9gique et bien d&#8217;autres. En raison du charme unique et des qualit\u00e9s incroyables de l&#8217;\u00eele, elle est devenue un lieu d&#8217;importance mondiale, ce qui a fait de la ville l&#8217;une des destinations touristiques les plus importantes de France. Ne manquez pas notre visite priv\u00e9e du Mont Saint Michel au d\u00e9part du Havre.<\/p>\n<p>Jetez un \u0153il aux autres options que nous pouvons vous proposer. Nous pouvons toujours personnaliser une exp\u00e9rience pour vous.<\/p>\n","protected":false},"excerpt":{"rendered":"<p>Excursion \u00e0 terre avec prise en charge au port de croisi\u00e8re en option. Explorez et profitez de cette visite priv\u00e9e du Mont Saint Michel au d\u00e9part du Havre au d\u00e9part du Havre avec un guide officiel et un v\u00e9hicule de luxe priv\u00e9 avec chauffeur.<\/p>\n","protected":false},"featured_media":95981,"comment_status":"open","ping_status":"closed","template":"","meta":{"_acf_changed":false},"product_brand":[],"product_cat":[3607,3649],"product_tag":[],"class_list":{"0":"post-100537","1":"product","2":"type-product","3":"status-publish","4":"has-post-thumbnail","6":"product_cat-mtstmichel-fr","7":"product_cat-lehavre-fr","9":"first","10":"instock","11":"shipping-taxable","12":"purchasable","13":"product-type-simple"},"acf":[],"yoast_head":"<!-- This site is optimized with the Yoast SEO Premium plugin v25.3.1 (Yoast SEO v25.3.1) - https:\/\/yoast.com\/wordpress\/plugins\/seo\/ -->\n<title>Private Mont Saint Michel Tour from Le Havre - Shore Excursion<\/title>\n<meta name=\"description\" content=\"Explorez et profitez de cette visite priv\u00e9e du Mont Saint Michel au d\u00e9part du Havre au d\u00e9part du Havre avec un guide officiel et un v\u00e9hicule de luxe priv\u00e9 avec chauffeur.\" \/>\n<meta name=\"robots\" content=\"index, follow, max-snippet:-1, max-image-preview:large, max-video-preview:-1\" \/>\n<link rel=\"canonical\" href=\"https:\/\/tourtravelandmore.com\/fr\/tours\/france-fr\/mtstmichel-fr\/private-mont-saint-michel-tour-from-le-havre\/\" \/>\n<meta property=\"og:locale\" content=\"fr_FR\" \/>\n<meta property=\"og:type\" content=\"article\" \/>\n<meta property=\"og:title\" content=\"Private Mont Saint Michel Tour from Le Havre\" \/>\n<meta property=\"og:description\" content=\"Explorez et profitez de cette visite priv\u00e9e du Mont Saint Michel au d\u00e9part du Havre au d\u00e9part du Havre avec un guide officiel et un v\u00e9hicule de luxe priv\u00e9 avec chauffeur.\" \/>\n<meta property=\"og:url\" content=\"https:\/\/tourtravelandmore.com\/fr\/tours\/france-fr\/mtstmichel-fr\/private-mont-saint-michel-tour-from-le-havre\/\" \/>\n<meta property=\"og:site_name\" content=\"Tour Travel And More\" \/>\n<meta property=\"article:publisher\" content=\"https:\/\/www.facebook.com\/tourtravelandmore\/\" \/>\n<meta property=\"article:modified_time\" content=\"2022-10-11T13:30:46+00:00\" \/>\n<meta property=\"og:image\" content=\"https:\/\/tourtravelandmore.com\/wp-content\/uploads\/2019\/08\/mont-saint-michel.jpg\" \/>\n\t<meta property=\"og:image:width\" content=\"1024\" \/>\n\t<meta property=\"og:image:height\" content=\"675\" \/>\n\t<meta property=\"og:image:type\" content=\"image\/jpeg\" \/>\n<meta name=\"twitter:card\" content=\"summary_large_image\" \/>\n<meta name=\"twitter:site\" content=\"@TourTravel_More\" \/>\n<meta name=\"twitter:label1\" content=\"Dur\u00e9e de lecture estim\u00e9e\" \/>\n\t<meta name=\"twitter:data1\" content=\"2 minutes\" \/>\n<script type=\"application\/ld+json\" class=\"yoast-schema-graph\">{\"@context\":\"https:\/\/schema.org\",\"@graph\":[{\"@type\":\"WebPage\",\"@id\":\"https:\/\/tourtravelandmore.com\/fr\/tours\/france-fr\/mtstmichel-fr\/private-mont-saint-michel-tour-from-le-havre\/\",\"url\":\"https:\/\/tourtravelandmore.com\/fr\/tours\/france-fr\/mtstmichel-fr\/private-mont-saint-michel-tour-from-le-havre\/\",\"name\":\"Private Mont Saint Michel Tour from Le Havre - Shore Excursion\",\"isPartOf\":{\"@id\":\"https:\/\/tourtravelandmore.com\/fr\/#website\"},\"primaryImageOfPage\":{\"@id\":\"https:\/\/tourtravelandmore.com\/fr\/tours\/france-fr\/mtstmichel-fr\/private-mont-saint-michel-tour-from-le-havre\/#primaryimage\"},\"image\":{\"@id\":\"https:\/\/tourtravelandmore.com\/fr\/tours\/france-fr\/mtstmichel-fr\/private-mont-saint-michel-tour-from-le-havre\/#primaryimage\"},\"thumbnailUrl\":\"https:\/\/tourtravelandmore.com\/wp-content\/uploads\/2019\/08\/mont-saint-michel.jpg\",\"datePublished\":\"2019-08-13T02:05:14+00:00\",\"dateModified\":\"2022-10-11T13:30:46+00:00\",\"description\":\"Explorez et profitez de cette visite priv\u00e9e du Mont Saint Michel au d\u00e9part du Havre au d\u00e9part du Havre avec un guide officiel et un v\u00e9hicule de luxe priv\u00e9 avec chauffeur.\",\"breadcrumb\":{\"@id\":\"https:\/\/tourtravelandmore.com\/fr\/tours\/france-fr\/mtstmichel-fr\/private-mont-saint-michel-tour-from-le-havre\/#breadcrumb\"},\"inLanguage\":\"fr-FR\",\"potentialAction\":[{\"@type\":\"ReadAction\",\"target\":[\"https:\/\/tourtravelandmore.com\/fr\/tours\/france-fr\/mtstmichel-fr\/private-mont-saint-michel-tour-from-le-havre\/\"]}]},{\"@type\":\"ImageObject\",\"inLanguage\":\"fr-FR\",\"@id\":\"https:\/\/tourtravelandmore.com\/fr\/tours\/france-fr\/mtstmichel-fr\/private-mont-saint-michel-tour-from-le-havre\/#primaryimage\",\"url\":\"https:\/\/tourtravelandmore.com\/wp-content\/uploads\/2019\/08\/mont-saint-michel.jpg\",\"contentUrl\":\"https:\/\/tourtravelandmore.com\/wp-content\/uploads\/2019\/08\/mont-saint-michel.jpg\",\"width\":1024,\"height\":675},{\"@type\":\"BreadcrumbList\",\"@id\":\"https:\/\/tourtravelandmore.com\/fr\/tours\/france-fr\/mtstmichel-fr\/private-mont-saint-michel-tour-from-le-havre\/#breadcrumb\",\"itemListElement\":[{\"@type\":\"ListItem\",\"position\":1,\"name\":\"Home\",\"item\":\"https:\/\/tourtravelandmore.com\/fr\/\"},{\"@type\":\"ListItem\",\"position\":2,\"name\":\"Tours\",\"item\":\"https:\/\/tourtravelandmore.com\/fr\/tours\/\"},{\"@type\":\"ListItem\",\"position\":3,\"name\":\"Private Mont Saint Michel Tour from Le Havre\"}]},{\"@type\":\"WebSite\",\"@id\":\"https:\/\/tourtravelandmore.com\/fr\/#website\",\"url\":\"https:\/\/tourtravelandmore.com\/fr\/\",\"name\":\"Tour Travel And More\",\"description\":\"Private sightseeing tours and luxury transfers in Spain\",\"publisher\":{\"@id\":\"https:\/\/tourtravelandmore.com\/fr\/#organization\"},\"potentialAction\":[{\"@type\":\"SearchAction\",\"target\":{\"@type\":\"EntryPoint\",\"urlTemplate\":\"https:\/\/tourtravelandmore.com\/fr\/?s={search_term_string}\"},\"query-input\":{\"@type\":\"PropertyValueSpecification\",\"valueRequired\":true,\"valueName\":\"search_term_string\"}}],\"inLanguage\":\"fr-FR\"},{\"@type\":\"Organization\",\"@id\":\"https:\/\/tourtravelandmore.com\/fr\/#organization\",\"name\":\"Tour Travel And More\",\"url\":\"https:\/\/tourtravelandmore.com\/fr\/\",\"logo\":{\"@type\":\"ImageObject\",\"inLanguage\":\"fr-FR\",\"@id\":\"https:\/\/tourtravelandmore.com\/fr\/#\/schema\/logo\/image\/\",\"url\":\"https:\/\/tourtravelandmore.com\/wp-content\/uploads\/2022\/12\/cropped-logo-cabecera-new.png\",\"contentUrl\":\"https:\/\/tourtravelandmore.com\/wp-content\/uploads\/2022\/12\/cropped-logo-cabecera-new.png\",\"width\":430,\"height\":61,\"caption\":\"Tour Travel And More\"},\"image\":{\"@id\":\"https:\/\/tourtravelandmore.com\/fr\/#\/schema\/logo\/image\/\"},\"sameAs\":[\"https:\/\/www.facebook.com\/tourtravelandmore\/\",\"https:\/\/x.com\/TourTravel_More\"]}]}<\/script>\n<!-- \/ Yoast SEO Premium plugin. -->","yoast_head_json":{"title":"Private Mont Saint Michel Tour from Le Havre - Shore Excursion","description":"Explorez et profitez de cette visite priv\u00e9e du Mont Saint Michel au d\u00e9part du Havre au d\u00e9part du Havre avec un guide officiel et un v\u00e9hicule de luxe priv\u00e9 avec chauffeur.","robots":{"index":"index","follow":"follow","max-snippet":"max-snippet:-1","max-image-preview":"max-image-preview:large","max-video-preview":"max-video-preview:-1"},"canonical":"https:\/\/tourtravelandmore.com\/fr\/tours\/france-fr\/mtstmichel-fr\/private-mont-saint-michel-tour-from-le-havre\/","og_locale":"fr_FR","og_type":"article","og_title":"Private Mont Saint Michel Tour from Le Havre","og_description":"Explorez et profitez de cette visite priv\u00e9e du Mont Saint Michel au d\u00e9part du Havre au d\u00e9part du Havre avec un guide officiel et un v\u00e9hicule de luxe priv\u00e9 avec chauffeur.","og_url":"https:\/\/tourtravelandmore.com\/fr\/tours\/france-fr\/mtstmichel-fr\/private-mont-saint-michel-tour-from-le-havre\/","og_site_name":"Tour Travel And More","article_publisher":"https:\/\/www.facebook.com\/tourtravelandmore\/","article_modified_time":"2022-10-11T13:30:46+00:00","og_image":[{"width":1024,"height":675,"url":"https:\/\/tourtravelandmore.com\/wp-content\/uploads\/2019\/08\/mont-saint-michel.jpg","type":"image\/jpeg"}],"twitter_card":"summary_large_image","twitter_site":"@TourTravel_More","twitter_misc":{"Dur\u00e9e de lecture estim\u00e9e":"2 minutes"},"schema":{"@context":"https:\/\/schema.org","@graph":[{"@type":"WebPage","@id":"https:\/\/tourtravelandmore.com\/fr\/tours\/france-fr\/mtstmichel-fr\/private-mont-saint-michel-tour-from-le-havre\/","url":"https:\/\/tourtravelandmore.com\/fr\/tours\/france-fr\/mtstmichel-fr\/private-mont-saint-michel-tour-from-le-havre\/","name":"Private Mont Saint Michel Tour from Le Havre - Shore Excursion","isPartOf":{"@id":"https:\/\/tourtravelandmore.com\/fr\/#website"},"primaryImageOfPage":{"@id":"https:\/\/tourtravelandmore.com\/fr\/tours\/france-fr\/mtstmichel-fr\/private-mont-saint-michel-tour-from-le-havre\/#primaryimage"},"image":{"@id":"https:\/\/tourtravelandmore.com\/fr\/tours\/france-fr\/mtstmichel-fr\/private-mont-saint-michel-tour-from-le-havre\/#primaryimage"},"thumbnailUrl":"https:\/\/tourtravelandmore.com\/wp-content\/uploads\/2019\/08\/mont-saint-michel.jpg","datePublished":"2019-08-13T02:05:14+00:00","dateModified":"2022-10-11T13:30:46+00:00","description":"Explorez et profitez de cette visite priv\u00e9e du Mont Saint Michel au d\u00e9part du Havre au d\u00e9part du Havre avec un guide officiel et un v\u00e9hicule de luxe priv\u00e9 avec chauffeur.","breadcrumb":{"@id":"https:\/\/tourtravelandmore.com\/fr\/tours\/france-fr\/mtstmichel-fr\/private-mont-saint-michel-tour-from-le-havre\/#breadcrumb"},"inLanguage":"fr-FR","potentialAction":[{"@type":"ReadAction","target":["https:\/\/tourtravelandmore.com\/fr\/tours\/france-fr\/mtstmichel-fr\/private-mont-saint-michel-tour-from-le-havre\/"]}]},{"@type":"ImageObject","inLanguage":"fr-FR","@id":"https:\/\/tourtravelandmore.com\/fr\/tours\/france-fr\/mtstmichel-fr\/private-mont-saint-michel-tour-from-le-havre\/#primaryimage","url":"https:\/\/tourtravelandmore.com\/wp-content\/uploads\/2019\/08\/mont-saint-michel.jpg","contentUrl":"https:\/\/tourtravelandmore.com\/wp-content\/uploads\/2019\/08\/mont-saint-michel.jpg","width":1024,"height":675},{"@type":"BreadcrumbList","@id":"https:\/\/tourtravelandmore.com\/fr\/tours\/france-fr\/mtstmichel-fr\/private-mont-saint-michel-tour-from-le-havre\/#breadcrumb","itemListElement":[{"@type":"ListItem","position":1,"name":"Home","item":"https:\/\/tourtravelandmore.com\/fr\/"},{"@type":"ListItem","position":2,"name":"Tours","item":"https:\/\/tourtravelandmore.com\/fr\/tours\/"},{"@type":"ListItem","position":3,"name":"Private Mont Saint Michel Tour from Le Havre"}]},{"@type":"WebSite","@id":"https:\/\/tourtravelandmore.com\/fr\/#website","url":"https:\/\/tourtravelandmore.com\/fr\/","name":"Tour Travel And More","description":"Private sightseeing tours and luxury transfers in Spain","publisher":{"@id":"https:\/\/tourtravelandmore.com\/fr\/#organization"},"potentialAction":[{"@type":"SearchAction","target":{"@type":"EntryPoint","urlTemplate":"https:\/\/tourtravelandmore.com\/fr\/?s={search_term_string}"},"query-input":{"@type":"PropertyValueSpecification","valueRequired":true,"valueName":"search_term_string"}}],"inLanguage":"fr-FR"},{"@type":"Organization","@id":"https:\/\/tourtravelandmore.com\/fr\/#organization","name":"Tour Travel And More","url":"https:\/\/tourtravelandmore.com\/fr\/","logo":{"@type":"ImageObject","inLanguage":"fr-FR","@id":"https:\/\/tourtravelandmore.com\/fr\/#\/schema\/logo\/image\/","url":"https:\/\/tourtravelandmore.com\/wp-content\/uploads\/2022\/12\/cropped-logo-cabecera-new.png","contentUrl":"https:\/\/tourtravelandmore.com\/wp-content\/uploads\/2022\/12\/cropped-logo-cabecera-new.png","width":430,"height":61,"caption":"Tour Travel And More"},"image":{"@id":"https:\/\/tourtravelandmore.com\/fr\/#\/schema\/logo\/image\/"},"sameAs":["https:\/\/www.facebook.com\/tourtravelandmore\/","https:\/\/x.com\/TourTravel_More"]}]}},"_links":{"self":[{"href":"https:\/\/tourtravelandmore.com\/fr\/wp-json\/wp\/v2\/product\/100537","targetHints":{"allow":["GET"]}}],"collection":[{"href":"https:\/\/tourtravelandmore.com\/fr\/wp-json\/wp\/v2\/product"}],"about":[{"href":"https:\/\/tourtravelandmore.com\/fr\/wp-json\/wp\/v2\/types\/product"}],"replies":[{"embeddable":true,"href":"https:\/\/tourtravelandmore.com\/fr\/wp-json\/wp\/v2\/comments?post=100537"}],"wp:featuredmedia":[{"embeddable":true,"href":"https:\/\/tourtravelandmore.com\/fr\/wp-json\/wp\/v2\/media\/95981"}],"wp:attachment":[{"href":"https:\/\/tourtravelandmore.com\/fr\/wp-json\/wp\/v2\/media?parent=100537"}],"wp:term":[{"taxonomy":"product_brand","embeddable":true,"href":"https:\/\/tourtravelandmore.com\/fr\/wp-json\/wp\/v2\/product_brand?post=100537"},{"taxonomy":"product_cat","embeddable":true,"href":"https:\/\/tourtravelandmore.com\/fr\/wp-json\/wp\/v2\/product_cat?post=100537"},{"taxonomy":"product_tag","embeddable":true,"href":"https:\/\/tourtravelandmore.com\/fr\/wp-json\/wp\/v2\/product_tag?post=100537"}],"curies":[{"name":"wp","href":"https:\/\/api.w.org\/{rel}","templated":true}]}}