{"id":100532,"date":"2019-08-12T14:13:26","date_gmt":"2019-08-12T12:13:26","guid":{"rendered":"https:\/\/tourtravelandmore.com\/tours\/non class\u00e9\/private-paris-tour-from-le-havre\/"},"modified":"2019-08-12T14:13:26","modified_gmt":"2019-08-12T12:13:26","slug":"private-paris-tour-from-le-havre","status":"publish","type":"product","link":"https:\/\/tourtravelandmore.com\/fr\/tours\/france-fr\/lehavre-fr\/private-paris-tour-from-le-havre\/","title":{"rendered":"Private Paris Tour from Le Havre"},"content":{"rendered":"<h2>Description<\/h2>\n<p>Tout d&#8217;abord, pour cette visite priv\u00e9e de Paris au d\u00e9part du Havre, notre chauffeur vient vous chercher \u00e0 votre h\u00f4tel ou au port de croisi\u00e8re du Havre.<\/p>\n<p>Nous pouvons organiser une prise en charge confortable depuis le port de croisi\u00e8re si vous venez en excursion \u00e0 terre. Si vous \u00eates en croisi\u00e8re, nous aurions besoin d&#8217;au moins 11 heures d&#8217;amarrage pour organiser cette visite priv\u00e9e de 10 heures \u00e0 Paris au d\u00e9part du Havre.<\/p>\n<p>Apr\u00e8s la prise en charge confortable, nous nous dirigerons vers Paris. Une fois arriv\u00e9s \u00e0 Paris, nous rencontrerons notre guide officiel priv\u00e9. Votre guide priv\u00e9 vous emm\u00e8nera environ 4 heures de visite guid\u00e9e de la ville avant de retourner vers Le Havre. Nous vous emm\u00e8nerons ensuite vers Le Havre.<\/p>\n<h2>Sites d&#8217;int\u00e9r\u00eat et monuments<\/h2>\n<p>Cette visite priv\u00e9e vous fera vivre une exp\u00e9rience unique pour conna\u00eetre le meilleur de Paris.<\/p>\n<p>Parmi les autres sites que vous visiterez:<\/p>\n<ul>\n<li>tour Eiffel<\/li>\n<li>Cath\u00e9drale Notre Dame<\/li>\n<li>Arc de Triomphe<\/li>\n<li>Place de l&#8217;Etoile<\/li>\n<li>Op\u00e9ra Garnier<\/li>\n<li>Trocad\u00e9ro<\/li>\n<li>Place Vend\u00f4me<\/li>\n<li>Ile de la Cit\u00e9<\/li>\n<li>Beaucoup plus!<\/li>\n<\/ul>\n<p>Si vous \u00eates curieux de visiter plus d&#8217;endroits, veuillez nous contacter pour rendre votre exp\u00e9rience unique et pour vous aider \u00e0 organiser votre visite priv\u00e9e. Nous pouvons \u00e9galement organiser des visites avec un v\u00e9hicule priv\u00e9.<\/p>\n<h4>Ville de Paris<\/h4>\n<p>Paris est la capitale et la ville la plus populaire de France. La ville compte plus de 2 millions d&#8217;habitants, un nombre qui semble tr\u00e8s petit par rapport au nombre impressionnant de plus de 42 millions de touristes \u00e9trangers que la ville accueille chaque ann\u00e9e. Paris compte environ 8 000 restaurants o\u00f9 vous pourrez d\u00e9guster une cuisine et des caf\u00e9s merveilleux. Si vous souhaitez avoir une vue large sur la ville, vous pouvez vous rendre au sommet de la tour Eiffel ou de l\u2019arc de triomphe, monter les marches de Montmartre jusqu&#8217;\u00e0 la basilique du Sacr\u00e9-C\u0153ur ou faire le tour des \u00e9gouts de la ville. Parmi les autres sites historiques de renomm\u00e9e mondiale, citons la cath\u00e9drale Notre-Dame et la Sainte-Chapelle de style gothique du XIIe si\u00e8cle remplie de vitraux exceptionnels.<\/p>\n<p>Au d\u00e9part du Havre, nous avons de nombreuses autres visites priv\u00e9es dont vous pouvez profiter. Contactez nos experts en voyages si vous souhaitez personnaliser une exp\u00e9rience!<\/p>\n","protected":false},"excerpt":{"rendered":"<p>Profitez de cette visite priv\u00e9e de Paris au d\u00e9part du Havre et explorez Paris avec un guide officiel et exp\u00e9riment\u00e9 et un v\u00e9hicule de luxe priv\u00e9 avec chauffeur.<\/p>\n","protected":false},"featured_media":95399,"comment_status":"open","ping_status":"closed","template":"","meta":{"_acf_changed":false},"product_brand":[],"product_cat":[3649],"product_tag":[],"class_list":{"0":"post-100532","1":"product","2":"type-product","3":"status-publish","4":"has-post-thumbnail","6":"product_cat-lehavre-fr","8":"first","9":"instock","10":"shipping-taxable","11":"purchasable","12":"product-type-simple"},"acf":[],"yoast_head":"<!-- This site is optimized with the Yoast SEO Premium plugin v25.3.1 (Yoast SEO v25.3.1) - https:\/\/yoast.com\/wordpress\/plugins\/seo\/ -->\n<title>Visite priv\u00e9e de Paris depuis Le Havre - Journ\u00e9e compl\u00e8te. Excursion \u00e0 terre en option<\/title>\n<meta name=\"description\" content=\"Profitez de cette visite priv\u00e9e de Paris au d\u00e9part du Havre et explorez Paris avec un guide officiel et exp\u00e9riment\u00e9 et un v\u00e9hicule de luxe priv\u00e9 avec chauffeur.\" \/>\n<meta name=\"robots\" content=\"index, follow, max-snippet:-1, max-image-preview:large, max-video-preview:-1\" \/>\n<link rel=\"canonical\" href=\"https:\/\/tourtravelandmore.com\/fr\/tours\/france-fr\/lehavre-fr\/private-paris-tour-from-le-havre\/\" \/>\n<meta property=\"og:locale\" content=\"fr_FR\" \/>\n<meta property=\"og:type\" content=\"article\" \/>\n<meta property=\"og:title\" content=\"Private Paris Tour from Le Havre\" \/>\n<meta property=\"og:description\" content=\"Profitez de cette visite priv\u00e9e de Paris au d\u00e9part du Havre et explorez Paris avec un guide officiel et exp\u00e9riment\u00e9 et un v\u00e9hicule de luxe priv\u00e9 avec chauffeur.\" \/>\n<meta property=\"og:url\" content=\"https:\/\/tourtravelandmore.com\/fr\/tours\/france-fr\/lehavre-fr\/private-paris-tour-from-le-havre\/\" \/>\n<meta property=\"og:site_name\" content=\"Tour Travel And More\" \/>\n<meta property=\"article:publisher\" content=\"https:\/\/www.facebook.com\/tourtravelandmore\/\" \/>\n<meta property=\"og:image\" content=\"https:\/\/tourtravelandmore.com\/wp-content\/uploads\/2018\/12\/Paris.jpg\" \/>\n\t<meta property=\"og:image:width\" content=\"3003\" \/>\n\t<meta property=\"og:image:height\" content=\"2000\" \/>\n\t<meta property=\"og:image:type\" content=\"image\/jpeg\" \/>\n<meta name=\"twitter:card\" content=\"summary_large_image\" \/>\n<meta name=\"twitter:site\" content=\"@TourTravel_More\" \/>\n<meta name=\"twitter:label1\" content=\"Dur\u00e9e de lecture estim\u00e9e\" \/>\n\t<meta name=\"twitter:data1\" content=\"2 minutes\" \/>\n<script type=\"application\/ld+json\" class=\"yoast-schema-graph\">{\"@context\":\"https:\/\/schema.org\",\"@graph\":[{\"@type\":\"WebPage\",\"@id\":\"https:\/\/tourtravelandmore.com\/fr\/tours\/france-fr\/lehavre-fr\/private-paris-tour-from-le-havre\/\",\"url\":\"https:\/\/tourtravelandmore.com\/fr\/tours\/france-fr\/lehavre-fr\/private-paris-tour-from-le-havre\/\",\"name\":\"Visite priv\u00e9e de Paris depuis Le Havre - Journ\u00e9e compl\u00e8te. Excursion \u00e0 terre en option\",\"isPartOf\":{\"@id\":\"https:\/\/tourtravelandmore.com\/fr\/#website\"},\"primaryImageOfPage\":{\"@id\":\"https:\/\/tourtravelandmore.com\/fr\/tours\/france-fr\/lehavre-fr\/private-paris-tour-from-le-havre\/#primaryimage\"},\"image\":{\"@id\":\"https:\/\/tourtravelandmore.com\/fr\/tours\/france-fr\/lehavre-fr\/private-paris-tour-from-le-havre\/#primaryimage\"},\"thumbnailUrl\":\"https:\/\/tourtravelandmore.com\/wp-content\/uploads\/2018\/12\/Paris.jpg\",\"datePublished\":\"2019-08-12T12:13:26+00:00\",\"description\":\"Profitez de cette visite priv\u00e9e de Paris au d\u00e9part du Havre et explorez Paris avec un guide officiel et exp\u00e9riment\u00e9 et un v\u00e9hicule de luxe priv\u00e9 avec chauffeur.\",\"breadcrumb\":{\"@id\":\"https:\/\/tourtravelandmore.com\/fr\/tours\/france-fr\/lehavre-fr\/private-paris-tour-from-le-havre\/#breadcrumb\"},\"inLanguage\":\"fr-FR\",\"potentialAction\":[{\"@type\":\"ReadAction\",\"target\":[\"https:\/\/tourtravelandmore.com\/fr\/tours\/france-fr\/lehavre-fr\/private-paris-tour-from-le-havre\/\"]}]},{\"@type\":\"ImageObject\",\"inLanguage\":\"fr-FR\",\"@id\":\"https:\/\/tourtravelandmore.com\/fr\/tours\/france-fr\/lehavre-fr\/private-paris-tour-from-le-havre\/#primaryimage\",\"url\":\"https:\/\/tourtravelandmore.com\/wp-content\/uploads\/2018\/12\/Paris.jpg\",\"contentUrl\":\"https:\/\/tourtravelandmore.com\/wp-content\/uploads\/2018\/12\/Paris.jpg\",\"width\":3003,\"height\":2000},{\"@type\":\"BreadcrumbList\",\"@id\":\"https:\/\/tourtravelandmore.com\/fr\/tours\/france-fr\/lehavre-fr\/private-paris-tour-from-le-havre\/#breadcrumb\",\"itemListElement\":[{\"@type\":\"ListItem\",\"position\":1,\"name\":\"Home\",\"item\":\"https:\/\/tourtravelandmore.com\/fr\/\"},{\"@type\":\"ListItem\",\"position\":2,\"name\":\"Tours\",\"item\":\"https:\/\/tourtravelandmore.com\/fr\/tours\/\"},{\"@type\":\"ListItem\",\"position\":3,\"name\":\"Private Paris Tour from Le Havre\"}]},{\"@type\":\"WebSite\",\"@id\":\"https:\/\/tourtravelandmore.com\/fr\/#website\",\"url\":\"https:\/\/tourtravelandmore.com\/fr\/\",\"name\":\"Tour Travel And More\",\"description\":\"Private sightseeing tours and luxury transfers in Spain\",\"publisher\":{\"@id\":\"https:\/\/tourtravelandmore.com\/fr\/#organization\"},\"potentialAction\":[{\"@type\":\"SearchAction\",\"target\":{\"@type\":\"EntryPoint\",\"urlTemplate\":\"https:\/\/tourtravelandmore.com\/fr\/?s={search_term_string}\"},\"query-input\":{\"@type\":\"PropertyValueSpecification\",\"valueRequired\":true,\"valueName\":\"search_term_string\"}}],\"inLanguage\":\"fr-FR\"},{\"@type\":\"Organization\",\"@id\":\"https:\/\/tourtravelandmore.com\/fr\/#organization\",\"name\":\"Tour Travel And More\",\"url\":\"https:\/\/tourtravelandmore.com\/fr\/\",\"logo\":{\"@type\":\"ImageObject\",\"inLanguage\":\"fr-FR\",\"@id\":\"https:\/\/tourtravelandmore.com\/fr\/#\/schema\/logo\/image\/\",\"url\":\"https:\/\/tourtravelandmore.com\/wp-content\/uploads\/2022\/12\/cropped-logo-cabecera-new.png\",\"contentUrl\":\"https:\/\/tourtravelandmore.com\/wp-content\/uploads\/2022\/12\/cropped-logo-cabecera-new.png\",\"width\":430,\"height\":61,\"caption\":\"Tour Travel And More\"},\"image\":{\"@id\":\"https:\/\/tourtravelandmore.com\/fr\/#\/schema\/logo\/image\/\"},\"sameAs\":[\"https:\/\/www.facebook.com\/tourtravelandmore\/\",\"https:\/\/x.com\/TourTravel_More\"]}]}<\/script>\n<!-- \/ Yoast SEO Premium plugin. -->","yoast_head_json":{"title":"Visite priv\u00e9e de Paris depuis Le Havre - Journ\u00e9e compl\u00e8te. Excursion \u00e0 terre en option","description":"Profitez de cette visite priv\u00e9e de Paris au d\u00e9part du Havre et explorez Paris avec un guide officiel et exp\u00e9riment\u00e9 et un v\u00e9hicule de luxe priv\u00e9 avec chauffeur.","robots":{"index":"index","follow":"follow","max-snippet":"max-snippet:-1","max-image-preview":"max-image-preview:large","max-video-preview":"max-video-preview:-1"},"canonical":"https:\/\/tourtravelandmore.com\/fr\/tours\/france-fr\/lehavre-fr\/private-paris-tour-from-le-havre\/","og_locale":"fr_FR","og_type":"article","og_title":"Private Paris Tour from Le Havre","og_description":"Profitez de cette visite priv\u00e9e de Paris au d\u00e9part du Havre et explorez Paris avec un guide officiel et exp\u00e9riment\u00e9 et un v\u00e9hicule de luxe priv\u00e9 avec chauffeur.","og_url":"https:\/\/tourtravelandmore.com\/fr\/tours\/france-fr\/lehavre-fr\/private-paris-tour-from-le-havre\/","og_site_name":"Tour Travel And More","article_publisher":"https:\/\/www.facebook.com\/tourtravelandmore\/","og_image":[{"width":3003,"height":2000,"url":"https:\/\/tourtravelandmore.com\/wp-content\/uploads\/2018\/12\/Paris.jpg","type":"image\/jpeg"}],"twitter_card":"summary_large_image","twitter_site":"@TourTravel_More","twitter_misc":{"Dur\u00e9e de lecture estim\u00e9e":"2 minutes"},"schema":{"@context":"https:\/\/schema.org","@graph":[{"@type":"WebPage","@id":"https:\/\/tourtravelandmore.com\/fr\/tours\/france-fr\/lehavre-fr\/private-paris-tour-from-le-havre\/","url":"https:\/\/tourtravelandmore.com\/fr\/tours\/france-fr\/lehavre-fr\/private-paris-tour-from-le-havre\/","name":"Visite priv\u00e9e de Paris depuis Le Havre - Journ\u00e9e compl\u00e8te. Excursion \u00e0 terre en option","isPartOf":{"@id":"https:\/\/tourtravelandmore.com\/fr\/#website"},"primaryImageOfPage":{"@id":"https:\/\/tourtravelandmore.com\/fr\/tours\/france-fr\/lehavre-fr\/private-paris-tour-from-le-havre\/#primaryimage"},"image":{"@id":"https:\/\/tourtravelandmore.com\/fr\/tours\/france-fr\/lehavre-fr\/private-paris-tour-from-le-havre\/#primaryimage"},"thumbnailUrl":"https:\/\/tourtravelandmore.com\/wp-content\/uploads\/2018\/12\/Paris.jpg","datePublished":"2019-08-12T12:13:26+00:00","description":"Profitez de cette visite priv\u00e9e de Paris au d\u00e9part du Havre et explorez Paris avec un guide officiel et exp\u00e9riment\u00e9 et un v\u00e9hicule de luxe priv\u00e9 avec chauffeur.","breadcrumb":{"@id":"https:\/\/tourtravelandmore.com\/fr\/tours\/france-fr\/lehavre-fr\/private-paris-tour-from-le-havre\/#breadcrumb"},"inLanguage":"fr-FR","potentialAction":[{"@type":"ReadAction","target":["https:\/\/tourtravelandmore.com\/fr\/tours\/france-fr\/lehavre-fr\/private-paris-tour-from-le-havre\/"]}]},{"@type":"ImageObject","inLanguage":"fr-FR","@id":"https:\/\/tourtravelandmore.com\/fr\/tours\/france-fr\/lehavre-fr\/private-paris-tour-from-le-havre\/#primaryimage","url":"https:\/\/tourtravelandmore.com\/wp-content\/uploads\/2018\/12\/Paris.jpg","contentUrl":"https:\/\/tourtravelandmore.com\/wp-content\/uploads\/2018\/12\/Paris.jpg","width":3003,"height":2000},{"@type":"BreadcrumbList","@id":"https:\/\/tourtravelandmore.com\/fr\/tours\/france-fr\/lehavre-fr\/private-paris-tour-from-le-havre\/#breadcrumb","itemListElement":[{"@type":"ListItem","position":1,"name":"Home","item":"https:\/\/tourtravelandmore.com\/fr\/"},{"@type":"ListItem","position":2,"name":"Tours","item":"https:\/\/tourtravelandmore.com\/fr\/tours\/"},{"@type":"ListItem","position":3,"name":"Private Paris Tour from Le Havre"}]},{"@type":"WebSite","@id":"https:\/\/tourtravelandmore.com\/fr\/#website","url":"https:\/\/tourtravelandmore.com\/fr\/","name":"Tour Travel And More","description":"Private sightseeing tours and luxury transfers in Spain","publisher":{"@id":"https:\/\/tourtravelandmore.com\/fr\/#organization"},"potentialAction":[{"@type":"SearchAction","target":{"@type":"EntryPoint","urlTemplate":"https:\/\/tourtravelandmore.com\/fr\/?s={search_term_string}"},"query-input":{"@type":"PropertyValueSpecification","valueRequired":true,"valueName":"search_term_string"}}],"inLanguage":"fr-FR"},{"@type":"Organization","@id":"https:\/\/tourtravelandmore.com\/fr\/#organization","name":"Tour Travel And More","url":"https:\/\/tourtravelandmore.com\/fr\/","logo":{"@type":"ImageObject","inLanguage":"fr-FR","@id":"https:\/\/tourtravelandmore.com\/fr\/#\/schema\/logo\/image\/","url":"https:\/\/tourtravelandmore.com\/wp-content\/uploads\/2022\/12\/cropped-logo-cabecera-new.png","contentUrl":"https:\/\/tourtravelandmore.com\/wp-content\/uploads\/2022\/12\/cropped-logo-cabecera-new.png","width":430,"height":61,"caption":"Tour Travel And More"},"image":{"@id":"https:\/\/tourtravelandmore.com\/fr\/#\/schema\/logo\/image\/"},"sameAs":["https:\/\/www.facebook.com\/tourtravelandmore\/","https:\/\/x.com\/TourTravel_More"]}]}},"_links":{"self":[{"href":"https:\/\/tourtravelandmore.com\/fr\/wp-json\/wp\/v2\/product\/100532","targetHints":{"allow":["GET"]}}],"collection":[{"href":"https:\/\/tourtravelandmore.com\/fr\/wp-json\/wp\/v2\/product"}],"about":[{"href":"https:\/\/tourtravelandmore.com\/fr\/wp-json\/wp\/v2\/types\/product"}],"replies":[{"embeddable":true,"href":"https:\/\/tourtravelandmore.com\/fr\/wp-json\/wp\/v2\/comments?post=100532"}],"wp:featuredmedia":[{"embeddable":true,"href":"https:\/\/tourtravelandmore.com\/fr\/wp-json\/wp\/v2\/media\/95399"}],"wp:attachment":[{"href":"https:\/\/tourtravelandmore.com\/fr\/wp-json\/wp\/v2\/media?parent=100532"}],"wp:term":[{"taxonomy":"product_brand","embeddable":true,"href":"https:\/\/tourtravelandmore.com\/fr\/wp-json\/wp\/v2\/product_brand?post=100532"},{"taxonomy":"product_cat","embeddable":true,"href":"https:\/\/tourtravelandmore.com\/fr\/wp-json\/wp\/v2\/product_cat?post=100532"},{"taxonomy":"product_tag","embeddable":true,"href":"https:\/\/tourtravelandmore.com\/fr\/wp-json\/wp\/v2\/product_tag?post=100532"}],"curies":[{"name":"wp","href":"https:\/\/api.w.org\/{rel}","templated":true}]}}