{"id":100527,"date":"2019-03-06T17:14:36","date_gmt":"2019-03-06T16:14:36","guid":{"rendered":"https:\/\/tourtravelandmore.com\/tours\/non class\u00e9\/visite-privee-du-sud-au-nord-de-madere\/"},"modified":"2019-03-06T17:14:36","modified_gmt":"2019-03-06T16:14:36","slug":"visite-privee-du-sud-au-nord-de-madere","status":"publish","type":"product","link":"https:\/\/tourtravelandmore.com\/fr\/tours\/portugal-fr\/funchal-fr\/visite-privee-du-sud-au-nord-de-madere\/","title":{"rendered":"Visite priv\u00e9e du sud au nord de Mad\u00e8re"},"content":{"rendered":"<h2>Description<\/h2>\n<p>Venez avec nous lors de cette visite priv\u00e9e du sud au nord de Mad\u00e8re. Profitez de cette exp\u00e9rience unique et d\u00e9couvrez cette magnifique \u00eele portugaise avec un chauffeur \/ guide local. Saisissez l&#8217;occasion d&#8217;admirer les sites les plus beaux et embl\u00e9matiques de Mad\u00e8re.<\/p>\n<p>Vous pouvez choisir l&#8217;heure de d\u00e9part de la visite. Vous avez \u00e9galement la possibilit\u00e9 de r\u00e9cup\u00e9rer et de rendre votre h\u00f4tel dans le v\u00e9hicule priv\u00e9 ou depuis le port de croisi\u00e8re de Funchal.<\/p>\n<p>La r\u00e9gion de Mad\u00e8re est situ\u00e9e au milieu de l&#8217;Atlantique et est tr\u00e8s connue pour sa beaut\u00e9 naturelle. Toute l&#8217;\u00eele est couverte d&#8217;une belle v\u00e9g\u00e9tation et de fleurs. L&#8217;\u00eele accueille le port de croisi\u00e8re international de Funchal, o\u00f9 de nombreuses grandes compagnies de croisi\u00e8re proposent un arr\u00eat. Devant le port se trouve la forteresse de S\u00e3o Tiago, construite au XVII\u00e8me si\u00e8cle. L&#8217;\u00eele abrite de belles plages et est id\u00e9ale pour la randonn\u00e9e.<\/p>\n<p>Une autre option possible de visite d&#8217;une journ\u00e9e compl\u00e8te au d\u00e9part de Funchal, est notre visite priv\u00e9e \u00e0 Porto Moniz, jetez un coup d&#8217;\u0153il !.<\/p>\n<h2>Sites d&#8217;int\u00e9r\u00eat et monuments<\/h2>\n<p>Tout d&#8217;abord, votre chauffeur \/ guide priv\u00e9 vous attendra dans le lieu de votre choix \u00e0 Mad\u00e8re ou au port de croisi\u00e8re de Funchal. Comme il s&#8217;agit d&#8217;une visite priv\u00e9e, vous d\u00e9ciderez de l&#8217;heure de d\u00e9but de votre exp\u00e9rience.<\/p>\n<p>Lors de votre visite priv\u00e9e, vous d\u00e9couvrirez certains des points les plus embl\u00e9matiques de l&#8217;\u00eele:<\/p>\n<ul>\n<li>C\u00e2mara de Lobos<\/li>\n<li>Cabo Gir\u00e3o<\/li>\n<li>Ribeira Brava<\/li>\n<li>Pa\u00fal da Serra<\/li>\n<li>Porto Moniz<\/li>\n<li>Seixal<\/li>\n<li>S\u00e3o Vicente<\/li>\n<li>Encumeada<\/li>\n<li>Serra d\u2019\u00c1gua<\/li>\n<li>Beaucoup plus!<\/li>\n<\/ul>\n<p>Vous ferez \u00e9galement une halte pour go\u00fbter et admirer la gastronomie typique de la r\u00e9gion. Si vous pr\u00e9f\u00e9rez, nous pouvons r\u00e9server pour vous dans un beau restaurant.<\/p>\n<p>Il s&#8217;agit d&#8217;un circuit enti\u00e8rement personnalis\u00e9 du sud au nord de Mad\u00e8re. Vous pouvez personnaliser chaque visite en nous contactant simplement. Voici un exemple de certains des sites les plus importants pour vous donner une id\u00e9e.<\/p>\n<p>Nous vous aiderons \u00e0 organiser votre exp\u00e9rience totalement personnalis\u00e9e et unique \u00e0 Funchal. Nous pouvons \u00e9galement organiser une visite plus courte ou plus longue.<\/p>\n<p>Enfin, apr\u00e8s une visite de 7 heures, votre chauffeur \/ guide priv\u00e9 vous ram\u00e8nera \u00e0 votre point de d\u00e9part.<\/p>\n","protected":false},"excerpt":{"rendered":"<p>Profitez de cette occasion pour conna\u00eetre et profiter des lieux les plus embl\u00e9matiques de l&#8217;\u00eele de Mad\u00e8re avec votre chauffeur \/ guide priv\u00e9. Profitez des plages, des plus belles vues panoramiques et des villages les plus traditionnels de cette belle \u00eele portugaise.<\/p>\n","protected":false},"featured_media":95643,"comment_status":"open","ping_status":"closed","template":"","meta":{"_acf_changed":false},"product_brand":[],"product_cat":[3667,3650],"product_tag":[],"class_list":{"0":"post-100527","1":"product","2":"type-product","3":"status-publish","4":"has-post-thumbnail","6":"product_cat-portugal-fr","7":"product_cat-funchal-fr","9":"first","10":"instock","11":"shipping-taxable","12":"purchasable","13":"product-type-simple"},"acf":[],"yoast_head":"<!-- This site is optimized with the Yoast SEO Premium plugin v25.3.1 (Yoast SEO v25.3.1) - https:\/\/yoast.com\/wordpress\/plugins\/seo\/ -->\n<title>Visite priv\u00e9e du sud au nord de Mad\u00e8re avec chauffeur \/ guide<\/title>\n<meta name=\"description\" content=\"Profitez de cette visite priv\u00e9e avec un chauffeur \/ guide professionnel. D\u00e9couvrez les sites les plus embl\u00e9matiques de Mad\u00e8re et les magnifiques vues sur la c\u00f4te.\" \/>\n<meta name=\"robots\" content=\"index, follow, max-snippet:-1, max-image-preview:large, max-video-preview:-1\" \/>\n<link rel=\"canonical\" href=\"https:\/\/tourtravelandmore.com\/fr\/tours\/portugal-fr\/funchal-fr\/visite-privee-du-sud-au-nord-de-madere\/\" \/>\n<meta property=\"og:locale\" content=\"fr_FR\" \/>\n<meta property=\"og:type\" content=\"article\" \/>\n<meta property=\"og:title\" content=\"Visite priv\u00e9e du sud au nord de Mad\u00e8re\" \/>\n<meta property=\"og:description\" content=\"Profitez de cette visite priv\u00e9e avec un chauffeur \/ guide professionnel. D\u00e9couvrez les sites les plus embl\u00e9matiques de Mad\u00e8re et les magnifiques vues sur la c\u00f4te.\" \/>\n<meta property=\"og:url\" content=\"https:\/\/tourtravelandmore.com\/fr\/tours\/portugal-fr\/funchal-fr\/visite-privee-du-sud-au-nord-de-madere\/\" \/>\n<meta property=\"og:site_name\" content=\"Tour Travel And More\" \/>\n<meta property=\"article:publisher\" content=\"https:\/\/www.facebook.com\/tourtravelandmore\/\" \/>\n<meta property=\"og:image\" content=\"https:\/\/tourtravelandmore.com\/wp-content\/uploads\/2019\/03\/Madeira_Beach_163610932.jpg\" \/>\n\t<meta property=\"og:image:width\" content=\"1280\" \/>\n\t<meta property=\"og:image:height\" content=\"960\" \/>\n\t<meta property=\"og:image:type\" content=\"image\/jpeg\" \/>\n<meta name=\"twitter:card\" content=\"summary_large_image\" \/>\n<meta name=\"twitter:site\" content=\"@TourTravel_More\" \/>\n<meta name=\"twitter:label1\" content=\"Dur\u00e9e de lecture estim\u00e9e\" \/>\n\t<meta name=\"twitter:data1\" content=\"2 minutes\" \/>\n<script type=\"application\/ld+json\" class=\"yoast-schema-graph\">{\"@context\":\"https:\/\/schema.org\",\"@graph\":[{\"@type\":\"WebPage\",\"@id\":\"https:\/\/tourtravelandmore.com\/fr\/tours\/portugal-fr\/funchal-fr\/visite-privee-du-sud-au-nord-de-madere\/\",\"url\":\"https:\/\/tourtravelandmore.com\/fr\/tours\/portugal-fr\/funchal-fr\/visite-privee-du-sud-au-nord-de-madere\/\",\"name\":\"Visite priv\u00e9e du sud au nord de Mad\u00e8re avec chauffeur \/ guide\",\"isPartOf\":{\"@id\":\"https:\/\/tourtravelandmore.com\/fr\/#website\"},\"primaryImageOfPage\":{\"@id\":\"https:\/\/tourtravelandmore.com\/fr\/tours\/portugal-fr\/funchal-fr\/visite-privee-du-sud-au-nord-de-madere\/#primaryimage\"},\"image\":{\"@id\":\"https:\/\/tourtravelandmore.com\/fr\/tours\/portugal-fr\/funchal-fr\/visite-privee-du-sud-au-nord-de-madere\/#primaryimage\"},\"thumbnailUrl\":\"https:\/\/tourtravelandmore.com\/wp-content\/uploads\/2019\/03\/Madeira_Beach_163610932.jpg\",\"datePublished\":\"2019-03-06T16:14:36+00:00\",\"description\":\"Profitez de cette visite priv\u00e9e avec un chauffeur \/ guide professionnel. D\u00e9couvrez les sites les plus embl\u00e9matiques de Mad\u00e8re et les magnifiques vues sur la c\u00f4te.\",\"breadcrumb\":{\"@id\":\"https:\/\/tourtravelandmore.com\/fr\/tours\/portugal-fr\/funchal-fr\/visite-privee-du-sud-au-nord-de-madere\/#breadcrumb\"},\"inLanguage\":\"fr-FR\",\"potentialAction\":[{\"@type\":\"ReadAction\",\"target\":[\"https:\/\/tourtravelandmore.com\/fr\/tours\/portugal-fr\/funchal-fr\/visite-privee-du-sud-au-nord-de-madere\/\"]}]},{\"@type\":\"ImageObject\",\"inLanguage\":\"fr-FR\",\"@id\":\"https:\/\/tourtravelandmore.com\/fr\/tours\/portugal-fr\/funchal-fr\/visite-privee-du-sud-au-nord-de-madere\/#primaryimage\",\"url\":\"https:\/\/tourtravelandmore.com\/wp-content\/uploads\/2019\/03\/Madeira_Beach_163610932.jpg\",\"contentUrl\":\"https:\/\/tourtravelandmore.com\/wp-content\/uploads\/2019\/03\/Madeira_Beach_163610932.jpg\",\"width\":1280,\"height\":960},{\"@type\":\"BreadcrumbList\",\"@id\":\"https:\/\/tourtravelandmore.com\/fr\/tours\/portugal-fr\/funchal-fr\/visite-privee-du-sud-au-nord-de-madere\/#breadcrumb\",\"itemListElement\":[{\"@type\":\"ListItem\",\"position\":1,\"name\":\"Home\",\"item\":\"https:\/\/tourtravelandmore.com\/fr\/\"},{\"@type\":\"ListItem\",\"position\":2,\"name\":\"Tours\",\"item\":\"https:\/\/tourtravelandmore.com\/fr\/tours\/\"},{\"@type\":\"ListItem\",\"position\":3,\"name\":\"Visite priv\u00e9e du sud au nord de Mad\u00e8re\"}]},{\"@type\":\"WebSite\",\"@id\":\"https:\/\/tourtravelandmore.com\/fr\/#website\",\"url\":\"https:\/\/tourtravelandmore.com\/fr\/\",\"name\":\"Tour Travel And More\",\"description\":\"Private sightseeing tours and luxury transfers in Spain\",\"publisher\":{\"@id\":\"https:\/\/tourtravelandmore.com\/fr\/#organization\"},\"potentialAction\":[{\"@type\":\"SearchAction\",\"target\":{\"@type\":\"EntryPoint\",\"urlTemplate\":\"https:\/\/tourtravelandmore.com\/fr\/?s={search_term_string}\"},\"query-input\":{\"@type\":\"PropertyValueSpecification\",\"valueRequired\":true,\"valueName\":\"search_term_string\"}}],\"inLanguage\":\"fr-FR\"},{\"@type\":\"Organization\",\"@id\":\"https:\/\/tourtravelandmore.com\/fr\/#organization\",\"name\":\"Tour Travel And More\",\"url\":\"https:\/\/tourtravelandmore.com\/fr\/\",\"logo\":{\"@type\":\"ImageObject\",\"inLanguage\":\"fr-FR\",\"@id\":\"https:\/\/tourtravelandmore.com\/fr\/#\/schema\/logo\/image\/\",\"url\":\"https:\/\/tourtravelandmore.com\/wp-content\/uploads\/2022\/12\/cropped-logo-cabecera-new.png\",\"contentUrl\":\"https:\/\/tourtravelandmore.com\/wp-content\/uploads\/2022\/12\/cropped-logo-cabecera-new.png\",\"width\":430,\"height\":61,\"caption\":\"Tour Travel And More\"},\"image\":{\"@id\":\"https:\/\/tourtravelandmore.com\/fr\/#\/schema\/logo\/image\/\"},\"sameAs\":[\"https:\/\/www.facebook.com\/tourtravelandmore\/\",\"https:\/\/x.com\/TourTravel_More\"]}]}<\/script>\n<!-- \/ Yoast SEO Premium plugin. -->","yoast_head_json":{"title":"Visite priv\u00e9e du sud au nord de Mad\u00e8re avec chauffeur \/ guide","description":"Profitez de cette visite priv\u00e9e avec un chauffeur \/ guide professionnel. D\u00e9couvrez les sites les plus embl\u00e9matiques de Mad\u00e8re et les magnifiques vues sur la c\u00f4te.","robots":{"index":"index","follow":"follow","max-snippet":"max-snippet:-1","max-image-preview":"max-image-preview:large","max-video-preview":"max-video-preview:-1"},"canonical":"https:\/\/tourtravelandmore.com\/fr\/tours\/portugal-fr\/funchal-fr\/visite-privee-du-sud-au-nord-de-madere\/","og_locale":"fr_FR","og_type":"article","og_title":"Visite priv\u00e9e du sud au nord de Mad\u00e8re","og_description":"Profitez de cette visite priv\u00e9e avec un chauffeur \/ guide professionnel. D\u00e9couvrez les sites les plus embl\u00e9matiques de Mad\u00e8re et les magnifiques vues sur la c\u00f4te.","og_url":"https:\/\/tourtravelandmore.com\/fr\/tours\/portugal-fr\/funchal-fr\/visite-privee-du-sud-au-nord-de-madere\/","og_site_name":"Tour Travel And More","article_publisher":"https:\/\/www.facebook.com\/tourtravelandmore\/","og_image":[{"width":1280,"height":960,"url":"https:\/\/tourtravelandmore.com\/wp-content\/uploads\/2019\/03\/Madeira_Beach_163610932.jpg","type":"image\/jpeg"}],"twitter_card":"summary_large_image","twitter_site":"@TourTravel_More","twitter_misc":{"Dur\u00e9e de lecture estim\u00e9e":"2 minutes"},"schema":{"@context":"https:\/\/schema.org","@graph":[{"@type":"WebPage","@id":"https:\/\/tourtravelandmore.com\/fr\/tours\/portugal-fr\/funchal-fr\/visite-privee-du-sud-au-nord-de-madere\/","url":"https:\/\/tourtravelandmore.com\/fr\/tours\/portugal-fr\/funchal-fr\/visite-privee-du-sud-au-nord-de-madere\/","name":"Visite priv\u00e9e du sud au nord de Mad\u00e8re avec chauffeur \/ guide","isPartOf":{"@id":"https:\/\/tourtravelandmore.com\/fr\/#website"},"primaryImageOfPage":{"@id":"https:\/\/tourtravelandmore.com\/fr\/tours\/portugal-fr\/funchal-fr\/visite-privee-du-sud-au-nord-de-madere\/#primaryimage"},"image":{"@id":"https:\/\/tourtravelandmore.com\/fr\/tours\/portugal-fr\/funchal-fr\/visite-privee-du-sud-au-nord-de-madere\/#primaryimage"},"thumbnailUrl":"https:\/\/tourtravelandmore.com\/wp-content\/uploads\/2019\/03\/Madeira_Beach_163610932.jpg","datePublished":"2019-03-06T16:14:36+00:00","description":"Profitez de cette visite priv\u00e9e avec un chauffeur \/ guide professionnel. D\u00e9couvrez les sites les plus embl\u00e9matiques de Mad\u00e8re et les magnifiques vues sur la c\u00f4te.","breadcrumb":{"@id":"https:\/\/tourtravelandmore.com\/fr\/tours\/portugal-fr\/funchal-fr\/visite-privee-du-sud-au-nord-de-madere\/#breadcrumb"},"inLanguage":"fr-FR","potentialAction":[{"@type":"ReadAction","target":["https:\/\/tourtravelandmore.com\/fr\/tours\/portugal-fr\/funchal-fr\/visite-privee-du-sud-au-nord-de-madere\/"]}]},{"@type":"ImageObject","inLanguage":"fr-FR","@id":"https:\/\/tourtravelandmore.com\/fr\/tours\/portugal-fr\/funchal-fr\/visite-privee-du-sud-au-nord-de-madere\/#primaryimage","url":"https:\/\/tourtravelandmore.com\/wp-content\/uploads\/2019\/03\/Madeira_Beach_163610932.jpg","contentUrl":"https:\/\/tourtravelandmore.com\/wp-content\/uploads\/2019\/03\/Madeira_Beach_163610932.jpg","width":1280,"height":960},{"@type":"BreadcrumbList","@id":"https:\/\/tourtravelandmore.com\/fr\/tours\/portugal-fr\/funchal-fr\/visite-privee-du-sud-au-nord-de-madere\/#breadcrumb","itemListElement":[{"@type":"ListItem","position":1,"name":"Home","item":"https:\/\/tourtravelandmore.com\/fr\/"},{"@type":"ListItem","position":2,"name":"Tours","item":"https:\/\/tourtravelandmore.com\/fr\/tours\/"},{"@type":"ListItem","position":3,"name":"Visite priv\u00e9e du sud au nord de Mad\u00e8re"}]},{"@type":"WebSite","@id":"https:\/\/tourtravelandmore.com\/fr\/#website","url":"https:\/\/tourtravelandmore.com\/fr\/","name":"Tour Travel And More","description":"Private sightseeing tours and luxury transfers in Spain","publisher":{"@id":"https:\/\/tourtravelandmore.com\/fr\/#organization"},"potentialAction":[{"@type":"SearchAction","target":{"@type":"EntryPoint","urlTemplate":"https:\/\/tourtravelandmore.com\/fr\/?s={search_term_string}"},"query-input":{"@type":"PropertyValueSpecification","valueRequired":true,"valueName":"search_term_string"}}],"inLanguage":"fr-FR"},{"@type":"Organization","@id":"https:\/\/tourtravelandmore.com\/fr\/#organization","name":"Tour Travel And More","url":"https:\/\/tourtravelandmore.com\/fr\/","logo":{"@type":"ImageObject","inLanguage":"fr-FR","@id":"https:\/\/tourtravelandmore.com\/fr\/#\/schema\/logo\/image\/","url":"https:\/\/tourtravelandmore.com\/wp-content\/uploads\/2022\/12\/cropped-logo-cabecera-new.png","contentUrl":"https:\/\/tourtravelandmore.com\/wp-content\/uploads\/2022\/12\/cropped-logo-cabecera-new.png","width":430,"height":61,"caption":"Tour Travel And More"},"image":{"@id":"https:\/\/tourtravelandmore.com\/fr\/#\/schema\/logo\/image\/"},"sameAs":["https:\/\/www.facebook.com\/tourtravelandmore\/","https:\/\/x.com\/TourTravel_More"]}]}},"_links":{"self":[{"href":"https:\/\/tourtravelandmore.com\/fr\/wp-json\/wp\/v2\/product\/100527","targetHints":{"allow":["GET"]}}],"collection":[{"href":"https:\/\/tourtravelandmore.com\/fr\/wp-json\/wp\/v2\/product"}],"about":[{"href":"https:\/\/tourtravelandmore.com\/fr\/wp-json\/wp\/v2\/types\/product"}],"replies":[{"embeddable":true,"href":"https:\/\/tourtravelandmore.com\/fr\/wp-json\/wp\/v2\/comments?post=100527"}],"wp:featuredmedia":[{"embeddable":true,"href":"https:\/\/tourtravelandmore.com\/fr\/wp-json\/wp\/v2\/media\/95643"}],"wp:attachment":[{"href":"https:\/\/tourtravelandmore.com\/fr\/wp-json\/wp\/v2\/media?parent=100527"}],"wp:term":[{"taxonomy":"product_brand","embeddable":true,"href":"https:\/\/tourtravelandmore.com\/fr\/wp-json\/wp\/v2\/product_brand?post=100527"},{"taxonomy":"product_cat","embeddable":true,"href":"https:\/\/tourtravelandmore.com\/fr\/wp-json\/wp\/v2\/product_cat?post=100527"},{"taxonomy":"product_tag","embeddable":true,"href":"https:\/\/tourtravelandmore.com\/fr\/wp-json\/wp\/v2\/product_tag?post=100527"}],"curies":[{"name":"wp","href":"https:\/\/api.w.org\/{rel}","templated":true}]}}