{"id":100522,"date":"2019-03-01T10:46:08","date_gmt":"2019-03-01T09:46:08","guid":{"rendered":"https:\/\/tourtravelandmore.com\/tours\/non class\u00e9\/visite-privee-a-porto-moniz\/"},"modified":"2019-03-01T10:46:08","modified_gmt":"2019-03-01T09:46:08","slug":"visite-privee-a-porto-moniz","status":"publish","type":"product","link":"https:\/\/tourtravelandmore.com\/fr\/tours\/portugal-fr\/funchal-fr\/visite-privee-a-porto-moniz\/","title":{"rendered":"Visite priv\u00e9e \u00e0 Porto Moniz"},"content":{"rendered":"<h2>Description<\/h2>\n<p>Profitez-en pour d\u00e9couvrir cette magnifique \u00eele portugaise avec un chauffeur \/ guide local. Profitez de cette visite priv\u00e9e \u00e0 Porto Moniz et pr\u00e9parez-vous \u00e0 passer une journ\u00e9e incroyable pendant vos vacances.<\/p>\n<p>La prise en charge peut \u00eatre organis\u00e9e depuis le port de croisi\u00e8re de Funchal ou depuis votre h\u00f4tel ou lieu de votre choix \u00e0 Mad\u00e8re. Il vous suffit de nous contacter et de mentionner les d\u00e9tails sp\u00e9cifiques de la visite.<\/p>\n<p>L&#8217;\u00eele de Mad\u00e8re est situ\u00e9e au milieu de l&#8217;Atlantique et est tr\u00e8s connue pour sa beaut\u00e9 naturelle. Toute l&#8217;\u00eele est couverte d&#8217;une belle v\u00e9g\u00e9tation et de fleurs. D&#8217;autre part, nous avons Porto Moniz qui est une belle ville de l&#8217;\u00eele. Il est tr\u00e8s c\u00e9l\u00e8bre pour ses piscines naturelles qui attirent des millions de touristes par an.<\/p>\n<p>La visite a une dur\u00e9e totale de 7 heures entre le moment de la prise en charge et le moment du d\u00e9p\u00f4t. Si vous \u00eates int\u00e9ress\u00e9, nous pouvons inclure plus d&#8217;heures \u00e0 votre exp\u00e9rience. Il s&#8217;agit d&#8217;une visite priv\u00e9e et personnalis\u00e9e de Porto Moniz juste pour vous et votre groupe.<\/p>\n<h2>Sites d&#8217;int\u00e9r\u00eat et monuments<\/h2>\n<p>Tout d&#8217;abord, votre chauffeur \/ guide priv\u00e9 viendra vous chercher dans un v\u00e9hicule de luxe priv\u00e9 \u00e0 l&#8217;heure souhait\u00e9e. Comme nous l&#8217;avons mentionn\u00e9 pr\u00e9c\u00e9demment, la prise en charge peut se faire depuis n&#8217;importe quelle partie de l&#8217;\u00eele.<\/p>\n<p>Au cours de cette visite priv\u00e9e, vous visiterez le lieu le plus important de Porto Moniz, comme nous:<\/p>\n<ul>\n<li>Piscines naturelles<\/li>\n<li>Fort de Sao Joao Baptista<\/li>\n<li>Point de vue du P\u00e8re No\u00ebl<\/li>\n<li>Centre des sciences du vivant<\/li>\n<li>Fanal<\/li>\n<li>Aquarium de Mad\u00e8re<\/li>\n<li>Ribeira da Janela<\/li>\n<li>et bien plus!<\/li>\n<\/ul>\n<p>Si vous avez quelque chose en t\u00eate ou un endroit que vous aimeriez visiter, il vous suffit de nous le dire. Nous ferons de notre mieux pour tout organiser pour vous. Notre travail est de faire une exp\u00e9rience inoubliable pendant vos vacances.<\/p>\n<p>Enfin, \u00e0 la fin de l&#8217;exp\u00e9rience, votre chauffeur \/ guide priv\u00e9 vous ram\u00e8nera \u00e0 votre point de d\u00e9part. Cela doit \u00eatre d\u00e9termin\u00e9 au moment de la r\u00e9servation pour organiser la proposition correspondante.<\/p>\n<p>Nous avons plusieurs options de visites priv\u00e9es \u00e0 Mad\u00e8re, jetez un \u0153il \u00e0 notre liste de produits priv\u00e9s.<\/p>\n","protected":false},"excerpt":{"rendered":"<p>Profitez de cette visite priv\u00e9e enti\u00e8rement personnalis\u00e9e de 7 heures pour d\u00e9couvrir la belle r\u00e9gion de Porto Moniz. Profitez de ses sites les plus embl\u00e9matiques et les plus beaux. Profitez de cette occasion pour conna\u00eetre Porto Moniz dans cette exp\u00e9rience avec votre propre v\u00e9hicule priv\u00e9 avec chauffeur parlant anglais. Personnalisez votre propre exp\u00e9rience avec nous.<\/p>\n","protected":false},"featured_media":95639,"comment_status":"open","ping_status":"closed","template":"","meta":{"_acf_changed":false},"product_brand":[],"product_cat":[3650],"product_tag":[],"class_list":{"0":"post-100522","1":"product","2":"type-product","3":"status-publish","4":"has-post-thumbnail","6":"product_cat-funchal-fr","8":"first","9":"instock","10":"shipping-taxable","11":"purchasable","12":"product-type-simple"},"acf":[],"yoast_head":"<!-- This site is optimized with the Yoast SEO Premium plugin v25.3.1 (Yoast SEO v25.3.1) - https:\/\/yoast.com\/wordpress\/plugins\/seo\/ -->\n<title>Visite priv\u00e9e \u00e0 Porto Moniz avec un chauffeur \/ guide professionnel<\/title>\n<meta name=\"description\" content=\"Profitez de cette visite priv\u00e9e \u00e0 Porto Moniz et pr\u00e9parez-vous \u00e0 admirer l&#039;une des plus belles villes de l&#039;\u00eele de Mad\u00e8re avec un chauffeur \/ guide priv\u00e9.\" \/>\n<meta name=\"robots\" content=\"index, follow, max-snippet:-1, max-image-preview:large, max-video-preview:-1\" \/>\n<link rel=\"canonical\" href=\"https:\/\/tourtravelandmore.com\/fr\/tours\/portugal-fr\/funchal-fr\/visite-privee-a-porto-moniz\/\" \/>\n<meta property=\"og:locale\" content=\"fr_FR\" \/>\n<meta property=\"og:type\" content=\"article\" \/>\n<meta property=\"og:title\" content=\"Visite priv\u00e9e \u00e0 Porto Moniz\" \/>\n<meta property=\"og:description\" content=\"Profitez de cette visite priv\u00e9e \u00e0 Porto Moniz et pr\u00e9parez-vous \u00e0 admirer l&#039;une des plus belles villes de l&#039;\u00eele de Mad\u00e8re avec un chauffeur \/ guide priv\u00e9.\" \/>\n<meta property=\"og:url\" content=\"https:\/\/tourtravelandmore.com\/fr\/tours\/portugal-fr\/funchal-fr\/visite-privee-a-porto-moniz\/\" \/>\n<meta property=\"og:site_name\" content=\"Tour Travel And More\" \/>\n<meta property=\"article:publisher\" content=\"https:\/\/www.facebook.com\/tourtravelandmore\/\" \/>\n<meta property=\"og:image\" content=\"https:\/\/tourtravelandmore.com\/wp-content\/uploads\/2019\/03\/porto-moniz.jpg\" \/>\n\t<meta property=\"og:image:width\" content=\"1024\" \/>\n\t<meta property=\"og:image:height\" content=\"575\" \/>\n\t<meta property=\"og:image:type\" content=\"image\/jpeg\" \/>\n<meta name=\"twitter:card\" content=\"summary_large_image\" \/>\n<meta name=\"twitter:site\" content=\"@TourTravel_More\" \/>\n<meta name=\"twitter:label1\" content=\"Dur\u00e9e de lecture estim\u00e9e\" \/>\n\t<meta name=\"twitter:data1\" content=\"2 minutes\" \/>\n<script type=\"application\/ld+json\" class=\"yoast-schema-graph\">{\"@context\":\"https:\/\/schema.org\",\"@graph\":[{\"@type\":\"WebPage\",\"@id\":\"https:\/\/tourtravelandmore.com\/fr\/tours\/portugal-fr\/funchal-fr\/visite-privee-a-porto-moniz\/\",\"url\":\"https:\/\/tourtravelandmore.com\/fr\/tours\/portugal-fr\/funchal-fr\/visite-privee-a-porto-moniz\/\",\"name\":\"Visite priv\u00e9e \u00e0 Porto Moniz avec un chauffeur \/ guide professionnel\",\"isPartOf\":{\"@id\":\"https:\/\/tourtravelandmore.com\/fr\/#website\"},\"primaryImageOfPage\":{\"@id\":\"https:\/\/tourtravelandmore.com\/fr\/tours\/portugal-fr\/funchal-fr\/visite-privee-a-porto-moniz\/#primaryimage\"},\"image\":{\"@id\":\"https:\/\/tourtravelandmore.com\/fr\/tours\/portugal-fr\/funchal-fr\/visite-privee-a-porto-moniz\/#primaryimage\"},\"thumbnailUrl\":\"https:\/\/tourtravelandmore.com\/wp-content\/uploads\/2019\/03\/porto-moniz.jpg\",\"datePublished\":\"2019-03-01T09:46:08+00:00\",\"description\":\"Profitez de cette visite priv\u00e9e \u00e0 Porto Moniz et pr\u00e9parez-vous \u00e0 admirer l'une des plus belles villes de l'\u00eele de Mad\u00e8re avec un chauffeur \/ guide priv\u00e9.\",\"breadcrumb\":{\"@id\":\"https:\/\/tourtravelandmore.com\/fr\/tours\/portugal-fr\/funchal-fr\/visite-privee-a-porto-moniz\/#breadcrumb\"},\"inLanguage\":\"fr-FR\",\"potentialAction\":[{\"@type\":\"ReadAction\",\"target\":[\"https:\/\/tourtravelandmore.com\/fr\/tours\/portugal-fr\/funchal-fr\/visite-privee-a-porto-moniz\/\"]}]},{\"@type\":\"ImageObject\",\"inLanguage\":\"fr-FR\",\"@id\":\"https:\/\/tourtravelandmore.com\/fr\/tours\/portugal-fr\/funchal-fr\/visite-privee-a-porto-moniz\/#primaryimage\",\"url\":\"https:\/\/tourtravelandmore.com\/wp-content\/uploads\/2019\/03\/porto-moniz.jpg\",\"contentUrl\":\"https:\/\/tourtravelandmore.com\/wp-content\/uploads\/2019\/03\/porto-moniz.jpg\",\"width\":1024,\"height\":575},{\"@type\":\"BreadcrumbList\",\"@id\":\"https:\/\/tourtravelandmore.com\/fr\/tours\/portugal-fr\/funchal-fr\/visite-privee-a-porto-moniz\/#breadcrumb\",\"itemListElement\":[{\"@type\":\"ListItem\",\"position\":1,\"name\":\"Home\",\"item\":\"https:\/\/tourtravelandmore.com\/fr\/\"},{\"@type\":\"ListItem\",\"position\":2,\"name\":\"Tours\",\"item\":\"https:\/\/tourtravelandmore.com\/fr\/tours\/\"},{\"@type\":\"ListItem\",\"position\":3,\"name\":\"Visite priv\u00e9e \u00e0 Porto Moniz\"}]},{\"@type\":\"WebSite\",\"@id\":\"https:\/\/tourtravelandmore.com\/fr\/#website\",\"url\":\"https:\/\/tourtravelandmore.com\/fr\/\",\"name\":\"Tour Travel And More\",\"description\":\"Private sightseeing tours and luxury transfers in Spain\",\"publisher\":{\"@id\":\"https:\/\/tourtravelandmore.com\/fr\/#organization\"},\"potentialAction\":[{\"@type\":\"SearchAction\",\"target\":{\"@type\":\"EntryPoint\",\"urlTemplate\":\"https:\/\/tourtravelandmore.com\/fr\/?s={search_term_string}\"},\"query-input\":{\"@type\":\"PropertyValueSpecification\",\"valueRequired\":true,\"valueName\":\"search_term_string\"}}],\"inLanguage\":\"fr-FR\"},{\"@type\":\"Organization\",\"@id\":\"https:\/\/tourtravelandmore.com\/fr\/#organization\",\"name\":\"Tour Travel And More\",\"url\":\"https:\/\/tourtravelandmore.com\/fr\/\",\"logo\":{\"@type\":\"ImageObject\",\"inLanguage\":\"fr-FR\",\"@id\":\"https:\/\/tourtravelandmore.com\/fr\/#\/schema\/logo\/image\/\",\"url\":\"https:\/\/tourtravelandmore.com\/wp-content\/uploads\/2022\/12\/cropped-logo-cabecera-new.png\",\"contentUrl\":\"https:\/\/tourtravelandmore.com\/wp-content\/uploads\/2022\/12\/cropped-logo-cabecera-new.png\",\"width\":430,\"height\":61,\"caption\":\"Tour Travel And More\"},\"image\":{\"@id\":\"https:\/\/tourtravelandmore.com\/fr\/#\/schema\/logo\/image\/\"},\"sameAs\":[\"https:\/\/www.facebook.com\/tourtravelandmore\/\",\"https:\/\/x.com\/TourTravel_More\"]}]}<\/script>\n<!-- \/ Yoast SEO Premium plugin. -->","yoast_head_json":{"title":"Visite priv\u00e9e \u00e0 Porto Moniz avec un chauffeur \/ guide professionnel","description":"Profitez de cette visite priv\u00e9e \u00e0 Porto Moniz et pr\u00e9parez-vous \u00e0 admirer l'une des plus belles villes de l'\u00eele de Mad\u00e8re avec un chauffeur \/ guide priv\u00e9.","robots":{"index":"index","follow":"follow","max-snippet":"max-snippet:-1","max-image-preview":"max-image-preview:large","max-video-preview":"max-video-preview:-1"},"canonical":"https:\/\/tourtravelandmore.com\/fr\/tours\/portugal-fr\/funchal-fr\/visite-privee-a-porto-moniz\/","og_locale":"fr_FR","og_type":"article","og_title":"Visite priv\u00e9e \u00e0 Porto Moniz","og_description":"Profitez de cette visite priv\u00e9e \u00e0 Porto Moniz et pr\u00e9parez-vous \u00e0 admirer l'une des plus belles villes de l'\u00eele de Mad\u00e8re avec un chauffeur \/ guide priv\u00e9.","og_url":"https:\/\/tourtravelandmore.com\/fr\/tours\/portugal-fr\/funchal-fr\/visite-privee-a-porto-moniz\/","og_site_name":"Tour Travel And More","article_publisher":"https:\/\/www.facebook.com\/tourtravelandmore\/","og_image":[{"width":1024,"height":575,"url":"https:\/\/tourtravelandmore.com\/wp-content\/uploads\/2019\/03\/porto-moniz.jpg","type":"image\/jpeg"}],"twitter_card":"summary_large_image","twitter_site":"@TourTravel_More","twitter_misc":{"Dur\u00e9e de lecture estim\u00e9e":"2 minutes"},"schema":{"@context":"https:\/\/schema.org","@graph":[{"@type":"WebPage","@id":"https:\/\/tourtravelandmore.com\/fr\/tours\/portugal-fr\/funchal-fr\/visite-privee-a-porto-moniz\/","url":"https:\/\/tourtravelandmore.com\/fr\/tours\/portugal-fr\/funchal-fr\/visite-privee-a-porto-moniz\/","name":"Visite priv\u00e9e \u00e0 Porto Moniz avec un chauffeur \/ guide professionnel","isPartOf":{"@id":"https:\/\/tourtravelandmore.com\/fr\/#website"},"primaryImageOfPage":{"@id":"https:\/\/tourtravelandmore.com\/fr\/tours\/portugal-fr\/funchal-fr\/visite-privee-a-porto-moniz\/#primaryimage"},"image":{"@id":"https:\/\/tourtravelandmore.com\/fr\/tours\/portugal-fr\/funchal-fr\/visite-privee-a-porto-moniz\/#primaryimage"},"thumbnailUrl":"https:\/\/tourtravelandmore.com\/wp-content\/uploads\/2019\/03\/porto-moniz.jpg","datePublished":"2019-03-01T09:46:08+00:00","description":"Profitez de cette visite priv\u00e9e \u00e0 Porto Moniz et pr\u00e9parez-vous \u00e0 admirer l'une des plus belles villes de l'\u00eele de Mad\u00e8re avec un chauffeur \/ guide priv\u00e9.","breadcrumb":{"@id":"https:\/\/tourtravelandmore.com\/fr\/tours\/portugal-fr\/funchal-fr\/visite-privee-a-porto-moniz\/#breadcrumb"},"inLanguage":"fr-FR","potentialAction":[{"@type":"ReadAction","target":["https:\/\/tourtravelandmore.com\/fr\/tours\/portugal-fr\/funchal-fr\/visite-privee-a-porto-moniz\/"]}]},{"@type":"ImageObject","inLanguage":"fr-FR","@id":"https:\/\/tourtravelandmore.com\/fr\/tours\/portugal-fr\/funchal-fr\/visite-privee-a-porto-moniz\/#primaryimage","url":"https:\/\/tourtravelandmore.com\/wp-content\/uploads\/2019\/03\/porto-moniz.jpg","contentUrl":"https:\/\/tourtravelandmore.com\/wp-content\/uploads\/2019\/03\/porto-moniz.jpg","width":1024,"height":575},{"@type":"BreadcrumbList","@id":"https:\/\/tourtravelandmore.com\/fr\/tours\/portugal-fr\/funchal-fr\/visite-privee-a-porto-moniz\/#breadcrumb","itemListElement":[{"@type":"ListItem","position":1,"name":"Home","item":"https:\/\/tourtravelandmore.com\/fr\/"},{"@type":"ListItem","position":2,"name":"Tours","item":"https:\/\/tourtravelandmore.com\/fr\/tours\/"},{"@type":"ListItem","position":3,"name":"Visite priv\u00e9e \u00e0 Porto Moniz"}]},{"@type":"WebSite","@id":"https:\/\/tourtravelandmore.com\/fr\/#website","url":"https:\/\/tourtravelandmore.com\/fr\/","name":"Tour Travel And More","description":"Private sightseeing tours and luxury transfers in Spain","publisher":{"@id":"https:\/\/tourtravelandmore.com\/fr\/#organization"},"potentialAction":[{"@type":"SearchAction","target":{"@type":"EntryPoint","urlTemplate":"https:\/\/tourtravelandmore.com\/fr\/?s={search_term_string}"},"query-input":{"@type":"PropertyValueSpecification","valueRequired":true,"valueName":"search_term_string"}}],"inLanguage":"fr-FR"},{"@type":"Organization","@id":"https:\/\/tourtravelandmore.com\/fr\/#organization","name":"Tour Travel And More","url":"https:\/\/tourtravelandmore.com\/fr\/","logo":{"@type":"ImageObject","inLanguage":"fr-FR","@id":"https:\/\/tourtravelandmore.com\/fr\/#\/schema\/logo\/image\/","url":"https:\/\/tourtravelandmore.com\/wp-content\/uploads\/2022\/12\/cropped-logo-cabecera-new.png","contentUrl":"https:\/\/tourtravelandmore.com\/wp-content\/uploads\/2022\/12\/cropped-logo-cabecera-new.png","width":430,"height":61,"caption":"Tour Travel And More"},"image":{"@id":"https:\/\/tourtravelandmore.com\/fr\/#\/schema\/logo\/image\/"},"sameAs":["https:\/\/www.facebook.com\/tourtravelandmore\/","https:\/\/x.com\/TourTravel_More"]}]}},"_links":{"self":[{"href":"https:\/\/tourtravelandmore.com\/fr\/wp-json\/wp\/v2\/product\/100522","targetHints":{"allow":["GET"]}}],"collection":[{"href":"https:\/\/tourtravelandmore.com\/fr\/wp-json\/wp\/v2\/product"}],"about":[{"href":"https:\/\/tourtravelandmore.com\/fr\/wp-json\/wp\/v2\/types\/product"}],"replies":[{"embeddable":true,"href":"https:\/\/tourtravelandmore.com\/fr\/wp-json\/wp\/v2\/comments?post=100522"}],"wp:featuredmedia":[{"embeddable":true,"href":"https:\/\/tourtravelandmore.com\/fr\/wp-json\/wp\/v2\/media\/95639"}],"wp:attachment":[{"href":"https:\/\/tourtravelandmore.com\/fr\/wp-json\/wp\/v2\/media?parent=100522"}],"wp:term":[{"taxonomy":"product_brand","embeddable":true,"href":"https:\/\/tourtravelandmore.com\/fr\/wp-json\/wp\/v2\/product_brand?post=100522"},{"taxonomy":"product_cat","embeddable":true,"href":"https:\/\/tourtravelandmore.com\/fr\/wp-json\/wp\/v2\/product_cat?post=100522"},{"taxonomy":"product_tag","embeddable":true,"href":"https:\/\/tourtravelandmore.com\/fr\/wp-json\/wp\/v2\/product_tag?post=100522"}],"curies":[{"name":"wp","href":"https:\/\/api.w.org\/{rel}","templated":true}]}}