{"id":100517,"date":"2019-02-25T12:45:11","date_gmt":"2019-02-25T11:45:11","guid":{"rendered":"https:\/\/tourtravelandmore.com\/tours\/non class\u00e9\/excursion-privee-a-terre-depuis-le-port-de-croisiere-de-funchal\/"},"modified":"2019-02-25T12:45:11","modified_gmt":"2019-02-25T11:45:11","slug":"excursion-privee-a-terre-depuis-le-port-de-croisiere-de-funchal","status":"publish","type":"product","link":"https:\/\/tourtravelandmore.com\/fr\/tours\/portugal-fr\/funchal-fr\/excursion-privee-a-terre-depuis-le-port-de-croisiere-de-funchal\/","title":{"rendered":"Excursion priv\u00e9e \u00e0 terre depuis le port de croisi\u00e8re de Funchal"},"content":{"rendered":"<h2>Description<\/h2>\n<p>\u00catre sur un bateau de croisi\u00e8re vous donne la possibilit\u00e9 de visiter des endroits merveilleux. Profitez de cette excursion priv\u00e9e de 5 heures depuis le port de croisi\u00e8re de Funchal et d\u00e9couvrez cette magnifique \u00eele portugaise. Vous admirerez les sites les plus beaux et embl\u00e9matiques de Mad\u00e8re avec un chauffeur \/ guide priv\u00e9.<\/p>\n<p>L&#8217;\u00eele de Mad\u00e8re est situ\u00e9e au milieu de l&#8217;Atlantique et est tr\u00e8s connue pour sa beaut\u00e9 naturelle. Toute l&#8217;\u00eele est couverte d&#8217;une belle v\u00e9g\u00e9tation et de fleurs. L&#8217;\u00eele accueille le port de croisi\u00e8re international de Funchal, o\u00f9 de nombreuses grandes compagnies de croisi\u00e8re proposent un arr\u00eat. Devant le port se trouve la forteresse de S\u00e3o Tiago, construite au XVII\u00e8me si\u00e8cle. L&#8217;\u00eele abrite de belles plages et est id\u00e9ale pour la randonn\u00e9e.<\/p>\n<p>Votre chauffeur \/ guide priv\u00e9 est professionnel avec une grande connaissance de l&#8217;histoire et de la culture de l&#8217;\u00eele. Vous passerez un bon moment lors de cette visite priv\u00e9e tout en apprenant autant que vous le pouvez sur l&#8217;\u00eele.<\/p>\n<p>Profitez de cette excursion priv\u00e9e \u00e0 terre depuis le port de croisi\u00e8re de Funchal au maximum \u00e0 bord d&#8217;un v\u00e9hicule de luxe priv\u00e9.<\/p>\n<h2>Sites d&#8217;int\u00e9r\u00eat et monuments<\/h2>\n<p>Tout d&#8217;abord, votre chauffeur \/ guide priv\u00e9 viendra vous chercher au port de croisi\u00e8re de Funchal \u00e0 votre heure de d\u00e9barquement. Il tiendra une pancarte avec votre nom dessus, afin que vous puissiez facilement le reconna\u00eetre.<\/p>\n<p>Au cours de votre visite priv\u00e9e, vous d\u00e9couvrirez certains des points les plus embl\u00e9matiques de l&#8217;\u00eele. Parmi les autres sites que vous visiterez:<\/p>\n<ul>\n<li>Monte<\/li>\n<li>Pico dos Barcelos<\/li>\n<li>Eira do Serrado<\/li>\n<li>C\u00e2mara de Lobos<\/li>\n<li>Ponta du Sol<\/li>\n<li>Ribeira Brava<\/li>\n<li>Cabo Gir\u00e3o<\/li>\n<li>Beaucoup plus!<\/li>\n<\/ul>\n<p>Il s&#8217;agit d&#8217;une visite de 5 heures, mais au cas o\u00f9 vous pr\u00e9f\u00e9rez, nous pouvons inclure plus d&#8217;heures \u00e0 votre exp\u00e9rience. Il est possible d&#8217;en faire une excursion d&#8217;une journ\u00e9e si vous \u00eates int\u00e9ress\u00e9. Nous pouvons \u00e9galement inclure un billet d&#8217;entr\u00e9e \u00e0 tout monument ou mus\u00e9e que vous souhaitez visiter. L&#8217;\u00e9quipe de Tour Travel &amp; More sera \u00e0 votre enti\u00e8re disposition pour faire une exp\u00e9rience unique pour vous.<\/p>\n<p>Enfin, nous vous ram\u00e8nerons au port de croisi\u00e8re de Funchal. Une autre excursion possible \u00e0 Mad\u00e8re pourrait \u00eatre notre excursion priv\u00e9e d&#8217;une journ\u00e9e compl\u00e8te du sud au nord \u00e0 Mad\u00e8re, jetez un coup d&#8217;\u0153il !.<\/p>\n","protected":false},"excerpt":{"rendered":"<p>Rejoignez-nous pour conna\u00eetre et profiter des lieux les plus embl\u00e9matiques de l&#8217;\u00eele de Mad\u00e8re avec votre chauffeur \/ guide priv\u00e9. Profitez des plages, des plus belles vues panoramiques et des villages les plus traditionnels de cette belle \u00eele portugaise depuis le terminal de croisi\u00e8re de Funchal.<\/p>\n","protected":false},"featured_media":95620,"comment_status":"open","ping_status":"closed","template":"","meta":{"_acf_changed":false},"product_brand":[],"product_cat":[3667,3650],"product_tag":[],"class_list":{"0":"post-100517","1":"product","2":"type-product","3":"status-publish","4":"has-post-thumbnail","6":"product_cat-portugal-fr","7":"product_cat-funchal-fr","9":"first","10":"instock","11":"shipping-taxable","12":"purchasable","13":"product-type-simple"},"acf":[],"yoast_head":"<!-- This site is optimized with the Yoast SEO Premium plugin v25.3.1 (Yoast SEO v25.3.1) - https:\/\/yoast.com\/wordpress\/plugins\/seo\/ -->\n<title>Excursion priv\u00e9e \u00e0 terre depuis le port de croisi\u00e8re de Funchal avec chauffeur \/ guide local<\/title>\n<meta name=\"description\" content=\"Profitez de cette excursion priv\u00e9e \u00e0 terre depuis le port de croisi\u00e8re de Funchal. D\u00e9couvrez les sites les plus embl\u00e9matiques de Mad\u00e8re avec un chauffeur \/ guide priv\u00e9.\" \/>\n<meta name=\"robots\" content=\"index, follow, max-snippet:-1, max-image-preview:large, max-video-preview:-1\" \/>\n<link rel=\"canonical\" href=\"https:\/\/tourtravelandmore.com\/fr\/tours\/portugal-fr\/funchal-fr\/excursion-privee-a-terre-depuis-le-port-de-croisiere-de-funchal\/\" \/>\n<meta property=\"og:locale\" content=\"fr_FR\" \/>\n<meta property=\"og:type\" content=\"article\" \/>\n<meta property=\"og:title\" content=\"Excursion priv\u00e9e \u00e0 terre depuis le port de croisi\u00e8re de Funchal\" \/>\n<meta property=\"og:description\" content=\"Profitez de cette excursion priv\u00e9e \u00e0 terre depuis le port de croisi\u00e8re de Funchal. D\u00e9couvrez les sites les plus embl\u00e9matiques de Mad\u00e8re avec un chauffeur \/ guide priv\u00e9.\" \/>\n<meta property=\"og:url\" content=\"https:\/\/tourtravelandmore.com\/fr\/tours\/portugal-fr\/funchal-fr\/excursion-privee-a-terre-depuis-le-port-de-croisiere-de-funchal\/\" \/>\n<meta property=\"og:site_name\" content=\"Tour Travel And More\" \/>\n<meta property=\"article:publisher\" content=\"https:\/\/www.facebook.com\/tourtravelandmore\/\" \/>\n<meta property=\"og:image\" content=\"https:\/\/tourtravelandmore.com\/wp-content\/uploads\/2019\/02\/funchal-1579471_960_720.jpg\" \/>\n\t<meta property=\"og:image:width\" content=\"960\" \/>\n\t<meta property=\"og:image:height\" content=\"635\" \/>\n\t<meta property=\"og:image:type\" content=\"image\/jpeg\" \/>\n<meta name=\"twitter:card\" content=\"summary_large_image\" \/>\n<meta name=\"twitter:site\" content=\"@TourTravel_More\" \/>\n<meta name=\"twitter:label1\" content=\"Dur\u00e9e de lecture estim\u00e9e\" \/>\n\t<meta name=\"twitter:data1\" content=\"2 minutes\" \/>\n<script type=\"application\/ld+json\" class=\"yoast-schema-graph\">{\"@context\":\"https:\/\/schema.org\",\"@graph\":[{\"@type\":\"WebPage\",\"@id\":\"https:\/\/tourtravelandmore.com\/fr\/tours\/portugal-fr\/funchal-fr\/excursion-privee-a-terre-depuis-le-port-de-croisiere-de-funchal\/\",\"url\":\"https:\/\/tourtravelandmore.com\/fr\/tours\/portugal-fr\/funchal-fr\/excursion-privee-a-terre-depuis-le-port-de-croisiere-de-funchal\/\",\"name\":\"Excursion priv\u00e9e \u00e0 terre depuis le port de croisi\u00e8re de Funchal avec chauffeur \/ guide local\",\"isPartOf\":{\"@id\":\"https:\/\/tourtravelandmore.com\/fr\/#website\"},\"primaryImageOfPage\":{\"@id\":\"https:\/\/tourtravelandmore.com\/fr\/tours\/portugal-fr\/funchal-fr\/excursion-privee-a-terre-depuis-le-port-de-croisiere-de-funchal\/#primaryimage\"},\"image\":{\"@id\":\"https:\/\/tourtravelandmore.com\/fr\/tours\/portugal-fr\/funchal-fr\/excursion-privee-a-terre-depuis-le-port-de-croisiere-de-funchal\/#primaryimage\"},\"thumbnailUrl\":\"https:\/\/tourtravelandmore.com\/wp-content\/uploads\/2019\/02\/funchal-1579471_960_720.jpg\",\"datePublished\":\"2019-02-25T11:45:11+00:00\",\"description\":\"Profitez de cette excursion priv\u00e9e \u00e0 terre depuis le port de croisi\u00e8re de Funchal. D\u00e9couvrez les sites les plus embl\u00e9matiques de Mad\u00e8re avec un chauffeur \/ guide priv\u00e9.\",\"breadcrumb\":{\"@id\":\"https:\/\/tourtravelandmore.com\/fr\/tours\/portugal-fr\/funchal-fr\/excursion-privee-a-terre-depuis-le-port-de-croisiere-de-funchal\/#breadcrumb\"},\"inLanguage\":\"fr-FR\",\"potentialAction\":[{\"@type\":\"ReadAction\",\"target\":[\"https:\/\/tourtravelandmore.com\/fr\/tours\/portugal-fr\/funchal-fr\/excursion-privee-a-terre-depuis-le-port-de-croisiere-de-funchal\/\"]}]},{\"@type\":\"ImageObject\",\"inLanguage\":\"fr-FR\",\"@id\":\"https:\/\/tourtravelandmore.com\/fr\/tours\/portugal-fr\/funchal-fr\/excursion-privee-a-terre-depuis-le-port-de-croisiere-de-funchal\/#primaryimage\",\"url\":\"https:\/\/tourtravelandmore.com\/wp-content\/uploads\/2019\/02\/funchal-1579471_960_720.jpg\",\"contentUrl\":\"https:\/\/tourtravelandmore.com\/wp-content\/uploads\/2019\/02\/funchal-1579471_960_720.jpg\",\"width\":960,\"height\":635},{\"@type\":\"BreadcrumbList\",\"@id\":\"https:\/\/tourtravelandmore.com\/fr\/tours\/portugal-fr\/funchal-fr\/excursion-privee-a-terre-depuis-le-port-de-croisiere-de-funchal\/#breadcrumb\",\"itemListElement\":[{\"@type\":\"ListItem\",\"position\":1,\"name\":\"Home\",\"item\":\"https:\/\/tourtravelandmore.com\/fr\/\"},{\"@type\":\"ListItem\",\"position\":2,\"name\":\"Tours\",\"item\":\"https:\/\/tourtravelandmore.com\/fr\/tours\/\"},{\"@type\":\"ListItem\",\"position\":3,\"name\":\"Excursion priv\u00e9e \u00e0 terre depuis le port de croisi\u00e8re de Funchal\"}]},{\"@type\":\"WebSite\",\"@id\":\"https:\/\/tourtravelandmore.com\/fr\/#website\",\"url\":\"https:\/\/tourtravelandmore.com\/fr\/\",\"name\":\"Tour Travel And More\",\"description\":\"Private sightseeing tours and luxury transfers in Spain\",\"publisher\":{\"@id\":\"https:\/\/tourtravelandmore.com\/fr\/#organization\"},\"potentialAction\":[{\"@type\":\"SearchAction\",\"target\":{\"@type\":\"EntryPoint\",\"urlTemplate\":\"https:\/\/tourtravelandmore.com\/fr\/?s={search_term_string}\"},\"query-input\":{\"@type\":\"PropertyValueSpecification\",\"valueRequired\":true,\"valueName\":\"search_term_string\"}}],\"inLanguage\":\"fr-FR\"},{\"@type\":\"Organization\",\"@id\":\"https:\/\/tourtravelandmore.com\/fr\/#organization\",\"name\":\"Tour Travel And More\",\"url\":\"https:\/\/tourtravelandmore.com\/fr\/\",\"logo\":{\"@type\":\"ImageObject\",\"inLanguage\":\"fr-FR\",\"@id\":\"https:\/\/tourtravelandmore.com\/fr\/#\/schema\/logo\/image\/\",\"url\":\"https:\/\/tourtravelandmore.com\/wp-content\/uploads\/2022\/12\/cropped-logo-cabecera-new.png\",\"contentUrl\":\"https:\/\/tourtravelandmore.com\/wp-content\/uploads\/2022\/12\/cropped-logo-cabecera-new.png\",\"width\":430,\"height\":61,\"caption\":\"Tour Travel And More\"},\"image\":{\"@id\":\"https:\/\/tourtravelandmore.com\/fr\/#\/schema\/logo\/image\/\"},\"sameAs\":[\"https:\/\/www.facebook.com\/tourtravelandmore\/\",\"https:\/\/x.com\/TourTravel_More\"]}]}<\/script>\n<!-- \/ Yoast SEO Premium plugin. -->","yoast_head_json":{"title":"Excursion priv\u00e9e \u00e0 terre depuis le port de croisi\u00e8re de Funchal avec chauffeur \/ guide local","description":"Profitez de cette excursion priv\u00e9e \u00e0 terre depuis le port de croisi\u00e8re de Funchal. D\u00e9couvrez les sites les plus embl\u00e9matiques de Mad\u00e8re avec un chauffeur \/ guide priv\u00e9.","robots":{"index":"index","follow":"follow","max-snippet":"max-snippet:-1","max-image-preview":"max-image-preview:large","max-video-preview":"max-video-preview:-1"},"canonical":"https:\/\/tourtravelandmore.com\/fr\/tours\/portugal-fr\/funchal-fr\/excursion-privee-a-terre-depuis-le-port-de-croisiere-de-funchal\/","og_locale":"fr_FR","og_type":"article","og_title":"Excursion priv\u00e9e \u00e0 terre depuis le port de croisi\u00e8re de Funchal","og_description":"Profitez de cette excursion priv\u00e9e \u00e0 terre depuis le port de croisi\u00e8re de Funchal. D\u00e9couvrez les sites les plus embl\u00e9matiques de Mad\u00e8re avec un chauffeur \/ guide priv\u00e9.","og_url":"https:\/\/tourtravelandmore.com\/fr\/tours\/portugal-fr\/funchal-fr\/excursion-privee-a-terre-depuis-le-port-de-croisiere-de-funchal\/","og_site_name":"Tour Travel And More","article_publisher":"https:\/\/www.facebook.com\/tourtravelandmore\/","og_image":[{"width":960,"height":635,"url":"https:\/\/tourtravelandmore.com\/wp-content\/uploads\/2019\/02\/funchal-1579471_960_720.jpg","type":"image\/jpeg"}],"twitter_card":"summary_large_image","twitter_site":"@TourTravel_More","twitter_misc":{"Dur\u00e9e de lecture estim\u00e9e":"2 minutes"},"schema":{"@context":"https:\/\/schema.org","@graph":[{"@type":"WebPage","@id":"https:\/\/tourtravelandmore.com\/fr\/tours\/portugal-fr\/funchal-fr\/excursion-privee-a-terre-depuis-le-port-de-croisiere-de-funchal\/","url":"https:\/\/tourtravelandmore.com\/fr\/tours\/portugal-fr\/funchal-fr\/excursion-privee-a-terre-depuis-le-port-de-croisiere-de-funchal\/","name":"Excursion priv\u00e9e \u00e0 terre depuis le port de croisi\u00e8re de Funchal avec chauffeur \/ guide local","isPartOf":{"@id":"https:\/\/tourtravelandmore.com\/fr\/#website"},"primaryImageOfPage":{"@id":"https:\/\/tourtravelandmore.com\/fr\/tours\/portugal-fr\/funchal-fr\/excursion-privee-a-terre-depuis-le-port-de-croisiere-de-funchal\/#primaryimage"},"image":{"@id":"https:\/\/tourtravelandmore.com\/fr\/tours\/portugal-fr\/funchal-fr\/excursion-privee-a-terre-depuis-le-port-de-croisiere-de-funchal\/#primaryimage"},"thumbnailUrl":"https:\/\/tourtravelandmore.com\/wp-content\/uploads\/2019\/02\/funchal-1579471_960_720.jpg","datePublished":"2019-02-25T11:45:11+00:00","description":"Profitez de cette excursion priv\u00e9e \u00e0 terre depuis le port de croisi\u00e8re de Funchal. D\u00e9couvrez les sites les plus embl\u00e9matiques de Mad\u00e8re avec un chauffeur \/ guide priv\u00e9.","breadcrumb":{"@id":"https:\/\/tourtravelandmore.com\/fr\/tours\/portugal-fr\/funchal-fr\/excursion-privee-a-terre-depuis-le-port-de-croisiere-de-funchal\/#breadcrumb"},"inLanguage":"fr-FR","potentialAction":[{"@type":"ReadAction","target":["https:\/\/tourtravelandmore.com\/fr\/tours\/portugal-fr\/funchal-fr\/excursion-privee-a-terre-depuis-le-port-de-croisiere-de-funchal\/"]}]},{"@type":"ImageObject","inLanguage":"fr-FR","@id":"https:\/\/tourtravelandmore.com\/fr\/tours\/portugal-fr\/funchal-fr\/excursion-privee-a-terre-depuis-le-port-de-croisiere-de-funchal\/#primaryimage","url":"https:\/\/tourtravelandmore.com\/wp-content\/uploads\/2019\/02\/funchal-1579471_960_720.jpg","contentUrl":"https:\/\/tourtravelandmore.com\/wp-content\/uploads\/2019\/02\/funchal-1579471_960_720.jpg","width":960,"height":635},{"@type":"BreadcrumbList","@id":"https:\/\/tourtravelandmore.com\/fr\/tours\/portugal-fr\/funchal-fr\/excursion-privee-a-terre-depuis-le-port-de-croisiere-de-funchal\/#breadcrumb","itemListElement":[{"@type":"ListItem","position":1,"name":"Home","item":"https:\/\/tourtravelandmore.com\/fr\/"},{"@type":"ListItem","position":2,"name":"Tours","item":"https:\/\/tourtravelandmore.com\/fr\/tours\/"},{"@type":"ListItem","position":3,"name":"Excursion priv\u00e9e \u00e0 terre depuis le port de croisi\u00e8re de Funchal"}]},{"@type":"WebSite","@id":"https:\/\/tourtravelandmore.com\/fr\/#website","url":"https:\/\/tourtravelandmore.com\/fr\/","name":"Tour Travel And More","description":"Private sightseeing tours and luxury transfers in Spain","publisher":{"@id":"https:\/\/tourtravelandmore.com\/fr\/#organization"},"potentialAction":[{"@type":"SearchAction","target":{"@type":"EntryPoint","urlTemplate":"https:\/\/tourtravelandmore.com\/fr\/?s={search_term_string}"},"query-input":{"@type":"PropertyValueSpecification","valueRequired":true,"valueName":"search_term_string"}}],"inLanguage":"fr-FR"},{"@type":"Organization","@id":"https:\/\/tourtravelandmore.com\/fr\/#organization","name":"Tour Travel And More","url":"https:\/\/tourtravelandmore.com\/fr\/","logo":{"@type":"ImageObject","inLanguage":"fr-FR","@id":"https:\/\/tourtravelandmore.com\/fr\/#\/schema\/logo\/image\/","url":"https:\/\/tourtravelandmore.com\/wp-content\/uploads\/2022\/12\/cropped-logo-cabecera-new.png","contentUrl":"https:\/\/tourtravelandmore.com\/wp-content\/uploads\/2022\/12\/cropped-logo-cabecera-new.png","width":430,"height":61,"caption":"Tour Travel And More"},"image":{"@id":"https:\/\/tourtravelandmore.com\/fr\/#\/schema\/logo\/image\/"},"sameAs":["https:\/\/www.facebook.com\/tourtravelandmore\/","https:\/\/x.com\/TourTravel_More"]}]}},"_links":{"self":[{"href":"https:\/\/tourtravelandmore.com\/fr\/wp-json\/wp\/v2\/product\/100517","targetHints":{"allow":["GET"]}}],"collection":[{"href":"https:\/\/tourtravelandmore.com\/fr\/wp-json\/wp\/v2\/product"}],"about":[{"href":"https:\/\/tourtravelandmore.com\/fr\/wp-json\/wp\/v2\/types\/product"}],"replies":[{"embeddable":true,"href":"https:\/\/tourtravelandmore.com\/fr\/wp-json\/wp\/v2\/comments?post=100517"}],"wp:featuredmedia":[{"embeddable":true,"href":"https:\/\/tourtravelandmore.com\/fr\/wp-json\/wp\/v2\/media\/95620"}],"wp:attachment":[{"href":"https:\/\/tourtravelandmore.com\/fr\/wp-json\/wp\/v2\/media?parent=100517"}],"wp:term":[{"taxonomy":"product_brand","embeddable":true,"href":"https:\/\/tourtravelandmore.com\/fr\/wp-json\/wp\/v2\/product_brand?post=100517"},{"taxonomy":"product_cat","embeddable":true,"href":"https:\/\/tourtravelandmore.com\/fr\/wp-json\/wp\/v2\/product_cat?post=100517"},{"taxonomy":"product_tag","embeddable":true,"href":"https:\/\/tourtravelandmore.com\/fr\/wp-json\/wp\/v2\/product_tag?post=100517"}],"curies":[{"name":"wp","href":"https:\/\/api.w.org\/{rel}","templated":true}]}}