{"id":100507,"date":"2018-10-19T15:07:32","date_gmt":"2018-10-19T13:07:32","guid":{"rendered":"https:\/\/tourtravelandmore.com\/tours\/non class\u00e9\/visite-privee-a-pied-de-leiden\/"},"modified":"2018-10-19T15:07:32","modified_gmt":"2018-10-19T13:07:32","slug":"visite-privee-a-pied-de-leiden","status":"publish","type":"product","link":"https:\/\/tourtravelandmore.com\/fr\/tours\/les-pays-bas-fr\/leiden-fr\/visite-privee-a-pied-de-leiden\/","title":{"rendered":"Visite priv\u00e9e \u00e0 pied de Leiden"},"content":{"rendered":"<h2>Description<\/h2>\n<p>L&#8217;une des meilleures fa\u00e7ons de conna\u00eetre une ville est de faire une visite \u00e0 pied avec un vrai local. C&#8217;est pourquoi vous ne pouvez pas manquer notre visite priv\u00e9e \u00e0 pied de Leiden. Cette visite priv\u00e9e est organis\u00e9e avec un guide officiel.<\/p>\n<p>Pour cette visite priv\u00e9e, nous commencerons par un point de rencontre situ\u00e9 au centre. Nous pouvons organiser une prise en charge \u00e0 pied si votre h\u00f4tel est situ\u00e9 dans le centre-ville. Sinon, nous pouvons organiser un point de rendez-vous central pour une prise en charge rapide et confortable pour vous.<\/p>\n<p>Apr\u00e8s avoir rencontr\u00e9 votre guide priv\u00e9, nous commencerons cette exp\u00e9rience formidable. Ce sera une visite priv\u00e9e \u00e0 pied de 4 heures. Vous d\u00e9couvrirez le meilleur de Leiden et du centre-ville!<\/p>\n<h2>Sites d&#8217;int\u00e9r\u00eat et monuments<\/h2>\n<p>Votre guide officiel priv\u00e9 viendra vous chercher \u00e0 votre h\u00f4tel ou lieu de votre choix \u00e0 Leiden pour commencer votre visite priv\u00e9e.<\/p>\n<p>Leiden est une ville magnifique et avec tant \u00e0 offrir. Laissez notre guide vous livrer l&#8217;histoire et les sites importants de la ville!<\/p>\n<p>Vous profiterez d&#8217;une visite priv\u00e9e \u00e0 pied de 4 heures des monuments et sites les plus importants de Leiden.<\/p>\n<p>Entre autres monuments et sites, profitez de:<\/p>\n<ul>\n<li>Hortus Botanicus \u00e0 Leiden<\/li>\n<li>Hooglandse Kerk<\/li>\n<li>Molen de Valk<\/li>\n<li>Observatoire de Leiden<\/li>\n<li>Parc Van der Werf<\/li>\n<li>beaucoup plus!<\/li>\n<\/ul>\n<p>La visite se terminera dans le centre-ville de Leiden. C&#8217;est une exp\u00e9rience vraiment merveilleuse de visite priv\u00e9e \u00e0 pied de Leiden!<\/p>\n<p>Ne manquez pas nos excursions d&#8217;une journ\u00e9e et autres visites priv\u00e9es \u00e0 Leiden et aux Pays-Bas.<\/p>\n","protected":false},"excerpt":{"rendered":"<p>Profitez de cette visite priv\u00e9e \u00e0 pied enti\u00e8rement personnalis\u00e9e de Leiden. Profitez de la d\u00e9couverte de cette belle ville situ\u00e9e \u00e0 c\u00f4t\u00e9 de La Haye avec votre guide priv\u00e9 officiel. Personnalisez votre propre exp\u00e9rience avec nous. Nous pouvons organiser la dur\u00e9e de la visite et les sites \u00e0 visiter selon votre propre int\u00e9r\u00eat.<\/p>\n","protected":false},"featured_media":95381,"comment_status":"open","ping_status":"closed","template":"","meta":{"_acf_changed":false},"product_brand":[],"product_cat":[3639,4005],"product_tag":[],"class_list":{"0":"post-100507","1":"product","2":"type-product","3":"status-publish","4":"has-post-thumbnail","6":"product_cat-leiden-fr","7":"product_cat-all-private-tours-activities-fr-3","9":"first","10":"instock","11":"shipping-taxable","12":"purchasable","13":"product-type-simple"},"acf":[],"yoast_head":"<!-- This site is optimized with the Yoast SEO Premium plugin v25.3.1 (Yoast SEO v25.3.1) - https:\/\/yoast.com\/wordpress\/plugins\/seo\/ -->\n<title>Visite priv\u00e9e \u00e0 pied de Leiden avec guide officiel priv\u00e9<\/title>\n<meta name=\"description\" content=\"D\u00e9couvrez la fantastique ville de Leiden lors d&#039;une visite priv\u00e9e \u00e0 pied de Leiden avec un guide officiel priv\u00e9. Apprenez \u00e0 conna\u00eetre les secrets avec un expert.\" \/>\n<meta name=\"robots\" content=\"index, follow, max-snippet:-1, max-image-preview:large, max-video-preview:-1\" \/>\n<link rel=\"canonical\" href=\"https:\/\/tourtravelandmore.com\/fr\/tours\/les-pays-bas-fr\/leiden-fr\/visite-privee-a-pied-de-leiden\/\" \/>\n<meta property=\"og:locale\" content=\"fr_FR\" \/>\n<meta property=\"og:type\" content=\"article\" \/>\n<meta property=\"og:title\" content=\"Visite priv\u00e9e \u00e0 pied de Leiden\" \/>\n<meta property=\"og:description\" content=\"D\u00e9couvrez la fantastique ville de Leiden lors d&#039;une visite priv\u00e9e \u00e0 pied de Leiden avec un guide officiel priv\u00e9. Apprenez \u00e0 conna\u00eetre les secrets avec un expert.\" \/>\n<meta property=\"og:url\" content=\"https:\/\/tourtravelandmore.com\/fr\/tours\/les-pays-bas-fr\/leiden-fr\/visite-privee-a-pied-de-leiden\/\" \/>\n<meta property=\"og:site_name\" content=\"Tour Travel And More\" \/>\n<meta property=\"article:publisher\" content=\"https:\/\/www.facebook.com\/tourtravelandmore\/\" \/>\n<meta property=\"og:image\" content=\"https:\/\/tourtravelandmore.com\/wp-content\/uploads\/2018\/10\/leiden-2.jpg\" \/>\n\t<meta property=\"og:image:width\" content=\"1024\" \/>\n\t<meta property=\"og:image:height\" content=\"765\" \/>\n\t<meta property=\"og:image:type\" content=\"image\/jpeg\" \/>\n<meta name=\"twitter:card\" content=\"summary_large_image\" \/>\n<meta name=\"twitter:site\" content=\"@TourTravel_More\" \/>\n<meta name=\"twitter:label1\" content=\"Dur\u00e9e de lecture estim\u00e9e\" \/>\n\t<meta name=\"twitter:data1\" content=\"1 minute\" \/>\n<script type=\"application\/ld+json\" class=\"yoast-schema-graph\">{\"@context\":\"https:\/\/schema.org\",\"@graph\":[{\"@type\":\"WebPage\",\"@id\":\"https:\/\/tourtravelandmore.com\/fr\/tours\/les-pays-bas-fr\/leiden-fr\/visite-privee-a-pied-de-leiden\/\",\"url\":\"https:\/\/tourtravelandmore.com\/fr\/tours\/les-pays-bas-fr\/leiden-fr\/visite-privee-a-pied-de-leiden\/\",\"name\":\"Visite priv\u00e9e \u00e0 pied de Leiden avec guide officiel priv\u00e9\",\"isPartOf\":{\"@id\":\"https:\/\/tourtravelandmore.com\/fr\/#website\"},\"primaryImageOfPage\":{\"@id\":\"https:\/\/tourtravelandmore.com\/fr\/tours\/les-pays-bas-fr\/leiden-fr\/visite-privee-a-pied-de-leiden\/#primaryimage\"},\"image\":{\"@id\":\"https:\/\/tourtravelandmore.com\/fr\/tours\/les-pays-bas-fr\/leiden-fr\/visite-privee-a-pied-de-leiden\/#primaryimage\"},\"thumbnailUrl\":\"https:\/\/tourtravelandmore.com\/wp-content\/uploads\/2018\/10\/leiden-2.jpg\",\"datePublished\":\"2018-10-19T13:07:32+00:00\",\"description\":\"D\u00e9couvrez la fantastique ville de Leiden lors d'une visite priv\u00e9e \u00e0 pied de Leiden avec un guide officiel priv\u00e9. Apprenez \u00e0 conna\u00eetre les secrets avec un expert.\",\"breadcrumb\":{\"@id\":\"https:\/\/tourtravelandmore.com\/fr\/tours\/les-pays-bas-fr\/leiden-fr\/visite-privee-a-pied-de-leiden\/#breadcrumb\"},\"inLanguage\":\"fr-FR\",\"potentialAction\":[{\"@type\":\"ReadAction\",\"target\":[\"https:\/\/tourtravelandmore.com\/fr\/tours\/les-pays-bas-fr\/leiden-fr\/visite-privee-a-pied-de-leiden\/\"]}]},{\"@type\":\"ImageObject\",\"inLanguage\":\"fr-FR\",\"@id\":\"https:\/\/tourtravelandmore.com\/fr\/tours\/les-pays-bas-fr\/leiden-fr\/visite-privee-a-pied-de-leiden\/#primaryimage\",\"url\":\"https:\/\/tourtravelandmore.com\/wp-content\/uploads\/2018\/10\/leiden-2.jpg\",\"contentUrl\":\"https:\/\/tourtravelandmore.com\/wp-content\/uploads\/2018\/10\/leiden-2.jpg\",\"width\":1024,\"height\":765},{\"@type\":\"BreadcrumbList\",\"@id\":\"https:\/\/tourtravelandmore.com\/fr\/tours\/les-pays-bas-fr\/leiden-fr\/visite-privee-a-pied-de-leiden\/#breadcrumb\",\"itemListElement\":[{\"@type\":\"ListItem\",\"position\":1,\"name\":\"Home\",\"item\":\"https:\/\/tourtravelandmore.com\/fr\/\"},{\"@type\":\"ListItem\",\"position\":2,\"name\":\"Tours\",\"item\":\"https:\/\/tourtravelandmore.com\/fr\/tours\/\"},{\"@type\":\"ListItem\",\"position\":3,\"name\":\"Visite priv\u00e9e \u00e0 pied de Leiden\"}]},{\"@type\":\"WebSite\",\"@id\":\"https:\/\/tourtravelandmore.com\/fr\/#website\",\"url\":\"https:\/\/tourtravelandmore.com\/fr\/\",\"name\":\"Tour Travel And More\",\"description\":\"Private sightseeing tours and luxury transfers in Spain\",\"publisher\":{\"@id\":\"https:\/\/tourtravelandmore.com\/fr\/#organization\"},\"potentialAction\":[{\"@type\":\"SearchAction\",\"target\":{\"@type\":\"EntryPoint\",\"urlTemplate\":\"https:\/\/tourtravelandmore.com\/fr\/?s={search_term_string}\"},\"query-input\":{\"@type\":\"PropertyValueSpecification\",\"valueRequired\":true,\"valueName\":\"search_term_string\"}}],\"inLanguage\":\"fr-FR\"},{\"@type\":\"Organization\",\"@id\":\"https:\/\/tourtravelandmore.com\/fr\/#organization\",\"name\":\"Tour Travel And More\",\"url\":\"https:\/\/tourtravelandmore.com\/fr\/\",\"logo\":{\"@type\":\"ImageObject\",\"inLanguage\":\"fr-FR\",\"@id\":\"https:\/\/tourtravelandmore.com\/fr\/#\/schema\/logo\/image\/\",\"url\":\"https:\/\/tourtravelandmore.com\/wp-content\/uploads\/2022\/12\/cropped-logo-cabecera-new.png\",\"contentUrl\":\"https:\/\/tourtravelandmore.com\/wp-content\/uploads\/2022\/12\/cropped-logo-cabecera-new.png\",\"width\":430,\"height\":61,\"caption\":\"Tour Travel And More\"},\"image\":{\"@id\":\"https:\/\/tourtravelandmore.com\/fr\/#\/schema\/logo\/image\/\"},\"sameAs\":[\"https:\/\/www.facebook.com\/tourtravelandmore\/\",\"https:\/\/x.com\/TourTravel_More\"]}]}<\/script>\n<!-- \/ Yoast SEO Premium plugin. -->","yoast_head_json":{"title":"Visite priv\u00e9e \u00e0 pied de Leiden avec guide officiel priv\u00e9","description":"D\u00e9couvrez la fantastique ville de Leiden lors d'une visite priv\u00e9e \u00e0 pied de Leiden avec un guide officiel priv\u00e9. Apprenez \u00e0 conna\u00eetre les secrets avec un expert.","robots":{"index":"index","follow":"follow","max-snippet":"max-snippet:-1","max-image-preview":"max-image-preview:large","max-video-preview":"max-video-preview:-1"},"canonical":"https:\/\/tourtravelandmore.com\/fr\/tours\/les-pays-bas-fr\/leiden-fr\/visite-privee-a-pied-de-leiden\/","og_locale":"fr_FR","og_type":"article","og_title":"Visite priv\u00e9e \u00e0 pied de Leiden","og_description":"D\u00e9couvrez la fantastique ville de Leiden lors d'une visite priv\u00e9e \u00e0 pied de Leiden avec un guide officiel priv\u00e9. Apprenez \u00e0 conna\u00eetre les secrets avec un expert.","og_url":"https:\/\/tourtravelandmore.com\/fr\/tours\/les-pays-bas-fr\/leiden-fr\/visite-privee-a-pied-de-leiden\/","og_site_name":"Tour Travel And More","article_publisher":"https:\/\/www.facebook.com\/tourtravelandmore\/","og_image":[{"width":1024,"height":765,"url":"https:\/\/tourtravelandmore.com\/wp-content\/uploads\/2018\/10\/leiden-2.jpg","type":"image\/jpeg"}],"twitter_card":"summary_large_image","twitter_site":"@TourTravel_More","twitter_misc":{"Dur\u00e9e de lecture estim\u00e9e":"1 minute"},"schema":{"@context":"https:\/\/schema.org","@graph":[{"@type":"WebPage","@id":"https:\/\/tourtravelandmore.com\/fr\/tours\/les-pays-bas-fr\/leiden-fr\/visite-privee-a-pied-de-leiden\/","url":"https:\/\/tourtravelandmore.com\/fr\/tours\/les-pays-bas-fr\/leiden-fr\/visite-privee-a-pied-de-leiden\/","name":"Visite priv\u00e9e \u00e0 pied de Leiden avec guide officiel priv\u00e9","isPartOf":{"@id":"https:\/\/tourtravelandmore.com\/fr\/#website"},"primaryImageOfPage":{"@id":"https:\/\/tourtravelandmore.com\/fr\/tours\/les-pays-bas-fr\/leiden-fr\/visite-privee-a-pied-de-leiden\/#primaryimage"},"image":{"@id":"https:\/\/tourtravelandmore.com\/fr\/tours\/les-pays-bas-fr\/leiden-fr\/visite-privee-a-pied-de-leiden\/#primaryimage"},"thumbnailUrl":"https:\/\/tourtravelandmore.com\/wp-content\/uploads\/2018\/10\/leiden-2.jpg","datePublished":"2018-10-19T13:07:32+00:00","description":"D\u00e9couvrez la fantastique ville de Leiden lors d'une visite priv\u00e9e \u00e0 pied de Leiden avec un guide officiel priv\u00e9. Apprenez \u00e0 conna\u00eetre les secrets avec un expert.","breadcrumb":{"@id":"https:\/\/tourtravelandmore.com\/fr\/tours\/les-pays-bas-fr\/leiden-fr\/visite-privee-a-pied-de-leiden\/#breadcrumb"},"inLanguage":"fr-FR","potentialAction":[{"@type":"ReadAction","target":["https:\/\/tourtravelandmore.com\/fr\/tours\/les-pays-bas-fr\/leiden-fr\/visite-privee-a-pied-de-leiden\/"]}]},{"@type":"ImageObject","inLanguage":"fr-FR","@id":"https:\/\/tourtravelandmore.com\/fr\/tours\/les-pays-bas-fr\/leiden-fr\/visite-privee-a-pied-de-leiden\/#primaryimage","url":"https:\/\/tourtravelandmore.com\/wp-content\/uploads\/2018\/10\/leiden-2.jpg","contentUrl":"https:\/\/tourtravelandmore.com\/wp-content\/uploads\/2018\/10\/leiden-2.jpg","width":1024,"height":765},{"@type":"BreadcrumbList","@id":"https:\/\/tourtravelandmore.com\/fr\/tours\/les-pays-bas-fr\/leiden-fr\/visite-privee-a-pied-de-leiden\/#breadcrumb","itemListElement":[{"@type":"ListItem","position":1,"name":"Home","item":"https:\/\/tourtravelandmore.com\/fr\/"},{"@type":"ListItem","position":2,"name":"Tours","item":"https:\/\/tourtravelandmore.com\/fr\/tours\/"},{"@type":"ListItem","position":3,"name":"Visite priv\u00e9e \u00e0 pied de Leiden"}]},{"@type":"WebSite","@id":"https:\/\/tourtravelandmore.com\/fr\/#website","url":"https:\/\/tourtravelandmore.com\/fr\/","name":"Tour Travel And More","description":"Private sightseeing tours and luxury transfers in Spain","publisher":{"@id":"https:\/\/tourtravelandmore.com\/fr\/#organization"},"potentialAction":[{"@type":"SearchAction","target":{"@type":"EntryPoint","urlTemplate":"https:\/\/tourtravelandmore.com\/fr\/?s={search_term_string}"},"query-input":{"@type":"PropertyValueSpecification","valueRequired":true,"valueName":"search_term_string"}}],"inLanguage":"fr-FR"},{"@type":"Organization","@id":"https:\/\/tourtravelandmore.com\/fr\/#organization","name":"Tour Travel And More","url":"https:\/\/tourtravelandmore.com\/fr\/","logo":{"@type":"ImageObject","inLanguage":"fr-FR","@id":"https:\/\/tourtravelandmore.com\/fr\/#\/schema\/logo\/image\/","url":"https:\/\/tourtravelandmore.com\/wp-content\/uploads\/2022\/12\/cropped-logo-cabecera-new.png","contentUrl":"https:\/\/tourtravelandmore.com\/wp-content\/uploads\/2022\/12\/cropped-logo-cabecera-new.png","width":430,"height":61,"caption":"Tour Travel And More"},"image":{"@id":"https:\/\/tourtravelandmore.com\/fr\/#\/schema\/logo\/image\/"},"sameAs":["https:\/\/www.facebook.com\/tourtravelandmore\/","https:\/\/x.com\/TourTravel_More"]}]}},"_links":{"self":[{"href":"https:\/\/tourtravelandmore.com\/fr\/wp-json\/wp\/v2\/product\/100507","targetHints":{"allow":["GET"]}}],"collection":[{"href":"https:\/\/tourtravelandmore.com\/fr\/wp-json\/wp\/v2\/product"}],"about":[{"href":"https:\/\/tourtravelandmore.com\/fr\/wp-json\/wp\/v2\/types\/product"}],"replies":[{"embeddable":true,"href":"https:\/\/tourtravelandmore.com\/fr\/wp-json\/wp\/v2\/comments?post=100507"}],"wp:featuredmedia":[{"embeddable":true,"href":"https:\/\/tourtravelandmore.com\/fr\/wp-json\/wp\/v2\/media\/95381"}],"wp:attachment":[{"href":"https:\/\/tourtravelandmore.com\/fr\/wp-json\/wp\/v2\/media?parent=100507"}],"wp:term":[{"taxonomy":"product_brand","embeddable":true,"href":"https:\/\/tourtravelandmore.com\/fr\/wp-json\/wp\/v2\/product_brand?post=100507"},{"taxonomy":"product_cat","embeddable":true,"href":"https:\/\/tourtravelandmore.com\/fr\/wp-json\/wp\/v2\/product_cat?post=100507"},{"taxonomy":"product_tag","embeddable":true,"href":"https:\/\/tourtravelandmore.com\/fr\/wp-json\/wp\/v2\/product_tag?post=100507"}],"curies":[{"name":"wp","href":"https:\/\/api.w.org\/{rel}","templated":true}]}}