{"id":100497,"date":"2018-10-19T15:36:33","date_gmt":"2018-10-19T13:36:33","guid":{"rendered":"https:\/\/tourtravelandmore.com\/tours\/non class\u00e9\/visite-privee-a-pied-de-rotterdam\/"},"modified":"2018-10-19T15:36:33","modified_gmt":"2018-10-19T13:36:33","slug":"visite-privee-a-pied-de-rotterdam","status":"publish","type":"product","link":"https:\/\/tourtravelandmore.com\/fr\/tours\/les-pays-bas-fr\/rotterdam-fr\/visite-privee-a-pied-de-rotterdam\/","title":{"rendered":"Visite priv\u00e9e \u00e0 pied de Rotterdam"},"content":{"rendered":"<h2>Description<\/h2>\n<p>Profitez de cette visite priv\u00e9e \u00e0 pied de Rotterdam. La meilleure fa\u00e7on de conna\u00eetre une ville est de conna\u00eetre tout le centre-ville. C&#8217;est pourquoi une visite \u00e0 pied est la meilleure option pour vous!<\/p>\n<p>Cette visite priv\u00e9e commencera \u00e0 un point de rencontre situ\u00e9 au centre de Rotterdam. Nous commencerons ensuite cette visite priv\u00e9e. Si votre h\u00f4tel est situ\u00e9 au centre ou que vous venez en voiture ou en train, nous pouvons organiser une prise en charge priv\u00e9e \u00e0 partir de l\u00e0.<\/p>\n<p>Une fois que nous sommes venus vous chercher avec votre guide priv\u00e9, nous commencerons \u00e0 profiter de la beaut\u00e9 de Rotterdam.<\/p>\n<p>Apprenez \u00e0 conna\u00eetre les maisons cubiques et Euromast et bien plus encore!<\/p>\n<p>Rotterdam est une ville formidable et \u00e0 c\u00f4t\u00e9 de l&#8217;un de nos guides priv\u00e9s, vous d\u00e9couvrirez le meilleur de la ville!<\/p>\n<h2>Sites d&#8217;int\u00e9r\u00eat et monuments<\/h2>\n<p>Rotterdam est une ville unique et vous ne pouvez pas manquer une chance de profiter d&#8217;une visite \u00e0 pied de cette ville universitaire.<\/p>\n<p>Profitez de cette visite priv\u00e9e \u00e0 pied de 4 heures des monuments et sites les plus importants de Rotterdam.<\/p>\n<p>Laissez votre guide vous aider \u00e0 d\u00e9couvrir les emplacements uniques de cette ville populaire. Une fois que nous venons vous chercher au point de rendez-vous, nous commencerons cette visite \u00e0 pied. Le point de rencontre est un ramassage \u00e0 pied!<\/p>\n<p>Entre autres monuments et sites, profitez de:<\/p>\n<ul>\n<li>Maison Cube<\/li>\n<li>Euromast<\/li>\n<li>Erasmusbrug<\/li>\n<li>Mus\u00e9e maritime<\/li>\n<li>Les Halles<\/li>\n<li>Grote de Sint Laurenskerk<\/li>\n<li>Parc Het<\/li>\n<li>beaucoup plus!<\/li>\n<\/ul>\n<p>Cette visite priv\u00e9e \u00e0 pied de Rotterdam se terminera au centre-ville de Rotterdam.<\/p>\n<p>Ne manquez pas les autres circuits priv\u00e9s que nous proposons \u00e0 Rotterdam et aux Pays-Bas.<\/p>\n","protected":false},"excerpt":{"rendered":"<p>Profitez de cette visite priv\u00e9e \u00e0 pied enti\u00e8rement personnalis\u00e9e de Rotterdam. D\u00e9couvrez cette belle ville, connue comme une ville pour les \u00e9tudiants universitaires et un centre financier du pays, avec votre guide officiel priv\u00e9. Apprenez \u00e0 conna\u00eetre les monuments et sites les plus impressionnants de Rotterdam.<\/p>\n","protected":false},"featured_media":95384,"comment_status":"open","ping_status":"closed","template":"","meta":{"_acf_changed":false},"product_brand":[],"product_cat":[3638,4007],"product_tag":[],"class_list":{"0":"post-100497","1":"product","2":"type-product","3":"status-publish","4":"has-post-thumbnail","6":"product_cat-rotterdam-fr","7":"product_cat-all-private-tours-activities-fr-4","9":"first","10":"instock","11":"shipping-taxable","12":"purchasable","13":"product-type-simple"},"acf":[],"yoast_head":"<!-- This site is optimized with the Yoast SEO Premium plugin v25.3.1 (Yoast SEO v25.3.1) - https:\/\/yoast.com\/wordpress\/plugins\/seo\/ -->\n<title>Visite priv\u00e9e \u00e0 pied de Rotterdam avec guide officiel priv\u00e9<\/title>\n<meta name=\"description\" content=\"D\u00e9couvrez la fantastique ville de Rotterdam lors d&#039;une visite priv\u00e9e \u00e0 pied de Rotterdam avec un guide officiel priv\u00e9. Apprenez \u00e0 conna\u00eetre l&#039;histoire avec un expert\" \/>\n<meta name=\"robots\" content=\"index, follow, max-snippet:-1, max-image-preview:large, max-video-preview:-1\" \/>\n<link rel=\"canonical\" href=\"https:\/\/tourtravelandmore.com\/fr\/tours\/les-pays-bas-fr\/rotterdam-fr\/visite-privee-a-pied-de-rotterdam\/\" \/>\n<meta property=\"og:locale\" content=\"fr_FR\" \/>\n<meta property=\"og:type\" content=\"article\" \/>\n<meta property=\"og:title\" content=\"Visite priv\u00e9e \u00e0 pied de Rotterdam\" \/>\n<meta property=\"og:description\" content=\"D\u00e9couvrez la fantastique ville de Rotterdam lors d&#039;une visite priv\u00e9e \u00e0 pied de Rotterdam avec un guide officiel priv\u00e9. Apprenez \u00e0 conna\u00eetre l&#039;histoire avec un expert\" \/>\n<meta property=\"og:url\" content=\"https:\/\/tourtravelandmore.com\/fr\/tours\/les-pays-bas-fr\/rotterdam-fr\/visite-privee-a-pied-de-rotterdam\/\" \/>\n<meta property=\"og:site_name\" content=\"Tour Travel And More\" \/>\n<meta property=\"article:publisher\" content=\"https:\/\/www.facebook.com\/tourtravelandmore\/\" \/>\n<meta property=\"og:image\" content=\"https:\/\/tourtravelandmore.com\/wp-content\/uploads\/2018\/10\/Erasmus-Bridge.jpg\" \/>\n\t<meta property=\"og:image:width\" content=\"800\" \/>\n\t<meta property=\"og:image:height\" content=\"500\" \/>\n\t<meta property=\"og:image:type\" content=\"image\/jpeg\" \/>\n<meta name=\"twitter:card\" content=\"summary_large_image\" \/>\n<meta name=\"twitter:site\" content=\"@TourTravel_More\" \/>\n<meta name=\"twitter:label1\" content=\"Dur\u00e9e de lecture estim\u00e9e\" \/>\n\t<meta name=\"twitter:data1\" content=\"1 minute\" \/>\n<script type=\"application\/ld+json\" class=\"yoast-schema-graph\">{\"@context\":\"https:\/\/schema.org\",\"@graph\":[{\"@type\":\"WebPage\",\"@id\":\"https:\/\/tourtravelandmore.com\/fr\/tours\/les-pays-bas-fr\/rotterdam-fr\/visite-privee-a-pied-de-rotterdam\/\",\"url\":\"https:\/\/tourtravelandmore.com\/fr\/tours\/les-pays-bas-fr\/rotterdam-fr\/visite-privee-a-pied-de-rotterdam\/\",\"name\":\"Visite priv\u00e9e \u00e0 pied de Rotterdam avec guide officiel priv\u00e9\",\"isPartOf\":{\"@id\":\"https:\/\/tourtravelandmore.com\/fr\/#website\"},\"primaryImageOfPage\":{\"@id\":\"https:\/\/tourtravelandmore.com\/fr\/tours\/les-pays-bas-fr\/rotterdam-fr\/visite-privee-a-pied-de-rotterdam\/#primaryimage\"},\"image\":{\"@id\":\"https:\/\/tourtravelandmore.com\/fr\/tours\/les-pays-bas-fr\/rotterdam-fr\/visite-privee-a-pied-de-rotterdam\/#primaryimage\"},\"thumbnailUrl\":\"https:\/\/tourtravelandmore.com\/wp-content\/uploads\/2018\/10\/Erasmus-Bridge.jpg\",\"datePublished\":\"2018-10-19T13:36:33+00:00\",\"description\":\"D\u00e9couvrez la fantastique ville de Rotterdam lors d'une visite priv\u00e9e \u00e0 pied de Rotterdam avec un guide officiel priv\u00e9. Apprenez \u00e0 conna\u00eetre l'histoire avec un expert\",\"breadcrumb\":{\"@id\":\"https:\/\/tourtravelandmore.com\/fr\/tours\/les-pays-bas-fr\/rotterdam-fr\/visite-privee-a-pied-de-rotterdam\/#breadcrumb\"},\"inLanguage\":\"fr-FR\",\"potentialAction\":[{\"@type\":\"ReadAction\",\"target\":[\"https:\/\/tourtravelandmore.com\/fr\/tours\/les-pays-bas-fr\/rotterdam-fr\/visite-privee-a-pied-de-rotterdam\/\"]}]},{\"@type\":\"ImageObject\",\"inLanguage\":\"fr-FR\",\"@id\":\"https:\/\/tourtravelandmore.com\/fr\/tours\/les-pays-bas-fr\/rotterdam-fr\/visite-privee-a-pied-de-rotterdam\/#primaryimage\",\"url\":\"https:\/\/tourtravelandmore.com\/wp-content\/uploads\/2018\/10\/Erasmus-Bridge.jpg\",\"contentUrl\":\"https:\/\/tourtravelandmore.com\/wp-content\/uploads\/2018\/10\/Erasmus-Bridge.jpg\",\"width\":800,\"height\":500},{\"@type\":\"BreadcrumbList\",\"@id\":\"https:\/\/tourtravelandmore.com\/fr\/tours\/les-pays-bas-fr\/rotterdam-fr\/visite-privee-a-pied-de-rotterdam\/#breadcrumb\",\"itemListElement\":[{\"@type\":\"ListItem\",\"position\":1,\"name\":\"Home\",\"item\":\"https:\/\/tourtravelandmore.com\/fr\/\"},{\"@type\":\"ListItem\",\"position\":2,\"name\":\"Tours\",\"item\":\"https:\/\/tourtravelandmore.com\/fr\/tours\/\"},{\"@type\":\"ListItem\",\"position\":3,\"name\":\"Visite priv\u00e9e \u00e0 pied de Rotterdam\"}]},{\"@type\":\"WebSite\",\"@id\":\"https:\/\/tourtravelandmore.com\/fr\/#website\",\"url\":\"https:\/\/tourtravelandmore.com\/fr\/\",\"name\":\"Tour Travel And More\",\"description\":\"Private sightseeing tours and luxury transfers in Spain\",\"publisher\":{\"@id\":\"https:\/\/tourtravelandmore.com\/fr\/#organization\"},\"potentialAction\":[{\"@type\":\"SearchAction\",\"target\":{\"@type\":\"EntryPoint\",\"urlTemplate\":\"https:\/\/tourtravelandmore.com\/fr\/?s={search_term_string}\"},\"query-input\":{\"@type\":\"PropertyValueSpecification\",\"valueRequired\":true,\"valueName\":\"search_term_string\"}}],\"inLanguage\":\"fr-FR\"},{\"@type\":\"Organization\",\"@id\":\"https:\/\/tourtravelandmore.com\/fr\/#organization\",\"name\":\"Tour Travel And More\",\"url\":\"https:\/\/tourtravelandmore.com\/fr\/\",\"logo\":{\"@type\":\"ImageObject\",\"inLanguage\":\"fr-FR\",\"@id\":\"https:\/\/tourtravelandmore.com\/fr\/#\/schema\/logo\/image\/\",\"url\":\"https:\/\/tourtravelandmore.com\/wp-content\/uploads\/2022\/12\/cropped-logo-cabecera-new.png\",\"contentUrl\":\"https:\/\/tourtravelandmore.com\/wp-content\/uploads\/2022\/12\/cropped-logo-cabecera-new.png\",\"width\":430,\"height\":61,\"caption\":\"Tour Travel And More\"},\"image\":{\"@id\":\"https:\/\/tourtravelandmore.com\/fr\/#\/schema\/logo\/image\/\"},\"sameAs\":[\"https:\/\/www.facebook.com\/tourtravelandmore\/\",\"https:\/\/x.com\/TourTravel_More\"]}]}<\/script>\n<!-- \/ Yoast SEO Premium plugin. -->","yoast_head_json":{"title":"Visite priv\u00e9e \u00e0 pied de Rotterdam avec guide officiel priv\u00e9","description":"D\u00e9couvrez la fantastique ville de Rotterdam lors d'une visite priv\u00e9e \u00e0 pied de Rotterdam avec un guide officiel priv\u00e9. Apprenez \u00e0 conna\u00eetre l'histoire avec un expert","robots":{"index":"index","follow":"follow","max-snippet":"max-snippet:-1","max-image-preview":"max-image-preview:large","max-video-preview":"max-video-preview:-1"},"canonical":"https:\/\/tourtravelandmore.com\/fr\/tours\/les-pays-bas-fr\/rotterdam-fr\/visite-privee-a-pied-de-rotterdam\/","og_locale":"fr_FR","og_type":"article","og_title":"Visite priv\u00e9e \u00e0 pied de Rotterdam","og_description":"D\u00e9couvrez la fantastique ville de Rotterdam lors d'une visite priv\u00e9e \u00e0 pied de Rotterdam avec un guide officiel priv\u00e9. Apprenez \u00e0 conna\u00eetre l'histoire avec un expert","og_url":"https:\/\/tourtravelandmore.com\/fr\/tours\/les-pays-bas-fr\/rotterdam-fr\/visite-privee-a-pied-de-rotterdam\/","og_site_name":"Tour Travel And More","article_publisher":"https:\/\/www.facebook.com\/tourtravelandmore\/","og_image":[{"width":800,"height":500,"url":"https:\/\/tourtravelandmore.com\/wp-content\/uploads\/2018\/10\/Erasmus-Bridge.jpg","type":"image\/jpeg"}],"twitter_card":"summary_large_image","twitter_site":"@TourTravel_More","twitter_misc":{"Dur\u00e9e de lecture estim\u00e9e":"1 minute"},"schema":{"@context":"https:\/\/schema.org","@graph":[{"@type":"WebPage","@id":"https:\/\/tourtravelandmore.com\/fr\/tours\/les-pays-bas-fr\/rotterdam-fr\/visite-privee-a-pied-de-rotterdam\/","url":"https:\/\/tourtravelandmore.com\/fr\/tours\/les-pays-bas-fr\/rotterdam-fr\/visite-privee-a-pied-de-rotterdam\/","name":"Visite priv\u00e9e \u00e0 pied de Rotterdam avec guide officiel priv\u00e9","isPartOf":{"@id":"https:\/\/tourtravelandmore.com\/fr\/#website"},"primaryImageOfPage":{"@id":"https:\/\/tourtravelandmore.com\/fr\/tours\/les-pays-bas-fr\/rotterdam-fr\/visite-privee-a-pied-de-rotterdam\/#primaryimage"},"image":{"@id":"https:\/\/tourtravelandmore.com\/fr\/tours\/les-pays-bas-fr\/rotterdam-fr\/visite-privee-a-pied-de-rotterdam\/#primaryimage"},"thumbnailUrl":"https:\/\/tourtravelandmore.com\/wp-content\/uploads\/2018\/10\/Erasmus-Bridge.jpg","datePublished":"2018-10-19T13:36:33+00:00","description":"D\u00e9couvrez la fantastique ville de Rotterdam lors d'une visite priv\u00e9e \u00e0 pied de Rotterdam avec un guide officiel priv\u00e9. Apprenez \u00e0 conna\u00eetre l'histoire avec un expert","breadcrumb":{"@id":"https:\/\/tourtravelandmore.com\/fr\/tours\/les-pays-bas-fr\/rotterdam-fr\/visite-privee-a-pied-de-rotterdam\/#breadcrumb"},"inLanguage":"fr-FR","potentialAction":[{"@type":"ReadAction","target":["https:\/\/tourtravelandmore.com\/fr\/tours\/les-pays-bas-fr\/rotterdam-fr\/visite-privee-a-pied-de-rotterdam\/"]}]},{"@type":"ImageObject","inLanguage":"fr-FR","@id":"https:\/\/tourtravelandmore.com\/fr\/tours\/les-pays-bas-fr\/rotterdam-fr\/visite-privee-a-pied-de-rotterdam\/#primaryimage","url":"https:\/\/tourtravelandmore.com\/wp-content\/uploads\/2018\/10\/Erasmus-Bridge.jpg","contentUrl":"https:\/\/tourtravelandmore.com\/wp-content\/uploads\/2018\/10\/Erasmus-Bridge.jpg","width":800,"height":500},{"@type":"BreadcrumbList","@id":"https:\/\/tourtravelandmore.com\/fr\/tours\/les-pays-bas-fr\/rotterdam-fr\/visite-privee-a-pied-de-rotterdam\/#breadcrumb","itemListElement":[{"@type":"ListItem","position":1,"name":"Home","item":"https:\/\/tourtravelandmore.com\/fr\/"},{"@type":"ListItem","position":2,"name":"Tours","item":"https:\/\/tourtravelandmore.com\/fr\/tours\/"},{"@type":"ListItem","position":3,"name":"Visite priv\u00e9e \u00e0 pied de Rotterdam"}]},{"@type":"WebSite","@id":"https:\/\/tourtravelandmore.com\/fr\/#website","url":"https:\/\/tourtravelandmore.com\/fr\/","name":"Tour Travel And More","description":"Private sightseeing tours and luxury transfers in Spain","publisher":{"@id":"https:\/\/tourtravelandmore.com\/fr\/#organization"},"potentialAction":[{"@type":"SearchAction","target":{"@type":"EntryPoint","urlTemplate":"https:\/\/tourtravelandmore.com\/fr\/?s={search_term_string}"},"query-input":{"@type":"PropertyValueSpecification","valueRequired":true,"valueName":"search_term_string"}}],"inLanguage":"fr-FR"},{"@type":"Organization","@id":"https:\/\/tourtravelandmore.com\/fr\/#organization","name":"Tour Travel And More","url":"https:\/\/tourtravelandmore.com\/fr\/","logo":{"@type":"ImageObject","inLanguage":"fr-FR","@id":"https:\/\/tourtravelandmore.com\/fr\/#\/schema\/logo\/image\/","url":"https:\/\/tourtravelandmore.com\/wp-content\/uploads\/2022\/12\/cropped-logo-cabecera-new.png","contentUrl":"https:\/\/tourtravelandmore.com\/wp-content\/uploads\/2022\/12\/cropped-logo-cabecera-new.png","width":430,"height":61,"caption":"Tour Travel And More"},"image":{"@id":"https:\/\/tourtravelandmore.com\/fr\/#\/schema\/logo\/image\/"},"sameAs":["https:\/\/www.facebook.com\/tourtravelandmore\/","https:\/\/x.com\/TourTravel_More"]}]}},"_links":{"self":[{"href":"https:\/\/tourtravelandmore.com\/fr\/wp-json\/wp\/v2\/product\/100497","targetHints":{"allow":["GET"]}}],"collection":[{"href":"https:\/\/tourtravelandmore.com\/fr\/wp-json\/wp\/v2\/product"}],"about":[{"href":"https:\/\/tourtravelandmore.com\/fr\/wp-json\/wp\/v2\/types\/product"}],"replies":[{"embeddable":true,"href":"https:\/\/tourtravelandmore.com\/fr\/wp-json\/wp\/v2\/comments?post=100497"}],"wp:featuredmedia":[{"embeddable":true,"href":"https:\/\/tourtravelandmore.com\/fr\/wp-json\/wp\/v2\/media\/95384"}],"wp:attachment":[{"href":"https:\/\/tourtravelandmore.com\/fr\/wp-json\/wp\/v2\/media?parent=100497"}],"wp:term":[{"taxonomy":"product_brand","embeddable":true,"href":"https:\/\/tourtravelandmore.com\/fr\/wp-json\/wp\/v2\/product_brand?post=100497"},{"taxonomy":"product_cat","embeddable":true,"href":"https:\/\/tourtravelandmore.com\/fr\/wp-json\/wp\/v2\/product_cat?post=100497"},{"taxonomy":"product_tag","embeddable":true,"href":"https:\/\/tourtravelandmore.com\/fr\/wp-json\/wp\/v2\/product_tag?post=100497"}],"curies":[{"name":"wp","href":"https:\/\/api.w.org\/{rel}","templated":true}]}}