{"id":100487,"date":"2018-10-19T17:33:39","date_gmt":"2018-10-19T15:33:39","guid":{"rendered":"https:\/\/tourtravelandmore.com\/tours\/non class\u00e9\/visite-privee-de-la-haye\/"},"modified":"2018-10-19T17:33:39","modified_gmt":"2018-10-19T15:33:39","slug":"visite-privee-de-la-haye","status":"publish","type":"product","link":"https:\/\/tourtravelandmore.com\/fr\/tours\/les-pays-bas-fr\/lahaye-fr\/visite-privee-de-la-haye\/","title":{"rendered":"Visite priv\u00e9e de La Haye"},"content":{"rendered":"<h2>Description<\/h2>\n<p>Profitez de cette visite priv\u00e9e de La Haye avec votre guide officiel et votre v\u00e9hicule de luxe priv\u00e9 avec chauffeur et d\u00e9couvrez ses sites les plus embl\u00e9matiques. La Haye ou Den Haag est vraiment une ville unique. C&#8217;est une ville remplie de cultures diff\u00e9rentes et un site vraiment unique \u00e0 visiter et \u00e0 appr\u00e9cier.<\/p>\n<p>Pour cette visite priv\u00e9e, nous organiserons un chauffeur priv\u00e9 pour vous attendre \u00e0 l&#8217;endroit de votre choix. Notre guide officiel priv\u00e9 vous attendra pour commencer cette visite priv\u00e9e unique de La Haye.<\/p>\n<p>Apr\u00e8s votre prise en charge, nous nous dirigerons vers le centre-ville de La Haye pour commencer ce grand tour. Profitez de sites magnifiques et uniques comme la jet\u00e9e et la plage de Scheveningen. Profitez \u00e9galement du centre-ville et de Binnehof et de la vue magnifique sur le canal.<\/p>\n<p>Nous pouvons \u00e9ventuellement aller \u00e0 Madurodam ou jusqu&#8217;\u00e0 Wassenaar. \u00c0 Wassenaar, il y a des maisons incroyables et c&#8217;est une tr\u00e8s grande communaut\u00e9 d&#8217;expatri\u00e9s.<\/p>\n<h2>Sites d&#8217;int\u00e9r\u00eat et monuments<\/h2>\n<p>Votre chauffeur priv\u00e9, accompagn\u00e9 de votre guide officiel priv\u00e9, viendra vous chercher \u00e0 votre h\u00f4tel ou lieu de votre choix \u00e0 La Haye. Nous commencerons ensuite votre visite priv\u00e9e d&#8217;une demi-journ\u00e9e de La Haye.<\/p>\n<p>Entre autres monuments et sites, vous pouvez d\u00e9couvrir:<\/p>\n<ul>\n<li>Plage et r\u00e9gion de Scheveningen<\/li>\n<li>La jet\u00e9e<\/li>\n<li>Panorama Mesdag<\/li>\n<li>Madurodam (si vous souhaitez entrer, nous pouvons \u00e9galement l&#8217;organiser)<\/li>\n<li>Gevangenpoort<\/li>\n<li>Binnehof<\/li>\n<li>Palais de la p\u00eache<\/li>\n<li>De nombreux canaux<\/li>\n<li>Buitenhof<\/li>\n<li>Wassenaar (si vous souhaitez le conna\u00eetre)<\/li>\n<li>Beaucoup plus!<\/li>\n<\/ul>\n<p>Une fois la visite termin\u00e9e, nous organiserons un transfert priv\u00e9 \u00e0 votre h\u00f4tel ou lieu de votre choix \u00e0 La Haye. Contactez nos experts en voyages pour personnaliser l&#8217;exp\u00e9rience.<\/p>\n<p>Jetez un \u0153il aux autres visites priv\u00e9es \u00e0 La Haye.<\/p>\n","protected":false},"excerpt":{"rendered":"<p>Profitez au maximum de vos journ\u00e9es \u00e0 La Haye et rejoignez-nous pour cette visite priv\u00e9e d&#8217;une demi-journ\u00e9e de la ville de La Haye, avec un chauffeur priv\u00e9 et un guide officiel dans un v\u00e9hicule de luxe confortable. Ne manquez pas des endroits comme: Binnehof, Peach Palace, The Pier et bien plus encore!<\/p>\n","protected":false},"featured_media":95352,"comment_status":"open","ping_status":"closed","template":"","meta":{"_acf_changed":false},"product_brand":[],"product_cat":[3637,4009,4010],"product_tag":[],"class_list":{"0":"post-100487","1":"product","2":"type-product","3":"status-publish","4":"has-post-thumbnail","6":"product_cat-lahaye-fr","7":"product_cat-all-private-tours-activities-fr-5","8":"product_cat-private-sightseeing-tours-fr-5","10":"first","11":"instock","12":"shipping-taxable","13":"purchasable","14":"product-type-simple"},"acf":[],"yoast_head":"<!-- This site is optimized with the Yoast SEO Premium plugin v25.3.1 (Yoast SEO v25.3.1) - https:\/\/yoast.com\/wordpress\/plugins\/seo\/ -->\n<title>Visite priv\u00e9e de La Haye avec chauffeur priv\u00e9 et guide officiel<\/title>\n<meta name=\"description\" content=\"Visite priv\u00e9e de La Haye avec chauffeur priv\u00e9 et guide officiel. D\u00e9couvrez l&#039;une des villes les plus importantes d&#039;Europe avec votre guide!\" \/>\n<meta name=\"robots\" content=\"index, follow, max-snippet:-1, max-image-preview:large, max-video-preview:-1\" \/>\n<link rel=\"canonical\" href=\"https:\/\/tourtravelandmore.com\/fr\/tours\/les-pays-bas-fr\/lahaye-fr\/visite-privee-de-la-haye\/\" \/>\n<meta property=\"og:locale\" content=\"fr_FR\" \/>\n<meta property=\"og:type\" content=\"article\" \/>\n<meta property=\"og:title\" content=\"Visite priv\u00e9e de La Haye\" \/>\n<meta property=\"og:description\" content=\"Visite priv\u00e9e de La Haye avec chauffeur priv\u00e9 et guide officiel. D\u00e9couvrez l&#039;une des villes les plus importantes d&#039;Europe avec votre guide!\" \/>\n<meta property=\"og:url\" content=\"https:\/\/tourtravelandmore.com\/fr\/tours\/les-pays-bas-fr\/lahaye-fr\/visite-privee-de-la-haye\/\" \/>\n<meta property=\"og:site_name\" content=\"Tour Travel And More\" \/>\n<meta property=\"article:publisher\" content=\"https:\/\/www.facebook.com\/tourtravelandmore\/\" \/>\n<meta property=\"og:image\" content=\"https:\/\/tourtravelandmore.com\/wp-content\/uploads\/2018\/10\/International_Court_of_Justice.jpg\" \/>\n\t<meta property=\"og:image:width\" content=\"800\" \/>\n\t<meta property=\"og:image:height\" content=\"597\" \/>\n\t<meta property=\"og:image:type\" content=\"image\/jpeg\" \/>\n<meta name=\"twitter:card\" content=\"summary_large_image\" \/>\n<meta name=\"twitter:site\" content=\"@TourTravel_More\" \/>\n<meta name=\"twitter:label1\" content=\"Dur\u00e9e de lecture estim\u00e9e\" \/>\n\t<meta name=\"twitter:data1\" content=\"1 minute\" \/>\n<script type=\"application\/ld+json\" class=\"yoast-schema-graph\">{\"@context\":\"https:\/\/schema.org\",\"@graph\":[{\"@type\":\"WebPage\",\"@id\":\"https:\/\/tourtravelandmore.com\/fr\/tours\/les-pays-bas-fr\/lahaye-fr\/visite-privee-de-la-haye\/\",\"url\":\"https:\/\/tourtravelandmore.com\/fr\/tours\/les-pays-bas-fr\/lahaye-fr\/visite-privee-de-la-haye\/\",\"name\":\"Visite priv\u00e9e de La Haye avec chauffeur priv\u00e9 et guide officiel\",\"isPartOf\":{\"@id\":\"https:\/\/tourtravelandmore.com\/fr\/#website\"},\"primaryImageOfPage\":{\"@id\":\"https:\/\/tourtravelandmore.com\/fr\/tours\/les-pays-bas-fr\/lahaye-fr\/visite-privee-de-la-haye\/#primaryimage\"},\"image\":{\"@id\":\"https:\/\/tourtravelandmore.com\/fr\/tours\/les-pays-bas-fr\/lahaye-fr\/visite-privee-de-la-haye\/#primaryimage\"},\"thumbnailUrl\":\"https:\/\/tourtravelandmore.com\/wp-content\/uploads\/2018\/10\/International_Court_of_Justice.jpg\",\"datePublished\":\"2018-10-19T15:33:39+00:00\",\"description\":\"Visite priv\u00e9e de La Haye avec chauffeur priv\u00e9 et guide officiel. D\u00e9couvrez l'une des villes les plus importantes d'Europe avec votre guide!\",\"breadcrumb\":{\"@id\":\"https:\/\/tourtravelandmore.com\/fr\/tours\/les-pays-bas-fr\/lahaye-fr\/visite-privee-de-la-haye\/#breadcrumb\"},\"inLanguage\":\"fr-FR\",\"potentialAction\":[{\"@type\":\"ReadAction\",\"target\":[\"https:\/\/tourtravelandmore.com\/fr\/tours\/les-pays-bas-fr\/lahaye-fr\/visite-privee-de-la-haye\/\"]}]},{\"@type\":\"ImageObject\",\"inLanguage\":\"fr-FR\",\"@id\":\"https:\/\/tourtravelandmore.com\/fr\/tours\/les-pays-bas-fr\/lahaye-fr\/visite-privee-de-la-haye\/#primaryimage\",\"url\":\"https:\/\/tourtravelandmore.com\/wp-content\/uploads\/2018\/10\/International_Court_of_Justice.jpg\",\"contentUrl\":\"https:\/\/tourtravelandmore.com\/wp-content\/uploads\/2018\/10\/International_Court_of_Justice.jpg\",\"width\":800,\"height\":597},{\"@type\":\"BreadcrumbList\",\"@id\":\"https:\/\/tourtravelandmore.com\/fr\/tours\/les-pays-bas-fr\/lahaye-fr\/visite-privee-de-la-haye\/#breadcrumb\",\"itemListElement\":[{\"@type\":\"ListItem\",\"position\":1,\"name\":\"Home\",\"item\":\"https:\/\/tourtravelandmore.com\/fr\/\"},{\"@type\":\"ListItem\",\"position\":2,\"name\":\"Tours\",\"item\":\"https:\/\/tourtravelandmore.com\/fr\/tours\/\"},{\"@type\":\"ListItem\",\"position\":3,\"name\":\"Visite priv\u00e9e de La Haye\"}]},{\"@type\":\"WebSite\",\"@id\":\"https:\/\/tourtravelandmore.com\/fr\/#website\",\"url\":\"https:\/\/tourtravelandmore.com\/fr\/\",\"name\":\"Tour Travel And More\",\"description\":\"Private sightseeing tours and luxury transfers in Spain\",\"publisher\":{\"@id\":\"https:\/\/tourtravelandmore.com\/fr\/#organization\"},\"potentialAction\":[{\"@type\":\"SearchAction\",\"target\":{\"@type\":\"EntryPoint\",\"urlTemplate\":\"https:\/\/tourtravelandmore.com\/fr\/?s={search_term_string}\"},\"query-input\":{\"@type\":\"PropertyValueSpecification\",\"valueRequired\":true,\"valueName\":\"search_term_string\"}}],\"inLanguage\":\"fr-FR\"},{\"@type\":\"Organization\",\"@id\":\"https:\/\/tourtravelandmore.com\/fr\/#organization\",\"name\":\"Tour Travel And More\",\"url\":\"https:\/\/tourtravelandmore.com\/fr\/\",\"logo\":{\"@type\":\"ImageObject\",\"inLanguage\":\"fr-FR\",\"@id\":\"https:\/\/tourtravelandmore.com\/fr\/#\/schema\/logo\/image\/\",\"url\":\"https:\/\/tourtravelandmore.com\/wp-content\/uploads\/2022\/12\/cropped-logo-cabecera-new.png\",\"contentUrl\":\"https:\/\/tourtravelandmore.com\/wp-content\/uploads\/2022\/12\/cropped-logo-cabecera-new.png\",\"width\":430,\"height\":61,\"caption\":\"Tour Travel And More\"},\"image\":{\"@id\":\"https:\/\/tourtravelandmore.com\/fr\/#\/schema\/logo\/image\/\"},\"sameAs\":[\"https:\/\/www.facebook.com\/tourtravelandmore\/\",\"https:\/\/x.com\/TourTravel_More\"]}]}<\/script>\n<!-- \/ Yoast SEO Premium plugin. -->","yoast_head_json":{"title":"Visite priv\u00e9e de La Haye avec chauffeur priv\u00e9 et guide officiel","description":"Visite priv\u00e9e de La Haye avec chauffeur priv\u00e9 et guide officiel. D\u00e9couvrez l'une des villes les plus importantes d'Europe avec votre guide!","robots":{"index":"index","follow":"follow","max-snippet":"max-snippet:-1","max-image-preview":"max-image-preview:large","max-video-preview":"max-video-preview:-1"},"canonical":"https:\/\/tourtravelandmore.com\/fr\/tours\/les-pays-bas-fr\/lahaye-fr\/visite-privee-de-la-haye\/","og_locale":"fr_FR","og_type":"article","og_title":"Visite priv\u00e9e de La Haye","og_description":"Visite priv\u00e9e de La Haye avec chauffeur priv\u00e9 et guide officiel. D\u00e9couvrez l'une des villes les plus importantes d'Europe avec votre guide!","og_url":"https:\/\/tourtravelandmore.com\/fr\/tours\/les-pays-bas-fr\/lahaye-fr\/visite-privee-de-la-haye\/","og_site_name":"Tour Travel And More","article_publisher":"https:\/\/www.facebook.com\/tourtravelandmore\/","og_image":[{"width":800,"height":597,"url":"https:\/\/tourtravelandmore.com\/wp-content\/uploads\/2018\/10\/International_Court_of_Justice.jpg","type":"image\/jpeg"}],"twitter_card":"summary_large_image","twitter_site":"@TourTravel_More","twitter_misc":{"Dur\u00e9e de lecture estim\u00e9e":"1 minute"},"schema":{"@context":"https:\/\/schema.org","@graph":[{"@type":"WebPage","@id":"https:\/\/tourtravelandmore.com\/fr\/tours\/les-pays-bas-fr\/lahaye-fr\/visite-privee-de-la-haye\/","url":"https:\/\/tourtravelandmore.com\/fr\/tours\/les-pays-bas-fr\/lahaye-fr\/visite-privee-de-la-haye\/","name":"Visite priv\u00e9e de La Haye avec chauffeur priv\u00e9 et guide officiel","isPartOf":{"@id":"https:\/\/tourtravelandmore.com\/fr\/#website"},"primaryImageOfPage":{"@id":"https:\/\/tourtravelandmore.com\/fr\/tours\/les-pays-bas-fr\/lahaye-fr\/visite-privee-de-la-haye\/#primaryimage"},"image":{"@id":"https:\/\/tourtravelandmore.com\/fr\/tours\/les-pays-bas-fr\/lahaye-fr\/visite-privee-de-la-haye\/#primaryimage"},"thumbnailUrl":"https:\/\/tourtravelandmore.com\/wp-content\/uploads\/2018\/10\/International_Court_of_Justice.jpg","datePublished":"2018-10-19T15:33:39+00:00","description":"Visite priv\u00e9e de La Haye avec chauffeur priv\u00e9 et guide officiel. D\u00e9couvrez l'une des villes les plus importantes d'Europe avec votre guide!","breadcrumb":{"@id":"https:\/\/tourtravelandmore.com\/fr\/tours\/les-pays-bas-fr\/lahaye-fr\/visite-privee-de-la-haye\/#breadcrumb"},"inLanguage":"fr-FR","potentialAction":[{"@type":"ReadAction","target":["https:\/\/tourtravelandmore.com\/fr\/tours\/les-pays-bas-fr\/lahaye-fr\/visite-privee-de-la-haye\/"]}]},{"@type":"ImageObject","inLanguage":"fr-FR","@id":"https:\/\/tourtravelandmore.com\/fr\/tours\/les-pays-bas-fr\/lahaye-fr\/visite-privee-de-la-haye\/#primaryimage","url":"https:\/\/tourtravelandmore.com\/wp-content\/uploads\/2018\/10\/International_Court_of_Justice.jpg","contentUrl":"https:\/\/tourtravelandmore.com\/wp-content\/uploads\/2018\/10\/International_Court_of_Justice.jpg","width":800,"height":597},{"@type":"BreadcrumbList","@id":"https:\/\/tourtravelandmore.com\/fr\/tours\/les-pays-bas-fr\/lahaye-fr\/visite-privee-de-la-haye\/#breadcrumb","itemListElement":[{"@type":"ListItem","position":1,"name":"Home","item":"https:\/\/tourtravelandmore.com\/fr\/"},{"@type":"ListItem","position":2,"name":"Tours","item":"https:\/\/tourtravelandmore.com\/fr\/tours\/"},{"@type":"ListItem","position":3,"name":"Visite priv\u00e9e de La Haye"}]},{"@type":"WebSite","@id":"https:\/\/tourtravelandmore.com\/fr\/#website","url":"https:\/\/tourtravelandmore.com\/fr\/","name":"Tour Travel And More","description":"Private sightseeing tours and luxury transfers in Spain","publisher":{"@id":"https:\/\/tourtravelandmore.com\/fr\/#organization"},"potentialAction":[{"@type":"SearchAction","target":{"@type":"EntryPoint","urlTemplate":"https:\/\/tourtravelandmore.com\/fr\/?s={search_term_string}"},"query-input":{"@type":"PropertyValueSpecification","valueRequired":true,"valueName":"search_term_string"}}],"inLanguage":"fr-FR"},{"@type":"Organization","@id":"https:\/\/tourtravelandmore.com\/fr\/#organization","name":"Tour Travel And More","url":"https:\/\/tourtravelandmore.com\/fr\/","logo":{"@type":"ImageObject","inLanguage":"fr-FR","@id":"https:\/\/tourtravelandmore.com\/fr\/#\/schema\/logo\/image\/","url":"https:\/\/tourtravelandmore.com\/wp-content\/uploads\/2022\/12\/cropped-logo-cabecera-new.png","contentUrl":"https:\/\/tourtravelandmore.com\/wp-content\/uploads\/2022\/12\/cropped-logo-cabecera-new.png","width":430,"height":61,"caption":"Tour Travel And More"},"image":{"@id":"https:\/\/tourtravelandmore.com\/fr\/#\/schema\/logo\/image\/"},"sameAs":["https:\/\/www.facebook.com\/tourtravelandmore\/","https:\/\/x.com\/TourTravel_More"]}]}},"_links":{"self":[{"href":"https:\/\/tourtravelandmore.com\/fr\/wp-json\/wp\/v2\/product\/100487","targetHints":{"allow":["GET"]}}],"collection":[{"href":"https:\/\/tourtravelandmore.com\/fr\/wp-json\/wp\/v2\/product"}],"about":[{"href":"https:\/\/tourtravelandmore.com\/fr\/wp-json\/wp\/v2\/types\/product"}],"replies":[{"embeddable":true,"href":"https:\/\/tourtravelandmore.com\/fr\/wp-json\/wp\/v2\/comments?post=100487"}],"wp:featuredmedia":[{"embeddable":true,"href":"https:\/\/tourtravelandmore.com\/fr\/wp-json\/wp\/v2\/media\/95352"}],"wp:attachment":[{"href":"https:\/\/tourtravelandmore.com\/fr\/wp-json\/wp\/v2\/media?parent=100487"}],"wp:term":[{"taxonomy":"product_brand","embeddable":true,"href":"https:\/\/tourtravelandmore.com\/fr\/wp-json\/wp\/v2\/product_brand?post=100487"},{"taxonomy":"product_cat","embeddable":true,"href":"https:\/\/tourtravelandmore.com\/fr\/wp-json\/wp\/v2\/product_cat?post=100487"},{"taxonomy":"product_tag","embeddable":true,"href":"https:\/\/tourtravelandmore.com\/fr\/wp-json\/wp\/v2\/product_tag?post=100487"}],"curies":[{"name":"wp","href":"https:\/\/api.w.org\/{rel}","templated":true}]}}