{"id":100482,"date":"2018-10-19T17:16:34","date_gmt":"2018-10-19T15:16:34","guid":{"rendered":"https:\/\/tourtravelandmore.com\/tours\/non class\u00e9\/visite-privee-de-madurodam\/"},"modified":"2018-10-19T17:16:34","modified_gmt":"2018-10-19T15:16:34","slug":"visite-privee-de-madurodam","status":"publish","type":"product","link":"https:\/\/tourtravelandmore.com\/fr\/tours\/les-pays-bas-fr\/lahaye-fr\/visite-privee-de-madurodam\/","title":{"rendered":"Visite priv\u00e9e de Madurodam"},"content":{"rendered":"<h2>Description<\/h2>\n<p>Profitez de cette visite priv\u00e9e de Madurodam avec votre guide officiel et v\u00e9hicule de luxe priv\u00e9 avec chauffeur et d\u00e9couvrez ses lieux les plus embl\u00e9matiques. C&#8217;est parfait pour voir la Hollande en miniature.<\/p>\n<p>Madurodam est un parc miniature et une attraction touristique c\u00e9l\u00e8bre \u00e0 Scheveningen.<\/p>\n<p>Pour cette visite priv\u00e9e, nous avons deux options.<\/p>\n<p>La premi\u00e8re option est de se retrouver directement \u00e0 Madurodam. De cette fa\u00e7on, vous y arrivez par vos propres moyens et nous n&#8217;organisons pas de v\u00e9hicule priv\u00e9. La deuxi\u00e8me option consiste \u00e0 organiser un v\u00e9hicule priv\u00e9 pour venir vous chercher \u00e0 l&#8217;endroit de votre choix \u00e0 La Haye. Apr\u00e8s une prise en charge confortable, nous nous dirigerons vers Madurodam. Pour cette visite priv\u00e9e, nous organiserons les billets d&#8217;entr\u00e9e \u00e0 Madurodam pour vous.<\/p>\n<p>Comme tous nos circuits, nous pouvons personnaliser cette exp\u00e9rience \u00e0 La Haye. Tout ce que vous avez \u00e0 faire est de contacter l&#8217;un de nos experts en voyages.<\/p>\n<h2>Sites d&#8217;int\u00e9r\u00eat et monuments<\/h2>\n<p>Profitez de Madurodam et d\u00e9couvrez la Hollande en miniature et tout ce que cet endroit fabuleux a \u00e0 offrir.<\/p>\n<p>Premi\u00e8rement, si l&#8217;option est s\u00e9lectionn\u00e9e, nous viendrons vous chercher \u00e0 votre h\u00f4tel ou lieu de votre choix \u00e0 La Haye.<\/p>\n<p>Deuxi\u00e8mement, nous arriverons \u00e0 Madurodam. Nous entrerons ensuite et profiterons du meilleur de la Hollande en miniature.<\/p>\n<p>Vous pourrez personnaliser cette visite et prendre des photos impressionnantes quand vous le souhaitez. Il s&#8217;agit d&#8217;une visite unique enti\u00e8rement personnalis\u00e9e pour vous et votre groupe.<\/p>\n<p>Enfin, apr\u00e8s la visite de Madurodam, nous vous ram\u00e8nerons \u00e0 votre h\u00f4tel ou lieu de choix \u00e0 La Haye. C&#8217;est l&#8217;une des visites priv\u00e9es les plus amusantes de Madurodam que vous puissiez trouver.<\/p>\n<p>Ne manquez pas nos autres visites priv\u00e9es que nous pouvons vous proposer.<\/p>\n","protected":false},"excerpt":{"rendered":"<p>Profitez de cette visite guid\u00e9e priv\u00e9e enti\u00e8rement personnalis\u00e9e de Madurodam au d\u00e9part de La Haye. Madurodam est un parc miniature \u00e0 La Haye, exactement \u00e0 Scheveningen. Profitez de sa maquette unique de monuments importants de la Hollande ainsi que de ses villes en miniature. Votre guide pourra vous guider \u00e0 travers les diff\u00e9rentes parties de ce parc unique de plus de 60 ans.<\/p>\n","protected":false},"featured_media":95393,"comment_status":"open","ping_status":"closed","template":"","meta":{"_acf_changed":false},"product_brand":[],"product_cat":[3637,4009,4010],"product_tag":[],"class_list":{"0":"post-100482","1":"product","2":"type-product","3":"status-publish","4":"has-post-thumbnail","6":"product_cat-lahaye-fr","7":"product_cat-all-private-tours-activities-fr-5","8":"product_cat-private-sightseeing-tours-fr-5","10":"first","11":"instock","12":"shipping-taxable","13":"purchasable","14":"product-type-simple"},"acf":[],"yoast_head":"<!-- This site is optimized with the Yoast SEO Premium plugin v25.3.1 (Yoast SEO v25.3.1) - https:\/\/yoast.com\/wordpress\/plugins\/seo\/ -->\n<title>Visite priv\u00e9e de Madurodam - V\u00e9hicule priv\u00e9 avec chauffeur et guide.<\/title>\n<meta name=\"description\" content=\"Visite priv\u00e9e de Madurodam au d\u00e9part de La Haye confortable dans un v\u00e9hicule de luxe priv\u00e9, avec un guide officiel. D\u00e9couvrez le parc miniature de Hollande.\" \/>\n<meta name=\"robots\" content=\"index, follow, max-snippet:-1, max-image-preview:large, max-video-preview:-1\" \/>\n<link rel=\"canonical\" href=\"https:\/\/tourtravelandmore.com\/fr\/tours\/les-pays-bas-fr\/lahaye-fr\/visite-privee-de-madurodam\/\" \/>\n<meta property=\"og:locale\" content=\"fr_FR\" \/>\n<meta property=\"og:type\" content=\"article\" \/>\n<meta property=\"og:title\" content=\"Visite priv\u00e9e de Madurodam\" \/>\n<meta property=\"og:description\" content=\"Visite priv\u00e9e de Madurodam au d\u00e9part de La Haye confortable dans un v\u00e9hicule de luxe priv\u00e9, avec un guide officiel. D\u00e9couvrez le parc miniature de Hollande.\" \/>\n<meta property=\"og:url\" content=\"https:\/\/tourtravelandmore.com\/fr\/tours\/les-pays-bas-fr\/lahaye-fr\/visite-privee-de-madurodam\/\" \/>\n<meta property=\"og:site_name\" content=\"Tour Travel And More\" \/>\n<meta property=\"article:publisher\" content=\"https:\/\/www.facebook.com\/tourtravelandmore\/\" \/>\n<meta property=\"og:image\" content=\"https:\/\/tourtravelandmore.com\/wp-content\/uploads\/2018\/10\/Edificios-del-Parlamento-Het-Binnenhof-La-Haya-Madurodam-940x600.jpg\" \/>\n\t<meta property=\"og:image:width\" content=\"940\" \/>\n\t<meta property=\"og:image:height\" content=\"600\" \/>\n\t<meta property=\"og:image:type\" content=\"image\/jpeg\" \/>\n<meta name=\"twitter:card\" content=\"summary_large_image\" \/>\n<meta name=\"twitter:site\" content=\"@TourTravel_More\" \/>\n<meta name=\"twitter:label1\" content=\"Dur\u00e9e de lecture estim\u00e9e\" \/>\n\t<meta name=\"twitter:data1\" content=\"2 minutes\" \/>\n<script type=\"application\/ld+json\" class=\"yoast-schema-graph\">{\"@context\":\"https:\/\/schema.org\",\"@graph\":[{\"@type\":\"WebPage\",\"@id\":\"https:\/\/tourtravelandmore.com\/fr\/tours\/les-pays-bas-fr\/lahaye-fr\/visite-privee-de-madurodam\/\",\"url\":\"https:\/\/tourtravelandmore.com\/fr\/tours\/les-pays-bas-fr\/lahaye-fr\/visite-privee-de-madurodam\/\",\"name\":\"Visite priv\u00e9e de Madurodam - V\u00e9hicule priv\u00e9 avec chauffeur et guide.\",\"isPartOf\":{\"@id\":\"https:\/\/tourtravelandmore.com\/fr\/#website\"},\"primaryImageOfPage\":{\"@id\":\"https:\/\/tourtravelandmore.com\/fr\/tours\/les-pays-bas-fr\/lahaye-fr\/visite-privee-de-madurodam\/#primaryimage\"},\"image\":{\"@id\":\"https:\/\/tourtravelandmore.com\/fr\/tours\/les-pays-bas-fr\/lahaye-fr\/visite-privee-de-madurodam\/#primaryimage\"},\"thumbnailUrl\":\"https:\/\/tourtravelandmore.com\/wp-content\/uploads\/2018\/10\/Edificios-del-Parlamento-Het-Binnenhof-La-Haya-Madurodam-940x600.jpg\",\"datePublished\":\"2018-10-19T15:16:34+00:00\",\"description\":\"Visite priv\u00e9e de Madurodam au d\u00e9part de La Haye confortable dans un v\u00e9hicule de luxe priv\u00e9, avec un guide officiel. D\u00e9couvrez le parc miniature de Hollande.\",\"breadcrumb\":{\"@id\":\"https:\/\/tourtravelandmore.com\/fr\/tours\/les-pays-bas-fr\/lahaye-fr\/visite-privee-de-madurodam\/#breadcrumb\"},\"inLanguage\":\"fr-FR\",\"potentialAction\":[{\"@type\":\"ReadAction\",\"target\":[\"https:\/\/tourtravelandmore.com\/fr\/tours\/les-pays-bas-fr\/lahaye-fr\/visite-privee-de-madurodam\/\"]}]},{\"@type\":\"ImageObject\",\"inLanguage\":\"fr-FR\",\"@id\":\"https:\/\/tourtravelandmore.com\/fr\/tours\/les-pays-bas-fr\/lahaye-fr\/visite-privee-de-madurodam\/#primaryimage\",\"url\":\"https:\/\/tourtravelandmore.com\/wp-content\/uploads\/2018\/10\/Edificios-del-Parlamento-Het-Binnenhof-La-Haya-Madurodam-940x600.jpg\",\"contentUrl\":\"https:\/\/tourtravelandmore.com\/wp-content\/uploads\/2018\/10\/Edificios-del-Parlamento-Het-Binnenhof-La-Haya-Madurodam-940x600.jpg\",\"width\":940,\"height\":600},{\"@type\":\"BreadcrumbList\",\"@id\":\"https:\/\/tourtravelandmore.com\/fr\/tours\/les-pays-bas-fr\/lahaye-fr\/visite-privee-de-madurodam\/#breadcrumb\",\"itemListElement\":[{\"@type\":\"ListItem\",\"position\":1,\"name\":\"Home\",\"item\":\"https:\/\/tourtravelandmore.com\/fr\/\"},{\"@type\":\"ListItem\",\"position\":2,\"name\":\"Tours\",\"item\":\"https:\/\/tourtravelandmore.com\/fr\/tours\/\"},{\"@type\":\"ListItem\",\"position\":3,\"name\":\"Visite priv\u00e9e de Madurodam\"}]},{\"@type\":\"WebSite\",\"@id\":\"https:\/\/tourtravelandmore.com\/fr\/#website\",\"url\":\"https:\/\/tourtravelandmore.com\/fr\/\",\"name\":\"Tour Travel And More\",\"description\":\"Private sightseeing tours and luxury transfers in Spain\",\"publisher\":{\"@id\":\"https:\/\/tourtravelandmore.com\/fr\/#organization\"},\"potentialAction\":[{\"@type\":\"SearchAction\",\"target\":{\"@type\":\"EntryPoint\",\"urlTemplate\":\"https:\/\/tourtravelandmore.com\/fr\/?s={search_term_string}\"},\"query-input\":{\"@type\":\"PropertyValueSpecification\",\"valueRequired\":true,\"valueName\":\"search_term_string\"}}],\"inLanguage\":\"fr-FR\"},{\"@type\":\"Organization\",\"@id\":\"https:\/\/tourtravelandmore.com\/fr\/#organization\",\"name\":\"Tour Travel And More\",\"url\":\"https:\/\/tourtravelandmore.com\/fr\/\",\"logo\":{\"@type\":\"ImageObject\",\"inLanguage\":\"fr-FR\",\"@id\":\"https:\/\/tourtravelandmore.com\/fr\/#\/schema\/logo\/image\/\",\"url\":\"https:\/\/tourtravelandmore.com\/wp-content\/uploads\/2022\/12\/cropped-logo-cabecera-new.png\",\"contentUrl\":\"https:\/\/tourtravelandmore.com\/wp-content\/uploads\/2022\/12\/cropped-logo-cabecera-new.png\",\"width\":430,\"height\":61,\"caption\":\"Tour Travel And More\"},\"image\":{\"@id\":\"https:\/\/tourtravelandmore.com\/fr\/#\/schema\/logo\/image\/\"},\"sameAs\":[\"https:\/\/www.facebook.com\/tourtravelandmore\/\",\"https:\/\/x.com\/TourTravel_More\"]}]}<\/script>\n<!-- \/ Yoast SEO Premium plugin. -->","yoast_head_json":{"title":"Visite priv\u00e9e de Madurodam - V\u00e9hicule priv\u00e9 avec chauffeur et guide.","description":"Visite priv\u00e9e de Madurodam au d\u00e9part de La Haye confortable dans un v\u00e9hicule de luxe priv\u00e9, avec un guide officiel. D\u00e9couvrez le parc miniature de Hollande.","robots":{"index":"index","follow":"follow","max-snippet":"max-snippet:-1","max-image-preview":"max-image-preview:large","max-video-preview":"max-video-preview:-1"},"canonical":"https:\/\/tourtravelandmore.com\/fr\/tours\/les-pays-bas-fr\/lahaye-fr\/visite-privee-de-madurodam\/","og_locale":"fr_FR","og_type":"article","og_title":"Visite priv\u00e9e de Madurodam","og_description":"Visite priv\u00e9e de Madurodam au d\u00e9part de La Haye confortable dans un v\u00e9hicule de luxe priv\u00e9, avec un guide officiel. D\u00e9couvrez le parc miniature de Hollande.","og_url":"https:\/\/tourtravelandmore.com\/fr\/tours\/les-pays-bas-fr\/lahaye-fr\/visite-privee-de-madurodam\/","og_site_name":"Tour Travel And More","article_publisher":"https:\/\/www.facebook.com\/tourtravelandmore\/","og_image":[{"width":940,"height":600,"url":"https:\/\/tourtravelandmore.com\/wp-content\/uploads\/2018\/10\/Edificios-del-Parlamento-Het-Binnenhof-La-Haya-Madurodam-940x600.jpg","type":"image\/jpeg"}],"twitter_card":"summary_large_image","twitter_site":"@TourTravel_More","twitter_misc":{"Dur\u00e9e de lecture estim\u00e9e":"2 minutes"},"schema":{"@context":"https:\/\/schema.org","@graph":[{"@type":"WebPage","@id":"https:\/\/tourtravelandmore.com\/fr\/tours\/les-pays-bas-fr\/lahaye-fr\/visite-privee-de-madurodam\/","url":"https:\/\/tourtravelandmore.com\/fr\/tours\/les-pays-bas-fr\/lahaye-fr\/visite-privee-de-madurodam\/","name":"Visite priv\u00e9e de Madurodam - V\u00e9hicule priv\u00e9 avec chauffeur et guide.","isPartOf":{"@id":"https:\/\/tourtravelandmore.com\/fr\/#website"},"primaryImageOfPage":{"@id":"https:\/\/tourtravelandmore.com\/fr\/tours\/les-pays-bas-fr\/lahaye-fr\/visite-privee-de-madurodam\/#primaryimage"},"image":{"@id":"https:\/\/tourtravelandmore.com\/fr\/tours\/les-pays-bas-fr\/lahaye-fr\/visite-privee-de-madurodam\/#primaryimage"},"thumbnailUrl":"https:\/\/tourtravelandmore.com\/wp-content\/uploads\/2018\/10\/Edificios-del-Parlamento-Het-Binnenhof-La-Haya-Madurodam-940x600.jpg","datePublished":"2018-10-19T15:16:34+00:00","description":"Visite priv\u00e9e de Madurodam au d\u00e9part de La Haye confortable dans un v\u00e9hicule de luxe priv\u00e9, avec un guide officiel. D\u00e9couvrez le parc miniature de Hollande.","breadcrumb":{"@id":"https:\/\/tourtravelandmore.com\/fr\/tours\/les-pays-bas-fr\/lahaye-fr\/visite-privee-de-madurodam\/#breadcrumb"},"inLanguage":"fr-FR","potentialAction":[{"@type":"ReadAction","target":["https:\/\/tourtravelandmore.com\/fr\/tours\/les-pays-bas-fr\/lahaye-fr\/visite-privee-de-madurodam\/"]}]},{"@type":"ImageObject","inLanguage":"fr-FR","@id":"https:\/\/tourtravelandmore.com\/fr\/tours\/les-pays-bas-fr\/lahaye-fr\/visite-privee-de-madurodam\/#primaryimage","url":"https:\/\/tourtravelandmore.com\/wp-content\/uploads\/2018\/10\/Edificios-del-Parlamento-Het-Binnenhof-La-Haya-Madurodam-940x600.jpg","contentUrl":"https:\/\/tourtravelandmore.com\/wp-content\/uploads\/2018\/10\/Edificios-del-Parlamento-Het-Binnenhof-La-Haya-Madurodam-940x600.jpg","width":940,"height":600},{"@type":"BreadcrumbList","@id":"https:\/\/tourtravelandmore.com\/fr\/tours\/les-pays-bas-fr\/lahaye-fr\/visite-privee-de-madurodam\/#breadcrumb","itemListElement":[{"@type":"ListItem","position":1,"name":"Home","item":"https:\/\/tourtravelandmore.com\/fr\/"},{"@type":"ListItem","position":2,"name":"Tours","item":"https:\/\/tourtravelandmore.com\/fr\/tours\/"},{"@type":"ListItem","position":3,"name":"Visite priv\u00e9e de Madurodam"}]},{"@type":"WebSite","@id":"https:\/\/tourtravelandmore.com\/fr\/#website","url":"https:\/\/tourtravelandmore.com\/fr\/","name":"Tour Travel And More","description":"Private sightseeing tours and luxury transfers in Spain","publisher":{"@id":"https:\/\/tourtravelandmore.com\/fr\/#organization"},"potentialAction":[{"@type":"SearchAction","target":{"@type":"EntryPoint","urlTemplate":"https:\/\/tourtravelandmore.com\/fr\/?s={search_term_string}"},"query-input":{"@type":"PropertyValueSpecification","valueRequired":true,"valueName":"search_term_string"}}],"inLanguage":"fr-FR"},{"@type":"Organization","@id":"https:\/\/tourtravelandmore.com\/fr\/#organization","name":"Tour Travel And More","url":"https:\/\/tourtravelandmore.com\/fr\/","logo":{"@type":"ImageObject","inLanguage":"fr-FR","@id":"https:\/\/tourtravelandmore.com\/fr\/#\/schema\/logo\/image\/","url":"https:\/\/tourtravelandmore.com\/wp-content\/uploads\/2022\/12\/cropped-logo-cabecera-new.png","contentUrl":"https:\/\/tourtravelandmore.com\/wp-content\/uploads\/2022\/12\/cropped-logo-cabecera-new.png","width":430,"height":61,"caption":"Tour Travel And More"},"image":{"@id":"https:\/\/tourtravelandmore.com\/fr\/#\/schema\/logo\/image\/"},"sameAs":["https:\/\/www.facebook.com\/tourtravelandmore\/","https:\/\/x.com\/TourTravel_More"]}]}},"_links":{"self":[{"href":"https:\/\/tourtravelandmore.com\/fr\/wp-json\/wp\/v2\/product\/100482","targetHints":{"allow":["GET"]}}],"collection":[{"href":"https:\/\/tourtravelandmore.com\/fr\/wp-json\/wp\/v2\/product"}],"about":[{"href":"https:\/\/tourtravelandmore.com\/fr\/wp-json\/wp\/v2\/types\/product"}],"replies":[{"embeddable":true,"href":"https:\/\/tourtravelandmore.com\/fr\/wp-json\/wp\/v2\/comments?post=100482"}],"wp:featuredmedia":[{"embeddable":true,"href":"https:\/\/tourtravelandmore.com\/fr\/wp-json\/wp\/v2\/media\/95393"}],"wp:attachment":[{"href":"https:\/\/tourtravelandmore.com\/fr\/wp-json\/wp\/v2\/media?parent=100482"}],"wp:term":[{"taxonomy":"product_brand","embeddable":true,"href":"https:\/\/tourtravelandmore.com\/fr\/wp-json\/wp\/v2\/product_brand?post=100482"},{"taxonomy":"product_cat","embeddable":true,"href":"https:\/\/tourtravelandmore.com\/fr\/wp-json\/wp\/v2\/product_cat?post=100482"},{"taxonomy":"product_tag","embeddable":true,"href":"https:\/\/tourtravelandmore.com\/fr\/wp-json\/wp\/v2\/product_tag?post=100482"}],"curies":[{"name":"wp","href":"https:\/\/api.w.org\/{rel}","templated":true}]}}