{"id":100477,"date":"2019-10-31T14:14:04","date_gmt":"2019-10-31T13:14:04","guid":{"rendered":"https:\/\/tourtravelandmore.com\/tours\/non%20class\u00e9\/visite-privee-a-capri-et-anacapri-avec-blue-grotto\/"},"modified":"2024-03-11T14:07:04","modified_gmt":"2024-03-11T13:07:04","slug":"visite-privee-a-capri-et-anacapri-avec-blue-grotto","status":"publish","type":"product","link":"https:\/\/tourtravelandmore.com\/fr\/tours\/italie-fr\/capri-fr\/toutes-les-visites-privees-fr-3\/visite-privee-a-capri-et-anacapri-avec-blue-grotto\/","title":{"rendered":"Visite priv\u00e9e \u00e0 Capri et Anacapri avec Blue Grotto"},"content":{"rendered":"<h2>Visite priv\u00e9e de Capri et Anacapri avec la Grotte bleue Description<\/h2>\n<p>Embarquez pour un voyage personnalis\u00e9 et explorez cette visite priv\u00e9e de Capri et Anacapri avec la Grotte Bleue, y compris la c\u00e9l\u00e8bre Grotte Bleue, en compagnie de votre propre guide touristique priv\u00e9. Plongez dans le charme de ces destinations enchanteresses sous la conduite experte de votre guide officiel.<\/p>\n<p>Nich\u00e9e dans la mer Tyrrh\u00e9nienne, au large de la c\u00f4te sud du golfe de Naples, Capri est d&#8217;une beaut\u00e9 et d&#8217;une allure incomparables. De la vibrante &#8220;piazzetta&#8221; \u00e0 ses eaux azur envo\u00fbtantes et \u00e0 sa cuisine d\u00e9lectable, Capri respire l&#8217;exclusivit\u00e9 et le charme, ce qui en fait un joyau italien par excellence.<\/p>\n<p>Anacapri, la commune qui l&#8217;accompagne, est tout aussi captivante. Le nom &#8220;Anacapri&#8221;, d\u00e9riv\u00e9 du mot grec &#8220;Ana&#8221; signifiant &#8220;au-dessus&#8221;, refl\u00e8te bien sa position sur\u00e9lev\u00e9e par rapport \u00e0 Capri. Ensemble, elles forment la pittoresque \u00eele de Capri, qui offre une multitude de merveilles naturelles et pittoresques \u00e0 explorer.<\/p>\n<p>Profitez d&#8217;une exp\u00e9rience sur mesure pendant que votre guide officiel vous conduit \u00e0 travers les rues labyrinthiques, les sites historiques et les plages idylliques de ces lieux captivants. D\u00e9couvrez les tr\u00e9sors cach\u00e9s et l&#8217;histoire qui font de cette \u00eele un lieu unique au cours de ce voyage inoubliable.<\/p>\n<h2>Points d&#8217;int\u00e9r\u00eat et monuments<\/h2>\n<p>Tout d&#8217;abord, vous rencontrerez votre guide officiel priv\u00e9 \u00e0 votre h\u00f4tel \u00e0 Capri \u00e0 l&#8217;heure souhait\u00e9e. Notre guide est un expert qui conna\u00eet tr\u00e8s bien l&#8217;\u00eele.<\/p>\n<p>Apr\u00e8s avoir rencontr\u00e9 votre guide, vous descendrez au port en funiculaire pour prendre le bateau public qui vous m\u00e8nera \u00e0 la Grotte Bleue.<\/p>\n<p>Veuillez noter que si, \u00e0 votre arriv\u00e9e, de nombreux bateaux font la queue pour entrer dans la Grotte bleue, le bateau public n&#8217;attendra pas mais poursuivra son voyage et retournera au port de Capri. Une autre solution pour visiter la grotte consiste \u00e0 emprunter un escalier \u00e0 Anacapri, accessible par un transport priv\u00e9 partag\u00e9 (votre guide vous accompagnera), o\u00f9 vous attendrez votre tour.<\/p>\n<p>N&#8217;oubliez pas que la Grotte bleue n&#8217;est pas toujours accessible. Si la mar\u00e9e monte et que l&#8217;entr\u00e9e est recouverte par les vagues, l&#8217;acc\u00e8s \u00e0 la grotte devient impossible. Si la Grotte bleue est ferm\u00e9e le jour de votre excursion, vous pouvez opter pour un tour de l&#8217;\u00eele en bateau partag\u00e9. Ce tour vous permet d&#8217;explorer toutes les grottes de l&#8217;\u00eele et de naviguer autour de ses trois c\u00e9l\u00e8bres chemin\u00e9es, symboles embl\u00e9matiques de Capri.<\/p>\n<p>Apr\u00e8s la visite, vous prendrez un transport priv\u00e9 partag\u00e9 jusqu&#8217;au centre d&#8217;Anacapri. De l\u00e0, vous monterez en t\u00e9l\u00e9si\u00e8ge sur le mont Solaro, le plus haut sommet de l&#8217;\u00eele, qui offre des vues panoramiques \u00e0 couper le souffle. Ensuite, vous vous rendrez sur la Piazza Vittoria, une charmante place orn\u00e9e d&#8217;arbres et de fleurs, cr\u00e9ant un paysage c\u00f4tier pittoresque qui laissera une impression durable.<\/p>\n<p>Ensuite, vous prendrez un transport priv\u00e9 partag\u00e9 jusqu&#8217;\u00e0 la ville de Capri, o\u00f9 vous explorerez son centre historique. Admirez la c\u00e9l\u00e8bre Piazza Umberto I (ou &#8220;piazzeta&#8221;), tr\u00e8s anim\u00e9e et entour\u00e9e de monuments tels que la Tour de l&#8217;Horloge et l&#8217;\u00e9glise San Stefano, ainsi que de restaurants et de boutiques exclusifs. Promenez-vous dans les rues principales de Capri : Via Vittorio Emanuelle, Via Croce et Camelle.<\/p>\n<p>Pendant la visite, vous aurez du temps libre pour d\u00eener dans un d\u00e9licieux restaurant italien, sur les recommandations du guide.<\/p>\n<p>Il est \u00e9galement possible de ne visiter que Capri et Anacapri, sans la Grotte bleue. Jetez un coup d&#8217;\u0153il \u00e0 notre excursion priv\u00e9e d&#8217;une journ\u00e9e \u00e0 Capri.<\/p>\n","protected":false},"excerpt":{"rendered":"<p>Venez avec nous sur cette visite priv\u00e9e de Capri et Anacapri en bus ou en taxi et d\u00e9couvrez ses magnifiques paysages et la grotte bleue amazonienne. Les villes de Capri et Anacapri, en Italie, se caract\u00e9risent par leur architecture urbaine modeste, leurs rues charmantes et leur vue imprenable sur la mer.<\/p>\n","protected":false},"featured_media":96615,"comment_status":"open","ping_status":"closed","template":"","meta":{"_acf_changed":false},"product_brand":[],"product_cat":[4896,4898,3651],"product_tag":[],"class_list":{"0":"post-100477","1":"product","2":"type-product","3":"status-publish","4":"has-post-thumbnail","6":"product_cat-toutes-les-visites-privees-fr-3","7":"product_cat-visites-guidees-privees-fr-9","8":"product_cat-capri-fr","10":"first","11":"instock","12":"shipping-taxable","13":"purchasable","14":"product-type-simple"},"acf":[],"yoast_head":"<!-- This site is optimized with the Yoast SEO Premium plugin v25.3.1 (Yoast SEO v25.3.1) - https:\/\/yoast.com\/wordpress\/plugins\/seo\/ -->\n<title>Visite priv\u00e9e \u00e0 Capri et Anacapri avec Blue Grotto et guide officiel<\/title>\n<meta name=\"description\" content=\"Explorez et profitez de la ville de Capri et d&#039;Anacapri avec un guide local avec cette visite priv\u00e9e \u00e0 Capri et Anacapri avec entr\u00e9e \u00e0 la grotte bleue.\" \/>\n<meta name=\"robots\" content=\"index, follow, max-snippet:-1, max-image-preview:large, max-video-preview:-1\" \/>\n<link rel=\"canonical\" href=\"https:\/\/tourtravelandmore.com\/fr\/tours\/italie-fr\/capri-fr\/toutes-les-visites-privees-fr-3\/visite-privee-a-capri-et-anacapri-avec-blue-grotto\/\" \/>\n<meta property=\"og:locale\" content=\"fr_FR\" \/>\n<meta property=\"og:type\" content=\"article\" \/>\n<meta property=\"og:title\" content=\"Visite priv\u00e9e \u00e0 Capri et Anacapri avec Blue Grotto\" \/>\n<meta property=\"og:description\" content=\"Explorez et profitez de la ville de Capri et d&#039;Anacapri avec un guide local avec cette visite priv\u00e9e \u00e0 Capri et Anacapri avec entr\u00e9e \u00e0 la grotte bleue.\" \/>\n<meta property=\"og:url\" content=\"https:\/\/tourtravelandmore.com\/fr\/tours\/italie-fr\/capri-fr\/toutes-les-visites-privees-fr-3\/visite-privee-a-capri-et-anacapri-avec-blue-grotto\/\" \/>\n<meta property=\"og:site_name\" content=\"Tour Travel And More\" \/>\n<meta property=\"article:publisher\" content=\"https:\/\/www.facebook.com\/tourtravelandmore\/\" \/>\n<meta property=\"article:modified_time\" content=\"2024-03-11T13:07:04+00:00\" \/>\n<meta property=\"og:image\" content=\"https:\/\/tourtravelandmore.com\/wp-content\/uploads\/2019\/10\/capri_blue_grotto.jpg\" \/>\n\t<meta property=\"og:image:width\" content=\"1024\" \/>\n\t<meta property=\"og:image:height\" content=\"683\" \/>\n\t<meta property=\"og:image:type\" content=\"image\/jpeg\" \/>\n<meta name=\"twitter:card\" content=\"summary_large_image\" \/>\n<meta name=\"twitter:site\" content=\"@TourTravel_More\" \/>\n<meta name=\"twitter:label1\" content=\"Dur\u00e9e de lecture estim\u00e9e\" \/>\n\t<meta name=\"twitter:data1\" content=\"3 minutes\" \/>\n<script type=\"application\/ld+json\" class=\"yoast-schema-graph\">{\"@context\":\"https:\/\/schema.org\",\"@graph\":[{\"@type\":\"WebPage\",\"@id\":\"https:\/\/tourtravelandmore.com\/fr\/tours\/italie-fr\/capri-fr\/toutes-les-visites-privees-fr-3\/visite-privee-a-capri-et-anacapri-avec-blue-grotto\/\",\"url\":\"https:\/\/tourtravelandmore.com\/fr\/tours\/italie-fr\/capri-fr\/toutes-les-visites-privees-fr-3\/visite-privee-a-capri-et-anacapri-avec-blue-grotto\/\",\"name\":\"Visite priv\u00e9e \u00e0 Capri et Anacapri avec Blue Grotto et guide officiel\",\"isPartOf\":{\"@id\":\"https:\/\/tourtravelandmore.com\/fr\/#website\"},\"primaryImageOfPage\":{\"@id\":\"https:\/\/tourtravelandmore.com\/fr\/tours\/italie-fr\/capri-fr\/toutes-les-visites-privees-fr-3\/visite-privee-a-capri-et-anacapri-avec-blue-grotto\/#primaryimage\"},\"image\":{\"@id\":\"https:\/\/tourtravelandmore.com\/fr\/tours\/italie-fr\/capri-fr\/toutes-les-visites-privees-fr-3\/visite-privee-a-capri-et-anacapri-avec-blue-grotto\/#primaryimage\"},\"thumbnailUrl\":\"https:\/\/tourtravelandmore.com\/wp-content\/uploads\/2019\/10\/capri_blue_grotto.jpg\",\"datePublished\":\"2019-10-31T13:14:04+00:00\",\"dateModified\":\"2024-03-11T13:07:04+00:00\",\"description\":\"Explorez et profitez de la ville de Capri et d'Anacapri avec un guide local avec cette visite priv\u00e9e \u00e0 Capri et Anacapri avec entr\u00e9e \u00e0 la grotte bleue.\",\"breadcrumb\":{\"@id\":\"https:\/\/tourtravelandmore.com\/fr\/tours\/italie-fr\/capri-fr\/toutes-les-visites-privees-fr-3\/visite-privee-a-capri-et-anacapri-avec-blue-grotto\/#breadcrumb\"},\"inLanguage\":\"fr-FR\",\"potentialAction\":[{\"@type\":\"ReadAction\",\"target\":[\"https:\/\/tourtravelandmore.com\/fr\/tours\/italie-fr\/capri-fr\/toutes-les-visites-privees-fr-3\/visite-privee-a-capri-et-anacapri-avec-blue-grotto\/\"]}]},{\"@type\":\"ImageObject\",\"inLanguage\":\"fr-FR\",\"@id\":\"https:\/\/tourtravelandmore.com\/fr\/tours\/italie-fr\/capri-fr\/toutes-les-visites-privees-fr-3\/visite-privee-a-capri-et-anacapri-avec-blue-grotto\/#primaryimage\",\"url\":\"https:\/\/tourtravelandmore.com\/wp-content\/uploads\/2019\/10\/capri_blue_grotto.jpg\",\"contentUrl\":\"https:\/\/tourtravelandmore.com\/wp-content\/uploads\/2019\/10\/capri_blue_grotto.jpg\",\"width\":1024,\"height\":683},{\"@type\":\"BreadcrumbList\",\"@id\":\"https:\/\/tourtravelandmore.com\/fr\/tours\/italie-fr\/capri-fr\/toutes-les-visites-privees-fr-3\/visite-privee-a-capri-et-anacapri-avec-blue-grotto\/#breadcrumb\",\"itemListElement\":[{\"@type\":\"ListItem\",\"position\":1,\"name\":\"Home\",\"item\":\"https:\/\/tourtravelandmore.com\/fr\/\"},{\"@type\":\"ListItem\",\"position\":2,\"name\":\"Tours\",\"item\":\"https:\/\/tourtravelandmore.com\/fr\/tours\/\"},{\"@type\":\"ListItem\",\"position\":3,\"name\":\"Visite priv\u00e9e \u00e0 Capri et Anacapri avec Blue Grotto\"}]},{\"@type\":\"WebSite\",\"@id\":\"https:\/\/tourtravelandmore.com\/fr\/#website\",\"url\":\"https:\/\/tourtravelandmore.com\/fr\/\",\"name\":\"Tour Travel And More\",\"description\":\"Private sightseeing tours and luxury transfers in Spain\",\"publisher\":{\"@id\":\"https:\/\/tourtravelandmore.com\/fr\/#organization\"},\"potentialAction\":[{\"@type\":\"SearchAction\",\"target\":{\"@type\":\"EntryPoint\",\"urlTemplate\":\"https:\/\/tourtravelandmore.com\/fr\/?s={search_term_string}\"},\"query-input\":{\"@type\":\"PropertyValueSpecification\",\"valueRequired\":true,\"valueName\":\"search_term_string\"}}],\"inLanguage\":\"fr-FR\"},{\"@type\":\"Organization\",\"@id\":\"https:\/\/tourtravelandmore.com\/fr\/#organization\",\"name\":\"Tour Travel And More\",\"url\":\"https:\/\/tourtravelandmore.com\/fr\/\",\"logo\":{\"@type\":\"ImageObject\",\"inLanguage\":\"fr-FR\",\"@id\":\"https:\/\/tourtravelandmore.com\/fr\/#\/schema\/logo\/image\/\",\"url\":\"https:\/\/tourtravelandmore.com\/wp-content\/uploads\/2022\/12\/cropped-logo-cabecera-new.png\",\"contentUrl\":\"https:\/\/tourtravelandmore.com\/wp-content\/uploads\/2022\/12\/cropped-logo-cabecera-new.png\",\"width\":430,\"height\":61,\"caption\":\"Tour Travel And More\"},\"image\":{\"@id\":\"https:\/\/tourtravelandmore.com\/fr\/#\/schema\/logo\/image\/\"},\"sameAs\":[\"https:\/\/www.facebook.com\/tourtravelandmore\/\",\"https:\/\/x.com\/TourTravel_More\"]}]}<\/script>\n<!-- \/ Yoast SEO Premium plugin. -->","yoast_head_json":{"title":"Visite priv\u00e9e \u00e0 Capri et Anacapri avec Blue Grotto et guide officiel","description":"Explorez et profitez de la ville de Capri et d'Anacapri avec un guide local avec cette visite priv\u00e9e \u00e0 Capri et Anacapri avec entr\u00e9e \u00e0 la grotte bleue.","robots":{"index":"index","follow":"follow","max-snippet":"max-snippet:-1","max-image-preview":"max-image-preview:large","max-video-preview":"max-video-preview:-1"},"canonical":"https:\/\/tourtravelandmore.com\/fr\/tours\/italie-fr\/capri-fr\/toutes-les-visites-privees-fr-3\/visite-privee-a-capri-et-anacapri-avec-blue-grotto\/","og_locale":"fr_FR","og_type":"article","og_title":"Visite priv\u00e9e \u00e0 Capri et Anacapri avec Blue Grotto","og_description":"Explorez et profitez de la ville de Capri et d'Anacapri avec un guide local avec cette visite priv\u00e9e \u00e0 Capri et Anacapri avec entr\u00e9e \u00e0 la grotte bleue.","og_url":"https:\/\/tourtravelandmore.com\/fr\/tours\/italie-fr\/capri-fr\/toutes-les-visites-privees-fr-3\/visite-privee-a-capri-et-anacapri-avec-blue-grotto\/","og_site_name":"Tour Travel And More","article_publisher":"https:\/\/www.facebook.com\/tourtravelandmore\/","article_modified_time":"2024-03-11T13:07:04+00:00","og_image":[{"width":1024,"height":683,"url":"https:\/\/tourtravelandmore.com\/wp-content\/uploads\/2019\/10\/capri_blue_grotto.jpg","type":"image\/jpeg"}],"twitter_card":"summary_large_image","twitter_site":"@TourTravel_More","twitter_misc":{"Dur\u00e9e de lecture estim\u00e9e":"3 minutes"},"schema":{"@context":"https:\/\/schema.org","@graph":[{"@type":"WebPage","@id":"https:\/\/tourtravelandmore.com\/fr\/tours\/italie-fr\/capri-fr\/toutes-les-visites-privees-fr-3\/visite-privee-a-capri-et-anacapri-avec-blue-grotto\/","url":"https:\/\/tourtravelandmore.com\/fr\/tours\/italie-fr\/capri-fr\/toutes-les-visites-privees-fr-3\/visite-privee-a-capri-et-anacapri-avec-blue-grotto\/","name":"Visite priv\u00e9e \u00e0 Capri et Anacapri avec Blue Grotto et guide officiel","isPartOf":{"@id":"https:\/\/tourtravelandmore.com\/fr\/#website"},"primaryImageOfPage":{"@id":"https:\/\/tourtravelandmore.com\/fr\/tours\/italie-fr\/capri-fr\/toutes-les-visites-privees-fr-3\/visite-privee-a-capri-et-anacapri-avec-blue-grotto\/#primaryimage"},"image":{"@id":"https:\/\/tourtravelandmore.com\/fr\/tours\/italie-fr\/capri-fr\/toutes-les-visites-privees-fr-3\/visite-privee-a-capri-et-anacapri-avec-blue-grotto\/#primaryimage"},"thumbnailUrl":"https:\/\/tourtravelandmore.com\/wp-content\/uploads\/2019\/10\/capri_blue_grotto.jpg","datePublished":"2019-10-31T13:14:04+00:00","dateModified":"2024-03-11T13:07:04+00:00","description":"Explorez et profitez de la ville de Capri et d'Anacapri avec un guide local avec cette visite priv\u00e9e \u00e0 Capri et Anacapri avec entr\u00e9e \u00e0 la grotte bleue.","breadcrumb":{"@id":"https:\/\/tourtravelandmore.com\/fr\/tours\/italie-fr\/capri-fr\/toutes-les-visites-privees-fr-3\/visite-privee-a-capri-et-anacapri-avec-blue-grotto\/#breadcrumb"},"inLanguage":"fr-FR","potentialAction":[{"@type":"ReadAction","target":["https:\/\/tourtravelandmore.com\/fr\/tours\/italie-fr\/capri-fr\/toutes-les-visites-privees-fr-3\/visite-privee-a-capri-et-anacapri-avec-blue-grotto\/"]}]},{"@type":"ImageObject","inLanguage":"fr-FR","@id":"https:\/\/tourtravelandmore.com\/fr\/tours\/italie-fr\/capri-fr\/toutes-les-visites-privees-fr-3\/visite-privee-a-capri-et-anacapri-avec-blue-grotto\/#primaryimage","url":"https:\/\/tourtravelandmore.com\/wp-content\/uploads\/2019\/10\/capri_blue_grotto.jpg","contentUrl":"https:\/\/tourtravelandmore.com\/wp-content\/uploads\/2019\/10\/capri_blue_grotto.jpg","width":1024,"height":683},{"@type":"BreadcrumbList","@id":"https:\/\/tourtravelandmore.com\/fr\/tours\/italie-fr\/capri-fr\/toutes-les-visites-privees-fr-3\/visite-privee-a-capri-et-anacapri-avec-blue-grotto\/#breadcrumb","itemListElement":[{"@type":"ListItem","position":1,"name":"Home","item":"https:\/\/tourtravelandmore.com\/fr\/"},{"@type":"ListItem","position":2,"name":"Tours","item":"https:\/\/tourtravelandmore.com\/fr\/tours\/"},{"@type":"ListItem","position":3,"name":"Visite priv\u00e9e \u00e0 Capri et Anacapri avec Blue Grotto"}]},{"@type":"WebSite","@id":"https:\/\/tourtravelandmore.com\/fr\/#website","url":"https:\/\/tourtravelandmore.com\/fr\/","name":"Tour Travel And More","description":"Private sightseeing tours and luxury transfers in Spain","publisher":{"@id":"https:\/\/tourtravelandmore.com\/fr\/#organization"},"potentialAction":[{"@type":"SearchAction","target":{"@type":"EntryPoint","urlTemplate":"https:\/\/tourtravelandmore.com\/fr\/?s={search_term_string}"},"query-input":{"@type":"PropertyValueSpecification","valueRequired":true,"valueName":"search_term_string"}}],"inLanguage":"fr-FR"},{"@type":"Organization","@id":"https:\/\/tourtravelandmore.com\/fr\/#organization","name":"Tour Travel And More","url":"https:\/\/tourtravelandmore.com\/fr\/","logo":{"@type":"ImageObject","inLanguage":"fr-FR","@id":"https:\/\/tourtravelandmore.com\/fr\/#\/schema\/logo\/image\/","url":"https:\/\/tourtravelandmore.com\/wp-content\/uploads\/2022\/12\/cropped-logo-cabecera-new.png","contentUrl":"https:\/\/tourtravelandmore.com\/wp-content\/uploads\/2022\/12\/cropped-logo-cabecera-new.png","width":430,"height":61,"caption":"Tour Travel And More"},"image":{"@id":"https:\/\/tourtravelandmore.com\/fr\/#\/schema\/logo\/image\/"},"sameAs":["https:\/\/www.facebook.com\/tourtravelandmore\/","https:\/\/x.com\/TourTravel_More"]}]}},"_links":{"self":[{"href":"https:\/\/tourtravelandmore.com\/fr\/wp-json\/wp\/v2\/product\/100477","targetHints":{"allow":["GET"]}}],"collection":[{"href":"https:\/\/tourtravelandmore.com\/fr\/wp-json\/wp\/v2\/product"}],"about":[{"href":"https:\/\/tourtravelandmore.com\/fr\/wp-json\/wp\/v2\/types\/product"}],"replies":[{"embeddable":true,"href":"https:\/\/tourtravelandmore.com\/fr\/wp-json\/wp\/v2\/comments?post=100477"}],"wp:featuredmedia":[{"embeddable":true,"href":"https:\/\/tourtravelandmore.com\/fr\/wp-json\/wp\/v2\/media\/96615"}],"wp:attachment":[{"href":"https:\/\/tourtravelandmore.com\/fr\/wp-json\/wp\/v2\/media?parent=100477"}],"wp:term":[{"taxonomy":"product_brand","embeddable":true,"href":"https:\/\/tourtravelandmore.com\/fr\/wp-json\/wp\/v2\/product_brand?post=100477"},{"taxonomy":"product_cat","embeddable":true,"href":"https:\/\/tourtravelandmore.com\/fr\/wp-json\/wp\/v2\/product_cat?post=100477"},{"taxonomy":"product_tag","embeddable":true,"href":"https:\/\/tourtravelandmore.com\/fr\/wp-json\/wp\/v2\/product_tag?post=100477"}],"curies":[{"name":"wp","href":"https:\/\/api.w.org\/{rel}","templated":true}]}}