{"id":100472,"date":"2019-10-31T14:13:53","date_gmt":"2019-10-31T13:13:53","guid":{"rendered":"https:\/\/tourtravelandmore.com\/tours\/non%20class\u00e9\/visite-privee-a-capri-et-anacapri-avec-la-grotte-bleue-de-naples\/"},"modified":"2024-08-21T17:31:21","modified_gmt":"2024-08-21T15:31:21","slug":"visite-privee-a-capri-et-anacapri-avec-la-grotte-bleue-de-naples","status":"publish","type":"product","link":"https:\/\/tourtravelandmore.com\/fr\/tours\/italie-fr\/capri-fr\/toutes-les-visites-privees-fr-3\/visite-privee-a-capri-et-anacapri-avec-la-grotte-bleue-de-naples\/","title":{"rendered":"Visite priv\u00e9e de Capri et Anacapri avec la Grotte bleue depuis Naples"},"content":{"rendered":"<h2>Description<\/h2>\n<p>Profitez de cette visite priv\u00e9e de Capri et Anacapri avec la Grotte Bleue depuis Naples avec votre guide officiel priv\u00e9.<\/p>\n<p>L&#8217;\u00eele de Capri est l&#8217;un des plus beaux endroits de toute l&#8217;Italie. Bien connue pour sa belle place connue sous le nom de \u00a8piazzetta\u00a8, pour ses eaux multicolores et pour sa merveilleuse cuisine. Capri est l&#8217;un des endroits les plus exclusifs d&#8217;Italie.<\/p>\n<p>Capri est situ\u00e9e dans la mer Tyrrh\u00e9nienne, du c\u00f4t\u00e9 sud du golfe de Naples, face \u00e0 la p\u00e9ninsule sorrentine. La plupart des choses \u00e0 voir \u00e0 Capri sont des lieux de grande valeur naturelle et paysag\u00e8re. Vous pouvez vous promener dans son centre historique ou vous reposer sur l&#8217;une de ses belles plages.<\/p>\n<p>De l&#8217;autre c\u00f4t\u00e9, Anacapri est l&#8217;autre commune italienne qui, avec Capri, forme l&#8217;\u00eele de Capri. Un fait curieux concernant le nom d&#8217;Anacapri est que &#8220;Ana&#8221; en grec signifie &#8220;au-dessus&#8221;, le nom fait donc r\u00e9f\u00e9rence \u00e0 l&#8217;\u00eele de Capri.<\/p>\n<p>Il s&#8217;agit d&#8217;une excursion enti\u00e8rement personnalis\u00e9e \u00e0 Capri et Anacapri avec la Grotte Bleue. Saisissez la chance de visiter cette \u00eele incroyable avec un guide local.<\/p>\n<h2>Sites d&#8217;int\u00e9r\u00eat et monuments<\/h2>\n<p>Tout d&#8217;abord, vous rencontrerez votre guide dans le port de Naples o\u00f9 vous prendrez le ferry rapide du port de Naples vers Capri.<\/p>\n<p>Une fois \u00e0 Capri, vous prendrez le bateau public jusqu&#8217;\u00e0 la Grotte Bleue. Nous vous recommandons de visiter la Grotte Bleue en premier pour \u00e9viter la foule.<\/p>\n<p>Important : si, une fois arriv\u00e9, il y a beaucoup de bateaux qui attendent pour entrer dans la Grotte Bleue, le bateau public n&#8217;attendra pas, il continuera son voyage et retournera au port de Capri. Il y a une autre fa\u00e7on de visiter la grotte, c&#8217;est \u00e0 partir de l&#8217;escalier situ\u00e9 \u00e0 Anacapri o\u00f9 vous pouvez acc\u00e9der par les transports publics (votre guide vous accompagnera) et vous attendrez jusqu&#8217;\u00e0 ce que ce soit votre tour.<\/p>\n<p>Il faut savoir que la Grotte Bleue n&#8217;est pas toujours ouverte. Si la mar\u00e9e monte et que les vagues recouvrent l&#8217;entr\u00e9e principale, l&#8217;acc\u00e8s \u00e0 la grotte est impossible. Si le jour de l&#8217;excursion la Grotte Bleue est ferm\u00e9e, l&#8217;alternative est un tour de l&#8217;\u00eele avec un bateau partag\u00e9. Vous pourrez visiter toutes les grottes de l&#8217;\u00eele et traverser les trois Farallones, symbole de l&#8217;\u00eele.<\/p>\n<p>Ensuite, vous prendrez un transport priv\u00e9 partag\u00e9 jusqu&#8217;au centre d&#8217;Anacapri. Vous prendrez le t\u00e9l\u00e9si\u00e8ge jusqu&#8217;au mont Solaro, qui est le point culminant de l&#8217;\u00eele. De l\u00e0, vous pourrez admirer les vues magnifiques et \u00e9tonnantes de l&#8217;\u00eele, quelque chose \u00e0 ne pas manquer ! Nous continuerons ensuite vers la Piazza Vittoria. Cette place est un endroit unique, plein d&#8217;arbres et de fleurs qui cr\u00e9ent un paysage c\u00f4tier parfait dont vous vous souviendrez toujours.<\/p>\n<p>Ensuite, vous prendrez le transport priv\u00e9 partag\u00e9 jusqu&#8217;\u00e0 la ville de Capri. Vous visiterez le centre historique de Capri. Vous admirerez la c\u00e9l\u00e8bre Piazza Umberto I (ou &#8220;piazzeta&#8221;) de Capri, toujours anim\u00e9e et pleine de monde. Dans ce quartier, vous verrez \u00e9galement la Tour de l&#8217;Horloge, l&#8217;\u00e9glise de San Stefano et de nombreux restaurants et boutiques exclusifs. Vous marcherez ensuite dans les rues principales de Capri : Via Vittorio Emanuelle, Via Croce et Camelle.<\/p>\n<p>Pendant la visite, vous aurez du temps libre pour manger dans un beau restaurant italien. Le guide vous recommandera les meilleures options.<\/p>\n<p>Enfin, vous descendrez au port de Capri en funiculaire o\u00f9 vous prendrez le ferry pour Naples. Le guide vous dira au revoir dans le port de Naples.<\/p>\n<p>Nous proposons \u00e9galement des excursions priv\u00e9es \u00e0 Capri et Anacapri au d\u00e9part de Sorrente, jetez-y un coup d&#8217;\u0153il !<\/p>\n","protected":false},"excerpt":{"rendered":"<p>Les \u00eeles de Capri et d&#8217;Anacapri, en Italie, se caract\u00e9risent par une architecture urbaine modeste, des rues charmantes et des vues imprenables sur la mer. Nous vous aiderons \u00e0 d\u00e9couvrir le meilleur de Capri et d&#8217;Anacapri gr\u00e2ce \u00e0 cette visite priv\u00e9e en compagnie d&#8217;un guide local officiel.<\/p>\n","protected":false},"featured_media":96619,"comment_status":"open","ping_status":"closed","template":"","meta":{"_acf_changed":false},"product_brand":[],"product_cat":[4370,4897,4372,4371,4896,3651,3551],"product_tag":[],"class_list":{"0":"post-100472","1":"product","2":"type-product","3":"status-publish","4":"has-post-thumbnail","6":"product_cat-all-private-tours-activities-fr-7-naplespompei-fr","7":"product_cat-excursions-a-terre-privees-fr-2","8":"product_cat-private-shore-excursions-fr-8-naplespompei-fr","9":"product_cat-private-sightseeing-tours-fr-7-naplespompei-fr","10":"product_cat-toutes-les-visites-privees-fr-3","11":"product_cat-capri-fr","12":"product_cat-naplespompei-fr","14":"first","15":"instock","16":"shipping-taxable","17":"purchasable","18":"product-type-simple"},"acf":[],"yoast_head":"<!-- This site is optimized with the Yoast SEO Premium plugin v25.3.1 (Yoast SEO v25.3.1) - https:\/\/yoast.com\/wordpress\/plugins\/seo\/ -->\n<title>Visite de Capri et Anacapri avec la Grotte Bleue<\/title>\n<meta name=\"description\" content=\"Explorez et profitez de la ville de Capri et d&#039;Anacapri avec la grotte bleue de Naples avec un guide local et d\u00e9couvrez certains de ses endroits les plus reconnus.\" \/>\n<meta name=\"robots\" content=\"index, follow, max-snippet:-1, max-image-preview:large, max-video-preview:-1\" \/>\n<link rel=\"canonical\" href=\"https:\/\/tourtravelandmore.com\/fr\/tours\/italie-fr\/capri-fr\/toutes-les-visites-privees-fr-3\/visite-privee-a-capri-et-anacapri-avec-la-grotte-bleue-de-naples\/\" \/>\n<meta property=\"og:locale\" content=\"fr_FR\" \/>\n<meta property=\"og:type\" content=\"article\" \/>\n<meta property=\"og:title\" content=\"Visite priv\u00e9e de Capri et Anacapri avec la Grotte bleue depuis Naples\" \/>\n<meta property=\"og:description\" content=\"Explorez et profitez de la ville de Capri et d&#039;Anacapri avec la grotte bleue de Naples avec un guide local et d\u00e9couvrez certains de ses endroits les plus reconnus.\" \/>\n<meta property=\"og:url\" content=\"https:\/\/tourtravelandmore.com\/fr\/tours\/italie-fr\/capri-fr\/toutes-les-visites-privees-fr-3\/visite-privee-a-capri-et-anacapri-avec-la-grotte-bleue-de-naples\/\" \/>\n<meta property=\"og:site_name\" content=\"Tour Travel And More\" \/>\n<meta property=\"article:publisher\" content=\"https:\/\/www.facebook.com\/tourtravelandmore\/\" \/>\n<meta property=\"article:modified_time\" content=\"2024-08-21T15:31:21+00:00\" \/>\n<meta property=\"og:image\" content=\"https:\/\/tourtravelandmore.com\/wp-content\/uploads\/2019\/10\/Faraglioni_capri.jpg\" \/>\n\t<meta property=\"og:image:width\" content=\"3446\" \/>\n\t<meta property=\"og:image:height\" content=\"2292\" \/>\n\t<meta property=\"og:image:type\" content=\"image\/jpeg\" \/>\n<meta name=\"twitter:card\" content=\"summary_large_image\" \/>\n<meta name=\"twitter:site\" content=\"@TourTravel_More\" \/>\n<meta name=\"twitter:label1\" content=\"Dur\u00e9e de lecture estim\u00e9e\" \/>\n\t<meta name=\"twitter:data1\" content=\"3 minutes\" \/>\n<script type=\"application\/ld+json\" class=\"yoast-schema-graph\">{\"@context\":\"https:\/\/schema.org\",\"@graph\":[{\"@type\":\"WebPage\",\"@id\":\"https:\/\/tourtravelandmore.com\/fr\/tours\/italie-fr\/capri-fr\/toutes-les-visites-privees-fr-3\/visite-privee-a-capri-et-anacapri-avec-la-grotte-bleue-de-naples\/\",\"url\":\"https:\/\/tourtravelandmore.com\/fr\/tours\/italie-fr\/capri-fr\/toutes-les-visites-privees-fr-3\/visite-privee-a-capri-et-anacapri-avec-la-grotte-bleue-de-naples\/\",\"name\":\"Visite de Capri et Anacapri avec la Grotte Bleue\",\"isPartOf\":{\"@id\":\"https:\/\/tourtravelandmore.com\/fr\/#website\"},\"primaryImageOfPage\":{\"@id\":\"https:\/\/tourtravelandmore.com\/fr\/tours\/italie-fr\/capri-fr\/toutes-les-visites-privees-fr-3\/visite-privee-a-capri-et-anacapri-avec-la-grotte-bleue-de-naples\/#primaryimage\"},\"image\":{\"@id\":\"https:\/\/tourtravelandmore.com\/fr\/tours\/italie-fr\/capri-fr\/toutes-les-visites-privees-fr-3\/visite-privee-a-capri-et-anacapri-avec-la-grotte-bleue-de-naples\/#primaryimage\"},\"thumbnailUrl\":\"https:\/\/tourtravelandmore.com\/wp-content\/uploads\/2019\/10\/Faraglioni_capri.jpg\",\"datePublished\":\"2019-10-31T13:13:53+00:00\",\"dateModified\":\"2024-08-21T15:31:21+00:00\",\"description\":\"Explorez et profitez de la ville de Capri et d'Anacapri avec la grotte bleue de Naples avec un guide local et d\u00e9couvrez certains de ses endroits les plus reconnus.\",\"breadcrumb\":{\"@id\":\"https:\/\/tourtravelandmore.com\/fr\/tours\/italie-fr\/capri-fr\/toutes-les-visites-privees-fr-3\/visite-privee-a-capri-et-anacapri-avec-la-grotte-bleue-de-naples\/#breadcrumb\"},\"inLanguage\":\"fr-FR\",\"potentialAction\":[{\"@type\":\"ReadAction\",\"target\":[\"https:\/\/tourtravelandmore.com\/fr\/tours\/italie-fr\/capri-fr\/toutes-les-visites-privees-fr-3\/visite-privee-a-capri-et-anacapri-avec-la-grotte-bleue-de-naples\/\"]}]},{\"@type\":\"ImageObject\",\"inLanguage\":\"fr-FR\",\"@id\":\"https:\/\/tourtravelandmore.com\/fr\/tours\/italie-fr\/capri-fr\/toutes-les-visites-privees-fr-3\/visite-privee-a-capri-et-anacapri-avec-la-grotte-bleue-de-naples\/#primaryimage\",\"url\":\"https:\/\/tourtravelandmore.com\/wp-content\/uploads\/2019\/10\/Faraglioni_capri.jpg\",\"contentUrl\":\"https:\/\/tourtravelandmore.com\/wp-content\/uploads\/2019\/10\/Faraglioni_capri.jpg\",\"width\":3446,\"height\":2292},{\"@type\":\"BreadcrumbList\",\"@id\":\"https:\/\/tourtravelandmore.com\/fr\/tours\/italie-fr\/capri-fr\/toutes-les-visites-privees-fr-3\/visite-privee-a-capri-et-anacapri-avec-la-grotte-bleue-de-naples\/#breadcrumb\",\"itemListElement\":[{\"@type\":\"ListItem\",\"position\":1,\"name\":\"Home\",\"item\":\"https:\/\/tourtravelandmore.com\/fr\/\"},{\"@type\":\"ListItem\",\"position\":2,\"name\":\"Tours\",\"item\":\"https:\/\/tourtravelandmore.com\/fr\/tours\/\"},{\"@type\":\"ListItem\",\"position\":3,\"name\":\"Visite priv\u00e9e de Capri et Anacapri avec la Grotte bleue depuis Naples\"}]},{\"@type\":\"WebSite\",\"@id\":\"https:\/\/tourtravelandmore.com\/fr\/#website\",\"url\":\"https:\/\/tourtravelandmore.com\/fr\/\",\"name\":\"Tour Travel And More\",\"description\":\"Private sightseeing tours and luxury transfers in Spain\",\"publisher\":{\"@id\":\"https:\/\/tourtravelandmore.com\/fr\/#organization\"},\"potentialAction\":[{\"@type\":\"SearchAction\",\"target\":{\"@type\":\"EntryPoint\",\"urlTemplate\":\"https:\/\/tourtravelandmore.com\/fr\/?s={search_term_string}\"},\"query-input\":{\"@type\":\"PropertyValueSpecification\",\"valueRequired\":true,\"valueName\":\"search_term_string\"}}],\"inLanguage\":\"fr-FR\"},{\"@type\":\"Organization\",\"@id\":\"https:\/\/tourtravelandmore.com\/fr\/#organization\",\"name\":\"Tour Travel And More\",\"url\":\"https:\/\/tourtravelandmore.com\/fr\/\",\"logo\":{\"@type\":\"ImageObject\",\"inLanguage\":\"fr-FR\",\"@id\":\"https:\/\/tourtravelandmore.com\/fr\/#\/schema\/logo\/image\/\",\"url\":\"https:\/\/tourtravelandmore.com\/wp-content\/uploads\/2022\/12\/cropped-logo-cabecera-new.png\",\"contentUrl\":\"https:\/\/tourtravelandmore.com\/wp-content\/uploads\/2022\/12\/cropped-logo-cabecera-new.png\",\"width\":430,\"height\":61,\"caption\":\"Tour Travel And More\"},\"image\":{\"@id\":\"https:\/\/tourtravelandmore.com\/fr\/#\/schema\/logo\/image\/\"},\"sameAs\":[\"https:\/\/www.facebook.com\/tourtravelandmore\/\",\"https:\/\/x.com\/TourTravel_More\"]}]}<\/script>\n<!-- \/ Yoast SEO Premium plugin. -->","yoast_head_json":{"title":"Visite de Capri et Anacapri avec la Grotte Bleue","description":"Explorez et profitez de la ville de Capri et d'Anacapri avec la grotte bleue de Naples avec un guide local et d\u00e9couvrez certains de ses endroits les plus reconnus.","robots":{"index":"index","follow":"follow","max-snippet":"max-snippet:-1","max-image-preview":"max-image-preview:large","max-video-preview":"max-video-preview:-1"},"canonical":"https:\/\/tourtravelandmore.com\/fr\/tours\/italie-fr\/capri-fr\/toutes-les-visites-privees-fr-3\/visite-privee-a-capri-et-anacapri-avec-la-grotte-bleue-de-naples\/","og_locale":"fr_FR","og_type":"article","og_title":"Visite priv\u00e9e de Capri et Anacapri avec la Grotte bleue depuis Naples","og_description":"Explorez et profitez de la ville de Capri et d'Anacapri avec la grotte bleue de Naples avec un guide local et d\u00e9couvrez certains de ses endroits les plus reconnus.","og_url":"https:\/\/tourtravelandmore.com\/fr\/tours\/italie-fr\/capri-fr\/toutes-les-visites-privees-fr-3\/visite-privee-a-capri-et-anacapri-avec-la-grotte-bleue-de-naples\/","og_site_name":"Tour Travel And More","article_publisher":"https:\/\/www.facebook.com\/tourtravelandmore\/","article_modified_time":"2024-08-21T15:31:21+00:00","og_image":[{"width":3446,"height":2292,"url":"https:\/\/tourtravelandmore.com\/wp-content\/uploads\/2019\/10\/Faraglioni_capri.jpg","type":"image\/jpeg"}],"twitter_card":"summary_large_image","twitter_site":"@TourTravel_More","twitter_misc":{"Dur\u00e9e de lecture estim\u00e9e":"3 minutes"},"schema":{"@context":"https:\/\/schema.org","@graph":[{"@type":"WebPage","@id":"https:\/\/tourtravelandmore.com\/fr\/tours\/italie-fr\/capri-fr\/toutes-les-visites-privees-fr-3\/visite-privee-a-capri-et-anacapri-avec-la-grotte-bleue-de-naples\/","url":"https:\/\/tourtravelandmore.com\/fr\/tours\/italie-fr\/capri-fr\/toutes-les-visites-privees-fr-3\/visite-privee-a-capri-et-anacapri-avec-la-grotte-bleue-de-naples\/","name":"Visite de Capri et Anacapri avec la Grotte Bleue","isPartOf":{"@id":"https:\/\/tourtravelandmore.com\/fr\/#website"},"primaryImageOfPage":{"@id":"https:\/\/tourtravelandmore.com\/fr\/tours\/italie-fr\/capri-fr\/toutes-les-visites-privees-fr-3\/visite-privee-a-capri-et-anacapri-avec-la-grotte-bleue-de-naples\/#primaryimage"},"image":{"@id":"https:\/\/tourtravelandmore.com\/fr\/tours\/italie-fr\/capri-fr\/toutes-les-visites-privees-fr-3\/visite-privee-a-capri-et-anacapri-avec-la-grotte-bleue-de-naples\/#primaryimage"},"thumbnailUrl":"https:\/\/tourtravelandmore.com\/wp-content\/uploads\/2019\/10\/Faraglioni_capri.jpg","datePublished":"2019-10-31T13:13:53+00:00","dateModified":"2024-08-21T15:31:21+00:00","description":"Explorez et profitez de la ville de Capri et d'Anacapri avec la grotte bleue de Naples avec un guide local et d\u00e9couvrez certains de ses endroits les plus reconnus.","breadcrumb":{"@id":"https:\/\/tourtravelandmore.com\/fr\/tours\/italie-fr\/capri-fr\/toutes-les-visites-privees-fr-3\/visite-privee-a-capri-et-anacapri-avec-la-grotte-bleue-de-naples\/#breadcrumb"},"inLanguage":"fr-FR","potentialAction":[{"@type":"ReadAction","target":["https:\/\/tourtravelandmore.com\/fr\/tours\/italie-fr\/capri-fr\/toutes-les-visites-privees-fr-3\/visite-privee-a-capri-et-anacapri-avec-la-grotte-bleue-de-naples\/"]}]},{"@type":"ImageObject","inLanguage":"fr-FR","@id":"https:\/\/tourtravelandmore.com\/fr\/tours\/italie-fr\/capri-fr\/toutes-les-visites-privees-fr-3\/visite-privee-a-capri-et-anacapri-avec-la-grotte-bleue-de-naples\/#primaryimage","url":"https:\/\/tourtravelandmore.com\/wp-content\/uploads\/2019\/10\/Faraglioni_capri.jpg","contentUrl":"https:\/\/tourtravelandmore.com\/wp-content\/uploads\/2019\/10\/Faraglioni_capri.jpg","width":3446,"height":2292},{"@type":"BreadcrumbList","@id":"https:\/\/tourtravelandmore.com\/fr\/tours\/italie-fr\/capri-fr\/toutes-les-visites-privees-fr-3\/visite-privee-a-capri-et-anacapri-avec-la-grotte-bleue-de-naples\/#breadcrumb","itemListElement":[{"@type":"ListItem","position":1,"name":"Home","item":"https:\/\/tourtravelandmore.com\/fr\/"},{"@type":"ListItem","position":2,"name":"Tours","item":"https:\/\/tourtravelandmore.com\/fr\/tours\/"},{"@type":"ListItem","position":3,"name":"Visite priv\u00e9e de Capri et Anacapri avec la Grotte bleue depuis Naples"}]},{"@type":"WebSite","@id":"https:\/\/tourtravelandmore.com\/fr\/#website","url":"https:\/\/tourtravelandmore.com\/fr\/","name":"Tour Travel And More","description":"Private sightseeing tours and luxury transfers in Spain","publisher":{"@id":"https:\/\/tourtravelandmore.com\/fr\/#organization"},"potentialAction":[{"@type":"SearchAction","target":{"@type":"EntryPoint","urlTemplate":"https:\/\/tourtravelandmore.com\/fr\/?s={search_term_string}"},"query-input":{"@type":"PropertyValueSpecification","valueRequired":true,"valueName":"search_term_string"}}],"inLanguage":"fr-FR"},{"@type":"Organization","@id":"https:\/\/tourtravelandmore.com\/fr\/#organization","name":"Tour Travel And More","url":"https:\/\/tourtravelandmore.com\/fr\/","logo":{"@type":"ImageObject","inLanguage":"fr-FR","@id":"https:\/\/tourtravelandmore.com\/fr\/#\/schema\/logo\/image\/","url":"https:\/\/tourtravelandmore.com\/wp-content\/uploads\/2022\/12\/cropped-logo-cabecera-new.png","contentUrl":"https:\/\/tourtravelandmore.com\/wp-content\/uploads\/2022\/12\/cropped-logo-cabecera-new.png","width":430,"height":61,"caption":"Tour Travel And More"},"image":{"@id":"https:\/\/tourtravelandmore.com\/fr\/#\/schema\/logo\/image\/"},"sameAs":["https:\/\/www.facebook.com\/tourtravelandmore\/","https:\/\/x.com\/TourTravel_More"]}]}},"_links":{"self":[{"href":"https:\/\/tourtravelandmore.com\/fr\/wp-json\/wp\/v2\/product\/100472","targetHints":{"allow":["GET"]}}],"collection":[{"href":"https:\/\/tourtravelandmore.com\/fr\/wp-json\/wp\/v2\/product"}],"about":[{"href":"https:\/\/tourtravelandmore.com\/fr\/wp-json\/wp\/v2\/types\/product"}],"replies":[{"embeddable":true,"href":"https:\/\/tourtravelandmore.com\/fr\/wp-json\/wp\/v2\/comments?post=100472"}],"wp:featuredmedia":[{"embeddable":true,"href":"https:\/\/tourtravelandmore.com\/fr\/wp-json\/wp\/v2\/media\/96619"}],"wp:attachment":[{"href":"https:\/\/tourtravelandmore.com\/fr\/wp-json\/wp\/v2\/media?parent=100472"}],"wp:term":[{"taxonomy":"product_brand","embeddable":true,"href":"https:\/\/tourtravelandmore.com\/fr\/wp-json\/wp\/v2\/product_brand?post=100472"},{"taxonomy":"product_cat","embeddable":true,"href":"https:\/\/tourtravelandmore.com\/fr\/wp-json\/wp\/v2\/product_cat?post=100472"},{"taxonomy":"product_tag","embeddable":true,"href":"https:\/\/tourtravelandmore.com\/fr\/wp-json\/wp\/v2\/product_tag?post=100472"}],"curies":[{"name":"wp","href":"https:\/\/api.w.org\/{rel}","templated":true}]}}