{"id":100467,"date":"2019-10-31T14:13:44","date_gmt":"2019-10-31T13:13:44","guid":{"rendered":"https:\/\/tourtravelandmore.com\/tours\/non%20class\u00e9\/visite-privee-de-capri-et-anacapri\/"},"modified":"2024-03-08T16:25:30","modified_gmt":"2024-03-08T15:25:30","slug":"visite-privee-de-capri-et-anacapri","status":"publish","type":"product","link":"https:\/\/tourtravelandmore.com\/fr\/tours\/italie-fr\/capri-fr\/toutes-les-visites-privees-fr-3\/visite-privee-de-capri-et-anacapri\/","title":{"rendered":"Visite priv\u00e9e de Capri et Anacapri"},"content":{"rendered":"<h2>Visite priv\u00e9e de Capri et Anacapri Description<\/h2>\n<p>Il s&#8217;agit d&#8217;un tour priv\u00e9 de Capri et Anacapri enti\u00e8rement personnalis\u00e9. Vous pouvez personnaliser chaque tour priv\u00e9 en Italie en nous contactant.<\/p>\n<p>Vous d\u00e9couvrirez Capri et Anacapri et ses lieux les plus embl\u00e9matiques en compagnie de votre guide officiel priv\u00e9.<\/p>\n<p>L&#8217;\u00eele de Capri est l&#8217;un des plus beaux endroits d&#8217;Italie. Bien connue pour sa belle place connue sous le nom de \u00a8piazzetta\u00a8, pour ses eaux multicolores et pour sa merveilleuse cuisine. Capri est l&#8217;un des endroits les plus exclusifs d&#8217;Italie.<\/p>\n<p>Capri est situ\u00e9e dans la mer Tyrrh\u00e9nienne, du c\u00f4t\u00e9 sud du golfe de Naples, face \u00e0 la p\u00e9ninsule sorrentine. La plupart des choses \u00e0 voir \u00e0 Capri sont des lieux de grande valeur naturelle et paysag\u00e8re. Vous pouvez vous promener dans son centre historique ou vous reposer sur l&#8217;une de ses belles plages.<\/p>\n<p>De l&#8217;autre c\u00f4t\u00e9, Anacapri est l&#8217;autre commune italienne qui, avec Capri, forme l&#8217;\u00eele de Capri. Un fait curieux concernant le nom d&#8217;Anacapri est que &#8220;Ana&#8221; en grec signifie &#8220;au-dessus&#8221;, ce qui signifie que le nom fait r\u00e9f\u00e9rence \u00e0 l&#8217;\u00eele de Capri.<\/p>\n<p>Profitez de la flexibilit\u00e9 de cette visite, o\u00f9 nous pouvons nous concentrer sur les endroits qui vous int\u00e9ressent le plus. Pendant votre visite, votre guide vous emm\u00e8nera aux meilleurs endroits de la ville pour prendre les meilleures photos.<\/p>\n<h2>Visite priv\u00e9e de Capri et d&#8217;Anacapri | Points d&#8217;int\u00e9r\u00eat et sites touristiques<\/h2>\n<p>Tout d&#8217;abord, vous rencontrerez votre guide officiel priv\u00e9 \u00e0 votre h\u00f4tel \u00e0 Capri \u00e0 l&#8217;heure souhait\u00e9e. Notre guide est un expert qui conna\u00eet tr\u00e8s bien l&#8217;\u00eele.<\/p>\n<p>Ensuite, vous vous rendrez \u00e0 Anacapri. Vous prendrez un transport priv\u00e9 partag\u00e9 jusqu&#8217;au centre d&#8217;Anacapri. Vous y visiterez le mus\u00e9e de la maison Rossa qui contient des vestiges arch\u00e9ologiques. Ensuite, vous visiterez la Piazza Vittoria (l&#8217;une des places les plus importantes) et de l\u00e0, vous vous rendrez \u00e0 la Villa San Michel. Cette villa est un lieu unique, plein d&#8217;arbres et de fleurs qui cr\u00e9ent un paysage c\u00f4tier parfait dont vous vous souviendrez toujours.<\/p>\n<p>Ensuite, vous prendrez le t\u00e9l\u00e9ph\u00e9rique jusqu&#8217;au mont Solaro, le point culminant de l&#8217;\u00eele. De l\u00e0, vous admirerez la vue magnifique et \u00e9tonnante de l&#8217;\u00eele, quelque chose que vous ne voudriez pas manquer !<\/p>\n<p>Troisi\u00e8mement, vous prendrez un transport priv\u00e9 partag\u00e9 jusqu&#8217;\u00e0 la ville de Capri. Vous y admirerez la c\u00e9l\u00e8bre Piazza Umberto I (ou &#8220;piazzetta&#8221;) de Capri, toujours anim\u00e9e et pleine de monde. Dans cette zone, vous contemplerez \u00e9galement la Tour de l&#8217;Horloge, l&#8217;\u00e9glise de San Stefano et de nombreux restaurants et boutiques exclusifs.<\/p>\n<p>Quatri\u00e8mement, vous vous prom\u00e8nerez avec votre guide officiel dans les rues principales de Capri : Via Vittorio Emanuelle, Via Croce et Camelle.<\/p>\n<p>Enfin, \u00e0 la fin de la visite, votre guide officiel priv\u00e9 vous ram\u00e8nera \u00e0 votre h\u00f4tel ou \u00e0 un endroit central de Capri. Bien s\u00fbr, vous aurez du temps libre pour d\u00e9jeuner dans un charmant restaurant avec une vue imprenable.<\/p>\n<p>Nous pouvons \u00e9galement vous proposer une exp\u00e9rience compl\u00e8te incluant la Grotte Bleue, consultez notre <a href=\"https:\/\/tourtravelandmore.com\/tours\/italy\/capri-en\/capri-private-sightseeing-tours-en\/tour-to-capri-and-anacapri-blue-grotto\/\">excursion priv\u00e9e d&#8217;une journ\u00e9e \u00e0 Capri et Anacapri.<\/a><\/p>\n","protected":false},"excerpt":{"rendered":"<p>Profitez de cette visite priv\u00e9e enti\u00e8rement personnalis\u00e9e de Capri et d&#8217;Anacapri au d\u00e9part de Capri en bus ou en taxi et d\u00e9couvrez ses magnifiques paysages et ses lieux d&#8217;int\u00e9r\u00eat les plus importants. Les villes de Capri et Anacapri, en Italie, se caract\u00e9risent par leur architecture urbaine modeste, leurs rues charmantes et leur vue imprenable sur la mer. Nous vous aiderons \u00e0 d\u00e9couvrir le meilleur de Capri et d&#8217;Anacapri avec cette visite priv\u00e9e.<\/p>\n","protected":false},"featured_media":96620,"comment_status":"open","ping_status":"closed","template":"","meta":{"_acf_changed":false},"product_brand":[],"product_cat":[4896,4898,3549,3651],"product_tag":[],"class_list":{"0":"post-100467","1":"product","2":"type-product","3":"status-publish","4":"has-post-thumbnail","6":"product_cat-toutes-les-visites-privees-fr-3","7":"product_cat-visites-guidees-privees-fr-9","8":"product_cat-italie-fr","9":"product_cat-capri-fr","11":"first","12":"instock","13":"shipping-taxable","14":"purchasable","15":"product-type-simple"},"acf":[],"yoast_head":"<!-- This site is optimized with the Yoast SEO Premium plugin v25.3.1 (Yoast SEO v25.3.1) - https:\/\/yoast.com\/wordpress\/plugins\/seo\/ -->\n<title>Visite priv\u00e9e de Capri et Anacapri avec guide officiel<\/title>\n<meta name=\"description\" content=\"Explorez et profitez de la ville de Capri et d&#039;Anacapri au d\u00e9part de Capri avec un guide local et d\u00e9couvrez certains de ses endroits les plus reconnus.\" \/>\n<meta name=\"robots\" content=\"index, follow, max-snippet:-1, max-image-preview:large, max-video-preview:-1\" \/>\n<link rel=\"canonical\" href=\"https:\/\/tourtravelandmore.com\/fr\/tours\/italie-fr\/capri-fr\/toutes-les-visites-privees-fr-3\/visite-privee-de-capri-et-anacapri\/\" \/>\n<meta property=\"og:locale\" content=\"fr_FR\" \/>\n<meta property=\"og:type\" content=\"article\" \/>\n<meta property=\"og:title\" content=\"Visite priv\u00e9e de Capri et Anacapri\" \/>\n<meta property=\"og:description\" content=\"Explorez et profitez de la ville de Capri et d&#039;Anacapri au d\u00e9part de Capri avec un guide local et d\u00e9couvrez certains de ses endroits les plus reconnus.\" \/>\n<meta property=\"og:url\" content=\"https:\/\/tourtravelandmore.com\/fr\/tours\/italie-fr\/capri-fr\/toutes-les-visites-privees-fr-3\/visite-privee-de-capri-et-anacapri\/\" \/>\n<meta property=\"og:site_name\" content=\"Tour Travel And More\" \/>\n<meta property=\"article:publisher\" content=\"https:\/\/www.facebook.com\/tourtravelandmore\/\" \/>\n<meta property=\"article:modified_time\" content=\"2024-03-08T15:25:30+00:00\" \/>\n<meta property=\"og:image\" content=\"https:\/\/tourtravelandmore.com\/wp-content\/uploads\/2019\/10\/capri_houses.jpg\" \/>\n\t<meta property=\"og:image:width\" content=\"1024\" \/>\n\t<meta property=\"og:image:height\" content=\"683\" \/>\n\t<meta property=\"og:image:type\" content=\"image\/jpeg\" \/>\n<meta name=\"twitter:card\" content=\"summary_large_image\" \/>\n<meta name=\"twitter:site\" content=\"@TourTravel_More\" \/>\n<meta name=\"twitter:label1\" content=\"Dur\u00e9e de lecture estim\u00e9e\" \/>\n\t<meta name=\"twitter:data1\" content=\"3 minutes\" \/>\n<script type=\"application\/ld+json\" class=\"yoast-schema-graph\">{\"@context\":\"https:\/\/schema.org\",\"@graph\":[{\"@type\":\"WebPage\",\"@id\":\"https:\/\/tourtravelandmore.com\/fr\/tours\/italie-fr\/capri-fr\/toutes-les-visites-privees-fr-3\/visite-privee-de-capri-et-anacapri\/\",\"url\":\"https:\/\/tourtravelandmore.com\/fr\/tours\/italie-fr\/capri-fr\/toutes-les-visites-privees-fr-3\/visite-privee-de-capri-et-anacapri\/\",\"name\":\"Visite priv\u00e9e de Capri et Anacapri avec guide officiel\",\"isPartOf\":{\"@id\":\"https:\/\/tourtravelandmore.com\/fr\/#website\"},\"primaryImageOfPage\":{\"@id\":\"https:\/\/tourtravelandmore.com\/fr\/tours\/italie-fr\/capri-fr\/toutes-les-visites-privees-fr-3\/visite-privee-de-capri-et-anacapri\/#primaryimage\"},\"image\":{\"@id\":\"https:\/\/tourtravelandmore.com\/fr\/tours\/italie-fr\/capri-fr\/toutes-les-visites-privees-fr-3\/visite-privee-de-capri-et-anacapri\/#primaryimage\"},\"thumbnailUrl\":\"https:\/\/tourtravelandmore.com\/wp-content\/uploads\/2019\/10\/capri_houses.jpg\",\"datePublished\":\"2019-10-31T13:13:44+00:00\",\"dateModified\":\"2024-03-08T15:25:30+00:00\",\"description\":\"Explorez et profitez de la ville de Capri et d'Anacapri au d\u00e9part de Capri avec un guide local et d\u00e9couvrez certains de ses endroits les plus reconnus.\",\"breadcrumb\":{\"@id\":\"https:\/\/tourtravelandmore.com\/fr\/tours\/italie-fr\/capri-fr\/toutes-les-visites-privees-fr-3\/visite-privee-de-capri-et-anacapri\/#breadcrumb\"},\"inLanguage\":\"fr-FR\",\"potentialAction\":[{\"@type\":\"ReadAction\",\"target\":[\"https:\/\/tourtravelandmore.com\/fr\/tours\/italie-fr\/capri-fr\/toutes-les-visites-privees-fr-3\/visite-privee-de-capri-et-anacapri\/\"]}]},{\"@type\":\"ImageObject\",\"inLanguage\":\"fr-FR\",\"@id\":\"https:\/\/tourtravelandmore.com\/fr\/tours\/italie-fr\/capri-fr\/toutes-les-visites-privees-fr-3\/visite-privee-de-capri-et-anacapri\/#primaryimage\",\"url\":\"https:\/\/tourtravelandmore.com\/wp-content\/uploads\/2019\/10\/capri_houses.jpg\",\"contentUrl\":\"https:\/\/tourtravelandmore.com\/wp-content\/uploads\/2019\/10\/capri_houses.jpg\",\"width\":1024,\"height\":683},{\"@type\":\"BreadcrumbList\",\"@id\":\"https:\/\/tourtravelandmore.com\/fr\/tours\/italie-fr\/capri-fr\/toutes-les-visites-privees-fr-3\/visite-privee-de-capri-et-anacapri\/#breadcrumb\",\"itemListElement\":[{\"@type\":\"ListItem\",\"position\":1,\"name\":\"Home\",\"item\":\"https:\/\/tourtravelandmore.com\/fr\/\"},{\"@type\":\"ListItem\",\"position\":2,\"name\":\"Tours\",\"item\":\"https:\/\/tourtravelandmore.com\/fr\/tours\/\"},{\"@type\":\"ListItem\",\"position\":3,\"name\":\"Visite priv\u00e9e de Capri et Anacapri\"}]},{\"@type\":\"WebSite\",\"@id\":\"https:\/\/tourtravelandmore.com\/fr\/#website\",\"url\":\"https:\/\/tourtravelandmore.com\/fr\/\",\"name\":\"Tour Travel And More\",\"description\":\"Private sightseeing tours and luxury transfers in Spain\",\"publisher\":{\"@id\":\"https:\/\/tourtravelandmore.com\/fr\/#organization\"},\"potentialAction\":[{\"@type\":\"SearchAction\",\"target\":{\"@type\":\"EntryPoint\",\"urlTemplate\":\"https:\/\/tourtravelandmore.com\/fr\/?s={search_term_string}\"},\"query-input\":{\"@type\":\"PropertyValueSpecification\",\"valueRequired\":true,\"valueName\":\"search_term_string\"}}],\"inLanguage\":\"fr-FR\"},{\"@type\":\"Organization\",\"@id\":\"https:\/\/tourtravelandmore.com\/fr\/#organization\",\"name\":\"Tour Travel And More\",\"url\":\"https:\/\/tourtravelandmore.com\/fr\/\",\"logo\":{\"@type\":\"ImageObject\",\"inLanguage\":\"fr-FR\",\"@id\":\"https:\/\/tourtravelandmore.com\/fr\/#\/schema\/logo\/image\/\",\"url\":\"https:\/\/tourtravelandmore.com\/wp-content\/uploads\/2022\/12\/cropped-logo-cabecera-new.png\",\"contentUrl\":\"https:\/\/tourtravelandmore.com\/wp-content\/uploads\/2022\/12\/cropped-logo-cabecera-new.png\",\"width\":430,\"height\":61,\"caption\":\"Tour Travel And More\"},\"image\":{\"@id\":\"https:\/\/tourtravelandmore.com\/fr\/#\/schema\/logo\/image\/\"},\"sameAs\":[\"https:\/\/www.facebook.com\/tourtravelandmore\/\",\"https:\/\/x.com\/TourTravel_More\"]}]}<\/script>\n<!-- \/ Yoast SEO Premium plugin. -->","yoast_head_json":{"title":"Visite priv\u00e9e de Capri et Anacapri avec guide officiel","description":"Explorez et profitez de la ville de Capri et d'Anacapri au d\u00e9part de Capri avec un guide local et d\u00e9couvrez certains de ses endroits les plus reconnus.","robots":{"index":"index","follow":"follow","max-snippet":"max-snippet:-1","max-image-preview":"max-image-preview:large","max-video-preview":"max-video-preview:-1"},"canonical":"https:\/\/tourtravelandmore.com\/fr\/tours\/italie-fr\/capri-fr\/toutes-les-visites-privees-fr-3\/visite-privee-de-capri-et-anacapri\/","og_locale":"fr_FR","og_type":"article","og_title":"Visite priv\u00e9e de Capri et Anacapri","og_description":"Explorez et profitez de la ville de Capri et d'Anacapri au d\u00e9part de Capri avec un guide local et d\u00e9couvrez certains de ses endroits les plus reconnus.","og_url":"https:\/\/tourtravelandmore.com\/fr\/tours\/italie-fr\/capri-fr\/toutes-les-visites-privees-fr-3\/visite-privee-de-capri-et-anacapri\/","og_site_name":"Tour Travel And More","article_publisher":"https:\/\/www.facebook.com\/tourtravelandmore\/","article_modified_time":"2024-03-08T15:25:30+00:00","og_image":[{"width":1024,"height":683,"url":"https:\/\/tourtravelandmore.com\/wp-content\/uploads\/2019\/10\/capri_houses.jpg","type":"image\/jpeg"}],"twitter_card":"summary_large_image","twitter_site":"@TourTravel_More","twitter_misc":{"Dur\u00e9e de lecture estim\u00e9e":"3 minutes"},"schema":{"@context":"https:\/\/schema.org","@graph":[{"@type":"WebPage","@id":"https:\/\/tourtravelandmore.com\/fr\/tours\/italie-fr\/capri-fr\/toutes-les-visites-privees-fr-3\/visite-privee-de-capri-et-anacapri\/","url":"https:\/\/tourtravelandmore.com\/fr\/tours\/italie-fr\/capri-fr\/toutes-les-visites-privees-fr-3\/visite-privee-de-capri-et-anacapri\/","name":"Visite priv\u00e9e de Capri et Anacapri avec guide officiel","isPartOf":{"@id":"https:\/\/tourtravelandmore.com\/fr\/#website"},"primaryImageOfPage":{"@id":"https:\/\/tourtravelandmore.com\/fr\/tours\/italie-fr\/capri-fr\/toutes-les-visites-privees-fr-3\/visite-privee-de-capri-et-anacapri\/#primaryimage"},"image":{"@id":"https:\/\/tourtravelandmore.com\/fr\/tours\/italie-fr\/capri-fr\/toutes-les-visites-privees-fr-3\/visite-privee-de-capri-et-anacapri\/#primaryimage"},"thumbnailUrl":"https:\/\/tourtravelandmore.com\/wp-content\/uploads\/2019\/10\/capri_houses.jpg","datePublished":"2019-10-31T13:13:44+00:00","dateModified":"2024-03-08T15:25:30+00:00","description":"Explorez et profitez de la ville de Capri et d'Anacapri au d\u00e9part de Capri avec un guide local et d\u00e9couvrez certains de ses endroits les plus reconnus.","breadcrumb":{"@id":"https:\/\/tourtravelandmore.com\/fr\/tours\/italie-fr\/capri-fr\/toutes-les-visites-privees-fr-3\/visite-privee-de-capri-et-anacapri\/#breadcrumb"},"inLanguage":"fr-FR","potentialAction":[{"@type":"ReadAction","target":["https:\/\/tourtravelandmore.com\/fr\/tours\/italie-fr\/capri-fr\/toutes-les-visites-privees-fr-3\/visite-privee-de-capri-et-anacapri\/"]}]},{"@type":"ImageObject","inLanguage":"fr-FR","@id":"https:\/\/tourtravelandmore.com\/fr\/tours\/italie-fr\/capri-fr\/toutes-les-visites-privees-fr-3\/visite-privee-de-capri-et-anacapri\/#primaryimage","url":"https:\/\/tourtravelandmore.com\/wp-content\/uploads\/2019\/10\/capri_houses.jpg","contentUrl":"https:\/\/tourtravelandmore.com\/wp-content\/uploads\/2019\/10\/capri_houses.jpg","width":1024,"height":683},{"@type":"BreadcrumbList","@id":"https:\/\/tourtravelandmore.com\/fr\/tours\/italie-fr\/capri-fr\/toutes-les-visites-privees-fr-3\/visite-privee-de-capri-et-anacapri\/#breadcrumb","itemListElement":[{"@type":"ListItem","position":1,"name":"Home","item":"https:\/\/tourtravelandmore.com\/fr\/"},{"@type":"ListItem","position":2,"name":"Tours","item":"https:\/\/tourtravelandmore.com\/fr\/tours\/"},{"@type":"ListItem","position":3,"name":"Visite priv\u00e9e de Capri et Anacapri"}]},{"@type":"WebSite","@id":"https:\/\/tourtravelandmore.com\/fr\/#website","url":"https:\/\/tourtravelandmore.com\/fr\/","name":"Tour Travel And More","description":"Private sightseeing tours and luxury transfers in Spain","publisher":{"@id":"https:\/\/tourtravelandmore.com\/fr\/#organization"},"potentialAction":[{"@type":"SearchAction","target":{"@type":"EntryPoint","urlTemplate":"https:\/\/tourtravelandmore.com\/fr\/?s={search_term_string}"},"query-input":{"@type":"PropertyValueSpecification","valueRequired":true,"valueName":"search_term_string"}}],"inLanguage":"fr-FR"},{"@type":"Organization","@id":"https:\/\/tourtravelandmore.com\/fr\/#organization","name":"Tour Travel And More","url":"https:\/\/tourtravelandmore.com\/fr\/","logo":{"@type":"ImageObject","inLanguage":"fr-FR","@id":"https:\/\/tourtravelandmore.com\/fr\/#\/schema\/logo\/image\/","url":"https:\/\/tourtravelandmore.com\/wp-content\/uploads\/2022\/12\/cropped-logo-cabecera-new.png","contentUrl":"https:\/\/tourtravelandmore.com\/wp-content\/uploads\/2022\/12\/cropped-logo-cabecera-new.png","width":430,"height":61,"caption":"Tour Travel And More"},"image":{"@id":"https:\/\/tourtravelandmore.com\/fr\/#\/schema\/logo\/image\/"},"sameAs":["https:\/\/www.facebook.com\/tourtravelandmore\/","https:\/\/x.com\/TourTravel_More"]}]}},"_links":{"self":[{"href":"https:\/\/tourtravelandmore.com\/fr\/wp-json\/wp\/v2\/product\/100467","targetHints":{"allow":["GET"]}}],"collection":[{"href":"https:\/\/tourtravelandmore.com\/fr\/wp-json\/wp\/v2\/product"}],"about":[{"href":"https:\/\/tourtravelandmore.com\/fr\/wp-json\/wp\/v2\/types\/product"}],"replies":[{"embeddable":true,"href":"https:\/\/tourtravelandmore.com\/fr\/wp-json\/wp\/v2\/comments?post=100467"}],"wp:featuredmedia":[{"embeddable":true,"href":"https:\/\/tourtravelandmore.com\/fr\/wp-json\/wp\/v2\/media\/96620"}],"wp:attachment":[{"href":"https:\/\/tourtravelandmore.com\/fr\/wp-json\/wp\/v2\/media?parent=100467"}],"wp:term":[{"taxonomy":"product_brand","embeddable":true,"href":"https:\/\/tourtravelandmore.com\/fr\/wp-json\/wp\/v2\/product_brand?post=100467"},{"taxonomy":"product_cat","embeddable":true,"href":"https:\/\/tourtravelandmore.com\/fr\/wp-json\/wp\/v2\/product_cat?post=100467"},{"taxonomy":"product_tag","embeddable":true,"href":"https:\/\/tourtravelandmore.com\/fr\/wp-json\/wp\/v2\/product_tag?post=100467"}],"curies":[{"name":"wp","href":"https:\/\/api.w.org\/{rel}","templated":true}]}}