{"id":100462,"date":"2019-10-31T06:48:04","date_gmt":"2019-10-31T05:48:04","guid":{"rendered":"https:\/\/tourtravelandmore.com\/tours\/non%20class\u00e9\/visite-privee-de-capri-et-anacapri-au-depart-de-naples\/"},"modified":"2024-08-21T17:31:17","modified_gmt":"2024-08-21T15:31:17","slug":"visite-privee-de-capri-et-anacapri-au-depart-de-naples","status":"publish","type":"product","link":"https:\/\/tourtravelandmore.com\/fr\/tours\/italie-fr\/capri-fr\/toutes-les-visites-privees-fr-3\/visite-privee-de-capri-et-anacapri-au-depart-de-naples\/","title":{"rendered":"Visite priv\u00e9e de Capri et Anacapri au d\u00e9part de Naples"},"content":{"rendered":"<h2>Description<\/h2>\n<p>Profitez de cette visite priv\u00e9e unique de Capri et Anacapri au d\u00e9part de Naples avec votre guide officiel priv\u00e9. Vous d\u00e9couvrirez Capri et Anacapri et ses lieux et sites les plus embl\u00e9matiques.<\/p>\n<p>L&#8217;\u00eele de Capri est une combinaison unique de beaut\u00e9 sc\u00e9nique, de merveilles arch\u00e9ologiques, d&#8217;architecture et de nature. C&#8217;est un endroit qui m\u00e9rite d&#8217;\u00eatre visit\u00e9.<\/p>\n<p>Lors de cette visite priv\u00e9e, vous pourrez non seulement visiter Capri, mais aussi Anacapri.<\/p>\n<p>Anacapri est souvent sous-estim\u00e9 par les touristes, mais c&#8217;est un endroit extr\u00eamement \u00e9tonnant qui offre des vues uniques sur l&#8217;\u00eele.<\/p>\n<p>Il y a de nombreux endroits que votre guide priv\u00e9 peut vous aider \u00e0 explorer et o\u00f9 vous pouvez prendre les meilleures photos quand et o\u00f9 vous le souhaitez. Les sites et le point de rencontre de cette excursion sont enti\u00e8rement personnalisables. Veuillez nous contacter pour organiser l&#8217;excursion en fonction de vos besoins personnels.<\/p>\n<h2>Sites d&#8217;int\u00e9r\u00eat et monuments<\/h2>\n<p>Tout d&#8217;abord, vous rencontrerez votre guide officiel priv\u00e9 dans le port de Naples o\u00f9 vous prendrez le ferry rapide du port de Naples vers Capri.<\/p>\n<p>Une fois arriv\u00e9 au port de Capri, vous aurez un transport priv\u00e9 partag\u00e9 qui vous emm\u00e8nera au centre d&#8217;Anacapri. Vous prendrez le t\u00e9l\u00e9si\u00e8ge jusqu&#8217;au mont Solaro, qui est le point culminant de l&#8217;\u00eele. De l\u00e0, vous pourrez admirer la vue magnifique et \u00e9tonnante de l&#8217;\u00eele, quelque chose \u00e0 ne pas manquer ! Nous continuerons ensuite vers la Piazza Vittoria. Cette place est un endroit unique, plein d&#8217;arbres et de fleurs qui cr\u00e9ent un paysage c\u00f4tier parfait dont vous vous souviendrez toujours.<\/p>\n<p>Ensuite, vous prendrez les transports en commun jusqu&#8217;\u00e0 la ville de Capri. Vous visiterez le centre historique de Capri. Vous admirerez la c\u00e9l\u00e8bre Piazza Umberto I (ou &#8220;piazzeta&#8221;) de Capri, toujours anim\u00e9e et pleine de monde. Dans ce quartier, vous verrez \u00e9galement la Tour de l&#8217;Horloge, l&#8217;\u00e9glise de San Stefano et de nombreux restaurants et boutiques exclusifs. Vous marcherez ensuite dans les rues principales de Capri : Via Vittorio Emanuelle, Via Croce et Camelle.<\/p>\n<p>Pendant la visite, vous aurez du temps libre pour manger dans un beau restaurant italien. Le guide vous recommandera les meilleures options.<\/p>\n<p>Enfin, vous descendrez au port de Capri en funiculaire o\u00f9 vous prendrez le ferry pour Naples. Le guide vous dira au revoir dans le port de Naples.<\/p>\n<p>Si vous souhaitez vivre une exp\u00e9rience d&#8217;une journ\u00e9e enti\u00e8re, jetez un coup d&#8217;\u0153il \u00e0 notre visite priv\u00e9e de Capri et Anacapri avec la Grotte bleue depuis Naples.<\/p>\n","protected":false},"excerpt":{"rendered":"<p>Profitez de vos journ\u00e9es \u00e0 Naples pour faire une visite priv\u00e9e de Capri et Anacapri. D\u00e9couvrez ses magnifiques paysages et ses principaux sites d&#8217;int\u00e9r\u00eat en compagnie d&#8217;un guide professionnel.<\/p>\n","protected":false},"featured_media":97937,"comment_status":"open","ping_status":"closed","template":"","meta":{"_acf_changed":false},"product_brand":[],"product_cat":[4370,4897,4372,4371,4896,4898,3651,3551],"product_tag":[],"class_list":{"0":"post-100462","1":"product","2":"type-product","3":"status-publish","4":"has-post-thumbnail","6":"product_cat-all-private-tours-activities-fr-7-naplespompei-fr","7":"product_cat-excursions-a-terre-privees-fr-2","8":"product_cat-private-shore-excursions-fr-8-naplespompei-fr","9":"product_cat-private-sightseeing-tours-fr-7-naplespompei-fr","10":"product_cat-toutes-les-visites-privees-fr-3","11":"product_cat-visites-guidees-privees-fr-9","12":"product_cat-capri-fr","13":"product_cat-naplespompei-fr","15":"first","16":"instock","17":"shipping-taxable","18":"purchasable","19":"product-type-simple"},"acf":[],"yoast_head":"<!-- This site is optimized with the Yoast SEO Premium plugin v25.3.1 (Yoast SEO v25.3.1) - https:\/\/yoast.com\/wordpress\/plugins\/seo\/ -->\n<title>Visite priv\u00e9e de Capri et Anacapri au d\u00e9part de Naples avec guide officiel<\/title>\n<meta name=\"description\" content=\"Explorez et profitez de la ville de Capri et d&#039;Anacapri au d\u00e9part de Naples avec un guide local et d\u00e9couvrez certains de ses endroits les plus reconnus.\" \/>\n<meta name=\"robots\" content=\"index, follow, max-snippet:-1, max-image-preview:large, max-video-preview:-1\" \/>\n<link rel=\"canonical\" href=\"https:\/\/tourtravelandmore.com\/fr\/tours\/italie-fr\/capri-fr\/toutes-les-visites-privees-fr-3\/visite-privee-de-capri-et-anacapri-au-depart-de-naples\/\" \/>\n<meta property=\"og:locale\" content=\"fr_FR\" \/>\n<meta property=\"og:type\" content=\"article\" \/>\n<meta property=\"og:title\" content=\"Visite priv\u00e9e de Capri et Anacapri au d\u00e9part de Naples\" \/>\n<meta property=\"og:description\" content=\"Explorez et profitez de la ville de Capri et d&#039;Anacapri au d\u00e9part de Naples avec un guide local et d\u00e9couvrez certains de ses endroits les plus reconnus.\" \/>\n<meta property=\"og:url\" content=\"https:\/\/tourtravelandmore.com\/fr\/tours\/italie-fr\/capri-fr\/toutes-les-visites-privees-fr-3\/visite-privee-de-capri-et-anacapri-au-depart-de-naples\/\" \/>\n<meta property=\"og:site_name\" content=\"Tour Travel And More\" \/>\n<meta property=\"article:publisher\" content=\"https:\/\/www.facebook.com\/tourtravelandmore\/\" \/>\n<meta property=\"article:modified_time\" content=\"2024-08-21T15:31:17+00:00\" \/>\n<meta property=\"og:image\" content=\"https:\/\/tourtravelandmore.com\/wp-content\/uploads\/2019\/10\/anacapri-3.jpg\" \/>\n\t<meta property=\"og:image:width\" content=\"1280\" \/>\n\t<meta property=\"og:image:height\" content=\"853\" \/>\n\t<meta property=\"og:image:type\" content=\"image\/jpeg\" \/>\n<meta name=\"twitter:card\" content=\"summary_large_image\" \/>\n<meta name=\"twitter:site\" content=\"@TourTravel_More\" \/>\n<meta name=\"twitter:label1\" content=\"Dur\u00e9e de lecture estim\u00e9e\" \/>\n\t<meta name=\"twitter:data1\" content=\"3 minutes\" \/>\n<script type=\"application\/ld+json\" class=\"yoast-schema-graph\">{\"@context\":\"https:\/\/schema.org\",\"@graph\":[{\"@type\":\"WebPage\",\"@id\":\"https:\/\/tourtravelandmore.com\/fr\/tours\/italie-fr\/capri-fr\/toutes-les-visites-privees-fr-3\/visite-privee-de-capri-et-anacapri-au-depart-de-naples\/\",\"url\":\"https:\/\/tourtravelandmore.com\/fr\/tours\/italie-fr\/capri-fr\/toutes-les-visites-privees-fr-3\/visite-privee-de-capri-et-anacapri-au-depart-de-naples\/\",\"name\":\"Visite priv\u00e9e de Capri et Anacapri au d\u00e9part de Naples avec guide officiel\",\"isPartOf\":{\"@id\":\"https:\/\/tourtravelandmore.com\/fr\/#website\"},\"primaryImageOfPage\":{\"@id\":\"https:\/\/tourtravelandmore.com\/fr\/tours\/italie-fr\/capri-fr\/toutes-les-visites-privees-fr-3\/visite-privee-de-capri-et-anacapri-au-depart-de-naples\/#primaryimage\"},\"image\":{\"@id\":\"https:\/\/tourtravelandmore.com\/fr\/tours\/italie-fr\/capri-fr\/toutes-les-visites-privees-fr-3\/visite-privee-de-capri-et-anacapri-au-depart-de-naples\/#primaryimage\"},\"thumbnailUrl\":\"https:\/\/tourtravelandmore.com\/wp-content\/uploads\/2019\/10\/anacapri-3.jpg\",\"datePublished\":\"2019-10-31T05:48:04+00:00\",\"dateModified\":\"2024-08-21T15:31:17+00:00\",\"description\":\"Explorez et profitez de la ville de Capri et d'Anacapri au d\u00e9part de Naples avec un guide local et d\u00e9couvrez certains de ses endroits les plus reconnus.\",\"breadcrumb\":{\"@id\":\"https:\/\/tourtravelandmore.com\/fr\/tours\/italie-fr\/capri-fr\/toutes-les-visites-privees-fr-3\/visite-privee-de-capri-et-anacapri-au-depart-de-naples\/#breadcrumb\"},\"inLanguage\":\"fr-FR\",\"potentialAction\":[{\"@type\":\"ReadAction\",\"target\":[\"https:\/\/tourtravelandmore.com\/fr\/tours\/italie-fr\/capri-fr\/toutes-les-visites-privees-fr-3\/visite-privee-de-capri-et-anacapri-au-depart-de-naples\/\"]}]},{\"@type\":\"ImageObject\",\"inLanguage\":\"fr-FR\",\"@id\":\"https:\/\/tourtravelandmore.com\/fr\/tours\/italie-fr\/capri-fr\/toutes-les-visites-privees-fr-3\/visite-privee-de-capri-et-anacapri-au-depart-de-naples\/#primaryimage\",\"url\":\"https:\/\/tourtravelandmore.com\/wp-content\/uploads\/2019\/10\/anacapri-3.jpg\",\"contentUrl\":\"https:\/\/tourtravelandmore.com\/wp-content\/uploads\/2019\/10\/anacapri-3.jpg\",\"width\":1280,\"height\":853},{\"@type\":\"BreadcrumbList\",\"@id\":\"https:\/\/tourtravelandmore.com\/fr\/tours\/italie-fr\/capri-fr\/toutes-les-visites-privees-fr-3\/visite-privee-de-capri-et-anacapri-au-depart-de-naples\/#breadcrumb\",\"itemListElement\":[{\"@type\":\"ListItem\",\"position\":1,\"name\":\"Home\",\"item\":\"https:\/\/tourtravelandmore.com\/fr\/\"},{\"@type\":\"ListItem\",\"position\":2,\"name\":\"Tours\",\"item\":\"https:\/\/tourtravelandmore.com\/fr\/tours\/\"},{\"@type\":\"ListItem\",\"position\":3,\"name\":\"Visite priv\u00e9e de Capri et Anacapri au d\u00e9part de Naples\"}]},{\"@type\":\"WebSite\",\"@id\":\"https:\/\/tourtravelandmore.com\/fr\/#website\",\"url\":\"https:\/\/tourtravelandmore.com\/fr\/\",\"name\":\"Tour Travel And More\",\"description\":\"Private sightseeing tours and luxury transfers in Spain\",\"publisher\":{\"@id\":\"https:\/\/tourtravelandmore.com\/fr\/#organization\"},\"potentialAction\":[{\"@type\":\"SearchAction\",\"target\":{\"@type\":\"EntryPoint\",\"urlTemplate\":\"https:\/\/tourtravelandmore.com\/fr\/?s={search_term_string}\"},\"query-input\":{\"@type\":\"PropertyValueSpecification\",\"valueRequired\":true,\"valueName\":\"search_term_string\"}}],\"inLanguage\":\"fr-FR\"},{\"@type\":\"Organization\",\"@id\":\"https:\/\/tourtravelandmore.com\/fr\/#organization\",\"name\":\"Tour Travel And More\",\"url\":\"https:\/\/tourtravelandmore.com\/fr\/\",\"logo\":{\"@type\":\"ImageObject\",\"inLanguage\":\"fr-FR\",\"@id\":\"https:\/\/tourtravelandmore.com\/fr\/#\/schema\/logo\/image\/\",\"url\":\"https:\/\/tourtravelandmore.com\/wp-content\/uploads\/2022\/12\/cropped-logo-cabecera-new.png\",\"contentUrl\":\"https:\/\/tourtravelandmore.com\/wp-content\/uploads\/2022\/12\/cropped-logo-cabecera-new.png\",\"width\":430,\"height\":61,\"caption\":\"Tour Travel And More\"},\"image\":{\"@id\":\"https:\/\/tourtravelandmore.com\/fr\/#\/schema\/logo\/image\/\"},\"sameAs\":[\"https:\/\/www.facebook.com\/tourtravelandmore\/\",\"https:\/\/x.com\/TourTravel_More\"]}]}<\/script>\n<!-- \/ Yoast SEO Premium plugin. -->","yoast_head_json":{"title":"Visite priv\u00e9e de Capri et Anacapri au d\u00e9part de Naples avec guide officiel","description":"Explorez et profitez de la ville de Capri et d'Anacapri au d\u00e9part de Naples avec un guide local et d\u00e9couvrez certains de ses endroits les plus reconnus.","robots":{"index":"index","follow":"follow","max-snippet":"max-snippet:-1","max-image-preview":"max-image-preview:large","max-video-preview":"max-video-preview:-1"},"canonical":"https:\/\/tourtravelandmore.com\/fr\/tours\/italie-fr\/capri-fr\/toutes-les-visites-privees-fr-3\/visite-privee-de-capri-et-anacapri-au-depart-de-naples\/","og_locale":"fr_FR","og_type":"article","og_title":"Visite priv\u00e9e de Capri et Anacapri au d\u00e9part de Naples","og_description":"Explorez et profitez de la ville de Capri et d'Anacapri au d\u00e9part de Naples avec un guide local et d\u00e9couvrez certains de ses endroits les plus reconnus.","og_url":"https:\/\/tourtravelandmore.com\/fr\/tours\/italie-fr\/capri-fr\/toutes-les-visites-privees-fr-3\/visite-privee-de-capri-et-anacapri-au-depart-de-naples\/","og_site_name":"Tour Travel And More","article_publisher":"https:\/\/www.facebook.com\/tourtravelandmore\/","article_modified_time":"2024-08-21T15:31:17+00:00","og_image":[{"width":1280,"height":853,"url":"https:\/\/tourtravelandmore.com\/wp-content\/uploads\/2019\/10\/anacapri-3.jpg","type":"image\/jpeg"}],"twitter_card":"summary_large_image","twitter_site":"@TourTravel_More","twitter_misc":{"Dur\u00e9e de lecture estim\u00e9e":"3 minutes"},"schema":{"@context":"https:\/\/schema.org","@graph":[{"@type":"WebPage","@id":"https:\/\/tourtravelandmore.com\/fr\/tours\/italie-fr\/capri-fr\/toutes-les-visites-privees-fr-3\/visite-privee-de-capri-et-anacapri-au-depart-de-naples\/","url":"https:\/\/tourtravelandmore.com\/fr\/tours\/italie-fr\/capri-fr\/toutes-les-visites-privees-fr-3\/visite-privee-de-capri-et-anacapri-au-depart-de-naples\/","name":"Visite priv\u00e9e de Capri et Anacapri au d\u00e9part de Naples avec guide officiel","isPartOf":{"@id":"https:\/\/tourtravelandmore.com\/fr\/#website"},"primaryImageOfPage":{"@id":"https:\/\/tourtravelandmore.com\/fr\/tours\/italie-fr\/capri-fr\/toutes-les-visites-privees-fr-3\/visite-privee-de-capri-et-anacapri-au-depart-de-naples\/#primaryimage"},"image":{"@id":"https:\/\/tourtravelandmore.com\/fr\/tours\/italie-fr\/capri-fr\/toutes-les-visites-privees-fr-3\/visite-privee-de-capri-et-anacapri-au-depart-de-naples\/#primaryimage"},"thumbnailUrl":"https:\/\/tourtravelandmore.com\/wp-content\/uploads\/2019\/10\/anacapri-3.jpg","datePublished":"2019-10-31T05:48:04+00:00","dateModified":"2024-08-21T15:31:17+00:00","description":"Explorez et profitez de la ville de Capri et d'Anacapri au d\u00e9part de Naples avec un guide local et d\u00e9couvrez certains de ses endroits les plus reconnus.","breadcrumb":{"@id":"https:\/\/tourtravelandmore.com\/fr\/tours\/italie-fr\/capri-fr\/toutes-les-visites-privees-fr-3\/visite-privee-de-capri-et-anacapri-au-depart-de-naples\/#breadcrumb"},"inLanguage":"fr-FR","potentialAction":[{"@type":"ReadAction","target":["https:\/\/tourtravelandmore.com\/fr\/tours\/italie-fr\/capri-fr\/toutes-les-visites-privees-fr-3\/visite-privee-de-capri-et-anacapri-au-depart-de-naples\/"]}]},{"@type":"ImageObject","inLanguage":"fr-FR","@id":"https:\/\/tourtravelandmore.com\/fr\/tours\/italie-fr\/capri-fr\/toutes-les-visites-privees-fr-3\/visite-privee-de-capri-et-anacapri-au-depart-de-naples\/#primaryimage","url":"https:\/\/tourtravelandmore.com\/wp-content\/uploads\/2019\/10\/anacapri-3.jpg","contentUrl":"https:\/\/tourtravelandmore.com\/wp-content\/uploads\/2019\/10\/anacapri-3.jpg","width":1280,"height":853},{"@type":"BreadcrumbList","@id":"https:\/\/tourtravelandmore.com\/fr\/tours\/italie-fr\/capri-fr\/toutes-les-visites-privees-fr-3\/visite-privee-de-capri-et-anacapri-au-depart-de-naples\/#breadcrumb","itemListElement":[{"@type":"ListItem","position":1,"name":"Home","item":"https:\/\/tourtravelandmore.com\/fr\/"},{"@type":"ListItem","position":2,"name":"Tours","item":"https:\/\/tourtravelandmore.com\/fr\/tours\/"},{"@type":"ListItem","position":3,"name":"Visite priv\u00e9e de Capri et Anacapri au d\u00e9part de Naples"}]},{"@type":"WebSite","@id":"https:\/\/tourtravelandmore.com\/fr\/#website","url":"https:\/\/tourtravelandmore.com\/fr\/","name":"Tour Travel And More","description":"Private sightseeing tours and luxury transfers in Spain","publisher":{"@id":"https:\/\/tourtravelandmore.com\/fr\/#organization"},"potentialAction":[{"@type":"SearchAction","target":{"@type":"EntryPoint","urlTemplate":"https:\/\/tourtravelandmore.com\/fr\/?s={search_term_string}"},"query-input":{"@type":"PropertyValueSpecification","valueRequired":true,"valueName":"search_term_string"}}],"inLanguage":"fr-FR"},{"@type":"Organization","@id":"https:\/\/tourtravelandmore.com\/fr\/#organization","name":"Tour Travel And More","url":"https:\/\/tourtravelandmore.com\/fr\/","logo":{"@type":"ImageObject","inLanguage":"fr-FR","@id":"https:\/\/tourtravelandmore.com\/fr\/#\/schema\/logo\/image\/","url":"https:\/\/tourtravelandmore.com\/wp-content\/uploads\/2022\/12\/cropped-logo-cabecera-new.png","contentUrl":"https:\/\/tourtravelandmore.com\/wp-content\/uploads\/2022\/12\/cropped-logo-cabecera-new.png","width":430,"height":61,"caption":"Tour Travel And More"},"image":{"@id":"https:\/\/tourtravelandmore.com\/fr\/#\/schema\/logo\/image\/"},"sameAs":["https:\/\/www.facebook.com\/tourtravelandmore\/","https:\/\/x.com\/TourTravel_More"]}]}},"_links":{"self":[{"href":"https:\/\/tourtravelandmore.com\/fr\/wp-json\/wp\/v2\/product\/100462","targetHints":{"allow":["GET"]}}],"collection":[{"href":"https:\/\/tourtravelandmore.com\/fr\/wp-json\/wp\/v2\/product"}],"about":[{"href":"https:\/\/tourtravelandmore.com\/fr\/wp-json\/wp\/v2\/types\/product"}],"replies":[{"embeddable":true,"href":"https:\/\/tourtravelandmore.com\/fr\/wp-json\/wp\/v2\/comments?post=100462"}],"wp:featuredmedia":[{"embeddable":true,"href":"https:\/\/tourtravelandmore.com\/fr\/wp-json\/wp\/v2\/media\/97937"}],"wp:attachment":[{"href":"https:\/\/tourtravelandmore.com\/fr\/wp-json\/wp\/v2\/media?parent=100462"}],"wp:term":[{"taxonomy":"product_brand","embeddable":true,"href":"https:\/\/tourtravelandmore.com\/fr\/wp-json\/wp\/v2\/product_brand?post=100462"},{"taxonomy":"product_cat","embeddable":true,"href":"https:\/\/tourtravelandmore.com\/fr\/wp-json\/wp\/v2\/product_cat?post=100462"},{"taxonomy":"product_tag","embeddable":true,"href":"https:\/\/tourtravelandmore.com\/fr\/wp-json\/wp\/v2\/product_tag?post=100462"}],"curies":[{"name":"wp","href":"https:\/\/api.w.org\/{rel}","templated":true}]}}