{"id":100447,"date":"2018-10-17T12:19:32","date_gmt":"2018-10-17T10:19:32","guid":{"rendered":"https:\/\/tourtravelandmore.com\/tours\/non class\u00e9\/visite-privee-a-motor-valley\/"},"modified":"2018-10-17T12:19:32","modified_gmt":"2018-10-17T10:19:32","slug":"visite-privee-a-motor-valley","status":"publish","type":"product","link":"https:\/\/tourtravelandmore.com\/fr\/tours\/italie-fr\/bologna-fr\/visite-privee-a-motor-valley\/","title":{"rendered":"Visite priv\u00e9e \u00e0 Motor Valley"},"content":{"rendered":"<h2>Description<\/h2>\n<p>Profitez de cette visite priv\u00e9e \u00e0 Motor Valley au d\u00e9part de Bologne confortablement dans votre v\u00e9hicule de luxe priv\u00e9 avec votre chauffeur.<\/p>\n<p>Bologne abrite le deuxi\u00e8me plus grand centre historique d&#8217;Europe, apr\u00e8s Venise. Est est la capitale de la r\u00e9gion d&#8217;\u00c9milie-Romagne et compte une population d&#8217;environ 400 000 habitants.<\/p>\n<p>La ville de Bologne est situ\u00e9e dans le nord de l&#8217;Italie, entre les rivi\u00e8res Reno et Savena et c&#8217;est l&#8217;une des villes historiques les plus pr\u00e9serv\u00e9es d&#8217;Italie.<\/p>\n<p>La passion pour les courses et les moteurs circule dans les veines de l&#8217;\u00c9milie-Romagne, c&#8217;est pourquoi elle est \u00e9galement connue sous le nom de Moror Valley.<\/p>\n<p>Cette visite priv\u00e9e de Motor Valley d&#8217;une dur\u00e9e totale de 8 heures \u00e0 partir du moment de la prise en charge et du retour. Si vous pr\u00e9f\u00e9rez, nous pouvons inclure plus d&#8217;heures ou m\u00eame un guide officiel priv\u00e9 s\u00e9par\u00e9.<\/p>\n<h2>Points d&#8217;int\u00e9r\u00eat et points de rep\u00e8re<\/h2>\n<p>Tout d&#8217;abord, votre chauffeur priv\u00e9 viendra vous chercher \u00e0 votre h\u00f4tel ou lieu de votre choix \u00e0 Bologne. Apr\u00e8s cela, vous continuerez vers Motor Valley, le c\u0153ur de l&#8217;industrie de la locomotive en Italie.<\/p>\n<p>Au cours de cette visite priv\u00e9e, vous visiterez les mus\u00e9es de certaines des principales industries automobiles du monde.<br \/>\nL&#8217;ordre et les lieux \u00e0 visiter peuvent \u00eatre organis\u00e9s selon vos pr\u00e9f\u00e9rences, notre proposition serait:<\/p>\n<p>1) Visite du mus\u00e9e Ducati ou Pagani<br \/>\n2) Conduisez jusqu&#8217;\u00e0 Sant &#8216;Agata Bolognese et visitez le mus\u00e9e Lamborghini<\/p>\n<p>Vous aurez ensuite du temps libre pour d\u00e9jeuner dans un restaurant local. Notre lecteur sera plus qu&#8217;heureux de vous recommander un bon endroit local.<\/p>\n<p>3) Vous vous rendrez ensuite \u00e0 Maranello, domicile de Ferrari. Fond\u00e9e en 1928 par Enzo Ferrari, c&#8217;est l&#8217;une des \u00e9quipes de course les plus titr\u00e9es de l&#8217;histoire de la Formule 1.<\/p>\n<p>Enfin, votre chauffeur priv\u00e9 vous ram\u00e8nera \u00e0 votre h\u00f4tel ou lieu de votre choix \u00e0 Bologne.<\/p>\n<p>Une autre option possible d&#8217;une excursion d&#8217;une journ\u00e9e compl\u00e8te au d\u00e9part de Bologne pourrait \u00eatre notre visite gastronomique priv\u00e9e \u00e0 Bologne.<\/p>\n","protected":false},"excerpt":{"rendered":"<p>Venez avec nous et d\u00e9couvrez la superbe histoire de l&#8217;industrie italienne des locomotives avec cette visite priv\u00e9e de Motor Valley. Ne manquez pas une chance de d\u00e9couvrir confortablement les mus\u00e9es des principales industries automobiles italiennes dans votre v\u00e9hicule de luxe priv\u00e9 avec un chauffeur professionnel.<\/p>\n","protected":false},"featured_media":95335,"comment_status":"open","ping_status":"closed","template":"","meta":{"_acf_changed":false},"product_brand":[],"product_cat":[3648],"product_tag":[],"class_list":{"0":"post-100447","1":"product","2":"type-product","3":"status-publish","4":"has-post-thumbnail","6":"product_cat-bologna-fr","8":"first","9":"instock","10":"shipping-taxable","11":"purchasable","12":"product-type-simple"},"acf":[],"yoast_head":"<!-- This site is optimized with the Yoast SEO Premium plugin v25.3.1 (Yoast SEO v25.3.1) - https:\/\/yoast.com\/wordpress\/plugins\/seo\/ -->\n<title>Visite priv\u00e9e de Motor Valley au d\u00e9part de Bologne avec chauffeur priv\u00e9<\/title>\n<meta name=\"description\" content=\"Visite priv\u00e9e de Motor Valley au d\u00e9part de Bologne dans un v\u00e9hicule de luxe priv\u00e9 avec chauffeur. Un must pour tout amateur de moteur, visitez les usines et les mus\u00e9es!\" \/>\n<meta name=\"robots\" content=\"index, follow, max-snippet:-1, max-image-preview:large, max-video-preview:-1\" \/>\n<link rel=\"canonical\" href=\"https:\/\/tourtravelandmore.com\/fr\/tours\/italie-fr\/bologna-fr\/visite-privee-a-motor-valley\/\" \/>\n<meta property=\"og:locale\" content=\"fr_FR\" \/>\n<meta property=\"og:type\" content=\"article\" \/>\n<meta property=\"og:title\" content=\"Visite priv\u00e9e \u00e0 Motor Valley\" \/>\n<meta property=\"og:description\" content=\"Visite priv\u00e9e de Motor Valley au d\u00e9part de Bologne dans un v\u00e9hicule de luxe priv\u00e9 avec chauffeur. Un must pour tout amateur de moteur, visitez les usines et les mus\u00e9es!\" \/>\n<meta property=\"og:url\" content=\"https:\/\/tourtravelandmore.com\/fr\/tours\/italie-fr\/bologna-fr\/visite-privee-a-motor-valley\/\" \/>\n<meta property=\"og:site_name\" content=\"Tour Travel And More\" \/>\n<meta property=\"article:publisher\" content=\"https:\/\/www.facebook.com\/tourtravelandmore\/\" \/>\n<meta property=\"og:image\" content=\"https:\/\/tourtravelandmore.com\/wp-content\/uploads\/2018\/10\/Maranello.jpg\" \/>\n\t<meta property=\"og:image:width\" content=\"1800\" \/>\n\t<meta property=\"og:image:height\" content=\"850\" \/>\n\t<meta property=\"og:image:type\" content=\"image\/jpeg\" \/>\n<meta name=\"twitter:card\" content=\"summary_large_image\" \/>\n<meta name=\"twitter:site\" content=\"@TourTravel_More\" \/>\n<meta name=\"twitter:label1\" content=\"Dur\u00e9e de lecture estim\u00e9e\" \/>\n\t<meta name=\"twitter:data1\" content=\"2 minutes\" \/>\n<script type=\"application\/ld+json\" class=\"yoast-schema-graph\">{\"@context\":\"https:\/\/schema.org\",\"@graph\":[{\"@type\":\"WebPage\",\"@id\":\"https:\/\/tourtravelandmore.com\/fr\/tours\/italie-fr\/bologna-fr\/visite-privee-a-motor-valley\/\",\"url\":\"https:\/\/tourtravelandmore.com\/fr\/tours\/italie-fr\/bologna-fr\/visite-privee-a-motor-valley\/\",\"name\":\"Visite priv\u00e9e de Motor Valley au d\u00e9part de Bologne avec chauffeur priv\u00e9\",\"isPartOf\":{\"@id\":\"https:\/\/tourtravelandmore.com\/fr\/#website\"},\"primaryImageOfPage\":{\"@id\":\"https:\/\/tourtravelandmore.com\/fr\/tours\/italie-fr\/bologna-fr\/visite-privee-a-motor-valley\/#primaryimage\"},\"image\":{\"@id\":\"https:\/\/tourtravelandmore.com\/fr\/tours\/italie-fr\/bologna-fr\/visite-privee-a-motor-valley\/#primaryimage\"},\"thumbnailUrl\":\"https:\/\/tourtravelandmore.com\/wp-content\/uploads\/2018\/10\/Maranello.jpg\",\"datePublished\":\"2018-10-17T10:19:32+00:00\",\"description\":\"Visite priv\u00e9e de Motor Valley au d\u00e9part de Bologne dans un v\u00e9hicule de luxe priv\u00e9 avec chauffeur. Un must pour tout amateur de moteur, visitez les usines et les mus\u00e9es!\",\"breadcrumb\":{\"@id\":\"https:\/\/tourtravelandmore.com\/fr\/tours\/italie-fr\/bologna-fr\/visite-privee-a-motor-valley\/#breadcrumb\"},\"inLanguage\":\"fr-FR\",\"potentialAction\":[{\"@type\":\"ReadAction\",\"target\":[\"https:\/\/tourtravelandmore.com\/fr\/tours\/italie-fr\/bologna-fr\/visite-privee-a-motor-valley\/\"]}]},{\"@type\":\"ImageObject\",\"inLanguage\":\"fr-FR\",\"@id\":\"https:\/\/tourtravelandmore.com\/fr\/tours\/italie-fr\/bologna-fr\/visite-privee-a-motor-valley\/#primaryimage\",\"url\":\"https:\/\/tourtravelandmore.com\/wp-content\/uploads\/2018\/10\/Maranello.jpg\",\"contentUrl\":\"https:\/\/tourtravelandmore.com\/wp-content\/uploads\/2018\/10\/Maranello.jpg\",\"width\":1800,\"height\":850},{\"@type\":\"BreadcrumbList\",\"@id\":\"https:\/\/tourtravelandmore.com\/fr\/tours\/italie-fr\/bologna-fr\/visite-privee-a-motor-valley\/#breadcrumb\",\"itemListElement\":[{\"@type\":\"ListItem\",\"position\":1,\"name\":\"Home\",\"item\":\"https:\/\/tourtravelandmore.com\/fr\/\"},{\"@type\":\"ListItem\",\"position\":2,\"name\":\"Tours\",\"item\":\"https:\/\/tourtravelandmore.com\/fr\/tours\/\"},{\"@type\":\"ListItem\",\"position\":3,\"name\":\"Visite priv\u00e9e \u00e0 Motor Valley\"}]},{\"@type\":\"WebSite\",\"@id\":\"https:\/\/tourtravelandmore.com\/fr\/#website\",\"url\":\"https:\/\/tourtravelandmore.com\/fr\/\",\"name\":\"Tour Travel And More\",\"description\":\"Private sightseeing tours and luxury transfers in Spain\",\"publisher\":{\"@id\":\"https:\/\/tourtravelandmore.com\/fr\/#organization\"},\"potentialAction\":[{\"@type\":\"SearchAction\",\"target\":{\"@type\":\"EntryPoint\",\"urlTemplate\":\"https:\/\/tourtravelandmore.com\/fr\/?s={search_term_string}\"},\"query-input\":{\"@type\":\"PropertyValueSpecification\",\"valueRequired\":true,\"valueName\":\"search_term_string\"}}],\"inLanguage\":\"fr-FR\"},{\"@type\":\"Organization\",\"@id\":\"https:\/\/tourtravelandmore.com\/fr\/#organization\",\"name\":\"Tour Travel And More\",\"url\":\"https:\/\/tourtravelandmore.com\/fr\/\",\"logo\":{\"@type\":\"ImageObject\",\"inLanguage\":\"fr-FR\",\"@id\":\"https:\/\/tourtravelandmore.com\/fr\/#\/schema\/logo\/image\/\",\"url\":\"https:\/\/tourtravelandmore.com\/wp-content\/uploads\/2022\/12\/cropped-logo-cabecera-new.png\",\"contentUrl\":\"https:\/\/tourtravelandmore.com\/wp-content\/uploads\/2022\/12\/cropped-logo-cabecera-new.png\",\"width\":430,\"height\":61,\"caption\":\"Tour Travel And More\"},\"image\":{\"@id\":\"https:\/\/tourtravelandmore.com\/fr\/#\/schema\/logo\/image\/\"},\"sameAs\":[\"https:\/\/www.facebook.com\/tourtravelandmore\/\",\"https:\/\/x.com\/TourTravel_More\"]}]}<\/script>\n<!-- \/ Yoast SEO Premium plugin. -->","yoast_head_json":{"title":"Visite priv\u00e9e de Motor Valley au d\u00e9part de Bologne avec chauffeur priv\u00e9","description":"Visite priv\u00e9e de Motor Valley au d\u00e9part de Bologne dans un v\u00e9hicule de luxe priv\u00e9 avec chauffeur. Un must pour tout amateur de moteur, visitez les usines et les mus\u00e9es!","robots":{"index":"index","follow":"follow","max-snippet":"max-snippet:-1","max-image-preview":"max-image-preview:large","max-video-preview":"max-video-preview:-1"},"canonical":"https:\/\/tourtravelandmore.com\/fr\/tours\/italie-fr\/bologna-fr\/visite-privee-a-motor-valley\/","og_locale":"fr_FR","og_type":"article","og_title":"Visite priv\u00e9e \u00e0 Motor Valley","og_description":"Visite priv\u00e9e de Motor Valley au d\u00e9part de Bologne dans un v\u00e9hicule de luxe priv\u00e9 avec chauffeur. Un must pour tout amateur de moteur, visitez les usines et les mus\u00e9es!","og_url":"https:\/\/tourtravelandmore.com\/fr\/tours\/italie-fr\/bologna-fr\/visite-privee-a-motor-valley\/","og_site_name":"Tour Travel And More","article_publisher":"https:\/\/www.facebook.com\/tourtravelandmore\/","og_image":[{"width":1800,"height":850,"url":"https:\/\/tourtravelandmore.com\/wp-content\/uploads\/2018\/10\/Maranello.jpg","type":"image\/jpeg"}],"twitter_card":"summary_large_image","twitter_site":"@TourTravel_More","twitter_misc":{"Dur\u00e9e de lecture estim\u00e9e":"2 minutes"},"schema":{"@context":"https:\/\/schema.org","@graph":[{"@type":"WebPage","@id":"https:\/\/tourtravelandmore.com\/fr\/tours\/italie-fr\/bologna-fr\/visite-privee-a-motor-valley\/","url":"https:\/\/tourtravelandmore.com\/fr\/tours\/italie-fr\/bologna-fr\/visite-privee-a-motor-valley\/","name":"Visite priv\u00e9e de Motor Valley au d\u00e9part de Bologne avec chauffeur priv\u00e9","isPartOf":{"@id":"https:\/\/tourtravelandmore.com\/fr\/#website"},"primaryImageOfPage":{"@id":"https:\/\/tourtravelandmore.com\/fr\/tours\/italie-fr\/bologna-fr\/visite-privee-a-motor-valley\/#primaryimage"},"image":{"@id":"https:\/\/tourtravelandmore.com\/fr\/tours\/italie-fr\/bologna-fr\/visite-privee-a-motor-valley\/#primaryimage"},"thumbnailUrl":"https:\/\/tourtravelandmore.com\/wp-content\/uploads\/2018\/10\/Maranello.jpg","datePublished":"2018-10-17T10:19:32+00:00","description":"Visite priv\u00e9e de Motor Valley au d\u00e9part de Bologne dans un v\u00e9hicule de luxe priv\u00e9 avec chauffeur. Un must pour tout amateur de moteur, visitez les usines et les mus\u00e9es!","breadcrumb":{"@id":"https:\/\/tourtravelandmore.com\/fr\/tours\/italie-fr\/bologna-fr\/visite-privee-a-motor-valley\/#breadcrumb"},"inLanguage":"fr-FR","potentialAction":[{"@type":"ReadAction","target":["https:\/\/tourtravelandmore.com\/fr\/tours\/italie-fr\/bologna-fr\/visite-privee-a-motor-valley\/"]}]},{"@type":"ImageObject","inLanguage":"fr-FR","@id":"https:\/\/tourtravelandmore.com\/fr\/tours\/italie-fr\/bologna-fr\/visite-privee-a-motor-valley\/#primaryimage","url":"https:\/\/tourtravelandmore.com\/wp-content\/uploads\/2018\/10\/Maranello.jpg","contentUrl":"https:\/\/tourtravelandmore.com\/wp-content\/uploads\/2018\/10\/Maranello.jpg","width":1800,"height":850},{"@type":"BreadcrumbList","@id":"https:\/\/tourtravelandmore.com\/fr\/tours\/italie-fr\/bologna-fr\/visite-privee-a-motor-valley\/#breadcrumb","itemListElement":[{"@type":"ListItem","position":1,"name":"Home","item":"https:\/\/tourtravelandmore.com\/fr\/"},{"@type":"ListItem","position":2,"name":"Tours","item":"https:\/\/tourtravelandmore.com\/fr\/tours\/"},{"@type":"ListItem","position":3,"name":"Visite priv\u00e9e \u00e0 Motor Valley"}]},{"@type":"WebSite","@id":"https:\/\/tourtravelandmore.com\/fr\/#website","url":"https:\/\/tourtravelandmore.com\/fr\/","name":"Tour Travel And More","description":"Private sightseeing tours and luxury transfers in Spain","publisher":{"@id":"https:\/\/tourtravelandmore.com\/fr\/#organization"},"potentialAction":[{"@type":"SearchAction","target":{"@type":"EntryPoint","urlTemplate":"https:\/\/tourtravelandmore.com\/fr\/?s={search_term_string}"},"query-input":{"@type":"PropertyValueSpecification","valueRequired":true,"valueName":"search_term_string"}}],"inLanguage":"fr-FR"},{"@type":"Organization","@id":"https:\/\/tourtravelandmore.com\/fr\/#organization","name":"Tour Travel And More","url":"https:\/\/tourtravelandmore.com\/fr\/","logo":{"@type":"ImageObject","inLanguage":"fr-FR","@id":"https:\/\/tourtravelandmore.com\/fr\/#\/schema\/logo\/image\/","url":"https:\/\/tourtravelandmore.com\/wp-content\/uploads\/2022\/12\/cropped-logo-cabecera-new.png","contentUrl":"https:\/\/tourtravelandmore.com\/wp-content\/uploads\/2022\/12\/cropped-logo-cabecera-new.png","width":430,"height":61,"caption":"Tour Travel And More"},"image":{"@id":"https:\/\/tourtravelandmore.com\/fr\/#\/schema\/logo\/image\/"},"sameAs":["https:\/\/www.facebook.com\/tourtravelandmore\/","https:\/\/x.com\/TourTravel_More"]}]}},"_links":{"self":[{"href":"https:\/\/tourtravelandmore.com\/fr\/wp-json\/wp\/v2\/product\/100447","targetHints":{"allow":["GET"]}}],"collection":[{"href":"https:\/\/tourtravelandmore.com\/fr\/wp-json\/wp\/v2\/product"}],"about":[{"href":"https:\/\/tourtravelandmore.com\/fr\/wp-json\/wp\/v2\/types\/product"}],"replies":[{"embeddable":true,"href":"https:\/\/tourtravelandmore.com\/fr\/wp-json\/wp\/v2\/comments?post=100447"}],"wp:featuredmedia":[{"embeddable":true,"href":"https:\/\/tourtravelandmore.com\/fr\/wp-json\/wp\/v2\/media\/95335"}],"wp:attachment":[{"href":"https:\/\/tourtravelandmore.com\/fr\/wp-json\/wp\/v2\/media?parent=100447"}],"wp:term":[{"taxonomy":"product_brand","embeddable":true,"href":"https:\/\/tourtravelandmore.com\/fr\/wp-json\/wp\/v2\/product_brand?post=100447"},{"taxonomy":"product_cat","embeddable":true,"href":"https:\/\/tourtravelandmore.com\/fr\/wp-json\/wp\/v2\/product_cat?post=100447"},{"taxonomy":"product_tag","embeddable":true,"href":"https:\/\/tourtravelandmore.com\/fr\/wp-json\/wp\/v2\/product_tag?post=100447"}],"curies":[{"name":"wp","href":"https:\/\/api.w.org\/{rel}","templated":true}]}}