{"id":100437,"date":"2018-04-05T15:24:10","date_gmt":"2018-04-05T13:24:10","guid":{"rendered":"https:\/\/tourtravelandmore.com\/tours\/non class\u00e9\/visite-a-pied-de-bologne-visite-privee-de-2-heures\/"},"modified":"2018-04-05T15:24:10","modified_gmt":"2018-04-05T13:24:10","slug":"visite-a-pied-de-bologne-visite-privee-de-2-heures","status":"publish","type":"product","link":"https:\/\/tourtravelandmore.com\/fr\/tours\/italie-fr\/bologna-fr\/visite-a-pied-de-bologne-visite-privee-de-2-heures\/","title":{"rendered":"Visite \u00e0 pied de Bologne &#8211; Visite priv\u00e9e de 2 heures"},"content":{"rendered":"<h2>Description<\/h2>\n<p>Profitez de cette visite \u00e0 pied de Bologne et admirez des sites magnifiques avec votre propre guide officiel priv\u00e9. Comme toutes nos visites, cette visite priv\u00e9e \u00e0 pied de Bologne est enti\u00e8rement personnalis\u00e9e.<\/p>\n<p>Bologne, la capitale de la r\u00e9gion de Reggio Emilia, est l&#8217;une des villes les plus historiques de toute l&#8217;Italie. Son existence remonte \u00e0 1000 avant JC. Bologne n&#8217;est pas consid\u00e9r\u00e9e comme aussi importante que Florence, Rome ou Milan, mais elle est connue comme l&#8217;une des villes historiques de toute l&#8217;Europe.<\/p>\n<p>La prise en charge se fera depuis votre h\u00f4tel situ\u00e9 au centre ou dans un point de rendez-vous central de la ville. Nous commencerons ensuite votre visite \u00e0 pied de Bologne.<\/p>\n<p>La dur\u00e9e exacte de la visite est totalement flexible. Vous trouverez ci-dessous notre visite priv\u00e9e \u00e0 pied de 2 heures \u00e0 Bologne, mais nous pouvons organiser la dur\u00e9e de la visite exactement comme vous le souhaitez.<\/p>\n<p>Nous serons \u00e0 votre enti\u00e8re disposition pour vous aider dans votre itin\u00e9raire et pour rendre cette exp\u00e9rience inoubliable.<\/p>\n<h2>Sites d&#8217;int\u00e9r\u00eat et monuments<\/h2>\n<p>Tout d&#8217;abord, vous rencontrerez votre guide officiel priv\u00e9 (ou si votre h\u00f4tel est situ\u00e9 au centre, votre guide peut venir vous chercher \u00e0 partir de l\u00e0) et traversez la Piazza Maggiore.<\/p>\n<p>La Piazza Maggiore est la place principale de Bologne et elle est entour\u00e9e de plusieurs b\u00e2timents m\u00e9di\u00e9vaux, o\u00f9 se trouvent le Palazzo d&#8217;Accursio, le Palazzo dei Notai, la Basilique de San Petronio, le Palazzo dei Banchi et le Palazzo del Podest\u00e1.<\/p>\n<p>Deuxi\u00e8mement, nous continuerons jusqu&#8217;\u00e0 la place de Neptune o\u00f9 se trouve la fontaine de Neptune qui est une fontaine civique monumentale, est un endroit merveilleux pour prendre des photos!.<\/p>\n<p>Troisi\u00e8mement, visitera la premi\u00e8re universit\u00e9 de Bologne, qui est consid\u00e9r\u00e9e comme la plus ancienne universit\u00e9 occidentale du monde. Elle a \u00e9t\u00e9 fond\u00e9e en 1088 et est actuellement divis\u00e9e en 11 \u00e9coles et 33 d\u00e9partements.<\/p>\n<p>Quatri\u00e8mement, admirerez le monument le plus important de Bologne, &#8220;Le Due Torri&#8221; (les Deux Tours), situ\u00e9 au c\u0153ur de la ville \u00e0 l&#8217;endroit o\u00f9 l&#8217;ancienne Via Emilia (voie Aemilian) est entr\u00e9e dans la ville. Les tours s&#8217;appelaient Asinelli Tower (la plus haute) et Garisenda Tower (la plus courte).<\/p>\n<p>Enfin, se terminera la visite dans le march\u00e9 m\u00e9di\u00e9val &#8220;Le Quadrilatero&#8221;, qui est le plus ancien march\u00e9 de la ville de Bologne et il offre une grande vari\u00e9t\u00e9 de plats comme le poisson frais, le fromage, le jambon, les fruits et la viande. Si vous \u00eates vraiment amateur de nourriture, jetez un \u0153il \u00e0 notre visite priv\u00e9e de la gastronomie de Bologne.<\/p>\n<p>Comme nous l&#8217;avons d\u00e9j\u00e0 dit, nous pouvons organiser la dur\u00e9e exacte de la visite en fonction de vos besoins personnels. Nous pouvons offrir des heures suppl\u00e9mentaires.<\/p>\n<p>Une fois la visite \u00e0 pied de Bologne termin\u00e9e, la visite se terminera \u00e0 un point de rendez-vous central.<\/p>\n","protected":false},"excerpt":{"rendered":"<p>Ne manquez pas une chance de d\u00e9couvrir Bologne et tout ce qu&#8217;elle a \u00e0 offrir \u00e0 c\u00f4t\u00e9 de votre guide professionnel priv\u00e9 officiel. Au cours de cette visite priv\u00e9e, vous visiterez des endroits comme la place Maggiore, les deux tours, la place de Neptune et bien plus encore!<\/p>\n","protected":false},"featured_media":97790,"comment_status":"open","ping_status":"closed","template":"","meta":{"_acf_changed":false},"product_brand":[],"product_cat":[3648],"product_tag":[],"class_list":{"0":"post-100437","1":"product","2":"type-product","3":"status-publish","4":"has-post-thumbnail","6":"product_cat-bologna-fr","8":"first","9":"instock","10":"shipping-taxable","11":"purchasable","12":"product-type-simple"},"acf":[],"yoast_head":"<!-- This site is optimized with the Yoast SEO Premium plugin v25.3.1 (Yoast SEO v25.3.1) - https:\/\/yoast.com\/wordpress\/plugins\/seo\/ -->\n<title>Visite priv\u00e9e \u00e0 pied de Bologne avec guide officiel priv\u00e9<\/title>\n<meta name=\"description\" content=\"Profitez de cette visite \u00e0 pied unique de Bologne et admirez sa superbe architecture et ses magnifiques sites avec votre propre guide officiel priv\u00e9.\" \/>\n<meta name=\"robots\" content=\"index, follow, max-snippet:-1, max-image-preview:large, max-video-preview:-1\" \/>\n<link rel=\"canonical\" href=\"https:\/\/tourtravelandmore.com\/fr\/tours\/italie-fr\/bologna-fr\/visite-a-pied-de-bologne-visite-privee-de-2-heures\/\" \/>\n<meta property=\"og:locale\" content=\"fr_FR\" \/>\n<meta property=\"og:type\" content=\"article\" \/>\n<meta property=\"og:title\" content=\"Visite \u00e0 pied de Bologne - Visite priv\u00e9e de 2 heures\" \/>\n<meta property=\"og:description\" content=\"Profitez de cette visite \u00e0 pied unique de Bologne et admirez sa superbe architecture et ses magnifiques sites avec votre propre guide officiel priv\u00e9.\" \/>\n<meta property=\"og:url\" content=\"https:\/\/tourtravelandmore.com\/fr\/tours\/italie-fr\/bologna-fr\/visite-a-pied-de-bologne-visite-privee-de-2-heures\/\" \/>\n<meta property=\"og:site_name\" content=\"Tour Travel And More\" \/>\n<meta property=\"article:publisher\" content=\"https:\/\/www.facebook.com\/tourtravelandmore\/\" \/>\n<meta property=\"og:image\" content=\"https:\/\/tourtravelandmore.com\/wp-content\/uploads\/2018\/04\/bologna-1-1.jpg\" \/>\n\t<meta property=\"og:image:width\" content=\"2048\" \/>\n\t<meta property=\"og:image:height\" content=\"1536\" \/>\n\t<meta property=\"og:image:type\" content=\"image\/jpeg\" \/>\n<meta name=\"twitter:card\" content=\"summary_large_image\" \/>\n<meta name=\"twitter:site\" content=\"@TourTravel_More\" \/>\n<meta name=\"twitter:label1\" content=\"Dur\u00e9e de lecture estim\u00e9e\" \/>\n\t<meta name=\"twitter:data1\" content=\"2 minutes\" \/>\n<script type=\"application\/ld+json\" class=\"yoast-schema-graph\">{\"@context\":\"https:\/\/schema.org\",\"@graph\":[{\"@type\":\"WebPage\",\"@id\":\"https:\/\/tourtravelandmore.com\/fr\/tours\/italie-fr\/bologna-fr\/visite-a-pied-de-bologne-visite-privee-de-2-heures\/\",\"url\":\"https:\/\/tourtravelandmore.com\/fr\/tours\/italie-fr\/bologna-fr\/visite-a-pied-de-bologne-visite-privee-de-2-heures\/\",\"name\":\"Visite priv\u00e9e \u00e0 pied de Bologne avec guide officiel priv\u00e9\",\"isPartOf\":{\"@id\":\"https:\/\/tourtravelandmore.com\/fr\/#website\"},\"primaryImageOfPage\":{\"@id\":\"https:\/\/tourtravelandmore.com\/fr\/tours\/italie-fr\/bologna-fr\/visite-a-pied-de-bologne-visite-privee-de-2-heures\/#primaryimage\"},\"image\":{\"@id\":\"https:\/\/tourtravelandmore.com\/fr\/tours\/italie-fr\/bologna-fr\/visite-a-pied-de-bologne-visite-privee-de-2-heures\/#primaryimage\"},\"thumbnailUrl\":\"https:\/\/tourtravelandmore.com\/wp-content\/uploads\/2018\/04\/bologna-1-1.jpg\",\"datePublished\":\"2018-04-05T13:24:10+00:00\",\"description\":\"Profitez de cette visite \u00e0 pied unique de Bologne et admirez sa superbe architecture et ses magnifiques sites avec votre propre guide officiel priv\u00e9.\",\"breadcrumb\":{\"@id\":\"https:\/\/tourtravelandmore.com\/fr\/tours\/italie-fr\/bologna-fr\/visite-a-pied-de-bologne-visite-privee-de-2-heures\/#breadcrumb\"},\"inLanguage\":\"fr-FR\",\"potentialAction\":[{\"@type\":\"ReadAction\",\"target\":[\"https:\/\/tourtravelandmore.com\/fr\/tours\/italie-fr\/bologna-fr\/visite-a-pied-de-bologne-visite-privee-de-2-heures\/\"]}]},{\"@type\":\"ImageObject\",\"inLanguage\":\"fr-FR\",\"@id\":\"https:\/\/tourtravelandmore.com\/fr\/tours\/italie-fr\/bologna-fr\/visite-a-pied-de-bologne-visite-privee-de-2-heures\/#primaryimage\",\"url\":\"https:\/\/tourtravelandmore.com\/wp-content\/uploads\/2018\/04\/bologna-1-1.jpg\",\"contentUrl\":\"https:\/\/tourtravelandmore.com\/wp-content\/uploads\/2018\/04\/bologna-1-1.jpg\",\"width\":2048,\"height\":1536},{\"@type\":\"BreadcrumbList\",\"@id\":\"https:\/\/tourtravelandmore.com\/fr\/tours\/italie-fr\/bologna-fr\/visite-a-pied-de-bologne-visite-privee-de-2-heures\/#breadcrumb\",\"itemListElement\":[{\"@type\":\"ListItem\",\"position\":1,\"name\":\"Home\",\"item\":\"https:\/\/tourtravelandmore.com\/fr\/\"},{\"@type\":\"ListItem\",\"position\":2,\"name\":\"Tours\",\"item\":\"https:\/\/tourtravelandmore.com\/fr\/tours\/\"},{\"@type\":\"ListItem\",\"position\":3,\"name\":\"Visite \u00e0 pied de Bologne &#8211; Visite priv\u00e9e de 2 heures\"}]},{\"@type\":\"WebSite\",\"@id\":\"https:\/\/tourtravelandmore.com\/fr\/#website\",\"url\":\"https:\/\/tourtravelandmore.com\/fr\/\",\"name\":\"Tour Travel And More\",\"description\":\"Private sightseeing tours and luxury transfers in Spain\",\"publisher\":{\"@id\":\"https:\/\/tourtravelandmore.com\/fr\/#organization\"},\"potentialAction\":[{\"@type\":\"SearchAction\",\"target\":{\"@type\":\"EntryPoint\",\"urlTemplate\":\"https:\/\/tourtravelandmore.com\/fr\/?s={search_term_string}\"},\"query-input\":{\"@type\":\"PropertyValueSpecification\",\"valueRequired\":true,\"valueName\":\"search_term_string\"}}],\"inLanguage\":\"fr-FR\"},{\"@type\":\"Organization\",\"@id\":\"https:\/\/tourtravelandmore.com\/fr\/#organization\",\"name\":\"Tour Travel And More\",\"url\":\"https:\/\/tourtravelandmore.com\/fr\/\",\"logo\":{\"@type\":\"ImageObject\",\"inLanguage\":\"fr-FR\",\"@id\":\"https:\/\/tourtravelandmore.com\/fr\/#\/schema\/logo\/image\/\",\"url\":\"https:\/\/tourtravelandmore.com\/wp-content\/uploads\/2022\/12\/cropped-logo-cabecera-new.png\",\"contentUrl\":\"https:\/\/tourtravelandmore.com\/wp-content\/uploads\/2022\/12\/cropped-logo-cabecera-new.png\",\"width\":430,\"height\":61,\"caption\":\"Tour Travel And More\"},\"image\":{\"@id\":\"https:\/\/tourtravelandmore.com\/fr\/#\/schema\/logo\/image\/\"},\"sameAs\":[\"https:\/\/www.facebook.com\/tourtravelandmore\/\",\"https:\/\/x.com\/TourTravel_More\"]}]}<\/script>\n<!-- \/ Yoast SEO Premium plugin. -->","yoast_head_json":{"title":"Visite priv\u00e9e \u00e0 pied de Bologne avec guide officiel priv\u00e9","description":"Profitez de cette visite \u00e0 pied unique de Bologne et admirez sa superbe architecture et ses magnifiques sites avec votre propre guide officiel priv\u00e9.","robots":{"index":"index","follow":"follow","max-snippet":"max-snippet:-1","max-image-preview":"max-image-preview:large","max-video-preview":"max-video-preview:-1"},"canonical":"https:\/\/tourtravelandmore.com\/fr\/tours\/italie-fr\/bologna-fr\/visite-a-pied-de-bologne-visite-privee-de-2-heures\/","og_locale":"fr_FR","og_type":"article","og_title":"Visite \u00e0 pied de Bologne - Visite priv\u00e9e de 2 heures","og_description":"Profitez de cette visite \u00e0 pied unique de Bologne et admirez sa superbe architecture et ses magnifiques sites avec votre propre guide officiel priv\u00e9.","og_url":"https:\/\/tourtravelandmore.com\/fr\/tours\/italie-fr\/bologna-fr\/visite-a-pied-de-bologne-visite-privee-de-2-heures\/","og_site_name":"Tour Travel And More","article_publisher":"https:\/\/www.facebook.com\/tourtravelandmore\/","og_image":[{"width":2048,"height":1536,"url":"https:\/\/tourtravelandmore.com\/wp-content\/uploads\/2018\/04\/bologna-1-1.jpg","type":"image\/jpeg"}],"twitter_card":"summary_large_image","twitter_site":"@TourTravel_More","twitter_misc":{"Dur\u00e9e de lecture estim\u00e9e":"2 minutes"},"schema":{"@context":"https:\/\/schema.org","@graph":[{"@type":"WebPage","@id":"https:\/\/tourtravelandmore.com\/fr\/tours\/italie-fr\/bologna-fr\/visite-a-pied-de-bologne-visite-privee-de-2-heures\/","url":"https:\/\/tourtravelandmore.com\/fr\/tours\/italie-fr\/bologna-fr\/visite-a-pied-de-bologne-visite-privee-de-2-heures\/","name":"Visite priv\u00e9e \u00e0 pied de Bologne avec guide officiel priv\u00e9","isPartOf":{"@id":"https:\/\/tourtravelandmore.com\/fr\/#website"},"primaryImageOfPage":{"@id":"https:\/\/tourtravelandmore.com\/fr\/tours\/italie-fr\/bologna-fr\/visite-a-pied-de-bologne-visite-privee-de-2-heures\/#primaryimage"},"image":{"@id":"https:\/\/tourtravelandmore.com\/fr\/tours\/italie-fr\/bologna-fr\/visite-a-pied-de-bologne-visite-privee-de-2-heures\/#primaryimage"},"thumbnailUrl":"https:\/\/tourtravelandmore.com\/wp-content\/uploads\/2018\/04\/bologna-1-1.jpg","datePublished":"2018-04-05T13:24:10+00:00","description":"Profitez de cette visite \u00e0 pied unique de Bologne et admirez sa superbe architecture et ses magnifiques sites avec votre propre guide officiel priv\u00e9.","breadcrumb":{"@id":"https:\/\/tourtravelandmore.com\/fr\/tours\/italie-fr\/bologna-fr\/visite-a-pied-de-bologne-visite-privee-de-2-heures\/#breadcrumb"},"inLanguage":"fr-FR","potentialAction":[{"@type":"ReadAction","target":["https:\/\/tourtravelandmore.com\/fr\/tours\/italie-fr\/bologna-fr\/visite-a-pied-de-bologne-visite-privee-de-2-heures\/"]}]},{"@type":"ImageObject","inLanguage":"fr-FR","@id":"https:\/\/tourtravelandmore.com\/fr\/tours\/italie-fr\/bologna-fr\/visite-a-pied-de-bologne-visite-privee-de-2-heures\/#primaryimage","url":"https:\/\/tourtravelandmore.com\/wp-content\/uploads\/2018\/04\/bologna-1-1.jpg","contentUrl":"https:\/\/tourtravelandmore.com\/wp-content\/uploads\/2018\/04\/bologna-1-1.jpg","width":2048,"height":1536},{"@type":"BreadcrumbList","@id":"https:\/\/tourtravelandmore.com\/fr\/tours\/italie-fr\/bologna-fr\/visite-a-pied-de-bologne-visite-privee-de-2-heures\/#breadcrumb","itemListElement":[{"@type":"ListItem","position":1,"name":"Home","item":"https:\/\/tourtravelandmore.com\/fr\/"},{"@type":"ListItem","position":2,"name":"Tours","item":"https:\/\/tourtravelandmore.com\/fr\/tours\/"},{"@type":"ListItem","position":3,"name":"Visite \u00e0 pied de Bologne &#8211; Visite priv\u00e9e de 2 heures"}]},{"@type":"WebSite","@id":"https:\/\/tourtravelandmore.com\/fr\/#website","url":"https:\/\/tourtravelandmore.com\/fr\/","name":"Tour Travel And More","description":"Private sightseeing tours and luxury transfers in Spain","publisher":{"@id":"https:\/\/tourtravelandmore.com\/fr\/#organization"},"potentialAction":[{"@type":"SearchAction","target":{"@type":"EntryPoint","urlTemplate":"https:\/\/tourtravelandmore.com\/fr\/?s={search_term_string}"},"query-input":{"@type":"PropertyValueSpecification","valueRequired":true,"valueName":"search_term_string"}}],"inLanguage":"fr-FR"},{"@type":"Organization","@id":"https:\/\/tourtravelandmore.com\/fr\/#organization","name":"Tour Travel And More","url":"https:\/\/tourtravelandmore.com\/fr\/","logo":{"@type":"ImageObject","inLanguage":"fr-FR","@id":"https:\/\/tourtravelandmore.com\/fr\/#\/schema\/logo\/image\/","url":"https:\/\/tourtravelandmore.com\/wp-content\/uploads\/2022\/12\/cropped-logo-cabecera-new.png","contentUrl":"https:\/\/tourtravelandmore.com\/wp-content\/uploads\/2022\/12\/cropped-logo-cabecera-new.png","width":430,"height":61,"caption":"Tour Travel And More"},"image":{"@id":"https:\/\/tourtravelandmore.com\/fr\/#\/schema\/logo\/image\/"},"sameAs":["https:\/\/www.facebook.com\/tourtravelandmore\/","https:\/\/x.com\/TourTravel_More"]}]}},"_links":{"self":[{"href":"https:\/\/tourtravelandmore.com\/fr\/wp-json\/wp\/v2\/product\/100437","targetHints":{"allow":["GET"]}}],"collection":[{"href":"https:\/\/tourtravelandmore.com\/fr\/wp-json\/wp\/v2\/product"}],"about":[{"href":"https:\/\/tourtravelandmore.com\/fr\/wp-json\/wp\/v2\/types\/product"}],"replies":[{"embeddable":true,"href":"https:\/\/tourtravelandmore.com\/fr\/wp-json\/wp\/v2\/comments?post=100437"}],"wp:featuredmedia":[{"embeddable":true,"href":"https:\/\/tourtravelandmore.com\/fr\/wp-json\/wp\/v2\/media\/97790"}],"wp:attachment":[{"href":"https:\/\/tourtravelandmore.com\/fr\/wp-json\/wp\/v2\/media?parent=100437"}],"wp:term":[{"taxonomy":"product_brand","embeddable":true,"href":"https:\/\/tourtravelandmore.com\/fr\/wp-json\/wp\/v2\/product_brand?post=100437"},{"taxonomy":"product_cat","embeddable":true,"href":"https:\/\/tourtravelandmore.com\/fr\/wp-json\/wp\/v2\/product_cat?post=100437"},{"taxonomy":"product_tag","embeddable":true,"href":"https:\/\/tourtravelandmore.com\/fr\/wp-json\/wp\/v2\/product_tag?post=100437"}],"curies":[{"name":"wp","href":"https:\/\/api.w.org\/{rel}","templated":true}]}}