{"id":100422,"date":"2016-07-12T21:24:51","date_gmt":"2016-07-12T19:24:51","guid":{"rendered":"https:\/\/tourtravelandmore.com\/tours\/non%20class\u00e9\/visite-privee-a-pied-de-saint-sebastien\/"},"modified":"2024-03-15T19:32:49","modified_gmt":"2024-03-15T18:32:49","slug":"visite-privee-a-pied-de-saint-sebastien","status":"publish","type":"product","link":"https:\/\/tourtravelandmore.com\/fr\/tours\/espagne-fr\/san-sebastian-fr\/toutes-les-visites-et-activites-privees-fr-7\/visite-privee-a-pied-de-saint-sebastien\/","title":{"rendered":"Visite priv\u00e9e \u00e0 pied de Saint-S\u00e9bastien avec Mont Igueldo"},"content":{"rendered":"<h2>Description de la visite<\/h2>\n<p>Embarquez pour un voyage inoubliable \u00e0 travers les rues charmantes de Saint-S\u00e9bastien gr\u00e2ce \u00e0 notre visite priv\u00e9e exclusive de Saint-S\u00e9bastien. Accompagn\u00e9 d&#8217;un guide expert, plongez dans la riche culture, l&#8217;histoire et la beaut\u00e9 de ce joyau basque.<\/p>\n<p>Votre exploration commence \u00e0 un point de rencontre central \u00e0 Saint-S\u00e9bastien. Lorsque vous rencontrerez votre guide priv\u00e9, pr\u00e9parez-vous \u00e0 plonger au c\u0153ur des sites les plus embl\u00e9matiques de Saint-S\u00e9bastien. Votre guide vous racontera des histoires et des anecdotes captivantes, faisant revivre l&#8217;histoire de Saint-S\u00e9bastien sous vos yeux.<\/p>\n<p>En fl\u00e2nant dans les rues pittoresques de la vieille ville, vous d\u00e9couvrirez des places cach\u00e9es, de charmantes boutiques et des bars \u00e0 pintxos traditionnels, o\u00f9 vous pourrez go\u00fbter aux d\u00e9lices culinaires de la ville. Votre guide vous recommandera les meilleures sp\u00e9cialit\u00e9s locales et vous donnera des conseils pratiques.<\/p>\n<h2>Points d&#8217;int\u00e9r\u00eat : Visite priv\u00e9e \u00e0 pied de Saint-S\u00e9bastien<\/h2>\n<p>Avec notre visite priv\u00e9e \u00e0 pied de Saint-S\u00e9bastien, vous aurez l&#8217;occasion de d\u00e9couvrir l&#8217;une des plus belles villes d&#8217;Espagne. Votre guide priv\u00e9 adaptera l&#8217;itin\u00e9raire \u00e0 vos int\u00e9r\u00eats, en s&#8217;assurant que vous ne manquiez pas les joyaux cach\u00e9s ou les attractions \u00e0 ne pas manquer le long du chemin.<\/p>\n<p>Admirez la beaut\u00e9 \u00e9poustouflante de l&#8217;une des plages urbaines les plus c\u00e9l\u00e8bres d&#8217;Europe, La Concha. D\u00e9couvrez son histoire et son importance pour les habitants en vous promenant le long de ses rives immacul\u00e9es. Remontez ensuite le temps en fl\u00e2nant dans les rues \u00e9troites de la charmante vieille ville de Saint-S\u00e9bastien. D\u00e9couvrez des joyaux cach\u00e9s, des bars \u00e0 pintxos traditionnels et une architecture vieille de plusieurs si\u00e8cles. Admirez l&#8217;architecture impressionnante de la cath\u00e9drale du Bon Pasteur, symbole de la foi et de l&#8217;h\u00e9ritage de Saint-S\u00e9bastien. Votre guide vous expliquera sa construction et sa signification.<\/p>\n<p>D\u00e9couvrez la beaut\u00e9 puissante de la sculpture embl\u00e9matique d&#8217;Eduardo Chillida, El Peine del Viento, avec la mer Cantabrique en toile de fond. \u00c9coutez l&#8217;histoire de cette \u0153uvre d&#8217;art captivante. Explorez le charme romantique du centre-ville de Saint-S\u00e9bastien, avec son architecture \u00e9l\u00e9gante, ses places anim\u00e9es et ses caf\u00e9s pittoresques. D\u00e9couvrez pourquoi cette r\u00e9gion a conquis le c\u0153ur des visiteurs depuis des si\u00e8cles.<\/p>\n<p>Grimpez \u00e9galement au sommet du mont Igueldo pour b\u00e9n\u00e9ficier d&#8217;une vue panoramique sur Saint-S\u00e9bastien et son littoral pittoresque. D\u00e9couvrez l&#8217;importance strat\u00e9gique de la montagne au cours de l&#8217;histoire et profitez d&#8217;un moment de tranquillit\u00e9 au c\u0153ur de la nature. La mont\u00e9e et la descente en taxi jusqu&#8217;au funiculaire pour acc\u00e9der \u00e0 la montagne sont incluses dans le prix final.<\/p>\n<p>\u00c0 la fin de l&#8217;excursion, vous retournerez au centre de Saint-S\u00e9bastien en vous rem\u00e9morant les souvenirs inoubliables de votre d\u00e9couverte unique de Saint-S\u00e9bastien.<\/p>\n","protected":false},"excerpt":{"rendered":"<p><span style=\"font-weight: 400;\">Plongez dans la beaut\u00e9 et la culture de San Sebasti\u00e1n gr\u00e2ce \u00e0 notre visite priv\u00e9e exclusive de d\u00e9couverte de la ville. D\u00e9couvrez des sites historiques, des rues charmantes et des vues panoramiques, guid\u00e9s par des experts comp\u00e9tents \u00e0 chaque \u00e9tape.<\/span><\/p>\n","protected":false},"featured_media":94213,"comment_status":"open","ping_status":"closed","template":"","meta":{"_acf_changed":false},"product_brand":[],"product_cat":[5084,5088,3647],"product_tag":[],"class_list":{"0":"post-100422","1":"product","2":"type-product","3":"status-publish","4":"has-post-thumbnail","6":"product_cat-toutes-les-visites-et-activites-privees-fr-7","7":"product_cat-visites-a-pied-privees-fr-10","8":"product_cat-san-sebastian-fr","10":"first","11":"instock","12":"shipping-taxable","13":"purchasable","14":"product-type-simple"},"acf":[],"yoast_head":"<!-- This site is optimized with the Yoast SEO Premium plugin v25.3.1 (Yoast SEO v25.3.1) - https:\/\/yoast.com\/wordpress\/plugins\/seo\/ -->\n<title>\u27a1\ufe0f D\u00e9couvrez les tr\u00e9sors cach\u00e9s de Saint-S\u00e9bastien : Private Walking Tour | Tour Travel &amp; More<\/title>\n<meta name=\"description\" content=\"D\u00e9couvrez le charme de San Sebasti\u00e1n gr\u00e2ce \u00e0 notre circuit p\u00e9destre priv\u00e9 exclusif de d\u00e9couverte de San Sebasti\u00e1n \u2705\" \/>\n<meta name=\"robots\" content=\"index, follow, max-snippet:-1, max-image-preview:large, max-video-preview:-1\" \/>\n<link rel=\"canonical\" href=\"https:\/\/tourtravelandmore.com\/fr\/tours\/espagne-fr\/san-sebastian-fr\/toutes-les-visites-et-activites-privees-fr-7\/visite-privee-a-pied-de-saint-sebastien\/\" \/>\n<meta property=\"og:locale\" content=\"fr_FR\" \/>\n<meta property=\"og:type\" content=\"article\" \/>\n<meta property=\"og:title\" content=\"Visite priv\u00e9e \u00e0 pied de Saint-S\u00e9bastien avec Mont Igueldo\" \/>\n<meta property=\"og:description\" content=\"D\u00e9couvrez le charme de San Sebasti\u00e1n gr\u00e2ce \u00e0 notre circuit p\u00e9destre priv\u00e9 exclusif de d\u00e9couverte de San Sebasti\u00e1n \u2705\" \/>\n<meta property=\"og:url\" content=\"https:\/\/tourtravelandmore.com\/fr\/tours\/espagne-fr\/san-sebastian-fr\/toutes-les-visites-et-activites-privees-fr-7\/visite-privee-a-pied-de-saint-sebastien\/\" \/>\n<meta property=\"og:site_name\" content=\"Tour Travel And More\" \/>\n<meta property=\"article:publisher\" content=\"https:\/\/www.facebook.com\/tourtravelandmore\/\" \/>\n<meta property=\"article:modified_time\" content=\"2024-03-15T18:32:49+00:00\" \/>\n<meta property=\"og:image\" content=\"https:\/\/tourtravelandmore.com\/wp-content\/uploads\/2016\/07\/filename-dsc07299-jpg.jpg\" \/>\n\t<meta property=\"og:image:width\" content=\"550\" \/>\n\t<meta property=\"og:image:height\" content=\"340\" \/>\n\t<meta property=\"og:image:type\" content=\"image\/jpeg\" \/>\n<meta name=\"twitter:card\" content=\"summary_large_image\" \/>\n<meta name=\"twitter:site\" content=\"@TourTravel_More\" \/>\n<meta name=\"twitter:label1\" content=\"Dur\u00e9e de lecture estim\u00e9e\" \/>\n\t<meta name=\"twitter:data1\" content=\"3 minutes\" \/>\n<script type=\"application\/ld+json\" class=\"yoast-schema-graph\">{\"@context\":\"https:\/\/schema.org\",\"@graph\":[{\"@type\":\"WebPage\",\"@id\":\"https:\/\/tourtravelandmore.com\/fr\/tours\/espagne-fr\/san-sebastian-fr\/toutes-les-visites-et-activites-privees-fr-7\/visite-privee-a-pied-de-saint-sebastien\/\",\"url\":\"https:\/\/tourtravelandmore.com\/fr\/tours\/espagne-fr\/san-sebastian-fr\/toutes-les-visites-et-activites-privees-fr-7\/visite-privee-a-pied-de-saint-sebastien\/\",\"name\":\"\u27a1\ufe0f D\u00e9couvrez les tr\u00e9sors cach\u00e9s de Saint-S\u00e9bastien : Private Walking Tour | Tour Travel & More\",\"isPartOf\":{\"@id\":\"https:\/\/tourtravelandmore.com\/fr\/#website\"},\"primaryImageOfPage\":{\"@id\":\"https:\/\/tourtravelandmore.com\/fr\/tours\/espagne-fr\/san-sebastian-fr\/toutes-les-visites-et-activites-privees-fr-7\/visite-privee-a-pied-de-saint-sebastien\/#primaryimage\"},\"image\":{\"@id\":\"https:\/\/tourtravelandmore.com\/fr\/tours\/espagne-fr\/san-sebastian-fr\/toutes-les-visites-et-activites-privees-fr-7\/visite-privee-a-pied-de-saint-sebastien\/#primaryimage\"},\"thumbnailUrl\":\"https:\/\/tourtravelandmore.com\/wp-content\/uploads\/2016\/07\/filename-dsc07299-jpg.jpg\",\"datePublished\":\"2016-07-12T19:24:51+00:00\",\"dateModified\":\"2024-03-15T18:32:49+00:00\",\"description\":\"D\u00e9couvrez le charme de San Sebasti\u00e1n gr\u00e2ce \u00e0 notre circuit p\u00e9destre priv\u00e9 exclusif de d\u00e9couverte de San Sebasti\u00e1n \u2705\",\"breadcrumb\":{\"@id\":\"https:\/\/tourtravelandmore.com\/fr\/tours\/espagne-fr\/san-sebastian-fr\/toutes-les-visites-et-activites-privees-fr-7\/visite-privee-a-pied-de-saint-sebastien\/#breadcrumb\"},\"inLanguage\":\"fr-FR\",\"potentialAction\":[{\"@type\":\"ReadAction\",\"target\":[\"https:\/\/tourtravelandmore.com\/fr\/tours\/espagne-fr\/san-sebastian-fr\/toutes-les-visites-et-activites-privees-fr-7\/visite-privee-a-pied-de-saint-sebastien\/\"]}]},{\"@type\":\"ImageObject\",\"inLanguage\":\"fr-FR\",\"@id\":\"https:\/\/tourtravelandmore.com\/fr\/tours\/espagne-fr\/san-sebastian-fr\/toutes-les-visites-et-activites-privees-fr-7\/visite-privee-a-pied-de-saint-sebastien\/#primaryimage\",\"url\":\"https:\/\/tourtravelandmore.com\/wp-content\/uploads\/2016\/07\/filename-dsc07299-jpg.jpg\",\"contentUrl\":\"https:\/\/tourtravelandmore.com\/wp-content\/uploads\/2016\/07\/filename-dsc07299-jpg.jpg\",\"width\":550,\"height\":340},{\"@type\":\"BreadcrumbList\",\"@id\":\"https:\/\/tourtravelandmore.com\/fr\/tours\/espagne-fr\/san-sebastian-fr\/toutes-les-visites-et-activites-privees-fr-7\/visite-privee-a-pied-de-saint-sebastien\/#breadcrumb\",\"itemListElement\":[{\"@type\":\"ListItem\",\"position\":1,\"name\":\"Home\",\"item\":\"https:\/\/tourtravelandmore.com\/fr\/\"},{\"@type\":\"ListItem\",\"position\":2,\"name\":\"Tours\",\"item\":\"https:\/\/tourtravelandmore.com\/fr\/tours\/\"},{\"@type\":\"ListItem\",\"position\":3,\"name\":\"Visite priv\u00e9e \u00e0 pied de Saint-S\u00e9bastien avec Mont Igueldo\"}]},{\"@type\":\"WebSite\",\"@id\":\"https:\/\/tourtravelandmore.com\/fr\/#website\",\"url\":\"https:\/\/tourtravelandmore.com\/fr\/\",\"name\":\"Tour Travel And More\",\"description\":\"Private sightseeing tours and luxury transfers in Spain\",\"publisher\":{\"@id\":\"https:\/\/tourtravelandmore.com\/fr\/#organization\"},\"potentialAction\":[{\"@type\":\"SearchAction\",\"target\":{\"@type\":\"EntryPoint\",\"urlTemplate\":\"https:\/\/tourtravelandmore.com\/fr\/?s={search_term_string}\"},\"query-input\":{\"@type\":\"PropertyValueSpecification\",\"valueRequired\":true,\"valueName\":\"search_term_string\"}}],\"inLanguage\":\"fr-FR\"},{\"@type\":\"Organization\",\"@id\":\"https:\/\/tourtravelandmore.com\/fr\/#organization\",\"name\":\"Tour Travel And More\",\"url\":\"https:\/\/tourtravelandmore.com\/fr\/\",\"logo\":{\"@type\":\"ImageObject\",\"inLanguage\":\"fr-FR\",\"@id\":\"https:\/\/tourtravelandmore.com\/fr\/#\/schema\/logo\/image\/\",\"url\":\"https:\/\/tourtravelandmore.com\/wp-content\/uploads\/2022\/12\/cropped-logo-cabecera-new.png\",\"contentUrl\":\"https:\/\/tourtravelandmore.com\/wp-content\/uploads\/2022\/12\/cropped-logo-cabecera-new.png\",\"width\":430,\"height\":61,\"caption\":\"Tour Travel And More\"},\"image\":{\"@id\":\"https:\/\/tourtravelandmore.com\/fr\/#\/schema\/logo\/image\/\"},\"sameAs\":[\"https:\/\/www.facebook.com\/tourtravelandmore\/\",\"https:\/\/x.com\/TourTravel_More\"]}]}<\/script>\n<!-- \/ Yoast SEO Premium plugin. -->","yoast_head_json":{"title":"\u27a1\ufe0f D\u00e9couvrez les tr\u00e9sors cach\u00e9s de Saint-S\u00e9bastien : Private Walking Tour | Tour Travel & More","description":"D\u00e9couvrez le charme de San Sebasti\u00e1n gr\u00e2ce \u00e0 notre circuit p\u00e9destre priv\u00e9 exclusif de d\u00e9couverte de San Sebasti\u00e1n \u2705","robots":{"index":"index","follow":"follow","max-snippet":"max-snippet:-1","max-image-preview":"max-image-preview:large","max-video-preview":"max-video-preview:-1"},"canonical":"https:\/\/tourtravelandmore.com\/fr\/tours\/espagne-fr\/san-sebastian-fr\/toutes-les-visites-et-activites-privees-fr-7\/visite-privee-a-pied-de-saint-sebastien\/","og_locale":"fr_FR","og_type":"article","og_title":"Visite priv\u00e9e \u00e0 pied de Saint-S\u00e9bastien avec Mont Igueldo","og_description":"D\u00e9couvrez le charme de San Sebasti\u00e1n gr\u00e2ce \u00e0 notre circuit p\u00e9destre priv\u00e9 exclusif de d\u00e9couverte de San Sebasti\u00e1n \u2705","og_url":"https:\/\/tourtravelandmore.com\/fr\/tours\/espagne-fr\/san-sebastian-fr\/toutes-les-visites-et-activites-privees-fr-7\/visite-privee-a-pied-de-saint-sebastien\/","og_site_name":"Tour Travel And More","article_publisher":"https:\/\/www.facebook.com\/tourtravelandmore\/","article_modified_time":"2024-03-15T18:32:49+00:00","og_image":[{"width":550,"height":340,"url":"https:\/\/tourtravelandmore.com\/wp-content\/uploads\/2016\/07\/filename-dsc07299-jpg.jpg","type":"image\/jpeg"}],"twitter_card":"summary_large_image","twitter_site":"@TourTravel_More","twitter_misc":{"Dur\u00e9e de lecture estim\u00e9e":"3 minutes"},"schema":{"@context":"https:\/\/schema.org","@graph":[{"@type":"WebPage","@id":"https:\/\/tourtravelandmore.com\/fr\/tours\/espagne-fr\/san-sebastian-fr\/toutes-les-visites-et-activites-privees-fr-7\/visite-privee-a-pied-de-saint-sebastien\/","url":"https:\/\/tourtravelandmore.com\/fr\/tours\/espagne-fr\/san-sebastian-fr\/toutes-les-visites-et-activites-privees-fr-7\/visite-privee-a-pied-de-saint-sebastien\/","name":"\u27a1\ufe0f D\u00e9couvrez les tr\u00e9sors cach\u00e9s de Saint-S\u00e9bastien : Private Walking Tour | Tour Travel & More","isPartOf":{"@id":"https:\/\/tourtravelandmore.com\/fr\/#website"},"primaryImageOfPage":{"@id":"https:\/\/tourtravelandmore.com\/fr\/tours\/espagne-fr\/san-sebastian-fr\/toutes-les-visites-et-activites-privees-fr-7\/visite-privee-a-pied-de-saint-sebastien\/#primaryimage"},"image":{"@id":"https:\/\/tourtravelandmore.com\/fr\/tours\/espagne-fr\/san-sebastian-fr\/toutes-les-visites-et-activites-privees-fr-7\/visite-privee-a-pied-de-saint-sebastien\/#primaryimage"},"thumbnailUrl":"https:\/\/tourtravelandmore.com\/wp-content\/uploads\/2016\/07\/filename-dsc07299-jpg.jpg","datePublished":"2016-07-12T19:24:51+00:00","dateModified":"2024-03-15T18:32:49+00:00","description":"D\u00e9couvrez le charme de San Sebasti\u00e1n gr\u00e2ce \u00e0 notre circuit p\u00e9destre priv\u00e9 exclusif de d\u00e9couverte de San Sebasti\u00e1n \u2705","breadcrumb":{"@id":"https:\/\/tourtravelandmore.com\/fr\/tours\/espagne-fr\/san-sebastian-fr\/toutes-les-visites-et-activites-privees-fr-7\/visite-privee-a-pied-de-saint-sebastien\/#breadcrumb"},"inLanguage":"fr-FR","potentialAction":[{"@type":"ReadAction","target":["https:\/\/tourtravelandmore.com\/fr\/tours\/espagne-fr\/san-sebastian-fr\/toutes-les-visites-et-activites-privees-fr-7\/visite-privee-a-pied-de-saint-sebastien\/"]}]},{"@type":"ImageObject","inLanguage":"fr-FR","@id":"https:\/\/tourtravelandmore.com\/fr\/tours\/espagne-fr\/san-sebastian-fr\/toutes-les-visites-et-activites-privees-fr-7\/visite-privee-a-pied-de-saint-sebastien\/#primaryimage","url":"https:\/\/tourtravelandmore.com\/wp-content\/uploads\/2016\/07\/filename-dsc07299-jpg.jpg","contentUrl":"https:\/\/tourtravelandmore.com\/wp-content\/uploads\/2016\/07\/filename-dsc07299-jpg.jpg","width":550,"height":340},{"@type":"BreadcrumbList","@id":"https:\/\/tourtravelandmore.com\/fr\/tours\/espagne-fr\/san-sebastian-fr\/toutes-les-visites-et-activites-privees-fr-7\/visite-privee-a-pied-de-saint-sebastien\/#breadcrumb","itemListElement":[{"@type":"ListItem","position":1,"name":"Home","item":"https:\/\/tourtravelandmore.com\/fr\/"},{"@type":"ListItem","position":2,"name":"Tours","item":"https:\/\/tourtravelandmore.com\/fr\/tours\/"},{"@type":"ListItem","position":3,"name":"Visite priv\u00e9e \u00e0 pied de Saint-S\u00e9bastien avec Mont Igueldo"}]},{"@type":"WebSite","@id":"https:\/\/tourtravelandmore.com\/fr\/#website","url":"https:\/\/tourtravelandmore.com\/fr\/","name":"Tour Travel And More","description":"Private sightseeing tours and luxury transfers in Spain","publisher":{"@id":"https:\/\/tourtravelandmore.com\/fr\/#organization"},"potentialAction":[{"@type":"SearchAction","target":{"@type":"EntryPoint","urlTemplate":"https:\/\/tourtravelandmore.com\/fr\/?s={search_term_string}"},"query-input":{"@type":"PropertyValueSpecification","valueRequired":true,"valueName":"search_term_string"}}],"inLanguage":"fr-FR"},{"@type":"Organization","@id":"https:\/\/tourtravelandmore.com\/fr\/#organization","name":"Tour Travel And More","url":"https:\/\/tourtravelandmore.com\/fr\/","logo":{"@type":"ImageObject","inLanguage":"fr-FR","@id":"https:\/\/tourtravelandmore.com\/fr\/#\/schema\/logo\/image\/","url":"https:\/\/tourtravelandmore.com\/wp-content\/uploads\/2022\/12\/cropped-logo-cabecera-new.png","contentUrl":"https:\/\/tourtravelandmore.com\/wp-content\/uploads\/2022\/12\/cropped-logo-cabecera-new.png","width":430,"height":61,"caption":"Tour Travel And More"},"image":{"@id":"https:\/\/tourtravelandmore.com\/fr\/#\/schema\/logo\/image\/"},"sameAs":["https:\/\/www.facebook.com\/tourtravelandmore\/","https:\/\/x.com\/TourTravel_More"]}]}},"_links":{"self":[{"href":"https:\/\/tourtravelandmore.com\/fr\/wp-json\/wp\/v2\/product\/100422","targetHints":{"allow":["GET"]}}],"collection":[{"href":"https:\/\/tourtravelandmore.com\/fr\/wp-json\/wp\/v2\/product"}],"about":[{"href":"https:\/\/tourtravelandmore.com\/fr\/wp-json\/wp\/v2\/types\/product"}],"replies":[{"embeddable":true,"href":"https:\/\/tourtravelandmore.com\/fr\/wp-json\/wp\/v2\/comments?post=100422"}],"wp:featuredmedia":[{"embeddable":true,"href":"https:\/\/tourtravelandmore.com\/fr\/wp-json\/wp\/v2\/media\/94213"}],"wp:attachment":[{"href":"https:\/\/tourtravelandmore.com\/fr\/wp-json\/wp\/v2\/media?parent=100422"}],"wp:term":[{"taxonomy":"product_brand","embeddable":true,"href":"https:\/\/tourtravelandmore.com\/fr\/wp-json\/wp\/v2\/product_brand?post=100422"},{"taxonomy":"product_cat","embeddable":true,"href":"https:\/\/tourtravelandmore.com\/fr\/wp-json\/wp\/v2\/product_cat?post=100422"},{"taxonomy":"product_tag","embeddable":true,"href":"https:\/\/tourtravelandmore.com\/fr\/wp-json\/wp\/v2\/product_tag?post=100422"}],"curies":[{"name":"wp","href":"https:\/\/api.w.org\/{rel}","templated":true}]}}