{"id":100417,"date":"2016-07-12T21:19:59","date_gmt":"2016-07-12T19:19:59","guid":{"rendered":"https:\/\/tourtravelandmore.com\/tours\/non%20class\u00e9\/visite-privee-des-pintxos-a-saint-sebastien\/"},"modified":"2024-03-12T19:20:03","modified_gmt":"2024-03-12T18:20:03","slug":"visite-privee-des-pintxos-a-saint-sebastien","status":"publish","type":"product","link":"https:\/\/tourtravelandmore.com\/fr\/tours\/espagne-fr\/san-sebastian-fr\/toutes-les-visites-et-activites-privees-fr-7\/visite-privee-des-pintxos-a-saint-sebastien\/","title":{"rendered":"Visite priv\u00e9e des pintxos \u00e0 Saint-S\u00e9bastien"},"content":{"rendered":"<h2>Tour priv\u00e9 de Pintxos \u00e0 Saint-S\u00e9bastien Description<\/h2>\n<p>Embarquez pour une aventure \u00e9picurienne avec la visite priv\u00e9e des pintxos \u00e0 Saint-S\u00e9bastien. Ce voyage culinaire, men\u00e9 par un guide local expert, vous emm\u00e8nera au c\u0153ur de la c\u00e9l\u00e8bre culture des pintxos de Saint-S\u00e9bastien. Partant d&#8217;un point central ou de votre h\u00f4tel, cette visite est enti\u00e8rement personnalisable pour r\u00e9pondre \u00e0 vos int\u00e9r\u00eats gastronomiques. Plongez dans la sc\u00e8ne gastronomique anim\u00e9e de Saint-S\u00e9bastien. Cette ville est c\u00e9l\u00e8bre non seulement pour ses restaurants \u00e9toil\u00e9s au Michelin, mais aussi pour sa vari\u00e9t\u00e9 de bars \u00e0 pintxos situ\u00e9s dans le centre historique.<\/p>\n<p>Vous aurez l&#8217;occasion de go\u00fbter \u00e0 une grande vari\u00e9t\u00e9 de pintxos, chacun offrant un aper\u00e7u unique de la cuisine basque. La visite est con\u00e7ue pour donner un aper\u00e7u approfondi de la sc\u00e8ne gastronomique locale.<\/p>\n<p>Profitez d&#8217;un voyage culinaire avec 3 pintxos et 3 tapas par personne dans un restaurant soigneusement s\u00e9lectionn\u00e9. Vous d\u00e9couvrirez les diff\u00e9rentes saveurs de la cuisine basque. Profitez de la compagnie d&#8217;un guide expert \u00e0 Saint-S\u00e9bastien pendant 3 heures. Votre guide priv\u00e9 vous d\u00e9posera \u00e0 un endroit central de Saint-S\u00e9bastien.<\/p>\n<h2>Points d&#8217;int\u00e9r\u00eat<\/h2>\n<p>Rejoignez-nous pour une aventure culinaire inoubliable qui allie saveurs, culture et hospitalit\u00e9, en pr\u00e9sentant le meilleur de la gastronomie de Saint-S\u00e9bastien. Au cours de cette inoubliable visite priv\u00e9e de Pintxos \u00e0 Saint-S\u00e9bastien, vous pourrez profiter des \u00e9l\u00e9ments suivants :<\/p>\n<p><strong>Une exp\u00e9rience locale authentique :<\/strong> plongez au c\u0153ur de la culture pintxo de Saint-S\u00e9bastien en visitant les bars pr\u00e9f\u00e9r\u00e9s des habitants. Vous aurez ainsi un aper\u00e7u authentique de la gastronomie et de la diversit\u00e9 culinaire de la ville.<\/p>\n<p><strong>Pintxos et tapas :<\/strong> un voyage culinaire avec 3 pintxos et 3 tapas par personne dans un restaurant s\u00e9lectionn\u00e9.<\/p>\n<p><strong>Immersion culturelle :<\/strong> plongez dans l&#8217;histoire et la culture de Saint-S\u00e9bastien en explorant sa sc\u00e8ne gastronomique dynamique, en d\u00e9couvrant les techniques culinaires traditionnelles et les ingr\u00e9dients locaux.<\/p>\n<p><strong>Exp\u00e9rience exclusive :<\/strong> cette visite priv\u00e9e garantit une attention personnalis\u00e9e et la possibilit\u00e9 d&#8217;adapter l&#8217;exp\u00e9rience \u00e0 vos pr\u00e9f\u00e9rences, ce qui la rend id\u00e9ale.<\/p>\n<p><strong>Des moments inoubliables :<\/strong> vous garderez des souvenirs inoubliables en d\u00e9gustant de d\u00e9licieux plats et en vous impr\u00e9gnant de l&#8217;atmosph\u00e8re anim\u00e9e des bars \u00e0 pintxos et des restaurants de Saint-S\u00e9bastien.<\/p>\n<p>Chez <strong>Tour Travel &amp; More,<\/strong> nous nous effor\u00e7ons de cr\u00e9er des exp\u00e9riences sur mesure pour r\u00e9pondre \u00e0 vos go\u00fbts uniques. D\u00e9couvrez notre large gamme de visites priv\u00e9es \u00e0 Saint-S\u00e9bastien, des visites \u00e0 pied immersives aux explorations compl\u00e8tes de la ville. En outre, nous proposons une vari\u00e9t\u00e9 d&#8217;exp\u00e9riences d&#8217;une journ\u00e9e sp\u00e9cialement con\u00e7ues pour les passionn\u00e9s d&#8217;aventures culinaires, garantissant un voyage personnalis\u00e9 \u00e0 travers le riche paysage gastronomique de Saint-S\u00e9bastien.<\/p>\n","protected":false},"excerpt":{"rendered":"<p><span style=\"font-weight: 400;\">Rejoignez-nous pour une visite priv\u00e9e des pintxos \u00e0 San Sebasti\u00e1n et d\u00e9couvrez le meilleur des traditions culinaires basques. Des plats classiques aux plats modernes, laissez-nous vous guider dans une exploration savoureuse de ce paradis pour les amateurs de cuisine.<\/span><\/p>\n","protected":false},"featured_media":95920,"comment_status":"open","ping_status":"closed","template":"","meta":{"_acf_changed":false},"product_brand":[],"product_cat":[5084,5088,3647],"product_tag":[],"class_list":{"0":"post-100417","1":"product","2":"type-product","3":"status-publish","4":"has-post-thumbnail","6":"product_cat-toutes-les-visites-et-activites-privees-fr-7","7":"product_cat-visites-a-pied-privees-fr-10","8":"product_cat-san-sebastian-fr","10":"first","11":"instock","12":"shipping-taxable","13":"purchasable","14":"product-type-simple"},"acf":[],"yoast_head":"<!-- This site is optimized with the Yoast SEO Premium plugin v25.3.1 (Yoast SEO v25.3.1) - https:\/\/yoast.com\/wordpress\/plugins\/seo\/ -->\n<title>\u27a1\ufe0f Tour priv\u00e9 de Pintxos \u00e0 San Sebasti\u00e1n | Tour Travel &amp; More<\/title>\n<meta name=\"description\" content=\"Plongez au c\u0153ur de la cuisine basque avec notre visite priv\u00e9e de Pintxos \u00e0 San Sebasti\u00e1n. Explorez des bars authentiques, savourez des saveurs vari\u00e9es et profitez d&#039;un voyage gastronomique personnalis\u00e9 avec un guide expert \u2705\" \/>\n<meta name=\"robots\" content=\"index, follow, max-snippet:-1, max-image-preview:large, max-video-preview:-1\" \/>\n<link rel=\"canonical\" href=\"https:\/\/tourtravelandmore.com\/fr\/tours\/espagne-fr\/san-sebastian-fr\/toutes-les-visites-et-activites-privees-fr-7\/visite-privee-des-pintxos-a-saint-sebastien\/\" \/>\n<meta property=\"og:locale\" content=\"fr_FR\" \/>\n<meta property=\"og:type\" content=\"article\" \/>\n<meta property=\"og:title\" content=\"Visite priv\u00e9e des pintxos \u00e0 Saint-S\u00e9bastien\" \/>\n<meta property=\"og:description\" content=\"Plongez au c\u0153ur de la cuisine basque avec notre visite priv\u00e9e de Pintxos \u00e0 San Sebasti\u00e1n. Explorez des bars authentiques, savourez des saveurs vari\u00e9es et profitez d&#039;un voyage gastronomique personnalis\u00e9 avec un guide expert \u2705\" \/>\n<meta property=\"og:url\" content=\"https:\/\/tourtravelandmore.com\/fr\/tours\/espagne-fr\/san-sebastian-fr\/toutes-les-visites-et-activites-privees-fr-7\/visite-privee-des-pintxos-a-saint-sebastien\/\" \/>\n<meta property=\"og:site_name\" content=\"Tour Travel And More\" \/>\n<meta property=\"article:publisher\" content=\"https:\/\/www.facebook.com\/tourtravelandmore\/\" \/>\n<meta property=\"article:modified_time\" content=\"2024-03-12T18:20:03+00:00\" \/>\n<meta property=\"og:image\" content=\"https:\/\/tourtravelandmore.com\/wp-content\/uploads\/2016\/07\/pintxos2.jpg\" \/>\n\t<meta property=\"og:image:width\" content=\"800\" \/>\n\t<meta property=\"og:image:height\" content=\"600\" \/>\n\t<meta property=\"og:image:type\" content=\"image\/jpeg\" \/>\n<meta name=\"twitter:card\" content=\"summary_large_image\" \/>\n<meta name=\"twitter:site\" content=\"@TourTravel_More\" \/>\n<meta name=\"twitter:label1\" content=\"Dur\u00e9e de lecture estim\u00e9e\" \/>\n\t<meta name=\"twitter:data1\" content=\"4 minutes\" \/>\n<script type=\"application\/ld+json\" class=\"yoast-schema-graph\">{\"@context\":\"https:\/\/schema.org\",\"@graph\":[{\"@type\":\"WebPage\",\"@id\":\"https:\/\/tourtravelandmore.com\/fr\/tours\/espagne-fr\/san-sebastian-fr\/toutes-les-visites-et-activites-privees-fr-7\/visite-privee-des-pintxos-a-saint-sebastien\/\",\"url\":\"https:\/\/tourtravelandmore.com\/fr\/tours\/espagne-fr\/san-sebastian-fr\/toutes-les-visites-et-activites-privees-fr-7\/visite-privee-des-pintxos-a-saint-sebastien\/\",\"name\":\"\u27a1\ufe0f Tour priv\u00e9 de Pintxos \u00e0 San Sebasti\u00e1n | Tour Travel & More\",\"isPartOf\":{\"@id\":\"https:\/\/tourtravelandmore.com\/fr\/#website\"},\"primaryImageOfPage\":{\"@id\":\"https:\/\/tourtravelandmore.com\/fr\/tours\/espagne-fr\/san-sebastian-fr\/toutes-les-visites-et-activites-privees-fr-7\/visite-privee-des-pintxos-a-saint-sebastien\/#primaryimage\"},\"image\":{\"@id\":\"https:\/\/tourtravelandmore.com\/fr\/tours\/espagne-fr\/san-sebastian-fr\/toutes-les-visites-et-activites-privees-fr-7\/visite-privee-des-pintxos-a-saint-sebastien\/#primaryimage\"},\"thumbnailUrl\":\"https:\/\/tourtravelandmore.com\/wp-content\/uploads\/2016\/07\/pintxos2.jpg\",\"datePublished\":\"2016-07-12T19:19:59+00:00\",\"dateModified\":\"2024-03-12T18:20:03+00:00\",\"description\":\"Plongez au c\u0153ur de la cuisine basque avec notre visite priv\u00e9e de Pintxos \u00e0 San Sebasti\u00e1n. Explorez des bars authentiques, savourez des saveurs vari\u00e9es et profitez d'un voyage gastronomique personnalis\u00e9 avec un guide expert \u2705\",\"breadcrumb\":{\"@id\":\"https:\/\/tourtravelandmore.com\/fr\/tours\/espagne-fr\/san-sebastian-fr\/toutes-les-visites-et-activites-privees-fr-7\/visite-privee-des-pintxos-a-saint-sebastien\/#breadcrumb\"},\"inLanguage\":\"fr-FR\",\"potentialAction\":[{\"@type\":\"ReadAction\",\"target\":[\"https:\/\/tourtravelandmore.com\/fr\/tours\/espagne-fr\/san-sebastian-fr\/toutes-les-visites-et-activites-privees-fr-7\/visite-privee-des-pintxos-a-saint-sebastien\/\"]}]},{\"@type\":\"ImageObject\",\"inLanguage\":\"fr-FR\",\"@id\":\"https:\/\/tourtravelandmore.com\/fr\/tours\/espagne-fr\/san-sebastian-fr\/toutes-les-visites-et-activites-privees-fr-7\/visite-privee-des-pintxos-a-saint-sebastien\/#primaryimage\",\"url\":\"https:\/\/tourtravelandmore.com\/wp-content\/uploads\/2016\/07\/pintxos2.jpg\",\"contentUrl\":\"https:\/\/tourtravelandmore.com\/wp-content\/uploads\/2016\/07\/pintxos2.jpg\",\"width\":800,\"height\":600},{\"@type\":\"BreadcrumbList\",\"@id\":\"https:\/\/tourtravelandmore.com\/fr\/tours\/espagne-fr\/san-sebastian-fr\/toutes-les-visites-et-activites-privees-fr-7\/visite-privee-des-pintxos-a-saint-sebastien\/#breadcrumb\",\"itemListElement\":[{\"@type\":\"ListItem\",\"position\":1,\"name\":\"Home\",\"item\":\"https:\/\/tourtravelandmore.com\/fr\/\"},{\"@type\":\"ListItem\",\"position\":2,\"name\":\"Tours\",\"item\":\"https:\/\/tourtravelandmore.com\/fr\/tours\/\"},{\"@type\":\"ListItem\",\"position\":3,\"name\":\"Visite priv\u00e9e des pintxos \u00e0 Saint-S\u00e9bastien\"}]},{\"@type\":\"WebSite\",\"@id\":\"https:\/\/tourtravelandmore.com\/fr\/#website\",\"url\":\"https:\/\/tourtravelandmore.com\/fr\/\",\"name\":\"Tour Travel And More\",\"description\":\"Private sightseeing tours and luxury transfers in Spain\",\"publisher\":{\"@id\":\"https:\/\/tourtravelandmore.com\/fr\/#organization\"},\"potentialAction\":[{\"@type\":\"SearchAction\",\"target\":{\"@type\":\"EntryPoint\",\"urlTemplate\":\"https:\/\/tourtravelandmore.com\/fr\/?s={search_term_string}\"},\"query-input\":{\"@type\":\"PropertyValueSpecification\",\"valueRequired\":true,\"valueName\":\"search_term_string\"}}],\"inLanguage\":\"fr-FR\"},{\"@type\":\"Organization\",\"@id\":\"https:\/\/tourtravelandmore.com\/fr\/#organization\",\"name\":\"Tour Travel And More\",\"url\":\"https:\/\/tourtravelandmore.com\/fr\/\",\"logo\":{\"@type\":\"ImageObject\",\"inLanguage\":\"fr-FR\",\"@id\":\"https:\/\/tourtravelandmore.com\/fr\/#\/schema\/logo\/image\/\",\"url\":\"https:\/\/tourtravelandmore.com\/wp-content\/uploads\/2022\/12\/cropped-logo-cabecera-new.png\",\"contentUrl\":\"https:\/\/tourtravelandmore.com\/wp-content\/uploads\/2022\/12\/cropped-logo-cabecera-new.png\",\"width\":430,\"height\":61,\"caption\":\"Tour Travel And More\"},\"image\":{\"@id\":\"https:\/\/tourtravelandmore.com\/fr\/#\/schema\/logo\/image\/\"},\"sameAs\":[\"https:\/\/www.facebook.com\/tourtravelandmore\/\",\"https:\/\/x.com\/TourTravel_More\"]}]}<\/script>\n<!-- \/ Yoast SEO Premium plugin. -->","yoast_head_json":{"title":"\u27a1\ufe0f Tour priv\u00e9 de Pintxos \u00e0 San Sebasti\u00e1n | Tour Travel & More","description":"Plongez au c\u0153ur de la cuisine basque avec notre visite priv\u00e9e de Pintxos \u00e0 San Sebasti\u00e1n. Explorez des bars authentiques, savourez des saveurs vari\u00e9es et profitez d'un voyage gastronomique personnalis\u00e9 avec un guide expert \u2705","robots":{"index":"index","follow":"follow","max-snippet":"max-snippet:-1","max-image-preview":"max-image-preview:large","max-video-preview":"max-video-preview:-1"},"canonical":"https:\/\/tourtravelandmore.com\/fr\/tours\/espagne-fr\/san-sebastian-fr\/toutes-les-visites-et-activites-privees-fr-7\/visite-privee-des-pintxos-a-saint-sebastien\/","og_locale":"fr_FR","og_type":"article","og_title":"Visite priv\u00e9e des pintxos \u00e0 Saint-S\u00e9bastien","og_description":"Plongez au c\u0153ur de la cuisine basque avec notre visite priv\u00e9e de Pintxos \u00e0 San Sebasti\u00e1n. Explorez des bars authentiques, savourez des saveurs vari\u00e9es et profitez d'un voyage gastronomique personnalis\u00e9 avec un guide expert \u2705","og_url":"https:\/\/tourtravelandmore.com\/fr\/tours\/espagne-fr\/san-sebastian-fr\/toutes-les-visites-et-activites-privees-fr-7\/visite-privee-des-pintxos-a-saint-sebastien\/","og_site_name":"Tour Travel And More","article_publisher":"https:\/\/www.facebook.com\/tourtravelandmore\/","article_modified_time":"2024-03-12T18:20:03+00:00","og_image":[{"width":800,"height":600,"url":"https:\/\/tourtravelandmore.com\/wp-content\/uploads\/2016\/07\/pintxos2.jpg","type":"image\/jpeg"}],"twitter_card":"summary_large_image","twitter_site":"@TourTravel_More","twitter_misc":{"Dur\u00e9e de lecture estim\u00e9e":"4 minutes"},"schema":{"@context":"https:\/\/schema.org","@graph":[{"@type":"WebPage","@id":"https:\/\/tourtravelandmore.com\/fr\/tours\/espagne-fr\/san-sebastian-fr\/toutes-les-visites-et-activites-privees-fr-7\/visite-privee-des-pintxos-a-saint-sebastien\/","url":"https:\/\/tourtravelandmore.com\/fr\/tours\/espagne-fr\/san-sebastian-fr\/toutes-les-visites-et-activites-privees-fr-7\/visite-privee-des-pintxos-a-saint-sebastien\/","name":"\u27a1\ufe0f Tour priv\u00e9 de Pintxos \u00e0 San Sebasti\u00e1n | Tour Travel & More","isPartOf":{"@id":"https:\/\/tourtravelandmore.com\/fr\/#website"},"primaryImageOfPage":{"@id":"https:\/\/tourtravelandmore.com\/fr\/tours\/espagne-fr\/san-sebastian-fr\/toutes-les-visites-et-activites-privees-fr-7\/visite-privee-des-pintxos-a-saint-sebastien\/#primaryimage"},"image":{"@id":"https:\/\/tourtravelandmore.com\/fr\/tours\/espagne-fr\/san-sebastian-fr\/toutes-les-visites-et-activites-privees-fr-7\/visite-privee-des-pintxos-a-saint-sebastien\/#primaryimage"},"thumbnailUrl":"https:\/\/tourtravelandmore.com\/wp-content\/uploads\/2016\/07\/pintxos2.jpg","datePublished":"2016-07-12T19:19:59+00:00","dateModified":"2024-03-12T18:20:03+00:00","description":"Plongez au c\u0153ur de la cuisine basque avec notre visite priv\u00e9e de Pintxos \u00e0 San Sebasti\u00e1n. Explorez des bars authentiques, savourez des saveurs vari\u00e9es et profitez d'un voyage gastronomique personnalis\u00e9 avec un guide expert \u2705","breadcrumb":{"@id":"https:\/\/tourtravelandmore.com\/fr\/tours\/espagne-fr\/san-sebastian-fr\/toutes-les-visites-et-activites-privees-fr-7\/visite-privee-des-pintxos-a-saint-sebastien\/#breadcrumb"},"inLanguage":"fr-FR","potentialAction":[{"@type":"ReadAction","target":["https:\/\/tourtravelandmore.com\/fr\/tours\/espagne-fr\/san-sebastian-fr\/toutes-les-visites-et-activites-privees-fr-7\/visite-privee-des-pintxos-a-saint-sebastien\/"]}]},{"@type":"ImageObject","inLanguage":"fr-FR","@id":"https:\/\/tourtravelandmore.com\/fr\/tours\/espagne-fr\/san-sebastian-fr\/toutes-les-visites-et-activites-privees-fr-7\/visite-privee-des-pintxos-a-saint-sebastien\/#primaryimage","url":"https:\/\/tourtravelandmore.com\/wp-content\/uploads\/2016\/07\/pintxos2.jpg","contentUrl":"https:\/\/tourtravelandmore.com\/wp-content\/uploads\/2016\/07\/pintxos2.jpg","width":800,"height":600},{"@type":"BreadcrumbList","@id":"https:\/\/tourtravelandmore.com\/fr\/tours\/espagne-fr\/san-sebastian-fr\/toutes-les-visites-et-activites-privees-fr-7\/visite-privee-des-pintxos-a-saint-sebastien\/#breadcrumb","itemListElement":[{"@type":"ListItem","position":1,"name":"Home","item":"https:\/\/tourtravelandmore.com\/fr\/"},{"@type":"ListItem","position":2,"name":"Tours","item":"https:\/\/tourtravelandmore.com\/fr\/tours\/"},{"@type":"ListItem","position":3,"name":"Visite priv\u00e9e des pintxos \u00e0 Saint-S\u00e9bastien"}]},{"@type":"WebSite","@id":"https:\/\/tourtravelandmore.com\/fr\/#website","url":"https:\/\/tourtravelandmore.com\/fr\/","name":"Tour Travel And More","description":"Private sightseeing tours and luxury transfers in Spain","publisher":{"@id":"https:\/\/tourtravelandmore.com\/fr\/#organization"},"potentialAction":[{"@type":"SearchAction","target":{"@type":"EntryPoint","urlTemplate":"https:\/\/tourtravelandmore.com\/fr\/?s={search_term_string}"},"query-input":{"@type":"PropertyValueSpecification","valueRequired":true,"valueName":"search_term_string"}}],"inLanguage":"fr-FR"},{"@type":"Organization","@id":"https:\/\/tourtravelandmore.com\/fr\/#organization","name":"Tour Travel And More","url":"https:\/\/tourtravelandmore.com\/fr\/","logo":{"@type":"ImageObject","inLanguage":"fr-FR","@id":"https:\/\/tourtravelandmore.com\/fr\/#\/schema\/logo\/image\/","url":"https:\/\/tourtravelandmore.com\/wp-content\/uploads\/2022\/12\/cropped-logo-cabecera-new.png","contentUrl":"https:\/\/tourtravelandmore.com\/wp-content\/uploads\/2022\/12\/cropped-logo-cabecera-new.png","width":430,"height":61,"caption":"Tour Travel And More"},"image":{"@id":"https:\/\/tourtravelandmore.com\/fr\/#\/schema\/logo\/image\/"},"sameAs":["https:\/\/www.facebook.com\/tourtravelandmore\/","https:\/\/x.com\/TourTravel_More"]}]}},"_links":{"self":[{"href":"https:\/\/tourtravelandmore.com\/fr\/wp-json\/wp\/v2\/product\/100417","targetHints":{"allow":["GET"]}}],"collection":[{"href":"https:\/\/tourtravelandmore.com\/fr\/wp-json\/wp\/v2\/product"}],"about":[{"href":"https:\/\/tourtravelandmore.com\/fr\/wp-json\/wp\/v2\/types\/product"}],"replies":[{"embeddable":true,"href":"https:\/\/tourtravelandmore.com\/fr\/wp-json\/wp\/v2\/comments?post=100417"}],"wp:featuredmedia":[{"embeddable":true,"href":"https:\/\/tourtravelandmore.com\/fr\/wp-json\/wp\/v2\/media\/95920"}],"wp:attachment":[{"href":"https:\/\/tourtravelandmore.com\/fr\/wp-json\/wp\/v2\/media?parent=100417"}],"wp:term":[{"taxonomy":"product_brand","embeddable":true,"href":"https:\/\/tourtravelandmore.com\/fr\/wp-json\/wp\/v2\/product_brand?post=100417"},{"taxonomy":"product_cat","embeddable":true,"href":"https:\/\/tourtravelandmore.com\/fr\/wp-json\/wp\/v2\/product_cat?post=100417"},{"taxonomy":"product_tag","embeddable":true,"href":"https:\/\/tourtravelandmore.com\/fr\/wp-json\/wp\/v2\/product_tag?post=100417"}],"curies":[{"name":"wp","href":"https:\/\/api.w.org\/{rel}","templated":true}]}}