{"id":100407,"date":"2016-07-12T20:52:01","date_gmt":"2016-07-12T18:52:01","guid":{"rendered":"https:\/\/tourtravelandmore.com\/tours\/non%20class\u00e9\/visite-privee-de-saint-sebastien\/"},"modified":"2025-02-25T22:11:20","modified_gmt":"2025-02-25T21:11:20","slug":"visite-privee-de-saint-sebastien","status":"publish","type":"product","link":"https:\/\/tourtravelandmore.com\/fr\/tours\/espagne-fr\/san-sebastian-fr\/toutes-les-visites-et-activites-privees-fr-7\/visite-privee-de-saint-sebastien\/","title":{"rendered":"Visite priv\u00e9e de Saint-S\u00e9bastien"},"content":{"rendered":"<h2>Visite priv\u00e9e de Saint-S\u00e9bastien Description<\/h2>\n<p>Embarquez pour un voyage captivant \u00e0 travers Saint-S\u00e9bastien gr\u00e2ce \u00e0 notre visite priv\u00e9e exclusive de 4 heures con\u00e7ue par Tour Travel &amp; More. Cette exp\u00e9rience immersive combine l&#8217;expertise d&#8217;un guide exp\u00e9riment\u00e9 et le confort d&#8217;un chauffeur d\u00e9vou\u00e9, garantissant une exploration sans faille de cette charmante ville basque. Des monuments historiques aux d\u00e9lices culinaires, plongez dans l&#8217;essence de la culture vibrante et des paysages pittoresques de Saint-S\u00e9bastien.<\/p>\n<p>Plongez dans le charme captivant de Saint-S\u00e9bastien avec notre visite priv\u00e9e exclusive de Saint-S\u00e9bastien. Embarquez pour un voyage inoubliable \u00e0 travers cette ville basque, connue pour ses plages magnifiques, sa riche sc\u00e8ne culinaire et sa culture vibrante.<\/p>\n<p>D\u00e8s votre prise en charge dans notre v\u00e9hicule de luxe, notre guide expert adaptera la visite \u00e0 vos int\u00e9r\u00eats. D\u00e9couvrez la plage embl\u00e9matique de La Concha, fl\u00e2nez dans ses rues anim\u00e9es et admirez ses monuments historiques. Notre visite priv\u00e9e de Saint-S\u00e9bastien dure 4 heures.<\/p>\n<h2>Points forts<\/h2>\n<p>D\u00e9couvrez la charmante vieille ville, o\u00f9 les rues \u00e9troites m\u00e8nent \u00e0 des places anim\u00e9es remplies de boutiques locales, de tavernes traditionnelles et de b\u00e2timents centenaires. Immergez-vous dans la riche histoire de la ville pendant que votre guide vous raconte des histoires de son pass\u00e9, de ses origines m\u00e9di\u00e9vales \u00e0 son importance actuelle.<\/p>\n<p>Profitez de la beaut\u00e9 \u00e9poustouflante de la plage de La Concha, nich\u00e9e le long de la superbe baie de La Concha. Promenez-vous le long de la promenade bord\u00e9e d&#8217;eaux bleues et de sable immacul\u00e9, offrant des vues panoramiques sur l&#8217;horizon de la ville et les falaises accident\u00e9es qui d\u00e9finissent le charme c\u00f4tier de Saint-S\u00e9bastien.<\/p>\n<p>Admirez l&#8217;installation sculpturale embl\u00e9matique d&#8217;Eduardo Chillida, Peine del Viento (Peigne du vent), situ\u00e9e sur les falaises c\u00f4ti\u00e8res de Saint-S\u00e9bastien. Soyez t\u00e9moin de l&#8217;interaction puissante entre l&#8217;art, la nature et les vagues de la mer.<\/p>\n<p>Plongez au c\u0153ur de Saint-S\u00e9bastien et d\u00e9couvrez ses tr\u00e9sors de premi\u00e8re main gr\u00e2ce \u00e0 notre visite priv\u00e9e de Saint-S\u00e9bastien. Ne manquez pas cette occasion de d\u00e9couvrir la riche histoire de la ville, ses paysages \u00e9poustouflants et sa culture vibrante, le tout \u00e0 votre rythme et en fonction de vos int\u00e9r\u00eats. Cliquez pour r\u00e9server maintenant et embarquez pour un voyage qui vous promet non seulement des vues, mais aussi des souvenirs inoubliables dans le joyau de la couronne du Pays basque &#8211; votre aventure \u00e0 Saint-S\u00e9bastien vous attend !<\/p>\n","protected":false},"excerpt":{"rendered":"<p><span style=\"font-weight: 400;\">Embarquez pour un voyage \u00e0 travers la ville enchanteresse de San Sebasti\u00e1n avec notre visite priv\u00e9e. D\u00e9couvrez ses plages \u00e0 couper le souffle, ses tr\u00e9sors historiques et sa sc\u00e8ne culturelle dynamique dans le luxe et le confort d&#8217;une visite personnalis\u00e9e.<\/span><\/p>\n","protected":false},"featured_media":95884,"comment_status":"open","ping_status":"closed","template":"","meta":{"_acf_changed":false},"product_brand":[],"product_cat":[5085,5084,3647],"product_tag":[],"class_list":{"0":"post-100407","1":"product","2":"type-product","3":"status-publish","4":"has-post-thumbnail","6":"product_cat-excursions-privees-dune-journee-fr-6","7":"product_cat-toutes-les-visites-et-activites-privees-fr-7","8":"product_cat-san-sebastian-fr","10":"first","11":"instock","12":"shipping-taxable","13":"purchasable","14":"product-type-simple"},"acf":[],"yoast_head":"<!-- This site is optimized with the Yoast SEO Premium plugin v25.3.1 (Yoast SEO v25.3.1) - https:\/\/yoast.com\/wordpress\/plugins\/seo\/ -->\n<title>\u27a1\ufe0f Visite priv\u00e9e exclusive de San Sebasti\u00e1n - D\u00e9couvrez la culture et la beaut\u00e9 basques<\/title>\n<meta name=\"description\" content=\"Participez \u00e0 notre visite priv\u00e9e de Saint-S\u00e9bastien pour une exploration personnalis\u00e9e de ses magnifiques plages, de ses sites historiques et de ses d\u00e9lices culinaires \u2705\" \/>\n<meta name=\"robots\" content=\"index, follow, max-snippet:-1, max-image-preview:large, max-video-preview:-1\" \/>\n<link rel=\"canonical\" href=\"https:\/\/tourtravelandmore.com\/fr\/tours\/espagne-fr\/san-sebastian-fr\/toutes-les-visites-et-activites-privees-fr-7\/visite-privee-de-saint-sebastien\/\" \/>\n<meta property=\"og:locale\" content=\"fr_FR\" \/>\n<meta property=\"og:type\" content=\"article\" \/>\n<meta property=\"og:title\" content=\"Visite priv\u00e9e de Saint-S\u00e9bastien\" \/>\n<meta property=\"og:description\" content=\"Participez \u00e0 notre visite priv\u00e9e de Saint-S\u00e9bastien pour une exploration personnalis\u00e9e de ses magnifiques plages, de ses sites historiques et de ses d\u00e9lices culinaires \u2705\" \/>\n<meta property=\"og:url\" content=\"https:\/\/tourtravelandmore.com\/fr\/tours\/espagne-fr\/san-sebastian-fr\/toutes-les-visites-et-activites-privees-fr-7\/visite-privee-de-saint-sebastien\/\" \/>\n<meta property=\"og:site_name\" content=\"Tour Travel And More\" \/>\n<meta property=\"article:publisher\" content=\"https:\/\/www.facebook.com\/tourtravelandmore\/\" \/>\n<meta property=\"article:modified_time\" content=\"2025-02-25T21:11:20+00:00\" \/>\n<meta property=\"og:image\" content=\"https:\/\/tourtravelandmore.com\/wp-content\/uploads\/2016\/07\/SanSebastian5.jpg\" \/>\n\t<meta property=\"og:image:width\" content=\"800\" \/>\n\t<meta property=\"og:image:height\" content=\"600\" \/>\n\t<meta property=\"og:image:type\" content=\"image\/jpeg\" \/>\n<meta name=\"twitter:card\" content=\"summary_large_image\" \/>\n<meta name=\"twitter:site\" content=\"@TourTravel_More\" \/>\n<meta name=\"twitter:label1\" content=\"Dur\u00e9e de lecture estim\u00e9e\" \/>\n\t<meta name=\"twitter:data1\" content=\"4 minutes\" \/>\n<script type=\"application\/ld+json\" class=\"yoast-schema-graph\">{\"@context\":\"https:\/\/schema.org\",\"@graph\":[{\"@type\":\"WebPage\",\"@id\":\"https:\/\/tourtravelandmore.com\/fr\/tours\/espagne-fr\/san-sebastian-fr\/toutes-les-visites-et-activites-privees-fr-7\/visite-privee-de-saint-sebastien\/\",\"url\":\"https:\/\/tourtravelandmore.com\/fr\/tours\/espagne-fr\/san-sebastian-fr\/toutes-les-visites-et-activites-privees-fr-7\/visite-privee-de-saint-sebastien\/\",\"name\":\"\u27a1\ufe0f Visite priv\u00e9e exclusive de San Sebasti\u00e1n - D\u00e9couvrez la culture et la beaut\u00e9 basques\",\"isPartOf\":{\"@id\":\"https:\/\/tourtravelandmore.com\/fr\/#website\"},\"primaryImageOfPage\":{\"@id\":\"https:\/\/tourtravelandmore.com\/fr\/tours\/espagne-fr\/san-sebastian-fr\/toutes-les-visites-et-activites-privees-fr-7\/visite-privee-de-saint-sebastien\/#primaryimage\"},\"image\":{\"@id\":\"https:\/\/tourtravelandmore.com\/fr\/tours\/espagne-fr\/san-sebastian-fr\/toutes-les-visites-et-activites-privees-fr-7\/visite-privee-de-saint-sebastien\/#primaryimage\"},\"thumbnailUrl\":\"https:\/\/tourtravelandmore.com\/wp-content\/uploads\/2016\/07\/SanSebastian5.jpg\",\"datePublished\":\"2016-07-12T18:52:01+00:00\",\"dateModified\":\"2025-02-25T21:11:20+00:00\",\"description\":\"Participez \u00e0 notre visite priv\u00e9e de Saint-S\u00e9bastien pour une exploration personnalis\u00e9e de ses magnifiques plages, de ses sites historiques et de ses d\u00e9lices culinaires \u2705\",\"breadcrumb\":{\"@id\":\"https:\/\/tourtravelandmore.com\/fr\/tours\/espagne-fr\/san-sebastian-fr\/toutes-les-visites-et-activites-privees-fr-7\/visite-privee-de-saint-sebastien\/#breadcrumb\"},\"inLanguage\":\"fr-FR\",\"potentialAction\":[{\"@type\":\"ReadAction\",\"target\":[\"https:\/\/tourtravelandmore.com\/fr\/tours\/espagne-fr\/san-sebastian-fr\/toutes-les-visites-et-activites-privees-fr-7\/visite-privee-de-saint-sebastien\/\"]}]},{\"@type\":\"ImageObject\",\"inLanguage\":\"fr-FR\",\"@id\":\"https:\/\/tourtravelandmore.com\/fr\/tours\/espagne-fr\/san-sebastian-fr\/toutes-les-visites-et-activites-privees-fr-7\/visite-privee-de-saint-sebastien\/#primaryimage\",\"url\":\"https:\/\/tourtravelandmore.com\/wp-content\/uploads\/2016\/07\/SanSebastian5.jpg\",\"contentUrl\":\"https:\/\/tourtravelandmore.com\/wp-content\/uploads\/2016\/07\/SanSebastian5.jpg\",\"width\":800,\"height\":600},{\"@type\":\"BreadcrumbList\",\"@id\":\"https:\/\/tourtravelandmore.com\/fr\/tours\/espagne-fr\/san-sebastian-fr\/toutes-les-visites-et-activites-privees-fr-7\/visite-privee-de-saint-sebastien\/#breadcrumb\",\"itemListElement\":[{\"@type\":\"ListItem\",\"position\":1,\"name\":\"Home\",\"item\":\"https:\/\/tourtravelandmore.com\/fr\/\"},{\"@type\":\"ListItem\",\"position\":2,\"name\":\"Tours\",\"item\":\"https:\/\/tourtravelandmore.com\/fr\/tours\/\"},{\"@type\":\"ListItem\",\"position\":3,\"name\":\"Visite priv\u00e9e de Saint-S\u00e9bastien\"}]},{\"@type\":\"WebSite\",\"@id\":\"https:\/\/tourtravelandmore.com\/fr\/#website\",\"url\":\"https:\/\/tourtravelandmore.com\/fr\/\",\"name\":\"Tour Travel And More\",\"description\":\"Private sightseeing tours and luxury transfers in Spain\",\"publisher\":{\"@id\":\"https:\/\/tourtravelandmore.com\/fr\/#organization\"},\"potentialAction\":[{\"@type\":\"SearchAction\",\"target\":{\"@type\":\"EntryPoint\",\"urlTemplate\":\"https:\/\/tourtravelandmore.com\/fr\/?s={search_term_string}\"},\"query-input\":{\"@type\":\"PropertyValueSpecification\",\"valueRequired\":true,\"valueName\":\"search_term_string\"}}],\"inLanguage\":\"fr-FR\"},{\"@type\":\"Organization\",\"@id\":\"https:\/\/tourtravelandmore.com\/fr\/#organization\",\"name\":\"Tour Travel And More\",\"url\":\"https:\/\/tourtravelandmore.com\/fr\/\",\"logo\":{\"@type\":\"ImageObject\",\"inLanguage\":\"fr-FR\",\"@id\":\"https:\/\/tourtravelandmore.com\/fr\/#\/schema\/logo\/image\/\",\"url\":\"https:\/\/tourtravelandmore.com\/wp-content\/uploads\/2022\/12\/cropped-logo-cabecera-new.png\",\"contentUrl\":\"https:\/\/tourtravelandmore.com\/wp-content\/uploads\/2022\/12\/cropped-logo-cabecera-new.png\",\"width\":430,\"height\":61,\"caption\":\"Tour Travel And More\"},\"image\":{\"@id\":\"https:\/\/tourtravelandmore.com\/fr\/#\/schema\/logo\/image\/\"},\"sameAs\":[\"https:\/\/www.facebook.com\/tourtravelandmore\/\",\"https:\/\/x.com\/TourTravel_More\"]}]}<\/script>\n<!-- \/ Yoast SEO Premium plugin. -->","yoast_head_json":{"title":"\u27a1\ufe0f Visite priv\u00e9e exclusive de San Sebasti\u00e1n - D\u00e9couvrez la culture et la beaut\u00e9 basques","description":"Participez \u00e0 notre visite priv\u00e9e de Saint-S\u00e9bastien pour une exploration personnalis\u00e9e de ses magnifiques plages, de ses sites historiques et de ses d\u00e9lices culinaires \u2705","robots":{"index":"index","follow":"follow","max-snippet":"max-snippet:-1","max-image-preview":"max-image-preview:large","max-video-preview":"max-video-preview:-1"},"canonical":"https:\/\/tourtravelandmore.com\/fr\/tours\/espagne-fr\/san-sebastian-fr\/toutes-les-visites-et-activites-privees-fr-7\/visite-privee-de-saint-sebastien\/","og_locale":"fr_FR","og_type":"article","og_title":"Visite priv\u00e9e de Saint-S\u00e9bastien","og_description":"Participez \u00e0 notre visite priv\u00e9e de Saint-S\u00e9bastien pour une exploration personnalis\u00e9e de ses magnifiques plages, de ses sites historiques et de ses d\u00e9lices culinaires \u2705","og_url":"https:\/\/tourtravelandmore.com\/fr\/tours\/espagne-fr\/san-sebastian-fr\/toutes-les-visites-et-activites-privees-fr-7\/visite-privee-de-saint-sebastien\/","og_site_name":"Tour Travel And More","article_publisher":"https:\/\/www.facebook.com\/tourtravelandmore\/","article_modified_time":"2025-02-25T21:11:20+00:00","og_image":[{"width":800,"height":600,"url":"https:\/\/tourtravelandmore.com\/wp-content\/uploads\/2016\/07\/SanSebastian5.jpg","type":"image\/jpeg"}],"twitter_card":"summary_large_image","twitter_site":"@TourTravel_More","twitter_misc":{"Dur\u00e9e de lecture estim\u00e9e":"4 minutes"},"schema":{"@context":"https:\/\/schema.org","@graph":[{"@type":"WebPage","@id":"https:\/\/tourtravelandmore.com\/fr\/tours\/espagne-fr\/san-sebastian-fr\/toutes-les-visites-et-activites-privees-fr-7\/visite-privee-de-saint-sebastien\/","url":"https:\/\/tourtravelandmore.com\/fr\/tours\/espagne-fr\/san-sebastian-fr\/toutes-les-visites-et-activites-privees-fr-7\/visite-privee-de-saint-sebastien\/","name":"\u27a1\ufe0f Visite priv\u00e9e exclusive de San Sebasti\u00e1n - D\u00e9couvrez la culture et la beaut\u00e9 basques","isPartOf":{"@id":"https:\/\/tourtravelandmore.com\/fr\/#website"},"primaryImageOfPage":{"@id":"https:\/\/tourtravelandmore.com\/fr\/tours\/espagne-fr\/san-sebastian-fr\/toutes-les-visites-et-activites-privees-fr-7\/visite-privee-de-saint-sebastien\/#primaryimage"},"image":{"@id":"https:\/\/tourtravelandmore.com\/fr\/tours\/espagne-fr\/san-sebastian-fr\/toutes-les-visites-et-activites-privees-fr-7\/visite-privee-de-saint-sebastien\/#primaryimage"},"thumbnailUrl":"https:\/\/tourtravelandmore.com\/wp-content\/uploads\/2016\/07\/SanSebastian5.jpg","datePublished":"2016-07-12T18:52:01+00:00","dateModified":"2025-02-25T21:11:20+00:00","description":"Participez \u00e0 notre visite priv\u00e9e de Saint-S\u00e9bastien pour une exploration personnalis\u00e9e de ses magnifiques plages, de ses sites historiques et de ses d\u00e9lices culinaires \u2705","breadcrumb":{"@id":"https:\/\/tourtravelandmore.com\/fr\/tours\/espagne-fr\/san-sebastian-fr\/toutes-les-visites-et-activites-privees-fr-7\/visite-privee-de-saint-sebastien\/#breadcrumb"},"inLanguage":"fr-FR","potentialAction":[{"@type":"ReadAction","target":["https:\/\/tourtravelandmore.com\/fr\/tours\/espagne-fr\/san-sebastian-fr\/toutes-les-visites-et-activites-privees-fr-7\/visite-privee-de-saint-sebastien\/"]}]},{"@type":"ImageObject","inLanguage":"fr-FR","@id":"https:\/\/tourtravelandmore.com\/fr\/tours\/espagne-fr\/san-sebastian-fr\/toutes-les-visites-et-activites-privees-fr-7\/visite-privee-de-saint-sebastien\/#primaryimage","url":"https:\/\/tourtravelandmore.com\/wp-content\/uploads\/2016\/07\/SanSebastian5.jpg","contentUrl":"https:\/\/tourtravelandmore.com\/wp-content\/uploads\/2016\/07\/SanSebastian5.jpg","width":800,"height":600},{"@type":"BreadcrumbList","@id":"https:\/\/tourtravelandmore.com\/fr\/tours\/espagne-fr\/san-sebastian-fr\/toutes-les-visites-et-activites-privees-fr-7\/visite-privee-de-saint-sebastien\/#breadcrumb","itemListElement":[{"@type":"ListItem","position":1,"name":"Home","item":"https:\/\/tourtravelandmore.com\/fr\/"},{"@type":"ListItem","position":2,"name":"Tours","item":"https:\/\/tourtravelandmore.com\/fr\/tours\/"},{"@type":"ListItem","position":3,"name":"Visite priv\u00e9e de Saint-S\u00e9bastien"}]},{"@type":"WebSite","@id":"https:\/\/tourtravelandmore.com\/fr\/#website","url":"https:\/\/tourtravelandmore.com\/fr\/","name":"Tour Travel And More","description":"Private sightseeing tours and luxury transfers in Spain","publisher":{"@id":"https:\/\/tourtravelandmore.com\/fr\/#organization"},"potentialAction":[{"@type":"SearchAction","target":{"@type":"EntryPoint","urlTemplate":"https:\/\/tourtravelandmore.com\/fr\/?s={search_term_string}"},"query-input":{"@type":"PropertyValueSpecification","valueRequired":true,"valueName":"search_term_string"}}],"inLanguage":"fr-FR"},{"@type":"Organization","@id":"https:\/\/tourtravelandmore.com\/fr\/#organization","name":"Tour Travel And More","url":"https:\/\/tourtravelandmore.com\/fr\/","logo":{"@type":"ImageObject","inLanguage":"fr-FR","@id":"https:\/\/tourtravelandmore.com\/fr\/#\/schema\/logo\/image\/","url":"https:\/\/tourtravelandmore.com\/wp-content\/uploads\/2022\/12\/cropped-logo-cabecera-new.png","contentUrl":"https:\/\/tourtravelandmore.com\/wp-content\/uploads\/2022\/12\/cropped-logo-cabecera-new.png","width":430,"height":61,"caption":"Tour Travel And More"},"image":{"@id":"https:\/\/tourtravelandmore.com\/fr\/#\/schema\/logo\/image\/"},"sameAs":["https:\/\/www.facebook.com\/tourtravelandmore\/","https:\/\/x.com\/TourTravel_More"]}]}},"_links":{"self":[{"href":"https:\/\/tourtravelandmore.com\/fr\/wp-json\/wp\/v2\/product\/100407","targetHints":{"allow":["GET"]}}],"collection":[{"href":"https:\/\/tourtravelandmore.com\/fr\/wp-json\/wp\/v2\/product"}],"about":[{"href":"https:\/\/tourtravelandmore.com\/fr\/wp-json\/wp\/v2\/types\/product"}],"replies":[{"embeddable":true,"href":"https:\/\/tourtravelandmore.com\/fr\/wp-json\/wp\/v2\/comments?post=100407"}],"wp:featuredmedia":[{"embeddable":true,"href":"https:\/\/tourtravelandmore.com\/fr\/wp-json\/wp\/v2\/media\/95884"}],"wp:attachment":[{"href":"https:\/\/tourtravelandmore.com\/fr\/wp-json\/wp\/v2\/media?parent=100407"}],"wp:term":[{"taxonomy":"product_brand","embeddable":true,"href":"https:\/\/tourtravelandmore.com\/fr\/wp-json\/wp\/v2\/product_brand?post=100407"},{"taxonomy":"product_cat","embeddable":true,"href":"https:\/\/tourtravelandmore.com\/fr\/wp-json\/wp\/v2\/product_cat?post=100407"},{"taxonomy":"product_tag","embeddable":true,"href":"https:\/\/tourtravelandmore.com\/fr\/wp-json\/wp\/v2\/product_tag?post=100407"}],"curies":[{"name":"wp","href":"https:\/\/api.w.org\/{rel}","templated":true}]}}