{"id":100402,"date":"2016-07-12T20:40:49","date_gmt":"2016-07-12T18:40:49","guid":{"rendered":"https:\/\/tourtravelandmore.com\/tours\/non%20class\u00e9\/visite-privee-de-bilbao-au-depart-de-saint-sebastien\/"},"modified":"2024-03-14T15:05:37","modified_gmt":"2024-03-14T14:05:37","slug":"visite-privee-de-bilbao-au-depart-de-saint-sebastien","status":"publish","type":"product","link":"https:\/\/tourtravelandmore.com\/fr\/tours\/espagne-fr\/san-sebastian-fr\/toutes-les-visites-et-activites-privees-fr-7\/visite-privee-de-bilbao-au-depart-de-saint-sebastien\/","title":{"rendered":"Visite priv\u00e9e de Bilbao au d\u00e9part de Saint-S\u00e9bastien"},"content":{"rendered":"<h2>Visite priv\u00e9e de Bilbao au d\u00e9part de Saint-S\u00e9bastien Description<\/h2>\n<p>Embarquez pour un voyage inoubliable \u00e0 la d\u00e9couverte de la vibrante ville de Bilbao gr\u00e2ce \u00e0 notre visite priv\u00e9e exclusive de Bilbao au d\u00e9part de Saint-S\u00e9bastien. Laissez Tour Travel &amp; More vous emmener \u00e0 la d\u00e9couverte du riche patrimoine culturel. L&#8217;histoire fascinante et les merveilles architecturales de ce joyau basque.<\/p>\n<p>Cette visite priv\u00e9e exclusive vous fera d\u00e9couvrir les charmes de Bilbao, une ville pleine d&#8217;histoire, de culture et de beaut\u00e9 architecturale. Au cours de cette visite de 8 heures, vous aurez l&#8217;occasion d&#8217;explorer les lieux les plus embl\u00e9matiques de la ville, accompagn\u00e9 d&#8217;un guide expert qui vous fournira des informations d\u00e9taill\u00e9es et des anecdotes int\u00e9ressantes.<\/p>\n<p>Cette visite priv\u00e9e de Bilbao au d\u00e9part de Saint-S\u00e9bastien est id\u00e9ale pour ceux qui souhaitent d\u00e9couvrir le meilleur de cette fascinante ville basque d&#8217;une mani\u00e8re confortable, personnalis\u00e9e et m\u00e9morable. Un guide officiel priv\u00e9 vous attendra \u00e0 Bilbao.<\/p>\n<h2>Points forts<\/h2>\n<p>Nous commencerons notre voyage par une prise en charge confortable depuis votre h\u00e9bergement \u00e0 Saint-S\u00e9bastien. Profitez d&#8217;un trajet confortable et s\u00fbr dans un v\u00e9hicule priv\u00e9 pendant Saint-S\u00e9bastien \u00e0 Bilbao.<\/p>\n<p>Plongez dans l&#8217;histoire de Bilbao en vous promenant dans les rues \u00e9troites et pav\u00e9es de sa charmante vieille ville. D\u00e9couvrez l&#8217;architecture traditionnelle, les boutiques pittoresques et les bars \u00e0 pintxo. Explorez l&#8217;un des chefs-d&#8217;\u0153uvre architecturaux les plus c\u00e9l\u00e8bres au monde, con\u00e7u par Frank Gehry. Admirez son impressionnante structure depuis les faubourgs.<\/p>\n<p>Vous pourrez \u00e9galement voir des monuments tels que :<\/p>\n<ul>\n<li><strong>Le pont Zubizuri<\/strong> : ce pont pi\u00e9tonnier embl\u00e9matique offre des vues spectaculaires sur le fleuve Nervi\u00f3n et l&#8217;environnement urbain.<\/li>\n<li><strong>Palacio<\/strong> <strong>de la Diputaci\u00f3n Foral de Vizcaya<\/strong> : un b\u00e2timent n\u00e9oclassique qui abrite le si\u00e8ge du gouvernement provincial de Biscaye.<\/li>\n<li><strong>Plaza Nueva<\/strong> : D\u00e9tendez-vous sur cette belle place \u00e0 arcades. C&#8217;est un endroit populaire pour les habitants et les visiteurs qui viennent y prendre un repas ou un verre.<\/li>\n<\/ul>\n<p>Apr\u00e8s avoir pass\u00e9 4 heures \u00e0 explorer <strong>Bilbao<\/strong> avec votre guide, nous retournerons \u00e0 Saint-S\u00e9bastien dans notre v\u00e9hicule priv\u00e9 pour conclure cette visite inoubliable.<\/p>\n<p>Cette visite priv\u00e9e compl\u00e8te de Bilbao au d\u00e9part de Saint-S\u00e9bastien offre une occasion unique d&#8217;explorer les meilleurs monuments, attractions et joyaux cach\u00e9s de Bilbao avec les conseils personnalis\u00e9s de notre \u00e9quipe d&#8217;experts. Plongez dans l&#8217;histoire fascinante et la splendeur architecturale de cette ville dynamique. Cr\u00e9ez des souvenirs ind\u00e9l\u00e9biles de votre visite au c\u0153ur du Pays basque.<\/p>\n","protected":false},"excerpt":{"rendered":"<p><span style=\"font-weight: 400;\">Plongez dans la culture vibrante et la riche histoire de Bilbao avec notre visite priv\u00e9e exclusive de Bilbao au d\u00e9part de San Sebasti\u00e1n. Explorez les sites embl\u00e9matiques, les tr\u00e9sors cach\u00e9s et les merveilles architecturales, et d\u00e9couvrez le meilleur de cette ville dynamique gr\u00e2ce aux conseils personnalis\u00e9s de nos guides experts.<\/span><\/p>\n<p>&nbsp;<\/p>\n","protected":false},"featured_media":95109,"comment_status":"open","ping_status":"closed","template":"","meta":{"_acf_changed":false},"product_brand":[],"product_cat":[5085,5084,5086,3647],"product_tag":[],"class_list":{"0":"post-100402","1":"product","2":"type-product","3":"status-publish","4":"has-post-thumbnail","6":"product_cat-excursions-privees-dune-journee-fr-6","7":"product_cat-toutes-les-visites-et-activites-privees-fr-7","8":"product_cat-visites-guidees-privees-fr-11","9":"product_cat-san-sebastian-fr","11":"first","12":"instock","13":"shipping-taxable","14":"purchasable","15":"product-type-simple"},"acf":[],"yoast_head":"<!-- This site is optimized with the Yoast SEO Premium plugin v25.3.1 (Yoast SEO v25.3.1) - https:\/\/yoast.com\/wordpress\/plugins\/seo\/ -->\n<title>\u27a1\ufe0f D\u00e9couvrez les joyaux cach\u00e9s de Bilbao : Visite priv\u00e9e de Bilbao depuis Saint-S\u00e9bastien<\/title>\n<meta name=\"description\" content=\"D\u00e9couvrez la beaut\u00e9 et la culture de Bilbao gr\u00e2ce \u00e0 notre visite priv\u00e9e exclusive de Bilbao au d\u00e9part de San Sebasti\u00e1n \u2705\" \/>\n<meta name=\"robots\" content=\"index, follow, max-snippet:-1, max-image-preview:large, max-video-preview:-1\" \/>\n<link rel=\"canonical\" href=\"https:\/\/tourtravelandmore.com\/fr\/tours\/espagne-fr\/san-sebastian-fr\/toutes-les-visites-et-activites-privees-fr-7\/visite-privee-de-bilbao-au-depart-de-saint-sebastien\/\" \/>\n<meta property=\"og:locale\" content=\"fr_FR\" \/>\n<meta property=\"og:type\" content=\"article\" \/>\n<meta property=\"og:title\" content=\"Visite priv\u00e9e de Bilbao au d\u00e9part de Saint-S\u00e9bastien\" \/>\n<meta property=\"og:description\" content=\"D\u00e9couvrez la beaut\u00e9 et la culture de Bilbao gr\u00e2ce \u00e0 notre visite priv\u00e9e exclusive de Bilbao au d\u00e9part de San Sebasti\u00e1n \u2705\" \/>\n<meta property=\"og:url\" content=\"https:\/\/tourtravelandmore.com\/fr\/tours\/espagne-fr\/san-sebastian-fr\/toutes-les-visites-et-activites-privees-fr-7\/visite-privee-de-bilbao-au-depart-de-saint-sebastien\/\" \/>\n<meta property=\"og:site_name\" content=\"Tour Travel And More\" \/>\n<meta property=\"article:publisher\" content=\"https:\/\/www.facebook.com\/tourtravelandmore\/\" \/>\n<meta property=\"article:modified_time\" content=\"2024-03-14T14:05:37+00:00\" \/>\n<meta property=\"og:image\" content=\"https:\/\/tourtravelandmore.com\/wp-content\/uploads\/2016\/07\/1024px-Guggenheim_museum_Bilbao_HDR-image.jpg\" \/>\n\t<meta property=\"og:image:width\" content=\"1024\" \/>\n\t<meta property=\"og:image:height\" content=\"530\" \/>\n\t<meta property=\"og:image:type\" content=\"image\/jpeg\" \/>\n<meta name=\"twitter:card\" content=\"summary_large_image\" \/>\n<meta name=\"twitter:site\" content=\"@TourTravel_More\" \/>\n<meta name=\"twitter:label1\" content=\"Dur\u00e9e de lecture estim\u00e9e\" \/>\n\t<meta name=\"twitter:data1\" content=\"4 minutes\" \/>\n<script type=\"application\/ld+json\" class=\"yoast-schema-graph\">{\"@context\":\"https:\/\/schema.org\",\"@graph\":[{\"@type\":\"WebPage\",\"@id\":\"https:\/\/tourtravelandmore.com\/fr\/tours\/espagne-fr\/san-sebastian-fr\/toutes-les-visites-et-activites-privees-fr-7\/visite-privee-de-bilbao-au-depart-de-saint-sebastien\/\",\"url\":\"https:\/\/tourtravelandmore.com\/fr\/tours\/espagne-fr\/san-sebastian-fr\/toutes-les-visites-et-activites-privees-fr-7\/visite-privee-de-bilbao-au-depart-de-saint-sebastien\/\",\"name\":\"\u27a1\ufe0f D\u00e9couvrez les joyaux cach\u00e9s de Bilbao : Visite priv\u00e9e de Bilbao depuis Saint-S\u00e9bastien\",\"isPartOf\":{\"@id\":\"https:\/\/tourtravelandmore.com\/fr\/#website\"},\"primaryImageOfPage\":{\"@id\":\"https:\/\/tourtravelandmore.com\/fr\/tours\/espagne-fr\/san-sebastian-fr\/toutes-les-visites-et-activites-privees-fr-7\/visite-privee-de-bilbao-au-depart-de-saint-sebastien\/#primaryimage\"},\"image\":{\"@id\":\"https:\/\/tourtravelandmore.com\/fr\/tours\/espagne-fr\/san-sebastian-fr\/toutes-les-visites-et-activites-privees-fr-7\/visite-privee-de-bilbao-au-depart-de-saint-sebastien\/#primaryimage\"},\"thumbnailUrl\":\"https:\/\/tourtravelandmore.com\/wp-content\/uploads\/2016\/07\/1024px-Guggenheim_museum_Bilbao_HDR-image.jpg\",\"datePublished\":\"2016-07-12T18:40:49+00:00\",\"dateModified\":\"2024-03-14T14:05:37+00:00\",\"description\":\"D\u00e9couvrez la beaut\u00e9 et la culture de Bilbao gr\u00e2ce \u00e0 notre visite priv\u00e9e exclusive de Bilbao au d\u00e9part de San Sebasti\u00e1n \u2705\",\"breadcrumb\":{\"@id\":\"https:\/\/tourtravelandmore.com\/fr\/tours\/espagne-fr\/san-sebastian-fr\/toutes-les-visites-et-activites-privees-fr-7\/visite-privee-de-bilbao-au-depart-de-saint-sebastien\/#breadcrumb\"},\"inLanguage\":\"fr-FR\",\"potentialAction\":[{\"@type\":\"ReadAction\",\"target\":[\"https:\/\/tourtravelandmore.com\/fr\/tours\/espagne-fr\/san-sebastian-fr\/toutes-les-visites-et-activites-privees-fr-7\/visite-privee-de-bilbao-au-depart-de-saint-sebastien\/\"]}]},{\"@type\":\"ImageObject\",\"inLanguage\":\"fr-FR\",\"@id\":\"https:\/\/tourtravelandmore.com\/fr\/tours\/espagne-fr\/san-sebastian-fr\/toutes-les-visites-et-activites-privees-fr-7\/visite-privee-de-bilbao-au-depart-de-saint-sebastien\/#primaryimage\",\"url\":\"https:\/\/tourtravelandmore.com\/wp-content\/uploads\/2016\/07\/1024px-Guggenheim_museum_Bilbao_HDR-image.jpg\",\"contentUrl\":\"https:\/\/tourtravelandmore.com\/wp-content\/uploads\/2016\/07\/1024px-Guggenheim_museum_Bilbao_HDR-image.jpg\",\"width\":1024,\"height\":530},{\"@type\":\"BreadcrumbList\",\"@id\":\"https:\/\/tourtravelandmore.com\/fr\/tours\/espagne-fr\/san-sebastian-fr\/toutes-les-visites-et-activites-privees-fr-7\/visite-privee-de-bilbao-au-depart-de-saint-sebastien\/#breadcrumb\",\"itemListElement\":[{\"@type\":\"ListItem\",\"position\":1,\"name\":\"Home\",\"item\":\"https:\/\/tourtravelandmore.com\/fr\/\"},{\"@type\":\"ListItem\",\"position\":2,\"name\":\"Tours\",\"item\":\"https:\/\/tourtravelandmore.com\/fr\/tours\/\"},{\"@type\":\"ListItem\",\"position\":3,\"name\":\"Visite priv\u00e9e de Bilbao au d\u00e9part de Saint-S\u00e9bastien\"}]},{\"@type\":\"WebSite\",\"@id\":\"https:\/\/tourtravelandmore.com\/fr\/#website\",\"url\":\"https:\/\/tourtravelandmore.com\/fr\/\",\"name\":\"Tour Travel And More\",\"description\":\"Private sightseeing tours and luxury transfers in Spain\",\"publisher\":{\"@id\":\"https:\/\/tourtravelandmore.com\/fr\/#organization\"},\"potentialAction\":[{\"@type\":\"SearchAction\",\"target\":{\"@type\":\"EntryPoint\",\"urlTemplate\":\"https:\/\/tourtravelandmore.com\/fr\/?s={search_term_string}\"},\"query-input\":{\"@type\":\"PropertyValueSpecification\",\"valueRequired\":true,\"valueName\":\"search_term_string\"}}],\"inLanguage\":\"fr-FR\"},{\"@type\":\"Organization\",\"@id\":\"https:\/\/tourtravelandmore.com\/fr\/#organization\",\"name\":\"Tour Travel And More\",\"url\":\"https:\/\/tourtravelandmore.com\/fr\/\",\"logo\":{\"@type\":\"ImageObject\",\"inLanguage\":\"fr-FR\",\"@id\":\"https:\/\/tourtravelandmore.com\/fr\/#\/schema\/logo\/image\/\",\"url\":\"https:\/\/tourtravelandmore.com\/wp-content\/uploads\/2022\/12\/cropped-logo-cabecera-new.png\",\"contentUrl\":\"https:\/\/tourtravelandmore.com\/wp-content\/uploads\/2022\/12\/cropped-logo-cabecera-new.png\",\"width\":430,\"height\":61,\"caption\":\"Tour Travel And More\"},\"image\":{\"@id\":\"https:\/\/tourtravelandmore.com\/fr\/#\/schema\/logo\/image\/\"},\"sameAs\":[\"https:\/\/www.facebook.com\/tourtravelandmore\/\",\"https:\/\/x.com\/TourTravel_More\"]}]}<\/script>\n<!-- \/ Yoast SEO Premium plugin. -->","yoast_head_json":{"title":"\u27a1\ufe0f D\u00e9couvrez les joyaux cach\u00e9s de Bilbao : Visite priv\u00e9e de Bilbao depuis Saint-S\u00e9bastien","description":"D\u00e9couvrez la beaut\u00e9 et la culture de Bilbao gr\u00e2ce \u00e0 notre visite priv\u00e9e exclusive de Bilbao au d\u00e9part de San Sebasti\u00e1n \u2705","robots":{"index":"index","follow":"follow","max-snippet":"max-snippet:-1","max-image-preview":"max-image-preview:large","max-video-preview":"max-video-preview:-1"},"canonical":"https:\/\/tourtravelandmore.com\/fr\/tours\/espagne-fr\/san-sebastian-fr\/toutes-les-visites-et-activites-privees-fr-7\/visite-privee-de-bilbao-au-depart-de-saint-sebastien\/","og_locale":"fr_FR","og_type":"article","og_title":"Visite priv\u00e9e de Bilbao au d\u00e9part de Saint-S\u00e9bastien","og_description":"D\u00e9couvrez la beaut\u00e9 et la culture de Bilbao gr\u00e2ce \u00e0 notre visite priv\u00e9e exclusive de Bilbao au d\u00e9part de San Sebasti\u00e1n \u2705","og_url":"https:\/\/tourtravelandmore.com\/fr\/tours\/espagne-fr\/san-sebastian-fr\/toutes-les-visites-et-activites-privees-fr-7\/visite-privee-de-bilbao-au-depart-de-saint-sebastien\/","og_site_name":"Tour Travel And More","article_publisher":"https:\/\/www.facebook.com\/tourtravelandmore\/","article_modified_time":"2024-03-14T14:05:37+00:00","og_image":[{"width":1024,"height":530,"url":"https:\/\/tourtravelandmore.com\/wp-content\/uploads\/2016\/07\/1024px-Guggenheim_museum_Bilbao_HDR-image.jpg","type":"image\/jpeg"}],"twitter_card":"summary_large_image","twitter_site":"@TourTravel_More","twitter_misc":{"Dur\u00e9e de lecture estim\u00e9e":"4 minutes"},"schema":{"@context":"https:\/\/schema.org","@graph":[{"@type":"WebPage","@id":"https:\/\/tourtravelandmore.com\/fr\/tours\/espagne-fr\/san-sebastian-fr\/toutes-les-visites-et-activites-privees-fr-7\/visite-privee-de-bilbao-au-depart-de-saint-sebastien\/","url":"https:\/\/tourtravelandmore.com\/fr\/tours\/espagne-fr\/san-sebastian-fr\/toutes-les-visites-et-activites-privees-fr-7\/visite-privee-de-bilbao-au-depart-de-saint-sebastien\/","name":"\u27a1\ufe0f D\u00e9couvrez les joyaux cach\u00e9s de Bilbao : Visite priv\u00e9e de Bilbao depuis Saint-S\u00e9bastien","isPartOf":{"@id":"https:\/\/tourtravelandmore.com\/fr\/#website"},"primaryImageOfPage":{"@id":"https:\/\/tourtravelandmore.com\/fr\/tours\/espagne-fr\/san-sebastian-fr\/toutes-les-visites-et-activites-privees-fr-7\/visite-privee-de-bilbao-au-depart-de-saint-sebastien\/#primaryimage"},"image":{"@id":"https:\/\/tourtravelandmore.com\/fr\/tours\/espagne-fr\/san-sebastian-fr\/toutes-les-visites-et-activites-privees-fr-7\/visite-privee-de-bilbao-au-depart-de-saint-sebastien\/#primaryimage"},"thumbnailUrl":"https:\/\/tourtravelandmore.com\/wp-content\/uploads\/2016\/07\/1024px-Guggenheim_museum_Bilbao_HDR-image.jpg","datePublished":"2016-07-12T18:40:49+00:00","dateModified":"2024-03-14T14:05:37+00:00","description":"D\u00e9couvrez la beaut\u00e9 et la culture de Bilbao gr\u00e2ce \u00e0 notre visite priv\u00e9e exclusive de Bilbao au d\u00e9part de San Sebasti\u00e1n \u2705","breadcrumb":{"@id":"https:\/\/tourtravelandmore.com\/fr\/tours\/espagne-fr\/san-sebastian-fr\/toutes-les-visites-et-activites-privees-fr-7\/visite-privee-de-bilbao-au-depart-de-saint-sebastien\/#breadcrumb"},"inLanguage":"fr-FR","potentialAction":[{"@type":"ReadAction","target":["https:\/\/tourtravelandmore.com\/fr\/tours\/espagne-fr\/san-sebastian-fr\/toutes-les-visites-et-activites-privees-fr-7\/visite-privee-de-bilbao-au-depart-de-saint-sebastien\/"]}]},{"@type":"ImageObject","inLanguage":"fr-FR","@id":"https:\/\/tourtravelandmore.com\/fr\/tours\/espagne-fr\/san-sebastian-fr\/toutes-les-visites-et-activites-privees-fr-7\/visite-privee-de-bilbao-au-depart-de-saint-sebastien\/#primaryimage","url":"https:\/\/tourtravelandmore.com\/wp-content\/uploads\/2016\/07\/1024px-Guggenheim_museum_Bilbao_HDR-image.jpg","contentUrl":"https:\/\/tourtravelandmore.com\/wp-content\/uploads\/2016\/07\/1024px-Guggenheim_museum_Bilbao_HDR-image.jpg","width":1024,"height":530},{"@type":"BreadcrumbList","@id":"https:\/\/tourtravelandmore.com\/fr\/tours\/espagne-fr\/san-sebastian-fr\/toutes-les-visites-et-activites-privees-fr-7\/visite-privee-de-bilbao-au-depart-de-saint-sebastien\/#breadcrumb","itemListElement":[{"@type":"ListItem","position":1,"name":"Home","item":"https:\/\/tourtravelandmore.com\/fr\/"},{"@type":"ListItem","position":2,"name":"Tours","item":"https:\/\/tourtravelandmore.com\/fr\/tours\/"},{"@type":"ListItem","position":3,"name":"Visite priv\u00e9e de Bilbao au d\u00e9part de Saint-S\u00e9bastien"}]},{"@type":"WebSite","@id":"https:\/\/tourtravelandmore.com\/fr\/#website","url":"https:\/\/tourtravelandmore.com\/fr\/","name":"Tour Travel And More","description":"Private sightseeing tours and luxury transfers in Spain","publisher":{"@id":"https:\/\/tourtravelandmore.com\/fr\/#organization"},"potentialAction":[{"@type":"SearchAction","target":{"@type":"EntryPoint","urlTemplate":"https:\/\/tourtravelandmore.com\/fr\/?s={search_term_string}"},"query-input":{"@type":"PropertyValueSpecification","valueRequired":true,"valueName":"search_term_string"}}],"inLanguage":"fr-FR"},{"@type":"Organization","@id":"https:\/\/tourtravelandmore.com\/fr\/#organization","name":"Tour Travel And More","url":"https:\/\/tourtravelandmore.com\/fr\/","logo":{"@type":"ImageObject","inLanguage":"fr-FR","@id":"https:\/\/tourtravelandmore.com\/fr\/#\/schema\/logo\/image\/","url":"https:\/\/tourtravelandmore.com\/wp-content\/uploads\/2022\/12\/cropped-logo-cabecera-new.png","contentUrl":"https:\/\/tourtravelandmore.com\/wp-content\/uploads\/2022\/12\/cropped-logo-cabecera-new.png","width":430,"height":61,"caption":"Tour Travel And More"},"image":{"@id":"https:\/\/tourtravelandmore.com\/fr\/#\/schema\/logo\/image\/"},"sameAs":["https:\/\/www.facebook.com\/tourtravelandmore\/","https:\/\/x.com\/TourTravel_More"]}]}},"_links":{"self":[{"href":"https:\/\/tourtravelandmore.com\/fr\/wp-json\/wp\/v2\/product\/100402","targetHints":{"allow":["GET"]}}],"collection":[{"href":"https:\/\/tourtravelandmore.com\/fr\/wp-json\/wp\/v2\/product"}],"about":[{"href":"https:\/\/tourtravelandmore.com\/fr\/wp-json\/wp\/v2\/types\/product"}],"replies":[{"embeddable":true,"href":"https:\/\/tourtravelandmore.com\/fr\/wp-json\/wp\/v2\/comments?post=100402"}],"wp:featuredmedia":[{"embeddable":true,"href":"https:\/\/tourtravelandmore.com\/fr\/wp-json\/wp\/v2\/media\/95109"}],"wp:attachment":[{"href":"https:\/\/tourtravelandmore.com\/fr\/wp-json\/wp\/v2\/media?parent=100402"}],"wp:term":[{"taxonomy":"product_brand","embeddable":true,"href":"https:\/\/tourtravelandmore.com\/fr\/wp-json\/wp\/v2\/product_brand?post=100402"},{"taxonomy":"product_cat","embeddable":true,"href":"https:\/\/tourtravelandmore.com\/fr\/wp-json\/wp\/v2\/product_cat?post=100402"},{"taxonomy":"product_tag","embeddable":true,"href":"https:\/\/tourtravelandmore.com\/fr\/wp-json\/wp\/v2\/product_tag?post=100402"}],"curies":[{"name":"wp","href":"https:\/\/api.w.org\/{rel}","templated":true}]}}