{"id":100397,"date":"2016-07-12T20:37:56","date_gmt":"2016-07-12T18:37:56","guid":{"rendered":"https:\/\/tourtravelandmore.com\/tours\/non%20class\u00e9\/private-saint-jean-de-luz-and-biarritz-tour\/"},"modified":"2024-03-15T17:59:16","modified_gmt":"2024-03-15T16:59:16","slug":"private-saint-jean-de-luz-and-biarritz-tour","status":"publish","type":"product","link":"https:\/\/tourtravelandmore.com\/fr\/tours\/espagne-fr\/san-sebastian-fr\/toutes-les-visites-et-activites-privees-fr-7\/private-saint-jean-de-luz-and-biarritz-tour\/","title":{"rendered":"Visite priv\u00e9e \u00e0 Saint Jean de Luz et Biarritz"},"content":{"rendered":"<h2>Description de la visite priv\u00e9e de San Juan de Luz et Biarritz<\/h2>\n<p>Embarquez pour un voyage de d\u00e9couverte passionnant lors de notre visite priv\u00e9e de Saint Jean de Luz et Biarritz au d\u00e9part de Saint-S\u00e9bastien. Cette visite vous permettra d&#8217;explorer deux charmantes villes c\u00f4ti\u00e8res qui combinent la riche histoire, la culture vibrante et les paysages \u00e0 couper le souffle de la r\u00e9gion basque fran\u00e7aise.<\/p>\n<p>Cette visite priv\u00e9e de Saint Jean de Luz et Biarritz est une occasion unique de vous immerger dans la culture, l&#8217;histoire et la beaut\u00e9 naturelle de la r\u00e9gion, cr\u00e9ant des souvenirs inoubliables lors de votre voyage sur la c\u00f4te basque fran\u00e7aise. Laissez-vous captiver par ces destinations enchanteresses et vivez une exp\u00e9rience enrichissante avec Tour Travel &amp; More !<\/p>\n<p>En compagnie de nos guides experts et dans un v\u00e9hicule confortable, vous vivrez une exp\u00e9rience unique, pleine de merveilles et de moments m\u00e9morables.<\/p>\n<h2>Points forts<\/h2>\n<p>Votre chauffeur viendra vous chercher avec votre guide officiel priv\u00e9 \u00e0 votre h\u00f4tel ou \u00e0 l&#8217;endroit de votre choix \u00e0 Saint-S\u00e9bastien. Apr\u00e8s la prise en charge, vous commencerez votre voyage vers Saint Jean de Luz. Commencez votre journ\u00e9e en explorant le magnifique port de p\u00eache de St Jean de Luz, connu pour son charme traditionnel et son atmosph\u00e8re accueillante.<\/p>\n<p>Visitez l&#8217;imposante \u00e9glise Saint-Jean-Baptiste, o\u00f9 a eu lieu le mariage royal de Louis XIV, et d\u00e9couvrez son histoire fascinante. Plongez dans l&#8217;animation des rues pav\u00e9es en vous promenant dans le centre historique, qui regorge de boutiques charmantes et de caf\u00e9s traditionnels. Profitez d&#8217;un peu de temps libre pour go\u00fbter aux sp\u00e9cialit\u00e9s locales, comme les savoureux pintxos basques ou les d\u00e9licieux macarons, dans les bars authentiques de la ville.<\/p>\n<p>Poursuivez votre aventure jusqu&#8217;\u00e0 Biarritz, une \u00e9l\u00e9gante ville baln\u00e9aire c\u00e9l\u00e8bre pour ses plages magnifiques et son atmosph\u00e8re sophistiqu\u00e9e. Admirez les vues \u00e0 couper le souffle depuis le phare de Biarritz, qui offre des panoramas spectaculaires sur la c\u00f4te basque fran\u00e7aise. Promenez-vous le long de l&#8217;embl\u00e9matique Grande Plage, o\u00f9 vous pourrez vous d\u00e9tendre sur le sable dor\u00e9 et admirer le paysage marin.<\/p>\n<p>\u00c0 la fin de votre exploration, votre chauffeur priv\u00e9 vous raccompagnera \u00e0 votre h\u00e9bergement \u00e0 Saint-S\u00e9bastien, pour un retour confortable et sans tracas.<\/p>\n<p>D\u00e9couvrez la c\u00f4te basco-fran\u00e7aise comme jamais auparavant avec notre visite priv\u00e9e de Saint-Jean-de-Luz et Biarritz. Que vous soyez \u00e0 la recherche d&#8217;une immersion culturelle, d&#8217;aventures culinaires ou d&#8217;une exploration panoramique, nos guides experts adapteront l&#8217;itin\u00e9raire \u00e0 vos pr\u00e9f\u00e9rences. R\u00e9servez votre visite personnalis\u00e9e d\u00e8s aujourd&#8217;hui et embarquez pour un voyage con\u00e7u sp\u00e9cialement pour vous.<\/p>\n","protected":false},"excerpt":{"rendered":"<p><span style=\"font-weight: 400;\">Embarquez pour un voyage captivant \u00e0 Saint Jean de Luz et Biarritz, o\u00f9 l&#8217;histoire, la culture et la beaut\u00e9 naturelle convergent. Rejoignez notre excursion priv\u00e9e exclusive pour d\u00e9couvrir le charme enchanteur de ces villes c\u00f4ti\u00e8res, des villages de p\u00eacheurs pittoresques aux stations baln\u00e9aires chics.<\/span><\/p>\n<p>&nbsp;<\/p>\n","protected":false},"featured_media":93795,"comment_status":"open","ping_status":"closed","template":"","meta":{"_acf_changed":false},"product_brand":[],"product_cat":[5085,5084,5086,3647],"product_tag":[],"class_list":{"0":"post-100397","1":"product","2":"type-product","3":"status-publish","4":"has-post-thumbnail","6":"product_cat-excursions-privees-dune-journee-fr-6","7":"product_cat-toutes-les-visites-et-activites-privees-fr-7","8":"product_cat-visites-guidees-privees-fr-11","9":"product_cat-san-sebastian-fr","11":"first","12":"instock","13":"shipping-taxable","14":"purchasable","15":"product-type-simple"},"acf":[],"yoast_head":"<!-- This site is optimized with the Yoast SEO Premium plugin v25.3.1 (Yoast SEO v25.3.1) - https:\/\/yoast.com\/wordpress\/plugins\/seo\/ -->\n<title>\u27a1\ufe0f D\u00e9couvrez la c\u00f4te basque fran\u00e7aise : Excursion priv\u00e9e exclusive \u00e0 Saint Jean de Luz et Biarritz<\/title>\n<meta name=\"description\" content=\"D\u00e9couvrez l&#039;attrait de Saint-Jean-de-Luz et de Biarritz gr\u00e2ce \u00e0 notre excursion priv\u00e9e exclusive au d\u00e9part de Saint-S\u00e9bastien ou de Bilbao. Explorez les sites historiques, les panoramas et les d\u00e9lices culinaires le long de la pittoresque c\u00f4te basque fran\u00e7aise \u2705\" \/>\n<meta name=\"robots\" content=\"index, follow, max-snippet:-1, max-image-preview:large, max-video-preview:-1\" \/>\n<link rel=\"canonical\" href=\"https:\/\/tourtravelandmore.com\/fr\/tours\/espagne-fr\/san-sebastian-fr\/toutes-les-visites-et-activites-privees-fr-7\/private-saint-jean-de-luz-and-biarritz-tour\/\" \/>\n<meta property=\"og:locale\" content=\"fr_FR\" \/>\n<meta property=\"og:type\" content=\"article\" \/>\n<meta property=\"og:title\" content=\"Visite priv\u00e9e \u00e0 Saint Jean de Luz et Biarritz\" \/>\n<meta property=\"og:description\" content=\"D\u00e9couvrez l&#039;attrait de Saint-Jean-de-Luz et de Biarritz gr\u00e2ce \u00e0 notre excursion priv\u00e9e exclusive au d\u00e9part de Saint-S\u00e9bastien ou de Bilbao. Explorez les sites historiques, les panoramas et les d\u00e9lices culinaires le long de la pittoresque c\u00f4te basque fran\u00e7aise \u2705\" \/>\n<meta property=\"og:url\" content=\"https:\/\/tourtravelandmore.com\/fr\/tours\/espagne-fr\/san-sebastian-fr\/toutes-les-visites-et-activites-privees-fr-7\/private-saint-jean-de-luz-and-biarritz-tour\/\" \/>\n<meta property=\"og:site_name\" content=\"Tour Travel And More\" \/>\n<meta property=\"article:publisher\" content=\"https:\/\/www.facebook.com\/tourtravelandmore\/\" \/>\n<meta property=\"article:modified_time\" content=\"2024-03-15T16:59:16+00:00\" \/>\n<meta property=\"og:image\" content=\"https:\/\/tourtravelandmore.com\/wp-content\/uploads\/2016\/07\/IMG_7098.jpg\" \/>\n\t<meta property=\"og:image:width\" content=\"1536\" \/>\n\t<meta property=\"og:image:height\" content=\"1024\" \/>\n\t<meta property=\"og:image:type\" content=\"image\/jpeg\" \/>\n<meta name=\"twitter:card\" content=\"summary_large_image\" \/>\n<meta name=\"twitter:site\" content=\"@TourTravel_More\" \/>\n<meta name=\"twitter:label1\" content=\"Dur\u00e9e de lecture estim\u00e9e\" \/>\n\t<meta name=\"twitter:data1\" content=\"4 minutes\" \/>\n<script type=\"application\/ld+json\" class=\"yoast-schema-graph\">{\"@context\":\"https:\/\/schema.org\",\"@graph\":[{\"@type\":\"WebPage\",\"@id\":\"https:\/\/tourtravelandmore.com\/fr\/tours\/espagne-fr\/san-sebastian-fr\/toutes-les-visites-et-activites-privees-fr-7\/private-saint-jean-de-luz-and-biarritz-tour\/\",\"url\":\"https:\/\/tourtravelandmore.com\/fr\/tours\/espagne-fr\/san-sebastian-fr\/toutes-les-visites-et-activites-privees-fr-7\/private-saint-jean-de-luz-and-biarritz-tour\/\",\"name\":\"\u27a1\ufe0f D\u00e9couvrez la c\u00f4te basque fran\u00e7aise : Excursion priv\u00e9e exclusive \u00e0 Saint Jean de Luz et Biarritz\",\"isPartOf\":{\"@id\":\"https:\/\/tourtravelandmore.com\/fr\/#website\"},\"primaryImageOfPage\":{\"@id\":\"https:\/\/tourtravelandmore.com\/fr\/tours\/espagne-fr\/san-sebastian-fr\/toutes-les-visites-et-activites-privees-fr-7\/private-saint-jean-de-luz-and-biarritz-tour\/#primaryimage\"},\"image\":{\"@id\":\"https:\/\/tourtravelandmore.com\/fr\/tours\/espagne-fr\/san-sebastian-fr\/toutes-les-visites-et-activites-privees-fr-7\/private-saint-jean-de-luz-and-biarritz-tour\/#primaryimage\"},\"thumbnailUrl\":\"https:\/\/tourtravelandmore.com\/wp-content\/uploads\/2016\/07\/IMG_7098.jpg\",\"datePublished\":\"2016-07-12T18:37:56+00:00\",\"dateModified\":\"2024-03-15T16:59:16+00:00\",\"description\":\"D\u00e9couvrez l'attrait de Saint-Jean-de-Luz et de Biarritz gr\u00e2ce \u00e0 notre excursion priv\u00e9e exclusive au d\u00e9part de Saint-S\u00e9bastien ou de Bilbao. Explorez les sites historiques, les panoramas et les d\u00e9lices culinaires le long de la pittoresque c\u00f4te basque fran\u00e7aise \u2705\",\"breadcrumb\":{\"@id\":\"https:\/\/tourtravelandmore.com\/fr\/tours\/espagne-fr\/san-sebastian-fr\/toutes-les-visites-et-activites-privees-fr-7\/private-saint-jean-de-luz-and-biarritz-tour\/#breadcrumb\"},\"inLanguage\":\"fr-FR\",\"potentialAction\":[{\"@type\":\"ReadAction\",\"target\":[\"https:\/\/tourtravelandmore.com\/fr\/tours\/espagne-fr\/san-sebastian-fr\/toutes-les-visites-et-activites-privees-fr-7\/private-saint-jean-de-luz-and-biarritz-tour\/\"]}]},{\"@type\":\"ImageObject\",\"inLanguage\":\"fr-FR\",\"@id\":\"https:\/\/tourtravelandmore.com\/fr\/tours\/espagne-fr\/san-sebastian-fr\/toutes-les-visites-et-activites-privees-fr-7\/private-saint-jean-de-luz-and-biarritz-tour\/#primaryimage\",\"url\":\"https:\/\/tourtravelandmore.com\/wp-content\/uploads\/2016\/07\/IMG_7098.jpg\",\"contentUrl\":\"https:\/\/tourtravelandmore.com\/wp-content\/uploads\/2016\/07\/IMG_7098.jpg\",\"width\":1536,\"height\":1024},{\"@type\":\"BreadcrumbList\",\"@id\":\"https:\/\/tourtravelandmore.com\/fr\/tours\/espagne-fr\/san-sebastian-fr\/toutes-les-visites-et-activites-privees-fr-7\/private-saint-jean-de-luz-and-biarritz-tour\/#breadcrumb\",\"itemListElement\":[{\"@type\":\"ListItem\",\"position\":1,\"name\":\"Home\",\"item\":\"https:\/\/tourtravelandmore.com\/fr\/\"},{\"@type\":\"ListItem\",\"position\":2,\"name\":\"Tours\",\"item\":\"https:\/\/tourtravelandmore.com\/fr\/tours\/\"},{\"@type\":\"ListItem\",\"position\":3,\"name\":\"Visite priv\u00e9e \u00e0 Saint Jean de Luz et Biarritz\"}]},{\"@type\":\"WebSite\",\"@id\":\"https:\/\/tourtravelandmore.com\/fr\/#website\",\"url\":\"https:\/\/tourtravelandmore.com\/fr\/\",\"name\":\"Tour Travel And More\",\"description\":\"Private sightseeing tours and luxury transfers in Spain\",\"publisher\":{\"@id\":\"https:\/\/tourtravelandmore.com\/fr\/#organization\"},\"potentialAction\":[{\"@type\":\"SearchAction\",\"target\":{\"@type\":\"EntryPoint\",\"urlTemplate\":\"https:\/\/tourtravelandmore.com\/fr\/?s={search_term_string}\"},\"query-input\":{\"@type\":\"PropertyValueSpecification\",\"valueRequired\":true,\"valueName\":\"search_term_string\"}}],\"inLanguage\":\"fr-FR\"},{\"@type\":\"Organization\",\"@id\":\"https:\/\/tourtravelandmore.com\/fr\/#organization\",\"name\":\"Tour Travel And More\",\"url\":\"https:\/\/tourtravelandmore.com\/fr\/\",\"logo\":{\"@type\":\"ImageObject\",\"inLanguage\":\"fr-FR\",\"@id\":\"https:\/\/tourtravelandmore.com\/fr\/#\/schema\/logo\/image\/\",\"url\":\"https:\/\/tourtravelandmore.com\/wp-content\/uploads\/2022\/12\/cropped-logo-cabecera-new.png\",\"contentUrl\":\"https:\/\/tourtravelandmore.com\/wp-content\/uploads\/2022\/12\/cropped-logo-cabecera-new.png\",\"width\":430,\"height\":61,\"caption\":\"Tour Travel And More\"},\"image\":{\"@id\":\"https:\/\/tourtravelandmore.com\/fr\/#\/schema\/logo\/image\/\"},\"sameAs\":[\"https:\/\/www.facebook.com\/tourtravelandmore\/\",\"https:\/\/x.com\/TourTravel_More\"]}]}<\/script>\n<!-- \/ Yoast SEO Premium plugin. -->","yoast_head_json":{"title":"\u27a1\ufe0f D\u00e9couvrez la c\u00f4te basque fran\u00e7aise : Excursion priv\u00e9e exclusive \u00e0 Saint Jean de Luz et Biarritz","description":"D\u00e9couvrez l'attrait de Saint-Jean-de-Luz et de Biarritz gr\u00e2ce \u00e0 notre excursion priv\u00e9e exclusive au d\u00e9part de Saint-S\u00e9bastien ou de Bilbao. Explorez les sites historiques, les panoramas et les d\u00e9lices culinaires le long de la pittoresque c\u00f4te basque fran\u00e7aise \u2705","robots":{"index":"index","follow":"follow","max-snippet":"max-snippet:-1","max-image-preview":"max-image-preview:large","max-video-preview":"max-video-preview:-1"},"canonical":"https:\/\/tourtravelandmore.com\/fr\/tours\/espagne-fr\/san-sebastian-fr\/toutes-les-visites-et-activites-privees-fr-7\/private-saint-jean-de-luz-and-biarritz-tour\/","og_locale":"fr_FR","og_type":"article","og_title":"Visite priv\u00e9e \u00e0 Saint Jean de Luz et Biarritz","og_description":"D\u00e9couvrez l'attrait de Saint-Jean-de-Luz et de Biarritz gr\u00e2ce \u00e0 notre excursion priv\u00e9e exclusive au d\u00e9part de Saint-S\u00e9bastien ou de Bilbao. Explorez les sites historiques, les panoramas et les d\u00e9lices culinaires le long de la pittoresque c\u00f4te basque fran\u00e7aise \u2705","og_url":"https:\/\/tourtravelandmore.com\/fr\/tours\/espagne-fr\/san-sebastian-fr\/toutes-les-visites-et-activites-privees-fr-7\/private-saint-jean-de-luz-and-biarritz-tour\/","og_site_name":"Tour Travel And More","article_publisher":"https:\/\/www.facebook.com\/tourtravelandmore\/","article_modified_time":"2024-03-15T16:59:16+00:00","og_image":[{"width":1536,"height":1024,"url":"https:\/\/tourtravelandmore.com\/wp-content\/uploads\/2016\/07\/IMG_7098.jpg","type":"image\/jpeg"}],"twitter_card":"summary_large_image","twitter_site":"@TourTravel_More","twitter_misc":{"Dur\u00e9e de lecture estim\u00e9e":"4 minutes"},"schema":{"@context":"https:\/\/schema.org","@graph":[{"@type":"WebPage","@id":"https:\/\/tourtravelandmore.com\/fr\/tours\/espagne-fr\/san-sebastian-fr\/toutes-les-visites-et-activites-privees-fr-7\/private-saint-jean-de-luz-and-biarritz-tour\/","url":"https:\/\/tourtravelandmore.com\/fr\/tours\/espagne-fr\/san-sebastian-fr\/toutes-les-visites-et-activites-privees-fr-7\/private-saint-jean-de-luz-and-biarritz-tour\/","name":"\u27a1\ufe0f D\u00e9couvrez la c\u00f4te basque fran\u00e7aise : Excursion priv\u00e9e exclusive \u00e0 Saint Jean de Luz et Biarritz","isPartOf":{"@id":"https:\/\/tourtravelandmore.com\/fr\/#website"},"primaryImageOfPage":{"@id":"https:\/\/tourtravelandmore.com\/fr\/tours\/espagne-fr\/san-sebastian-fr\/toutes-les-visites-et-activites-privees-fr-7\/private-saint-jean-de-luz-and-biarritz-tour\/#primaryimage"},"image":{"@id":"https:\/\/tourtravelandmore.com\/fr\/tours\/espagne-fr\/san-sebastian-fr\/toutes-les-visites-et-activites-privees-fr-7\/private-saint-jean-de-luz-and-biarritz-tour\/#primaryimage"},"thumbnailUrl":"https:\/\/tourtravelandmore.com\/wp-content\/uploads\/2016\/07\/IMG_7098.jpg","datePublished":"2016-07-12T18:37:56+00:00","dateModified":"2024-03-15T16:59:16+00:00","description":"D\u00e9couvrez l'attrait de Saint-Jean-de-Luz et de Biarritz gr\u00e2ce \u00e0 notre excursion priv\u00e9e exclusive au d\u00e9part de Saint-S\u00e9bastien ou de Bilbao. Explorez les sites historiques, les panoramas et les d\u00e9lices culinaires le long de la pittoresque c\u00f4te basque fran\u00e7aise \u2705","breadcrumb":{"@id":"https:\/\/tourtravelandmore.com\/fr\/tours\/espagne-fr\/san-sebastian-fr\/toutes-les-visites-et-activites-privees-fr-7\/private-saint-jean-de-luz-and-biarritz-tour\/#breadcrumb"},"inLanguage":"fr-FR","potentialAction":[{"@type":"ReadAction","target":["https:\/\/tourtravelandmore.com\/fr\/tours\/espagne-fr\/san-sebastian-fr\/toutes-les-visites-et-activites-privees-fr-7\/private-saint-jean-de-luz-and-biarritz-tour\/"]}]},{"@type":"ImageObject","inLanguage":"fr-FR","@id":"https:\/\/tourtravelandmore.com\/fr\/tours\/espagne-fr\/san-sebastian-fr\/toutes-les-visites-et-activites-privees-fr-7\/private-saint-jean-de-luz-and-biarritz-tour\/#primaryimage","url":"https:\/\/tourtravelandmore.com\/wp-content\/uploads\/2016\/07\/IMG_7098.jpg","contentUrl":"https:\/\/tourtravelandmore.com\/wp-content\/uploads\/2016\/07\/IMG_7098.jpg","width":1536,"height":1024},{"@type":"BreadcrumbList","@id":"https:\/\/tourtravelandmore.com\/fr\/tours\/espagne-fr\/san-sebastian-fr\/toutes-les-visites-et-activites-privees-fr-7\/private-saint-jean-de-luz-and-biarritz-tour\/#breadcrumb","itemListElement":[{"@type":"ListItem","position":1,"name":"Home","item":"https:\/\/tourtravelandmore.com\/fr\/"},{"@type":"ListItem","position":2,"name":"Tours","item":"https:\/\/tourtravelandmore.com\/fr\/tours\/"},{"@type":"ListItem","position":3,"name":"Visite priv\u00e9e \u00e0 Saint Jean de Luz et Biarritz"}]},{"@type":"WebSite","@id":"https:\/\/tourtravelandmore.com\/fr\/#website","url":"https:\/\/tourtravelandmore.com\/fr\/","name":"Tour Travel And More","description":"Private sightseeing tours and luxury transfers in Spain","publisher":{"@id":"https:\/\/tourtravelandmore.com\/fr\/#organization"},"potentialAction":[{"@type":"SearchAction","target":{"@type":"EntryPoint","urlTemplate":"https:\/\/tourtravelandmore.com\/fr\/?s={search_term_string}"},"query-input":{"@type":"PropertyValueSpecification","valueRequired":true,"valueName":"search_term_string"}}],"inLanguage":"fr-FR"},{"@type":"Organization","@id":"https:\/\/tourtravelandmore.com\/fr\/#organization","name":"Tour Travel And More","url":"https:\/\/tourtravelandmore.com\/fr\/","logo":{"@type":"ImageObject","inLanguage":"fr-FR","@id":"https:\/\/tourtravelandmore.com\/fr\/#\/schema\/logo\/image\/","url":"https:\/\/tourtravelandmore.com\/wp-content\/uploads\/2022\/12\/cropped-logo-cabecera-new.png","contentUrl":"https:\/\/tourtravelandmore.com\/wp-content\/uploads\/2022\/12\/cropped-logo-cabecera-new.png","width":430,"height":61,"caption":"Tour Travel And More"},"image":{"@id":"https:\/\/tourtravelandmore.com\/fr\/#\/schema\/logo\/image\/"},"sameAs":["https:\/\/www.facebook.com\/tourtravelandmore\/","https:\/\/x.com\/TourTravel_More"]}]}},"_links":{"self":[{"href":"https:\/\/tourtravelandmore.com\/fr\/wp-json\/wp\/v2\/product\/100397","targetHints":{"allow":["GET"]}}],"collection":[{"href":"https:\/\/tourtravelandmore.com\/fr\/wp-json\/wp\/v2\/product"}],"about":[{"href":"https:\/\/tourtravelandmore.com\/fr\/wp-json\/wp\/v2\/types\/product"}],"replies":[{"embeddable":true,"href":"https:\/\/tourtravelandmore.com\/fr\/wp-json\/wp\/v2\/comments?post=100397"}],"wp:featuredmedia":[{"embeddable":true,"href":"https:\/\/tourtravelandmore.com\/fr\/wp-json\/wp\/v2\/media\/93795"}],"wp:attachment":[{"href":"https:\/\/tourtravelandmore.com\/fr\/wp-json\/wp\/v2\/media?parent=100397"}],"wp:term":[{"taxonomy":"product_brand","embeddable":true,"href":"https:\/\/tourtravelandmore.com\/fr\/wp-json\/wp\/v2\/product_brand?post=100397"},{"taxonomy":"product_cat","embeddable":true,"href":"https:\/\/tourtravelandmore.com\/fr\/wp-json\/wp\/v2\/product_cat?post=100397"},{"taxonomy":"product_tag","embeddable":true,"href":"https:\/\/tourtravelandmore.com\/fr\/wp-json\/wp\/v2\/product_tag?post=100397"}],"curies":[{"name":"wp","href":"https:\/\/api.w.org\/{rel}","templated":true}]}}