{"id":100392,"date":"2016-08-26T12:18:23","date_gmt":"2016-08-26T10:18:23","guid":{"rendered":"https:\/\/tourtravelandmore.com\/tours\/non class\u00e9\/transfert-prive-marbella-vers-nimporte-quelle-ville-dandalousie\/"},"modified":"2016-08-26T12:18:23","modified_gmt":"2016-08-26T10:18:23","slug":"transfert-prive-marbella-vers-nimporte-quelle-ville-dandalousie","status":"publish","type":"product","link":"https:\/\/tourtravelandmore.com\/fr\/tours\/espagne-fr\/marbellapuertobanus-fr\/all-private-tours-activities-fr-13\/transfert-prive-marbella-vers-nimporte-quelle-ville-dandalousie\/","title":{"rendered":"Transfert priv\u00e9 Marbella vers n&#8217;importe quelle ville d&#8217;Andalousie"},"content":{"rendered":"<h2>Description<\/h2>\n<p>Avec ce transfert priv\u00e9, nous offrons le moyen le plus rapide de se rendre de n&#8217;importe quelle ville \u00e0 Marbella ou Puerto Banus. Ce transfert priv\u00e9 \u00e0 Marbella est le moyen le plus rapide et le plus s\u00fbr de le faire.<\/p>\n<p>Pour ce transfert priv\u00e9 \u00e0 Marbella, nous pouvons organiser la prise en charge depuis n&#8217;importe quel endroit de votre choix. Le ramassage peut \u00eatre de Marbella, Puerto Banus ou Malaga. Nous pouvons \u00e9galement organiser une prise en charge depuis n&#8217;importe quelle autre ville d&#8217;Andalousie. Les transferts peuvent \u00eatre effectu\u00e9s de n&#8217;importe o\u00f9, m\u00eame des ports de ferry de Tarifa ou d&#8217;Alg\u00e9siras. Tout ce que vous avez \u00e0 faire est de contacter nos experts en voyages et nous organiserons votre transfert priv\u00e9.<\/p>\n<p>Pour ce transfert priv\u00e9 de luxe, notre chauffeur vous attendra avec une pancarte avec votre nom dessus. D\u00e8s que vous serez accueilli, nous nous dirigerons vers le v\u00e9hicule priv\u00e9. Une fois que vous serez avec votre chauffeur, nous nous dirigerons vers votre destination \u00e0 Marbella.<\/p>\n<p>Ce transfert priv\u00e9 peut \u00e9galement \u00eatre de Marbella vers n&#8217;importe quelle destination en Andalousie. Notre \u00e9quipe d&#8217;experts attend votre message pour organiser le service parfait pour vous.<\/p>\n<p>Pour ces transferts, nous calculons un bagage par personne. Cela ne signifie pas que vous ne pouvez pas en apporter plus, car nous ne limitons pas le nombre de bagages. Nous aurions juste besoin de savoir. Nos v\u00e9hicules peuvent transporter une seule pi\u00e8ce par personne, alors faites-nous savoir si vous en avez plus et nous adapterons notre v\u00e9hicule priv\u00e9.<\/p>\n<h2>Sites d&#8217;int\u00e9r\u00eat et monuments<\/h2>\n<p>Marbella et Puerto Banus est une ville d&#8217;Andalousie dans le sud de l&#8217;Espagne, dans la province de Malaga. Il a de belles plages et des zones c\u00f4ti\u00e8res \u00e0 Malaga et en Andalousie. C&#8217;est un endroit id\u00e9al pour des vacances \u00e0 la plage ainsi qu&#8217;une excellente exp\u00e9rience en ville.<\/p>\n<p>D\u00e9couvrez nos visites priv\u00e9es \u00e0 Marbella et nos excursions d&#8217;une journ\u00e9e ici!<\/p>\n","protected":false},"excerpt":{"rendered":"<p>Transfert unidirectionnel simple, s\u00fbr et rapide Moyen confortable et s\u00fbr d&#8217;arriver \u00e0 votre destination finale. Transfert priv\u00e9 \u00e0 Marbella dans un v\u00e9hicule de luxe avec chauffeur pour vous emmener \u00e0 l&#8217;emplacement de votre choix.<\/p>\n","protected":false},"featured_media":93668,"comment_status":"open","ping_status":"closed","template":"","meta":{"_acf_changed":false},"product_brand":[],"product_cat":[3652,4252],"product_tag":[],"class_list":{"0":"post-100392","1":"product","2":"type-product","3":"status-publish","4":"has-post-thumbnail","6":"product_cat-marbellapuertobanus-fr","7":"product_cat-all-private-tours-activities-fr-13","9":"first","10":"instock","11":"shipping-taxable","12":"purchasable","13":"product-type-simple"},"acf":[],"yoast_head":"<!-- This site is optimized with the Yoast SEO Premium plugin v25.3.1 (Yoast SEO v25.3.1) - https:\/\/yoast.com\/wordpress\/plugins\/seo\/ -->\n<title>Transfert priv\u00e9 \u00e0 Marbella - V\u00e9hicule de luxe priv\u00e9 avec chauffeur<\/title>\n<meta name=\"description\" content=\"Moyen confortable et s\u00fbr d&#039;arriver \u00e0 votre destination finale. Transfert priv\u00e9 \u00e0 Marbella dans un v\u00e9hicule de luxe avec chauffeur pour vous emmener \u00e0 l&#039;emplacement de votre choix.\" \/>\n<meta name=\"robots\" content=\"index, follow, max-snippet:-1, max-image-preview:large, max-video-preview:-1\" \/>\n<link rel=\"canonical\" href=\"https:\/\/tourtravelandmore.com\/fr\/tours\/espagne-fr\/marbellapuertobanus-fr\/all-private-tours-activities-fr-13\/transfert-prive-marbella-vers-nimporte-quelle-ville-dandalousie\/\" \/>\n<meta property=\"og:locale\" content=\"fr_FR\" \/>\n<meta property=\"og:type\" content=\"article\" \/>\n<meta property=\"og:title\" content=\"Transfert priv\u00e9 Marbella vers n&#039;importe quelle ville d&#039;Andalousie\" \/>\n<meta property=\"og:description\" content=\"Moyen confortable et s\u00fbr d&#039;arriver \u00e0 votre destination finale. Transfert priv\u00e9 \u00e0 Marbella dans un v\u00e9hicule de luxe avec chauffeur pour vous emmener \u00e0 l&#039;emplacement de votre choix.\" \/>\n<meta property=\"og:url\" content=\"https:\/\/tourtravelandmore.com\/fr\/tours\/espagne-fr\/marbellapuertobanus-fr\/all-private-tours-activities-fr-13\/transfert-prive-marbella-vers-nimporte-quelle-ville-dandalousie\/\" \/>\n<meta property=\"og:site_name\" content=\"Tour Travel And More\" \/>\n<meta property=\"article:publisher\" content=\"https:\/\/www.facebook.com\/tourtravelandmore\/\" \/>\n<meta property=\"og:image\" content=\"https:\/\/tourtravelandmore.com\/wp-content\/uploads\/2016\/03\/CLASE-S-1-copia.png\" \/>\n\t<meta property=\"og:image:width\" content=\"640\" \/>\n\t<meta property=\"og:image:height\" content=\"425\" \/>\n\t<meta property=\"og:image:type\" content=\"image\/png\" \/>\n<meta name=\"twitter:card\" content=\"summary_large_image\" \/>\n<meta name=\"twitter:site\" content=\"@TourTravel_More\" \/>\n<meta name=\"twitter:label1\" content=\"Dur\u00e9e de lecture estim\u00e9e\" \/>\n\t<meta name=\"twitter:data1\" content=\"2 minutes\" \/>\n<script type=\"application\/ld+json\" class=\"yoast-schema-graph\">{\"@context\":\"https:\/\/schema.org\",\"@graph\":[{\"@type\":\"WebPage\",\"@id\":\"https:\/\/tourtravelandmore.com\/fr\/tours\/espagne-fr\/marbellapuertobanus-fr\/all-private-tours-activities-fr-13\/transfert-prive-marbella-vers-nimporte-quelle-ville-dandalousie\/\",\"url\":\"https:\/\/tourtravelandmore.com\/fr\/tours\/espagne-fr\/marbellapuertobanus-fr\/all-private-tours-activities-fr-13\/transfert-prive-marbella-vers-nimporte-quelle-ville-dandalousie\/\",\"name\":\"Transfert priv\u00e9 \u00e0 Marbella - V\u00e9hicule de luxe priv\u00e9 avec chauffeur\",\"isPartOf\":{\"@id\":\"https:\/\/tourtravelandmore.com\/fr\/#website\"},\"primaryImageOfPage\":{\"@id\":\"https:\/\/tourtravelandmore.com\/fr\/tours\/espagne-fr\/marbellapuertobanus-fr\/all-private-tours-activities-fr-13\/transfert-prive-marbella-vers-nimporte-quelle-ville-dandalousie\/#primaryimage\"},\"image\":{\"@id\":\"https:\/\/tourtravelandmore.com\/fr\/tours\/espagne-fr\/marbellapuertobanus-fr\/all-private-tours-activities-fr-13\/transfert-prive-marbella-vers-nimporte-quelle-ville-dandalousie\/#primaryimage\"},\"thumbnailUrl\":\"https:\/\/tourtravelandmore.com\/wp-content\/uploads\/2016\/03\/CLASE-S-1-copia.png\",\"datePublished\":\"2016-08-26T10:18:23+00:00\",\"description\":\"Moyen confortable et s\u00fbr d'arriver \u00e0 votre destination finale. Transfert priv\u00e9 \u00e0 Marbella dans un v\u00e9hicule de luxe avec chauffeur pour vous emmener \u00e0 l'emplacement de votre choix.\",\"breadcrumb\":{\"@id\":\"https:\/\/tourtravelandmore.com\/fr\/tours\/espagne-fr\/marbellapuertobanus-fr\/all-private-tours-activities-fr-13\/transfert-prive-marbella-vers-nimporte-quelle-ville-dandalousie\/#breadcrumb\"},\"inLanguage\":\"fr-FR\",\"potentialAction\":[{\"@type\":\"ReadAction\",\"target\":[\"https:\/\/tourtravelandmore.com\/fr\/tours\/espagne-fr\/marbellapuertobanus-fr\/all-private-tours-activities-fr-13\/transfert-prive-marbella-vers-nimporte-quelle-ville-dandalousie\/\"]}]},{\"@type\":\"ImageObject\",\"inLanguage\":\"fr-FR\",\"@id\":\"https:\/\/tourtravelandmore.com\/fr\/tours\/espagne-fr\/marbellapuertobanus-fr\/all-private-tours-activities-fr-13\/transfert-prive-marbella-vers-nimporte-quelle-ville-dandalousie\/#primaryimage\",\"url\":\"https:\/\/tourtravelandmore.com\/wp-content\/uploads\/2016\/03\/CLASE-S-1-copia.png\",\"contentUrl\":\"https:\/\/tourtravelandmore.com\/wp-content\/uploads\/2016\/03\/CLASE-S-1-copia.png\",\"width\":640,\"height\":425},{\"@type\":\"BreadcrumbList\",\"@id\":\"https:\/\/tourtravelandmore.com\/fr\/tours\/espagne-fr\/marbellapuertobanus-fr\/all-private-tours-activities-fr-13\/transfert-prive-marbella-vers-nimporte-quelle-ville-dandalousie\/#breadcrumb\",\"itemListElement\":[{\"@type\":\"ListItem\",\"position\":1,\"name\":\"Home\",\"item\":\"https:\/\/tourtravelandmore.com\/fr\/\"},{\"@type\":\"ListItem\",\"position\":2,\"name\":\"Tours\",\"item\":\"https:\/\/tourtravelandmore.com\/fr\/tours\/\"},{\"@type\":\"ListItem\",\"position\":3,\"name\":\"Transfert priv\u00e9 Marbella vers n&rsquo;importe quelle ville d&rsquo;Andalousie\"}]},{\"@type\":\"WebSite\",\"@id\":\"https:\/\/tourtravelandmore.com\/fr\/#website\",\"url\":\"https:\/\/tourtravelandmore.com\/fr\/\",\"name\":\"Tour Travel And More\",\"description\":\"Private sightseeing tours and luxury transfers in Spain\",\"publisher\":{\"@id\":\"https:\/\/tourtravelandmore.com\/fr\/#organization\"},\"potentialAction\":[{\"@type\":\"SearchAction\",\"target\":{\"@type\":\"EntryPoint\",\"urlTemplate\":\"https:\/\/tourtravelandmore.com\/fr\/?s={search_term_string}\"},\"query-input\":{\"@type\":\"PropertyValueSpecification\",\"valueRequired\":true,\"valueName\":\"search_term_string\"}}],\"inLanguage\":\"fr-FR\"},{\"@type\":\"Organization\",\"@id\":\"https:\/\/tourtravelandmore.com\/fr\/#organization\",\"name\":\"Tour Travel And More\",\"url\":\"https:\/\/tourtravelandmore.com\/fr\/\",\"logo\":{\"@type\":\"ImageObject\",\"inLanguage\":\"fr-FR\",\"@id\":\"https:\/\/tourtravelandmore.com\/fr\/#\/schema\/logo\/image\/\",\"url\":\"https:\/\/tourtravelandmore.com\/wp-content\/uploads\/2022\/12\/cropped-logo-cabecera-new.png\",\"contentUrl\":\"https:\/\/tourtravelandmore.com\/wp-content\/uploads\/2022\/12\/cropped-logo-cabecera-new.png\",\"width\":430,\"height\":61,\"caption\":\"Tour Travel And More\"},\"image\":{\"@id\":\"https:\/\/tourtravelandmore.com\/fr\/#\/schema\/logo\/image\/\"},\"sameAs\":[\"https:\/\/www.facebook.com\/tourtravelandmore\/\",\"https:\/\/x.com\/TourTravel_More\"]}]}<\/script>\n<!-- \/ Yoast SEO Premium plugin. -->","yoast_head_json":{"title":"Transfert priv\u00e9 \u00e0 Marbella - V\u00e9hicule de luxe priv\u00e9 avec chauffeur","description":"Moyen confortable et s\u00fbr d'arriver \u00e0 votre destination finale. Transfert priv\u00e9 \u00e0 Marbella dans un v\u00e9hicule de luxe avec chauffeur pour vous emmener \u00e0 l'emplacement de votre choix.","robots":{"index":"index","follow":"follow","max-snippet":"max-snippet:-1","max-image-preview":"max-image-preview:large","max-video-preview":"max-video-preview:-1"},"canonical":"https:\/\/tourtravelandmore.com\/fr\/tours\/espagne-fr\/marbellapuertobanus-fr\/all-private-tours-activities-fr-13\/transfert-prive-marbella-vers-nimporte-quelle-ville-dandalousie\/","og_locale":"fr_FR","og_type":"article","og_title":"Transfert priv\u00e9 Marbella vers n'importe quelle ville d'Andalousie","og_description":"Moyen confortable et s\u00fbr d'arriver \u00e0 votre destination finale. Transfert priv\u00e9 \u00e0 Marbella dans un v\u00e9hicule de luxe avec chauffeur pour vous emmener \u00e0 l'emplacement de votre choix.","og_url":"https:\/\/tourtravelandmore.com\/fr\/tours\/espagne-fr\/marbellapuertobanus-fr\/all-private-tours-activities-fr-13\/transfert-prive-marbella-vers-nimporte-quelle-ville-dandalousie\/","og_site_name":"Tour Travel And More","article_publisher":"https:\/\/www.facebook.com\/tourtravelandmore\/","og_image":[{"width":640,"height":425,"url":"https:\/\/tourtravelandmore.com\/wp-content\/uploads\/2016\/03\/CLASE-S-1-copia.png","type":"image\/png"}],"twitter_card":"summary_large_image","twitter_site":"@TourTravel_More","twitter_misc":{"Dur\u00e9e de lecture estim\u00e9e":"2 minutes"},"schema":{"@context":"https:\/\/schema.org","@graph":[{"@type":"WebPage","@id":"https:\/\/tourtravelandmore.com\/fr\/tours\/espagne-fr\/marbellapuertobanus-fr\/all-private-tours-activities-fr-13\/transfert-prive-marbella-vers-nimporte-quelle-ville-dandalousie\/","url":"https:\/\/tourtravelandmore.com\/fr\/tours\/espagne-fr\/marbellapuertobanus-fr\/all-private-tours-activities-fr-13\/transfert-prive-marbella-vers-nimporte-quelle-ville-dandalousie\/","name":"Transfert priv\u00e9 \u00e0 Marbella - V\u00e9hicule de luxe priv\u00e9 avec chauffeur","isPartOf":{"@id":"https:\/\/tourtravelandmore.com\/fr\/#website"},"primaryImageOfPage":{"@id":"https:\/\/tourtravelandmore.com\/fr\/tours\/espagne-fr\/marbellapuertobanus-fr\/all-private-tours-activities-fr-13\/transfert-prive-marbella-vers-nimporte-quelle-ville-dandalousie\/#primaryimage"},"image":{"@id":"https:\/\/tourtravelandmore.com\/fr\/tours\/espagne-fr\/marbellapuertobanus-fr\/all-private-tours-activities-fr-13\/transfert-prive-marbella-vers-nimporte-quelle-ville-dandalousie\/#primaryimage"},"thumbnailUrl":"https:\/\/tourtravelandmore.com\/wp-content\/uploads\/2016\/03\/CLASE-S-1-copia.png","datePublished":"2016-08-26T10:18:23+00:00","description":"Moyen confortable et s\u00fbr d'arriver \u00e0 votre destination finale. Transfert priv\u00e9 \u00e0 Marbella dans un v\u00e9hicule de luxe avec chauffeur pour vous emmener \u00e0 l'emplacement de votre choix.","breadcrumb":{"@id":"https:\/\/tourtravelandmore.com\/fr\/tours\/espagne-fr\/marbellapuertobanus-fr\/all-private-tours-activities-fr-13\/transfert-prive-marbella-vers-nimporte-quelle-ville-dandalousie\/#breadcrumb"},"inLanguage":"fr-FR","potentialAction":[{"@type":"ReadAction","target":["https:\/\/tourtravelandmore.com\/fr\/tours\/espagne-fr\/marbellapuertobanus-fr\/all-private-tours-activities-fr-13\/transfert-prive-marbella-vers-nimporte-quelle-ville-dandalousie\/"]}]},{"@type":"ImageObject","inLanguage":"fr-FR","@id":"https:\/\/tourtravelandmore.com\/fr\/tours\/espagne-fr\/marbellapuertobanus-fr\/all-private-tours-activities-fr-13\/transfert-prive-marbella-vers-nimporte-quelle-ville-dandalousie\/#primaryimage","url":"https:\/\/tourtravelandmore.com\/wp-content\/uploads\/2016\/03\/CLASE-S-1-copia.png","contentUrl":"https:\/\/tourtravelandmore.com\/wp-content\/uploads\/2016\/03\/CLASE-S-1-copia.png","width":640,"height":425},{"@type":"BreadcrumbList","@id":"https:\/\/tourtravelandmore.com\/fr\/tours\/espagne-fr\/marbellapuertobanus-fr\/all-private-tours-activities-fr-13\/transfert-prive-marbella-vers-nimporte-quelle-ville-dandalousie\/#breadcrumb","itemListElement":[{"@type":"ListItem","position":1,"name":"Home","item":"https:\/\/tourtravelandmore.com\/fr\/"},{"@type":"ListItem","position":2,"name":"Tours","item":"https:\/\/tourtravelandmore.com\/fr\/tours\/"},{"@type":"ListItem","position":3,"name":"Transfert priv\u00e9 Marbella vers n&rsquo;importe quelle ville d&rsquo;Andalousie"}]},{"@type":"WebSite","@id":"https:\/\/tourtravelandmore.com\/fr\/#website","url":"https:\/\/tourtravelandmore.com\/fr\/","name":"Tour Travel And More","description":"Private sightseeing tours and luxury transfers in Spain","publisher":{"@id":"https:\/\/tourtravelandmore.com\/fr\/#organization"},"potentialAction":[{"@type":"SearchAction","target":{"@type":"EntryPoint","urlTemplate":"https:\/\/tourtravelandmore.com\/fr\/?s={search_term_string}"},"query-input":{"@type":"PropertyValueSpecification","valueRequired":true,"valueName":"search_term_string"}}],"inLanguage":"fr-FR"},{"@type":"Organization","@id":"https:\/\/tourtravelandmore.com\/fr\/#organization","name":"Tour Travel And More","url":"https:\/\/tourtravelandmore.com\/fr\/","logo":{"@type":"ImageObject","inLanguage":"fr-FR","@id":"https:\/\/tourtravelandmore.com\/fr\/#\/schema\/logo\/image\/","url":"https:\/\/tourtravelandmore.com\/wp-content\/uploads\/2022\/12\/cropped-logo-cabecera-new.png","contentUrl":"https:\/\/tourtravelandmore.com\/wp-content\/uploads\/2022\/12\/cropped-logo-cabecera-new.png","width":430,"height":61,"caption":"Tour Travel And More"},"image":{"@id":"https:\/\/tourtravelandmore.com\/fr\/#\/schema\/logo\/image\/"},"sameAs":["https:\/\/www.facebook.com\/tourtravelandmore\/","https:\/\/x.com\/TourTravel_More"]}]}},"_links":{"self":[{"href":"https:\/\/tourtravelandmore.com\/fr\/wp-json\/wp\/v2\/product\/100392","targetHints":{"allow":["GET"]}}],"collection":[{"href":"https:\/\/tourtravelandmore.com\/fr\/wp-json\/wp\/v2\/product"}],"about":[{"href":"https:\/\/tourtravelandmore.com\/fr\/wp-json\/wp\/v2\/types\/product"}],"replies":[{"embeddable":true,"href":"https:\/\/tourtravelandmore.com\/fr\/wp-json\/wp\/v2\/comments?post=100392"}],"wp:featuredmedia":[{"embeddable":true,"href":"https:\/\/tourtravelandmore.com\/fr\/wp-json\/wp\/v2\/media\/93668"}],"wp:attachment":[{"href":"https:\/\/tourtravelandmore.com\/fr\/wp-json\/wp\/v2\/media?parent=100392"}],"wp:term":[{"taxonomy":"product_brand","embeddable":true,"href":"https:\/\/tourtravelandmore.com\/fr\/wp-json\/wp\/v2\/product_brand?post=100392"},{"taxonomy":"product_cat","embeddable":true,"href":"https:\/\/tourtravelandmore.com\/fr\/wp-json\/wp\/v2\/product_cat?post=100392"},{"taxonomy":"product_tag","embeddable":true,"href":"https:\/\/tourtravelandmore.com\/fr\/wp-json\/wp\/v2\/product_tag?post=100392"}],"curies":[{"name":"wp","href":"https:\/\/api.w.org\/{rel}","templated":true}]}}