{"id":100387,"date":"2016-08-26T11:52:40","date_gmt":"2016-08-26T09:52:40","guid":{"rendered":"https:\/\/tourtravelandmore.com\/tours\/non class\u00e9\/visite-privee-de-malaga-au-depart-de-marbella-ou-de-puerto-banus\/"},"modified":"2016-08-26T11:52:40","modified_gmt":"2016-08-26T09:52:40","slug":"visite-privee-de-malaga-au-depart-de-marbella-ou-de-puerto-banus","status":"publish","type":"product","link":"https:\/\/tourtravelandmore.com\/fr\/tours\/espagne-fr\/marbellapuertobanus-fr\/all-private-tours-activities-fr-13\/visite-privee-de-malaga-au-depart-de-marbella-ou-de-puerto-banus\/","title":{"rendered":"Visite priv\u00e9e de Malaga au d\u00e9part de Marbella ou de Puerto Banus"},"content":{"rendered":"<h2>Description<\/h2>\n<p>Marbella et Puerto Banus vous occuperont pendant tout votre temps de voyage! Cela ne signifie pas que vous ne pouvez pas passer une courte demi-journ\u00e9e pour visiter sa ville voisine de Malaga. Profitez d&#8217;une visite priv\u00e9e de Malaga au d\u00e9part de Marbella ou de Puerto Banus.<\/p>\n<p>Malaga est une ville qui a tellement \u00e0 offrir que vous ne pouvez pas y penser avec Espetos et ses plages! Malaga a beaucoup \u00e0 offrir de sa magnifique cath\u00e9drale, de son th\u00e9\u00e2tre romain, de sa vue sur l&#8217;Alcazaba et bien plus encore!<\/p>\n<p>Tout d&#8217;abord, notre chauffeur priv\u00e9 viendra vous chercher \u00e0 votre h\u00f4tel \u00e0 Marbella. Nous nous dirigerons ensuite vers Malaga. Une fois arriv\u00e9s \u00e0 Malaga, votre guide officiel vous attendra pour commencer la visite guid\u00e9e priv\u00e9e de 4 heures.<\/p>\n<p>\u00c0 Malaga, profitez de la visite guid\u00e9e priv\u00e9e de 4 heures de Malaga avec votre guide. Promenez-vous dans les rues uniques, d\u00e9couvrez les sites les plus importants et visitez les arr\u00eats incontournables de Malaga. Apr\u00e8s votre visite guid\u00e9e, nous vous ram\u00e8nerons vers Marbella ou Puerto Banus.<\/p>\n<p>Profitez de cette visite priv\u00e9e de Malaga au d\u00e9part de Marbella ou de Puerto Banus et d\u00e9couvrez la capitale de la Costa del Sol<\/p>\n<h2>Sites d&#8217;int\u00e9r\u00eat et monuments<\/h2>\n<p>Tout d&#8217;abord, nous organiserons une prise en charge confortable depuis votre h\u00f4tel \u00e0 Marbella.<\/p>\n<p>Lorsque nous atteignons Marbella, apr\u00e8s environ 1 heure de route, retrouvez votre guide priv\u00e9!<\/p>\n<p>Explorez la ville de Malaga avec votre guide priv\u00e9. Avoir une vue sur;<\/p>\n<ul>\n<li>Plaza de la Merced<\/li>\n<li>Forteresse maure de l&#8217;Alcazaba<\/li>\n<li>Th\u00e9\u00e2tre romain<\/li>\n<li>Cath\u00e9drale de Malaga<\/li>\n<li>Vue du ch\u00e2teau de Gibralfaro<\/li>\n<li>March\u00e9 Ataranzas<\/li>\n<li>Beaucoup plus!<\/li>\n<\/ul>\n<p>Apr\u00e8s votre visite guid\u00e9e priv\u00e9e, nous retournerons vers votre h\u00f4tel \u00e0 Marbella.<\/p>\n<p>D\u00e9couvrez les visites priv\u00e9es que nous proposons \u00e0 Marbella!<\/p>\n","protected":false},"excerpt":{"rendered":"<p>Visite priv\u00e9e de Malaga depuis Marbella ou Malaga. Guide touristique officiel priv\u00e9 une fois \u00e0 Malaga pendant 4 heures. V\u00e9hicule de luxe avec chauffeur pour une exp\u00e9rience compl\u00e8te.<\/p>\n","protected":false},"featured_media":93687,"comment_status":"open","ping_status":"closed","template":"","meta":{"_acf_changed":false},"product_brand":[],"product_cat":[3652,4252,4253],"product_tag":[],"class_list":{"0":"post-100387","1":"product","2":"type-product","3":"status-publish","4":"has-post-thumbnail","6":"product_cat-marbellapuertobanus-fr","7":"product_cat-all-private-tours-activities-fr-13","8":"product_cat-private-day-trips-fr-6","10":"first","11":"instock","12":"shipping-taxable","13":"purchasable","14":"product-type-simple"},"acf":[],"yoast_head":"<!-- This site is optimized with the Yoast SEO Premium plugin v25.3.1 (Yoast SEO v25.3.1) - https:\/\/yoast.com\/wordpress\/plugins\/seo\/ -->\n<title>Visite priv\u00e9e de Malaga au d\u00e9part de Marbella - Prise en charge et retour priv\u00e9s<\/title>\n<meta name=\"description\" content=\"Visite priv\u00e9e de Malaga au d\u00e9part de Marbella. Guide touristique officiel priv\u00e9 une fois \u00e0 Malaga pendant 4 heures. V\u00e9hicule de luxe avec chauffeur pour une exp\u00e9rience compl\u00e8te.\" \/>\n<meta name=\"robots\" content=\"index, follow, max-snippet:-1, max-image-preview:large, max-video-preview:-1\" \/>\n<link rel=\"canonical\" href=\"https:\/\/tourtravelandmore.com\/fr\/tours\/espagne-fr\/marbellapuertobanus-fr\/all-private-tours-activities-fr-13\/visite-privee-de-malaga-au-depart-de-marbella-ou-de-puerto-banus\/\" \/>\n<meta property=\"og:locale\" content=\"fr_FR\" \/>\n<meta property=\"og:type\" content=\"article\" \/>\n<meta property=\"og:title\" content=\"Visite priv\u00e9e de Malaga au d\u00e9part de Marbella ou de Puerto Banus\" \/>\n<meta property=\"og:description\" content=\"Visite priv\u00e9e de Malaga au d\u00e9part de Marbella. Guide touristique officiel priv\u00e9 une fois \u00e0 Malaga pendant 4 heures. V\u00e9hicule de luxe avec chauffeur pour une exp\u00e9rience compl\u00e8te.\" \/>\n<meta property=\"og:url\" content=\"https:\/\/tourtravelandmore.com\/fr\/tours\/espagne-fr\/marbellapuertobanus-fr\/all-private-tours-activities-fr-13\/visite-privee-de-malaga-au-depart-de-marbella-ou-de-puerto-banus\/\" \/>\n<meta property=\"og:site_name\" content=\"Tour Travel And More\" \/>\n<meta property=\"article:publisher\" content=\"https:\/\/www.facebook.com\/tourtravelandmore\/\" \/>\n<meta property=\"og:image\" content=\"https:\/\/tourtravelandmore.com\/wp-content\/uploads\/2016\/03\/Malaga-5.jpg\" \/>\n\t<meta property=\"og:image:width\" content=\"1620\" \/>\n\t<meta property=\"og:image:height\" content=\"1080\" \/>\n\t<meta property=\"og:image:type\" content=\"image\/jpeg\" \/>\n<meta name=\"twitter:card\" content=\"summary_large_image\" \/>\n<meta name=\"twitter:site\" content=\"@TourTravel_More\" \/>\n<meta name=\"twitter:label1\" content=\"Dur\u00e9e de lecture estim\u00e9e\" \/>\n\t<meta name=\"twitter:data1\" content=\"2 minutes\" \/>\n<script type=\"application\/ld+json\" class=\"yoast-schema-graph\">{\"@context\":\"https:\/\/schema.org\",\"@graph\":[{\"@type\":\"WebPage\",\"@id\":\"https:\/\/tourtravelandmore.com\/fr\/tours\/espagne-fr\/marbellapuertobanus-fr\/all-private-tours-activities-fr-13\/visite-privee-de-malaga-au-depart-de-marbella-ou-de-puerto-banus\/\",\"url\":\"https:\/\/tourtravelandmore.com\/fr\/tours\/espagne-fr\/marbellapuertobanus-fr\/all-private-tours-activities-fr-13\/visite-privee-de-malaga-au-depart-de-marbella-ou-de-puerto-banus\/\",\"name\":\"Visite priv\u00e9e de Malaga au d\u00e9part de Marbella - Prise en charge et retour priv\u00e9s\",\"isPartOf\":{\"@id\":\"https:\/\/tourtravelandmore.com\/fr\/#website\"},\"primaryImageOfPage\":{\"@id\":\"https:\/\/tourtravelandmore.com\/fr\/tours\/espagne-fr\/marbellapuertobanus-fr\/all-private-tours-activities-fr-13\/visite-privee-de-malaga-au-depart-de-marbella-ou-de-puerto-banus\/#primaryimage\"},\"image\":{\"@id\":\"https:\/\/tourtravelandmore.com\/fr\/tours\/espagne-fr\/marbellapuertobanus-fr\/all-private-tours-activities-fr-13\/visite-privee-de-malaga-au-depart-de-marbella-ou-de-puerto-banus\/#primaryimage\"},\"thumbnailUrl\":\"https:\/\/tourtravelandmore.com\/wp-content\/uploads\/2016\/03\/Malaga-5.jpg\",\"datePublished\":\"2016-08-26T09:52:40+00:00\",\"description\":\"Visite priv\u00e9e de Malaga au d\u00e9part de Marbella. Guide touristique officiel priv\u00e9 une fois \u00e0 Malaga pendant 4 heures. V\u00e9hicule de luxe avec chauffeur pour une exp\u00e9rience compl\u00e8te.\",\"breadcrumb\":{\"@id\":\"https:\/\/tourtravelandmore.com\/fr\/tours\/espagne-fr\/marbellapuertobanus-fr\/all-private-tours-activities-fr-13\/visite-privee-de-malaga-au-depart-de-marbella-ou-de-puerto-banus\/#breadcrumb\"},\"inLanguage\":\"fr-FR\",\"potentialAction\":[{\"@type\":\"ReadAction\",\"target\":[\"https:\/\/tourtravelandmore.com\/fr\/tours\/espagne-fr\/marbellapuertobanus-fr\/all-private-tours-activities-fr-13\/visite-privee-de-malaga-au-depart-de-marbella-ou-de-puerto-banus\/\"]}]},{\"@type\":\"ImageObject\",\"inLanguage\":\"fr-FR\",\"@id\":\"https:\/\/tourtravelandmore.com\/fr\/tours\/espagne-fr\/marbellapuertobanus-fr\/all-private-tours-activities-fr-13\/visite-privee-de-malaga-au-depart-de-marbella-ou-de-puerto-banus\/#primaryimage\",\"url\":\"https:\/\/tourtravelandmore.com\/wp-content\/uploads\/2016\/03\/Malaga-5.jpg\",\"contentUrl\":\"https:\/\/tourtravelandmore.com\/wp-content\/uploads\/2016\/03\/Malaga-5.jpg\",\"width\":1620,\"height\":1080},{\"@type\":\"BreadcrumbList\",\"@id\":\"https:\/\/tourtravelandmore.com\/fr\/tours\/espagne-fr\/marbellapuertobanus-fr\/all-private-tours-activities-fr-13\/visite-privee-de-malaga-au-depart-de-marbella-ou-de-puerto-banus\/#breadcrumb\",\"itemListElement\":[{\"@type\":\"ListItem\",\"position\":1,\"name\":\"Home\",\"item\":\"https:\/\/tourtravelandmore.com\/fr\/\"},{\"@type\":\"ListItem\",\"position\":2,\"name\":\"Tours\",\"item\":\"https:\/\/tourtravelandmore.com\/fr\/tours\/\"},{\"@type\":\"ListItem\",\"position\":3,\"name\":\"Visite priv\u00e9e de Malaga au d\u00e9part de Marbella ou de Puerto Banus\"}]},{\"@type\":\"WebSite\",\"@id\":\"https:\/\/tourtravelandmore.com\/fr\/#website\",\"url\":\"https:\/\/tourtravelandmore.com\/fr\/\",\"name\":\"Tour Travel And More\",\"description\":\"Private sightseeing tours and luxury transfers in Spain\",\"publisher\":{\"@id\":\"https:\/\/tourtravelandmore.com\/fr\/#organization\"},\"potentialAction\":[{\"@type\":\"SearchAction\",\"target\":{\"@type\":\"EntryPoint\",\"urlTemplate\":\"https:\/\/tourtravelandmore.com\/fr\/?s={search_term_string}\"},\"query-input\":{\"@type\":\"PropertyValueSpecification\",\"valueRequired\":true,\"valueName\":\"search_term_string\"}}],\"inLanguage\":\"fr-FR\"},{\"@type\":\"Organization\",\"@id\":\"https:\/\/tourtravelandmore.com\/fr\/#organization\",\"name\":\"Tour Travel And More\",\"url\":\"https:\/\/tourtravelandmore.com\/fr\/\",\"logo\":{\"@type\":\"ImageObject\",\"inLanguage\":\"fr-FR\",\"@id\":\"https:\/\/tourtravelandmore.com\/fr\/#\/schema\/logo\/image\/\",\"url\":\"https:\/\/tourtravelandmore.com\/wp-content\/uploads\/2022\/12\/cropped-logo-cabecera-new.png\",\"contentUrl\":\"https:\/\/tourtravelandmore.com\/wp-content\/uploads\/2022\/12\/cropped-logo-cabecera-new.png\",\"width\":430,\"height\":61,\"caption\":\"Tour Travel And More\"},\"image\":{\"@id\":\"https:\/\/tourtravelandmore.com\/fr\/#\/schema\/logo\/image\/\"},\"sameAs\":[\"https:\/\/www.facebook.com\/tourtravelandmore\/\",\"https:\/\/x.com\/TourTravel_More\"]}]}<\/script>\n<!-- \/ Yoast SEO Premium plugin. -->","yoast_head_json":{"title":"Visite priv\u00e9e de Malaga au d\u00e9part de Marbella - Prise en charge et retour priv\u00e9s","description":"Visite priv\u00e9e de Malaga au d\u00e9part de Marbella. Guide touristique officiel priv\u00e9 une fois \u00e0 Malaga pendant 4 heures. V\u00e9hicule de luxe avec chauffeur pour une exp\u00e9rience compl\u00e8te.","robots":{"index":"index","follow":"follow","max-snippet":"max-snippet:-1","max-image-preview":"max-image-preview:large","max-video-preview":"max-video-preview:-1"},"canonical":"https:\/\/tourtravelandmore.com\/fr\/tours\/espagne-fr\/marbellapuertobanus-fr\/all-private-tours-activities-fr-13\/visite-privee-de-malaga-au-depart-de-marbella-ou-de-puerto-banus\/","og_locale":"fr_FR","og_type":"article","og_title":"Visite priv\u00e9e de Malaga au d\u00e9part de Marbella ou de Puerto Banus","og_description":"Visite priv\u00e9e de Malaga au d\u00e9part de Marbella. Guide touristique officiel priv\u00e9 une fois \u00e0 Malaga pendant 4 heures. V\u00e9hicule de luxe avec chauffeur pour une exp\u00e9rience compl\u00e8te.","og_url":"https:\/\/tourtravelandmore.com\/fr\/tours\/espagne-fr\/marbellapuertobanus-fr\/all-private-tours-activities-fr-13\/visite-privee-de-malaga-au-depart-de-marbella-ou-de-puerto-banus\/","og_site_name":"Tour Travel And More","article_publisher":"https:\/\/www.facebook.com\/tourtravelandmore\/","og_image":[{"width":1620,"height":1080,"url":"https:\/\/tourtravelandmore.com\/wp-content\/uploads\/2016\/03\/Malaga-5.jpg","type":"image\/jpeg"}],"twitter_card":"summary_large_image","twitter_site":"@TourTravel_More","twitter_misc":{"Dur\u00e9e de lecture estim\u00e9e":"2 minutes"},"schema":{"@context":"https:\/\/schema.org","@graph":[{"@type":"WebPage","@id":"https:\/\/tourtravelandmore.com\/fr\/tours\/espagne-fr\/marbellapuertobanus-fr\/all-private-tours-activities-fr-13\/visite-privee-de-malaga-au-depart-de-marbella-ou-de-puerto-banus\/","url":"https:\/\/tourtravelandmore.com\/fr\/tours\/espagne-fr\/marbellapuertobanus-fr\/all-private-tours-activities-fr-13\/visite-privee-de-malaga-au-depart-de-marbella-ou-de-puerto-banus\/","name":"Visite priv\u00e9e de Malaga au d\u00e9part de Marbella - Prise en charge et retour priv\u00e9s","isPartOf":{"@id":"https:\/\/tourtravelandmore.com\/fr\/#website"},"primaryImageOfPage":{"@id":"https:\/\/tourtravelandmore.com\/fr\/tours\/espagne-fr\/marbellapuertobanus-fr\/all-private-tours-activities-fr-13\/visite-privee-de-malaga-au-depart-de-marbella-ou-de-puerto-banus\/#primaryimage"},"image":{"@id":"https:\/\/tourtravelandmore.com\/fr\/tours\/espagne-fr\/marbellapuertobanus-fr\/all-private-tours-activities-fr-13\/visite-privee-de-malaga-au-depart-de-marbella-ou-de-puerto-banus\/#primaryimage"},"thumbnailUrl":"https:\/\/tourtravelandmore.com\/wp-content\/uploads\/2016\/03\/Malaga-5.jpg","datePublished":"2016-08-26T09:52:40+00:00","description":"Visite priv\u00e9e de Malaga au d\u00e9part de Marbella. Guide touristique officiel priv\u00e9 une fois \u00e0 Malaga pendant 4 heures. V\u00e9hicule de luxe avec chauffeur pour une exp\u00e9rience compl\u00e8te.","breadcrumb":{"@id":"https:\/\/tourtravelandmore.com\/fr\/tours\/espagne-fr\/marbellapuertobanus-fr\/all-private-tours-activities-fr-13\/visite-privee-de-malaga-au-depart-de-marbella-ou-de-puerto-banus\/#breadcrumb"},"inLanguage":"fr-FR","potentialAction":[{"@type":"ReadAction","target":["https:\/\/tourtravelandmore.com\/fr\/tours\/espagne-fr\/marbellapuertobanus-fr\/all-private-tours-activities-fr-13\/visite-privee-de-malaga-au-depart-de-marbella-ou-de-puerto-banus\/"]}]},{"@type":"ImageObject","inLanguage":"fr-FR","@id":"https:\/\/tourtravelandmore.com\/fr\/tours\/espagne-fr\/marbellapuertobanus-fr\/all-private-tours-activities-fr-13\/visite-privee-de-malaga-au-depart-de-marbella-ou-de-puerto-banus\/#primaryimage","url":"https:\/\/tourtravelandmore.com\/wp-content\/uploads\/2016\/03\/Malaga-5.jpg","contentUrl":"https:\/\/tourtravelandmore.com\/wp-content\/uploads\/2016\/03\/Malaga-5.jpg","width":1620,"height":1080},{"@type":"BreadcrumbList","@id":"https:\/\/tourtravelandmore.com\/fr\/tours\/espagne-fr\/marbellapuertobanus-fr\/all-private-tours-activities-fr-13\/visite-privee-de-malaga-au-depart-de-marbella-ou-de-puerto-banus\/#breadcrumb","itemListElement":[{"@type":"ListItem","position":1,"name":"Home","item":"https:\/\/tourtravelandmore.com\/fr\/"},{"@type":"ListItem","position":2,"name":"Tours","item":"https:\/\/tourtravelandmore.com\/fr\/tours\/"},{"@type":"ListItem","position":3,"name":"Visite priv\u00e9e de Malaga au d\u00e9part de Marbella ou de Puerto Banus"}]},{"@type":"WebSite","@id":"https:\/\/tourtravelandmore.com\/fr\/#website","url":"https:\/\/tourtravelandmore.com\/fr\/","name":"Tour Travel And More","description":"Private sightseeing tours and luxury transfers in Spain","publisher":{"@id":"https:\/\/tourtravelandmore.com\/fr\/#organization"},"potentialAction":[{"@type":"SearchAction","target":{"@type":"EntryPoint","urlTemplate":"https:\/\/tourtravelandmore.com\/fr\/?s={search_term_string}"},"query-input":{"@type":"PropertyValueSpecification","valueRequired":true,"valueName":"search_term_string"}}],"inLanguage":"fr-FR"},{"@type":"Organization","@id":"https:\/\/tourtravelandmore.com\/fr\/#organization","name":"Tour Travel And More","url":"https:\/\/tourtravelandmore.com\/fr\/","logo":{"@type":"ImageObject","inLanguage":"fr-FR","@id":"https:\/\/tourtravelandmore.com\/fr\/#\/schema\/logo\/image\/","url":"https:\/\/tourtravelandmore.com\/wp-content\/uploads\/2022\/12\/cropped-logo-cabecera-new.png","contentUrl":"https:\/\/tourtravelandmore.com\/wp-content\/uploads\/2022\/12\/cropped-logo-cabecera-new.png","width":430,"height":61,"caption":"Tour Travel And More"},"image":{"@id":"https:\/\/tourtravelandmore.com\/fr\/#\/schema\/logo\/image\/"},"sameAs":["https:\/\/www.facebook.com\/tourtravelandmore\/","https:\/\/x.com\/TourTravel_More"]}]}},"_links":{"self":[{"href":"https:\/\/tourtravelandmore.com\/fr\/wp-json\/wp\/v2\/product\/100387","targetHints":{"allow":["GET"]}}],"collection":[{"href":"https:\/\/tourtravelandmore.com\/fr\/wp-json\/wp\/v2\/product"}],"about":[{"href":"https:\/\/tourtravelandmore.com\/fr\/wp-json\/wp\/v2\/types\/product"}],"replies":[{"embeddable":true,"href":"https:\/\/tourtravelandmore.com\/fr\/wp-json\/wp\/v2\/comments?post=100387"}],"wp:featuredmedia":[{"embeddable":true,"href":"https:\/\/tourtravelandmore.com\/fr\/wp-json\/wp\/v2\/media\/93687"}],"wp:attachment":[{"href":"https:\/\/tourtravelandmore.com\/fr\/wp-json\/wp\/v2\/media?parent=100387"}],"wp:term":[{"taxonomy":"product_brand","embeddable":true,"href":"https:\/\/tourtravelandmore.com\/fr\/wp-json\/wp\/v2\/product_brand?post=100387"},{"taxonomy":"product_cat","embeddable":true,"href":"https:\/\/tourtravelandmore.com\/fr\/wp-json\/wp\/v2\/product_cat?post=100387"},{"taxonomy":"product_tag","embeddable":true,"href":"https:\/\/tourtravelandmore.com\/fr\/wp-json\/wp\/v2\/product_tag?post=100387"}],"curies":[{"name":"wp","href":"https:\/\/api.w.org\/{rel}","templated":true}]}}