{"id":100382,"date":"2016-08-26T10:50:57","date_gmt":"2016-08-26T08:50:57","guid":{"rendered":"https:\/\/tourtravelandmore.com\/tours\/non class\u00e9\/visite-privee-de-seville-au-depart-de-marbella-ou-de-puerto-banus\/"},"modified":"2016-08-26T10:50:57","modified_gmt":"2016-08-26T08:50:57","slug":"visite-privee-de-seville-au-depart-de-marbella-ou-de-puerto-banus","status":"publish","type":"product","link":"https:\/\/tourtravelandmore.com\/fr\/tours\/espagne-fr\/marbellapuertobanus-fr\/all-private-tours-activities-fr-13\/visite-privee-de-seville-au-depart-de-marbella-ou-de-puerto-banus\/","title":{"rendered":"Visite priv\u00e9e de S\u00e9ville au d\u00e9part de Marbella ou de Puerto Banus"},"content":{"rendered":"<h2>Description<\/h2>\n<p>Profitez de cette visite priv\u00e9e de S\u00e9ville au d\u00e9part de Marbella avec votre guide officiel \u00e0 S\u00e9ville et d\u00e9couvrez les lieux les plus embl\u00e9matiques de S\u00e9ville.<\/p>\n<p>Cette visite priv\u00e9e d\u00e9butera \u00e0 partir de votre h\u00f4tel ou appartement dans la ville de Marbella ou Puerto Banus. Cette visite priv\u00e9e peut \u00e9galement commencer \u00e0 partir de n&#8217;importe quel autre endroit en Andalousie.<\/p>\n<p>Une fois que notre chauffeur priv\u00e9 viendra vous chercher dans notre confortable v\u00e9hicule priv\u00e9, nous nous dirigerons vers S\u00e9ville.<\/p>\n<p>\u00c0 notre arriv\u00e9e \u00e0 S\u00e9ville, vous rencontrerez notre guide officiel priv\u00e9. \u00c0 S\u00e9ville, vous profiterez d&#8217;une visite guid\u00e9e priv\u00e9e de 4 heures de cette belle ville. Votre guide priv\u00e9 vous emm\u00e8nera vers les sites les plus importants de la ville. Profitez de sites comme la Plaza Espa\u00f1a, la vue sur le fleuve Guadalquivir, la Torre del Oro, la cath\u00e9drale et bien plus encore.<\/p>\n<p>Vous aurez du temps libre pour le d\u00e9jeuner apr\u00e8s votre visite priv\u00e9e. Nous demanderons ensuite \u00e0 votre chauffeur de vous ramener \u00e0 votre h\u00f4tel ou lieu de votre choix \u00e0 Marbella ou Puerto Banus.<\/p>\n<h2>Sites d&#8217;int\u00e9r\u00eat et monuments<\/h2>\n<p>Tout d&#8217;abord, nous organiserons une prise en charge priv\u00e9e de Marbella. Votre chauffeur vous conduira en toute s\u00e9curit\u00e9 vers S\u00e9ville.<\/p>\n<p>Une fois \u00e0 S\u00e9ville, rencontrez notre guide officiel priv\u00e9.<\/p>\n<p>Voici quelques monuments et sites dont vous pourrez profiter dans la ville de S\u00e9ville;<\/p>\n<ul>\n<li>Quartier juif<\/li>\n<li>Zone commerciale exclusive<\/li>\n<li>Plaza Espa\u00f1a<\/li>\n<li>Stade Sanchez Pijuan<\/li>\n<li>Plaza Nova<\/li>\n<li>Cath\u00e9drale de S\u00e9ville<\/li>\n<li>Tour de la Giralda<\/li>\n<li>Alcazar royal de S\u00e9ville<\/li>\n<li>Torre del Oro<\/li>\n<li>Tellement plus!<\/li>\n<\/ul>\n<p>Lorsque la visite est termin\u00e9e, mangez un morceau \u00e0 S\u00e9ville. Une fois termin\u00e9, votre chauffeur avec v\u00e9hicule priv\u00e9 vous ram\u00e8nera \u00e0 votre h\u00f4tel \u00e0 Marbella ou Puerto Banus.<\/p>\n<p>Pour S\u00e9ville, si vous le souhaitez, nous pouvons organiser des billets d&#8217;entr\u00e9e pour une exp\u00e9rience plus compl\u00e8te.<\/p>\n<p>C&#8217;est un excellent moyen de profiter de cette visite priv\u00e9e de S\u00e9ville au d\u00e9part de Marbella ou de Puerto Banus. S\u00e9ville est vraiment une ville unique \u00e0 visiter.<\/p>\n<p>Jetez un \u0153il \u00e0 nos autres visites priv\u00e9es de Marbella ou m\u00eame de Puerto Banus.<\/p>\n","protected":false},"excerpt":{"rendered":"<p>Visite priv\u00e9e de S\u00e9ville depuis Marbella ou Puerto Banus. Exp\u00e9rience avec son propre guide officiel priv\u00e9 \u00e0 S\u00e9ville et un v\u00e9hicule de luxe priv\u00e9 avec chauffeur.<\/p>\n","protected":false},"featured_media":93827,"comment_status":"open","ping_status":"closed","template":"","meta":{"_acf_changed":false},"product_brand":[],"product_cat":[3652,4252,4253],"product_tag":[],"class_list":{"0":"post-100382","1":"product","2":"type-product","3":"status-publish","4":"has-post-thumbnail","6":"product_cat-marbellapuertobanus-fr","7":"product_cat-all-private-tours-activities-fr-13","8":"product_cat-private-day-trips-fr-6","10":"first","11":"instock","12":"shipping-taxable","13":"purchasable","14":"product-type-simple"},"acf":[],"yoast_head":"<!-- This site is optimized with the Yoast SEO Premium plugin v25.3.1 (Yoast SEO v25.3.1) - https:\/\/yoast.com\/wordpress\/plugins\/seo\/ -->\n<title>Visite de S\u00e9ville depuis Marbella ou Puerto Banus - Guide priv\u00e9 \u00e0 S\u00e9ville<\/title>\n<meta name=\"description\" content=\"Visite priv\u00e9e de S\u00e9ville depuis Marbella ou Puerto Banus. Exp\u00e9rience avec son propre guide officiel priv\u00e9 \u00e0 S\u00e9ville et un v\u00e9hicule de luxe priv\u00e9 avec chauffeur.\" \/>\n<meta name=\"robots\" content=\"index, follow, max-snippet:-1, max-image-preview:large, max-video-preview:-1\" \/>\n<link rel=\"canonical\" href=\"https:\/\/tourtravelandmore.com\/fr\/tours\/espagne-fr\/marbellapuertobanus-fr\/all-private-tours-activities-fr-13\/visite-privee-de-seville-au-depart-de-marbella-ou-de-puerto-banus\/\" \/>\n<meta property=\"og:locale\" content=\"fr_FR\" \/>\n<meta property=\"og:type\" content=\"article\" \/>\n<meta property=\"og:title\" content=\"Visite priv\u00e9e de S\u00e9ville au d\u00e9part de Marbella ou de Puerto Banus\" \/>\n<meta property=\"og:description\" content=\"Visite priv\u00e9e de S\u00e9ville depuis Marbella ou Puerto Banus. Exp\u00e9rience avec son propre guide officiel priv\u00e9 \u00e0 S\u00e9ville et un v\u00e9hicule de luxe priv\u00e9 avec chauffeur.\" \/>\n<meta property=\"og:url\" content=\"https:\/\/tourtravelandmore.com\/fr\/tours\/espagne-fr\/marbellapuertobanus-fr\/all-private-tours-activities-fr-13\/visite-privee-de-seville-au-depart-de-marbella-ou-de-puerto-banus\/\" \/>\n<meta property=\"og:site_name\" content=\"Tour Travel And More\" \/>\n<meta property=\"article:publisher\" content=\"https:\/\/www.facebook.com\/tourtravelandmore\/\" \/>\n<meta property=\"og:image\" content=\"https:\/\/tourtravelandmore.com\/wp-content\/uploads\/2016\/08\/image-5.jpeg\" \/>\n\t<meta property=\"og:image:width\" content=\"1024\" \/>\n\t<meta property=\"og:image:height\" content=\"682\" \/>\n\t<meta property=\"og:image:type\" content=\"image\/jpeg\" \/>\n<meta name=\"twitter:card\" content=\"summary_large_image\" \/>\n<meta name=\"twitter:site\" content=\"@TourTravel_More\" \/>\n<meta name=\"twitter:label1\" content=\"Dur\u00e9e de lecture estim\u00e9e\" \/>\n\t<meta name=\"twitter:data1\" content=\"2 minutes\" \/>\n<script type=\"application\/ld+json\" class=\"yoast-schema-graph\">{\"@context\":\"https:\/\/schema.org\",\"@graph\":[{\"@type\":\"WebPage\",\"@id\":\"https:\/\/tourtravelandmore.com\/fr\/tours\/espagne-fr\/marbellapuertobanus-fr\/all-private-tours-activities-fr-13\/visite-privee-de-seville-au-depart-de-marbella-ou-de-puerto-banus\/\",\"url\":\"https:\/\/tourtravelandmore.com\/fr\/tours\/espagne-fr\/marbellapuertobanus-fr\/all-private-tours-activities-fr-13\/visite-privee-de-seville-au-depart-de-marbella-ou-de-puerto-banus\/\",\"name\":\"Visite de S\u00e9ville depuis Marbella ou Puerto Banus - Guide priv\u00e9 \u00e0 S\u00e9ville\",\"isPartOf\":{\"@id\":\"https:\/\/tourtravelandmore.com\/fr\/#website\"},\"primaryImageOfPage\":{\"@id\":\"https:\/\/tourtravelandmore.com\/fr\/tours\/espagne-fr\/marbellapuertobanus-fr\/all-private-tours-activities-fr-13\/visite-privee-de-seville-au-depart-de-marbella-ou-de-puerto-banus\/#primaryimage\"},\"image\":{\"@id\":\"https:\/\/tourtravelandmore.com\/fr\/tours\/espagne-fr\/marbellapuertobanus-fr\/all-private-tours-activities-fr-13\/visite-privee-de-seville-au-depart-de-marbella-ou-de-puerto-banus\/#primaryimage\"},\"thumbnailUrl\":\"https:\/\/tourtravelandmore.com\/wp-content\/uploads\/2016\/08\/image-5.jpeg\",\"datePublished\":\"2016-08-26T08:50:57+00:00\",\"description\":\"Visite priv\u00e9e de S\u00e9ville depuis Marbella ou Puerto Banus. Exp\u00e9rience avec son propre guide officiel priv\u00e9 \u00e0 S\u00e9ville et un v\u00e9hicule de luxe priv\u00e9 avec chauffeur.\",\"breadcrumb\":{\"@id\":\"https:\/\/tourtravelandmore.com\/fr\/tours\/espagne-fr\/marbellapuertobanus-fr\/all-private-tours-activities-fr-13\/visite-privee-de-seville-au-depart-de-marbella-ou-de-puerto-banus\/#breadcrumb\"},\"inLanguage\":\"fr-FR\",\"potentialAction\":[{\"@type\":\"ReadAction\",\"target\":[\"https:\/\/tourtravelandmore.com\/fr\/tours\/espagne-fr\/marbellapuertobanus-fr\/all-private-tours-activities-fr-13\/visite-privee-de-seville-au-depart-de-marbella-ou-de-puerto-banus\/\"]}]},{\"@type\":\"ImageObject\",\"inLanguage\":\"fr-FR\",\"@id\":\"https:\/\/tourtravelandmore.com\/fr\/tours\/espagne-fr\/marbellapuertobanus-fr\/all-private-tours-activities-fr-13\/visite-privee-de-seville-au-depart-de-marbella-ou-de-puerto-banus\/#primaryimage\",\"url\":\"https:\/\/tourtravelandmore.com\/wp-content\/uploads\/2016\/08\/image-5.jpeg\",\"contentUrl\":\"https:\/\/tourtravelandmore.com\/wp-content\/uploads\/2016\/08\/image-5.jpeg\",\"width\":2736,\"height\":1822,\"caption\":\"visite priv\u00e9e de S\u00e9ville au d\u00e9part de malaga\"},{\"@type\":\"BreadcrumbList\",\"@id\":\"https:\/\/tourtravelandmore.com\/fr\/tours\/espagne-fr\/marbellapuertobanus-fr\/all-private-tours-activities-fr-13\/visite-privee-de-seville-au-depart-de-marbella-ou-de-puerto-banus\/#breadcrumb\",\"itemListElement\":[{\"@type\":\"ListItem\",\"position\":1,\"name\":\"Home\",\"item\":\"https:\/\/tourtravelandmore.com\/fr\/\"},{\"@type\":\"ListItem\",\"position\":2,\"name\":\"Tours\",\"item\":\"https:\/\/tourtravelandmore.com\/fr\/tours\/\"},{\"@type\":\"ListItem\",\"position\":3,\"name\":\"Visite priv\u00e9e de S\u00e9ville au d\u00e9part de Marbella ou de Puerto Banus\"}]},{\"@type\":\"WebSite\",\"@id\":\"https:\/\/tourtravelandmore.com\/fr\/#website\",\"url\":\"https:\/\/tourtravelandmore.com\/fr\/\",\"name\":\"Tour Travel And More\",\"description\":\"Private sightseeing tours and luxury transfers in Spain\",\"publisher\":{\"@id\":\"https:\/\/tourtravelandmore.com\/fr\/#organization\"},\"potentialAction\":[{\"@type\":\"SearchAction\",\"target\":{\"@type\":\"EntryPoint\",\"urlTemplate\":\"https:\/\/tourtravelandmore.com\/fr\/?s={search_term_string}\"},\"query-input\":{\"@type\":\"PropertyValueSpecification\",\"valueRequired\":true,\"valueName\":\"search_term_string\"}}],\"inLanguage\":\"fr-FR\"},{\"@type\":\"Organization\",\"@id\":\"https:\/\/tourtravelandmore.com\/fr\/#organization\",\"name\":\"Tour Travel And More\",\"url\":\"https:\/\/tourtravelandmore.com\/fr\/\",\"logo\":{\"@type\":\"ImageObject\",\"inLanguage\":\"fr-FR\",\"@id\":\"https:\/\/tourtravelandmore.com\/fr\/#\/schema\/logo\/image\/\",\"url\":\"https:\/\/tourtravelandmore.com\/wp-content\/uploads\/2022\/12\/cropped-logo-cabecera-new.png\",\"contentUrl\":\"https:\/\/tourtravelandmore.com\/wp-content\/uploads\/2022\/12\/cropped-logo-cabecera-new.png\",\"width\":430,\"height\":61,\"caption\":\"Tour Travel And More\"},\"image\":{\"@id\":\"https:\/\/tourtravelandmore.com\/fr\/#\/schema\/logo\/image\/\"},\"sameAs\":[\"https:\/\/www.facebook.com\/tourtravelandmore\/\",\"https:\/\/x.com\/TourTravel_More\"]}]}<\/script>\n<!-- \/ Yoast SEO Premium plugin. -->","yoast_head_json":{"title":"Visite de S\u00e9ville depuis Marbella ou Puerto Banus - Guide priv\u00e9 \u00e0 S\u00e9ville","description":"Visite priv\u00e9e de S\u00e9ville depuis Marbella ou Puerto Banus. Exp\u00e9rience avec son propre guide officiel priv\u00e9 \u00e0 S\u00e9ville et un v\u00e9hicule de luxe priv\u00e9 avec chauffeur.","robots":{"index":"index","follow":"follow","max-snippet":"max-snippet:-1","max-image-preview":"max-image-preview:large","max-video-preview":"max-video-preview:-1"},"canonical":"https:\/\/tourtravelandmore.com\/fr\/tours\/espagne-fr\/marbellapuertobanus-fr\/all-private-tours-activities-fr-13\/visite-privee-de-seville-au-depart-de-marbella-ou-de-puerto-banus\/","og_locale":"fr_FR","og_type":"article","og_title":"Visite priv\u00e9e de S\u00e9ville au d\u00e9part de Marbella ou de Puerto Banus","og_description":"Visite priv\u00e9e de S\u00e9ville depuis Marbella ou Puerto Banus. Exp\u00e9rience avec son propre guide officiel priv\u00e9 \u00e0 S\u00e9ville et un v\u00e9hicule de luxe priv\u00e9 avec chauffeur.","og_url":"https:\/\/tourtravelandmore.com\/fr\/tours\/espagne-fr\/marbellapuertobanus-fr\/all-private-tours-activities-fr-13\/visite-privee-de-seville-au-depart-de-marbella-ou-de-puerto-banus\/","og_site_name":"Tour Travel And More","article_publisher":"https:\/\/www.facebook.com\/tourtravelandmore\/","og_image":[{"url":"https:\/\/tourtravelandmore.com\/wp-content\/uploads\/2016\/08\/image-5.jpeg","width":1024,"height":682,"type":"image\/jpeg"}],"twitter_card":"summary_large_image","twitter_site":"@TourTravel_More","twitter_misc":{"Dur\u00e9e de lecture estim\u00e9e":"2 minutes"},"schema":{"@context":"https:\/\/schema.org","@graph":[{"@type":"WebPage","@id":"https:\/\/tourtravelandmore.com\/fr\/tours\/espagne-fr\/marbellapuertobanus-fr\/all-private-tours-activities-fr-13\/visite-privee-de-seville-au-depart-de-marbella-ou-de-puerto-banus\/","url":"https:\/\/tourtravelandmore.com\/fr\/tours\/espagne-fr\/marbellapuertobanus-fr\/all-private-tours-activities-fr-13\/visite-privee-de-seville-au-depart-de-marbella-ou-de-puerto-banus\/","name":"Visite de S\u00e9ville depuis Marbella ou Puerto Banus - Guide priv\u00e9 \u00e0 S\u00e9ville","isPartOf":{"@id":"https:\/\/tourtravelandmore.com\/fr\/#website"},"primaryImageOfPage":{"@id":"https:\/\/tourtravelandmore.com\/fr\/tours\/espagne-fr\/marbellapuertobanus-fr\/all-private-tours-activities-fr-13\/visite-privee-de-seville-au-depart-de-marbella-ou-de-puerto-banus\/#primaryimage"},"image":{"@id":"https:\/\/tourtravelandmore.com\/fr\/tours\/espagne-fr\/marbellapuertobanus-fr\/all-private-tours-activities-fr-13\/visite-privee-de-seville-au-depart-de-marbella-ou-de-puerto-banus\/#primaryimage"},"thumbnailUrl":"https:\/\/tourtravelandmore.com\/wp-content\/uploads\/2016\/08\/image-5.jpeg","datePublished":"2016-08-26T08:50:57+00:00","description":"Visite priv\u00e9e de S\u00e9ville depuis Marbella ou Puerto Banus. Exp\u00e9rience avec son propre guide officiel priv\u00e9 \u00e0 S\u00e9ville et un v\u00e9hicule de luxe priv\u00e9 avec chauffeur.","breadcrumb":{"@id":"https:\/\/tourtravelandmore.com\/fr\/tours\/espagne-fr\/marbellapuertobanus-fr\/all-private-tours-activities-fr-13\/visite-privee-de-seville-au-depart-de-marbella-ou-de-puerto-banus\/#breadcrumb"},"inLanguage":"fr-FR","potentialAction":[{"@type":"ReadAction","target":["https:\/\/tourtravelandmore.com\/fr\/tours\/espagne-fr\/marbellapuertobanus-fr\/all-private-tours-activities-fr-13\/visite-privee-de-seville-au-depart-de-marbella-ou-de-puerto-banus\/"]}]},{"@type":"ImageObject","inLanguage":"fr-FR","@id":"https:\/\/tourtravelandmore.com\/fr\/tours\/espagne-fr\/marbellapuertobanus-fr\/all-private-tours-activities-fr-13\/visite-privee-de-seville-au-depart-de-marbella-ou-de-puerto-banus\/#primaryimage","url":"https:\/\/tourtravelandmore.com\/wp-content\/uploads\/2016\/08\/image-5.jpeg","contentUrl":"https:\/\/tourtravelandmore.com\/wp-content\/uploads\/2016\/08\/image-5.jpeg","width":2736,"height":1822,"caption":"visite priv\u00e9e de S\u00e9ville au d\u00e9part de malaga"},{"@type":"BreadcrumbList","@id":"https:\/\/tourtravelandmore.com\/fr\/tours\/espagne-fr\/marbellapuertobanus-fr\/all-private-tours-activities-fr-13\/visite-privee-de-seville-au-depart-de-marbella-ou-de-puerto-banus\/#breadcrumb","itemListElement":[{"@type":"ListItem","position":1,"name":"Home","item":"https:\/\/tourtravelandmore.com\/fr\/"},{"@type":"ListItem","position":2,"name":"Tours","item":"https:\/\/tourtravelandmore.com\/fr\/tours\/"},{"@type":"ListItem","position":3,"name":"Visite priv\u00e9e de S\u00e9ville au d\u00e9part de Marbella ou de Puerto Banus"}]},{"@type":"WebSite","@id":"https:\/\/tourtravelandmore.com\/fr\/#website","url":"https:\/\/tourtravelandmore.com\/fr\/","name":"Tour Travel And More","description":"Private sightseeing tours and luxury transfers in Spain","publisher":{"@id":"https:\/\/tourtravelandmore.com\/fr\/#organization"},"potentialAction":[{"@type":"SearchAction","target":{"@type":"EntryPoint","urlTemplate":"https:\/\/tourtravelandmore.com\/fr\/?s={search_term_string}"},"query-input":{"@type":"PropertyValueSpecification","valueRequired":true,"valueName":"search_term_string"}}],"inLanguage":"fr-FR"},{"@type":"Organization","@id":"https:\/\/tourtravelandmore.com\/fr\/#organization","name":"Tour Travel And More","url":"https:\/\/tourtravelandmore.com\/fr\/","logo":{"@type":"ImageObject","inLanguage":"fr-FR","@id":"https:\/\/tourtravelandmore.com\/fr\/#\/schema\/logo\/image\/","url":"https:\/\/tourtravelandmore.com\/wp-content\/uploads\/2022\/12\/cropped-logo-cabecera-new.png","contentUrl":"https:\/\/tourtravelandmore.com\/wp-content\/uploads\/2022\/12\/cropped-logo-cabecera-new.png","width":430,"height":61,"caption":"Tour Travel And More"},"image":{"@id":"https:\/\/tourtravelandmore.com\/fr\/#\/schema\/logo\/image\/"},"sameAs":["https:\/\/www.facebook.com\/tourtravelandmore\/","https:\/\/x.com\/TourTravel_More"]}]}},"_links":{"self":[{"href":"https:\/\/tourtravelandmore.com\/fr\/wp-json\/wp\/v2\/product\/100382","targetHints":{"allow":["GET"]}}],"collection":[{"href":"https:\/\/tourtravelandmore.com\/fr\/wp-json\/wp\/v2\/product"}],"about":[{"href":"https:\/\/tourtravelandmore.com\/fr\/wp-json\/wp\/v2\/types\/product"}],"replies":[{"embeddable":true,"href":"https:\/\/tourtravelandmore.com\/fr\/wp-json\/wp\/v2\/comments?post=100382"}],"wp:featuredmedia":[{"embeddable":true,"href":"https:\/\/tourtravelandmore.com\/fr\/wp-json\/wp\/v2\/media\/93827"}],"wp:attachment":[{"href":"https:\/\/tourtravelandmore.com\/fr\/wp-json\/wp\/v2\/media?parent=100382"}],"wp:term":[{"taxonomy":"product_brand","embeddable":true,"href":"https:\/\/tourtravelandmore.com\/fr\/wp-json\/wp\/v2\/product_brand?post=100382"},{"taxonomy":"product_cat","embeddable":true,"href":"https:\/\/tourtravelandmore.com\/fr\/wp-json\/wp\/v2\/product_cat?post=100382"},{"taxonomy":"product_tag","embeddable":true,"href":"https:\/\/tourtravelandmore.com\/fr\/wp-json\/wp\/v2\/product_tag?post=100382"}],"curies":[{"name":"wp","href":"https:\/\/api.w.org\/{rel}","templated":true}]}}