{"id":100372,"date":"2016-03-13T13:23:47","date_gmt":"2016-03-13T12:23:47","guid":{"rendered":"https:\/\/tourtravelandmore.com\/tours\/non class\u00e9\/visite-privee-a-pied-de-marbella\/"},"modified":"2016-03-13T13:23:47","modified_gmt":"2016-03-13T12:23:47","slug":"visite-privee-a-pied-de-marbella","status":"publish","type":"product","link":"https:\/\/tourtravelandmore.com\/fr\/tours\/espagne-fr\/marbellapuertobanus-fr\/all-private-tours-activities-fr-13\/visite-privee-a-pied-de-marbella\/","title":{"rendered":"Visite priv\u00e9e \u00e0 pied de Marbella"},"content":{"rendered":"<h2>Description<\/h2>\n<p>Profitez de ces visites priv\u00e9es \u00e0 pied de Marbella avec votre guide officiel et d\u00e9couvrez les sites les plus embl\u00e9matiques de Marbella.<\/p>\n<p>Cette visite priv\u00e9e \u00e0 pied commencera \u00e0 partir d&#8217;un point de rencontre situ\u00e9 au centre de la ville de Marbella. Si votre h\u00f4tel est situ\u00e9 dans un point de rencontre central, nous pouvons organiser une prise en charge \u00e0 pied.<\/p>\n<p>Avec votre guide touristique officiel priv\u00e9, d\u00e9couvrez des sites uniques de Marbella. Marbella est bien plus que Puerto Banus et des boutiques de luxe et des yachts.<\/p>\n<p>La vieille ville de Marbella est tout \u00e0 fait unique et une promenade dans le Patio de los Naranjos est un must! Vous profiterez de superbes arr\u00eats photo dans cette ville unique de Marbella. Vous aurez l&#8217;impression de ne pas avoir assez de temps pour tout voir! Mais ne vous inqui\u00e9tez pas, notre guide priv\u00e9 est \u00e0 votre disposition pour la visite guid\u00e9e priv\u00e9e \u00e0 pied de 4 heures.<\/p>\n<h2>Sites d&#8217;int\u00e9r\u00eat et monuments<\/h2>\n<p>Apr\u00e8s avoir rencontr\u00e9 votre guide officiel priv\u00e9, nous commencerons l&#8217;une de nos visites \u00e0 pied priv\u00e9es \u00e0 Marbella.<\/p>\n<p>Le glamour de Marbella est plus que ce dont tout le monde parle! Il y a un petit charme sur la C\u00f4te d&#8217;Azur situ\u00e9e \u00e0 Marbella. Des restaurants \u00e9toil\u00e9s Michelin, o\u00f9 les c\u00e9l\u00e9brit\u00e9s et les millionnaires passent leurs \u00e9t\u00e9s &#8230;<\/p>\n<p>Voici quelques-uns des sites de Marbella dont vous pouvez profiter;<\/p>\n<ul>\n<li>Vieille ville (Barrio Alto et Barrio Nuevo) &#8211; La vieille ville est la partie la plus ancienne de Marbella. Plein de rues pi\u00e9tonnes, pleines de fleurs comme des bougainvilliers tout autour!<\/li>\n<li>Parc Alameda: Tr\u00e8s proche de la vieille ville, profitez de ce parc qui peut m\u00eame ressembler \u00e0 un jardin priv\u00e9. Profitez de quelques photos avec les azulejos ou les tuiles de type andalou.<\/li>\n<li>Plaza de los Naranjos<\/li>\n<li>Avenida del Mar: la passerelle qui va du parc Alameda \u00e0<\/li>\n<li>Playa de la Venus. Cette derni\u00e8re plage est situ\u00e9e \u00e0 proximit\u00e9 de la marina.<\/li>\n<li>Chapelle de Saint-Jean de Dieu<\/li>\n<li>H\u00f4pital royal de la mis\u00e9ricorde<\/li>\n<li>Extension historique (jardin botanique)<\/li>\n<li>Plages: que dire, elles parlent d&#8217;elles-m\u00eames<\/li>\n<li>Beaucoup plus!<\/li>\n<\/ul>\n<p>D\u00e9couvrez \u00e9galement nos visites priv\u00e9es de Marbella. Nous pouvons \u00e9galement organiser des excursions d&#8217;une journ\u00e9e pour n&#8217;importe quelle raison.<\/p>\n","protected":false},"excerpt":{"rendered":"<p>Profitez de cette visite priv\u00e9e \u00e0 pied de Marbella avec votre guide officiel et d\u00e9couvrez les sites les plus embl\u00e9matiques de Marbella. Excursion priv\u00e9e \u00e0 terre.<\/p>\n","protected":false},"featured_media":93696,"comment_status":"open","ping_status":"closed","template":"","meta":{"_acf_changed":false},"product_brand":[],"product_cat":[3652,4252],"product_tag":[],"class_list":{"0":"post-100372","1":"product","2":"type-product","3":"status-publish","4":"has-post-thumbnail","6":"product_cat-marbellapuertobanus-fr","7":"product_cat-all-private-tours-activities-fr-13","9":"first","10":"instock","11":"shipping-taxable","12":"purchasable","13":"product-type-simple"},"acf":[],"yoast_head":"<!-- This site is optimized with the Yoast SEO Premium plugin v25.3.1 (Yoast SEO v25.3.1) - https:\/\/yoast.com\/wordpress\/plugins\/seo\/ -->\n<title>Visite priv\u00e9e \u00e0 pied de Marbella - VISITE PRIV\u00c9E MARBELLA<\/title>\n<meta name=\"description\" content=\"Profitez de cette visite priv\u00e9e \u00e0 pied de Marbella avec votre guide officiel et d\u00e9couvrez les sites les plus embl\u00e9matiques de Marbella. Excursion priv\u00e9e \u00e0 terre.\" \/>\n<meta name=\"robots\" content=\"index, follow, max-snippet:-1, max-image-preview:large, max-video-preview:-1\" \/>\n<link rel=\"canonical\" href=\"https:\/\/tourtravelandmore.com\/fr\/tours\/espagne-fr\/marbellapuertobanus-fr\/all-private-tours-activities-fr-13\/visite-privee-a-pied-de-marbella\/\" \/>\n<meta property=\"og:locale\" content=\"fr_FR\" \/>\n<meta property=\"og:type\" content=\"article\" \/>\n<meta property=\"og:title\" content=\"Visite priv\u00e9e \u00e0 pied de Marbella\" \/>\n<meta property=\"og:description\" content=\"Profitez de cette visite priv\u00e9e \u00e0 pied de Marbella avec votre guide officiel et d\u00e9couvrez les sites les plus embl\u00e9matiques de Marbella. Excursion priv\u00e9e \u00e0 terre.\" \/>\n<meta property=\"og:url\" content=\"https:\/\/tourtravelandmore.com\/fr\/tours\/espagne-fr\/marbellapuertobanus-fr\/all-private-tours-activities-fr-13\/visite-privee-a-pied-de-marbella\/\" \/>\n<meta property=\"og:site_name\" content=\"Tour Travel And More\" \/>\n<meta property=\"article:publisher\" content=\"https:\/\/www.facebook.com\/tourtravelandmore\/\" \/>\n<meta property=\"og:image\" content=\"https:\/\/tourtravelandmore.com\/wp-content\/uploads\/2016\/03\/Marbella-3.jpg\" \/>\n\t<meta property=\"og:image:width\" content=\"1620\" \/>\n\t<meta property=\"og:image:height\" content=\"1080\" \/>\n\t<meta property=\"og:image:type\" content=\"image\/jpeg\" \/>\n<meta name=\"twitter:card\" content=\"summary_large_image\" \/>\n<meta name=\"twitter:site\" content=\"@TourTravel_More\" \/>\n<meta name=\"twitter:label1\" content=\"Dur\u00e9e de lecture estim\u00e9e\" \/>\n\t<meta name=\"twitter:data1\" content=\"2 minutes\" \/>\n<script type=\"application\/ld+json\" class=\"yoast-schema-graph\">{\"@context\":\"https:\/\/schema.org\",\"@graph\":[{\"@type\":\"WebPage\",\"@id\":\"https:\/\/tourtravelandmore.com\/fr\/tours\/espagne-fr\/marbellapuertobanus-fr\/all-private-tours-activities-fr-13\/visite-privee-a-pied-de-marbella\/\",\"url\":\"https:\/\/tourtravelandmore.com\/fr\/tours\/espagne-fr\/marbellapuertobanus-fr\/all-private-tours-activities-fr-13\/visite-privee-a-pied-de-marbella\/\",\"name\":\"Visite priv\u00e9e \u00e0 pied de Marbella - VISITE PRIV\u00c9E MARBELLA\",\"isPartOf\":{\"@id\":\"https:\/\/tourtravelandmore.com\/fr\/#website\"},\"primaryImageOfPage\":{\"@id\":\"https:\/\/tourtravelandmore.com\/fr\/tours\/espagne-fr\/marbellapuertobanus-fr\/all-private-tours-activities-fr-13\/visite-privee-a-pied-de-marbella\/#primaryimage\"},\"image\":{\"@id\":\"https:\/\/tourtravelandmore.com\/fr\/tours\/espagne-fr\/marbellapuertobanus-fr\/all-private-tours-activities-fr-13\/visite-privee-a-pied-de-marbella\/#primaryimage\"},\"thumbnailUrl\":\"https:\/\/tourtravelandmore.com\/wp-content\/uploads\/2016\/03\/Marbella-3.jpg\",\"datePublished\":\"2016-03-13T12:23:47+00:00\",\"description\":\"Profitez de cette visite priv\u00e9e \u00e0 pied de Marbella avec votre guide officiel et d\u00e9couvrez les sites les plus embl\u00e9matiques de Marbella. Excursion priv\u00e9e \u00e0 terre.\",\"breadcrumb\":{\"@id\":\"https:\/\/tourtravelandmore.com\/fr\/tours\/espagne-fr\/marbellapuertobanus-fr\/all-private-tours-activities-fr-13\/visite-privee-a-pied-de-marbella\/#breadcrumb\"},\"inLanguage\":\"fr-FR\",\"potentialAction\":[{\"@type\":\"ReadAction\",\"target\":[\"https:\/\/tourtravelandmore.com\/fr\/tours\/espagne-fr\/marbellapuertobanus-fr\/all-private-tours-activities-fr-13\/visite-privee-a-pied-de-marbella\/\"]}]},{\"@type\":\"ImageObject\",\"inLanguage\":\"fr-FR\",\"@id\":\"https:\/\/tourtravelandmore.com\/fr\/tours\/espagne-fr\/marbellapuertobanus-fr\/all-private-tours-activities-fr-13\/visite-privee-a-pied-de-marbella\/#primaryimage\",\"url\":\"https:\/\/tourtravelandmore.com\/wp-content\/uploads\/2016\/03\/Marbella-3.jpg\",\"contentUrl\":\"https:\/\/tourtravelandmore.com\/wp-content\/uploads\/2016\/03\/Marbella-3.jpg\",\"width\":1620,\"height\":1080},{\"@type\":\"BreadcrumbList\",\"@id\":\"https:\/\/tourtravelandmore.com\/fr\/tours\/espagne-fr\/marbellapuertobanus-fr\/all-private-tours-activities-fr-13\/visite-privee-a-pied-de-marbella\/#breadcrumb\",\"itemListElement\":[{\"@type\":\"ListItem\",\"position\":1,\"name\":\"Home\",\"item\":\"https:\/\/tourtravelandmore.com\/fr\/\"},{\"@type\":\"ListItem\",\"position\":2,\"name\":\"Tours\",\"item\":\"https:\/\/tourtravelandmore.com\/fr\/tours\/\"},{\"@type\":\"ListItem\",\"position\":3,\"name\":\"Visite priv\u00e9e \u00e0 pied de Marbella\"}]},{\"@type\":\"WebSite\",\"@id\":\"https:\/\/tourtravelandmore.com\/fr\/#website\",\"url\":\"https:\/\/tourtravelandmore.com\/fr\/\",\"name\":\"Tour Travel And More\",\"description\":\"Private sightseeing tours and luxury transfers in Spain\",\"publisher\":{\"@id\":\"https:\/\/tourtravelandmore.com\/fr\/#organization\"},\"potentialAction\":[{\"@type\":\"SearchAction\",\"target\":{\"@type\":\"EntryPoint\",\"urlTemplate\":\"https:\/\/tourtravelandmore.com\/fr\/?s={search_term_string}\"},\"query-input\":{\"@type\":\"PropertyValueSpecification\",\"valueRequired\":true,\"valueName\":\"search_term_string\"}}],\"inLanguage\":\"fr-FR\"},{\"@type\":\"Organization\",\"@id\":\"https:\/\/tourtravelandmore.com\/fr\/#organization\",\"name\":\"Tour Travel And More\",\"url\":\"https:\/\/tourtravelandmore.com\/fr\/\",\"logo\":{\"@type\":\"ImageObject\",\"inLanguage\":\"fr-FR\",\"@id\":\"https:\/\/tourtravelandmore.com\/fr\/#\/schema\/logo\/image\/\",\"url\":\"https:\/\/tourtravelandmore.com\/wp-content\/uploads\/2022\/12\/cropped-logo-cabecera-new.png\",\"contentUrl\":\"https:\/\/tourtravelandmore.com\/wp-content\/uploads\/2022\/12\/cropped-logo-cabecera-new.png\",\"width\":430,\"height\":61,\"caption\":\"Tour Travel And More\"},\"image\":{\"@id\":\"https:\/\/tourtravelandmore.com\/fr\/#\/schema\/logo\/image\/\"},\"sameAs\":[\"https:\/\/www.facebook.com\/tourtravelandmore\/\",\"https:\/\/x.com\/TourTravel_More\"]}]}<\/script>\n<!-- \/ Yoast SEO Premium plugin. -->","yoast_head_json":{"title":"Visite priv\u00e9e \u00e0 pied de Marbella - VISITE PRIV\u00c9E MARBELLA","description":"Profitez de cette visite priv\u00e9e \u00e0 pied de Marbella avec votre guide officiel et d\u00e9couvrez les sites les plus embl\u00e9matiques de Marbella. Excursion priv\u00e9e \u00e0 terre.","robots":{"index":"index","follow":"follow","max-snippet":"max-snippet:-1","max-image-preview":"max-image-preview:large","max-video-preview":"max-video-preview:-1"},"canonical":"https:\/\/tourtravelandmore.com\/fr\/tours\/espagne-fr\/marbellapuertobanus-fr\/all-private-tours-activities-fr-13\/visite-privee-a-pied-de-marbella\/","og_locale":"fr_FR","og_type":"article","og_title":"Visite priv\u00e9e \u00e0 pied de Marbella","og_description":"Profitez de cette visite priv\u00e9e \u00e0 pied de Marbella avec votre guide officiel et d\u00e9couvrez les sites les plus embl\u00e9matiques de Marbella. Excursion priv\u00e9e \u00e0 terre.","og_url":"https:\/\/tourtravelandmore.com\/fr\/tours\/espagne-fr\/marbellapuertobanus-fr\/all-private-tours-activities-fr-13\/visite-privee-a-pied-de-marbella\/","og_site_name":"Tour Travel And More","article_publisher":"https:\/\/www.facebook.com\/tourtravelandmore\/","og_image":[{"width":1620,"height":1080,"url":"https:\/\/tourtravelandmore.com\/wp-content\/uploads\/2016\/03\/Marbella-3.jpg","type":"image\/jpeg"}],"twitter_card":"summary_large_image","twitter_site":"@TourTravel_More","twitter_misc":{"Dur\u00e9e de lecture estim\u00e9e":"2 minutes"},"schema":{"@context":"https:\/\/schema.org","@graph":[{"@type":"WebPage","@id":"https:\/\/tourtravelandmore.com\/fr\/tours\/espagne-fr\/marbellapuertobanus-fr\/all-private-tours-activities-fr-13\/visite-privee-a-pied-de-marbella\/","url":"https:\/\/tourtravelandmore.com\/fr\/tours\/espagne-fr\/marbellapuertobanus-fr\/all-private-tours-activities-fr-13\/visite-privee-a-pied-de-marbella\/","name":"Visite priv\u00e9e \u00e0 pied de Marbella - VISITE PRIV\u00c9E MARBELLA","isPartOf":{"@id":"https:\/\/tourtravelandmore.com\/fr\/#website"},"primaryImageOfPage":{"@id":"https:\/\/tourtravelandmore.com\/fr\/tours\/espagne-fr\/marbellapuertobanus-fr\/all-private-tours-activities-fr-13\/visite-privee-a-pied-de-marbella\/#primaryimage"},"image":{"@id":"https:\/\/tourtravelandmore.com\/fr\/tours\/espagne-fr\/marbellapuertobanus-fr\/all-private-tours-activities-fr-13\/visite-privee-a-pied-de-marbella\/#primaryimage"},"thumbnailUrl":"https:\/\/tourtravelandmore.com\/wp-content\/uploads\/2016\/03\/Marbella-3.jpg","datePublished":"2016-03-13T12:23:47+00:00","description":"Profitez de cette visite priv\u00e9e \u00e0 pied de Marbella avec votre guide officiel et d\u00e9couvrez les sites les plus embl\u00e9matiques de Marbella. Excursion priv\u00e9e \u00e0 terre.","breadcrumb":{"@id":"https:\/\/tourtravelandmore.com\/fr\/tours\/espagne-fr\/marbellapuertobanus-fr\/all-private-tours-activities-fr-13\/visite-privee-a-pied-de-marbella\/#breadcrumb"},"inLanguage":"fr-FR","potentialAction":[{"@type":"ReadAction","target":["https:\/\/tourtravelandmore.com\/fr\/tours\/espagne-fr\/marbellapuertobanus-fr\/all-private-tours-activities-fr-13\/visite-privee-a-pied-de-marbella\/"]}]},{"@type":"ImageObject","inLanguage":"fr-FR","@id":"https:\/\/tourtravelandmore.com\/fr\/tours\/espagne-fr\/marbellapuertobanus-fr\/all-private-tours-activities-fr-13\/visite-privee-a-pied-de-marbella\/#primaryimage","url":"https:\/\/tourtravelandmore.com\/wp-content\/uploads\/2016\/03\/Marbella-3.jpg","contentUrl":"https:\/\/tourtravelandmore.com\/wp-content\/uploads\/2016\/03\/Marbella-3.jpg","width":1620,"height":1080},{"@type":"BreadcrumbList","@id":"https:\/\/tourtravelandmore.com\/fr\/tours\/espagne-fr\/marbellapuertobanus-fr\/all-private-tours-activities-fr-13\/visite-privee-a-pied-de-marbella\/#breadcrumb","itemListElement":[{"@type":"ListItem","position":1,"name":"Home","item":"https:\/\/tourtravelandmore.com\/fr\/"},{"@type":"ListItem","position":2,"name":"Tours","item":"https:\/\/tourtravelandmore.com\/fr\/tours\/"},{"@type":"ListItem","position":3,"name":"Visite priv\u00e9e \u00e0 pied de Marbella"}]},{"@type":"WebSite","@id":"https:\/\/tourtravelandmore.com\/fr\/#website","url":"https:\/\/tourtravelandmore.com\/fr\/","name":"Tour Travel And More","description":"Private sightseeing tours and luxury transfers in Spain","publisher":{"@id":"https:\/\/tourtravelandmore.com\/fr\/#organization"},"potentialAction":[{"@type":"SearchAction","target":{"@type":"EntryPoint","urlTemplate":"https:\/\/tourtravelandmore.com\/fr\/?s={search_term_string}"},"query-input":{"@type":"PropertyValueSpecification","valueRequired":true,"valueName":"search_term_string"}}],"inLanguage":"fr-FR"},{"@type":"Organization","@id":"https:\/\/tourtravelandmore.com\/fr\/#organization","name":"Tour Travel And More","url":"https:\/\/tourtravelandmore.com\/fr\/","logo":{"@type":"ImageObject","inLanguage":"fr-FR","@id":"https:\/\/tourtravelandmore.com\/fr\/#\/schema\/logo\/image\/","url":"https:\/\/tourtravelandmore.com\/wp-content\/uploads\/2022\/12\/cropped-logo-cabecera-new.png","contentUrl":"https:\/\/tourtravelandmore.com\/wp-content\/uploads\/2022\/12\/cropped-logo-cabecera-new.png","width":430,"height":61,"caption":"Tour Travel And More"},"image":{"@id":"https:\/\/tourtravelandmore.com\/fr\/#\/schema\/logo\/image\/"},"sameAs":["https:\/\/www.facebook.com\/tourtravelandmore\/","https:\/\/x.com\/TourTravel_More"]}]}},"_links":{"self":[{"href":"https:\/\/tourtravelandmore.com\/fr\/wp-json\/wp\/v2\/product\/100372","targetHints":{"allow":["GET"]}}],"collection":[{"href":"https:\/\/tourtravelandmore.com\/fr\/wp-json\/wp\/v2\/product"}],"about":[{"href":"https:\/\/tourtravelandmore.com\/fr\/wp-json\/wp\/v2\/types\/product"}],"replies":[{"embeddable":true,"href":"https:\/\/tourtravelandmore.com\/fr\/wp-json\/wp\/v2\/comments?post=100372"}],"wp:featuredmedia":[{"embeddable":true,"href":"https:\/\/tourtravelandmore.com\/fr\/wp-json\/wp\/v2\/media\/93696"}],"wp:attachment":[{"href":"https:\/\/tourtravelandmore.com\/fr\/wp-json\/wp\/v2\/media?parent=100372"}],"wp:term":[{"taxonomy":"product_brand","embeddable":true,"href":"https:\/\/tourtravelandmore.com\/fr\/wp-json\/wp\/v2\/product_brand?post=100372"},{"taxonomy":"product_cat","embeddable":true,"href":"https:\/\/tourtravelandmore.com\/fr\/wp-json\/wp\/v2\/product_cat?post=100372"},{"taxonomy":"product_tag","embeddable":true,"href":"https:\/\/tourtravelandmore.com\/fr\/wp-json\/wp\/v2\/product_tag?post=100372"}],"curies":[{"name":"wp","href":"https:\/\/api.w.org\/{rel}","templated":true}]}}