{"id":100362,"date":"2019-02-22T14:14:34","date_gmt":"2019-02-22T13:14:34","guid":{"rendered":"https:\/\/tourtravelandmore.com\/tours\/non%20class\u00e9\/visite-privee-de-gibraltar-marbella-et-puerto-banus-au-depart-de-malaga\/"},"modified":"2023-09-14T16:43:22","modified_gmt":"2023-09-14T14:43:22","slug":"visite-privee-de-gibraltar-marbella-et-puerto-banus-au-depart-de-malaga","status":"publish","type":"product","link":"https:\/\/tourtravelandmore.com\/fr\/tours\/espagne-fr\/malaga-fr\/all-private-tours-activities-fr-12\/visite-privee-de-gibraltar-marbella-et-puerto-banus-au-depart-de-malaga\/","title":{"rendered":"Visite priv\u00e9e de Gibraltar, Marbella et Puerto Banus au d\u00e9part de Malaga"},"content":{"rendered":"<h2>Description<\/h2>\n<p>C&#8217;est une exp\u00e9rience d&#8217;une journ\u00e9e compl\u00e8te pour d\u00e9couvrir le meilleur de 3 endroits! Cette <strong>visite priv\u00e9e de Marbella, Puerto Banus et Gibraltar au d\u00e9part de Malaga<\/strong> vous donnera la meilleure occasion d&#8217;en apprendre davantage sur chaque site!<\/p>\n<p>Cette <strong>visite priv\u00e9e de Marbella, Puerto Banus et Gibraltar au d\u00e9part de Malaga<\/strong> d\u00e9butera \u00e0 partir de votre h\u00f4tel, port de croisi\u00e8re ou a\u00e9roport de <strong>Malaga.<\/strong> La prise en charge au port de croisi\u00e8re d\u00e9pendra de l&#8217;heure d&#8217;accostage et nous pouvons adapter la visite \u00e0 vos propres besoins.<\/p>\n<p>Tout d&#8217;abord, nous organiserons une prise en charge priv\u00e9e et confortable. Votre chauffeur priv\u00e9 et votre guide s\u00e9par\u00e9 vous attendront pour commencer cette visite priv\u00e9e d&#8217;une journ\u00e9e.<\/p>\n<p>Nous nous dirigerons d&#8217;abord vers <strong>Gibraltar.<\/strong> Vous appr\u00e9cierez les sites de Gibraltar avec votre guide priv\u00e9.<\/p>\n<p>Sur le chemin du retour \u00e0 <strong>Malaga,<\/strong> nous nous arr\u00eaterons \u00e0 <strong>Marbella<\/strong> et \u00e0 <strong>Puerto Banus.<\/strong> Cet arr\u00eat rendra cette journ\u00e9e encore plus compl\u00e8te. D\u00e9couvrez l&#8217;histoire de <strong>Marbella<\/strong> et profitez de la partie luxueuse de Puerto Banus.<\/p>\n<p>Enfin, votre chauffeur priv\u00e9 et votre guide vous ram\u00e8neront \u00e0 votre point de d\u00e9part \u00e0 Malaga.<\/p>\n<h2>Sites d&#8217;int\u00e9r\u00eat et monuments<\/h2>\n<p>Nous viendrons vous chercher \u00e0 votre h\u00f4tel ou lieu de votre choix \u00e0 <strong>Malaga.<\/strong> Nous pouvons \u00e9galement venir vous chercher au port de croisi\u00e8re.<\/p>\n<p>Nous nous dirigerons ensuite vers Gibraltar. Une fois arriv\u00e9 \u00e0 <strong>Gibraltar,<\/strong> votre chauffeur vous attendra \u00e0 la fronti\u00e8re et votre guide prendra les transports en commun avec vous pour une visite des monuments et sites les plus importants de <strong>Gibraltars.<\/strong><\/p>\n<p>Une fois \u00e0 <strong>Gibraltar,<\/strong> vous appr\u00e9cierez entre autres: Rocher de Gibraltar, nous pouvons \u00e9galement organiser si vous le souhaitez une visite de la grotte Saint-Michel, vue sur le ch\u00e2teau maure avec vue panoramique sur Gibraltar, vue sur<strong> Europa Point, Grandes Casemates Square,<\/strong> marches m\u00e9diterran\u00e9ennes et beaucoup plus!<\/p>\n<p>Vous retournerez ensuite \u00e0 votre v\u00e9hicule \u00e0 la fronti\u00e8re et vous dirigerez vers les prochains arr\u00eats qui sont <strong>Marbella<\/strong> et <strong>Puerto Banus.<\/strong><\/p>\n<p>Une fois \u00e0 <strong>Marbella<\/strong> et \u00e0 <strong>Puerto Banus,<\/strong> parmi d&#8217;autres monuments et sites, vous pouvez apprendre \u00e0 conna\u00eetre:<\/p>\n<ul>\n<li><strong>Vieille ville (Barrio Alto et Barrio Nuevo)<\/strong><\/li>\n<li><strong>Plaza de los Naranjos<\/strong><\/li>\n<li><strong>Chapelle de Saint-Jean de Dieu<\/strong><\/li>\n<li><strong>H\u00f4pital royal de la mis\u00e9ricorde<\/strong><\/li>\n<li><strong>Extension historique (jardin botanique)<\/strong><\/li>\n<li><strong>Golden Mile de Marbella<\/strong><\/li>\n<li><strong>Des plages<\/strong><\/li>\n<li><strong>Puerto Banus<\/strong><\/li>\n<li><strong>Achats<\/strong><\/li>\n<li><strong>Boulevard<\/strong><\/li>\n<li><strong>Port de plaisance de Nueva Andaluc\u00eda<\/strong><\/li>\n<li><strong>Beaucoup plus!<\/strong><\/li>\n<\/ul>\n<p>Vous pourrez ensuite profiter et admirer la grande architecture et les sites touristiques de Gibraltar, Marbella et Puerto Banus les monuments les plus importants et les plus connus.<\/p>\n<p>Votre guide priv\u00e9 officiel et votre v\u00e9hicule de luxe priv\u00e9 avec chauffeur sont \u00e0 votre disposition pendant toute la dur\u00e9e du circuit pour profiter au maximum des deux monuments et tirer le meilleur parti de votre exp\u00e9rience \u00e0 Gibraltar, Marbella et Puerto Banus.<\/p>\n<p>Cette visite priv\u00e9e se terminera \u00e0 Malaga au m\u00eame endroit de prise en charge.<\/p>\n<p>Si vous n&#8217;avez pas beaucoup de temps pour cette exp\u00e9rience d&#8217;une journ\u00e9e compl\u00e8te, consultez notre visite priv\u00e9e \u00e0 Gibraltar uniquement ou notre visite priv\u00e9e \u00e0 Marbella Puerto Banus uniquement!<\/p>\n","protected":false},"excerpt":{"rendered":"<p>Visite priv\u00e9e de Marbella, Puerto Banus et Gibraltar au d\u00e9part de Malaga ou de toute autre ville. Guide touristique officiel priv\u00e9 et v\u00e9hicule de luxe avec chauffeur pour une journ\u00e9e compl\u00e8te<\/p>\n","protected":false},"featured_media":95611,"comment_status":"open","ping_status":"closed","template":"","meta":{"_acf_changed":false},"product_brand":[],"product_cat":[3646,4247,4251,4248],"product_tag":[],"class_list":{"0":"post-100362","1":"product","2":"type-product","3":"status-publish","4":"has-post-thumbnail","6":"product_cat-malaga-fr","7":"product_cat-all-private-tours-activities-fr-12","8":"product_cat-private-day-trips-fr-5","9":"product_cat-private-sightseeing-tours-fr-19","11":"first","12":"instock","13":"shipping-taxable","14":"purchasable","15":"product-type-simple"},"acf":[],"yoast_head":"<!-- This site is optimized with the Yoast SEO Premium plugin v25.3.1 (Yoast SEO v25.3.1) - https:\/\/yoast.com\/wordpress\/plugins\/seo\/ -->\n<title>Visite priv\u00e9e de Marbella, Puerto Banus et Gibraltar au d\u00e9part de Malaga - Visite priv\u00e9e<\/title>\n<meta name=\"description\" content=\"Visite priv\u00e9e de Marbella, Puerto Banus et Gibraltar au d\u00e9part de Malaga. Guide touristique officiel priv\u00e9 et v\u00e9hicule de luxe avec chauffeur pour une journ\u00e9e compl\u00e8te\" \/>\n<meta name=\"robots\" content=\"index, follow, max-snippet:-1, max-image-preview:large, max-video-preview:-1\" \/>\n<link rel=\"canonical\" href=\"https:\/\/tourtravelandmore.com\/fr\/tours\/espagne-fr\/malaga-fr\/all-private-tours-activities-fr-12\/visite-privee-de-gibraltar-marbella-et-puerto-banus-au-depart-de-malaga\/\" \/>\n<meta property=\"og:locale\" content=\"fr_FR\" \/>\n<meta property=\"og:type\" content=\"article\" \/>\n<meta property=\"og:title\" content=\"Visite priv\u00e9e de Gibraltar, Marbella et Puerto Banus au d\u00e9part de Malaga\" \/>\n<meta property=\"og:description\" content=\"Visite priv\u00e9e de Marbella, Puerto Banus et Gibraltar au d\u00e9part de Malaga. Guide touristique officiel priv\u00e9 et v\u00e9hicule de luxe avec chauffeur pour une journ\u00e9e compl\u00e8te\" \/>\n<meta property=\"og:url\" content=\"https:\/\/tourtravelandmore.com\/fr\/tours\/espagne-fr\/malaga-fr\/all-private-tours-activities-fr-12\/visite-privee-de-gibraltar-marbella-et-puerto-banus-au-depart-de-malaga\/\" \/>\n<meta property=\"og:site_name\" content=\"Tour Travel And More\" \/>\n<meta property=\"article:publisher\" content=\"https:\/\/www.facebook.com\/tourtravelandmore\/\" \/>\n<meta property=\"article:modified_time\" content=\"2023-09-14T14:43:22+00:00\" \/>\n<meta property=\"og:image\" content=\"https:\/\/tourtravelandmore.com\/wp-content\/uploads\/2019\/02\/The_Port_of_Gibraltar_Aerial_View_from_the_North_West.jpg\" \/>\n\t<meta property=\"og:image:width\" content=\"1693\" \/>\n\t<meta property=\"og:image:height\" content=\"863\" \/>\n\t<meta property=\"og:image:type\" content=\"image\/jpeg\" \/>\n<meta name=\"twitter:card\" content=\"summary_large_image\" \/>\n<meta name=\"twitter:site\" content=\"@TourTravel_More\" \/>\n<meta name=\"twitter:label1\" content=\"Dur\u00e9e de lecture estim\u00e9e\" \/>\n\t<meta name=\"twitter:data1\" content=\"3 minutes\" \/>\n<script type=\"application\/ld+json\" class=\"yoast-schema-graph\">{\"@context\":\"https:\/\/schema.org\",\"@graph\":[{\"@type\":\"WebPage\",\"@id\":\"https:\/\/tourtravelandmore.com\/fr\/tours\/espagne-fr\/malaga-fr\/all-private-tours-activities-fr-12\/visite-privee-de-gibraltar-marbella-et-puerto-banus-au-depart-de-malaga\/\",\"url\":\"https:\/\/tourtravelandmore.com\/fr\/tours\/espagne-fr\/malaga-fr\/all-private-tours-activities-fr-12\/visite-privee-de-gibraltar-marbella-et-puerto-banus-au-depart-de-malaga\/\",\"name\":\"Visite priv\u00e9e de Marbella, Puerto Banus et Gibraltar au d\u00e9part de Malaga - Visite priv\u00e9e\",\"isPartOf\":{\"@id\":\"https:\/\/tourtravelandmore.com\/fr\/#website\"},\"primaryImageOfPage\":{\"@id\":\"https:\/\/tourtravelandmore.com\/fr\/tours\/espagne-fr\/malaga-fr\/all-private-tours-activities-fr-12\/visite-privee-de-gibraltar-marbella-et-puerto-banus-au-depart-de-malaga\/#primaryimage\"},\"image\":{\"@id\":\"https:\/\/tourtravelandmore.com\/fr\/tours\/espagne-fr\/malaga-fr\/all-private-tours-activities-fr-12\/visite-privee-de-gibraltar-marbella-et-puerto-banus-au-depart-de-malaga\/#primaryimage\"},\"thumbnailUrl\":\"https:\/\/tourtravelandmore.com\/wp-content\/uploads\/2019\/02\/The_Port_of_Gibraltar_Aerial_View_from_the_North_West.jpg\",\"datePublished\":\"2019-02-22T13:14:34+00:00\",\"dateModified\":\"2023-09-14T14:43:22+00:00\",\"description\":\"Visite priv\u00e9e de Marbella, Puerto Banus et Gibraltar au d\u00e9part de Malaga. Guide touristique officiel priv\u00e9 et v\u00e9hicule de luxe avec chauffeur pour une journ\u00e9e compl\u00e8te\",\"breadcrumb\":{\"@id\":\"https:\/\/tourtravelandmore.com\/fr\/tours\/espagne-fr\/malaga-fr\/all-private-tours-activities-fr-12\/visite-privee-de-gibraltar-marbella-et-puerto-banus-au-depart-de-malaga\/#breadcrumb\"},\"inLanguage\":\"fr-FR\",\"potentialAction\":[{\"@type\":\"ReadAction\",\"target\":[\"https:\/\/tourtravelandmore.com\/fr\/tours\/espagne-fr\/malaga-fr\/all-private-tours-activities-fr-12\/visite-privee-de-gibraltar-marbella-et-puerto-banus-au-depart-de-malaga\/\"]}]},{\"@type\":\"ImageObject\",\"inLanguage\":\"fr-FR\",\"@id\":\"https:\/\/tourtravelandmore.com\/fr\/tours\/espagne-fr\/malaga-fr\/all-private-tours-activities-fr-12\/visite-privee-de-gibraltar-marbella-et-puerto-banus-au-depart-de-malaga\/#primaryimage\",\"url\":\"https:\/\/tourtravelandmore.com\/wp-content\/uploads\/2019\/02\/The_Port_of_Gibraltar_Aerial_View_from_the_North_West.jpg\",\"contentUrl\":\"https:\/\/tourtravelandmore.com\/wp-content\/uploads\/2019\/02\/The_Port_of_Gibraltar_Aerial_View_from_the_North_West.jpg\",\"width\":1693,\"height\":863},{\"@type\":\"BreadcrumbList\",\"@id\":\"https:\/\/tourtravelandmore.com\/fr\/tours\/espagne-fr\/malaga-fr\/all-private-tours-activities-fr-12\/visite-privee-de-gibraltar-marbella-et-puerto-banus-au-depart-de-malaga\/#breadcrumb\",\"itemListElement\":[{\"@type\":\"ListItem\",\"position\":1,\"name\":\"Home\",\"item\":\"https:\/\/tourtravelandmore.com\/fr\/\"},{\"@type\":\"ListItem\",\"position\":2,\"name\":\"Tours\",\"item\":\"https:\/\/tourtravelandmore.com\/fr\/tours\/\"},{\"@type\":\"ListItem\",\"position\":3,\"name\":\"Visite priv\u00e9e de Gibraltar, Marbella et Puerto Banus au d\u00e9part de Malaga\"}]},{\"@type\":\"WebSite\",\"@id\":\"https:\/\/tourtravelandmore.com\/fr\/#website\",\"url\":\"https:\/\/tourtravelandmore.com\/fr\/\",\"name\":\"Tour Travel And More\",\"description\":\"Private sightseeing tours and luxury transfers in Spain\",\"publisher\":{\"@id\":\"https:\/\/tourtravelandmore.com\/fr\/#organization\"},\"potentialAction\":[{\"@type\":\"SearchAction\",\"target\":{\"@type\":\"EntryPoint\",\"urlTemplate\":\"https:\/\/tourtravelandmore.com\/fr\/?s={search_term_string}\"},\"query-input\":{\"@type\":\"PropertyValueSpecification\",\"valueRequired\":true,\"valueName\":\"search_term_string\"}}],\"inLanguage\":\"fr-FR\"},{\"@type\":\"Organization\",\"@id\":\"https:\/\/tourtravelandmore.com\/fr\/#organization\",\"name\":\"Tour Travel And More\",\"url\":\"https:\/\/tourtravelandmore.com\/fr\/\",\"logo\":{\"@type\":\"ImageObject\",\"inLanguage\":\"fr-FR\",\"@id\":\"https:\/\/tourtravelandmore.com\/fr\/#\/schema\/logo\/image\/\",\"url\":\"https:\/\/tourtravelandmore.com\/wp-content\/uploads\/2022\/12\/cropped-logo-cabecera-new.png\",\"contentUrl\":\"https:\/\/tourtravelandmore.com\/wp-content\/uploads\/2022\/12\/cropped-logo-cabecera-new.png\",\"width\":430,\"height\":61,\"caption\":\"Tour Travel And More\"},\"image\":{\"@id\":\"https:\/\/tourtravelandmore.com\/fr\/#\/schema\/logo\/image\/\"},\"sameAs\":[\"https:\/\/www.facebook.com\/tourtravelandmore\/\",\"https:\/\/x.com\/TourTravel_More\"]}]}<\/script>\n<!-- \/ Yoast SEO Premium plugin. -->","yoast_head_json":{"title":"Visite priv\u00e9e de Marbella, Puerto Banus et Gibraltar au d\u00e9part de Malaga - Visite priv\u00e9e","description":"Visite priv\u00e9e de Marbella, Puerto Banus et Gibraltar au d\u00e9part de Malaga. Guide touristique officiel priv\u00e9 et v\u00e9hicule de luxe avec chauffeur pour une journ\u00e9e compl\u00e8te","robots":{"index":"index","follow":"follow","max-snippet":"max-snippet:-1","max-image-preview":"max-image-preview:large","max-video-preview":"max-video-preview:-1"},"canonical":"https:\/\/tourtravelandmore.com\/fr\/tours\/espagne-fr\/malaga-fr\/all-private-tours-activities-fr-12\/visite-privee-de-gibraltar-marbella-et-puerto-banus-au-depart-de-malaga\/","og_locale":"fr_FR","og_type":"article","og_title":"Visite priv\u00e9e de Gibraltar, Marbella et Puerto Banus au d\u00e9part de Malaga","og_description":"Visite priv\u00e9e de Marbella, Puerto Banus et Gibraltar au d\u00e9part de Malaga. Guide touristique officiel priv\u00e9 et v\u00e9hicule de luxe avec chauffeur pour une journ\u00e9e compl\u00e8te","og_url":"https:\/\/tourtravelandmore.com\/fr\/tours\/espagne-fr\/malaga-fr\/all-private-tours-activities-fr-12\/visite-privee-de-gibraltar-marbella-et-puerto-banus-au-depart-de-malaga\/","og_site_name":"Tour Travel And More","article_publisher":"https:\/\/www.facebook.com\/tourtravelandmore\/","article_modified_time":"2023-09-14T14:43:22+00:00","og_image":[{"width":1693,"height":863,"url":"https:\/\/tourtravelandmore.com\/wp-content\/uploads\/2019\/02\/The_Port_of_Gibraltar_Aerial_View_from_the_North_West.jpg","type":"image\/jpeg"}],"twitter_card":"summary_large_image","twitter_site":"@TourTravel_More","twitter_misc":{"Dur\u00e9e de lecture estim\u00e9e":"3 minutes"},"schema":{"@context":"https:\/\/schema.org","@graph":[{"@type":"WebPage","@id":"https:\/\/tourtravelandmore.com\/fr\/tours\/espagne-fr\/malaga-fr\/all-private-tours-activities-fr-12\/visite-privee-de-gibraltar-marbella-et-puerto-banus-au-depart-de-malaga\/","url":"https:\/\/tourtravelandmore.com\/fr\/tours\/espagne-fr\/malaga-fr\/all-private-tours-activities-fr-12\/visite-privee-de-gibraltar-marbella-et-puerto-banus-au-depart-de-malaga\/","name":"Visite priv\u00e9e de Marbella, Puerto Banus et Gibraltar au d\u00e9part de Malaga - Visite priv\u00e9e","isPartOf":{"@id":"https:\/\/tourtravelandmore.com\/fr\/#website"},"primaryImageOfPage":{"@id":"https:\/\/tourtravelandmore.com\/fr\/tours\/espagne-fr\/malaga-fr\/all-private-tours-activities-fr-12\/visite-privee-de-gibraltar-marbella-et-puerto-banus-au-depart-de-malaga\/#primaryimage"},"image":{"@id":"https:\/\/tourtravelandmore.com\/fr\/tours\/espagne-fr\/malaga-fr\/all-private-tours-activities-fr-12\/visite-privee-de-gibraltar-marbella-et-puerto-banus-au-depart-de-malaga\/#primaryimage"},"thumbnailUrl":"https:\/\/tourtravelandmore.com\/wp-content\/uploads\/2019\/02\/The_Port_of_Gibraltar_Aerial_View_from_the_North_West.jpg","datePublished":"2019-02-22T13:14:34+00:00","dateModified":"2023-09-14T14:43:22+00:00","description":"Visite priv\u00e9e de Marbella, Puerto Banus et Gibraltar au d\u00e9part de Malaga. Guide touristique officiel priv\u00e9 et v\u00e9hicule de luxe avec chauffeur pour une journ\u00e9e compl\u00e8te","breadcrumb":{"@id":"https:\/\/tourtravelandmore.com\/fr\/tours\/espagne-fr\/malaga-fr\/all-private-tours-activities-fr-12\/visite-privee-de-gibraltar-marbella-et-puerto-banus-au-depart-de-malaga\/#breadcrumb"},"inLanguage":"fr-FR","potentialAction":[{"@type":"ReadAction","target":["https:\/\/tourtravelandmore.com\/fr\/tours\/espagne-fr\/malaga-fr\/all-private-tours-activities-fr-12\/visite-privee-de-gibraltar-marbella-et-puerto-banus-au-depart-de-malaga\/"]}]},{"@type":"ImageObject","inLanguage":"fr-FR","@id":"https:\/\/tourtravelandmore.com\/fr\/tours\/espagne-fr\/malaga-fr\/all-private-tours-activities-fr-12\/visite-privee-de-gibraltar-marbella-et-puerto-banus-au-depart-de-malaga\/#primaryimage","url":"https:\/\/tourtravelandmore.com\/wp-content\/uploads\/2019\/02\/The_Port_of_Gibraltar_Aerial_View_from_the_North_West.jpg","contentUrl":"https:\/\/tourtravelandmore.com\/wp-content\/uploads\/2019\/02\/The_Port_of_Gibraltar_Aerial_View_from_the_North_West.jpg","width":1693,"height":863},{"@type":"BreadcrumbList","@id":"https:\/\/tourtravelandmore.com\/fr\/tours\/espagne-fr\/malaga-fr\/all-private-tours-activities-fr-12\/visite-privee-de-gibraltar-marbella-et-puerto-banus-au-depart-de-malaga\/#breadcrumb","itemListElement":[{"@type":"ListItem","position":1,"name":"Home","item":"https:\/\/tourtravelandmore.com\/fr\/"},{"@type":"ListItem","position":2,"name":"Tours","item":"https:\/\/tourtravelandmore.com\/fr\/tours\/"},{"@type":"ListItem","position":3,"name":"Visite priv\u00e9e de Gibraltar, Marbella et Puerto Banus au d\u00e9part de Malaga"}]},{"@type":"WebSite","@id":"https:\/\/tourtravelandmore.com\/fr\/#website","url":"https:\/\/tourtravelandmore.com\/fr\/","name":"Tour Travel And More","description":"Private sightseeing tours and luxury transfers in Spain","publisher":{"@id":"https:\/\/tourtravelandmore.com\/fr\/#organization"},"potentialAction":[{"@type":"SearchAction","target":{"@type":"EntryPoint","urlTemplate":"https:\/\/tourtravelandmore.com\/fr\/?s={search_term_string}"},"query-input":{"@type":"PropertyValueSpecification","valueRequired":true,"valueName":"search_term_string"}}],"inLanguage":"fr-FR"},{"@type":"Organization","@id":"https:\/\/tourtravelandmore.com\/fr\/#organization","name":"Tour Travel And More","url":"https:\/\/tourtravelandmore.com\/fr\/","logo":{"@type":"ImageObject","inLanguage":"fr-FR","@id":"https:\/\/tourtravelandmore.com\/fr\/#\/schema\/logo\/image\/","url":"https:\/\/tourtravelandmore.com\/wp-content\/uploads\/2022\/12\/cropped-logo-cabecera-new.png","contentUrl":"https:\/\/tourtravelandmore.com\/wp-content\/uploads\/2022\/12\/cropped-logo-cabecera-new.png","width":430,"height":61,"caption":"Tour Travel And More"},"image":{"@id":"https:\/\/tourtravelandmore.com\/fr\/#\/schema\/logo\/image\/"},"sameAs":["https:\/\/www.facebook.com\/tourtravelandmore\/","https:\/\/x.com\/TourTravel_More"]}]}},"_links":{"self":[{"href":"https:\/\/tourtravelandmore.com\/fr\/wp-json\/wp\/v2\/product\/100362","targetHints":{"allow":["GET"]}}],"collection":[{"href":"https:\/\/tourtravelandmore.com\/fr\/wp-json\/wp\/v2\/product"}],"about":[{"href":"https:\/\/tourtravelandmore.com\/fr\/wp-json\/wp\/v2\/types\/product"}],"replies":[{"embeddable":true,"href":"https:\/\/tourtravelandmore.com\/fr\/wp-json\/wp\/v2\/comments?post=100362"}],"wp:featuredmedia":[{"embeddable":true,"href":"https:\/\/tourtravelandmore.com\/fr\/wp-json\/wp\/v2\/media\/95611"}],"wp:attachment":[{"href":"https:\/\/tourtravelandmore.com\/fr\/wp-json\/wp\/v2\/media?parent=100362"}],"wp:term":[{"taxonomy":"product_brand","embeddable":true,"href":"https:\/\/tourtravelandmore.com\/fr\/wp-json\/wp\/v2\/product_brand?post=100362"},{"taxonomy":"product_cat","embeddable":true,"href":"https:\/\/tourtravelandmore.com\/fr\/wp-json\/wp\/v2\/product_cat?post=100362"},{"taxonomy":"product_tag","embeddable":true,"href":"https:\/\/tourtravelandmore.com\/fr\/wp-json\/wp\/v2\/product_tag?post=100362"}],"curies":[{"name":"wp","href":"https:\/\/api.w.org\/{rel}","templated":true}]}}