{"id":100357,"date":"2016-08-26T12:31:25","date_gmt":"2016-08-26T10:31:25","guid":{"rendered":"https:\/\/tourtravelandmore.com\/tours\/non%20class\u00e9\/visite-privee-de-cordoue-depuis-malaga-ou-marbella\/"},"modified":"2023-01-20T15:21:40","modified_gmt":"2023-01-20T14:21:40","slug":"visite-privee-de-cordoue-depuis-malaga","status":"publish","type":"product","link":"https:\/\/tourtravelandmore.com\/fr\/tours\/espagne-fr\/marbellapuertobanus-fr\/all-private-tours-activities-fr-13\/visite-privee-de-cordoue-depuis-malaga\/","title":{"rendered":"Visite priv\u00e9e de Cordoue depuis Malaga"},"content":{"rendered":"<h2>Description<\/h2>\n<p><strong>Cordoue<\/strong> est une ville unique en <strong>Andalousie.<\/strong> C&#8217;est personnellement l&#8217;un de nos endroits pr\u00e9f\u00e9r\u00e9s \u00e0 visiter. Profitez de cette visite priv\u00e9e de Cordoue au d\u00e9part de <strong>Malaga.<\/strong> Nous pouvons \u00e9galement organiser une prise en charge priv\u00e9e depuis Marbella ou Puerto Banus.<\/p>\n<p><strong>Cordoue<\/strong> est la <strong>troisi\u00e8me<\/strong> plus grande ville <strong>d&#8217;Andalousie<\/strong> et une ville merveilleuse pour se promener. Ce fut d&#8217;abord une colonie romaine et suivit de conqu\u00eates mousselines.<\/p>\n<p>Tout d&#8217;abord, pour cette visite priv\u00e9e de Cordoue au d\u00e9part de Malaga, nous organiserons une prise en charge priv\u00e9e. La prise en charge peut se faire depuis votre h\u00f4tel \u00e0 Malaga. Nous pouvons \u00e9galement organiser une prise en charge confortable de votre croisi\u00e8re au port de croisi\u00e8re de Malaga. C&#8217;est une excursion \u00e0 terre parfaite si vous connaissez d\u00e9j\u00e0 Malaga.<\/p>\n<p>Une fois arriv\u00e9s \u00e0 <strong>Cordoue,<\/strong> vous rencontrerez votre guide officiel priv\u00e9. Nous commencerons imm\u00e9diatement votre visite guid\u00e9e priv\u00e9e de <strong>3 heures<\/strong> de <strong>Cordoue.<\/strong> Profitez du meilleur de Cordoue lors de cette visite \u00e0 pied. La visite guid\u00e9e priv\u00e9e de Cordoue dure 3 heures. Promenez-vous et d\u00e9couvrez la ville unique de Cordoue.<\/p>\n<p>Apr\u00e8s la visite \u00e0 pied, mangez rapidement et promenez-vous avant de retourner vers votre h\u00f4tel \u00e0 <strong>Malaga.<\/strong><\/p>\n<h2>Sites d&#8217;int\u00e9r\u00eat et monuments<\/h2>\n<p>Profitez de Cordoue, la deuxi\u00e8me plus grande vieille ville d&#8217;Europe et la plus grande zone urbaine du monde d\u00e9clar\u00e9e patrimoine mondial par <strong>l&#8217;UNESCO.<\/strong><\/p>\n<p>\u00c0 Cordoue, vous pouvez profiter de l&#8217;une des plus belles mosqu\u00e9es d&#8217;Espagne, la Grande Mosqu\u00e9e de Cordoue. C&#8217;est une cath\u00e9drale actuelle et un must une fois que vous visitez Cordoue. L&#8217;entr\u00e9e de la mosqu\u00e9e est incluse dans le prix de cette visite priv\u00e9e.<\/p>\n<p>Nous vous aiderons \u00e0 organiser votre exp\u00e9rience totalement personnalis\u00e9e et unique \u00e0 <strong>Cordoue.<\/strong>Entre autres monuments et sites touristiques, vous pouvez apprendre \u00e0 conna\u00eetre:<\/p>\n<ul>\n<li><strong>Grande mosqu\u00e9e de Cordoue (entr\u00e9e incluse dans le prix de la visite)<\/strong><\/li>\n<li><strong>Synagogue (entr\u00e9e incluse dans le prix de la visite)<\/strong><\/li>\n<li><strong>Alcazar (entr\u00e9e incluse dans le prix de la visite)<\/strong><\/li>\n<li><strong>Pont romain<\/strong><\/li>\n<li><strong>Temple romain<\/strong><\/li>\n<li><strong>quartier juif<\/strong><\/li>\n<li><strong>Moulins du Gualdaquivir<\/strong><\/li>\n<li><strong>Murs romains<\/strong><\/li>\n<li><strong>Beaucoup plus!<\/strong><\/li>\n<\/ul>\n<p>Apr\u00e8s la visite guid\u00e9e priv\u00e9e, profitez d&#8217;un peu de temps libre pour le d\u00e9jeuner et pour vous promener et nous vous ram\u00e8nerons vers Malaga. Le d\u00e9p\u00f4t peut \u00e9galement \u00eatre \u00e0 Marbella ou \u00e0 Puerto Banus.<\/p>\n<p>D\u00e9couvrez nos autres circuits priv\u00e9s au d\u00e9part de <strong>Malaga.<\/strong><\/p>\n","protected":false},"excerpt":{"rendered":"<p>Profitez de cette visite priv\u00e9e de <strong>Cordoue<\/strong> au d\u00e9part de <strong>Malaga<\/strong>. V\u00e9hicule de luxe avec chauffeur et guide officiel priv\u00e9 pendant 3 heures \u00e0 Cordoue. Visitez la mosqu\u00e9e \/ cath\u00e9drale et l&#8217;Alcazar avec votre guide officiel.<\/p>\n","protected":false},"featured_media":94588,"comment_status":"open","ping_status":"closed","template":"","meta":{"_acf_changed":false},"product_brand":[],"product_cat":[3646,4249,4247,4251,4248,4252,4254,4253],"product_tag":[],"class_list":{"0":"post-100357","1":"product","2":"type-product","3":"status-publish","4":"has-post-thumbnail","6":"product_cat-malaga-fr","7":"product_cat-private-shore-excursions-fr-6","8":"product_cat-all-private-tours-activities-fr-12","9":"product_cat-private-day-trips-fr-5","10":"product_cat-private-sightseeing-tours-fr-19","11":"product_cat-all-private-tours-activities-fr-13","12":"product_cat-private-sightseeing-tours-fr-20","13":"product_cat-private-day-trips-fr-6","15":"first","16":"instock","17":"shipping-taxable","18":"purchasable","19":"product-type-simple"},"acf":[],"yoast_head":"<!-- This site is optimized with the Yoast SEO Premium plugin v25.3.1 (Yoast SEO v25.3.1) - https:\/\/yoast.com\/wordpress\/plugins\/seo\/ -->\n<title>Visite priv\u00e9e de Cordoue au d\u00e9part de Malaga - Billets d&#039;entr\u00e9e inclus<\/title>\n<meta name=\"description\" content=\"Profitez de cette visite priv\u00e9e de Cordoue au d\u00e9part de Malaga. V\u00e9hicule de luxe avec chauffeur et guide officiel priv\u00e9 pendant 3 heures \u00e0 Cordoue.\" \/>\n<meta name=\"robots\" content=\"index, follow, max-snippet:-1, max-image-preview:large, max-video-preview:-1\" \/>\n<link rel=\"canonical\" href=\"https:\/\/tourtravelandmore.com\/fr\/tours\/espagne-fr\/marbellapuertobanus-fr\/all-private-tours-activities-fr-13\/visite-privee-de-cordoue-depuis-malaga\/\" \/>\n<meta property=\"og:locale\" content=\"fr_FR\" \/>\n<meta property=\"og:type\" content=\"article\" \/>\n<meta property=\"og:title\" content=\"Visite priv\u00e9e de Cordoue depuis Malaga\" \/>\n<meta property=\"og:description\" content=\"Profitez de cette visite priv\u00e9e de Cordoue au d\u00e9part de Malaga. V\u00e9hicule de luxe avec chauffeur et guide officiel priv\u00e9 pendant 3 heures \u00e0 Cordoue.\" \/>\n<meta property=\"og:url\" content=\"https:\/\/tourtravelandmore.com\/fr\/tours\/espagne-fr\/marbellapuertobanus-fr\/all-private-tours-activities-fr-13\/visite-privee-de-cordoue-depuis-malaga\/\" \/>\n<meta property=\"og:site_name\" content=\"Tour Travel And More\" \/>\n<meta property=\"article:publisher\" content=\"https:\/\/www.facebook.com\/tourtravelandmore\/\" \/>\n<meta property=\"article:modified_time\" content=\"2023-01-20T14:21:40+00:00\" \/>\n<meta property=\"og:image\" content=\"https:\/\/tourtravelandmore.com\/wp-content\/uploads\/2016\/08\/mosquecathedral-of-cordoba-1541653_960_720.jpg\" \/>\n\t<meta property=\"og:image:width\" content=\"960\" \/>\n\t<meta property=\"og:image:height\" content=\"540\" \/>\n\t<meta property=\"og:image:type\" content=\"image\/jpeg\" \/>\n<meta name=\"twitter:card\" content=\"summary_large_image\" \/>\n<meta name=\"twitter:site\" content=\"@TourTravel_More\" \/>\n<meta name=\"twitter:label1\" content=\"Dur\u00e9e de lecture estim\u00e9e\" \/>\n\t<meta name=\"twitter:data1\" content=\"2 minutes\" \/>\n<script type=\"application\/ld+json\" class=\"yoast-schema-graph\">{\"@context\":\"https:\/\/schema.org\",\"@graph\":[{\"@type\":\"WebPage\",\"@id\":\"https:\/\/tourtravelandmore.com\/fr\/tours\/espagne-fr\/marbellapuertobanus-fr\/all-private-tours-activities-fr-13\/visite-privee-de-cordoue-depuis-malaga\/\",\"url\":\"https:\/\/tourtravelandmore.com\/fr\/tours\/espagne-fr\/marbellapuertobanus-fr\/all-private-tours-activities-fr-13\/visite-privee-de-cordoue-depuis-malaga\/\",\"name\":\"Visite priv\u00e9e de Cordoue au d\u00e9part de Malaga - Billets d'entr\u00e9e inclus\",\"isPartOf\":{\"@id\":\"https:\/\/tourtravelandmore.com\/fr\/#website\"},\"primaryImageOfPage\":{\"@id\":\"https:\/\/tourtravelandmore.com\/fr\/tours\/espagne-fr\/marbellapuertobanus-fr\/all-private-tours-activities-fr-13\/visite-privee-de-cordoue-depuis-malaga\/#primaryimage\"},\"image\":{\"@id\":\"https:\/\/tourtravelandmore.com\/fr\/tours\/espagne-fr\/marbellapuertobanus-fr\/all-private-tours-activities-fr-13\/visite-privee-de-cordoue-depuis-malaga\/#primaryimage\"},\"thumbnailUrl\":\"https:\/\/tourtravelandmore.com\/wp-content\/uploads\/2016\/08\/mosquecathedral-of-cordoba-1541653_960_720.jpg\",\"datePublished\":\"2016-08-26T10:31:25+00:00\",\"dateModified\":\"2023-01-20T14:21:40+00:00\",\"description\":\"Profitez de cette visite priv\u00e9e de Cordoue au d\u00e9part de Malaga. V\u00e9hicule de luxe avec chauffeur et guide officiel priv\u00e9 pendant 3 heures \u00e0 Cordoue.\",\"breadcrumb\":{\"@id\":\"https:\/\/tourtravelandmore.com\/fr\/tours\/espagne-fr\/marbellapuertobanus-fr\/all-private-tours-activities-fr-13\/visite-privee-de-cordoue-depuis-malaga\/#breadcrumb\"},\"inLanguage\":\"fr-FR\",\"potentialAction\":[{\"@type\":\"ReadAction\",\"target\":[\"https:\/\/tourtravelandmore.com\/fr\/tours\/espagne-fr\/marbellapuertobanus-fr\/all-private-tours-activities-fr-13\/visite-privee-de-cordoue-depuis-malaga\/\"]}]},{\"@type\":\"ImageObject\",\"inLanguage\":\"fr-FR\",\"@id\":\"https:\/\/tourtravelandmore.com\/fr\/tours\/espagne-fr\/marbellapuertobanus-fr\/all-private-tours-activities-fr-13\/visite-privee-de-cordoue-depuis-malaga\/#primaryimage\",\"url\":\"https:\/\/tourtravelandmore.com\/wp-content\/uploads\/2016\/08\/mosquecathedral-of-cordoba-1541653_960_720.jpg\",\"contentUrl\":\"https:\/\/tourtravelandmore.com\/wp-content\/uploads\/2016\/08\/mosquecathedral-of-cordoba-1541653_960_720.jpg\",\"width\":960,\"height\":540,\"caption\":\"visite priv\u00e9e de Cordoue au d\u00e9part de malaga\"},{\"@type\":\"BreadcrumbList\",\"@id\":\"https:\/\/tourtravelandmore.com\/fr\/tours\/espagne-fr\/marbellapuertobanus-fr\/all-private-tours-activities-fr-13\/visite-privee-de-cordoue-depuis-malaga\/#breadcrumb\",\"itemListElement\":[{\"@type\":\"ListItem\",\"position\":1,\"name\":\"Home\",\"item\":\"https:\/\/tourtravelandmore.com\/fr\/\"},{\"@type\":\"ListItem\",\"position\":2,\"name\":\"Tours\",\"item\":\"https:\/\/tourtravelandmore.com\/fr\/tours\/\"},{\"@type\":\"ListItem\",\"position\":3,\"name\":\"Visite priv\u00e9e de Cordoue depuis Malaga\"}]},{\"@type\":\"WebSite\",\"@id\":\"https:\/\/tourtravelandmore.com\/fr\/#website\",\"url\":\"https:\/\/tourtravelandmore.com\/fr\/\",\"name\":\"Tour Travel And More\",\"description\":\"Private sightseeing tours and luxury transfers in Spain\",\"publisher\":{\"@id\":\"https:\/\/tourtravelandmore.com\/fr\/#organization\"},\"potentialAction\":[{\"@type\":\"SearchAction\",\"target\":{\"@type\":\"EntryPoint\",\"urlTemplate\":\"https:\/\/tourtravelandmore.com\/fr\/?s={search_term_string}\"},\"query-input\":{\"@type\":\"PropertyValueSpecification\",\"valueRequired\":true,\"valueName\":\"search_term_string\"}}],\"inLanguage\":\"fr-FR\"},{\"@type\":\"Organization\",\"@id\":\"https:\/\/tourtravelandmore.com\/fr\/#organization\",\"name\":\"Tour Travel And More\",\"url\":\"https:\/\/tourtravelandmore.com\/fr\/\",\"logo\":{\"@type\":\"ImageObject\",\"inLanguage\":\"fr-FR\",\"@id\":\"https:\/\/tourtravelandmore.com\/fr\/#\/schema\/logo\/image\/\",\"url\":\"https:\/\/tourtravelandmore.com\/wp-content\/uploads\/2022\/12\/cropped-logo-cabecera-new.png\",\"contentUrl\":\"https:\/\/tourtravelandmore.com\/wp-content\/uploads\/2022\/12\/cropped-logo-cabecera-new.png\",\"width\":430,\"height\":61,\"caption\":\"Tour Travel And More\"},\"image\":{\"@id\":\"https:\/\/tourtravelandmore.com\/fr\/#\/schema\/logo\/image\/\"},\"sameAs\":[\"https:\/\/www.facebook.com\/tourtravelandmore\/\",\"https:\/\/x.com\/TourTravel_More\"]}]}<\/script>\n<!-- \/ Yoast SEO Premium plugin. -->","yoast_head_json":{"title":"Visite priv\u00e9e de Cordoue au d\u00e9part de Malaga - Billets d'entr\u00e9e inclus","description":"Profitez de cette visite priv\u00e9e de Cordoue au d\u00e9part de Malaga. V\u00e9hicule de luxe avec chauffeur et guide officiel priv\u00e9 pendant 3 heures \u00e0 Cordoue.","robots":{"index":"index","follow":"follow","max-snippet":"max-snippet:-1","max-image-preview":"max-image-preview:large","max-video-preview":"max-video-preview:-1"},"canonical":"https:\/\/tourtravelandmore.com\/fr\/tours\/espagne-fr\/marbellapuertobanus-fr\/all-private-tours-activities-fr-13\/visite-privee-de-cordoue-depuis-malaga\/","og_locale":"fr_FR","og_type":"article","og_title":"Visite priv\u00e9e de Cordoue depuis Malaga","og_description":"Profitez de cette visite priv\u00e9e de Cordoue au d\u00e9part de Malaga. V\u00e9hicule de luxe avec chauffeur et guide officiel priv\u00e9 pendant 3 heures \u00e0 Cordoue.","og_url":"https:\/\/tourtravelandmore.com\/fr\/tours\/espagne-fr\/marbellapuertobanus-fr\/all-private-tours-activities-fr-13\/visite-privee-de-cordoue-depuis-malaga\/","og_site_name":"Tour Travel And More","article_publisher":"https:\/\/www.facebook.com\/tourtravelandmore\/","article_modified_time":"2023-01-20T14:21:40+00:00","og_image":[{"width":960,"height":540,"url":"https:\/\/tourtravelandmore.com\/wp-content\/uploads\/2016\/08\/mosquecathedral-of-cordoba-1541653_960_720.jpg","type":"image\/jpeg"}],"twitter_card":"summary_large_image","twitter_site":"@TourTravel_More","twitter_misc":{"Dur\u00e9e de lecture estim\u00e9e":"2 minutes"},"schema":{"@context":"https:\/\/schema.org","@graph":[{"@type":"WebPage","@id":"https:\/\/tourtravelandmore.com\/fr\/tours\/espagne-fr\/marbellapuertobanus-fr\/all-private-tours-activities-fr-13\/visite-privee-de-cordoue-depuis-malaga\/","url":"https:\/\/tourtravelandmore.com\/fr\/tours\/espagne-fr\/marbellapuertobanus-fr\/all-private-tours-activities-fr-13\/visite-privee-de-cordoue-depuis-malaga\/","name":"Visite priv\u00e9e de Cordoue au d\u00e9part de Malaga - Billets d'entr\u00e9e inclus","isPartOf":{"@id":"https:\/\/tourtravelandmore.com\/fr\/#website"},"primaryImageOfPage":{"@id":"https:\/\/tourtravelandmore.com\/fr\/tours\/espagne-fr\/marbellapuertobanus-fr\/all-private-tours-activities-fr-13\/visite-privee-de-cordoue-depuis-malaga\/#primaryimage"},"image":{"@id":"https:\/\/tourtravelandmore.com\/fr\/tours\/espagne-fr\/marbellapuertobanus-fr\/all-private-tours-activities-fr-13\/visite-privee-de-cordoue-depuis-malaga\/#primaryimage"},"thumbnailUrl":"https:\/\/tourtravelandmore.com\/wp-content\/uploads\/2016\/08\/mosquecathedral-of-cordoba-1541653_960_720.jpg","datePublished":"2016-08-26T10:31:25+00:00","dateModified":"2023-01-20T14:21:40+00:00","description":"Profitez de cette visite priv\u00e9e de Cordoue au d\u00e9part de Malaga. V\u00e9hicule de luxe avec chauffeur et guide officiel priv\u00e9 pendant 3 heures \u00e0 Cordoue.","breadcrumb":{"@id":"https:\/\/tourtravelandmore.com\/fr\/tours\/espagne-fr\/marbellapuertobanus-fr\/all-private-tours-activities-fr-13\/visite-privee-de-cordoue-depuis-malaga\/#breadcrumb"},"inLanguage":"fr-FR","potentialAction":[{"@type":"ReadAction","target":["https:\/\/tourtravelandmore.com\/fr\/tours\/espagne-fr\/marbellapuertobanus-fr\/all-private-tours-activities-fr-13\/visite-privee-de-cordoue-depuis-malaga\/"]}]},{"@type":"ImageObject","inLanguage":"fr-FR","@id":"https:\/\/tourtravelandmore.com\/fr\/tours\/espagne-fr\/marbellapuertobanus-fr\/all-private-tours-activities-fr-13\/visite-privee-de-cordoue-depuis-malaga\/#primaryimage","url":"https:\/\/tourtravelandmore.com\/wp-content\/uploads\/2016\/08\/mosquecathedral-of-cordoba-1541653_960_720.jpg","contentUrl":"https:\/\/tourtravelandmore.com\/wp-content\/uploads\/2016\/08\/mosquecathedral-of-cordoba-1541653_960_720.jpg","width":960,"height":540,"caption":"visite priv\u00e9e de Cordoue au d\u00e9part de malaga"},{"@type":"BreadcrumbList","@id":"https:\/\/tourtravelandmore.com\/fr\/tours\/espagne-fr\/marbellapuertobanus-fr\/all-private-tours-activities-fr-13\/visite-privee-de-cordoue-depuis-malaga\/#breadcrumb","itemListElement":[{"@type":"ListItem","position":1,"name":"Home","item":"https:\/\/tourtravelandmore.com\/fr\/"},{"@type":"ListItem","position":2,"name":"Tours","item":"https:\/\/tourtravelandmore.com\/fr\/tours\/"},{"@type":"ListItem","position":3,"name":"Visite priv\u00e9e de Cordoue depuis Malaga"}]},{"@type":"WebSite","@id":"https:\/\/tourtravelandmore.com\/fr\/#website","url":"https:\/\/tourtravelandmore.com\/fr\/","name":"Tour Travel And More","description":"Private sightseeing tours and luxury transfers in Spain","publisher":{"@id":"https:\/\/tourtravelandmore.com\/fr\/#organization"},"potentialAction":[{"@type":"SearchAction","target":{"@type":"EntryPoint","urlTemplate":"https:\/\/tourtravelandmore.com\/fr\/?s={search_term_string}"},"query-input":{"@type":"PropertyValueSpecification","valueRequired":true,"valueName":"search_term_string"}}],"inLanguage":"fr-FR"},{"@type":"Organization","@id":"https:\/\/tourtravelandmore.com\/fr\/#organization","name":"Tour Travel And More","url":"https:\/\/tourtravelandmore.com\/fr\/","logo":{"@type":"ImageObject","inLanguage":"fr-FR","@id":"https:\/\/tourtravelandmore.com\/fr\/#\/schema\/logo\/image\/","url":"https:\/\/tourtravelandmore.com\/wp-content\/uploads\/2022\/12\/cropped-logo-cabecera-new.png","contentUrl":"https:\/\/tourtravelandmore.com\/wp-content\/uploads\/2022\/12\/cropped-logo-cabecera-new.png","width":430,"height":61,"caption":"Tour Travel And More"},"image":{"@id":"https:\/\/tourtravelandmore.com\/fr\/#\/schema\/logo\/image\/"},"sameAs":["https:\/\/www.facebook.com\/tourtravelandmore\/","https:\/\/x.com\/TourTravel_More"]}]}},"_links":{"self":[{"href":"https:\/\/tourtravelandmore.com\/fr\/wp-json\/wp\/v2\/product\/100357","targetHints":{"allow":["GET"]}}],"collection":[{"href":"https:\/\/tourtravelandmore.com\/fr\/wp-json\/wp\/v2\/product"}],"about":[{"href":"https:\/\/tourtravelandmore.com\/fr\/wp-json\/wp\/v2\/types\/product"}],"replies":[{"embeddable":true,"href":"https:\/\/tourtravelandmore.com\/fr\/wp-json\/wp\/v2\/comments?post=100357"}],"wp:featuredmedia":[{"embeddable":true,"href":"https:\/\/tourtravelandmore.com\/fr\/wp-json\/wp\/v2\/media\/94588"}],"wp:attachment":[{"href":"https:\/\/tourtravelandmore.com\/fr\/wp-json\/wp\/v2\/media?parent=100357"}],"wp:term":[{"taxonomy":"product_brand","embeddable":true,"href":"https:\/\/tourtravelandmore.com\/fr\/wp-json\/wp\/v2\/product_brand?post=100357"},{"taxonomy":"product_cat","embeddable":true,"href":"https:\/\/tourtravelandmore.com\/fr\/wp-json\/wp\/v2\/product_cat?post=100357"},{"taxonomy":"product_tag","embeddable":true,"href":"https:\/\/tourtravelandmore.com\/fr\/wp-json\/wp\/v2\/product_tag?post=100357"}],"curies":[{"name":"wp","href":"https:\/\/api.w.org\/{rel}","templated":true}]}}