{"id":100352,"date":"2016-08-26T12:14:28","date_gmt":"2016-08-26T10:14:28","guid":{"rendered":"https:\/\/tourtravelandmore.com\/tours\/non%20class\u00e9\/transfert-prive-aeroport-de-malaga-2\/"},"modified":"2023-01-17T15:08:55","modified_gmt":"2023-01-17T14:08:55","slug":"transfert-prive-aeroport-de-malaga-2","status":"publish","type":"product","link":"https:\/\/tourtravelandmore.com\/fr\/tours\/espagne-fr\/malaga-fr\/all-private-tours-activities-fr-12\/transfert-prive-aeroport-de-malaga-2\/","title":{"rendered":"Transfert priv\u00e9 a\u00e9roport de Malaga"},"content":{"rendered":"<h2>Description<\/h2>\n<p>Un transfert priv\u00e9 est le moyen le meilleur et le plus <strong>simple d&#8217;arriver<\/strong> \u00e0 votre destination finale. Ce transfert priv\u00e9 de l&#8217;a\u00e9roport de <strong>Malaga<\/strong> vous emm\u00e8nera rapidement de <strong>l&#8217;a\u00e9roport<\/strong> \u00e0 votre <strong>h\u00f4tel<\/strong> \u00e0 <strong>Malaga.<\/strong><\/p>\n<p>Nous pouvons organiser une prise en <strong>charge priv\u00e9e<\/strong> depuis l&#8217;a\u00e9roport, le port de croisi\u00e8re ou tout autre endroit. Informez-nous des d\u00e9tails de votre vol, des heures <strong>d&#8217;amarrage<\/strong> de la <strong>croisi\u00e8re<\/strong> et nous organiserons le transfert priv\u00e9 parfait pour vous. Ce transfert priv\u00e9 de l&#8217;a\u00e9roport de <strong>Malaga<\/strong> est le moyen le plus confortable de se rendre d&#8217;un endroit \u00e0 un autre.<\/p>\n<p>Notre chauffeur vous attendra \u00e0 votre arriv\u00e9e pour vous emmener \u00e0 <strong>destination.<\/strong><\/p>\n<p>Selon l&#8217;endroit o\u00f9 se trouve le transfert, profitez d&#8217;une vue panoramique sur la ville de Malaga.<\/p>\n<p>Pour ce transfert priv\u00e9, un bagage par personne convient parfaitement. Si vous avez plus de bagages, veuillez nous contacter au pr\u00e9alable pour organiser un v\u00e9hicule plus grand si n\u00e9cessaire. Lorsque des v\u00e9hicules plus gros sont donn\u00e9s, il peut y avoir un suppl\u00e9ment.<\/p>\n<p>Nos v\u00e9hicules peuvent \u00e9galement accueillir un si\u00e8ge enfant et b\u00e9b\u00e9. Nous aurions besoin de conna\u00eetre l&#8217;\u00e2ge de l&#8217;enfant pour organiser le si\u00e8ge enfant qui vous convient.<\/p>\n<h2>Sites d&#8217;int\u00e9r\u00eat et monuments<\/h2>\n<p>Malaga est l&#8217;une des plus grandes villes d&#8217;Andalousie. Il y a plus de <strong>570 000 habitants<\/strong> \u00e0 <strong>Malaga<\/strong> et c&#8217;est la sixi\u00e8me plus grande ville d&#8217;Espagne. Il a de belles plages et des zones c\u00f4ti\u00e8res \u00e0 <strong>Malaga.<\/strong> C&#8217;est un endroit id\u00e9al pour des vacances \u00e0 la plage ainsi qu&#8217;une excellente exp\u00e9rience en ville. <strong>Malaga<\/strong> est une ville magnifique avec des sites uniques. Une fois \u00e0 Malaga, prenez le temps de profiter de <strong>l&#8217;Alcazaba, du mus\u00e9e Picasso, de la cath\u00e9drale de Malaga, de la plage de La Malagueta, du Gibralfaro, du th\u00e9\u00e2tre romain et bien plus encore.<\/strong><\/p>\n<p>Profitez \u00e9galement des belles plages de <strong>Malaga<\/strong> et passez une journ\u00e9e de d\u00e9tente pour profiter de la mer M\u00e9diterran\u00e9e. Ne manquez pas la chance de d\u00e9guster des tapas et des tapas typiques de Malaga.<\/p>\n<p>D\u00e9couvrez nos <strong><a href=\"https:\/\/tourtravelandmore.com\/fr\/city\/espagne-fr\/malaga-fr\/\">circuits priv\u00e9s \u00e0 Malaga ici!<\/a><\/strong><\/p>\n","protected":false},"excerpt":{"rendered":"<p>Transfert aller simple parfait. Nous vous proposons le moyen le plus rapide et le plus simple d&#8217;atteindre votre destination finale. Transfert priv\u00e9 de l&#8217;a\u00e9roport de Malaga. V\u00e9hicule de luxe avec chauffeur<\/p>\n","protected":false},"featured_media":93665,"comment_status":"open","ping_status":"closed","template":"","meta":{"_acf_changed":false},"product_brand":[],"product_cat":[3646,4247,4274],"product_tag":[],"class_list":{"0":"post-100352","1":"product","2":"type-product","3":"status-publish","4":"has-post-thumbnail","6":"product_cat-malaga-fr","7":"product_cat-all-private-tours-activities-fr-12","8":"product_cat-private-transfers-fr-5-malaga-fr","10":"first","11":"instock","12":"shipping-taxable","13":"purchasable","14":"product-type-simple"},"acf":[],"yoast_head":"<!-- This site is optimized with the Yoast SEO Premium plugin v25.3.1 (Yoast SEO v25.3.1) - https:\/\/yoast.com\/wordpress\/plugins\/seo\/ -->\n<title>Transfert priv\u00e9 a\u00e9roport de Malaga - V\u00e9hicule de luxe pour transfert priv\u00e9<\/title>\n<meta name=\"description\" content=\"Nous vous proposons le moyen le plus rapide et le plus simple d&#039;atteindre votre destination finale. Transfert priv\u00e9 de l&#039;a\u00e9roport de Malaga. V\u00e9hicule de luxe avec chauffeur\" \/>\n<meta name=\"robots\" content=\"index, follow, max-snippet:-1, max-image-preview:large, max-video-preview:-1\" \/>\n<link rel=\"canonical\" href=\"https:\/\/tourtravelandmore.com\/fr\/tours\/espagne-fr\/malaga-fr\/all-private-tours-activities-fr-12\/transfert-prive-aeroport-de-malaga-2\/\" \/>\n<meta property=\"og:locale\" content=\"fr_FR\" \/>\n<meta property=\"og:type\" content=\"article\" \/>\n<meta property=\"og:title\" content=\"Transfert priv\u00e9 a\u00e9roport de Malaga\" \/>\n<meta property=\"og:description\" content=\"Nous vous proposons le moyen le plus rapide et le plus simple d&#039;atteindre votre destination finale. Transfert priv\u00e9 de l&#039;a\u00e9roport de Malaga. V\u00e9hicule de luxe avec chauffeur\" \/>\n<meta property=\"og:url\" content=\"https:\/\/tourtravelandmore.com\/fr\/tours\/espagne-fr\/malaga-fr\/all-private-tours-activities-fr-12\/transfert-prive-aeroport-de-malaga-2\/\" \/>\n<meta property=\"og:site_name\" content=\"Tour Travel And More\" \/>\n<meta property=\"article:publisher\" content=\"https:\/\/www.facebook.com\/tourtravelandmore\/\" \/>\n<meta property=\"article:modified_time\" content=\"2023-01-17T14:08:55+00:00\" \/>\n<meta property=\"og:image\" content=\"https:\/\/tourtravelandmore.com\/wp-content\/uploads\/2016\/03\/VIANO1-copia.png\" \/>\n\t<meta property=\"og:image:width\" content=\"640\" \/>\n\t<meta property=\"og:image:height\" content=\"425\" \/>\n\t<meta property=\"og:image:type\" content=\"image\/png\" \/>\n<meta name=\"twitter:card\" content=\"summary_large_image\" \/>\n<meta name=\"twitter:site\" content=\"@TourTravel_More\" \/>\n<meta name=\"twitter:label1\" content=\"Dur\u00e9e de lecture estim\u00e9e\" \/>\n\t<meta name=\"twitter:data1\" content=\"2 minutes\" \/>\n<script type=\"application\/ld+json\" class=\"yoast-schema-graph\">{\"@context\":\"https:\/\/schema.org\",\"@graph\":[{\"@type\":\"WebPage\",\"@id\":\"https:\/\/tourtravelandmore.com\/fr\/tours\/espagne-fr\/malaga-fr\/all-private-tours-activities-fr-12\/transfert-prive-aeroport-de-malaga-2\/\",\"url\":\"https:\/\/tourtravelandmore.com\/fr\/tours\/espagne-fr\/malaga-fr\/all-private-tours-activities-fr-12\/transfert-prive-aeroport-de-malaga-2\/\",\"name\":\"Transfert priv\u00e9 a\u00e9roport de Malaga - V\u00e9hicule de luxe pour transfert priv\u00e9\",\"isPartOf\":{\"@id\":\"https:\/\/tourtravelandmore.com\/fr\/#website\"},\"primaryImageOfPage\":{\"@id\":\"https:\/\/tourtravelandmore.com\/fr\/tours\/espagne-fr\/malaga-fr\/all-private-tours-activities-fr-12\/transfert-prive-aeroport-de-malaga-2\/#primaryimage\"},\"image\":{\"@id\":\"https:\/\/tourtravelandmore.com\/fr\/tours\/espagne-fr\/malaga-fr\/all-private-tours-activities-fr-12\/transfert-prive-aeroport-de-malaga-2\/#primaryimage\"},\"thumbnailUrl\":\"https:\/\/tourtravelandmore.com\/wp-content\/uploads\/2016\/03\/VIANO1-copia.png\",\"datePublished\":\"2016-08-26T10:14:28+00:00\",\"dateModified\":\"2023-01-17T14:08:55+00:00\",\"description\":\"Nous vous proposons le moyen le plus rapide et le plus simple d'atteindre votre destination finale. Transfert priv\u00e9 de l'a\u00e9roport de Malaga. V\u00e9hicule de luxe avec chauffeur\",\"breadcrumb\":{\"@id\":\"https:\/\/tourtravelandmore.com\/fr\/tours\/espagne-fr\/malaga-fr\/all-private-tours-activities-fr-12\/transfert-prive-aeroport-de-malaga-2\/#breadcrumb\"},\"inLanguage\":\"fr-FR\",\"potentialAction\":[{\"@type\":\"ReadAction\",\"target\":[\"https:\/\/tourtravelandmore.com\/fr\/tours\/espagne-fr\/malaga-fr\/all-private-tours-activities-fr-12\/transfert-prive-aeroport-de-malaga-2\/\"]}]},{\"@type\":\"ImageObject\",\"inLanguage\":\"fr-FR\",\"@id\":\"https:\/\/tourtravelandmore.com\/fr\/tours\/espagne-fr\/malaga-fr\/all-private-tours-activities-fr-12\/transfert-prive-aeroport-de-malaga-2\/#primaryimage\",\"url\":\"https:\/\/tourtravelandmore.com\/wp-content\/uploads\/2016\/03\/VIANO1-copia.png\",\"contentUrl\":\"https:\/\/tourtravelandmore.com\/wp-content\/uploads\/2016\/03\/VIANO1-copia.png\",\"width\":640,\"height\":425},{\"@type\":\"BreadcrumbList\",\"@id\":\"https:\/\/tourtravelandmore.com\/fr\/tours\/espagne-fr\/malaga-fr\/all-private-tours-activities-fr-12\/transfert-prive-aeroport-de-malaga-2\/#breadcrumb\",\"itemListElement\":[{\"@type\":\"ListItem\",\"position\":1,\"name\":\"Home\",\"item\":\"https:\/\/tourtravelandmore.com\/fr\/\"},{\"@type\":\"ListItem\",\"position\":2,\"name\":\"Tours\",\"item\":\"https:\/\/tourtravelandmore.com\/fr\/tours\/\"},{\"@type\":\"ListItem\",\"position\":3,\"name\":\"Transfert priv\u00e9 a\u00e9roport de Malaga\"}]},{\"@type\":\"WebSite\",\"@id\":\"https:\/\/tourtravelandmore.com\/fr\/#website\",\"url\":\"https:\/\/tourtravelandmore.com\/fr\/\",\"name\":\"Tour Travel And More\",\"description\":\"Private sightseeing tours and luxury transfers in Spain\",\"publisher\":{\"@id\":\"https:\/\/tourtravelandmore.com\/fr\/#organization\"},\"potentialAction\":[{\"@type\":\"SearchAction\",\"target\":{\"@type\":\"EntryPoint\",\"urlTemplate\":\"https:\/\/tourtravelandmore.com\/fr\/?s={search_term_string}\"},\"query-input\":{\"@type\":\"PropertyValueSpecification\",\"valueRequired\":true,\"valueName\":\"search_term_string\"}}],\"inLanguage\":\"fr-FR\"},{\"@type\":\"Organization\",\"@id\":\"https:\/\/tourtravelandmore.com\/fr\/#organization\",\"name\":\"Tour Travel And More\",\"url\":\"https:\/\/tourtravelandmore.com\/fr\/\",\"logo\":{\"@type\":\"ImageObject\",\"inLanguage\":\"fr-FR\",\"@id\":\"https:\/\/tourtravelandmore.com\/fr\/#\/schema\/logo\/image\/\",\"url\":\"https:\/\/tourtravelandmore.com\/wp-content\/uploads\/2022\/12\/cropped-logo-cabecera-new.png\",\"contentUrl\":\"https:\/\/tourtravelandmore.com\/wp-content\/uploads\/2022\/12\/cropped-logo-cabecera-new.png\",\"width\":430,\"height\":61,\"caption\":\"Tour Travel And More\"},\"image\":{\"@id\":\"https:\/\/tourtravelandmore.com\/fr\/#\/schema\/logo\/image\/\"},\"sameAs\":[\"https:\/\/www.facebook.com\/tourtravelandmore\/\",\"https:\/\/x.com\/TourTravel_More\"]}]}<\/script>\n<!-- \/ Yoast SEO Premium plugin. -->","yoast_head_json":{"title":"Transfert priv\u00e9 a\u00e9roport de Malaga - V\u00e9hicule de luxe pour transfert priv\u00e9","description":"Nous vous proposons le moyen le plus rapide et le plus simple d'atteindre votre destination finale. Transfert priv\u00e9 de l'a\u00e9roport de Malaga. V\u00e9hicule de luxe avec chauffeur","robots":{"index":"index","follow":"follow","max-snippet":"max-snippet:-1","max-image-preview":"max-image-preview:large","max-video-preview":"max-video-preview:-1"},"canonical":"https:\/\/tourtravelandmore.com\/fr\/tours\/espagne-fr\/malaga-fr\/all-private-tours-activities-fr-12\/transfert-prive-aeroport-de-malaga-2\/","og_locale":"fr_FR","og_type":"article","og_title":"Transfert priv\u00e9 a\u00e9roport de Malaga","og_description":"Nous vous proposons le moyen le plus rapide et le plus simple d'atteindre votre destination finale. Transfert priv\u00e9 de l'a\u00e9roport de Malaga. V\u00e9hicule de luxe avec chauffeur","og_url":"https:\/\/tourtravelandmore.com\/fr\/tours\/espagne-fr\/malaga-fr\/all-private-tours-activities-fr-12\/transfert-prive-aeroport-de-malaga-2\/","og_site_name":"Tour Travel And More","article_publisher":"https:\/\/www.facebook.com\/tourtravelandmore\/","article_modified_time":"2023-01-17T14:08:55+00:00","og_image":[{"width":640,"height":425,"url":"https:\/\/tourtravelandmore.com\/wp-content\/uploads\/2016\/03\/VIANO1-copia.png","type":"image\/png"}],"twitter_card":"summary_large_image","twitter_site":"@TourTravel_More","twitter_misc":{"Dur\u00e9e de lecture estim\u00e9e":"2 minutes"},"schema":{"@context":"https:\/\/schema.org","@graph":[{"@type":"WebPage","@id":"https:\/\/tourtravelandmore.com\/fr\/tours\/espagne-fr\/malaga-fr\/all-private-tours-activities-fr-12\/transfert-prive-aeroport-de-malaga-2\/","url":"https:\/\/tourtravelandmore.com\/fr\/tours\/espagne-fr\/malaga-fr\/all-private-tours-activities-fr-12\/transfert-prive-aeroport-de-malaga-2\/","name":"Transfert priv\u00e9 a\u00e9roport de Malaga - V\u00e9hicule de luxe pour transfert priv\u00e9","isPartOf":{"@id":"https:\/\/tourtravelandmore.com\/fr\/#website"},"primaryImageOfPage":{"@id":"https:\/\/tourtravelandmore.com\/fr\/tours\/espagne-fr\/malaga-fr\/all-private-tours-activities-fr-12\/transfert-prive-aeroport-de-malaga-2\/#primaryimage"},"image":{"@id":"https:\/\/tourtravelandmore.com\/fr\/tours\/espagne-fr\/malaga-fr\/all-private-tours-activities-fr-12\/transfert-prive-aeroport-de-malaga-2\/#primaryimage"},"thumbnailUrl":"https:\/\/tourtravelandmore.com\/wp-content\/uploads\/2016\/03\/VIANO1-copia.png","datePublished":"2016-08-26T10:14:28+00:00","dateModified":"2023-01-17T14:08:55+00:00","description":"Nous vous proposons le moyen le plus rapide et le plus simple d'atteindre votre destination finale. Transfert priv\u00e9 de l'a\u00e9roport de Malaga. V\u00e9hicule de luxe avec chauffeur","breadcrumb":{"@id":"https:\/\/tourtravelandmore.com\/fr\/tours\/espagne-fr\/malaga-fr\/all-private-tours-activities-fr-12\/transfert-prive-aeroport-de-malaga-2\/#breadcrumb"},"inLanguage":"fr-FR","potentialAction":[{"@type":"ReadAction","target":["https:\/\/tourtravelandmore.com\/fr\/tours\/espagne-fr\/malaga-fr\/all-private-tours-activities-fr-12\/transfert-prive-aeroport-de-malaga-2\/"]}]},{"@type":"ImageObject","inLanguage":"fr-FR","@id":"https:\/\/tourtravelandmore.com\/fr\/tours\/espagne-fr\/malaga-fr\/all-private-tours-activities-fr-12\/transfert-prive-aeroport-de-malaga-2\/#primaryimage","url":"https:\/\/tourtravelandmore.com\/wp-content\/uploads\/2016\/03\/VIANO1-copia.png","contentUrl":"https:\/\/tourtravelandmore.com\/wp-content\/uploads\/2016\/03\/VIANO1-copia.png","width":640,"height":425},{"@type":"BreadcrumbList","@id":"https:\/\/tourtravelandmore.com\/fr\/tours\/espagne-fr\/malaga-fr\/all-private-tours-activities-fr-12\/transfert-prive-aeroport-de-malaga-2\/#breadcrumb","itemListElement":[{"@type":"ListItem","position":1,"name":"Home","item":"https:\/\/tourtravelandmore.com\/fr\/"},{"@type":"ListItem","position":2,"name":"Tours","item":"https:\/\/tourtravelandmore.com\/fr\/tours\/"},{"@type":"ListItem","position":3,"name":"Transfert priv\u00e9 a\u00e9roport de Malaga"}]},{"@type":"WebSite","@id":"https:\/\/tourtravelandmore.com\/fr\/#website","url":"https:\/\/tourtravelandmore.com\/fr\/","name":"Tour Travel And More","description":"Private sightseeing tours and luxury transfers in Spain","publisher":{"@id":"https:\/\/tourtravelandmore.com\/fr\/#organization"},"potentialAction":[{"@type":"SearchAction","target":{"@type":"EntryPoint","urlTemplate":"https:\/\/tourtravelandmore.com\/fr\/?s={search_term_string}"},"query-input":{"@type":"PropertyValueSpecification","valueRequired":true,"valueName":"search_term_string"}}],"inLanguage":"fr-FR"},{"@type":"Organization","@id":"https:\/\/tourtravelandmore.com\/fr\/#organization","name":"Tour Travel And More","url":"https:\/\/tourtravelandmore.com\/fr\/","logo":{"@type":"ImageObject","inLanguage":"fr-FR","@id":"https:\/\/tourtravelandmore.com\/fr\/#\/schema\/logo\/image\/","url":"https:\/\/tourtravelandmore.com\/wp-content\/uploads\/2022\/12\/cropped-logo-cabecera-new.png","contentUrl":"https:\/\/tourtravelandmore.com\/wp-content\/uploads\/2022\/12\/cropped-logo-cabecera-new.png","width":430,"height":61,"caption":"Tour Travel And More"},"image":{"@id":"https:\/\/tourtravelandmore.com\/fr\/#\/schema\/logo\/image\/"},"sameAs":["https:\/\/www.facebook.com\/tourtravelandmore\/","https:\/\/x.com\/TourTravel_More"]}]}},"_links":{"self":[{"href":"https:\/\/tourtravelandmore.com\/fr\/wp-json\/wp\/v2\/product\/100352","targetHints":{"allow":["GET"]}}],"collection":[{"href":"https:\/\/tourtravelandmore.com\/fr\/wp-json\/wp\/v2\/product"}],"about":[{"href":"https:\/\/tourtravelandmore.com\/fr\/wp-json\/wp\/v2\/types\/product"}],"replies":[{"embeddable":true,"href":"https:\/\/tourtravelandmore.com\/fr\/wp-json\/wp\/v2\/comments?post=100352"}],"wp:featuredmedia":[{"embeddable":true,"href":"https:\/\/tourtravelandmore.com\/fr\/wp-json\/wp\/v2\/media\/93665"}],"wp:attachment":[{"href":"https:\/\/tourtravelandmore.com\/fr\/wp-json\/wp\/v2\/media?parent=100352"}],"wp:term":[{"taxonomy":"product_brand","embeddable":true,"href":"https:\/\/tourtravelandmore.com\/fr\/wp-json\/wp\/v2\/product_brand?post=100352"},{"taxonomy":"product_cat","embeddable":true,"href":"https:\/\/tourtravelandmore.com\/fr\/wp-json\/wp\/v2\/product_cat?post=100352"},{"taxonomy":"product_tag","embeddable":true,"href":"https:\/\/tourtravelandmore.com\/fr\/wp-json\/wp\/v2\/product_tag?post=100352"}],"curies":[{"name":"wp","href":"https:\/\/api.w.org\/{rel}","templated":true}]}}