{"id":100347,"date":"2016-08-26T10:45:02","date_gmt":"2016-08-26T08:45:02","guid":{"rendered":"https:\/\/tourtravelandmore.com\/tours\/non%20class\u00e9\/visite-privee-de-seville-au-depart-de-malaga\/"},"modified":"2023-01-20T18:06:12","modified_gmt":"2023-01-20T17:06:12","slug":"visite-privee-de-seville-au-depart-de-malaga","status":"publish","type":"product","link":"https:\/\/tourtravelandmore.com\/fr\/tours\/espagne-fr\/malaga-fr\/all-private-tours-activities-fr-12\/visite-privee-de-seville-au-depart-de-malaga\/","title":{"rendered":"Visite priv\u00e9e de S\u00e9ville au d\u00e9part de Malaga"},"content":{"rendered":"<h2>Description<\/h2>\n<p><strong>Visite priv\u00e9e de S\u00e9ville au d\u00e9part de<\/strong> <strong>Malaga.<\/strong> Cette excursion d&#8217;une journ\u00e9e est une excellente occasion de d\u00e9couvrir la ville de S\u00e9ville.<\/p>\n<p>Tout d&#8217;abord, nous organiserons une prise en charge facile \u00e0 votre h\u00f4tel \u00e0 <strong>Malaga.<\/strong> Nous pouvons \u00e9galement organiser une prise en charge au port de croisi\u00e8re de Malaga pour cette visite priv\u00e9e de S\u00e9ville au d\u00e9part de <strong>Malaga.<\/strong> Contactez nos experts en voyages pour organiser la visite priv\u00e9e la plus unique de S\u00e9ville.<\/p>\n<p>Ensuite, nous nous dirigerons vers S\u00e9ville. Profitez de la conduite avec votre chauffeur priv\u00e9 dans un v\u00e9hicule confortable et luxueux. Une fois arriv\u00e9s \u00e0 <strong>S\u00e9ville,<\/strong> vous rencontrerez votre guide.<\/p>\n<p>\u00c0 <strong>S\u00e9ville,<\/strong> profitez d&#8217;une visite panoramique de la ville ainsi que d&#8217;une visite \u00e0 pied de la vieille ville. La dur\u00e9e totale de la visite guid\u00e9e priv\u00e9e de S\u00e9ville est de <strong>4 heures<\/strong>. Vous aurez \u00e9galement le temps de manger un morceau avant que votre chauffeur ne vous ram\u00e8ne \u00e0 votre lieu de d\u00e9pose \u00e0 Malaga.<\/p>\n<h2>Sites d&#8217;int\u00e9r\u00eat et monuments<\/h2>\n<p>S\u00e9ville est la capitale de l&#8217;Andalousie et la troisi\u00e8me plus grande ville d&#8217;Espagne. La ville est situ\u00e9e \u00e0 2 heures de Malaga, d&#8217;o\u00f9 votre chauffeur priv\u00e9 vous emm\u00e8nera dans votre v\u00e9hicule de luxe priv\u00e9.<\/p>\n<p>Une fois \u00e0 S\u00e9ville, vous rencontrerez votre guide officiel priv\u00e9, qui vous montrera les lieux les plus embl\u00e9matiques de la ville. Nous pouvons inclure les billets d&#8217;entr\u00e9e \u00e0 la cath\u00e9drale, \u00e0 la Giralda et \u00e0 l&#8217;Alcazar royal de S\u00e9ville dans le prix de cette visite priv\u00e9e. Faites-nous savoir si vous souhaitez inclure ces billets.<\/p>\n<p>Entre autres monuments et sites touristiques, vous pouvez apprendre \u00e0 conna\u00eetre:<\/p>\n<ul>\n<li><strong>Quartier juif<\/strong><\/li>\n<li><strong>Zone commerciale exclusive<\/strong><\/li>\n<li><strong>Plaza Espa\u00f1a<\/strong><\/li>\n<li><strong>Stade Sanchez Pijuan<\/strong><\/li>\n<li><strong>Plaza Nova<\/strong><\/li>\n<li><strong>Cath\u00e9drale de S\u00e9ville et La Giralda (l&#8217;entr\u00e9e peut \u00eatre incluse si vous le souhaitez)<\/strong><\/li>\n<li><strong>Alcazar royal (nous pouvons inclure les billets d&#8217;entr\u00e9e pour vous)<\/strong><\/li>\n<li><strong>Torre del Oro<\/strong><\/li>\n<li><strong>Beaucoup plus!<\/strong><\/li>\n<\/ul>\n<p>Apr\u00e8s avoir visit\u00e9 la ville de S\u00e9ville avec votre guide priv\u00e9, mangez un morceau et nous partirons vers Malaga. Une fois \u00e0 Malaga, votre chauffeur priv\u00e9 vous ram\u00e8nera \u00e0 votre h\u00f4tel ou lieu de votre choix.<\/p>\n<p>D\u00e9couvrez nos visites priv\u00e9es \u00e0 <strong>Malaga<\/strong> en cliquant ici!<\/p>\n","protected":false},"excerpt":{"rendered":"<p>Meilleure <strong>visite priv\u00e9e de S\u00e9ville au d\u00e9part de Malaga<\/strong>. V\u00e9hicule de luxe priv\u00e9 avec chauffeur. A S\u00e9ville, guide touristique officiel priv\u00e9 pendant 4 heures. Billets d&#8217;entr\u00e9e optionnels<\/p>\n","protected":false},"featured_media":93827,"comment_status":"open","ping_status":"closed","template":"","meta":{"_acf_changed":false},"product_brand":[],"product_cat":[3646,4247,4251,4248],"product_tag":[],"class_list":{"0":"post-100347","1":"product","2":"type-product","3":"status-publish","4":"has-post-thumbnail","6":"product_cat-malaga-fr","7":"product_cat-all-private-tours-activities-fr-12","8":"product_cat-private-day-trips-fr-5","9":"product_cat-private-sightseeing-tours-fr-19","11":"first","12":"instock","13":"shipping-taxable","14":"purchasable","15":"product-type-simple"},"acf":[],"yoast_head":"<!-- This site is optimized with the Yoast SEO Premium plugin v25.3.1 (Yoast SEO v25.3.1) - https:\/\/yoast.com\/wordpress\/plugins\/seo\/ -->\n<title>Visite priv\u00e9e de S\u00e9ville au d\u00e9part de Malaga - Guide touristique officiel priv\u00e9<\/title>\n<meta name=\"description\" content=\"Visite priv\u00e9e de S\u00e9ville au d\u00e9part de Malaga. V\u00e9hicule de luxe priv\u00e9 avec chauffeur. A S\u00e9ville, guide touristique officiel priv\u00e9 pendant 4 heures.\" \/>\n<meta name=\"robots\" content=\"index, follow, max-snippet:-1, max-image-preview:large, max-video-preview:-1\" \/>\n<link rel=\"canonical\" href=\"https:\/\/tourtravelandmore.com\/fr\/tours\/espagne-fr\/malaga-fr\/all-private-tours-activities-fr-12\/visite-privee-de-seville-au-depart-de-malaga\/\" \/>\n<meta property=\"og:locale\" content=\"fr_FR\" \/>\n<meta property=\"og:type\" content=\"article\" \/>\n<meta property=\"og:title\" content=\"Visite priv\u00e9e de S\u00e9ville au d\u00e9part de Malaga\" \/>\n<meta property=\"og:description\" content=\"Visite priv\u00e9e de S\u00e9ville au d\u00e9part de Malaga. V\u00e9hicule de luxe priv\u00e9 avec chauffeur. A S\u00e9ville, guide touristique officiel priv\u00e9 pendant 4 heures.\" \/>\n<meta property=\"og:url\" content=\"https:\/\/tourtravelandmore.com\/fr\/tours\/espagne-fr\/malaga-fr\/all-private-tours-activities-fr-12\/visite-privee-de-seville-au-depart-de-malaga\/\" \/>\n<meta property=\"og:site_name\" content=\"Tour Travel And More\" \/>\n<meta property=\"article:publisher\" content=\"https:\/\/www.facebook.com\/tourtravelandmore\/\" \/>\n<meta property=\"article:modified_time\" content=\"2023-01-20T17:06:12+00:00\" \/>\n<meta property=\"og:image\" content=\"https:\/\/tourtravelandmore.com\/wp-content\/uploads\/2016\/08\/image-5.jpeg\" \/>\n\t<meta property=\"og:image:width\" content=\"1024\" \/>\n\t<meta property=\"og:image:height\" content=\"682\" \/>\n\t<meta property=\"og:image:type\" content=\"image\/jpeg\" \/>\n<meta name=\"twitter:card\" content=\"summary_large_image\" \/>\n<meta name=\"twitter:site\" content=\"@TourTravel_More\" \/>\n<meta name=\"twitter:label1\" content=\"Dur\u00e9e de lecture estim\u00e9e\" \/>\n\t<meta name=\"twitter:data1\" content=\"2 minutes\" \/>\n<script type=\"application\/ld+json\" class=\"yoast-schema-graph\">{\"@context\":\"https:\/\/schema.org\",\"@graph\":[{\"@type\":\"WebPage\",\"@id\":\"https:\/\/tourtravelandmore.com\/fr\/tours\/espagne-fr\/malaga-fr\/all-private-tours-activities-fr-12\/visite-privee-de-seville-au-depart-de-malaga\/\",\"url\":\"https:\/\/tourtravelandmore.com\/fr\/tours\/espagne-fr\/malaga-fr\/all-private-tours-activities-fr-12\/visite-privee-de-seville-au-depart-de-malaga\/\",\"name\":\"Visite priv\u00e9e de S\u00e9ville au d\u00e9part de Malaga - Guide touristique officiel priv\u00e9\",\"isPartOf\":{\"@id\":\"https:\/\/tourtravelandmore.com\/fr\/#website\"},\"primaryImageOfPage\":{\"@id\":\"https:\/\/tourtravelandmore.com\/fr\/tours\/espagne-fr\/malaga-fr\/all-private-tours-activities-fr-12\/visite-privee-de-seville-au-depart-de-malaga\/#primaryimage\"},\"image\":{\"@id\":\"https:\/\/tourtravelandmore.com\/fr\/tours\/espagne-fr\/malaga-fr\/all-private-tours-activities-fr-12\/visite-privee-de-seville-au-depart-de-malaga\/#primaryimage\"},\"thumbnailUrl\":\"https:\/\/tourtravelandmore.com\/wp-content\/uploads\/2016\/08\/image-5.jpeg\",\"datePublished\":\"2016-08-26T08:45:02+00:00\",\"dateModified\":\"2023-01-20T17:06:12+00:00\",\"description\":\"Visite priv\u00e9e de S\u00e9ville au d\u00e9part de Malaga. V\u00e9hicule de luxe priv\u00e9 avec chauffeur. A S\u00e9ville, guide touristique officiel priv\u00e9 pendant 4 heures.\",\"breadcrumb\":{\"@id\":\"https:\/\/tourtravelandmore.com\/fr\/tours\/espagne-fr\/malaga-fr\/all-private-tours-activities-fr-12\/visite-privee-de-seville-au-depart-de-malaga\/#breadcrumb\"},\"inLanguage\":\"fr-FR\",\"potentialAction\":[{\"@type\":\"ReadAction\",\"target\":[\"https:\/\/tourtravelandmore.com\/fr\/tours\/espagne-fr\/malaga-fr\/all-private-tours-activities-fr-12\/visite-privee-de-seville-au-depart-de-malaga\/\"]}]},{\"@type\":\"ImageObject\",\"inLanguage\":\"fr-FR\",\"@id\":\"https:\/\/tourtravelandmore.com\/fr\/tours\/espagne-fr\/malaga-fr\/all-private-tours-activities-fr-12\/visite-privee-de-seville-au-depart-de-malaga\/#primaryimage\",\"url\":\"https:\/\/tourtravelandmore.com\/wp-content\/uploads\/2016\/08\/image-5.jpeg\",\"contentUrl\":\"https:\/\/tourtravelandmore.com\/wp-content\/uploads\/2016\/08\/image-5.jpeg\",\"width\":2736,\"height\":1822,\"caption\":\"visite priv\u00e9e de S\u00e9ville au d\u00e9part de malaga\"},{\"@type\":\"BreadcrumbList\",\"@id\":\"https:\/\/tourtravelandmore.com\/fr\/tours\/espagne-fr\/malaga-fr\/all-private-tours-activities-fr-12\/visite-privee-de-seville-au-depart-de-malaga\/#breadcrumb\",\"itemListElement\":[{\"@type\":\"ListItem\",\"position\":1,\"name\":\"Home\",\"item\":\"https:\/\/tourtravelandmore.com\/fr\/\"},{\"@type\":\"ListItem\",\"position\":2,\"name\":\"Tours\",\"item\":\"https:\/\/tourtravelandmore.com\/fr\/tours\/\"},{\"@type\":\"ListItem\",\"position\":3,\"name\":\"Visite priv\u00e9e de S\u00e9ville au d\u00e9part de Malaga\"}]},{\"@type\":\"WebSite\",\"@id\":\"https:\/\/tourtravelandmore.com\/fr\/#website\",\"url\":\"https:\/\/tourtravelandmore.com\/fr\/\",\"name\":\"Tour Travel And More\",\"description\":\"Private sightseeing tours and luxury transfers in Spain\",\"publisher\":{\"@id\":\"https:\/\/tourtravelandmore.com\/fr\/#organization\"},\"potentialAction\":[{\"@type\":\"SearchAction\",\"target\":{\"@type\":\"EntryPoint\",\"urlTemplate\":\"https:\/\/tourtravelandmore.com\/fr\/?s={search_term_string}\"},\"query-input\":{\"@type\":\"PropertyValueSpecification\",\"valueRequired\":true,\"valueName\":\"search_term_string\"}}],\"inLanguage\":\"fr-FR\"},{\"@type\":\"Organization\",\"@id\":\"https:\/\/tourtravelandmore.com\/fr\/#organization\",\"name\":\"Tour Travel And More\",\"url\":\"https:\/\/tourtravelandmore.com\/fr\/\",\"logo\":{\"@type\":\"ImageObject\",\"inLanguage\":\"fr-FR\",\"@id\":\"https:\/\/tourtravelandmore.com\/fr\/#\/schema\/logo\/image\/\",\"url\":\"https:\/\/tourtravelandmore.com\/wp-content\/uploads\/2022\/12\/cropped-logo-cabecera-new.png\",\"contentUrl\":\"https:\/\/tourtravelandmore.com\/wp-content\/uploads\/2022\/12\/cropped-logo-cabecera-new.png\",\"width\":430,\"height\":61,\"caption\":\"Tour Travel And More\"},\"image\":{\"@id\":\"https:\/\/tourtravelandmore.com\/fr\/#\/schema\/logo\/image\/\"},\"sameAs\":[\"https:\/\/www.facebook.com\/tourtravelandmore\/\",\"https:\/\/x.com\/TourTravel_More\"]}]}<\/script>\n<!-- \/ Yoast SEO Premium plugin. -->","yoast_head_json":{"title":"Visite priv\u00e9e de S\u00e9ville au d\u00e9part de Malaga - Guide touristique officiel priv\u00e9","description":"Visite priv\u00e9e de S\u00e9ville au d\u00e9part de Malaga. V\u00e9hicule de luxe priv\u00e9 avec chauffeur. A S\u00e9ville, guide touristique officiel priv\u00e9 pendant 4 heures.","robots":{"index":"index","follow":"follow","max-snippet":"max-snippet:-1","max-image-preview":"max-image-preview:large","max-video-preview":"max-video-preview:-1"},"canonical":"https:\/\/tourtravelandmore.com\/fr\/tours\/espagne-fr\/malaga-fr\/all-private-tours-activities-fr-12\/visite-privee-de-seville-au-depart-de-malaga\/","og_locale":"fr_FR","og_type":"article","og_title":"Visite priv\u00e9e de S\u00e9ville au d\u00e9part de Malaga","og_description":"Visite priv\u00e9e de S\u00e9ville au d\u00e9part de Malaga. V\u00e9hicule de luxe priv\u00e9 avec chauffeur. A S\u00e9ville, guide touristique officiel priv\u00e9 pendant 4 heures.","og_url":"https:\/\/tourtravelandmore.com\/fr\/tours\/espagne-fr\/malaga-fr\/all-private-tours-activities-fr-12\/visite-privee-de-seville-au-depart-de-malaga\/","og_site_name":"Tour Travel And More","article_publisher":"https:\/\/www.facebook.com\/tourtravelandmore\/","article_modified_time":"2023-01-20T17:06:12+00:00","og_image":[{"url":"https:\/\/tourtravelandmore.com\/wp-content\/uploads\/2016\/08\/image-5.jpeg","width":1024,"height":682,"type":"image\/jpeg"}],"twitter_card":"summary_large_image","twitter_site":"@TourTravel_More","twitter_misc":{"Dur\u00e9e de lecture estim\u00e9e":"2 minutes"},"schema":{"@context":"https:\/\/schema.org","@graph":[{"@type":"WebPage","@id":"https:\/\/tourtravelandmore.com\/fr\/tours\/espagne-fr\/malaga-fr\/all-private-tours-activities-fr-12\/visite-privee-de-seville-au-depart-de-malaga\/","url":"https:\/\/tourtravelandmore.com\/fr\/tours\/espagne-fr\/malaga-fr\/all-private-tours-activities-fr-12\/visite-privee-de-seville-au-depart-de-malaga\/","name":"Visite priv\u00e9e de S\u00e9ville au d\u00e9part de Malaga - Guide touristique officiel priv\u00e9","isPartOf":{"@id":"https:\/\/tourtravelandmore.com\/fr\/#website"},"primaryImageOfPage":{"@id":"https:\/\/tourtravelandmore.com\/fr\/tours\/espagne-fr\/malaga-fr\/all-private-tours-activities-fr-12\/visite-privee-de-seville-au-depart-de-malaga\/#primaryimage"},"image":{"@id":"https:\/\/tourtravelandmore.com\/fr\/tours\/espagne-fr\/malaga-fr\/all-private-tours-activities-fr-12\/visite-privee-de-seville-au-depart-de-malaga\/#primaryimage"},"thumbnailUrl":"https:\/\/tourtravelandmore.com\/wp-content\/uploads\/2016\/08\/image-5.jpeg","datePublished":"2016-08-26T08:45:02+00:00","dateModified":"2023-01-20T17:06:12+00:00","description":"Visite priv\u00e9e de S\u00e9ville au d\u00e9part de Malaga. V\u00e9hicule de luxe priv\u00e9 avec chauffeur. A S\u00e9ville, guide touristique officiel priv\u00e9 pendant 4 heures.","breadcrumb":{"@id":"https:\/\/tourtravelandmore.com\/fr\/tours\/espagne-fr\/malaga-fr\/all-private-tours-activities-fr-12\/visite-privee-de-seville-au-depart-de-malaga\/#breadcrumb"},"inLanguage":"fr-FR","potentialAction":[{"@type":"ReadAction","target":["https:\/\/tourtravelandmore.com\/fr\/tours\/espagne-fr\/malaga-fr\/all-private-tours-activities-fr-12\/visite-privee-de-seville-au-depart-de-malaga\/"]}]},{"@type":"ImageObject","inLanguage":"fr-FR","@id":"https:\/\/tourtravelandmore.com\/fr\/tours\/espagne-fr\/malaga-fr\/all-private-tours-activities-fr-12\/visite-privee-de-seville-au-depart-de-malaga\/#primaryimage","url":"https:\/\/tourtravelandmore.com\/wp-content\/uploads\/2016\/08\/image-5.jpeg","contentUrl":"https:\/\/tourtravelandmore.com\/wp-content\/uploads\/2016\/08\/image-5.jpeg","width":2736,"height":1822,"caption":"visite priv\u00e9e de S\u00e9ville au d\u00e9part de malaga"},{"@type":"BreadcrumbList","@id":"https:\/\/tourtravelandmore.com\/fr\/tours\/espagne-fr\/malaga-fr\/all-private-tours-activities-fr-12\/visite-privee-de-seville-au-depart-de-malaga\/#breadcrumb","itemListElement":[{"@type":"ListItem","position":1,"name":"Home","item":"https:\/\/tourtravelandmore.com\/fr\/"},{"@type":"ListItem","position":2,"name":"Tours","item":"https:\/\/tourtravelandmore.com\/fr\/tours\/"},{"@type":"ListItem","position":3,"name":"Visite priv\u00e9e de S\u00e9ville au d\u00e9part de Malaga"}]},{"@type":"WebSite","@id":"https:\/\/tourtravelandmore.com\/fr\/#website","url":"https:\/\/tourtravelandmore.com\/fr\/","name":"Tour Travel And More","description":"Private sightseeing tours and luxury transfers in Spain","publisher":{"@id":"https:\/\/tourtravelandmore.com\/fr\/#organization"},"potentialAction":[{"@type":"SearchAction","target":{"@type":"EntryPoint","urlTemplate":"https:\/\/tourtravelandmore.com\/fr\/?s={search_term_string}"},"query-input":{"@type":"PropertyValueSpecification","valueRequired":true,"valueName":"search_term_string"}}],"inLanguage":"fr-FR"},{"@type":"Organization","@id":"https:\/\/tourtravelandmore.com\/fr\/#organization","name":"Tour Travel And More","url":"https:\/\/tourtravelandmore.com\/fr\/","logo":{"@type":"ImageObject","inLanguage":"fr-FR","@id":"https:\/\/tourtravelandmore.com\/fr\/#\/schema\/logo\/image\/","url":"https:\/\/tourtravelandmore.com\/wp-content\/uploads\/2022\/12\/cropped-logo-cabecera-new.png","contentUrl":"https:\/\/tourtravelandmore.com\/wp-content\/uploads\/2022\/12\/cropped-logo-cabecera-new.png","width":430,"height":61,"caption":"Tour Travel And More"},"image":{"@id":"https:\/\/tourtravelandmore.com\/fr\/#\/schema\/logo\/image\/"},"sameAs":["https:\/\/www.facebook.com\/tourtravelandmore\/","https:\/\/x.com\/TourTravel_More"]}]}},"_links":{"self":[{"href":"https:\/\/tourtravelandmore.com\/fr\/wp-json\/wp\/v2\/product\/100347","targetHints":{"allow":["GET"]}}],"collection":[{"href":"https:\/\/tourtravelandmore.com\/fr\/wp-json\/wp\/v2\/product"}],"about":[{"href":"https:\/\/tourtravelandmore.com\/fr\/wp-json\/wp\/v2\/types\/product"}],"replies":[{"embeddable":true,"href":"https:\/\/tourtravelandmore.com\/fr\/wp-json\/wp\/v2\/comments?post=100347"}],"wp:featuredmedia":[{"embeddable":true,"href":"https:\/\/tourtravelandmore.com\/fr\/wp-json\/wp\/v2\/media\/93827"}],"wp:attachment":[{"href":"https:\/\/tourtravelandmore.com\/fr\/wp-json\/wp\/v2\/media?parent=100347"}],"wp:term":[{"taxonomy":"product_brand","embeddable":true,"href":"https:\/\/tourtravelandmore.com\/fr\/wp-json\/wp\/v2\/product_brand?post=100347"},{"taxonomy":"product_cat","embeddable":true,"href":"https:\/\/tourtravelandmore.com\/fr\/wp-json\/wp\/v2\/product_cat?post=100347"},{"taxonomy":"product_tag","embeddable":true,"href":"https:\/\/tourtravelandmore.com\/fr\/wp-json\/wp\/v2\/product_tag?post=100347"}],"curies":[{"name":"wp","href":"https:\/\/api.w.org\/{rel}","templated":true}]}}