{"id":100342,"date":"2016-08-26T10:27:54","date_gmt":"2016-08-26T08:27:54","guid":{"rendered":"https:\/\/tourtravelandmore.com\/tours\/non%20class\u00e9\/visite-privee-de-malaga-ou-marbella-a-grenade\/"},"modified":"2023-01-17T18:04:01","modified_gmt":"2023-01-17T17:04:01","slug":"visite-privee-de-lalhambra-et-de-grenade-au-depart-de-malaga","status":"publish","type":"product","link":"https:\/\/tourtravelandmore.com\/fr\/tours\/espagne-fr\/marbellapuertobanus-fr\/all-private-tours-activities-fr-13\/visite-privee-de-lalhambra-et-de-grenade-au-depart-de-malaga\/","title":{"rendered":"Visite priv\u00e9e de l&#8217;Alhambra et de Grenade au d\u00e9part de Malaga"},"content":{"rendered":"<h2>Description<\/h2>\n<p>Faites cette <strong>Visite priv\u00e9e de l&#8217;Alhambra et de Grenade au d\u00e9part de Malaga.<\/strong> C&#8217;est la meilleure opportunit\u00e9 de conna\u00eetre Grenade avec une visite priv\u00e9e au d\u00e9part de Malaga.<\/p>\n<p>Cette visite peut \u00e9galement \u00eatre une excursion \u00e0 terre. Il y a suffisamment de temps pour profiter d&#8217;une visite priv\u00e9e de 8 heures \u00e0 Grenade depuis Malaga.<\/p>\n<p>Cette excursion d&#8217;une journ\u00e9e de Malaga \u00e0 Grenade commencera \u00e0 partir de l&#8217;endroit de votre choix \u00e0 Malaga. S&#8217;il s&#8217;agit d&#8217;une excursion \u00e0 terre, votre chauffeur priv\u00e9 viendra vous chercher au port de croisi\u00e8re de Malaga d\u00e8s que vous accosterez et entrerez dans le terminal. Nous pouvons \u00e9galement organiser la prise en charge depuis n&#8217;importe quel autre endroit \u00e0 <strong>Malaga, Marbella, Puerto Banus<\/strong> ou toute ville environnante.<\/p>\n<p>Tout d&#8217;abord, apr\u00e8s le ramassage, nous nous dirigerons vers <strong>Grenade.<\/strong><\/p>\n<p>Une fois \u00e0 Grenade, notre guide officiel priv\u00e9 vous attendra pour une visite guid\u00e9e priv\u00e9e de 3 heures de la Grenade.<\/p>\n<p>Vous aurez le temps de manger rapidement et votre chauffeur priv\u00e9 vous ram\u00e8nera \u00e0 Malaga ou Marbella.<\/p>\n<h2>Sites d&#8217;int\u00e9r\u00eat et monuments<\/h2>\n<p>Apr\u00e8s une prise en charge confortable, vous vous dirigerez vers Grenade. Une fois \u00e0 Grenade, vous rencontrerez votre guide officiel priv\u00e9 pendant 3 heures. Vous pourrez profiter de Grenade, une ville situ\u00e9e au pied des montagnes de la <strong>Sierra Nevada o\u00f9 se rencontrent quatre rivi\u00e8res, le Beiro, le Darro, le Genil et le Monachil.<\/strong><\/p>\n<p>Vous irez \u00e0 certains des points de vue fantastiques que la ville a comme <strong>San Nicolas et Santa Isabel la Real.<\/strong><\/p>\n<p>Nous vous aiderons \u00e0 organiser votre exp\u00e9rience totalement personnalis\u00e9e et unique \u00e0 Grenade.<\/p>\n<p>Entre autres monuments et sites touristiques, vous pouvez apprendre \u00e0 conna\u00eetre:<\/p>\n<ul>\n<li>cath\u00e9drale<\/li>\n<li>Chapelle royale<\/li>\n<li>Points de vue \u00e9poustouflants depuis l&#8217;Albaicin<\/li>\n<li>Vue du quartier du Sacromonte<\/li>\n<li>Beaucoup plus!<\/li>\n<\/ul>\n<p>Vous pourrez ensuite profiter et admirer la grande architecture et les sites touristiques des monuments les plus importants et les plus connus de Grenade.<\/p>\n<p>De plus, si vous souhaitez visiter d&#8217;autres monuments de Grenade, n&#8217;h\u00e9sitez pas \u00e0 nous contacter, nous pouvons organiser des billets pour n&#8217;importe quel monument de la ville.<\/p>\n<p>En conclusion, la visite a une dur\u00e9e de 8 heures entre le moment de la prise en charge et le moment du d\u00e9p\u00f4t. Votre guide priv\u00e9 officiel sera \u00e0 votre enti\u00e8re disposition \u00e0 Grenade pendant 3 heures. Pour visiter l&#8217;Alhambra, il faudrait ajouter 2 heures. Contactez-nous pour personnaliser l&#8217;itin\u00e9raire.<\/p>\n<p>D\u00e9couvrez nos autres visites priv\u00e9es \u00e0 <strong>Malaga<\/strong> ici!<\/p>\n","protected":false},"excerpt":{"rendered":"<p>Visite priv\u00e9e de Malaga ou Marbella \u00e0 Grenade. V\u00e9hicule de luxe priv\u00e9 avec chauffeur et guide officiel pendant 3 heures \u00e0 l&#8217;Alhambra. Billets pour le palais de l&#8217;Alhambra inclus.<\/p>\n","protected":false},"featured_media":94589,"comment_status":"open","ping_status":"closed","template":"","meta":{"_acf_changed":false},"product_brand":[],"product_cat":[3646,4249,4247,4251,4248,3652,4252,4254,4253,4255],"product_tag":[],"class_list":{"0":"post-100342","1":"product","2":"type-product","3":"status-publish","4":"has-post-thumbnail","6":"product_cat-malaga-fr","7":"product_cat-private-shore-excursions-fr-6","8":"product_cat-all-private-tours-activities-fr-12","9":"product_cat-private-day-trips-fr-5","10":"product_cat-private-sightseeing-tours-fr-19","11":"product_cat-marbellapuertobanus-fr","12":"product_cat-all-private-tours-activities-fr-13","13":"product_cat-private-sightseeing-tours-fr-20","14":"product_cat-private-day-trips-fr-6","15":"product_cat-private-shore-excursions-fr-7","17":"first","18":"instock","19":"shipping-taxable","20":"purchasable","21":"product-type-simple"},"acf":[],"yoast_head":"<!-- This site is optimized with the Yoast SEO Premium plugin v25.3.1 (Yoast SEO v25.3.1) - https:\/\/yoast.com\/wordpress\/plugins\/seo\/ -->\n<title>Visite priv\u00e9e de l&#039;Alhambra et de Grenade au d\u00e9part de Malaga<\/title>\n<meta name=\"description\" content=\"Visite priv\u00e9e de l&#039;Alhambra et de Grenade au d\u00e9part de Malaga. V\u00e9hicule de luxe priv\u00e9 avec chauffeur et guide officiel pendant 3 heures \u00e0 l&#039;Alhambra.\" \/>\n<meta name=\"robots\" content=\"index, follow, max-snippet:-1, max-image-preview:large, max-video-preview:-1\" \/>\n<link rel=\"canonical\" href=\"https:\/\/tourtravelandmore.com\/fr\/tours\/espagne-fr\/marbellapuertobanus-fr\/all-private-tours-activities-fr-13\/visite-privee-de-lalhambra-et-de-grenade-au-depart-de-malaga\/\" \/>\n<meta property=\"og:locale\" content=\"fr_FR\" \/>\n<meta property=\"og:type\" content=\"article\" \/>\n<meta property=\"og:title\" content=\"Visite priv\u00e9e de l&#039;Alhambra et de Grenade au d\u00e9part de Malaga\" \/>\n<meta property=\"og:description\" content=\"Visite priv\u00e9e de l&#039;Alhambra et de Grenade au d\u00e9part de Malaga. V\u00e9hicule de luxe priv\u00e9 avec chauffeur et guide officiel pendant 3 heures \u00e0 l&#039;Alhambra.\" \/>\n<meta property=\"og:url\" content=\"https:\/\/tourtravelandmore.com\/fr\/tours\/espagne-fr\/marbellapuertobanus-fr\/all-private-tours-activities-fr-13\/visite-privee-de-lalhambra-et-de-grenade-au-depart-de-malaga\/\" \/>\n<meta property=\"og:site_name\" content=\"Tour Travel And More\" \/>\n<meta property=\"article:publisher\" content=\"https:\/\/www.facebook.com\/tourtravelandmore\/\" \/>\n<meta property=\"article:modified_time\" content=\"2023-01-17T17:04:01+00:00\" \/>\n<meta property=\"og:image\" content=\"https:\/\/tourtravelandmore.com\/wp-content\/uploads\/2016\/08\/granada-spain.jpg\" \/>\n\t<meta property=\"og:image:width\" content=\"1920\" \/>\n\t<meta property=\"og:image:height\" content=\"852\" \/>\n\t<meta property=\"og:image:type\" content=\"image\/jpeg\" \/>\n<meta name=\"twitter:card\" content=\"summary_large_image\" \/>\n<meta name=\"twitter:site\" content=\"@TourTravel_More\" \/>\n<meta name=\"twitter:label1\" content=\"Dur\u00e9e de lecture estim\u00e9e\" \/>\n\t<meta name=\"twitter:data1\" content=\"2 minutes\" \/>\n<script type=\"application\/ld+json\" class=\"yoast-schema-graph\">{\"@context\":\"https:\/\/schema.org\",\"@graph\":[{\"@type\":\"WebPage\",\"@id\":\"https:\/\/tourtravelandmore.com\/fr\/tours\/espagne-fr\/marbellapuertobanus-fr\/all-private-tours-activities-fr-13\/visite-privee-de-lalhambra-et-de-grenade-au-depart-de-malaga\/\",\"url\":\"https:\/\/tourtravelandmore.com\/fr\/tours\/espagne-fr\/marbellapuertobanus-fr\/all-private-tours-activities-fr-13\/visite-privee-de-lalhambra-et-de-grenade-au-depart-de-malaga\/\",\"name\":\"Visite priv\u00e9e de l'Alhambra et de Grenade au d\u00e9part de Malaga\",\"isPartOf\":{\"@id\":\"https:\/\/tourtravelandmore.com\/fr\/#website\"},\"primaryImageOfPage\":{\"@id\":\"https:\/\/tourtravelandmore.com\/fr\/tours\/espagne-fr\/marbellapuertobanus-fr\/all-private-tours-activities-fr-13\/visite-privee-de-lalhambra-et-de-grenade-au-depart-de-malaga\/#primaryimage\"},\"image\":{\"@id\":\"https:\/\/tourtravelandmore.com\/fr\/tours\/espagne-fr\/marbellapuertobanus-fr\/all-private-tours-activities-fr-13\/visite-privee-de-lalhambra-et-de-grenade-au-depart-de-malaga\/#primaryimage\"},\"thumbnailUrl\":\"https:\/\/tourtravelandmore.com\/wp-content\/uploads\/2016\/08\/granada-spain.jpg\",\"datePublished\":\"2016-08-26T08:27:54+00:00\",\"dateModified\":\"2023-01-17T17:04:01+00:00\",\"description\":\"Visite priv\u00e9e de l'Alhambra et de Grenade au d\u00e9part de Malaga. V\u00e9hicule de luxe priv\u00e9 avec chauffeur et guide officiel pendant 3 heures \u00e0 l'Alhambra.\",\"breadcrumb\":{\"@id\":\"https:\/\/tourtravelandmore.com\/fr\/tours\/espagne-fr\/marbellapuertobanus-fr\/all-private-tours-activities-fr-13\/visite-privee-de-lalhambra-et-de-grenade-au-depart-de-malaga\/#breadcrumb\"},\"inLanguage\":\"fr-FR\",\"potentialAction\":[{\"@type\":\"ReadAction\",\"target\":[\"https:\/\/tourtravelandmore.com\/fr\/tours\/espagne-fr\/marbellapuertobanus-fr\/all-private-tours-activities-fr-13\/visite-privee-de-lalhambra-et-de-grenade-au-depart-de-malaga\/\"]}]},{\"@type\":\"ImageObject\",\"inLanguage\":\"fr-FR\",\"@id\":\"https:\/\/tourtravelandmore.com\/fr\/tours\/espagne-fr\/marbellapuertobanus-fr\/all-private-tours-activities-fr-13\/visite-privee-de-lalhambra-et-de-grenade-au-depart-de-malaga\/#primaryimage\",\"url\":\"https:\/\/tourtravelandmore.com\/wp-content\/uploads\/2016\/08\/granada-spain.jpg\",\"contentUrl\":\"https:\/\/tourtravelandmore.com\/wp-content\/uploads\/2016\/08\/granada-spain.jpg\",\"width\":1920,\"height\":852},{\"@type\":\"BreadcrumbList\",\"@id\":\"https:\/\/tourtravelandmore.com\/fr\/tours\/espagne-fr\/marbellapuertobanus-fr\/all-private-tours-activities-fr-13\/visite-privee-de-lalhambra-et-de-grenade-au-depart-de-malaga\/#breadcrumb\",\"itemListElement\":[{\"@type\":\"ListItem\",\"position\":1,\"name\":\"Home\",\"item\":\"https:\/\/tourtravelandmore.com\/fr\/\"},{\"@type\":\"ListItem\",\"position\":2,\"name\":\"Tours\",\"item\":\"https:\/\/tourtravelandmore.com\/fr\/tours\/\"},{\"@type\":\"ListItem\",\"position\":3,\"name\":\"Visite priv\u00e9e de l&rsquo;Alhambra et de Grenade au d\u00e9part de Malaga\"}]},{\"@type\":\"WebSite\",\"@id\":\"https:\/\/tourtravelandmore.com\/fr\/#website\",\"url\":\"https:\/\/tourtravelandmore.com\/fr\/\",\"name\":\"Tour Travel And More\",\"description\":\"Private sightseeing tours and luxury transfers in Spain\",\"publisher\":{\"@id\":\"https:\/\/tourtravelandmore.com\/fr\/#organization\"},\"potentialAction\":[{\"@type\":\"SearchAction\",\"target\":{\"@type\":\"EntryPoint\",\"urlTemplate\":\"https:\/\/tourtravelandmore.com\/fr\/?s={search_term_string}\"},\"query-input\":{\"@type\":\"PropertyValueSpecification\",\"valueRequired\":true,\"valueName\":\"search_term_string\"}}],\"inLanguage\":\"fr-FR\"},{\"@type\":\"Organization\",\"@id\":\"https:\/\/tourtravelandmore.com\/fr\/#organization\",\"name\":\"Tour Travel And More\",\"url\":\"https:\/\/tourtravelandmore.com\/fr\/\",\"logo\":{\"@type\":\"ImageObject\",\"inLanguage\":\"fr-FR\",\"@id\":\"https:\/\/tourtravelandmore.com\/fr\/#\/schema\/logo\/image\/\",\"url\":\"https:\/\/tourtravelandmore.com\/wp-content\/uploads\/2022\/12\/cropped-logo-cabecera-new.png\",\"contentUrl\":\"https:\/\/tourtravelandmore.com\/wp-content\/uploads\/2022\/12\/cropped-logo-cabecera-new.png\",\"width\":430,\"height\":61,\"caption\":\"Tour Travel And More\"},\"image\":{\"@id\":\"https:\/\/tourtravelandmore.com\/fr\/#\/schema\/logo\/image\/\"},\"sameAs\":[\"https:\/\/www.facebook.com\/tourtravelandmore\/\",\"https:\/\/x.com\/TourTravel_More\"]}]}<\/script>\n<!-- \/ Yoast SEO Premium plugin. -->","yoast_head_json":{"title":"Visite priv\u00e9e de l'Alhambra et de Grenade au d\u00e9part de Malaga","description":"Visite priv\u00e9e de l'Alhambra et de Grenade au d\u00e9part de Malaga. V\u00e9hicule de luxe priv\u00e9 avec chauffeur et guide officiel pendant 3 heures \u00e0 l'Alhambra.","robots":{"index":"index","follow":"follow","max-snippet":"max-snippet:-1","max-image-preview":"max-image-preview:large","max-video-preview":"max-video-preview:-1"},"canonical":"https:\/\/tourtravelandmore.com\/fr\/tours\/espagne-fr\/marbellapuertobanus-fr\/all-private-tours-activities-fr-13\/visite-privee-de-lalhambra-et-de-grenade-au-depart-de-malaga\/","og_locale":"fr_FR","og_type":"article","og_title":"Visite priv\u00e9e de l'Alhambra et de Grenade au d\u00e9part de Malaga","og_description":"Visite priv\u00e9e de l'Alhambra et de Grenade au d\u00e9part de Malaga. V\u00e9hicule de luxe priv\u00e9 avec chauffeur et guide officiel pendant 3 heures \u00e0 l'Alhambra.","og_url":"https:\/\/tourtravelandmore.com\/fr\/tours\/espagne-fr\/marbellapuertobanus-fr\/all-private-tours-activities-fr-13\/visite-privee-de-lalhambra-et-de-grenade-au-depart-de-malaga\/","og_site_name":"Tour Travel And More","article_publisher":"https:\/\/www.facebook.com\/tourtravelandmore\/","article_modified_time":"2023-01-17T17:04:01+00:00","og_image":[{"width":1920,"height":852,"url":"https:\/\/tourtravelandmore.com\/wp-content\/uploads\/2016\/08\/granada-spain.jpg","type":"image\/jpeg"}],"twitter_card":"summary_large_image","twitter_site":"@TourTravel_More","twitter_misc":{"Dur\u00e9e de lecture estim\u00e9e":"2 minutes"},"schema":{"@context":"https:\/\/schema.org","@graph":[{"@type":"WebPage","@id":"https:\/\/tourtravelandmore.com\/fr\/tours\/espagne-fr\/marbellapuertobanus-fr\/all-private-tours-activities-fr-13\/visite-privee-de-lalhambra-et-de-grenade-au-depart-de-malaga\/","url":"https:\/\/tourtravelandmore.com\/fr\/tours\/espagne-fr\/marbellapuertobanus-fr\/all-private-tours-activities-fr-13\/visite-privee-de-lalhambra-et-de-grenade-au-depart-de-malaga\/","name":"Visite priv\u00e9e de l'Alhambra et de Grenade au d\u00e9part de Malaga","isPartOf":{"@id":"https:\/\/tourtravelandmore.com\/fr\/#website"},"primaryImageOfPage":{"@id":"https:\/\/tourtravelandmore.com\/fr\/tours\/espagne-fr\/marbellapuertobanus-fr\/all-private-tours-activities-fr-13\/visite-privee-de-lalhambra-et-de-grenade-au-depart-de-malaga\/#primaryimage"},"image":{"@id":"https:\/\/tourtravelandmore.com\/fr\/tours\/espagne-fr\/marbellapuertobanus-fr\/all-private-tours-activities-fr-13\/visite-privee-de-lalhambra-et-de-grenade-au-depart-de-malaga\/#primaryimage"},"thumbnailUrl":"https:\/\/tourtravelandmore.com\/wp-content\/uploads\/2016\/08\/granada-spain.jpg","datePublished":"2016-08-26T08:27:54+00:00","dateModified":"2023-01-17T17:04:01+00:00","description":"Visite priv\u00e9e de l'Alhambra et de Grenade au d\u00e9part de Malaga. V\u00e9hicule de luxe priv\u00e9 avec chauffeur et guide officiel pendant 3 heures \u00e0 l'Alhambra.","breadcrumb":{"@id":"https:\/\/tourtravelandmore.com\/fr\/tours\/espagne-fr\/marbellapuertobanus-fr\/all-private-tours-activities-fr-13\/visite-privee-de-lalhambra-et-de-grenade-au-depart-de-malaga\/#breadcrumb"},"inLanguage":"fr-FR","potentialAction":[{"@type":"ReadAction","target":["https:\/\/tourtravelandmore.com\/fr\/tours\/espagne-fr\/marbellapuertobanus-fr\/all-private-tours-activities-fr-13\/visite-privee-de-lalhambra-et-de-grenade-au-depart-de-malaga\/"]}]},{"@type":"ImageObject","inLanguage":"fr-FR","@id":"https:\/\/tourtravelandmore.com\/fr\/tours\/espagne-fr\/marbellapuertobanus-fr\/all-private-tours-activities-fr-13\/visite-privee-de-lalhambra-et-de-grenade-au-depart-de-malaga\/#primaryimage","url":"https:\/\/tourtravelandmore.com\/wp-content\/uploads\/2016\/08\/granada-spain.jpg","contentUrl":"https:\/\/tourtravelandmore.com\/wp-content\/uploads\/2016\/08\/granada-spain.jpg","width":1920,"height":852},{"@type":"BreadcrumbList","@id":"https:\/\/tourtravelandmore.com\/fr\/tours\/espagne-fr\/marbellapuertobanus-fr\/all-private-tours-activities-fr-13\/visite-privee-de-lalhambra-et-de-grenade-au-depart-de-malaga\/#breadcrumb","itemListElement":[{"@type":"ListItem","position":1,"name":"Home","item":"https:\/\/tourtravelandmore.com\/fr\/"},{"@type":"ListItem","position":2,"name":"Tours","item":"https:\/\/tourtravelandmore.com\/fr\/tours\/"},{"@type":"ListItem","position":3,"name":"Visite priv\u00e9e de l&rsquo;Alhambra et de Grenade au d\u00e9part de Malaga"}]},{"@type":"WebSite","@id":"https:\/\/tourtravelandmore.com\/fr\/#website","url":"https:\/\/tourtravelandmore.com\/fr\/","name":"Tour Travel And More","description":"Private sightseeing tours and luxury transfers in Spain","publisher":{"@id":"https:\/\/tourtravelandmore.com\/fr\/#organization"},"potentialAction":[{"@type":"SearchAction","target":{"@type":"EntryPoint","urlTemplate":"https:\/\/tourtravelandmore.com\/fr\/?s={search_term_string}"},"query-input":{"@type":"PropertyValueSpecification","valueRequired":true,"valueName":"search_term_string"}}],"inLanguage":"fr-FR"},{"@type":"Organization","@id":"https:\/\/tourtravelandmore.com\/fr\/#organization","name":"Tour Travel And More","url":"https:\/\/tourtravelandmore.com\/fr\/","logo":{"@type":"ImageObject","inLanguage":"fr-FR","@id":"https:\/\/tourtravelandmore.com\/fr\/#\/schema\/logo\/image\/","url":"https:\/\/tourtravelandmore.com\/wp-content\/uploads\/2022\/12\/cropped-logo-cabecera-new.png","contentUrl":"https:\/\/tourtravelandmore.com\/wp-content\/uploads\/2022\/12\/cropped-logo-cabecera-new.png","width":430,"height":61,"caption":"Tour Travel And More"},"image":{"@id":"https:\/\/tourtravelandmore.com\/fr\/#\/schema\/logo\/image\/"},"sameAs":["https:\/\/www.facebook.com\/tourtravelandmore\/","https:\/\/x.com\/TourTravel_More"]}]}},"_links":{"self":[{"href":"https:\/\/tourtravelandmore.com\/fr\/wp-json\/wp\/v2\/product\/100342","targetHints":{"allow":["GET"]}}],"collection":[{"href":"https:\/\/tourtravelandmore.com\/fr\/wp-json\/wp\/v2\/product"}],"about":[{"href":"https:\/\/tourtravelandmore.com\/fr\/wp-json\/wp\/v2\/types\/product"}],"replies":[{"embeddable":true,"href":"https:\/\/tourtravelandmore.com\/fr\/wp-json\/wp\/v2\/comments?post=100342"}],"wp:featuredmedia":[{"embeddable":true,"href":"https:\/\/tourtravelandmore.com\/fr\/wp-json\/wp\/v2\/media\/94589"}],"wp:attachment":[{"href":"https:\/\/tourtravelandmore.com\/fr\/wp-json\/wp\/v2\/media?parent=100342"}],"wp:term":[{"taxonomy":"product_brand","embeddable":true,"href":"https:\/\/tourtravelandmore.com\/fr\/wp-json\/wp\/v2\/product_brand?post=100342"},{"taxonomy":"product_cat","embeddable":true,"href":"https:\/\/tourtravelandmore.com\/fr\/wp-json\/wp\/v2\/product_cat?post=100342"},{"taxonomy":"product_tag","embeddable":true,"href":"https:\/\/tourtravelandmore.com\/fr\/wp-json\/wp\/v2\/product_tag?post=100342"}],"curies":[{"name":"wp","href":"https:\/\/api.w.org\/{rel}","templated":true}]}}