{"id":100332,"date":"2016-03-13T13:02:32","date_gmt":"2016-03-13T12:02:32","guid":{"rendered":"https:\/\/tourtravelandmore.com\/tours\/non%20class\u00e9\/visite-privee-de-marbella\/"},"modified":"2023-02-02T18:23:38","modified_gmt":"2023-02-02T17:23:38","slug":"visite-privee-de-marbella-et-de-puerto-banus","status":"publish","type":"product","link":"https:\/\/tourtravelandmore.com\/fr\/tours\/espagne-fr\/marbellapuertobanus-fr\/all-private-tours-activities-fr-13\/visite-privee-de-marbella-et-de-puerto-banus\/","title":{"rendered":"Visite priv\u00e9e de Marbella et de Puerto Banus"},"content":{"rendered":"<h2>Description<\/h2>\n<p>Profitez de cette <strong>Visite priv\u00e9e de Marbella et de Puerto Banus<\/strong> qui comprend \u00e9galement <strong>Puerto Banus.<\/strong> Il s&#8217;agit d&#8217;une visite enti\u00e8rement priv\u00e9e pour conna\u00eetre le meilleur de <strong>Marbella.<\/strong><\/p>\n<p>Tout d&#8217;abord, nous organiserons une prise en charge priv\u00e9e pour commencer cette visite priv\u00e9e. La prise en charge peut \u00eatre r\u00e9gl\u00e9e \u00e0 votre h\u00f4tel \u00e0 Marbella ou \u00e0 Puerto Banus pour commencer cette visite. Nous pouvons \u00e9galement venir vous chercher \u00e0 <strong>Malaga, Torremolinos<\/strong> ou tout autre endroit \u00e0 proximit\u00e9.<\/p>\n<p>La visite d\u00e9butera avec votre guide officiel priv\u00e9 et votre v\u00e9hicule de luxe avec chauffeur. Profitez du meilleur de <strong>Marbella<\/strong> et de <strong>Puerto Banus<\/strong> lors de cette visite priv\u00e9e de 5 heures.<\/p>\n<p>Enfin, nous vous d\u00e9poserons \u00e0 l&#8217;endroit de votre choix o\u00f9 nous sommes venus vous chercher.<\/p>\n<h2>Sites d&#8217;int\u00e9r\u00eat et monuments<\/h2>\n<p>Marbella est une ville unique dans le sud de <strong>l&#8217;Espagne.<\/strong> Il est situ\u00e9 en Andalousie et c&#8217;est un emplacement id\u00e9al pour profiter de superbes excursions d&#8217;une journ\u00e9e. Vous pouvez profiter d&#8217;une excursion d&#8217;une journ\u00e9e \u00e0 <strong>S\u00e9ville, Malaga, Cordoue, Grenade<\/strong> ou partout o\u00f9 vous le souhaitez.<\/p>\n<p>Pour cette option, voici notre <strong>Visite priv\u00e9e de Marbella et de Puerto Banus<\/strong>. Nous avons \u00e9galement inclus une halte et une visite \u00e0 Puerto Banus.<\/p>\n<p>Voici quelques sites \u00e0 d\u00e9couvrir lors de votre visite \u00e0 <strong>Marbella:<\/strong><\/p>\n<ul>\n<li><strong>Vieille ville (Barrio Alto et Barrio Nuevo) &#8211; c&#8217;est le Casco<\/strong><\/li>\n<li><strong>Antiguo de Marbella.<\/strong><\/li>\n<li><strong>Nikki Beach<\/strong><\/li>\n<li><strong>Plaza de los Naranjos<\/strong><\/li>\n<li><strong>Chapelle de Saint-Jean de Dieu<\/strong><\/li>\n<li><strong>H\u00f4pital royal de la mis\u00e9ricorde<\/strong><\/li>\n<li><strong>Extension historique (jardin botanique)<\/strong><\/li>\n<li><strong>Golden Mile de Marbella<\/strong><\/li>\n<li><strong>Promenade en bord de mer<\/strong><\/li>\n<li><strong>Des plages<\/strong><\/li>\n<li><strong>Puerto Banus: Shopping, boulevard et voitures de luxe tout autour<\/strong><\/li>\n<li><strong>Port de plaisance de Nueva Andaluc\u00eda<\/strong><\/li>\n<li><strong>Beaucoup plus!<\/strong><\/li>\n<\/ul>\n<p>Vous pourrez ensuite profiter et admirer la grande architecture et les sites touristiques des monuments les plus importants et les plus connus de Marbella et Puerto Banus. Votre guide officiel priv\u00e9 et votre v\u00e9hicule de luxe avec chauffeur sont \u00e0 votre disposition pendant les 4 heures pour vous faire visiter les meilleurs quartiers de <strong>Marbella.<\/strong><\/p>\n<p>Une fois la visite termin\u00e9e, nous vous ram\u00e8nerons \u00e0 l&#8217;endroit de votre choix.<\/p>\n<p>N&#8217;h\u00e9sitez pas \u00e0 avoir une vue sur nos autres circuits priv\u00e9s \u00e0 Marbella.<\/p>\n","protected":false},"excerpt":{"rendered":"<p>Visite priv\u00e9e de Marbella &#8211; V\u00e9hicule de luxe priv\u00e9 avec chauffeur et guide officiel s\u00e9par\u00e9. Puerto Banus et Marbella inclus. Prise en charge depuis n&#8217;importe quel endroit en Andalousie.<\/p>\n","protected":false},"featured_media":93687,"comment_status":"open","ping_status":"closed","template":"","meta":{"_acf_changed":false},"product_brand":[],"product_cat":[4251,4248,3652,4252,4254,4255],"product_tag":[],"class_list":{"0":"post-100332","1":"product","2":"type-product","3":"status-publish","4":"has-post-thumbnail","6":"product_cat-private-day-trips-fr-5","7":"product_cat-private-sightseeing-tours-fr-19","8":"product_cat-marbellapuertobanus-fr","9":"product_cat-all-private-tours-activities-fr-13","10":"product_cat-private-sightseeing-tours-fr-20","11":"product_cat-private-shore-excursions-fr-7","13":"first","14":"instock","15":"shipping-taxable","16":"purchasable","17":"product-type-simple"},"acf":[],"yoast_head":"<!-- This site is optimized with the Yoast SEO Premium plugin v25.3.1 (Yoast SEO v25.3.1) - https:\/\/yoast.com\/wordpress\/plugins\/seo\/ -->\n<title>Visite priv\u00e9e de Marbella - Puerto Banus inclus et v\u00e9hicule de luxe<\/title>\n<meta name=\"description\" content=\"Visite priv\u00e9e de Marbella - V\u00e9hicule de luxe priv\u00e9 avec chauffeur et guide officiel s\u00e9par\u00e9. Puerto Banus et Marbella inclus.\" \/>\n<meta name=\"robots\" content=\"index, follow, max-snippet:-1, max-image-preview:large, max-video-preview:-1\" \/>\n<link rel=\"canonical\" href=\"https:\/\/tourtravelandmore.com\/fr\/tours\/espagne-fr\/marbellapuertobanus-fr\/all-private-tours-activities-fr-13\/visite-privee-de-marbella-et-de-puerto-banus\/\" \/>\n<meta property=\"og:locale\" content=\"fr_FR\" \/>\n<meta property=\"og:type\" content=\"article\" \/>\n<meta property=\"og:title\" content=\"Visite priv\u00e9e de Marbella et de Puerto Banus\" \/>\n<meta property=\"og:description\" content=\"Visite priv\u00e9e de Marbella - V\u00e9hicule de luxe priv\u00e9 avec chauffeur et guide officiel s\u00e9par\u00e9. Puerto Banus et Marbella inclus.\" \/>\n<meta property=\"og:url\" content=\"https:\/\/tourtravelandmore.com\/fr\/tours\/espagne-fr\/marbellapuertobanus-fr\/all-private-tours-activities-fr-13\/visite-privee-de-marbella-et-de-puerto-banus\/\" \/>\n<meta property=\"og:site_name\" content=\"Tour Travel And More\" \/>\n<meta property=\"article:publisher\" content=\"https:\/\/www.facebook.com\/tourtravelandmore\/\" \/>\n<meta property=\"article:modified_time\" content=\"2023-02-02T17:23:38+00:00\" \/>\n<meta property=\"og:image\" content=\"https:\/\/tourtravelandmore.com\/wp-content\/uploads\/2016\/03\/Malaga-5.jpg\" \/>\n\t<meta property=\"og:image:width\" content=\"1620\" \/>\n\t<meta property=\"og:image:height\" content=\"1080\" \/>\n\t<meta property=\"og:image:type\" content=\"image\/jpeg\" \/>\n<meta name=\"twitter:card\" content=\"summary_large_image\" \/>\n<meta name=\"twitter:site\" content=\"@TourTravel_More\" \/>\n<meta name=\"twitter:label1\" content=\"Dur\u00e9e de lecture estim\u00e9e\" \/>\n\t<meta name=\"twitter:data1\" content=\"2 minutes\" \/>\n<script type=\"application\/ld+json\" class=\"yoast-schema-graph\">{\"@context\":\"https:\/\/schema.org\",\"@graph\":[{\"@type\":\"WebPage\",\"@id\":\"https:\/\/tourtravelandmore.com\/fr\/tours\/espagne-fr\/marbellapuertobanus-fr\/all-private-tours-activities-fr-13\/visite-privee-de-marbella-et-de-puerto-banus\/\",\"url\":\"https:\/\/tourtravelandmore.com\/fr\/tours\/espagne-fr\/marbellapuertobanus-fr\/all-private-tours-activities-fr-13\/visite-privee-de-marbella-et-de-puerto-banus\/\",\"name\":\"Visite priv\u00e9e de Marbella - Puerto Banus inclus et v\u00e9hicule de luxe\",\"isPartOf\":{\"@id\":\"https:\/\/tourtravelandmore.com\/fr\/#website\"},\"primaryImageOfPage\":{\"@id\":\"https:\/\/tourtravelandmore.com\/fr\/tours\/espagne-fr\/marbellapuertobanus-fr\/all-private-tours-activities-fr-13\/visite-privee-de-marbella-et-de-puerto-banus\/#primaryimage\"},\"image\":{\"@id\":\"https:\/\/tourtravelandmore.com\/fr\/tours\/espagne-fr\/marbellapuertobanus-fr\/all-private-tours-activities-fr-13\/visite-privee-de-marbella-et-de-puerto-banus\/#primaryimage\"},\"thumbnailUrl\":\"https:\/\/tourtravelandmore.com\/wp-content\/uploads\/2016\/03\/Malaga-5.jpg\",\"datePublished\":\"2016-03-13T12:02:32+00:00\",\"dateModified\":\"2023-02-02T17:23:38+00:00\",\"description\":\"Visite priv\u00e9e de Marbella - V\u00e9hicule de luxe priv\u00e9 avec chauffeur et guide officiel s\u00e9par\u00e9. Puerto Banus et Marbella inclus.\",\"breadcrumb\":{\"@id\":\"https:\/\/tourtravelandmore.com\/fr\/tours\/espagne-fr\/marbellapuertobanus-fr\/all-private-tours-activities-fr-13\/visite-privee-de-marbella-et-de-puerto-banus\/#breadcrumb\"},\"inLanguage\":\"fr-FR\",\"potentialAction\":[{\"@type\":\"ReadAction\",\"target\":[\"https:\/\/tourtravelandmore.com\/fr\/tours\/espagne-fr\/marbellapuertobanus-fr\/all-private-tours-activities-fr-13\/visite-privee-de-marbella-et-de-puerto-banus\/\"]}]},{\"@type\":\"ImageObject\",\"inLanguage\":\"fr-FR\",\"@id\":\"https:\/\/tourtravelandmore.com\/fr\/tours\/espagne-fr\/marbellapuertobanus-fr\/all-private-tours-activities-fr-13\/visite-privee-de-marbella-et-de-puerto-banus\/#primaryimage\",\"url\":\"https:\/\/tourtravelandmore.com\/wp-content\/uploads\/2016\/03\/Malaga-5.jpg\",\"contentUrl\":\"https:\/\/tourtravelandmore.com\/wp-content\/uploads\/2016\/03\/Malaga-5.jpg\",\"width\":1620,\"height\":1080},{\"@type\":\"BreadcrumbList\",\"@id\":\"https:\/\/tourtravelandmore.com\/fr\/tours\/espagne-fr\/marbellapuertobanus-fr\/all-private-tours-activities-fr-13\/visite-privee-de-marbella-et-de-puerto-banus\/#breadcrumb\",\"itemListElement\":[{\"@type\":\"ListItem\",\"position\":1,\"name\":\"Home\",\"item\":\"https:\/\/tourtravelandmore.com\/fr\/\"},{\"@type\":\"ListItem\",\"position\":2,\"name\":\"Tours\",\"item\":\"https:\/\/tourtravelandmore.com\/fr\/tours\/\"},{\"@type\":\"ListItem\",\"position\":3,\"name\":\"Visite priv\u00e9e de Marbella et de Puerto Banus\"}]},{\"@type\":\"WebSite\",\"@id\":\"https:\/\/tourtravelandmore.com\/fr\/#website\",\"url\":\"https:\/\/tourtravelandmore.com\/fr\/\",\"name\":\"Tour Travel And More\",\"description\":\"Private sightseeing tours and luxury transfers in Spain\",\"publisher\":{\"@id\":\"https:\/\/tourtravelandmore.com\/fr\/#organization\"},\"potentialAction\":[{\"@type\":\"SearchAction\",\"target\":{\"@type\":\"EntryPoint\",\"urlTemplate\":\"https:\/\/tourtravelandmore.com\/fr\/?s={search_term_string}\"},\"query-input\":{\"@type\":\"PropertyValueSpecification\",\"valueRequired\":true,\"valueName\":\"search_term_string\"}}],\"inLanguage\":\"fr-FR\"},{\"@type\":\"Organization\",\"@id\":\"https:\/\/tourtravelandmore.com\/fr\/#organization\",\"name\":\"Tour Travel And More\",\"url\":\"https:\/\/tourtravelandmore.com\/fr\/\",\"logo\":{\"@type\":\"ImageObject\",\"inLanguage\":\"fr-FR\",\"@id\":\"https:\/\/tourtravelandmore.com\/fr\/#\/schema\/logo\/image\/\",\"url\":\"https:\/\/tourtravelandmore.com\/wp-content\/uploads\/2022\/12\/cropped-logo-cabecera-new.png\",\"contentUrl\":\"https:\/\/tourtravelandmore.com\/wp-content\/uploads\/2022\/12\/cropped-logo-cabecera-new.png\",\"width\":430,\"height\":61,\"caption\":\"Tour Travel And More\"},\"image\":{\"@id\":\"https:\/\/tourtravelandmore.com\/fr\/#\/schema\/logo\/image\/\"},\"sameAs\":[\"https:\/\/www.facebook.com\/tourtravelandmore\/\",\"https:\/\/x.com\/TourTravel_More\"]}]}<\/script>\n<!-- \/ Yoast SEO Premium plugin. -->","yoast_head_json":{"title":"Visite priv\u00e9e de Marbella - Puerto Banus inclus et v\u00e9hicule de luxe","description":"Visite priv\u00e9e de Marbella - V\u00e9hicule de luxe priv\u00e9 avec chauffeur et guide officiel s\u00e9par\u00e9. Puerto Banus et Marbella inclus.","robots":{"index":"index","follow":"follow","max-snippet":"max-snippet:-1","max-image-preview":"max-image-preview:large","max-video-preview":"max-video-preview:-1"},"canonical":"https:\/\/tourtravelandmore.com\/fr\/tours\/espagne-fr\/marbellapuertobanus-fr\/all-private-tours-activities-fr-13\/visite-privee-de-marbella-et-de-puerto-banus\/","og_locale":"fr_FR","og_type":"article","og_title":"Visite priv\u00e9e de Marbella et de Puerto Banus","og_description":"Visite priv\u00e9e de Marbella - V\u00e9hicule de luxe priv\u00e9 avec chauffeur et guide officiel s\u00e9par\u00e9. Puerto Banus et Marbella inclus.","og_url":"https:\/\/tourtravelandmore.com\/fr\/tours\/espagne-fr\/marbellapuertobanus-fr\/all-private-tours-activities-fr-13\/visite-privee-de-marbella-et-de-puerto-banus\/","og_site_name":"Tour Travel And More","article_publisher":"https:\/\/www.facebook.com\/tourtravelandmore\/","article_modified_time":"2023-02-02T17:23:38+00:00","og_image":[{"width":1620,"height":1080,"url":"https:\/\/tourtravelandmore.com\/wp-content\/uploads\/2016\/03\/Malaga-5.jpg","type":"image\/jpeg"}],"twitter_card":"summary_large_image","twitter_site":"@TourTravel_More","twitter_misc":{"Dur\u00e9e de lecture estim\u00e9e":"2 minutes"},"schema":{"@context":"https:\/\/schema.org","@graph":[{"@type":"WebPage","@id":"https:\/\/tourtravelandmore.com\/fr\/tours\/espagne-fr\/marbellapuertobanus-fr\/all-private-tours-activities-fr-13\/visite-privee-de-marbella-et-de-puerto-banus\/","url":"https:\/\/tourtravelandmore.com\/fr\/tours\/espagne-fr\/marbellapuertobanus-fr\/all-private-tours-activities-fr-13\/visite-privee-de-marbella-et-de-puerto-banus\/","name":"Visite priv\u00e9e de Marbella - Puerto Banus inclus et v\u00e9hicule de luxe","isPartOf":{"@id":"https:\/\/tourtravelandmore.com\/fr\/#website"},"primaryImageOfPage":{"@id":"https:\/\/tourtravelandmore.com\/fr\/tours\/espagne-fr\/marbellapuertobanus-fr\/all-private-tours-activities-fr-13\/visite-privee-de-marbella-et-de-puerto-banus\/#primaryimage"},"image":{"@id":"https:\/\/tourtravelandmore.com\/fr\/tours\/espagne-fr\/marbellapuertobanus-fr\/all-private-tours-activities-fr-13\/visite-privee-de-marbella-et-de-puerto-banus\/#primaryimage"},"thumbnailUrl":"https:\/\/tourtravelandmore.com\/wp-content\/uploads\/2016\/03\/Malaga-5.jpg","datePublished":"2016-03-13T12:02:32+00:00","dateModified":"2023-02-02T17:23:38+00:00","description":"Visite priv\u00e9e de Marbella - V\u00e9hicule de luxe priv\u00e9 avec chauffeur et guide officiel s\u00e9par\u00e9. Puerto Banus et Marbella inclus.","breadcrumb":{"@id":"https:\/\/tourtravelandmore.com\/fr\/tours\/espagne-fr\/marbellapuertobanus-fr\/all-private-tours-activities-fr-13\/visite-privee-de-marbella-et-de-puerto-banus\/#breadcrumb"},"inLanguage":"fr-FR","potentialAction":[{"@type":"ReadAction","target":["https:\/\/tourtravelandmore.com\/fr\/tours\/espagne-fr\/marbellapuertobanus-fr\/all-private-tours-activities-fr-13\/visite-privee-de-marbella-et-de-puerto-banus\/"]}]},{"@type":"ImageObject","inLanguage":"fr-FR","@id":"https:\/\/tourtravelandmore.com\/fr\/tours\/espagne-fr\/marbellapuertobanus-fr\/all-private-tours-activities-fr-13\/visite-privee-de-marbella-et-de-puerto-banus\/#primaryimage","url":"https:\/\/tourtravelandmore.com\/wp-content\/uploads\/2016\/03\/Malaga-5.jpg","contentUrl":"https:\/\/tourtravelandmore.com\/wp-content\/uploads\/2016\/03\/Malaga-5.jpg","width":1620,"height":1080},{"@type":"BreadcrumbList","@id":"https:\/\/tourtravelandmore.com\/fr\/tours\/espagne-fr\/marbellapuertobanus-fr\/all-private-tours-activities-fr-13\/visite-privee-de-marbella-et-de-puerto-banus\/#breadcrumb","itemListElement":[{"@type":"ListItem","position":1,"name":"Home","item":"https:\/\/tourtravelandmore.com\/fr\/"},{"@type":"ListItem","position":2,"name":"Tours","item":"https:\/\/tourtravelandmore.com\/fr\/tours\/"},{"@type":"ListItem","position":3,"name":"Visite priv\u00e9e de Marbella et de Puerto Banus"}]},{"@type":"WebSite","@id":"https:\/\/tourtravelandmore.com\/fr\/#website","url":"https:\/\/tourtravelandmore.com\/fr\/","name":"Tour Travel And More","description":"Private sightseeing tours and luxury transfers in Spain","publisher":{"@id":"https:\/\/tourtravelandmore.com\/fr\/#organization"},"potentialAction":[{"@type":"SearchAction","target":{"@type":"EntryPoint","urlTemplate":"https:\/\/tourtravelandmore.com\/fr\/?s={search_term_string}"},"query-input":{"@type":"PropertyValueSpecification","valueRequired":true,"valueName":"search_term_string"}}],"inLanguage":"fr-FR"},{"@type":"Organization","@id":"https:\/\/tourtravelandmore.com\/fr\/#organization","name":"Tour Travel And More","url":"https:\/\/tourtravelandmore.com\/fr\/","logo":{"@type":"ImageObject","inLanguage":"fr-FR","@id":"https:\/\/tourtravelandmore.com\/fr\/#\/schema\/logo\/image\/","url":"https:\/\/tourtravelandmore.com\/wp-content\/uploads\/2022\/12\/cropped-logo-cabecera-new.png","contentUrl":"https:\/\/tourtravelandmore.com\/wp-content\/uploads\/2022\/12\/cropped-logo-cabecera-new.png","width":430,"height":61,"caption":"Tour Travel And More"},"image":{"@id":"https:\/\/tourtravelandmore.com\/fr\/#\/schema\/logo\/image\/"},"sameAs":["https:\/\/www.facebook.com\/tourtravelandmore\/","https:\/\/x.com\/TourTravel_More"]}]}},"_links":{"self":[{"href":"https:\/\/tourtravelandmore.com\/fr\/wp-json\/wp\/v2\/product\/100332","targetHints":{"allow":["GET"]}}],"collection":[{"href":"https:\/\/tourtravelandmore.com\/fr\/wp-json\/wp\/v2\/product"}],"about":[{"href":"https:\/\/tourtravelandmore.com\/fr\/wp-json\/wp\/v2\/types\/product"}],"replies":[{"embeddable":true,"href":"https:\/\/tourtravelandmore.com\/fr\/wp-json\/wp\/v2\/comments?post=100332"}],"wp:featuredmedia":[{"embeddable":true,"href":"https:\/\/tourtravelandmore.com\/fr\/wp-json\/wp\/v2\/media\/93687"}],"wp:attachment":[{"href":"https:\/\/tourtravelandmore.com\/fr\/wp-json\/wp\/v2\/media?parent=100332"}],"wp:term":[{"taxonomy":"product_brand","embeddable":true,"href":"https:\/\/tourtravelandmore.com\/fr\/wp-json\/wp\/v2\/product_brand?post=100332"},{"taxonomy":"product_cat","embeddable":true,"href":"https:\/\/tourtravelandmore.com\/fr\/wp-json\/wp\/v2\/product_cat?post=100332"},{"taxonomy":"product_tag","embeddable":true,"href":"https:\/\/tourtravelandmore.com\/fr\/wp-json\/wp\/v2\/product_tag?post=100332"}],"curies":[{"name":"wp","href":"https:\/\/api.w.org\/{rel}","templated":true}]}}