{"id":100291,"date":"2016-03-13T12:59:15","date_gmt":"2016-03-13T11:59:15","guid":{"rendered":"https:\/\/tourtravelandmore.com\/tours\/non%20class\u00e9\/visite-privee-a-pied-de-malaga\/"},"modified":"2023-01-10T16:11:05","modified_gmt":"2023-01-10T15:11:05","slug":"visite-privee-a-pied-de-malaga","status":"publish","type":"product","link":"https:\/\/tourtravelandmore.com\/fr\/tours\/espagne-fr\/malaga-fr\/all-private-tours-activities-fr-12\/visite-privee-a-pied-de-malaga\/","title":{"rendered":"Visite priv\u00e9e \u00e0 pied de Malaga"},"content":{"rendered":"<h2>Description<\/h2>\n<p>Profitez de cette <strong>visite priv\u00e9e \u00e0 pied de Malaga<\/strong>. Votre guide priv\u00e9 officiel sera \u00e0 votre disposition pendant les <strong>4 heures<\/strong> pour une exp\u00e9rience unique.<\/p>\n<p>Nous organiserons une prise en charge priv\u00e9e depuis votre h\u00f4tel s&#8217;il est situ\u00e9 au centre. Sinon, nous nous rencontrerions \u00e0 un point de rencontre central. Nous pouvons \u00e9galement organiser une prise en charge priv\u00e9e du port de croisi\u00e8re si n\u00e9cessaire.<\/p>\n<p>Une fois que vous avez rencontr\u00e9 votre guide officiel priv\u00e9, nous commencerons la <strong>visite priv\u00e9e \u00e0 pied de Malaga<\/strong>. Votre guide priv\u00e9 vous fera visiter les lieux pour tout savoir sur les meilleurs sites de Malaga.<\/p>\n<h2>Sites d&#8217;int\u00e9r\u00eat et monuments<\/h2>\n<p>Apr\u00e8s une prise en charge \u00e0 pied, nous commencerons cette <strong>visite priv\u00e9e de<\/strong> <strong>Malaga.<\/strong><\/p>\n<p>Au cours des 20 derni\u00e8res ann\u00e9es, <strong>Malaga<\/strong> a d\u00e9velopp\u00e9 tr\u00e8s rapidement son aspect culturel et gastronomique. Autrefois, la ville de l&#8217;ombre des trois villes les plus visit\u00e9es <strong>d&#8217;Andalousie (Cordoue, S\u00e9ville<\/strong> et <strong>Grenade).<\/strong> Malaga est r\u00e9cemment devenue l&#8217;une des plus belles villes d&#8217;art d&#8217;Espagne, et sa superbe cuisine en a \u00e9galement fait une visite incontournable une fois en Andalousie.<\/p>\n<p>Au cours de cette visite priv\u00e9e \u00e0 pied, vous d\u00e9couvrirez les sites les plus repr\u00e9sentatifs et embl\u00e9matiques de la ville. Voici quelques exemples de ce que vous pourrez voir:<\/p>\n<ul>\n<li><strong>Plaza de la Merced<\/strong><\/li>\n<li><strong>Forteresse maure La Alcazaba<\/strong><\/li>\n<li><strong>Th\u00e9\u00e2tre romain<\/strong><\/li>\n<li><strong>Catedral de M\u00e1laga (Entr\u00e9e incluse dans le prix)<\/strong><\/li>\n<li><strong>\u00c9glise Saint-Jean<\/strong><\/li>\n<li><strong>Beaucoup plus!<\/strong><\/li>\n<\/ul>\n<p>Vous pourrez ensuite profiter et admirer la grande architecture et les sites touristiques des monuments les plus importants et les plus connus de Malaga. Si vous souhaitez visiter le Picasso ou le mus\u00e9e Thyssen lors de cette visite priv\u00e9e \u00e0 pied, nous pouvons organiser les billets pour vous et votre groupe. Nous ajouterions des heures suppl\u00e9mentaires pour int\u00e9grer la cath\u00e9drale et un ou deux mus\u00e9es. N&#8217;h\u00e9sitez pas \u00e0 nous le demander.<\/p>\n<p>Jetez un \u0153il \u00e0 nos autres circuits \u00e0 <strong>Malaga<\/strong> ici!<\/p>\n","protected":false},"excerpt":{"rendered":"<p>Meilleur tour de Malaga. Visite priv\u00e9e \u00e0 pied de Malaga. Guide touristique officiel priv\u00e9 pendant 4 heures pour d\u00e9couvrir le meilleur de Malaga. Prise en charge au point de rendez-vous central.<\/p>\n","protected":false},"featured_media":94580,"comment_status":"open","ping_status":"closed","template":"","meta":{"_acf_changed":false},"product_brand":[],"product_cat":[3646,4247,4250],"product_tag":[],"class_list":{"0":"post-100291","1":"product","2":"type-product","3":"status-publish","4":"has-post-thumbnail","6":"product_cat-malaga-fr","7":"product_cat-all-private-tours-activities-fr-12","8":"product_cat-private-walking-tours-fr-7","10":"first","11":"instock","12":"shipping-taxable","13":"purchasable","14":"product-type-simple"},"acf":[],"yoast_head":"<!-- This site is optimized with the Yoast SEO Premium plugin v25.3.1 (Yoast SEO v25.3.1) - https:\/\/yoast.com\/wordpress\/plugins\/seo\/ -->\n<title>Visite priv\u00e9e \u00e0 pied de Malaga - Guide touristique officiel priv\u00e9<\/title>\n<meta name=\"description\" content=\"Visite priv\u00e9e \u00e0 pied de Malaga. Guide touristique officiel priv\u00e9 pendant 4 heures pour d\u00e9couvrir le meilleur de Malaga. Prise en charge au point de rendez-vous central.\" \/>\n<meta name=\"robots\" content=\"index, follow, max-snippet:-1, max-image-preview:large, max-video-preview:-1\" \/>\n<link rel=\"canonical\" href=\"https:\/\/tourtravelandmore.com\/fr\/tours\/espagne-fr\/malaga-fr\/all-private-tours-activities-fr-12\/visite-privee-a-pied-de-malaga\/\" \/>\n<meta property=\"og:locale\" content=\"fr_FR\" \/>\n<meta property=\"og:type\" content=\"article\" \/>\n<meta property=\"og:title\" content=\"Visite priv\u00e9e \u00e0 pied de Malaga\" \/>\n<meta property=\"og:description\" content=\"Visite priv\u00e9e \u00e0 pied de Malaga. Guide touristique officiel priv\u00e9 pendant 4 heures pour d\u00e9couvrir le meilleur de Malaga. Prise en charge au point de rendez-vous central.\" \/>\n<meta property=\"og:url\" content=\"https:\/\/tourtravelandmore.com\/fr\/tours\/espagne-fr\/malaga-fr\/all-private-tours-activities-fr-12\/visite-privee-a-pied-de-malaga\/\" \/>\n<meta property=\"og:site_name\" content=\"Tour Travel And More\" \/>\n<meta property=\"article:publisher\" content=\"https:\/\/www.facebook.com\/tourtravelandmore\/\" \/>\n<meta property=\"article:modified_time\" content=\"2023-01-10T15:11:05+00:00\" \/>\n<meta property=\"og:image\" content=\"https:\/\/tourtravelandmore.com\/wp-content\/uploads\/2016\/03\/Catedral_de_malaga.jpg\" \/>\n\t<meta property=\"og:image:width\" content=\"1024\" \/>\n\t<meta property=\"og:image:height\" content=\"683\" \/>\n\t<meta property=\"og:image:type\" content=\"image\/jpeg\" \/>\n<meta name=\"twitter:card\" content=\"summary_large_image\" \/>\n<meta name=\"twitter:site\" content=\"@TourTravel_More\" \/>\n<meta name=\"twitter:label1\" content=\"Dur\u00e9e de lecture estim\u00e9e\" \/>\n\t<meta name=\"twitter:data1\" content=\"2 minutes\" \/>\n<script type=\"application\/ld+json\" class=\"yoast-schema-graph\">{\"@context\":\"https:\/\/schema.org\",\"@graph\":[{\"@type\":\"WebPage\",\"@id\":\"https:\/\/tourtravelandmore.com\/fr\/tours\/espagne-fr\/malaga-fr\/all-private-tours-activities-fr-12\/visite-privee-a-pied-de-malaga\/\",\"url\":\"https:\/\/tourtravelandmore.com\/fr\/tours\/espagne-fr\/malaga-fr\/all-private-tours-activities-fr-12\/visite-privee-a-pied-de-malaga\/\",\"name\":\"Visite priv\u00e9e \u00e0 pied de Malaga - Guide touristique officiel priv\u00e9\",\"isPartOf\":{\"@id\":\"https:\/\/tourtravelandmore.com\/fr\/#website\"},\"primaryImageOfPage\":{\"@id\":\"https:\/\/tourtravelandmore.com\/fr\/tours\/espagne-fr\/malaga-fr\/all-private-tours-activities-fr-12\/visite-privee-a-pied-de-malaga\/#primaryimage\"},\"image\":{\"@id\":\"https:\/\/tourtravelandmore.com\/fr\/tours\/espagne-fr\/malaga-fr\/all-private-tours-activities-fr-12\/visite-privee-a-pied-de-malaga\/#primaryimage\"},\"thumbnailUrl\":\"https:\/\/tourtravelandmore.com\/wp-content\/uploads\/2016\/03\/Catedral_de_malaga.jpg\",\"datePublished\":\"2016-03-13T11:59:15+00:00\",\"dateModified\":\"2023-01-10T15:11:05+00:00\",\"description\":\"Visite priv\u00e9e \u00e0 pied de Malaga. Guide touristique officiel priv\u00e9 pendant 4 heures pour d\u00e9couvrir le meilleur de Malaga. Prise en charge au point de rendez-vous central.\",\"breadcrumb\":{\"@id\":\"https:\/\/tourtravelandmore.com\/fr\/tours\/espagne-fr\/malaga-fr\/all-private-tours-activities-fr-12\/visite-privee-a-pied-de-malaga\/#breadcrumb\"},\"inLanguage\":\"fr-FR\",\"potentialAction\":[{\"@type\":\"ReadAction\",\"target\":[\"https:\/\/tourtravelandmore.com\/fr\/tours\/espagne-fr\/malaga-fr\/all-private-tours-activities-fr-12\/visite-privee-a-pied-de-malaga\/\"]}]},{\"@type\":\"ImageObject\",\"inLanguage\":\"fr-FR\",\"@id\":\"https:\/\/tourtravelandmore.com\/fr\/tours\/espagne-fr\/malaga-fr\/all-private-tours-activities-fr-12\/visite-privee-a-pied-de-malaga\/#primaryimage\",\"url\":\"https:\/\/tourtravelandmore.com\/wp-content\/uploads\/2016\/03\/Catedral_de_malaga.jpg\",\"contentUrl\":\"https:\/\/tourtravelandmore.com\/wp-content\/uploads\/2016\/03\/Catedral_de_malaga.jpg\",\"width\":4608,\"height\":3072},{\"@type\":\"BreadcrumbList\",\"@id\":\"https:\/\/tourtravelandmore.com\/fr\/tours\/espagne-fr\/malaga-fr\/all-private-tours-activities-fr-12\/visite-privee-a-pied-de-malaga\/#breadcrumb\",\"itemListElement\":[{\"@type\":\"ListItem\",\"position\":1,\"name\":\"Home\",\"item\":\"https:\/\/tourtravelandmore.com\/fr\/\"},{\"@type\":\"ListItem\",\"position\":2,\"name\":\"Tours\",\"item\":\"https:\/\/tourtravelandmore.com\/fr\/tours\/\"},{\"@type\":\"ListItem\",\"position\":3,\"name\":\"Visite priv\u00e9e \u00e0 pied de Malaga\"}]},{\"@type\":\"WebSite\",\"@id\":\"https:\/\/tourtravelandmore.com\/fr\/#website\",\"url\":\"https:\/\/tourtravelandmore.com\/fr\/\",\"name\":\"Tour Travel And More\",\"description\":\"Private sightseeing tours and luxury transfers in Spain\",\"publisher\":{\"@id\":\"https:\/\/tourtravelandmore.com\/fr\/#organization\"},\"potentialAction\":[{\"@type\":\"SearchAction\",\"target\":{\"@type\":\"EntryPoint\",\"urlTemplate\":\"https:\/\/tourtravelandmore.com\/fr\/?s={search_term_string}\"},\"query-input\":{\"@type\":\"PropertyValueSpecification\",\"valueRequired\":true,\"valueName\":\"search_term_string\"}}],\"inLanguage\":\"fr-FR\"},{\"@type\":\"Organization\",\"@id\":\"https:\/\/tourtravelandmore.com\/fr\/#organization\",\"name\":\"Tour Travel And More\",\"url\":\"https:\/\/tourtravelandmore.com\/fr\/\",\"logo\":{\"@type\":\"ImageObject\",\"inLanguage\":\"fr-FR\",\"@id\":\"https:\/\/tourtravelandmore.com\/fr\/#\/schema\/logo\/image\/\",\"url\":\"https:\/\/tourtravelandmore.com\/wp-content\/uploads\/2022\/12\/cropped-logo-cabecera-new.png\",\"contentUrl\":\"https:\/\/tourtravelandmore.com\/wp-content\/uploads\/2022\/12\/cropped-logo-cabecera-new.png\",\"width\":430,\"height\":61,\"caption\":\"Tour Travel And More\"},\"image\":{\"@id\":\"https:\/\/tourtravelandmore.com\/fr\/#\/schema\/logo\/image\/\"},\"sameAs\":[\"https:\/\/www.facebook.com\/tourtravelandmore\/\",\"https:\/\/x.com\/TourTravel_More\"]}]}<\/script>\n<!-- \/ Yoast SEO Premium plugin. -->","yoast_head_json":{"title":"Visite priv\u00e9e \u00e0 pied de Malaga - Guide touristique officiel priv\u00e9","description":"Visite priv\u00e9e \u00e0 pied de Malaga. Guide touristique officiel priv\u00e9 pendant 4 heures pour d\u00e9couvrir le meilleur de Malaga. Prise en charge au point de rendez-vous central.","robots":{"index":"index","follow":"follow","max-snippet":"max-snippet:-1","max-image-preview":"max-image-preview:large","max-video-preview":"max-video-preview:-1"},"canonical":"https:\/\/tourtravelandmore.com\/fr\/tours\/espagne-fr\/malaga-fr\/all-private-tours-activities-fr-12\/visite-privee-a-pied-de-malaga\/","og_locale":"fr_FR","og_type":"article","og_title":"Visite priv\u00e9e \u00e0 pied de Malaga","og_description":"Visite priv\u00e9e \u00e0 pied de Malaga. Guide touristique officiel priv\u00e9 pendant 4 heures pour d\u00e9couvrir le meilleur de Malaga. Prise en charge au point de rendez-vous central.","og_url":"https:\/\/tourtravelandmore.com\/fr\/tours\/espagne-fr\/malaga-fr\/all-private-tours-activities-fr-12\/visite-privee-a-pied-de-malaga\/","og_site_name":"Tour Travel And More","article_publisher":"https:\/\/www.facebook.com\/tourtravelandmore\/","article_modified_time":"2023-01-10T15:11:05+00:00","og_image":[{"url":"https:\/\/tourtravelandmore.com\/wp-content\/uploads\/2016\/03\/Catedral_de_malaga.jpg","width":1024,"height":683,"type":"image\/jpeg"}],"twitter_card":"summary_large_image","twitter_site":"@TourTravel_More","twitter_misc":{"Dur\u00e9e de lecture estim\u00e9e":"2 minutes"},"schema":{"@context":"https:\/\/schema.org","@graph":[{"@type":"WebPage","@id":"https:\/\/tourtravelandmore.com\/fr\/tours\/espagne-fr\/malaga-fr\/all-private-tours-activities-fr-12\/visite-privee-a-pied-de-malaga\/","url":"https:\/\/tourtravelandmore.com\/fr\/tours\/espagne-fr\/malaga-fr\/all-private-tours-activities-fr-12\/visite-privee-a-pied-de-malaga\/","name":"Visite priv\u00e9e \u00e0 pied de Malaga - Guide touristique officiel priv\u00e9","isPartOf":{"@id":"https:\/\/tourtravelandmore.com\/fr\/#website"},"primaryImageOfPage":{"@id":"https:\/\/tourtravelandmore.com\/fr\/tours\/espagne-fr\/malaga-fr\/all-private-tours-activities-fr-12\/visite-privee-a-pied-de-malaga\/#primaryimage"},"image":{"@id":"https:\/\/tourtravelandmore.com\/fr\/tours\/espagne-fr\/malaga-fr\/all-private-tours-activities-fr-12\/visite-privee-a-pied-de-malaga\/#primaryimage"},"thumbnailUrl":"https:\/\/tourtravelandmore.com\/wp-content\/uploads\/2016\/03\/Catedral_de_malaga.jpg","datePublished":"2016-03-13T11:59:15+00:00","dateModified":"2023-01-10T15:11:05+00:00","description":"Visite priv\u00e9e \u00e0 pied de Malaga. Guide touristique officiel priv\u00e9 pendant 4 heures pour d\u00e9couvrir le meilleur de Malaga. Prise en charge au point de rendez-vous central.","breadcrumb":{"@id":"https:\/\/tourtravelandmore.com\/fr\/tours\/espagne-fr\/malaga-fr\/all-private-tours-activities-fr-12\/visite-privee-a-pied-de-malaga\/#breadcrumb"},"inLanguage":"fr-FR","potentialAction":[{"@type":"ReadAction","target":["https:\/\/tourtravelandmore.com\/fr\/tours\/espagne-fr\/malaga-fr\/all-private-tours-activities-fr-12\/visite-privee-a-pied-de-malaga\/"]}]},{"@type":"ImageObject","inLanguage":"fr-FR","@id":"https:\/\/tourtravelandmore.com\/fr\/tours\/espagne-fr\/malaga-fr\/all-private-tours-activities-fr-12\/visite-privee-a-pied-de-malaga\/#primaryimage","url":"https:\/\/tourtravelandmore.com\/wp-content\/uploads\/2016\/03\/Catedral_de_malaga.jpg","contentUrl":"https:\/\/tourtravelandmore.com\/wp-content\/uploads\/2016\/03\/Catedral_de_malaga.jpg","width":4608,"height":3072},{"@type":"BreadcrumbList","@id":"https:\/\/tourtravelandmore.com\/fr\/tours\/espagne-fr\/malaga-fr\/all-private-tours-activities-fr-12\/visite-privee-a-pied-de-malaga\/#breadcrumb","itemListElement":[{"@type":"ListItem","position":1,"name":"Home","item":"https:\/\/tourtravelandmore.com\/fr\/"},{"@type":"ListItem","position":2,"name":"Tours","item":"https:\/\/tourtravelandmore.com\/fr\/tours\/"},{"@type":"ListItem","position":3,"name":"Visite priv\u00e9e \u00e0 pied de Malaga"}]},{"@type":"WebSite","@id":"https:\/\/tourtravelandmore.com\/fr\/#website","url":"https:\/\/tourtravelandmore.com\/fr\/","name":"Tour Travel And More","description":"Private sightseeing tours and luxury transfers in Spain","publisher":{"@id":"https:\/\/tourtravelandmore.com\/fr\/#organization"},"potentialAction":[{"@type":"SearchAction","target":{"@type":"EntryPoint","urlTemplate":"https:\/\/tourtravelandmore.com\/fr\/?s={search_term_string}"},"query-input":{"@type":"PropertyValueSpecification","valueRequired":true,"valueName":"search_term_string"}}],"inLanguage":"fr-FR"},{"@type":"Organization","@id":"https:\/\/tourtravelandmore.com\/fr\/#organization","name":"Tour Travel And More","url":"https:\/\/tourtravelandmore.com\/fr\/","logo":{"@type":"ImageObject","inLanguage":"fr-FR","@id":"https:\/\/tourtravelandmore.com\/fr\/#\/schema\/logo\/image\/","url":"https:\/\/tourtravelandmore.com\/wp-content\/uploads\/2022\/12\/cropped-logo-cabecera-new.png","contentUrl":"https:\/\/tourtravelandmore.com\/wp-content\/uploads\/2022\/12\/cropped-logo-cabecera-new.png","width":430,"height":61,"caption":"Tour Travel And More"},"image":{"@id":"https:\/\/tourtravelandmore.com\/fr\/#\/schema\/logo\/image\/"},"sameAs":["https:\/\/www.facebook.com\/tourtravelandmore\/","https:\/\/x.com\/TourTravel_More"]}]}},"_links":{"self":[{"href":"https:\/\/tourtravelandmore.com\/fr\/wp-json\/wp\/v2\/product\/100291","targetHints":{"allow":["GET"]}}],"collection":[{"href":"https:\/\/tourtravelandmore.com\/fr\/wp-json\/wp\/v2\/product"}],"about":[{"href":"https:\/\/tourtravelandmore.com\/fr\/wp-json\/wp\/v2\/types\/product"}],"replies":[{"embeddable":true,"href":"https:\/\/tourtravelandmore.com\/fr\/wp-json\/wp\/v2\/comments?post=100291"}],"wp:featuredmedia":[{"embeddable":true,"href":"https:\/\/tourtravelandmore.com\/fr\/wp-json\/wp\/v2\/media\/94580"}],"wp:attachment":[{"href":"https:\/\/tourtravelandmore.com\/fr\/wp-json\/wp\/v2\/media?parent=100291"}],"wp:term":[{"taxonomy":"product_brand","embeddable":true,"href":"https:\/\/tourtravelandmore.com\/fr\/wp-json\/wp\/v2\/product_brand?post=100291"},{"taxonomy":"product_cat","embeddable":true,"href":"https:\/\/tourtravelandmore.com\/fr\/wp-json\/wp\/v2\/product_cat?post=100291"},{"taxonomy":"product_tag","embeddable":true,"href":"https:\/\/tourtravelandmore.com\/fr\/wp-json\/wp\/v2\/product_tag?post=100291"}],"curies":[{"name":"wp","href":"https:\/\/api.w.org\/{rel}","templated":true}]}}