{"id":100281,"date":"2016-03-10T20:13:13","date_gmt":"2016-03-10T19:13:13","guid":{"rendered":"https:\/\/tourtravelandmore.com\/tours\/non%20class\u00e9\/visite-privee-de-malaga\/"},"modified":"2023-01-09T21:32:04","modified_gmt":"2023-01-09T20:32:04","slug":"visite-privee-de-malaga","status":"publish","type":"product","link":"https:\/\/tourtravelandmore.com\/fr\/tours\/espagne-fr\/malaga-fr\/all-private-tours-activities-fr-12\/visite-privee-de-malaga\/","title":{"rendered":"Visite priv\u00e9e de Malaga"},"content":{"rendered":"<h2>Description<\/h2>\n<p>L&#8217;une des meilleures fa\u00e7ons de conna\u00eetre une ville est de faire une visite priv\u00e9e. Cette <strong>visite priv\u00e9e de Malaga<\/strong> n&#8217;est pas diff\u00e9rente. Laissez notre guide priv\u00e9 vous offrir une exp\u00e9rience unique pour d\u00e9couvrir les secrets que la ville de Malaga a \u00e0 offrir.<\/p>\n<p>C&#8217;est une visite parfaite si vous ne disposez que de quelques heures dans la ville de <strong>Malaga<\/strong>. Nous pouvons organiser une prise en charge priv\u00e9e depuis votre h\u00f4tel de <strong>Malaga<\/strong> ou m\u00eame depuis le port de croisi\u00e8re.<\/p>\n<p>Tout d&#8217;abord, vous rencontrerez votre chauffeur priv\u00e9 et votre guide officiel. Si le point de rendez-vous se trouve au port de croisi\u00e8re, nous vous attendrons au terminal une fois que vous serez \u00e0 terre. S&#8217;il s&#8217;agit d&#8217;une prise en charge \u00e0 l&#8217;h\u00f4tel, nous vous attendrons dans le hall de l&#8217;h\u00f4tel.<\/p>\n<p>Deuxi\u00e8mement, nous commencerons cette visite priv\u00e9e de 4 heures \u00e0 Malaga. Profitez de belles vues depuis <strong>Gibralfaro<\/strong> ainsi que de beaux sites de la <strong>M\u00e9diterran\u00e9e<\/strong>.<\/p>\n<p>Enfin, votre visite priv\u00e9e se terminera \u00e0 votre m\u00eame lieu de prise en charge.<\/p>\n<h2>Sites d&#8217;int\u00e9r\u00eat et monuments<\/h2>\n<p>Votre chauffeur priv\u00e9, accompagn\u00e9 de votre guide priv\u00e9, viendra vous chercher \u00e0 votre h\u00f4tel, port de croisi\u00e8re ou lieu de votre choix \u00e0 <strong>Malaga<\/strong>. Nous entreprendrons cette excursion d&#8217;une demi-journ\u00e9e \u00e0 travers les lieux les plus embl\u00e9matiques de Malaga.<\/p>\n<p>Malaga est bien plus qu&#8217;une ville de bord de mer. Elle est connue comme la capitale de <strong>l&#8217;Andalousie<\/strong> et du sud de <strong>l&#8217;Espagne<\/strong>. C&#8217;est un excellent moyen de d\u00e9couvrir l&#8217;histoire et les diff\u00e9rentes cultures qui ont v\u00e9cu \u00e0 <strong>Malaga<\/strong> et en <strong>Andalousie<\/strong>.<\/p>\n<p>Vous visiterez d&#8217;abord le Gibralfaro, situ\u00e9 \u00e0 132 m\u00e8tres au-dessus du niveau de la mer, d&#8217;o\u00f9 vous pourrez profiter de l&#8217;une des vues les plus \u00e9tonnantes de <strong>Malaga<\/strong>. Vous pouvez entrer dans le ch\u00e2teau de <strong>Gibralfaro<\/strong>, un fort maure du XIVe si\u00e8cle (billet d&#8217;entr\u00e9e optionnel).<\/p>\n<p>Apr\u00e8s avoir visit\u00e9 <strong>Gibralfaro<\/strong>, vous irez au centre de <strong>Malaga<\/strong> et, entre autres monuments et sites touristiques, vous apprendrez \u00e0 conna\u00eetre:<\/p>\n<ul>\n<li><strong>Plaza de la Merced<\/strong><\/li>\n<li><strong>Forteresse maure La Alcazaba: des murs uniques qui peuvent \u00eatre vus de toute la ville.<\/strong><\/li>\n<li><strong>Th\u00e9\u00e2tre romain: un monument antique vraiment unique \u00e0 Malaga<\/strong><\/li>\n<li><strong>Cath\u00e9drale de Malaga: Il a fallu plus de 150 ans pour construire cette cath\u00e9drale! Il a diff\u00e9rents styles et c&#8217;est un excellent arr\u00eat photo<\/strong><\/li>\n<li><strong>\u00c9glise Saint-Jean<\/strong><\/li>\n<li><strong>March\u00e9 Ataranzas: march\u00e9 alimentaire central<\/strong><\/li>\n<li><strong>Plages comme la Malagueta et La Misericordia<\/strong><\/li>\n<li><strong>Vue sur le mus\u00e9e Picasso (nous pouvons \u00e9galement organiser une visite du mus\u00e9e si vous le souhaitez)<\/strong><\/li>\n<li><strong>Beaucoup plus!<\/strong><\/li>\n<\/ul>\n<p>Si le temps le permet, nous nous arr\u00eaterons pour jeter un \u0153il aux c\u00e9l\u00e8bres espetos. Ce sont des sardines grill\u00e9es. Vous pouvez les trouver dans les bars en bord de mer ou &#8220;chiringuitos&#8221;.<\/p>\n<p>En conclusion, lors de votre croisi\u00e8re ou de votre h\u00f4tel, profitez de cette <strong>visite priv\u00e9e de Malaga<\/strong> pour d\u00e9couvrir tout ce que la ville a \u00e0 offrir.<\/p>\n<p>Nous pouvons \u00e9galement organiser des visites priv\u00e9es de n&#8217;importe quel autre endroit en <strong>Andalousie<\/strong> pour profiter d&#8217;une <strong>visite priv\u00e9e \u00e0 Malaga.<\/strong> Contactez simplement nos experts en voyages et nous organiserons la proposition correspondante. Ne manquez pas nos visites priv\u00e9es ici.<\/p>\n","protected":false},"excerpt":{"rendered":"<p>Apprenez \u00e0 conna\u00eetre <strong>Malaga<\/strong> avec l&#8217;un des meilleurs circuits priv\u00e9s de Malaga. Prise en charge priv\u00e9e de votre h\u00f4tel ou port de croisi\u00e8re. Guide officiel et v\u00e9hicule de luxe s\u00e9par\u00e9 avec chauffeur.<\/p>\n","protected":false},"featured_media":94578,"comment_status":"open","ping_status":"closed","template":"","meta":{"_acf_changed":false},"product_brand":[],"product_cat":[3646,4249,4247,4248],"product_tag":[],"class_list":{"0":"post-100281","1":"product","2":"type-product","3":"status-publish","4":"has-post-thumbnail","6":"product_cat-malaga-fr","7":"product_cat-private-shore-excursions-fr-6","8":"product_cat-all-private-tours-activities-fr-12","9":"product_cat-private-sightseeing-tours-fr-19","11":"first","12":"instock","13":"shipping-taxable","14":"purchasable","15":"product-type-simple"},"acf":[],"yoast_head":"<!-- This site is optimized with the Yoast SEO Premium plugin v25.3.1 (Yoast SEO v25.3.1) - https:\/\/yoast.com\/wordpress\/plugins\/seo\/ -->\n<title>Private Tour Malaga - V\u00e9hicule de luxe priv\u00e9 avec chauffeur et guide touristique<\/title>\n<meta name=\"description\" content=\"Apprenez \u00e0 conna\u00eetre Malaga avec cette visite priv\u00e9e de Malaga. Prise en charge priv\u00e9e de votre h\u00f4tel ou port de croisi\u00e8re. Guide officiel et v\u00e9hicule de luxe s\u00e9par\u00e9 avec chauffeur.\" \/>\n<meta name=\"robots\" content=\"index, follow, max-snippet:-1, max-image-preview:large, max-video-preview:-1\" \/>\n<link rel=\"canonical\" href=\"https:\/\/tourtravelandmore.com\/fr\/tours\/espagne-fr\/malaga-fr\/all-private-tours-activities-fr-12\/visite-privee-de-malaga\/\" \/>\n<meta property=\"og:locale\" content=\"fr_FR\" \/>\n<meta property=\"og:type\" content=\"article\" \/>\n<meta property=\"og:title\" content=\"Visite priv\u00e9e de Malaga\" \/>\n<meta property=\"og:description\" content=\"Apprenez \u00e0 conna\u00eetre Malaga avec cette visite priv\u00e9e de Malaga. Prise en charge priv\u00e9e de votre h\u00f4tel ou port de croisi\u00e8re. Guide officiel et v\u00e9hicule de luxe s\u00e9par\u00e9 avec chauffeur.\" \/>\n<meta property=\"og:url\" content=\"https:\/\/tourtravelandmore.com\/fr\/tours\/espagne-fr\/malaga-fr\/all-private-tours-activities-fr-12\/visite-privee-de-malaga\/\" \/>\n<meta property=\"og:site_name\" content=\"Tour Travel And More\" \/>\n<meta property=\"article:publisher\" content=\"https:\/\/www.facebook.com\/tourtravelandmore\/\" \/>\n<meta property=\"article:modified_time\" content=\"2023-01-09T20:32:04+00:00\" \/>\n<meta property=\"og:image\" content=\"https:\/\/tourtravelandmore.com\/wp-content\/uploads\/2016\/03\/gibralfaro.jpg\" \/>\n\t<meta property=\"og:image:width\" content=\"1746\" \/>\n\t<meta property=\"og:image:height\" content=\"1177\" \/>\n\t<meta property=\"og:image:type\" content=\"image\/jpeg\" \/>\n<meta name=\"twitter:card\" content=\"summary_large_image\" \/>\n<meta name=\"twitter:site\" content=\"@TourTravel_More\" \/>\n<meta name=\"twitter:label1\" content=\"Dur\u00e9e de lecture estim\u00e9e\" \/>\n\t<meta name=\"twitter:data1\" content=\"3 minutes\" \/>\n<script type=\"application\/ld+json\" class=\"yoast-schema-graph\">{\"@context\":\"https:\/\/schema.org\",\"@graph\":[{\"@type\":\"WebPage\",\"@id\":\"https:\/\/tourtravelandmore.com\/fr\/tours\/espagne-fr\/malaga-fr\/all-private-tours-activities-fr-12\/visite-privee-de-malaga\/\",\"url\":\"https:\/\/tourtravelandmore.com\/fr\/tours\/espagne-fr\/malaga-fr\/all-private-tours-activities-fr-12\/visite-privee-de-malaga\/\",\"name\":\"Private Tour Malaga - V\u00e9hicule de luxe priv\u00e9 avec chauffeur et guide touristique\",\"isPartOf\":{\"@id\":\"https:\/\/tourtravelandmore.com\/fr\/#website\"},\"primaryImageOfPage\":{\"@id\":\"https:\/\/tourtravelandmore.com\/fr\/tours\/espagne-fr\/malaga-fr\/all-private-tours-activities-fr-12\/visite-privee-de-malaga\/#primaryimage\"},\"image\":{\"@id\":\"https:\/\/tourtravelandmore.com\/fr\/tours\/espagne-fr\/malaga-fr\/all-private-tours-activities-fr-12\/visite-privee-de-malaga\/#primaryimage\"},\"thumbnailUrl\":\"https:\/\/tourtravelandmore.com\/wp-content\/uploads\/2016\/03\/gibralfaro.jpg\",\"datePublished\":\"2016-03-10T19:13:13+00:00\",\"dateModified\":\"2023-01-09T20:32:04+00:00\",\"description\":\"Apprenez \u00e0 conna\u00eetre Malaga avec cette visite priv\u00e9e de Malaga. Prise en charge priv\u00e9e de votre h\u00f4tel ou port de croisi\u00e8re. Guide officiel et v\u00e9hicule de luxe s\u00e9par\u00e9 avec chauffeur.\",\"breadcrumb\":{\"@id\":\"https:\/\/tourtravelandmore.com\/fr\/tours\/espagne-fr\/malaga-fr\/all-private-tours-activities-fr-12\/visite-privee-de-malaga\/#breadcrumb\"},\"inLanguage\":\"fr-FR\",\"potentialAction\":[{\"@type\":\"ReadAction\",\"target\":[\"https:\/\/tourtravelandmore.com\/fr\/tours\/espagne-fr\/malaga-fr\/all-private-tours-activities-fr-12\/visite-privee-de-malaga\/\"]}]},{\"@type\":\"ImageObject\",\"inLanguage\":\"fr-FR\",\"@id\":\"https:\/\/tourtravelandmore.com\/fr\/tours\/espagne-fr\/malaga-fr\/all-private-tours-activities-fr-12\/visite-privee-de-malaga\/#primaryimage\",\"url\":\"https:\/\/tourtravelandmore.com\/wp-content\/uploads\/2016\/03\/gibralfaro.jpg\",\"contentUrl\":\"https:\/\/tourtravelandmore.com\/wp-content\/uploads\/2016\/03\/gibralfaro.jpg\",\"width\":1746,\"height\":1177},{\"@type\":\"BreadcrumbList\",\"@id\":\"https:\/\/tourtravelandmore.com\/fr\/tours\/espagne-fr\/malaga-fr\/all-private-tours-activities-fr-12\/visite-privee-de-malaga\/#breadcrumb\",\"itemListElement\":[{\"@type\":\"ListItem\",\"position\":1,\"name\":\"Home\",\"item\":\"https:\/\/tourtravelandmore.com\/fr\/\"},{\"@type\":\"ListItem\",\"position\":2,\"name\":\"Tours\",\"item\":\"https:\/\/tourtravelandmore.com\/fr\/tours\/\"},{\"@type\":\"ListItem\",\"position\":3,\"name\":\"Visite priv\u00e9e de Malaga\"}]},{\"@type\":\"WebSite\",\"@id\":\"https:\/\/tourtravelandmore.com\/fr\/#website\",\"url\":\"https:\/\/tourtravelandmore.com\/fr\/\",\"name\":\"Tour Travel And More\",\"description\":\"Private sightseeing tours and luxury transfers in Spain\",\"publisher\":{\"@id\":\"https:\/\/tourtravelandmore.com\/fr\/#organization\"},\"potentialAction\":[{\"@type\":\"SearchAction\",\"target\":{\"@type\":\"EntryPoint\",\"urlTemplate\":\"https:\/\/tourtravelandmore.com\/fr\/?s={search_term_string}\"},\"query-input\":{\"@type\":\"PropertyValueSpecification\",\"valueRequired\":true,\"valueName\":\"search_term_string\"}}],\"inLanguage\":\"fr-FR\"},{\"@type\":\"Organization\",\"@id\":\"https:\/\/tourtravelandmore.com\/fr\/#organization\",\"name\":\"Tour Travel And More\",\"url\":\"https:\/\/tourtravelandmore.com\/fr\/\",\"logo\":{\"@type\":\"ImageObject\",\"inLanguage\":\"fr-FR\",\"@id\":\"https:\/\/tourtravelandmore.com\/fr\/#\/schema\/logo\/image\/\",\"url\":\"https:\/\/tourtravelandmore.com\/wp-content\/uploads\/2022\/12\/cropped-logo-cabecera-new.png\",\"contentUrl\":\"https:\/\/tourtravelandmore.com\/wp-content\/uploads\/2022\/12\/cropped-logo-cabecera-new.png\",\"width\":430,\"height\":61,\"caption\":\"Tour Travel And More\"},\"image\":{\"@id\":\"https:\/\/tourtravelandmore.com\/fr\/#\/schema\/logo\/image\/\"},\"sameAs\":[\"https:\/\/www.facebook.com\/tourtravelandmore\/\",\"https:\/\/x.com\/TourTravel_More\"]}]}<\/script>\n<!-- \/ Yoast SEO Premium plugin. -->","yoast_head_json":{"title":"Private Tour Malaga - V\u00e9hicule de luxe priv\u00e9 avec chauffeur et guide touristique","description":"Apprenez \u00e0 conna\u00eetre Malaga avec cette visite priv\u00e9e de Malaga. Prise en charge priv\u00e9e de votre h\u00f4tel ou port de croisi\u00e8re. Guide officiel et v\u00e9hicule de luxe s\u00e9par\u00e9 avec chauffeur.","robots":{"index":"index","follow":"follow","max-snippet":"max-snippet:-1","max-image-preview":"max-image-preview:large","max-video-preview":"max-video-preview:-1"},"canonical":"https:\/\/tourtravelandmore.com\/fr\/tours\/espagne-fr\/malaga-fr\/all-private-tours-activities-fr-12\/visite-privee-de-malaga\/","og_locale":"fr_FR","og_type":"article","og_title":"Visite priv\u00e9e de Malaga","og_description":"Apprenez \u00e0 conna\u00eetre Malaga avec cette visite priv\u00e9e de Malaga. Prise en charge priv\u00e9e de votre h\u00f4tel ou port de croisi\u00e8re. Guide officiel et v\u00e9hicule de luxe s\u00e9par\u00e9 avec chauffeur.","og_url":"https:\/\/tourtravelandmore.com\/fr\/tours\/espagne-fr\/malaga-fr\/all-private-tours-activities-fr-12\/visite-privee-de-malaga\/","og_site_name":"Tour Travel And More","article_publisher":"https:\/\/www.facebook.com\/tourtravelandmore\/","article_modified_time":"2023-01-09T20:32:04+00:00","og_image":[{"width":1746,"height":1177,"url":"https:\/\/tourtravelandmore.com\/wp-content\/uploads\/2016\/03\/gibralfaro.jpg","type":"image\/jpeg"}],"twitter_card":"summary_large_image","twitter_site":"@TourTravel_More","twitter_misc":{"Dur\u00e9e de lecture estim\u00e9e":"3 minutes"},"schema":{"@context":"https:\/\/schema.org","@graph":[{"@type":"WebPage","@id":"https:\/\/tourtravelandmore.com\/fr\/tours\/espagne-fr\/malaga-fr\/all-private-tours-activities-fr-12\/visite-privee-de-malaga\/","url":"https:\/\/tourtravelandmore.com\/fr\/tours\/espagne-fr\/malaga-fr\/all-private-tours-activities-fr-12\/visite-privee-de-malaga\/","name":"Private Tour Malaga - V\u00e9hicule de luxe priv\u00e9 avec chauffeur et guide touristique","isPartOf":{"@id":"https:\/\/tourtravelandmore.com\/fr\/#website"},"primaryImageOfPage":{"@id":"https:\/\/tourtravelandmore.com\/fr\/tours\/espagne-fr\/malaga-fr\/all-private-tours-activities-fr-12\/visite-privee-de-malaga\/#primaryimage"},"image":{"@id":"https:\/\/tourtravelandmore.com\/fr\/tours\/espagne-fr\/malaga-fr\/all-private-tours-activities-fr-12\/visite-privee-de-malaga\/#primaryimage"},"thumbnailUrl":"https:\/\/tourtravelandmore.com\/wp-content\/uploads\/2016\/03\/gibralfaro.jpg","datePublished":"2016-03-10T19:13:13+00:00","dateModified":"2023-01-09T20:32:04+00:00","description":"Apprenez \u00e0 conna\u00eetre Malaga avec cette visite priv\u00e9e de Malaga. Prise en charge priv\u00e9e de votre h\u00f4tel ou port de croisi\u00e8re. Guide officiel et v\u00e9hicule de luxe s\u00e9par\u00e9 avec chauffeur.","breadcrumb":{"@id":"https:\/\/tourtravelandmore.com\/fr\/tours\/espagne-fr\/malaga-fr\/all-private-tours-activities-fr-12\/visite-privee-de-malaga\/#breadcrumb"},"inLanguage":"fr-FR","potentialAction":[{"@type":"ReadAction","target":["https:\/\/tourtravelandmore.com\/fr\/tours\/espagne-fr\/malaga-fr\/all-private-tours-activities-fr-12\/visite-privee-de-malaga\/"]}]},{"@type":"ImageObject","inLanguage":"fr-FR","@id":"https:\/\/tourtravelandmore.com\/fr\/tours\/espagne-fr\/malaga-fr\/all-private-tours-activities-fr-12\/visite-privee-de-malaga\/#primaryimage","url":"https:\/\/tourtravelandmore.com\/wp-content\/uploads\/2016\/03\/gibralfaro.jpg","contentUrl":"https:\/\/tourtravelandmore.com\/wp-content\/uploads\/2016\/03\/gibralfaro.jpg","width":1746,"height":1177},{"@type":"BreadcrumbList","@id":"https:\/\/tourtravelandmore.com\/fr\/tours\/espagne-fr\/malaga-fr\/all-private-tours-activities-fr-12\/visite-privee-de-malaga\/#breadcrumb","itemListElement":[{"@type":"ListItem","position":1,"name":"Home","item":"https:\/\/tourtravelandmore.com\/fr\/"},{"@type":"ListItem","position":2,"name":"Tours","item":"https:\/\/tourtravelandmore.com\/fr\/tours\/"},{"@type":"ListItem","position":3,"name":"Visite priv\u00e9e de Malaga"}]},{"@type":"WebSite","@id":"https:\/\/tourtravelandmore.com\/fr\/#website","url":"https:\/\/tourtravelandmore.com\/fr\/","name":"Tour Travel And More","description":"Private sightseeing tours and luxury transfers in Spain","publisher":{"@id":"https:\/\/tourtravelandmore.com\/fr\/#organization"},"potentialAction":[{"@type":"SearchAction","target":{"@type":"EntryPoint","urlTemplate":"https:\/\/tourtravelandmore.com\/fr\/?s={search_term_string}"},"query-input":{"@type":"PropertyValueSpecification","valueRequired":true,"valueName":"search_term_string"}}],"inLanguage":"fr-FR"},{"@type":"Organization","@id":"https:\/\/tourtravelandmore.com\/fr\/#organization","name":"Tour Travel And More","url":"https:\/\/tourtravelandmore.com\/fr\/","logo":{"@type":"ImageObject","inLanguage":"fr-FR","@id":"https:\/\/tourtravelandmore.com\/fr\/#\/schema\/logo\/image\/","url":"https:\/\/tourtravelandmore.com\/wp-content\/uploads\/2022\/12\/cropped-logo-cabecera-new.png","contentUrl":"https:\/\/tourtravelandmore.com\/wp-content\/uploads\/2022\/12\/cropped-logo-cabecera-new.png","width":430,"height":61,"caption":"Tour Travel And More"},"image":{"@id":"https:\/\/tourtravelandmore.com\/fr\/#\/schema\/logo\/image\/"},"sameAs":["https:\/\/www.facebook.com\/tourtravelandmore\/","https:\/\/x.com\/TourTravel_More"]}]}},"_links":{"self":[{"href":"https:\/\/tourtravelandmore.com\/fr\/wp-json\/wp\/v2\/product\/100281","targetHints":{"allow":["GET"]}}],"collection":[{"href":"https:\/\/tourtravelandmore.com\/fr\/wp-json\/wp\/v2\/product"}],"about":[{"href":"https:\/\/tourtravelandmore.com\/fr\/wp-json\/wp\/v2\/types\/product"}],"replies":[{"embeddable":true,"href":"https:\/\/tourtravelandmore.com\/fr\/wp-json\/wp\/v2\/comments?post=100281"}],"wp:featuredmedia":[{"embeddable":true,"href":"https:\/\/tourtravelandmore.com\/fr\/wp-json\/wp\/v2\/media\/94578"}],"wp:attachment":[{"href":"https:\/\/tourtravelandmore.com\/fr\/wp-json\/wp\/v2\/media?parent=100281"}],"wp:term":[{"taxonomy":"product_brand","embeddable":true,"href":"https:\/\/tourtravelandmore.com\/fr\/wp-json\/wp\/v2\/product_brand?post=100281"},{"taxonomy":"product_cat","embeddable":true,"href":"https:\/\/tourtravelandmore.com\/fr\/wp-json\/wp\/v2\/product_cat?post=100281"},{"taxonomy":"product_tag","embeddable":true,"href":"https:\/\/tourtravelandmore.com\/fr\/wp-json\/wp\/v2\/product_tag?post=100281"}],"curies":[{"name":"wp","href":"https:\/\/api.w.org\/{rel}","templated":true}]}}