{"id":100238,"date":"2018-10-19T12:16:19","date_gmt":"2018-10-19T10:16:19","guid":{"rendered":"https:\/\/tourtravelandmore.com\/tours\/non%20class\u00e9\/guide-prive-pour-le-musee-van-gogh\/"},"modified":"2024-05-03T15:56:55","modified_gmt":"2024-05-03T13:56:55","slug":"visite-privee-du-musee-van-gogh","status":"publish","type":"product","link":"https:\/\/tourtravelandmore.com\/fr\/tours\/les-pays-bas-fr\/amsterdam-fr\/visite-privee-du-musee-van-gogh\/","title":{"rendered":"Visite priv\u00e9e du mus\u00e9e Van Gogh"},"content":{"rendered":"<h2><strong>Description Visite priv\u00e9e du mus\u00e9e Van Gogh<\/strong><\/h2>\n<p><span style=\"font-weight: 400;\">La vie de l&#8217;artiste Vincent Van Gogh a toujours \u00e9t\u00e9 entour\u00e9e de nombreuses controverses et d&#8217;\u00e9v\u00e9nements marquants. Cependant, tous ces \u00e9v\u00e9nements l&#8217;ont influenc\u00e9 pour cr\u00e9er ses plus grandes \u0153uvres.\u00a0<\/span><\/p>\n<p><span style=\"font-weight: 400;\">Avant sa mort \u00e0 l&#8217;\u00e2ge de 37 ans, Van Gogh avait d\u00e9j\u00e0 r\u00e9alis\u00e9 quelque 1 100 dessins et 900 peintures.\u00a0<\/span><\/p>\n<p><span style=\"font-weight: 400;\">Pour le caract\u00e8re impressionnant de chacune de ses cr\u00e9ations, l&#8217;artiste est devenu une r\u00e9f\u00e9rence mondiale comme l&#8217;un des plus grands repr\u00e9sentants du post-impressionnisme.<\/span><\/p>\n<p><span style=\"font-weight: 400;\">Lors de notre <\/span><b>visite priv\u00e9e du mus\u00e9e Van Gogh \u00e0 Amsterdam<\/b><span style=\"font-weight: 400;\">, vous verrez la plus grande collection d&#8217;\u0153uvres de ce peintre n\u00e9erlandais l\u00e9gendaire.\u00a0<\/span><\/p>\n<p><span style=\"font-weight: 400;\">Il <\/span><b>s&#8217;agit d&#8217;une visite guid\u00e9e de deux heures <\/b><span style=\"font-weight: 400;\">qui permet aux amateurs d&#8217;art et d&#8217;histoire d&#8217;admirer des tableaux tels que &#8220;Les tournesols&#8221;, &#8220;Les mangeurs de pommes de terre&#8221; et les l\u00e9gendaires autoportraits de l&#8217;artiste.<\/span><\/p>\n<p><span style=\"font-weight: 400;\">Pendant la visite, vous serez toujours accompagn\u00e9 d&#8217;un expert en art qui vous fera d\u00e9couvrir l&#8217;histoire de chaque tableau.\u00a0<\/span><\/p>\n<p><span style=\"font-weight: 400;\">Le guide vous donnera une analyse des techniques et des coups de pinceau utilis\u00e9s par Van Gogh, ainsi que l&#8217;influence que diverses personnalit\u00e9s ont eue sur les \u00e9motions que l&#8217;auteur a captur\u00e9es dans ses tableaux.\u00a0<\/span><\/p>\n<p><span style=\"font-weight: 400;\">Ce sera un voyage int\u00e9ressant \u00e0 travers la vie et l&#8217;\u0153uvre de ce ma\u00eetre de l&#8217;art, afin que vous puissiez admirer chacune de ses peintures en d\u00e9tail.\u00a0\u00a0\u00a0<\/span><\/p>\n<p><span style=\"font-weight: 400;\">Il s&#8217;agit d&#8217;une visite priv\u00e9e du mus\u00e9e Van Gogh, <\/span><b>enti\u00e8rement personnalis\u00e9e<\/b><span style=\"font-weight: 400;\">, puisque le guide vous fera d\u00e9couvrir les salles les plus importantes et les plus embl\u00e9matiques de la galerie.\u00a0<\/span><\/p>\n<h2><strong>Points d&#8217;int\u00e9r\u00eat de la Visite Priv\u00e9e<\/strong><\/h2>\n<p><span style=\"font-weight: 400;\">Notre visite guid\u00e9e commence lorsque vous retrouvez votre guide priv\u00e9 \u00e0 l&#8217;entr\u00e9e du mus\u00e9e. Heureusement pour vous, vous n&#8217;aurez pas \u00e0 faire la queue pour entrer car nous avons des billets exclusifs.\u00a0<\/span><\/p>\n<p><span style=\"font-weight: 400;\">Une fois \u00e0 l&#8217;int\u00e9rieur, le guide vous fera d\u00e9couvrir chacune des plus grandes \u0153uvres d&#8217;art de l&#8217;histoire, puisque le mus\u00e9e compte 200 peintures et quelque 400 dessins de l&#8217;auteur.\u00a0<\/span><\/p>\n<p><span style=\"font-weight: 400;\">Parmi les peintures les plus embl\u00e9matiques que vous verrez, on peut citer :\u00a0<\/span><\/p>\n<ul>\n<li style=\"font-weight: 400;\" aria-level=\"1\"><strong>&#8220;La chambre d&#8217;Arles&#8221;.<\/strong><\/li>\n<li style=\"font-weight: 400;\" aria-level=\"1\"><strong>&#8220;Tournesols.<\/strong><\/li>\n<li style=\"font-weight: 400;\" aria-level=\"1\"><strong>&#8220;Autoportrait devant le cadre&#8221;<\/strong><\/li>\n<li style=\"font-weight: 400;\" aria-level=\"1\"><strong>Et bien d&#8217;autres peintures et dessins.\u00a0<\/strong><\/li>\n<\/ul>\n<p><span style=\"font-weight: 400;\">Au cours de la visite guid\u00e9e du mus\u00e9e Van Gogh, vous aurez \u00e9galement l&#8217;occasion d&#8217;admirer diverses peintures d&#8217;artistes qui \u00e9taient contemporains du ma\u00eetre, tels que : Monet, Anton Mauve, Seurat, Signac, Millet, parmi de nombreux autres peintres.\u00a0<\/span><\/p>\n<p><span style=\"font-weight: 400;\">Tous ont fait partie de la vie de Van Gogh, et leurs \u0153uvres ont \u00e9t\u00e9 d&#8217;une grande importance pour comprendre les manifestations picturales de cette \u00e9poque.\u00a0<\/span><\/p>\n<p><span style=\"font-weight: 400;\">Cette visite priv\u00e9e du mus\u00e9e Van Gogh sera un moyen id\u00e9al d&#8217;observer toutes les \u0153uvres qui repr\u00e9sentent la vie de ce peintre si controvers\u00e9. Vous apprendrez \u00e0 conna\u00eetre ses d\u00e9buts dans le monde de la peinture et aussi les derniers mois de sa vie, qui ont \u00e9t\u00e9 tr\u00e8s tourment\u00e9s pour Van Gogh.\u00a0<\/span><\/p>\n<p><span style=\"font-weight: 400;\">\u00c0 la fin de la visite de 2 heures, nous retournerons au point de d\u00e9part.\u00a0<\/span><\/p>\n<p><span style=\"font-weight: 400;\">Si vous le souhaitez, vous pouvez compl\u00e9ter votre rencontre avec l&#8217;art par notre <\/span><a href=\"https:\/\/tourtravelandmore.com\/fr\/tours\/les-pays-bas-fr\/amsterdam-fr\/visite-privee-du-rijksmuseum\/\"><i><span style=\"font-weight: 400;\">visite priv\u00e9e du Rijksmuseum<\/span><\/i><\/a><span style=\"font-weight: 400;\">. Vous pourrez ainsi admirer les plus belles repr\u00e9sentations picturales de l&#8217;\u00e2ge d&#8217;or n\u00e9erlandais. <\/span><\/p>\n","protected":false},"excerpt":{"rendered":"<p><span style=\"font-weight: 400;\">Visitez le mus\u00e9e le plus important de Hollande, lors de notre visite priv\u00e9e du mus\u00e9e Van Gogh. Vous serez accompagn\u00e9 d&#8217;un guide priv\u00e9 expert en art pendant 2 heures pour admirer de pr\u00e8s les \u0153uvres les plus importantes de Vincent Van Gogh. Cette visite exclusive et personnalis\u00e9e vous fera d\u00e9couvrir ses c\u00e9l\u00e8bres tableaux : les tournesols, la chambre d&#8217;Arles, ses autoportraits, ainsi que de nombreuses autres \u0153uvres.<\/span><\/p>\n","protected":false},"featured_media":175031,"comment_status":"open","ping_status":"closed","template":"","meta":{"_acf_changed":false},"product_brand":[],"product_cat":[3633,4003,4011],"product_tag":[],"class_list":{"0":"post-100238","1":"product","2":"type-product","3":"status-publish","4":"has-post-thumbnail","6":"product_cat-amsterdam-fr","7":"product_cat-all-private-tours-activities-fr-2","8":"product_cat-private-walking-tours-fr-2","10":"first","11":"instock","12":"shipping-taxable","13":"purchasable","14":"product-type-simple"},"acf":[],"yoast_head":"<!-- This site is optimized with the Yoast SEO Premium plugin v25.3.1 (Yoast SEO v25.3.1) - https:\/\/yoast.com\/wordpress\/plugins\/seo\/ -->\n<title>Visite priv\u00e9e du mus\u00e9e Van Gogh avec guide priv\u00e9<\/title>\n<meta name=\"description\" content=\"D\u00e9couvrez la plus importante collection d&#039;\u0153uvres de Vincent Van Gogh avec une visite priv\u00e9e du mus\u00e9e Van Gogh \u00e0 Amsterdam.\" \/>\n<meta name=\"robots\" content=\"index, follow, max-snippet:-1, max-image-preview:large, max-video-preview:-1\" \/>\n<link rel=\"canonical\" href=\"https:\/\/tourtravelandmore.com\/fr\/tours\/les-pays-bas-fr\/amsterdam-fr\/visite-privee-du-musee-van-gogh\/\" \/>\n<meta property=\"og:locale\" content=\"fr_FR\" \/>\n<meta property=\"og:type\" content=\"article\" \/>\n<meta property=\"og:title\" content=\"Visite priv\u00e9e du mus\u00e9e Van Gogh\" \/>\n<meta property=\"og:description\" content=\"D\u00e9couvrez la plus importante collection d&#039;\u0153uvres de Vincent Van Gogh avec une visite priv\u00e9e du mus\u00e9e Van Gogh \u00e0 Amsterdam.\" \/>\n<meta property=\"og:url\" content=\"https:\/\/tourtravelandmore.com\/fr\/tours\/les-pays-bas-fr\/amsterdam-fr\/visite-privee-du-musee-van-gogh\/\" \/>\n<meta property=\"og:site_name\" content=\"Tour Travel And More\" \/>\n<meta property=\"article:publisher\" content=\"https:\/\/www.facebook.com\/tourtravelandmore\/\" \/>\n<meta property=\"article:modified_time\" content=\"2024-05-03T13:56:55+00:00\" \/>\n<meta property=\"og:image\" content=\"https:\/\/tourtravelandmore.com\/wp-content\/uploads\/2018\/10\/pexels-phong-thanh-3607237-11951240.jpg\" \/>\n\t<meta property=\"og:image:width\" content=\"1280\" \/>\n\t<meta property=\"og:image:height\" content=\"853\" \/>\n\t<meta property=\"og:image:type\" content=\"image\/jpeg\" \/>\n<meta name=\"twitter:card\" content=\"summary_large_image\" \/>\n<meta name=\"twitter:site\" content=\"@TourTravel_More\" \/>\n<meta name=\"twitter:label1\" content=\"Dur\u00e9e de lecture estim\u00e9e\" \/>\n\t<meta name=\"twitter:data1\" content=\"3 minutes\" \/>\n<script type=\"application\/ld+json\" class=\"yoast-schema-graph\">{\"@context\":\"https:\/\/schema.org\",\"@graph\":[{\"@type\":\"WebPage\",\"@id\":\"https:\/\/tourtravelandmore.com\/fr\/tours\/les-pays-bas-fr\/amsterdam-fr\/visite-privee-du-musee-van-gogh\/\",\"url\":\"https:\/\/tourtravelandmore.com\/fr\/tours\/les-pays-bas-fr\/amsterdam-fr\/visite-privee-du-musee-van-gogh\/\",\"name\":\"Visite priv\u00e9e du mus\u00e9e Van Gogh avec guide priv\u00e9\",\"isPartOf\":{\"@id\":\"https:\/\/tourtravelandmore.com\/fr\/#website\"},\"primaryImageOfPage\":{\"@id\":\"https:\/\/tourtravelandmore.com\/fr\/tours\/les-pays-bas-fr\/amsterdam-fr\/visite-privee-du-musee-van-gogh\/#primaryimage\"},\"image\":{\"@id\":\"https:\/\/tourtravelandmore.com\/fr\/tours\/les-pays-bas-fr\/amsterdam-fr\/visite-privee-du-musee-van-gogh\/#primaryimage\"},\"thumbnailUrl\":\"https:\/\/tourtravelandmore.com\/wp-content\/uploads\/2018\/10\/pexels-phong-thanh-3607237-11951240.jpg\",\"datePublished\":\"2018-10-19T10:16:19+00:00\",\"dateModified\":\"2024-05-03T13:56:55+00:00\",\"description\":\"D\u00e9couvrez la plus importante collection d'\u0153uvres de Vincent Van Gogh avec une visite priv\u00e9e du mus\u00e9e Van Gogh \u00e0 Amsterdam.\",\"breadcrumb\":{\"@id\":\"https:\/\/tourtravelandmore.com\/fr\/tours\/les-pays-bas-fr\/amsterdam-fr\/visite-privee-du-musee-van-gogh\/#breadcrumb\"},\"inLanguage\":\"fr-FR\",\"potentialAction\":[{\"@type\":\"ReadAction\",\"target\":[\"https:\/\/tourtravelandmore.com\/fr\/tours\/les-pays-bas-fr\/amsterdam-fr\/visite-privee-du-musee-van-gogh\/\"]}]},{\"@type\":\"ImageObject\",\"inLanguage\":\"fr-FR\",\"@id\":\"https:\/\/tourtravelandmore.com\/fr\/tours\/les-pays-bas-fr\/amsterdam-fr\/visite-privee-du-musee-van-gogh\/#primaryimage\",\"url\":\"https:\/\/tourtravelandmore.com\/wp-content\/uploads\/2018\/10\/pexels-phong-thanh-3607237-11951240.jpg\",\"contentUrl\":\"https:\/\/tourtravelandmore.com\/wp-content\/uploads\/2018\/10\/pexels-phong-thanh-3607237-11951240.jpg\",\"width\":1280,\"height\":853},{\"@type\":\"BreadcrumbList\",\"@id\":\"https:\/\/tourtravelandmore.com\/fr\/tours\/les-pays-bas-fr\/amsterdam-fr\/visite-privee-du-musee-van-gogh\/#breadcrumb\",\"itemListElement\":[{\"@type\":\"ListItem\",\"position\":1,\"name\":\"Home\",\"item\":\"https:\/\/tourtravelandmore.com\/fr\/\"},{\"@type\":\"ListItem\",\"position\":2,\"name\":\"Tours\",\"item\":\"https:\/\/tourtravelandmore.com\/fr\/tours\/\"},{\"@type\":\"ListItem\",\"position\":3,\"name\":\"Visite priv\u00e9e du mus\u00e9e Van Gogh\"}]},{\"@type\":\"WebSite\",\"@id\":\"https:\/\/tourtravelandmore.com\/fr\/#website\",\"url\":\"https:\/\/tourtravelandmore.com\/fr\/\",\"name\":\"Tour Travel And More\",\"description\":\"Private sightseeing tours and luxury transfers in Spain\",\"publisher\":{\"@id\":\"https:\/\/tourtravelandmore.com\/fr\/#organization\"},\"potentialAction\":[{\"@type\":\"SearchAction\",\"target\":{\"@type\":\"EntryPoint\",\"urlTemplate\":\"https:\/\/tourtravelandmore.com\/fr\/?s={search_term_string}\"},\"query-input\":{\"@type\":\"PropertyValueSpecification\",\"valueRequired\":true,\"valueName\":\"search_term_string\"}}],\"inLanguage\":\"fr-FR\"},{\"@type\":\"Organization\",\"@id\":\"https:\/\/tourtravelandmore.com\/fr\/#organization\",\"name\":\"Tour Travel And More\",\"url\":\"https:\/\/tourtravelandmore.com\/fr\/\",\"logo\":{\"@type\":\"ImageObject\",\"inLanguage\":\"fr-FR\",\"@id\":\"https:\/\/tourtravelandmore.com\/fr\/#\/schema\/logo\/image\/\",\"url\":\"https:\/\/tourtravelandmore.com\/wp-content\/uploads\/2022\/12\/cropped-logo-cabecera-new.png\",\"contentUrl\":\"https:\/\/tourtravelandmore.com\/wp-content\/uploads\/2022\/12\/cropped-logo-cabecera-new.png\",\"width\":430,\"height\":61,\"caption\":\"Tour Travel And More\"},\"image\":{\"@id\":\"https:\/\/tourtravelandmore.com\/fr\/#\/schema\/logo\/image\/\"},\"sameAs\":[\"https:\/\/www.facebook.com\/tourtravelandmore\/\",\"https:\/\/x.com\/TourTravel_More\"]}]}<\/script>\n<!-- \/ Yoast SEO Premium plugin. -->","yoast_head_json":{"title":"Visite priv\u00e9e du mus\u00e9e Van Gogh avec guide priv\u00e9","description":"D\u00e9couvrez la plus importante collection d'\u0153uvres de Vincent Van Gogh avec une visite priv\u00e9e du mus\u00e9e Van Gogh \u00e0 Amsterdam.","robots":{"index":"index","follow":"follow","max-snippet":"max-snippet:-1","max-image-preview":"max-image-preview:large","max-video-preview":"max-video-preview:-1"},"canonical":"https:\/\/tourtravelandmore.com\/fr\/tours\/les-pays-bas-fr\/amsterdam-fr\/visite-privee-du-musee-van-gogh\/","og_locale":"fr_FR","og_type":"article","og_title":"Visite priv\u00e9e du mus\u00e9e Van Gogh","og_description":"D\u00e9couvrez la plus importante collection d'\u0153uvres de Vincent Van Gogh avec une visite priv\u00e9e du mus\u00e9e Van Gogh \u00e0 Amsterdam.","og_url":"https:\/\/tourtravelandmore.com\/fr\/tours\/les-pays-bas-fr\/amsterdam-fr\/visite-privee-du-musee-van-gogh\/","og_site_name":"Tour Travel And More","article_publisher":"https:\/\/www.facebook.com\/tourtravelandmore\/","article_modified_time":"2024-05-03T13:56:55+00:00","og_image":[{"width":1280,"height":853,"url":"https:\/\/tourtravelandmore.com\/wp-content\/uploads\/2018\/10\/pexels-phong-thanh-3607237-11951240.jpg","type":"image\/jpeg"}],"twitter_card":"summary_large_image","twitter_site":"@TourTravel_More","twitter_misc":{"Dur\u00e9e de lecture estim\u00e9e":"3 minutes"},"schema":{"@context":"https:\/\/schema.org","@graph":[{"@type":"WebPage","@id":"https:\/\/tourtravelandmore.com\/fr\/tours\/les-pays-bas-fr\/amsterdam-fr\/visite-privee-du-musee-van-gogh\/","url":"https:\/\/tourtravelandmore.com\/fr\/tours\/les-pays-bas-fr\/amsterdam-fr\/visite-privee-du-musee-van-gogh\/","name":"Visite priv\u00e9e du mus\u00e9e Van Gogh avec guide priv\u00e9","isPartOf":{"@id":"https:\/\/tourtravelandmore.com\/fr\/#website"},"primaryImageOfPage":{"@id":"https:\/\/tourtravelandmore.com\/fr\/tours\/les-pays-bas-fr\/amsterdam-fr\/visite-privee-du-musee-van-gogh\/#primaryimage"},"image":{"@id":"https:\/\/tourtravelandmore.com\/fr\/tours\/les-pays-bas-fr\/amsterdam-fr\/visite-privee-du-musee-van-gogh\/#primaryimage"},"thumbnailUrl":"https:\/\/tourtravelandmore.com\/wp-content\/uploads\/2018\/10\/pexels-phong-thanh-3607237-11951240.jpg","datePublished":"2018-10-19T10:16:19+00:00","dateModified":"2024-05-03T13:56:55+00:00","description":"D\u00e9couvrez la plus importante collection d'\u0153uvres de Vincent Van Gogh avec une visite priv\u00e9e du mus\u00e9e Van Gogh \u00e0 Amsterdam.","breadcrumb":{"@id":"https:\/\/tourtravelandmore.com\/fr\/tours\/les-pays-bas-fr\/amsterdam-fr\/visite-privee-du-musee-van-gogh\/#breadcrumb"},"inLanguage":"fr-FR","potentialAction":[{"@type":"ReadAction","target":["https:\/\/tourtravelandmore.com\/fr\/tours\/les-pays-bas-fr\/amsterdam-fr\/visite-privee-du-musee-van-gogh\/"]}]},{"@type":"ImageObject","inLanguage":"fr-FR","@id":"https:\/\/tourtravelandmore.com\/fr\/tours\/les-pays-bas-fr\/amsterdam-fr\/visite-privee-du-musee-van-gogh\/#primaryimage","url":"https:\/\/tourtravelandmore.com\/wp-content\/uploads\/2018\/10\/pexels-phong-thanh-3607237-11951240.jpg","contentUrl":"https:\/\/tourtravelandmore.com\/wp-content\/uploads\/2018\/10\/pexels-phong-thanh-3607237-11951240.jpg","width":1280,"height":853},{"@type":"BreadcrumbList","@id":"https:\/\/tourtravelandmore.com\/fr\/tours\/les-pays-bas-fr\/amsterdam-fr\/visite-privee-du-musee-van-gogh\/#breadcrumb","itemListElement":[{"@type":"ListItem","position":1,"name":"Home","item":"https:\/\/tourtravelandmore.com\/fr\/"},{"@type":"ListItem","position":2,"name":"Tours","item":"https:\/\/tourtravelandmore.com\/fr\/tours\/"},{"@type":"ListItem","position":3,"name":"Visite priv\u00e9e du mus\u00e9e Van Gogh"}]},{"@type":"WebSite","@id":"https:\/\/tourtravelandmore.com\/fr\/#website","url":"https:\/\/tourtravelandmore.com\/fr\/","name":"Tour Travel And More","description":"Private sightseeing tours and luxury transfers in Spain","publisher":{"@id":"https:\/\/tourtravelandmore.com\/fr\/#organization"},"potentialAction":[{"@type":"SearchAction","target":{"@type":"EntryPoint","urlTemplate":"https:\/\/tourtravelandmore.com\/fr\/?s={search_term_string}"},"query-input":{"@type":"PropertyValueSpecification","valueRequired":true,"valueName":"search_term_string"}}],"inLanguage":"fr-FR"},{"@type":"Organization","@id":"https:\/\/tourtravelandmore.com\/fr\/#organization","name":"Tour Travel And More","url":"https:\/\/tourtravelandmore.com\/fr\/","logo":{"@type":"ImageObject","inLanguage":"fr-FR","@id":"https:\/\/tourtravelandmore.com\/fr\/#\/schema\/logo\/image\/","url":"https:\/\/tourtravelandmore.com\/wp-content\/uploads\/2022\/12\/cropped-logo-cabecera-new.png","contentUrl":"https:\/\/tourtravelandmore.com\/wp-content\/uploads\/2022\/12\/cropped-logo-cabecera-new.png","width":430,"height":61,"caption":"Tour Travel And More"},"image":{"@id":"https:\/\/tourtravelandmore.com\/fr\/#\/schema\/logo\/image\/"},"sameAs":["https:\/\/www.facebook.com\/tourtravelandmore\/","https:\/\/x.com\/TourTravel_More"]}]}},"_links":{"self":[{"href":"https:\/\/tourtravelandmore.com\/fr\/wp-json\/wp\/v2\/product\/100238","targetHints":{"allow":["GET"]}}],"collection":[{"href":"https:\/\/tourtravelandmore.com\/fr\/wp-json\/wp\/v2\/product"}],"about":[{"href":"https:\/\/tourtravelandmore.com\/fr\/wp-json\/wp\/v2\/types\/product"}],"replies":[{"embeddable":true,"href":"https:\/\/tourtravelandmore.com\/fr\/wp-json\/wp\/v2\/comments?post=100238"}],"wp:featuredmedia":[{"embeddable":true,"href":"https:\/\/tourtravelandmore.com\/fr\/wp-json\/wp\/v2\/media\/175031"}],"wp:attachment":[{"href":"https:\/\/tourtravelandmore.com\/fr\/wp-json\/wp\/v2\/media?parent=100238"}],"wp:term":[{"taxonomy":"product_brand","embeddable":true,"href":"https:\/\/tourtravelandmore.com\/fr\/wp-json\/wp\/v2\/product_brand?post=100238"},{"taxonomy":"product_cat","embeddable":true,"href":"https:\/\/tourtravelandmore.com\/fr\/wp-json\/wp\/v2\/product_cat?post=100238"},{"taxonomy":"product_tag","embeddable":true,"href":"https:\/\/tourtravelandmore.com\/fr\/wp-json\/wp\/v2\/product_tag?post=100238"}],"curies":[{"name":"wp","href":"https:\/\/api.w.org\/{rel}","templated":true}]}}