{"id":100233,"date":"2018-10-19T11:44:33","date_gmt":"2018-10-19T09:44:33","guid":{"rendered":"https:\/\/tourtravelandmore.com\/tours\/non%20class\u00e9\/guide-prive-du-rijksmuseum\/"},"modified":"2021-12-06T18:09:08","modified_gmt":"2021-12-06T17:09:08","slug":"visite-privee-du-rijksmuseum","status":"publish","type":"product","link":"https:\/\/tourtravelandmore.com\/fr\/tours\/les-pays-bas-fr\/amsterdam-fr\/visite-privee-du-rijksmuseum\/","title":{"rendered":"Visite priv\u00e9e du Rijksmuseum"},"content":{"rendered":"<h2><b>Description de la Visite du Rijksmuseum<\/b><\/h2>\n<p><span style=\"font-weight: 400;\">Apprenez tout sur l&#8217;art et l&#8217;histoire des Pays-Bas lors de cette visite guid\u00e9e personnalis\u00e9e du plus grand mus\u00e9e d&#8217;Amsterdam.\u00a0<\/span><\/p>\n<p><span style=\"font-weight: 400;\">Au cours de cette visite, <\/span><b>un guide artistique expert vous accompagnera pendant <\/b><span style=\"font-weight: 400;\">deux heures dans les salles et les expositions du plus important mus\u00e9e d&#8217;Amsterdam.\u00a0<\/span><\/p>\n<p><span style=\"font-weight: 400;\">Pour profiter au maximum de votre temps, nous visiterons la salle renomm\u00e9e des grands classiques et des ic\u00f4nes de l&#8217;art mondial. Vous verrez ainsi <\/span><b>les \u0153uvres d&#8217;art les plus embl\u00e9matiques de l&#8217;\u00e2ge d&#8217;or n\u00e9erlandais.\u00a0<\/b><\/p>\n<p><span style=\"font-weight: 400;\">Le guide vous donnera un examen complet de chacune des peintures, afin que vous puissiez analyser la valeur qui a identifi\u00e9 tous ces artistes.\u00a0<\/span><\/p>\n<p><span style=\"font-weight: 400;\">Les \u0153uvres de grands ma\u00eetres tels que Rembrandt, Jacob Ruysdael, Jan Steen, Frans Hals, Willem Claeszoon, parmi de nombreux autres repr\u00e9sentants du r\u00e9alisme et de divers courants artistiques, sont r\u00e9unies dans ce mus\u00e9e pour vous ravir avec leurs impressionnantes peintures.\u00a0<\/span><\/p>\n<p><span style=\"font-weight: 400;\">En effet, ce majestueux mus\u00e9e propose 80 salles d&#8217;exposition, o\u00f9 sont expos\u00e9s plus de 800 ans d&#8217;histoire n\u00e9erlandaise. Et vous pouvez tout apprendre \u00e0 ce sujet lors de cette visite priv\u00e9e de 2 heures du Rijksmuseum.\u00a0<\/span><\/p>\n<h2><strong>Points d&#8217;int\u00e9r\u00eat de la Visite Priv\u00e9e<\/strong><\/h2>\n<p><span style=\"font-weight: 400;\">Visiter Amsterdam vous donne l&#8217;occasion de voir l&#8217;un des plus grands mus\u00e9es d&#8217;Europe.\u00a0<\/span><\/p>\n<p><span style=\"font-weight: 400;\">Plongez dans un voyage \u00e0 travers le temps et visitez les pi\u00e8ces les plus marquantes et les plus repr\u00e9sentatives de l&#8217;\u00e2ge d&#8217;or n\u00e9erlandais.\u00a0<\/span><\/p>\n<p><span style=\"font-weight: 400;\">Pendant ces deux heures, vous pourrez admirer de pr\u00e8s l&#8217;un des <\/span><b>autoportraits du c\u00e9l\u00e8bre Vincent Van Gogh<\/b><span style=\"font-weight: 400;\">.\u00a0<\/span><\/p>\n<p><span style=\"font-weight: 400;\">Ce mus\u00e9e abrite \u00e9galement le tableau &#8220;Le moulin \u00e0 vent&#8221; de Wijk bij Duurstede, qui est l&#8217;\u0153uvre la plus connue de ce grand peintre paysagiste.\u00a0<\/span><\/p>\n<p><span style=\"font-weight: 400;\">Vous pourrez \u00e9galement voir la salle o\u00f9 se trouvent <\/span><b>les \u0153uvres d&#8217;art de Rembrandt<\/b><span style=\"font-weight: 400;\">. Parmi les principales peintures de l&#8217;auteur que vous verrez, on trouve :\u00a0<\/span><\/p>\n<ul>\n<li style=\"font-weight: 400;\" aria-level=\"1\"><strong>Autoportrait en jeune homme.<\/strong><\/li>\n<li style=\"font-weight: 400;\" aria-level=\"1\"><strong>Portrait de Johannes Wtenbogaert.<\/strong><\/li>\n<li style=\"font-weight: 400;\" aria-level=\"1\"><strong>J\u00e9r\u00e9mie se lamentant sur la destruction de J\u00e9rusalem.<\/strong><\/li>\n<li style=\"font-weight: 400;\" aria-level=\"1\"><strong>La mari\u00e9e juive.\u00a0<\/strong><\/li>\n<li style=\"font-weight: 400;\" aria-level=\"1\"><strong>Maerten Soolmans<\/strong><\/li>\n<li style=\"font-weight: 400;\" aria-level=\"1\"><strong>Et bien d&#8217;autres peintures.\u00a0<\/strong><\/li>\n<\/ul>\n<p><span style=\"font-weight: 400;\">En outre, vous pourrez admirer des \u0153uvres de grands ma\u00eetres tels que Frans Hals et Johannes Vermeer, entre autres :\u00a0<\/span><\/p>\n<ul>\n<li style=\"font-weight: 400;\" aria-level=\"1\"><span style=\"font-weight: 400;\">Le buveur joyeux.<\/span><\/li>\n<li style=\"font-weight: 400;\" aria-level=\"1\"><span style=\"font-weight: 400;\">La maigre compagnie.<\/span><\/li>\n<li style=\"font-weight: 400;\" aria-level=\"1\"><span style=\"font-weight: 400;\">Et diverses \u0153uvres intemporelles.\u00a0<\/span><\/li>\n<\/ul>\n<p><span style=\"font-weight: 400;\">Tout au long de la visite, vous serez accompagn\u00e9 d&#8217;un guide expert qui vous aidera \u00e0 mieux comprendre l&#8217;essence des diff\u00e9rentes techniques utilis\u00e9es par les artistes et l&#8217;influence qu&#8217;ils ont eue sur l&#8217;art mondial.\u00a0<\/span><\/p>\n<p><span style=\"font-weight: 400;\">Mais il n&#8217;y a pas que des tableaux au Rijksmuseum, car l&#8217;exposition est compl\u00e9t\u00e9e par quelque 8 000 objets, dont des vestiges arch\u00e9ologiques, des \u00e9chantillons de poterie et d&#8217;autres \u00e9l\u00e9ments repr\u00e9sentant la culture et la tradition des Pays-Bas.\u00a0<\/span><\/p>\n<p><span style=\"font-weight: 400;\">En outre, l&#8217;architecture du b\u00e2timent lui-m\u00eame est une \u0153uvre d&#8217;art, de sorte que chaque minute de la promenade sera un plaisir visuel.\u00a0\u00a0<\/span><\/p>\n<p><span style=\"font-weight: 400;\">La visite est pr\u00e9vue pour que vous puissiez conna\u00eetre les \u0153uvres et tous les tr\u00e9sors que rec\u00e8le ce merveilleux temple de l&#8217;art.\u00a0<\/span><\/p>\n<p><span style=\"font-weight: 400;\">Pour compl\u00e9ter votre journ\u00e9e d&#8217;art et de beaut\u00e9, il est pr\u00e9f\u00e9rable de louer notre <\/span><i><span style=\"font-weight: 400;\">visite priv\u00e9e du mus\u00e9e Van Gogh pour <\/span><\/i><span style=\"font-weight: 400;\">vous laisser emporter par la majest\u00e9 de ce mus\u00e9e \u00e9nigmatique. \u00a0 <\/span><\/p>\n","protected":false},"excerpt":{"rendered":"<p><span style=\"font-weight: 400;\">D\u00e9couvrez la plus importante collection d&#8217;art du Si\u00e8cle d&#8217;or n\u00e9erlandais lors de notre visite priv\u00e9e du <strong>Rijksmuseum<\/strong>. Il s&#8217;agit d&#8217;une visite guid\u00e9e priv\u00e9e de deux heures dans l&#8217;un des mus\u00e9es les plus embl\u00e9matiques d&#8217;Europe. Vous pourrez admirer de pr\u00e8s certaines des \u0153uvres de grands artistes tels que Frans Hals, Rembrandt, Jan Steen, parmi beaucoup d&#8217;autres. Vous d\u00e9couvrirez \u00e9galement l&#8217;histoire qui se cache derri\u00e8re chacune des plus belles peintures du mus\u00e9e.<\/span><\/p>\n","protected":false},"featured_media":95375,"comment_status":"open","ping_status":"closed","template":"","meta":{"_acf_changed":false},"product_brand":[],"product_cat":[3633,4003,4011],"product_tag":[],"class_list":{"0":"post-100233","1":"product","2":"type-product","3":"status-publish","4":"has-post-thumbnail","6":"product_cat-amsterdam-fr","7":"product_cat-all-private-tours-activities-fr-2","8":"product_cat-private-walking-tours-fr-2","10":"first","11":"instock","12":"shipping-taxable","13":"purchasable","14":"product-type-simple"},"acf":[],"yoast_head":"<!-- This site is optimized with the Yoast SEO Premium plugin v25.3.1 (Yoast SEO v25.3.1) - https:\/\/yoast.com\/wordpress\/plugins\/seo\/ -->\n<title>Visite priv\u00e9e du Rijksmuseum avec guide priv\u00e9<\/title>\n<meta name=\"description\" content=\"R\u00e9servez 2 heures pour une visite priv\u00e9e du Rijksmuseum \u00e0 Amsterdam, accompagn\u00e9e d&#039;un guide priv\u00e9 expert en art.\" \/>\n<meta name=\"robots\" content=\"index, follow, max-snippet:-1, max-image-preview:large, max-video-preview:-1\" \/>\n<link rel=\"canonical\" href=\"https:\/\/tourtravelandmore.com\/fr\/tours\/les-pays-bas-fr\/amsterdam-fr\/visite-privee-du-rijksmuseum\/\" \/>\n<meta property=\"og:locale\" content=\"fr_FR\" \/>\n<meta property=\"og:type\" content=\"article\" \/>\n<meta property=\"og:title\" content=\"Visite priv\u00e9e du Rijksmuseum\" \/>\n<meta property=\"og:description\" content=\"R\u00e9servez 2 heures pour une visite priv\u00e9e du Rijksmuseum \u00e0 Amsterdam, accompagn\u00e9e d&#039;un guide priv\u00e9 expert en art.\" \/>\n<meta property=\"og:url\" content=\"https:\/\/tourtravelandmore.com\/fr\/tours\/les-pays-bas-fr\/amsterdam-fr\/visite-privee-du-rijksmuseum\/\" \/>\n<meta property=\"og:site_name\" content=\"Tour Travel And More\" \/>\n<meta property=\"article:publisher\" content=\"https:\/\/www.facebook.com\/tourtravelandmore\/\" \/>\n<meta property=\"article:modified_time\" content=\"2021-12-06T17:09:08+00:00\" \/>\n<meta property=\"og:image\" content=\"https:\/\/tourtravelandmore.com\/wp-content\/uploads\/2018\/10\/Amsterdam_-_Rijksmuseum_-_panoramio_-_Nikolai_Karaneschev-1024x683.jpg\" \/>\n\t<meta property=\"og:image:width\" content=\"1024\" \/>\n\t<meta property=\"og:image:height\" content=\"683\" \/>\n\t<meta property=\"og:image:type\" content=\"image\/jpeg\" \/>\n<meta name=\"twitter:card\" content=\"summary_large_image\" \/>\n<meta name=\"twitter:site\" content=\"@TourTravel_More\" \/>\n<meta name=\"twitter:label1\" content=\"Dur\u00e9e de lecture estim\u00e9e\" \/>\n\t<meta name=\"twitter:data1\" content=\"3 minutes\" \/>\n<script type=\"application\/ld+json\" class=\"yoast-schema-graph\">{\"@context\":\"https:\/\/schema.org\",\"@graph\":[{\"@type\":\"WebPage\",\"@id\":\"https:\/\/tourtravelandmore.com\/fr\/tours\/les-pays-bas-fr\/amsterdam-fr\/visite-privee-du-rijksmuseum\/\",\"url\":\"https:\/\/tourtravelandmore.com\/fr\/tours\/les-pays-bas-fr\/amsterdam-fr\/visite-privee-du-rijksmuseum\/\",\"name\":\"Visite priv\u00e9e du Rijksmuseum avec guide priv\u00e9\",\"isPartOf\":{\"@id\":\"https:\/\/tourtravelandmore.com\/fr\/#website\"},\"primaryImageOfPage\":{\"@id\":\"https:\/\/tourtravelandmore.com\/fr\/tours\/les-pays-bas-fr\/amsterdam-fr\/visite-privee-du-rijksmuseum\/#primaryimage\"},\"image\":{\"@id\":\"https:\/\/tourtravelandmore.com\/fr\/tours\/les-pays-bas-fr\/amsterdam-fr\/visite-privee-du-rijksmuseum\/#primaryimage\"},\"thumbnailUrl\":\"https:\/\/tourtravelandmore.com\/wp-content\/uploads\/2018\/10\/Amsterdam_-_Rijksmuseum_-_panoramio_-_Nikolai_Karaneschev.jpg\",\"datePublished\":\"2018-10-19T09:44:33+00:00\",\"dateModified\":\"2021-12-06T17:09:08+00:00\",\"description\":\"R\u00e9servez 2 heures pour une visite priv\u00e9e du Rijksmuseum \u00e0 Amsterdam, accompagn\u00e9e d'un guide priv\u00e9 expert en art.\",\"breadcrumb\":{\"@id\":\"https:\/\/tourtravelandmore.com\/fr\/tours\/les-pays-bas-fr\/amsterdam-fr\/visite-privee-du-rijksmuseum\/#breadcrumb\"},\"inLanguage\":\"fr-FR\",\"potentialAction\":[{\"@type\":\"ReadAction\",\"target\":[\"https:\/\/tourtravelandmore.com\/fr\/tours\/les-pays-bas-fr\/amsterdam-fr\/visite-privee-du-rijksmuseum\/\"]}]},{\"@type\":\"ImageObject\",\"inLanguage\":\"fr-FR\",\"@id\":\"https:\/\/tourtravelandmore.com\/fr\/tours\/les-pays-bas-fr\/amsterdam-fr\/visite-privee-du-rijksmuseum\/#primaryimage\",\"url\":\"https:\/\/tourtravelandmore.com\/wp-content\/uploads\/2018\/10\/Amsterdam_-_Rijksmuseum_-_panoramio_-_Nikolai_Karaneschev.jpg\",\"contentUrl\":\"https:\/\/tourtravelandmore.com\/wp-content\/uploads\/2018\/10\/Amsterdam_-_Rijksmuseum_-_panoramio_-_Nikolai_Karaneschev.jpg\",\"width\":2480,\"height\":1653},{\"@type\":\"BreadcrumbList\",\"@id\":\"https:\/\/tourtravelandmore.com\/fr\/tours\/les-pays-bas-fr\/amsterdam-fr\/visite-privee-du-rijksmuseum\/#breadcrumb\",\"itemListElement\":[{\"@type\":\"ListItem\",\"position\":1,\"name\":\"Home\",\"item\":\"https:\/\/tourtravelandmore.com\/fr\/\"},{\"@type\":\"ListItem\",\"position\":2,\"name\":\"Tours\",\"item\":\"https:\/\/tourtravelandmore.com\/fr\/tours\/\"},{\"@type\":\"ListItem\",\"position\":3,\"name\":\"Visite priv\u00e9e du Rijksmuseum\"}]},{\"@type\":\"WebSite\",\"@id\":\"https:\/\/tourtravelandmore.com\/fr\/#website\",\"url\":\"https:\/\/tourtravelandmore.com\/fr\/\",\"name\":\"Tour Travel And More\",\"description\":\"Private sightseeing tours and luxury transfers in Spain\",\"publisher\":{\"@id\":\"https:\/\/tourtravelandmore.com\/fr\/#organization\"},\"potentialAction\":[{\"@type\":\"SearchAction\",\"target\":{\"@type\":\"EntryPoint\",\"urlTemplate\":\"https:\/\/tourtravelandmore.com\/fr\/?s={search_term_string}\"},\"query-input\":{\"@type\":\"PropertyValueSpecification\",\"valueRequired\":true,\"valueName\":\"search_term_string\"}}],\"inLanguage\":\"fr-FR\"},{\"@type\":\"Organization\",\"@id\":\"https:\/\/tourtravelandmore.com\/fr\/#organization\",\"name\":\"Tour Travel And More\",\"url\":\"https:\/\/tourtravelandmore.com\/fr\/\",\"logo\":{\"@type\":\"ImageObject\",\"inLanguage\":\"fr-FR\",\"@id\":\"https:\/\/tourtravelandmore.com\/fr\/#\/schema\/logo\/image\/\",\"url\":\"https:\/\/tourtravelandmore.com\/wp-content\/uploads\/2022\/12\/cropped-logo-cabecera-new.png\",\"contentUrl\":\"https:\/\/tourtravelandmore.com\/wp-content\/uploads\/2022\/12\/cropped-logo-cabecera-new.png\",\"width\":430,\"height\":61,\"caption\":\"Tour Travel And More\"},\"image\":{\"@id\":\"https:\/\/tourtravelandmore.com\/fr\/#\/schema\/logo\/image\/\"},\"sameAs\":[\"https:\/\/www.facebook.com\/tourtravelandmore\/\",\"https:\/\/x.com\/TourTravel_More\"]}]}<\/script>\n<!-- \/ Yoast SEO Premium plugin. -->","yoast_head_json":{"title":"Visite priv\u00e9e du Rijksmuseum avec guide priv\u00e9","description":"R\u00e9servez 2 heures pour une visite priv\u00e9e du Rijksmuseum \u00e0 Amsterdam, accompagn\u00e9e d'un guide priv\u00e9 expert en art.","robots":{"index":"index","follow":"follow","max-snippet":"max-snippet:-1","max-image-preview":"max-image-preview:large","max-video-preview":"max-video-preview:-1"},"canonical":"https:\/\/tourtravelandmore.com\/fr\/tours\/les-pays-bas-fr\/amsterdam-fr\/visite-privee-du-rijksmuseum\/","og_locale":"fr_FR","og_type":"article","og_title":"Visite priv\u00e9e du Rijksmuseum","og_description":"R\u00e9servez 2 heures pour une visite priv\u00e9e du Rijksmuseum \u00e0 Amsterdam, accompagn\u00e9e d'un guide priv\u00e9 expert en art.","og_url":"https:\/\/tourtravelandmore.com\/fr\/tours\/les-pays-bas-fr\/amsterdam-fr\/visite-privee-du-rijksmuseum\/","og_site_name":"Tour Travel And More","article_publisher":"https:\/\/www.facebook.com\/tourtravelandmore\/","article_modified_time":"2021-12-06T17:09:08+00:00","og_image":[{"width":1024,"height":683,"url":"https:\/\/tourtravelandmore.com\/wp-content\/uploads\/2018\/10\/Amsterdam_-_Rijksmuseum_-_panoramio_-_Nikolai_Karaneschev-1024x683.jpg","type":"image\/jpeg"}],"twitter_card":"summary_large_image","twitter_site":"@TourTravel_More","twitter_misc":{"Dur\u00e9e de lecture estim\u00e9e":"3 minutes"},"schema":{"@context":"https:\/\/schema.org","@graph":[{"@type":"WebPage","@id":"https:\/\/tourtravelandmore.com\/fr\/tours\/les-pays-bas-fr\/amsterdam-fr\/visite-privee-du-rijksmuseum\/","url":"https:\/\/tourtravelandmore.com\/fr\/tours\/les-pays-bas-fr\/amsterdam-fr\/visite-privee-du-rijksmuseum\/","name":"Visite priv\u00e9e du Rijksmuseum avec guide priv\u00e9","isPartOf":{"@id":"https:\/\/tourtravelandmore.com\/fr\/#website"},"primaryImageOfPage":{"@id":"https:\/\/tourtravelandmore.com\/fr\/tours\/les-pays-bas-fr\/amsterdam-fr\/visite-privee-du-rijksmuseum\/#primaryimage"},"image":{"@id":"https:\/\/tourtravelandmore.com\/fr\/tours\/les-pays-bas-fr\/amsterdam-fr\/visite-privee-du-rijksmuseum\/#primaryimage"},"thumbnailUrl":"https:\/\/tourtravelandmore.com\/wp-content\/uploads\/2018\/10\/Amsterdam_-_Rijksmuseum_-_panoramio_-_Nikolai_Karaneschev.jpg","datePublished":"2018-10-19T09:44:33+00:00","dateModified":"2021-12-06T17:09:08+00:00","description":"R\u00e9servez 2 heures pour une visite priv\u00e9e du Rijksmuseum \u00e0 Amsterdam, accompagn\u00e9e d'un guide priv\u00e9 expert en art.","breadcrumb":{"@id":"https:\/\/tourtravelandmore.com\/fr\/tours\/les-pays-bas-fr\/amsterdam-fr\/visite-privee-du-rijksmuseum\/#breadcrumb"},"inLanguage":"fr-FR","potentialAction":[{"@type":"ReadAction","target":["https:\/\/tourtravelandmore.com\/fr\/tours\/les-pays-bas-fr\/amsterdam-fr\/visite-privee-du-rijksmuseum\/"]}]},{"@type":"ImageObject","inLanguage":"fr-FR","@id":"https:\/\/tourtravelandmore.com\/fr\/tours\/les-pays-bas-fr\/amsterdam-fr\/visite-privee-du-rijksmuseum\/#primaryimage","url":"https:\/\/tourtravelandmore.com\/wp-content\/uploads\/2018\/10\/Amsterdam_-_Rijksmuseum_-_panoramio_-_Nikolai_Karaneschev.jpg","contentUrl":"https:\/\/tourtravelandmore.com\/wp-content\/uploads\/2018\/10\/Amsterdam_-_Rijksmuseum_-_panoramio_-_Nikolai_Karaneschev.jpg","width":2480,"height":1653},{"@type":"BreadcrumbList","@id":"https:\/\/tourtravelandmore.com\/fr\/tours\/les-pays-bas-fr\/amsterdam-fr\/visite-privee-du-rijksmuseum\/#breadcrumb","itemListElement":[{"@type":"ListItem","position":1,"name":"Home","item":"https:\/\/tourtravelandmore.com\/fr\/"},{"@type":"ListItem","position":2,"name":"Tours","item":"https:\/\/tourtravelandmore.com\/fr\/tours\/"},{"@type":"ListItem","position":3,"name":"Visite priv\u00e9e du Rijksmuseum"}]},{"@type":"WebSite","@id":"https:\/\/tourtravelandmore.com\/fr\/#website","url":"https:\/\/tourtravelandmore.com\/fr\/","name":"Tour Travel And More","description":"Private sightseeing tours and luxury transfers in Spain","publisher":{"@id":"https:\/\/tourtravelandmore.com\/fr\/#organization"},"potentialAction":[{"@type":"SearchAction","target":{"@type":"EntryPoint","urlTemplate":"https:\/\/tourtravelandmore.com\/fr\/?s={search_term_string}"},"query-input":{"@type":"PropertyValueSpecification","valueRequired":true,"valueName":"search_term_string"}}],"inLanguage":"fr-FR"},{"@type":"Organization","@id":"https:\/\/tourtravelandmore.com\/fr\/#organization","name":"Tour Travel And More","url":"https:\/\/tourtravelandmore.com\/fr\/","logo":{"@type":"ImageObject","inLanguage":"fr-FR","@id":"https:\/\/tourtravelandmore.com\/fr\/#\/schema\/logo\/image\/","url":"https:\/\/tourtravelandmore.com\/wp-content\/uploads\/2022\/12\/cropped-logo-cabecera-new.png","contentUrl":"https:\/\/tourtravelandmore.com\/wp-content\/uploads\/2022\/12\/cropped-logo-cabecera-new.png","width":430,"height":61,"caption":"Tour Travel And More"},"image":{"@id":"https:\/\/tourtravelandmore.com\/fr\/#\/schema\/logo\/image\/"},"sameAs":["https:\/\/www.facebook.com\/tourtravelandmore\/","https:\/\/x.com\/TourTravel_More"]}]}},"_links":{"self":[{"href":"https:\/\/tourtravelandmore.com\/fr\/wp-json\/wp\/v2\/product\/100233","targetHints":{"allow":["GET"]}}],"collection":[{"href":"https:\/\/tourtravelandmore.com\/fr\/wp-json\/wp\/v2\/product"}],"about":[{"href":"https:\/\/tourtravelandmore.com\/fr\/wp-json\/wp\/v2\/types\/product"}],"replies":[{"embeddable":true,"href":"https:\/\/tourtravelandmore.com\/fr\/wp-json\/wp\/v2\/comments?post=100233"}],"wp:featuredmedia":[{"embeddable":true,"href":"https:\/\/tourtravelandmore.com\/fr\/wp-json\/wp\/v2\/media\/95375"}],"wp:attachment":[{"href":"https:\/\/tourtravelandmore.com\/fr\/wp-json\/wp\/v2\/media?parent=100233"}],"wp:term":[{"taxonomy":"product_brand","embeddable":true,"href":"https:\/\/tourtravelandmore.com\/fr\/wp-json\/wp\/v2\/product_brand?post=100233"},{"taxonomy":"product_cat","embeddable":true,"href":"https:\/\/tourtravelandmore.com\/fr\/wp-json\/wp\/v2\/product_cat?post=100233"},{"taxonomy":"product_tag","embeddable":true,"href":"https:\/\/tourtravelandmore.com\/fr\/wp-json\/wp\/v2\/product_tag?post=100233"}],"curies":[{"name":"wp","href":"https:\/\/api.w.org\/{rel}","templated":true}]}}