{"id":100228,"date":"2018-10-19T11:04:12","date_gmt":"2018-10-19T09:04:12","guid":{"rendered":"https:\/\/tourtravelandmore.com\/tours\/non%20class\u00e9\/guide-prive-pour-la-visite-a-pied-danne-frank\/"},"modified":"2021-12-07T17:15:58","modified_gmt":"2021-12-07T16:15:58","slug":"visite-guidee-du-quartier-juif-par-anna-frank","status":"publish","type":"product","link":"https:\/\/tourtravelandmore.com\/fr\/tours\/les-pays-bas-fr\/amsterdam-fr\/visite-guidee-du-quartier-juif-par-anna-frank\/","title":{"rendered":"Visite guid\u00e9e du quartier juif par Anna Frank"},"content":{"rendered":"<h2><strong>Description de la Visite Guid\u00e9e Anna Frank<\/strong><\/h2>\n<p><span style=\"font-weight: 400;\">Le journal d&#8217;Anna Frank est l&#8217;un des r\u00e9cits les plus poignants et illustre le mieux l&#8217;angoisse et les horreurs v\u00e9cues par le peuple juif pendant l&#8217;occupation nazie d&#8217;Amsterdam.\u00a0<\/span><\/p>\n<p><span style=\"font-weight: 400;\">Au cours de cette <\/span><b>visite \u00e0 pied du quartier juif, nous d\u00e9couvrirons de <\/b><span style=\"font-weight: 400;\">nombreux d\u00e9tails sur l&#8217;holocauste nazi, ainsi que les \u00e9v\u00e9nements li\u00e9s \u00e0 la r\u00e9sistance juive et \u00e0 la d\u00e9portation vers les camps de concentration.\u00a0<\/span><\/p>\n<p><span style=\"font-weight: 400;\">Toute l&#8217;<\/span><b>histoire sera racont\u00e9e par le guide expert<\/b><span style=\"font-weight: 400;\">, qui s&#8217;appuiera sur les r\u00e9cits laiss\u00e9s par Anna Frank dans ses notes \u00e9crites entre 1942 et 1944.\u00a0<\/span><\/p>\n<p><span style=\"font-weight: 400;\">Au cours de cette visite de 2 heures, vous serez accompagn\u00e9 d&#8217;un guide priv\u00e9 pour conna\u00eetre et visiter les points les plus embl\u00e9matiques du quartier juif. Vous d\u00e9couvrirez ainsi l&#8217;histoire qui entoure chaque point que vous visiterez.\u00a0\u00a0<\/span><\/p>\n<p><span style=\"font-weight: 400;\">Nous partirons du Mus\u00e9e historique juif, puis nous nous prom\u00e8nerons dans le quartier qui a h\u00e9berg\u00e9 de nombreux Juifs pendant l&#8217;occupation nazie.\u00a0<\/span><\/p>\n<p><span style=\"font-weight: 400;\">Au cours de cette promenade, vous verrez les monuments qui restent les t\u00e9moins des p\u00e9riodes les plus sombres d&#8217;Amsterdam.\u00a0<\/span><\/p>\n<p><span style=\"font-weight: 400;\">Vous passerez par la synagogue portugaise, le m\u00e9morial d&#8217;Auschwitz, le si\u00e8ge du Conseil juif, entre autres b\u00e2timents historiques, pour atteindre la maison d&#8217;Anna Frank, o\u00f9 se trouve l&#8217;annexe qui lui a servi de refuge, \u00e0 elle et \u00e0 sa famille, jusqu&#8217;\u00e0 ce qu&#8217;elles soient d\u00e9couvertes par les forces allemandes.\u00a0<\/span><\/p>\n<h2><strong>Points d&#8217;Int\u00e9r\u00eat de cette Visite Priv\u00e9e \u00e0 Pied<\/strong><\/h2>\n<p><span style=\"font-weight: 400;\">Pendant la <\/span><b>visite \u00e0 pied de <\/b><span style=\"font-weight: 400;\">deux heures <\/span><b>du quartier juif<\/b><span style=\"font-weight: 400;\">, vous serez accompagn\u00e9 d&#8217;un guide priv\u00e9, qui recr\u00e9era l&#8217;histoire racont\u00e9e par la courageuse Anna Frank dans les pages de son journal. En outre, vous d\u00e9couvrirez les embl\u00e8mes de l&#8217;occupation nazie et de l&#8217;Holocauste juif.\u00a0<\/span><\/p>\n<p><span style=\"font-weight: 400;\">Parmi les sites d&#8217;int\u00e9r\u00eat les plus importants que vous verrez figurent les suivants :\u00a0<\/span><\/p>\n<h3><span style=\"font-weight: 400; color: #d3af37;\">Mus\u00e9e historique juif\u00a0<\/span><\/h3>\n<p><span style=\"font-weight: 400;\">C&#8217;est \u00e0 cet endroit, situ\u00e9 au c\u0153ur du quartier juif, que commence la visite guid\u00e9e. De l\u00e0, nous visiterons certains des sites mentionn\u00e9s dans le journal d&#8217;Anna Frank, pour apprendre tout ce que les Juifs ont v\u00e9cu pendant l&#8217;Holocauste.\u00a0<\/span><\/p>\n<h3><span style=\"font-weight: 400; color: #d3af37;\">Synagogue portugaise<\/span><\/h3>\n<p><span style=\"font-weight: 400;\">La communaut\u00e9 s\u00e9pharade a construit cette imposante synagogue au cours de l&#8217;\u00e2ge d&#8217;or n\u00e9erlandais, qui a \u00e9t\u00e9 presque enti\u00e8rement d\u00e9truite pendant la Seconde Guerre mondiale.\u00a0<\/span><\/p>\n<p><span style=\"font-weight: 400;\">Cependant, entre 1953 et 1957, il a \u00e9t\u00e9 reconstruit \u00e0 nouveau, et il est aujourd&#8217;hui l&#8217;un des monuments les plus repr\u00e9sentatifs de l&#8217;influence des Juifs sur Amsterdam.\u00a0<\/span><\/p>\n<h3><span style=\"font-weight: 400; color: #d3af37;\">M\u00e9morial d&#8217;Auschwitz\u00a0<\/span><\/h3>\n<p><span style=\"font-weight: 400;\">Nous passerons devant le m\u00e9morial d&#8217;Auschwitz, qui a \u00e9t\u00e9 \u00e9rig\u00e9 en hommage \u00e0 toutes les victimes n\u00e9erlandaises qui ont p\u00e9ri dans les camps de concentration.\u00a0<\/span><\/p>\n<p><span style=\"font-weight: 400;\">Ce sera un moment tr\u00e8s \u00e9mouvant qui restera \u00e0 jamais dans votre m\u00e9moire.\u00a0<\/span><\/p>\n<h3><span style=\"font-weight: 400; color: #d3af37;\">Le d\u00e9bardeur<\/span><\/h3>\n<p><span style=\"font-weight: 400;\">Vous verrez \u00e9galement la c\u00e9l\u00e8bre statue du d\u00e9bardeur, qui rappelle les gr\u00e8ves des dockers en 1941, pendant la Seconde Guerre mondiale.\u00a0<\/span><\/p>\n<p><span style=\"font-weight: 400;\">Il s&#8217;agit d&#8217;une visite \u00e0 pied tr\u00e8s int\u00e9ressante qui vous permettra de d\u00e9couvrir le c\u00f4t\u00e9 historique de la ville.\u00a0<\/span><\/p>\n<p><span style=\"font-weight: 400;\">Outre ces points d&#8217;int\u00e9r\u00eat, nous verrons \u00e9galement l&#8217;ext\u00e9rieur du si\u00e8ge du Conseil juif, l&#8217;\u00e9glise Westerkerk et de nombreux autres b\u00e2timents et monuments qui racontent l&#8217;histoire de l&#8217;influence de la communaut\u00e9 juive dans la ville.\u00a0<\/span><\/p>\n<p><span style=\"font-weight: 400;\">Nous terminerons la visite du quartier juif devant la maison qui a servi de cachette \u00e0 Anna Frank et sa famille pendant deux ans. Vous repartirez ainsi avec un souvenir vivace des \u00e9preuves que tant de Juifs ont d\u00fb subir pour avoir simplement pens\u00e9 diff\u00e9remment.\u00a0<\/span><\/p>\n<p><span style=\"font-weight: 400;\">Pour compl\u00e9ter votre journ\u00e9e, vous pouvez participer \u00e0 notre <\/span><a href=\"https:\/\/tourtravelandmore.com\/fr\/tours\/les-pays-bas-fr\/amsterdam-fr\/visite-privee-du-rijksmuseum\/\"><i><span style=\"font-weight: 400;\">visite priv\u00e9e du Rijksmuseum<\/span><\/i><\/a><span style=\"font-weight: 400;\">. Ce sera une fa\u00e7on tr\u00e8s excitante d&#8217;apprendre \u00e0 conna\u00eetre l&#8217;art n\u00e9erlandais. <\/span><\/p>\n","protected":false},"excerpt":{"rendered":"<p><span style=\"font-weight: 400;\">L&#8217;histoire d&#8217;Anne Frank est l&#8217;un des chapitres les plus repr\u00e9sentatifs de l&#8217;holocauste nazi. Si vous voulez voir la maison embl\u00e9matique dans laquelle cette petite fille a \u00e9crit son c\u00e9l\u00e8bre journal, ainsi que le quartier juif et ses points forts, profitez de cette visite guid\u00e9e \u00e0 pied du quartier juif d&#8217;Anne Frank. Ce sera une fa\u00e7on inoubliable de d\u00e9couvrir toute la culture et l&#8217;histoire de la splendide ville d&#8217;Amsterdam.<\/span><\/p>\n","protected":false},"featured_media":114696,"comment_status":"open","ping_status":"closed","template":"","meta":{"_acf_changed":false},"product_brand":[],"product_cat":[3633,4003,4011],"product_tag":[],"class_list":{"0":"post-100228","1":"product","2":"type-product","3":"status-publish","4":"has-post-thumbnail","6":"product_cat-amsterdam-fr","7":"product_cat-all-private-tours-activities-fr-2","8":"product_cat-private-walking-tours-fr-2","10":"first","11":"instock","12":"shipping-taxable","13":"purchasable","14":"product-type-simple"},"acf":[],"yoast_head":"<!-- This site is optimized with the Yoast SEO Premium plugin v25.3.1 (Yoast SEO v25.3.1) - https:\/\/yoast.com\/wordpress\/plugins\/seo\/ -->\n<title>Visite priv\u00e9e \u00e0 pied du quartier juif par Anna Frank<\/title>\n<meta name=\"description\" content=\"D\u00e9couvrez Amsterdam \u00e0 travers l&#039;histoire d&#039;Anna Frank et apprenez les actions du r\u00e9gime nazi pendant la Seconde Guerre mondiale dans cette ville n\u00e9erlandaise.\" \/>\n<meta name=\"robots\" content=\"index, follow, max-snippet:-1, max-image-preview:large, max-video-preview:-1\" \/>\n<link rel=\"canonical\" href=\"https:\/\/tourtravelandmore.com\/fr\/tours\/les-pays-bas-fr\/amsterdam-fr\/visite-guidee-du-quartier-juif-par-anna-frank\/\" \/>\n<meta property=\"og:locale\" content=\"fr_FR\" \/>\n<meta property=\"og:type\" content=\"article\" \/>\n<meta property=\"og:title\" content=\"Visite guid\u00e9e du quartier juif par Anna Frank\" \/>\n<meta property=\"og:description\" content=\"D\u00e9couvrez Amsterdam \u00e0 travers l&#039;histoire d&#039;Anna Frank et apprenez les actions du r\u00e9gime nazi pendant la Seconde Guerre mondiale dans cette ville n\u00e9erlandaise.\" \/>\n<meta property=\"og:url\" content=\"https:\/\/tourtravelandmore.com\/fr\/tours\/les-pays-bas-fr\/amsterdam-fr\/visite-guidee-du-quartier-juif-par-anna-frank\/\" \/>\n<meta property=\"og:site_name\" content=\"Tour Travel And More\" \/>\n<meta property=\"article:publisher\" content=\"https:\/\/www.facebook.com\/tourtravelandmore\/\" \/>\n<meta property=\"article:modified_time\" content=\"2021-12-07T16:15:58+00:00\" \/>\n<meta property=\"og:image\" content=\"https:\/\/tourtravelandmore.com\/wp-content\/uploads\/2018\/10\/image2.jpg\" \/>\n\t<meta property=\"og:image:width\" content=\"539\" \/>\n\t<meta property=\"og:image:height\" content=\"720\" \/>\n\t<meta property=\"og:image:type\" content=\"image\/jpeg\" \/>\n<meta name=\"twitter:card\" content=\"summary_large_image\" \/>\n<meta name=\"twitter:site\" content=\"@TourTravel_More\" \/>\n<meta name=\"twitter:label1\" content=\"Dur\u00e9e de lecture estim\u00e9e\" \/>\n\t<meta name=\"twitter:data1\" content=\"3 minutes\" \/>\n<script type=\"application\/ld+json\" class=\"yoast-schema-graph\">{\"@context\":\"https:\/\/schema.org\",\"@graph\":[{\"@type\":\"WebPage\",\"@id\":\"https:\/\/tourtravelandmore.com\/fr\/tours\/les-pays-bas-fr\/amsterdam-fr\/visite-guidee-du-quartier-juif-par-anna-frank\/\",\"url\":\"https:\/\/tourtravelandmore.com\/fr\/tours\/les-pays-bas-fr\/amsterdam-fr\/visite-guidee-du-quartier-juif-par-anna-frank\/\",\"name\":\"Visite priv\u00e9e \u00e0 pied du quartier juif par Anna Frank\",\"isPartOf\":{\"@id\":\"https:\/\/tourtravelandmore.com\/fr\/#website\"},\"primaryImageOfPage\":{\"@id\":\"https:\/\/tourtravelandmore.com\/fr\/tours\/les-pays-bas-fr\/amsterdam-fr\/visite-guidee-du-quartier-juif-par-anna-frank\/#primaryimage\"},\"image\":{\"@id\":\"https:\/\/tourtravelandmore.com\/fr\/tours\/les-pays-bas-fr\/amsterdam-fr\/visite-guidee-du-quartier-juif-par-anna-frank\/#primaryimage\"},\"thumbnailUrl\":\"https:\/\/tourtravelandmore.com\/wp-content\/uploads\/2018\/10\/image2.jpg\",\"datePublished\":\"2018-10-19T09:04:12+00:00\",\"dateModified\":\"2021-12-07T16:15:58+00:00\",\"description\":\"D\u00e9couvrez Amsterdam \u00e0 travers l'histoire d'Anna Frank et apprenez les actions du r\u00e9gime nazi pendant la Seconde Guerre mondiale dans cette ville n\u00e9erlandaise.\",\"breadcrumb\":{\"@id\":\"https:\/\/tourtravelandmore.com\/fr\/tours\/les-pays-bas-fr\/amsterdam-fr\/visite-guidee-du-quartier-juif-par-anna-frank\/#breadcrumb\"},\"inLanguage\":\"fr-FR\",\"potentialAction\":[{\"@type\":\"ReadAction\",\"target\":[\"https:\/\/tourtravelandmore.com\/fr\/tours\/les-pays-bas-fr\/amsterdam-fr\/visite-guidee-du-quartier-juif-par-anna-frank\/\"]}]},{\"@type\":\"ImageObject\",\"inLanguage\":\"fr-FR\",\"@id\":\"https:\/\/tourtravelandmore.com\/fr\/tours\/les-pays-bas-fr\/amsterdam-fr\/visite-guidee-du-quartier-juif-par-anna-frank\/#primaryimage\",\"url\":\"https:\/\/tourtravelandmore.com\/wp-content\/uploads\/2018\/10\/image2.jpg\",\"contentUrl\":\"https:\/\/tourtravelandmore.com\/wp-content\/uploads\/2018\/10\/image2.jpg\",\"width\":539,\"height\":720},{\"@type\":\"BreadcrumbList\",\"@id\":\"https:\/\/tourtravelandmore.com\/fr\/tours\/les-pays-bas-fr\/amsterdam-fr\/visite-guidee-du-quartier-juif-par-anna-frank\/#breadcrumb\",\"itemListElement\":[{\"@type\":\"ListItem\",\"position\":1,\"name\":\"Home\",\"item\":\"https:\/\/tourtravelandmore.com\/fr\/\"},{\"@type\":\"ListItem\",\"position\":2,\"name\":\"Tours\",\"item\":\"https:\/\/tourtravelandmore.com\/fr\/tours\/\"},{\"@type\":\"ListItem\",\"position\":3,\"name\":\"Visite guid\u00e9e du quartier juif par Anna Frank\"}]},{\"@type\":\"WebSite\",\"@id\":\"https:\/\/tourtravelandmore.com\/fr\/#website\",\"url\":\"https:\/\/tourtravelandmore.com\/fr\/\",\"name\":\"Tour Travel And More\",\"description\":\"Private sightseeing tours and luxury transfers in Spain\",\"publisher\":{\"@id\":\"https:\/\/tourtravelandmore.com\/fr\/#organization\"},\"potentialAction\":[{\"@type\":\"SearchAction\",\"target\":{\"@type\":\"EntryPoint\",\"urlTemplate\":\"https:\/\/tourtravelandmore.com\/fr\/?s={search_term_string}\"},\"query-input\":{\"@type\":\"PropertyValueSpecification\",\"valueRequired\":true,\"valueName\":\"search_term_string\"}}],\"inLanguage\":\"fr-FR\"},{\"@type\":\"Organization\",\"@id\":\"https:\/\/tourtravelandmore.com\/fr\/#organization\",\"name\":\"Tour Travel And More\",\"url\":\"https:\/\/tourtravelandmore.com\/fr\/\",\"logo\":{\"@type\":\"ImageObject\",\"inLanguage\":\"fr-FR\",\"@id\":\"https:\/\/tourtravelandmore.com\/fr\/#\/schema\/logo\/image\/\",\"url\":\"https:\/\/tourtravelandmore.com\/wp-content\/uploads\/2022\/12\/cropped-logo-cabecera-new.png\",\"contentUrl\":\"https:\/\/tourtravelandmore.com\/wp-content\/uploads\/2022\/12\/cropped-logo-cabecera-new.png\",\"width\":430,\"height\":61,\"caption\":\"Tour Travel And More\"},\"image\":{\"@id\":\"https:\/\/tourtravelandmore.com\/fr\/#\/schema\/logo\/image\/\"},\"sameAs\":[\"https:\/\/www.facebook.com\/tourtravelandmore\/\",\"https:\/\/x.com\/TourTravel_More\"]}]}<\/script>\n<!-- \/ Yoast SEO Premium plugin. -->","yoast_head_json":{"title":"Visite priv\u00e9e \u00e0 pied du quartier juif par Anna Frank","description":"D\u00e9couvrez Amsterdam \u00e0 travers l'histoire d'Anna Frank et apprenez les actions du r\u00e9gime nazi pendant la Seconde Guerre mondiale dans cette ville n\u00e9erlandaise.","robots":{"index":"index","follow":"follow","max-snippet":"max-snippet:-1","max-image-preview":"max-image-preview:large","max-video-preview":"max-video-preview:-1"},"canonical":"https:\/\/tourtravelandmore.com\/fr\/tours\/les-pays-bas-fr\/amsterdam-fr\/visite-guidee-du-quartier-juif-par-anna-frank\/","og_locale":"fr_FR","og_type":"article","og_title":"Visite guid\u00e9e du quartier juif par Anna Frank","og_description":"D\u00e9couvrez Amsterdam \u00e0 travers l'histoire d'Anna Frank et apprenez les actions du r\u00e9gime nazi pendant la Seconde Guerre mondiale dans cette ville n\u00e9erlandaise.","og_url":"https:\/\/tourtravelandmore.com\/fr\/tours\/les-pays-bas-fr\/amsterdam-fr\/visite-guidee-du-quartier-juif-par-anna-frank\/","og_site_name":"Tour Travel And More","article_publisher":"https:\/\/www.facebook.com\/tourtravelandmore\/","article_modified_time":"2021-12-07T16:15:58+00:00","og_image":[{"width":539,"height":720,"url":"https:\/\/tourtravelandmore.com\/wp-content\/uploads\/2018\/10\/image2.jpg","type":"image\/jpeg"}],"twitter_card":"summary_large_image","twitter_site":"@TourTravel_More","twitter_misc":{"Dur\u00e9e de lecture estim\u00e9e":"3 minutes"},"schema":{"@context":"https:\/\/schema.org","@graph":[{"@type":"WebPage","@id":"https:\/\/tourtravelandmore.com\/fr\/tours\/les-pays-bas-fr\/amsterdam-fr\/visite-guidee-du-quartier-juif-par-anna-frank\/","url":"https:\/\/tourtravelandmore.com\/fr\/tours\/les-pays-bas-fr\/amsterdam-fr\/visite-guidee-du-quartier-juif-par-anna-frank\/","name":"Visite priv\u00e9e \u00e0 pied du quartier juif par Anna Frank","isPartOf":{"@id":"https:\/\/tourtravelandmore.com\/fr\/#website"},"primaryImageOfPage":{"@id":"https:\/\/tourtravelandmore.com\/fr\/tours\/les-pays-bas-fr\/amsterdam-fr\/visite-guidee-du-quartier-juif-par-anna-frank\/#primaryimage"},"image":{"@id":"https:\/\/tourtravelandmore.com\/fr\/tours\/les-pays-bas-fr\/amsterdam-fr\/visite-guidee-du-quartier-juif-par-anna-frank\/#primaryimage"},"thumbnailUrl":"https:\/\/tourtravelandmore.com\/wp-content\/uploads\/2018\/10\/image2.jpg","datePublished":"2018-10-19T09:04:12+00:00","dateModified":"2021-12-07T16:15:58+00:00","description":"D\u00e9couvrez Amsterdam \u00e0 travers l'histoire d'Anna Frank et apprenez les actions du r\u00e9gime nazi pendant la Seconde Guerre mondiale dans cette ville n\u00e9erlandaise.","breadcrumb":{"@id":"https:\/\/tourtravelandmore.com\/fr\/tours\/les-pays-bas-fr\/amsterdam-fr\/visite-guidee-du-quartier-juif-par-anna-frank\/#breadcrumb"},"inLanguage":"fr-FR","potentialAction":[{"@type":"ReadAction","target":["https:\/\/tourtravelandmore.com\/fr\/tours\/les-pays-bas-fr\/amsterdam-fr\/visite-guidee-du-quartier-juif-par-anna-frank\/"]}]},{"@type":"ImageObject","inLanguage":"fr-FR","@id":"https:\/\/tourtravelandmore.com\/fr\/tours\/les-pays-bas-fr\/amsterdam-fr\/visite-guidee-du-quartier-juif-par-anna-frank\/#primaryimage","url":"https:\/\/tourtravelandmore.com\/wp-content\/uploads\/2018\/10\/image2.jpg","contentUrl":"https:\/\/tourtravelandmore.com\/wp-content\/uploads\/2018\/10\/image2.jpg","width":539,"height":720},{"@type":"BreadcrumbList","@id":"https:\/\/tourtravelandmore.com\/fr\/tours\/les-pays-bas-fr\/amsterdam-fr\/visite-guidee-du-quartier-juif-par-anna-frank\/#breadcrumb","itemListElement":[{"@type":"ListItem","position":1,"name":"Home","item":"https:\/\/tourtravelandmore.com\/fr\/"},{"@type":"ListItem","position":2,"name":"Tours","item":"https:\/\/tourtravelandmore.com\/fr\/tours\/"},{"@type":"ListItem","position":3,"name":"Visite guid\u00e9e du quartier juif par Anna Frank"}]},{"@type":"WebSite","@id":"https:\/\/tourtravelandmore.com\/fr\/#website","url":"https:\/\/tourtravelandmore.com\/fr\/","name":"Tour Travel And More","description":"Private sightseeing tours and luxury transfers in Spain","publisher":{"@id":"https:\/\/tourtravelandmore.com\/fr\/#organization"},"potentialAction":[{"@type":"SearchAction","target":{"@type":"EntryPoint","urlTemplate":"https:\/\/tourtravelandmore.com\/fr\/?s={search_term_string}"},"query-input":{"@type":"PropertyValueSpecification","valueRequired":true,"valueName":"search_term_string"}}],"inLanguage":"fr-FR"},{"@type":"Organization","@id":"https:\/\/tourtravelandmore.com\/fr\/#organization","name":"Tour Travel And More","url":"https:\/\/tourtravelandmore.com\/fr\/","logo":{"@type":"ImageObject","inLanguage":"fr-FR","@id":"https:\/\/tourtravelandmore.com\/fr\/#\/schema\/logo\/image\/","url":"https:\/\/tourtravelandmore.com\/wp-content\/uploads\/2022\/12\/cropped-logo-cabecera-new.png","contentUrl":"https:\/\/tourtravelandmore.com\/wp-content\/uploads\/2022\/12\/cropped-logo-cabecera-new.png","width":430,"height":61,"caption":"Tour Travel And More"},"image":{"@id":"https:\/\/tourtravelandmore.com\/fr\/#\/schema\/logo\/image\/"},"sameAs":["https:\/\/www.facebook.com\/tourtravelandmore\/","https:\/\/x.com\/TourTravel_More"]}]}},"_links":{"self":[{"href":"https:\/\/tourtravelandmore.com\/fr\/wp-json\/wp\/v2\/product\/100228","targetHints":{"allow":["GET"]}}],"collection":[{"href":"https:\/\/tourtravelandmore.com\/fr\/wp-json\/wp\/v2\/product"}],"about":[{"href":"https:\/\/tourtravelandmore.com\/fr\/wp-json\/wp\/v2\/types\/product"}],"replies":[{"embeddable":true,"href":"https:\/\/tourtravelandmore.com\/fr\/wp-json\/wp\/v2\/comments?post=100228"}],"wp:featuredmedia":[{"embeddable":true,"href":"https:\/\/tourtravelandmore.com\/fr\/wp-json\/wp\/v2\/media\/114696"}],"wp:attachment":[{"href":"https:\/\/tourtravelandmore.com\/fr\/wp-json\/wp\/v2\/media?parent=100228"}],"wp:term":[{"taxonomy":"product_brand","embeddable":true,"href":"https:\/\/tourtravelandmore.com\/fr\/wp-json\/wp\/v2\/product_brand?post=100228"},{"taxonomy":"product_cat","embeddable":true,"href":"https:\/\/tourtravelandmore.com\/fr\/wp-json\/wp\/v2\/product_cat?post=100228"},{"taxonomy":"product_tag","embeddable":true,"href":"https:\/\/tourtravelandmore.com\/fr\/wp-json\/wp\/v2\/product_tag?post=100228"}],"curies":[{"name":"wp","href":"https:\/\/api.w.org\/{rel}","templated":true}]}}