{"id":100223,"date":"2018-10-19T10:40:02","date_gmt":"2018-10-19T08:40:02","guid":{"rendered":"https:\/\/tourtravelandmore.com\/tours\/non%20class\u00e9\/visite-privee-a-pied-damsterdam\/"},"modified":"2021-12-06T17:57:10","modified_gmt":"2021-12-06T16:57:10","slug":"visite-privee-visite-a-pied-de-la-ville-damsterdam","status":"publish","type":"product","link":"https:\/\/tourtravelandmore.com\/fr\/tours\/les-pays-bas-fr\/amsterdam-fr\/visite-privee-visite-a-pied-de-la-ville-damsterdam\/","title":{"rendered":"Visite priv\u00e9e : visite \u00e0 pied de la ville d&#8217;Amsterdam"},"content":{"rendered":"<h2><strong>Description de la visite priv\u00e9e : visite \u00e0 pied de la ville d&#8217;Amsterdam<\/strong><\/h2>\n<p><span style=\"font-weight: 400;\">Amsterdam est une ville qui enchante depuis les quatre coins du monde. Et il n&#8217;y a pas de mani\u00e8re plus compl\u00e8te de la conna\u00eetre qu&#8217;avec notre <\/span><b>visite guid\u00e9e \u00e0 pied de la ville d&#8217;Amsterdam.\u00a0 Ce sera une <\/b><span style=\"font-weight: 400;\">excursion pour voir les rues, les b\u00e2timents et les monuments les plus importants de cette <\/span><i><span style=\"font-weight: 400;\">&#8220;Venise du Nord&#8221;<\/span><\/i><span style=\"font-weight: 400;\">.\u00a0\u00a0<\/span><\/p>\n<p><span style=\"font-weight: 400;\">Pendant la visite \u00e0 pied, vous serez accompagn\u00e9 d&#8217;un guide priv\u00e9 qui vous emm\u00e8nera dans la culture de la ville, pour vous donner une vision diff\u00e9rente de l&#8217;histoire, des coutumes et des traditions du peuple n\u00e9erlandais.\u00a0<\/span><\/p>\n<p><span style=\"font-weight: 400;\">Cette visite est le <\/span><b>moyen id\u00e9al de commencer votre visite d&#8217;Amsterdam <\/b><span style=\"font-weight: 400;\">et de prendre vos marques dans la ville.\u00a0<\/span><\/p>\n<p><span style=\"font-weight: 400;\">Nous partirons de la belle et imposante avenue Damrak ou du point de votre choix, pour nous rendre dans plusieurs sites importants de la ville tels que la <\/span><i><span style=\"font-weight: 400;\">vieille ville, le quartier Jordaan, le Red Light District<\/span><\/i><span style=\"font-weight: 400;\">, parmi beaucoup d&#8217;autres.\u00a0<\/span><\/p>\n<p><span style=\"font-weight: 400;\">Il s&#8217;agira d&#8217;une <\/span><b>exp\u00e9rience unique et personnalis\u00e9e de 4 heures<\/b><span style=\"font-weight: 400;\">, au cours de laquelle vous vous connecterez au c\u0153ur de cette merveilleuse ville.\u00a0<\/span><\/p>\n<p><span style=\"font-weight: 400;\">Tout au long de la visite, vous serez accompagn\u00e9 d&#8217;un guide expert, qui se chargera de vous montrer les points d&#8217;int\u00e9r\u00eat et les faits les plus importants de la visite, afin que vous puissiez profiter au maximum de cette aventure inoubliable.<\/span><\/p>\n<p><span style=\"font-weight: 400;\">En outre, nous pouvons adapter l&#8217;heure de d\u00e9part en fonction de votre itin\u00e9raire de voyage.\u00a0<\/span><\/p>\n<h2><strong>Points d&#8217;int\u00e9r\u00eat de la Visite Priv\u00e9e<\/strong><\/h2>\n<p><i><span style=\"font-weight: 400;\">Il n&#8217;y a rien de plus excitant que de d\u00e9couvrir Amsterdam \u00e0 pied.<\/span><\/i><\/p>\n<p><span style=\"font-weight: 400;\">Notre visite priv\u00e9e et \u00e0 pied de la ville d&#8217;Amsterdam est une visite id\u00e9ale pour une exp\u00e9rience amusante.\u00a0<\/span><\/p>\n<p><span style=\"font-weight: 400;\">Voyons ensuite les lieux les plus embl\u00e9matiques que vous aurez l&#8217;occasion de visiter :\u00a0<\/span><\/p>\n<h3><span style=\"font-weight: 400; color: #d3af37;\">Rue Zeedijk<\/span><\/h3>\n<p><span style=\"font-weight: 400;\">La rue Zeedijk se trouve \u00e0 c\u00f4t\u00e9 du Red Light District, et vous y trouverez de nombreux vieux pubs. C&#8217;est \u00e9galement l\u00e0 que se trouve le quartier chinois d&#8217;Amsterdam.\u00a0<\/span><\/p>\n<p><span style=\"font-weight: 400;\">Pendant la visite, vous pourrez entrer dans un temple bouddhiste. Et le mieux, c&#8217;est que la rue est situ\u00e9e tr\u00e8s pr\u00e8s de la <\/span><i><span style=\"font-weight: 400;\">gare centrale<\/span><\/i><span style=\"font-weight: 400;\">.\u00a0<\/span><\/p>\n<h3><span style=\"font-weight: 400; color: #d3af37;\">Nieuwmarkt\u00a0<\/span><\/h3>\n<p><span style=\"font-weight: 400;\">En vous promenant sur cette charmante place, vous d\u00e9couvrirez l&#8217;un des rares vestiges de l&#8217;ancienne muraille m\u00e9di\u00e9vale, qui servait de porte \u00e0 la ville : le Waag.<\/span><\/p>\n<p><span style=\"font-weight: 400;\">Vous verrez \u00e9galement un march\u00e9 de rue traditionnel qui se tient quotidiennement depuis le 15e si\u00e8cle. Vous pourrez y d\u00e9guster des snacks hollandais et prendre de nombreuses photos pour vous souvenir de votre voyage.\u00a0<\/span><\/p>\n<h3><span style=\"font-weight: 400; color: #d3af37;\">Red Light District\u00a0<\/span><\/h3>\n<p><span style=\"font-weight: 400;\">Depuis le Nieuwmarkt, nous traverserons le Red Light District. Il s&#8217;agit d&#8217;une zone \u00e9nigmatique o\u00f9 vous trouverez de nombreux bordels, <\/span><i><span style=\"font-weight: 400;\">caf\u00e9s <\/span><\/i><span style=\"font-weight: 400;\">et sex-shops. Bien s\u00fbr, si vous n&#8217;\u00eates pas int\u00e9ress\u00e9 par la visite de ce quartier, le guide peut vous emmener vers d&#8217;autres points forts.\u00a0<\/span><\/p>\n<h3><span style=\"font-weight: 400; color: #d3af37;\">Dam Square<\/span><\/h3>\n<p><span style=\"font-weight: 400;\">C&#8217;est le c\u0153ur touristique d&#8217;Amsterdam, et c&#8217;est un arr\u00eat incontournable pour voir de pr\u00e8s le centre historique de la ville et le lieu de naissance d&#8217;Amsterdam.\u00a0<\/span><\/p>\n<p><span style=\"font-weight: 400;\">En outre, \u00e0 une extr\u00e9mit\u00e9 de la place du Dam se trouvent le Palais royal et le Monument national.\u00a0<\/span><\/p>\n<h3><span style=\"font-weight: 400; color: #d3af37;\">Maison Anna Frank<\/span><\/h3>\n<p><span style=\"font-weight: 400;\">Nous marcherons \u00e9galement devant la maison d&#8217;Anna Frank, une jeune fille qui s&#8217;est cach\u00e9e avec sa famille pendant plus de deux ans pour fuir les nazis.\u00a0<\/span><\/p>\n<p><span style=\"font-weight: 400;\">L\u00e0, le guide vous parlera en d\u00e9tail des histoires racont\u00e9es dans le c\u00e9l\u00e8bre &#8220;Journal d&#8217;Anna Frank&#8221;.\u00a0<\/span><\/p>\n<h3><span style=\"font-weight: 400; color: #d3af37;\">Rembrandtplein\u00a0<\/span><\/h3>\n<p><span style=\"font-weight: 400;\">En visitant cette place, vous verrez la maison de Rembrandt van Rijn et entendrez un peu l&#8217;histoire de ce c\u00e9l\u00e8bre artiste si repr\u00e9sentatif des Pays-Bas.\u00a0\u00a0<\/span><\/p>\n<p><span style=\"font-weight: 400;\">En outre, la Rembrandtplein abrite de nombreuses bo\u00eetes de nuit et des pubs qui attirent d&#8217;innombrables touristes chaque ann\u00e9e.\u00a0<\/span><\/p>\n<h3><span style=\"font-weight: 400; color: #d3af37;\">Synagogue portugaise\u00a0<\/span><\/h3>\n<p><span style=\"font-weight: 400;\">Notre visite \u00e0 pied d&#8217;Amsterdam ne serait pas compl\u00e8te sans une visite de la synagogue portugaise.\u00a0<\/span><\/p>\n<p><span style=\"font-weight: 400;\">Ce b\u00e2timent est embl\u00e9matique de l&#8217;influence juive dans la ville et des \u00e9v\u00e9nements survenus pendant l&#8217;Holocauste nazi.\u00a0<\/span><\/p>\n<p><span style=\"font-weight: 400;\">Aujourd&#8217;hui, la synagogue est un lieu de culte actif, qui conserve la grande beaut\u00e9 de l&#8217;\u00e2ge d&#8217;or n\u00e9erlandais.\u00a0\u00a0\u00a0<\/span><\/p>\n<p><span style=\"font-weight: 400;\">Pour compl\u00e9ter cette incroyable visite priv\u00e9e, nous nous arr\u00eaterons \u00e9galement :\u00a0<\/span><\/p>\n<ul>\n<li style=\"font-weight: 400;\" aria-level=\"1\"><strong>Le Rijksmuseum.\u00a0<\/strong><\/li>\n<li style=\"font-weight: 400;\" aria-level=\"1\"><strong>March\u00e9 Albert Cuyp.<\/strong><\/li>\n<li style=\"font-weight: 400;\" aria-level=\"1\"><strong>L&#8217;Oude Kerk.<\/strong><\/li>\n<li style=\"font-weight: 400;\" aria-level=\"1\"><strong>Beursplein.<\/strong><\/li>\n<li style=\"font-weight: 400;\" aria-level=\"1\"><strong>Parmi de nombreux autres monuments et b\u00e2timents.\u00a0<\/strong><\/li>\n<\/ul>\n<p><span style=\"font-weight: 400;\">Profitez de cette visite priv\u00e9e et personnalis\u00e9e pour explorer Amsterdam \u00e0 votre propre rythme. Et si vous voulez en savoir plus sur les \u00e9v\u00e9nements de la Seconde Guerre mondiale dans la ville, vous pouvez opter pour la <\/span><a href=\"https:\/\/tourtravelandmore.com\/fr\/tours\/les-pays-bas-fr\/amsterdam-fr\/visite-guidee-du-quartier-juif-par-anna-frank\/\"><i><span style=\"font-weight: 400;\">visite \u00e0 pied du quartier juif Anna Frank \u00e0 Amsterdam<\/span><\/i><\/a><span style=\"font-weight: 400;\">.\u00a0<\/span><\/p>\n<p><span style=\"font-weight: 400;\">Toutes ces visites sont recommand\u00e9es pour vivre la meilleure exp\u00e9rience possible \u00e0 Amsterdam.<\/span><\/p>\n","protected":false},"excerpt":{"rendered":"<p><span style=\"font-weight: 400;\">Avec cette visite, vous avez la possibilit\u00e9 de conna\u00eetre les sites les plus attrayants d&#8217;Amsterdam lors d&#8217;une visite priv\u00e9e \u00e0 pied dans la ville d&#8217;Amsterdam. Accompagn\u00e9 d&#8217;un guide priv\u00e9, vous pourrez admirer des monuments et des b\u00e2timents tels que le quartier rouge, la place du Dam, la maison d&#8217;Anne Frank, le mus\u00e9e Van Gogh et bien d&#8217;autres encore. <\/span><\/p>\n","protected":false},"featured_media":114631,"comment_status":"open","ping_status":"closed","template":"","meta":{"_acf_changed":false},"product_brand":[],"product_cat":[3633,4003,4011],"product_tag":[],"class_list":{"0":"post-100223","1":"product","2":"type-product","3":"status-publish","4":"has-post-thumbnail","6":"product_cat-amsterdam-fr","7":"product_cat-all-private-tours-activities-fr-2","8":"product_cat-private-walking-tours-fr-2","10":"first","11":"instock","12":"shipping-taxable","13":"purchasable","14":"product-type-simple"},"acf":[],"yoast_head":"<!-- This site is optimized with the Yoast SEO Premium plugin v25.3.1 (Yoast SEO v25.3.1) - https:\/\/yoast.com\/wordpress\/plugins\/seo\/ -->\n<title>Visite \u00e0 pied pour d\u00e9couvrir la ville d&#039;Amsterdam<\/title>\n<meta name=\"description\" content=\"D\u00e9couvrez Amsterdam d&#039;une mani\u00e8re diff\u00e9rente avec une visite guid\u00e9e \u00e0 pied \u00e0 travers les lieux les plus embl\u00e9matiques de la ville, tout en apprenant son histoire racont\u00e9e par un guide priv\u00e9.\" \/>\n<meta name=\"robots\" content=\"index, follow, max-snippet:-1, max-image-preview:large, max-video-preview:-1\" \/>\n<link rel=\"canonical\" href=\"https:\/\/tourtravelandmore.com\/fr\/tours\/les-pays-bas-fr\/amsterdam-fr\/visite-privee-visite-a-pied-de-la-ville-damsterdam\/\" \/>\n<meta property=\"og:locale\" content=\"fr_FR\" \/>\n<meta property=\"og:type\" content=\"article\" \/>\n<meta property=\"og:title\" content=\"Visite priv\u00e9e : visite \u00e0 pied de la ville d&#039;Amsterdam\" \/>\n<meta property=\"og:description\" content=\"D\u00e9couvrez Amsterdam d&#039;une mani\u00e8re diff\u00e9rente avec une visite guid\u00e9e \u00e0 pied \u00e0 travers les lieux les plus embl\u00e9matiques de la ville, tout en apprenant son histoire racont\u00e9e par un guide priv\u00e9.\" \/>\n<meta property=\"og:url\" content=\"https:\/\/tourtravelandmore.com\/fr\/tours\/les-pays-bas-fr\/amsterdam-fr\/visite-privee-visite-a-pied-de-la-ville-damsterdam\/\" \/>\n<meta property=\"og:site_name\" content=\"Tour Travel And More\" \/>\n<meta property=\"article:publisher\" content=\"https:\/\/www.facebook.com\/tourtravelandmore\/\" \/>\n<meta property=\"article:modified_time\" content=\"2021-12-06T16:57:10+00:00\" \/>\n<meta property=\"og:image\" content=\"https:\/\/tourtravelandmore.com\/wp-content\/uploads\/2018\/10\/image22.jpg\" \/>\n\t<meta property=\"og:image:width\" content=\"960\" \/>\n\t<meta property=\"og:image:height\" content=\"642\" \/>\n\t<meta property=\"og:image:type\" content=\"image\/jpeg\" \/>\n<meta name=\"twitter:card\" content=\"summary_large_image\" \/>\n<meta name=\"twitter:site\" content=\"@TourTravel_More\" \/>\n<meta name=\"twitter:label1\" content=\"Dur\u00e9e de lecture estim\u00e9e\" \/>\n\t<meta name=\"twitter:data1\" content=\"4 minutes\" \/>\n<script type=\"application\/ld+json\" class=\"yoast-schema-graph\">{\"@context\":\"https:\/\/schema.org\",\"@graph\":[{\"@type\":\"WebPage\",\"@id\":\"https:\/\/tourtravelandmore.com\/fr\/tours\/les-pays-bas-fr\/amsterdam-fr\/visite-privee-visite-a-pied-de-la-ville-damsterdam\/\",\"url\":\"https:\/\/tourtravelandmore.com\/fr\/tours\/les-pays-bas-fr\/amsterdam-fr\/visite-privee-visite-a-pied-de-la-ville-damsterdam\/\",\"name\":\"Visite \u00e0 pied pour d\u00e9couvrir la ville d'Amsterdam\",\"isPartOf\":{\"@id\":\"https:\/\/tourtravelandmore.com\/fr\/#website\"},\"primaryImageOfPage\":{\"@id\":\"https:\/\/tourtravelandmore.com\/fr\/tours\/les-pays-bas-fr\/amsterdam-fr\/visite-privee-visite-a-pied-de-la-ville-damsterdam\/#primaryimage\"},\"image\":{\"@id\":\"https:\/\/tourtravelandmore.com\/fr\/tours\/les-pays-bas-fr\/amsterdam-fr\/visite-privee-visite-a-pied-de-la-ville-damsterdam\/#primaryimage\"},\"thumbnailUrl\":\"https:\/\/tourtravelandmore.com\/wp-content\/uploads\/2018\/10\/image22.jpg\",\"datePublished\":\"2018-10-19T08:40:02+00:00\",\"dateModified\":\"2021-12-06T16:57:10+00:00\",\"description\":\"D\u00e9couvrez Amsterdam d'une mani\u00e8re diff\u00e9rente avec une visite guid\u00e9e \u00e0 pied \u00e0 travers les lieux les plus embl\u00e9matiques de la ville, tout en apprenant son histoire racont\u00e9e par un guide priv\u00e9.\",\"breadcrumb\":{\"@id\":\"https:\/\/tourtravelandmore.com\/fr\/tours\/les-pays-bas-fr\/amsterdam-fr\/visite-privee-visite-a-pied-de-la-ville-damsterdam\/#breadcrumb\"},\"inLanguage\":\"fr-FR\",\"potentialAction\":[{\"@type\":\"ReadAction\",\"target\":[\"https:\/\/tourtravelandmore.com\/fr\/tours\/les-pays-bas-fr\/amsterdam-fr\/visite-privee-visite-a-pied-de-la-ville-damsterdam\/\"]}]},{\"@type\":\"ImageObject\",\"inLanguage\":\"fr-FR\",\"@id\":\"https:\/\/tourtravelandmore.com\/fr\/tours\/les-pays-bas-fr\/amsterdam-fr\/visite-privee-visite-a-pied-de-la-ville-damsterdam\/#primaryimage\",\"url\":\"https:\/\/tourtravelandmore.com\/wp-content\/uploads\/2018\/10\/image22.jpg\",\"contentUrl\":\"https:\/\/tourtravelandmore.com\/wp-content\/uploads\/2018\/10\/image22.jpg\",\"width\":960,\"height\":642},{\"@type\":\"BreadcrumbList\",\"@id\":\"https:\/\/tourtravelandmore.com\/fr\/tours\/les-pays-bas-fr\/amsterdam-fr\/visite-privee-visite-a-pied-de-la-ville-damsterdam\/#breadcrumb\",\"itemListElement\":[{\"@type\":\"ListItem\",\"position\":1,\"name\":\"Home\",\"item\":\"https:\/\/tourtravelandmore.com\/fr\/\"},{\"@type\":\"ListItem\",\"position\":2,\"name\":\"Tours\",\"item\":\"https:\/\/tourtravelandmore.com\/fr\/tours\/\"},{\"@type\":\"ListItem\",\"position\":3,\"name\":\"Visite priv\u00e9e : visite \u00e0 pied de la ville d&#8217;Amsterdam\"}]},{\"@type\":\"WebSite\",\"@id\":\"https:\/\/tourtravelandmore.com\/fr\/#website\",\"url\":\"https:\/\/tourtravelandmore.com\/fr\/\",\"name\":\"Tour Travel And More\",\"description\":\"Private sightseeing tours and luxury transfers in Spain\",\"publisher\":{\"@id\":\"https:\/\/tourtravelandmore.com\/fr\/#organization\"},\"potentialAction\":[{\"@type\":\"SearchAction\",\"target\":{\"@type\":\"EntryPoint\",\"urlTemplate\":\"https:\/\/tourtravelandmore.com\/fr\/?s={search_term_string}\"},\"query-input\":{\"@type\":\"PropertyValueSpecification\",\"valueRequired\":true,\"valueName\":\"search_term_string\"}}],\"inLanguage\":\"fr-FR\"},{\"@type\":\"Organization\",\"@id\":\"https:\/\/tourtravelandmore.com\/fr\/#organization\",\"name\":\"Tour Travel And More\",\"url\":\"https:\/\/tourtravelandmore.com\/fr\/\",\"logo\":{\"@type\":\"ImageObject\",\"inLanguage\":\"fr-FR\",\"@id\":\"https:\/\/tourtravelandmore.com\/fr\/#\/schema\/logo\/image\/\",\"url\":\"https:\/\/tourtravelandmore.com\/wp-content\/uploads\/2022\/12\/cropped-logo-cabecera-new.png\",\"contentUrl\":\"https:\/\/tourtravelandmore.com\/wp-content\/uploads\/2022\/12\/cropped-logo-cabecera-new.png\",\"width\":430,\"height\":61,\"caption\":\"Tour Travel And More\"},\"image\":{\"@id\":\"https:\/\/tourtravelandmore.com\/fr\/#\/schema\/logo\/image\/\"},\"sameAs\":[\"https:\/\/www.facebook.com\/tourtravelandmore\/\",\"https:\/\/x.com\/TourTravel_More\"]}]}<\/script>\n<!-- \/ Yoast SEO Premium plugin. -->","yoast_head_json":{"title":"Visite \u00e0 pied pour d\u00e9couvrir la ville d'Amsterdam","description":"D\u00e9couvrez Amsterdam d'une mani\u00e8re diff\u00e9rente avec une visite guid\u00e9e \u00e0 pied \u00e0 travers les lieux les plus embl\u00e9matiques de la ville, tout en apprenant son histoire racont\u00e9e par un guide priv\u00e9.","robots":{"index":"index","follow":"follow","max-snippet":"max-snippet:-1","max-image-preview":"max-image-preview:large","max-video-preview":"max-video-preview:-1"},"canonical":"https:\/\/tourtravelandmore.com\/fr\/tours\/les-pays-bas-fr\/amsterdam-fr\/visite-privee-visite-a-pied-de-la-ville-damsterdam\/","og_locale":"fr_FR","og_type":"article","og_title":"Visite priv\u00e9e : visite \u00e0 pied de la ville d'Amsterdam","og_description":"D\u00e9couvrez Amsterdam d'une mani\u00e8re diff\u00e9rente avec une visite guid\u00e9e \u00e0 pied \u00e0 travers les lieux les plus embl\u00e9matiques de la ville, tout en apprenant son histoire racont\u00e9e par un guide priv\u00e9.","og_url":"https:\/\/tourtravelandmore.com\/fr\/tours\/les-pays-bas-fr\/amsterdam-fr\/visite-privee-visite-a-pied-de-la-ville-damsterdam\/","og_site_name":"Tour Travel And More","article_publisher":"https:\/\/www.facebook.com\/tourtravelandmore\/","article_modified_time":"2021-12-06T16:57:10+00:00","og_image":[{"width":960,"height":642,"url":"https:\/\/tourtravelandmore.com\/wp-content\/uploads\/2018\/10\/image22.jpg","type":"image\/jpeg"}],"twitter_card":"summary_large_image","twitter_site":"@TourTravel_More","twitter_misc":{"Dur\u00e9e de lecture estim\u00e9e":"4 minutes"},"schema":{"@context":"https:\/\/schema.org","@graph":[{"@type":"WebPage","@id":"https:\/\/tourtravelandmore.com\/fr\/tours\/les-pays-bas-fr\/amsterdam-fr\/visite-privee-visite-a-pied-de-la-ville-damsterdam\/","url":"https:\/\/tourtravelandmore.com\/fr\/tours\/les-pays-bas-fr\/amsterdam-fr\/visite-privee-visite-a-pied-de-la-ville-damsterdam\/","name":"Visite \u00e0 pied pour d\u00e9couvrir la ville d'Amsterdam","isPartOf":{"@id":"https:\/\/tourtravelandmore.com\/fr\/#website"},"primaryImageOfPage":{"@id":"https:\/\/tourtravelandmore.com\/fr\/tours\/les-pays-bas-fr\/amsterdam-fr\/visite-privee-visite-a-pied-de-la-ville-damsterdam\/#primaryimage"},"image":{"@id":"https:\/\/tourtravelandmore.com\/fr\/tours\/les-pays-bas-fr\/amsterdam-fr\/visite-privee-visite-a-pied-de-la-ville-damsterdam\/#primaryimage"},"thumbnailUrl":"https:\/\/tourtravelandmore.com\/wp-content\/uploads\/2018\/10\/image22.jpg","datePublished":"2018-10-19T08:40:02+00:00","dateModified":"2021-12-06T16:57:10+00:00","description":"D\u00e9couvrez Amsterdam d'une mani\u00e8re diff\u00e9rente avec une visite guid\u00e9e \u00e0 pied \u00e0 travers les lieux les plus embl\u00e9matiques de la ville, tout en apprenant son histoire racont\u00e9e par un guide priv\u00e9.","breadcrumb":{"@id":"https:\/\/tourtravelandmore.com\/fr\/tours\/les-pays-bas-fr\/amsterdam-fr\/visite-privee-visite-a-pied-de-la-ville-damsterdam\/#breadcrumb"},"inLanguage":"fr-FR","potentialAction":[{"@type":"ReadAction","target":["https:\/\/tourtravelandmore.com\/fr\/tours\/les-pays-bas-fr\/amsterdam-fr\/visite-privee-visite-a-pied-de-la-ville-damsterdam\/"]}]},{"@type":"ImageObject","inLanguage":"fr-FR","@id":"https:\/\/tourtravelandmore.com\/fr\/tours\/les-pays-bas-fr\/amsterdam-fr\/visite-privee-visite-a-pied-de-la-ville-damsterdam\/#primaryimage","url":"https:\/\/tourtravelandmore.com\/wp-content\/uploads\/2018\/10\/image22.jpg","contentUrl":"https:\/\/tourtravelandmore.com\/wp-content\/uploads\/2018\/10\/image22.jpg","width":960,"height":642},{"@type":"BreadcrumbList","@id":"https:\/\/tourtravelandmore.com\/fr\/tours\/les-pays-bas-fr\/amsterdam-fr\/visite-privee-visite-a-pied-de-la-ville-damsterdam\/#breadcrumb","itemListElement":[{"@type":"ListItem","position":1,"name":"Home","item":"https:\/\/tourtravelandmore.com\/fr\/"},{"@type":"ListItem","position":2,"name":"Tours","item":"https:\/\/tourtravelandmore.com\/fr\/tours\/"},{"@type":"ListItem","position":3,"name":"Visite priv\u00e9e : visite \u00e0 pied de la ville d&#8217;Amsterdam"}]},{"@type":"WebSite","@id":"https:\/\/tourtravelandmore.com\/fr\/#website","url":"https:\/\/tourtravelandmore.com\/fr\/","name":"Tour Travel And More","description":"Private sightseeing tours and luxury transfers in Spain","publisher":{"@id":"https:\/\/tourtravelandmore.com\/fr\/#organization"},"potentialAction":[{"@type":"SearchAction","target":{"@type":"EntryPoint","urlTemplate":"https:\/\/tourtravelandmore.com\/fr\/?s={search_term_string}"},"query-input":{"@type":"PropertyValueSpecification","valueRequired":true,"valueName":"search_term_string"}}],"inLanguage":"fr-FR"},{"@type":"Organization","@id":"https:\/\/tourtravelandmore.com\/fr\/#organization","name":"Tour Travel And More","url":"https:\/\/tourtravelandmore.com\/fr\/","logo":{"@type":"ImageObject","inLanguage":"fr-FR","@id":"https:\/\/tourtravelandmore.com\/fr\/#\/schema\/logo\/image\/","url":"https:\/\/tourtravelandmore.com\/wp-content\/uploads\/2022\/12\/cropped-logo-cabecera-new.png","contentUrl":"https:\/\/tourtravelandmore.com\/wp-content\/uploads\/2022\/12\/cropped-logo-cabecera-new.png","width":430,"height":61,"caption":"Tour Travel And More"},"image":{"@id":"https:\/\/tourtravelandmore.com\/fr\/#\/schema\/logo\/image\/"},"sameAs":["https:\/\/www.facebook.com\/tourtravelandmore\/","https:\/\/x.com\/TourTravel_More"]}]}},"_links":{"self":[{"href":"https:\/\/tourtravelandmore.com\/fr\/wp-json\/wp\/v2\/product\/100223","targetHints":{"allow":["GET"]}}],"collection":[{"href":"https:\/\/tourtravelandmore.com\/fr\/wp-json\/wp\/v2\/product"}],"about":[{"href":"https:\/\/tourtravelandmore.com\/fr\/wp-json\/wp\/v2\/types\/product"}],"replies":[{"embeddable":true,"href":"https:\/\/tourtravelandmore.com\/fr\/wp-json\/wp\/v2\/comments?post=100223"}],"wp:featuredmedia":[{"embeddable":true,"href":"https:\/\/tourtravelandmore.com\/fr\/wp-json\/wp\/v2\/media\/114631"}],"wp:attachment":[{"href":"https:\/\/tourtravelandmore.com\/fr\/wp-json\/wp\/v2\/media?parent=100223"}],"wp:term":[{"taxonomy":"product_brand","embeddable":true,"href":"https:\/\/tourtravelandmore.com\/fr\/wp-json\/wp\/v2\/product_brand?post=100223"},{"taxonomy":"product_cat","embeddable":true,"href":"https:\/\/tourtravelandmore.com\/fr\/wp-json\/wp\/v2\/product_cat?post=100223"},{"taxonomy":"product_tag","embeddable":true,"href":"https:\/\/tourtravelandmore.com\/fr\/wp-json\/wp\/v2\/product_tag?post=100223"}],"curies":[{"name":"wp","href":"https:\/\/api.w.org\/{rel}","templated":true}]}}