{"id":100218,"date":"2018-10-18T22:41:20","date_gmt":"2018-10-18T20:41:20","guid":{"rendered":"https:\/\/tourtravelandmore.com\/tours\/non%20class\u00e9\/visite-privee-de-volendam-et-des-moulins-a-vent-damsterdam\/"},"modified":"2021-12-07T17:29:23","modified_gmt":"2021-12-07T16:29:23","slug":"visite-privee-des-moulins-a-vent-de-volendam-et-zaanse-schans-depuis-amsterdam","status":"publish","type":"product","link":"https:\/\/tourtravelandmore.com\/fr\/tours\/les-pays-bas-fr\/amsterdam-fr\/visite-privee-des-moulins-a-vent-de-volendam-et-zaanse-schans-depuis-amsterdam\/","title":{"rendered":"Visite priv\u00e9e des moulins \u00e0 vent de Volendam et Zaanse Schans depuis Amsterdam"},"content":{"rendered":"<h2><b>Description de la visite priv\u00e9e des moulins \u00e0 vent de Volendam et Zaanse Schans<\/b><\/h2>\n<p><span style=\"font-weight: 400;\">Un voyage inoubliable \u00e0 travers les sites les plus attrayants de la Hollande vous attend. Si vous voulez prendre des photos de carte postale, pr\u00e9parez votre appareil photo lorsque vous passerez devant les moulins \u00e0 vent de Zaanse Schans ou le village pittoresque de Voledam.\u00a0<\/span><\/p>\n<p><span style=\"font-weight: 400;\">Lors de notre visite priv\u00e9e des moulins \u00e0 vent de Volendam et Zaanse Schans au d\u00e9part d&#8217;Amsterdam, vous aurez l&#8217;occasion de <\/span><b>vivre 4 heures de connexion directe avec la campagne n\u00e9erlandaise <\/b><span style=\"font-weight: 400;\">et toute la beaut\u00e9 naturelle des zones rurales les plus touristiques du pays.\u00a0<\/span><\/p>\n<p><span style=\"font-weight: 400;\">L&#8217;excursion est con\u00e7ue pour un confort maximal, puisque vous voyagerez dans une voiture priv\u00e9e avec un guide priv\u00e9 inclus.\u00a0<\/span><\/p>\n<p><span style=\"font-weight: 400;\">Vous pourrez convenir avec le guide de l&#8217;heure et du lieu de rendez-vous. Ainsi, tout sera adapt\u00e9 \u00e0 vos besoins et \u00e0 vos int\u00e9r\u00eats.\u00a0<\/span><\/p>\n<p><span style=\"font-weight: 400;\">La promenade vous m\u00e8nera \u00e0 <\/span><b>Voledam<\/b><span style=\"font-weight: 400;\">, un ancien village de p\u00eacheurs qui conserve encore son essence et ses traditions.\u00a0<\/span><\/p>\n<p><span style=\"font-weight: 400;\">Au cours de la visite, <\/span><b>vous pourrez voir ses c\u00e9l\u00e8bres maisons vertes<\/b><span style=\"font-weight: 400;\">. De plus, le guide vous racontera les histoires et les donn\u00e9es les plus importantes de chacun de ses lieux, afin que vous ne manquiez aucun d\u00e9tail.\u00a0<\/span><\/p>\n<p><span style=\"font-weight: 400;\">Ensuite, nous nous dirigerons vers le majestueux Zaanse Schans, site des <\/span><b>c\u00e9l\u00e8bres moulins \u00e0 vent de Zaanse Schans<\/b><span style=\"font-weight: 400;\">, qui datent de plus de 200 ans, et il est encore possible de trouver certains d&#8217;entre eux encore en activit\u00e9.\u00a0<\/span><\/p>\n<p><span style=\"font-weight: 400;\">\u00c0 la fin de la visite priv\u00e9e, nous retournerons \u00e0 Amsterdam pour vous d\u00e9poser \u00e0 l&#8217;endroit de votre choix.\u00a0<\/span><\/p>\n<p><span style=\"font-weight: 400;\">Nous savons que vous serez satisfaits de cette excursion qui sera pleine de magie, de d\u00e9tente et de souvenirs inoubliables.\u00a0<\/span><\/p>\n<h2><strong>Points d&#8217;Int\u00e9r\u00eat de la Visite Priv\u00e9e<\/strong><\/h2>\n<p><span style=\"font-weight: 400;\">Cette visite priv\u00e9e est con\u00e7ue pour s&#8217;adapter \u00e0 votre rythme et \u00e0 votre emploi du temps. Par cons\u00e9quent, nous commencerons la visite en vous cherchant \u00e0 l&#8217;endroit de votre choix et \u00e0 l&#8217;heure qui vous convient le mieux. Tous les transferts se feront en voiture priv\u00e9e avec chauffeur et guide priv\u00e9 inclus.\u00a0<\/span><\/p>\n<p><span style=\"font-weight: 400;\">Il s&#8217;agit d&#8217;un trajet de 4 heures \u00e0 travers les plus beaux paysages de la Hollande.\u00a0<\/span><\/p>\n<h3><span style=\"font-weight: 400; color: #d3af37;\">Voledam\u00a0<\/span><\/h3>\n<p><span style=\"font-weight: 400;\">Voledam est un beau village situ\u00e9 dans le nord du pays.\u00a0<\/span><\/p>\n<p><span style=\"font-weight: 400;\">Dans cette ville, vous serez enchant\u00e9 par la vie de p\u00eacheur qui se d\u00e9roule dans ses rues. C&#8217;est un vieux port situ\u00e9 \u00e0 l&#8217;embouchure de la rivi\u00e8re IJssel, qui garde aujourd&#8217;hui vivantes ses traditions de p\u00eache.\u00a0<\/span><\/p>\n<p><span style=\"font-weight: 400;\">Dans son port, vous verrez d&#8217;anciens et \u00e9tonnants bateaux de p\u00eache, ainsi que de nombreux habitants portant des v\u00eatements traditionnels n\u00e9erlandais. C&#8217;est un spectacle \u00e0 ne pas manquer.\u00a0<\/span><\/p>\n<p><span style=\"font-weight: 400;\">En outre, vous verrez les maisons vertes embl\u00e9matiques de Voledam qui conservent leur structure frappante malgr\u00e9 les ann\u00e9es. \u00c0 Voledam, vous aurez l&#8217;impression de vous promener dans un mus\u00e9e en plein air.\u00a0<\/span><\/p>\n<h3><span style=\"font-weight: 400; color: #d3af37;\">Zaanse Schans<\/span><\/h3>\n<p><span style=\"font-weight: 400;\">Notre prochaine \u00e9tape est le village pittoresque de Zaanse Schans.\u00a0<\/span><\/p>\n<p><span style=\"font-weight: 400;\">Une fois sur place, vous ne pourrez plus vous arr\u00eater de prendre des photos car chaque recoin est plein de charme, d&#8217;histoire et de culture.\u00a0<\/span><\/p>\n<p><span style=\"font-weight: 400;\">Vous aurez l&#8217;occasion de voir de pr\u00e8s ses c\u00e9l\u00e8bres moulins \u00e0 vent.\u00a0<\/span><\/p>\n<p><span style=\"font-weight: 400;\">Des moulins qui faisaient partie int\u00e9grante de l&#8217;un des premiers parcs industriels du monde, situ\u00e9 sur les rives de la rivi\u00e8re Zaan.\u00a0<\/span><\/p>\n<p><span style=\"font-weight: 400;\">Beaucoup d&#8217;entre eux sont encore en activit\u00e9, et vous les verrez de pr\u00e8s lors de cette visite priv\u00e9e des moulins \u00e0 vent de Volendam et Zaanse Schans au d\u00e9part d&#8217;Amsterdam.\u00a0<\/span><\/p>\n<p><span style=\"font-weight: 400;\">Il n&#8217;y a pas de mal \u00e0 compl\u00e9ter votre visite touristique d&#8217;Amsterdam par une <\/span><a href=\"https:\/\/tourtravelandmore.com\/fr\/tours\/les-pays-bas-fr\/amsterdam-fr\/visite-guidee-du-quartier-juif-par-anna-frank\/\"><i><span style=\"font-weight: 400;\">visite \u00e0 pied d&#8217;Anna Frank dans le quartier juif<\/span><\/i><\/a><span style=\"font-weight: 400;\">. Ce sera une fa\u00e7on tr\u00e8s divertissante d&#8217;apprendre l&#8217;histoire de la jeune fille juive qui est rest\u00e9e cach\u00e9e pendant deux ans avec sa famille dans sa propre maison pendant la Seconde Guerre mondiale.\u00a0<\/span><\/p>\n","protected":false},"excerpt":{"rendered":"<p><span style=\"font-weight: 400;\">D\u00e9couvrez la magnifique campagne fran\u00e7aise lors de notre visite priv\u00e9e des moulins \u00e0 vent de Volendam et Zaanse Schans au d\u00e9part d&#8217;Amsterdam. Profitez de votre s\u00e9jour \u00e0 Amsterdam pour voir les c\u00e9l\u00e8bres moulins \u00e0 vent de Zaanse Schans, les maisons vertes embl\u00e9matiques de Volendam, et bien d&#8217;autres lieux d&#8217;une incroyable beaut\u00e9. Il s&#8217;agit d&#8217;une visite exclusive et personnalis\u00e9e au cours de laquelle vous serez accompagn\u00e9 par un guide priv\u00e9 tout en \u00e9tant transport\u00e9 dans une voiture de luxe confortable<\/span><\/p>\n","protected":false},"featured_media":95367,"comment_status":"open","ping_status":"closed","template":"","meta":{"_acf_changed":false},"product_brand":[],"product_cat":[3633,4003,4004],"product_tag":[],"class_list":{"0":"post-100218","1":"product","2":"type-product","3":"status-publish","4":"has-post-thumbnail","6":"product_cat-amsterdam-fr","7":"product_cat-all-private-tours-activities-fr-2","8":"product_cat-private-sightseeing-tours-fr-2","10":"first","11":"instock","12":"shipping-taxable","13":"purchasable","14":"product-type-simple"},"acf":[],"yoast_head":"<!-- This site is optimized with the Yoast SEO Premium plugin v25.3.1 (Yoast SEO v25.3.1) - https:\/\/yoast.com\/wordpress\/plugins\/seo\/ -->\n<title>Visite priv\u00e9e des moulins \u00e0 vent de Volendam et Zaanse Schans au d\u00e9part d&#039;Amsterdam avec guide et voiture priv\u00e9e<\/title>\n<meta name=\"description\" content=\"\u00c9chappez \u00e0 la ville d&#039;Amsterdam pour une excursion priv\u00e9e inoubliable \u00e0 travers la campagne n\u00e9erlandaise jusqu&#039;aux moulins \u00e0 vent de Zaanse Schans et au village m\u00e9morial de Voledam.\" \/>\n<meta name=\"robots\" content=\"index, follow, max-snippet:-1, max-image-preview:large, max-video-preview:-1\" \/>\n<link rel=\"canonical\" href=\"https:\/\/tourtravelandmore.com\/fr\/tours\/les-pays-bas-fr\/amsterdam-fr\/visite-privee-des-moulins-a-vent-de-volendam-et-zaanse-schans-depuis-amsterdam\/\" \/>\n<meta property=\"og:locale\" content=\"fr_FR\" \/>\n<meta property=\"og:type\" content=\"article\" \/>\n<meta property=\"og:title\" content=\"Visite priv\u00e9e des moulins \u00e0 vent de Volendam et Zaanse Schans depuis Amsterdam\" \/>\n<meta property=\"og:description\" content=\"\u00c9chappez \u00e0 la ville d&#039;Amsterdam pour une excursion priv\u00e9e inoubliable \u00e0 travers la campagne n\u00e9erlandaise jusqu&#039;aux moulins \u00e0 vent de Zaanse Schans et au village m\u00e9morial de Voledam.\" \/>\n<meta property=\"og:url\" content=\"https:\/\/tourtravelandmore.com\/fr\/tours\/les-pays-bas-fr\/amsterdam-fr\/visite-privee-des-moulins-a-vent-de-volendam-et-zaanse-schans-depuis-amsterdam\/\" \/>\n<meta property=\"og:site_name\" content=\"Tour Travel And More\" \/>\n<meta property=\"article:publisher\" content=\"https:\/\/www.facebook.com\/tourtravelandmore\/\" \/>\n<meta property=\"article:modified_time\" content=\"2021-12-07T16:29:23+00:00\" \/>\n<meta property=\"og:image\" content=\"https:\/\/tourtravelandmore.com\/wp-content\/uploads\/2018\/10\/come-visitare-mulini-zaanse-schans.jpeg\" \/>\n\t<meta property=\"og:image:width\" content=\"630\" \/>\n\t<meta property=\"og:image:height\" content=\"394\" \/>\n\t<meta property=\"og:image:type\" content=\"image\/jpeg\" \/>\n<meta name=\"twitter:card\" content=\"summary_large_image\" \/>\n<meta name=\"twitter:site\" content=\"@TourTravel_More\" \/>\n<meta name=\"twitter:label1\" content=\"Dur\u00e9e de lecture estim\u00e9e\" \/>\n\t<meta name=\"twitter:data1\" content=\"3 minutes\" \/>\n<script type=\"application\/ld+json\" class=\"yoast-schema-graph\">{\"@context\":\"https:\/\/schema.org\",\"@graph\":[{\"@type\":\"WebPage\",\"@id\":\"https:\/\/tourtravelandmore.com\/fr\/tours\/les-pays-bas-fr\/amsterdam-fr\/visite-privee-des-moulins-a-vent-de-volendam-et-zaanse-schans-depuis-amsterdam\/\",\"url\":\"https:\/\/tourtravelandmore.com\/fr\/tours\/les-pays-bas-fr\/amsterdam-fr\/visite-privee-des-moulins-a-vent-de-volendam-et-zaanse-schans-depuis-amsterdam\/\",\"name\":\"Visite priv\u00e9e des moulins \u00e0 vent de Volendam et Zaanse Schans au d\u00e9part d'Amsterdam avec guide et voiture priv\u00e9e\",\"isPartOf\":{\"@id\":\"https:\/\/tourtravelandmore.com\/fr\/#website\"},\"primaryImageOfPage\":{\"@id\":\"https:\/\/tourtravelandmore.com\/fr\/tours\/les-pays-bas-fr\/amsterdam-fr\/visite-privee-des-moulins-a-vent-de-volendam-et-zaanse-schans-depuis-amsterdam\/#primaryimage\"},\"image\":{\"@id\":\"https:\/\/tourtravelandmore.com\/fr\/tours\/les-pays-bas-fr\/amsterdam-fr\/visite-privee-des-moulins-a-vent-de-volendam-et-zaanse-schans-depuis-amsterdam\/#primaryimage\"},\"thumbnailUrl\":\"https:\/\/tourtravelandmore.com\/wp-content\/uploads\/2018\/10\/come-visitare-mulini-zaanse-schans.jpeg\",\"datePublished\":\"2018-10-18T20:41:20+00:00\",\"dateModified\":\"2021-12-07T16:29:23+00:00\",\"description\":\"\u00c9chappez \u00e0 la ville d'Amsterdam pour une excursion priv\u00e9e inoubliable \u00e0 travers la campagne n\u00e9erlandaise jusqu'aux moulins \u00e0 vent de Zaanse Schans et au village m\u00e9morial de Voledam.\",\"breadcrumb\":{\"@id\":\"https:\/\/tourtravelandmore.com\/fr\/tours\/les-pays-bas-fr\/amsterdam-fr\/visite-privee-des-moulins-a-vent-de-volendam-et-zaanse-schans-depuis-amsterdam\/#breadcrumb\"},\"inLanguage\":\"fr-FR\",\"potentialAction\":[{\"@type\":\"ReadAction\",\"target\":[\"https:\/\/tourtravelandmore.com\/fr\/tours\/les-pays-bas-fr\/amsterdam-fr\/visite-privee-des-moulins-a-vent-de-volendam-et-zaanse-schans-depuis-amsterdam\/\"]}]},{\"@type\":\"ImageObject\",\"inLanguage\":\"fr-FR\",\"@id\":\"https:\/\/tourtravelandmore.com\/fr\/tours\/les-pays-bas-fr\/amsterdam-fr\/visite-privee-des-moulins-a-vent-de-volendam-et-zaanse-schans-depuis-amsterdam\/#primaryimage\",\"url\":\"https:\/\/tourtravelandmore.com\/wp-content\/uploads\/2018\/10\/come-visitare-mulini-zaanse-schans.jpeg\",\"contentUrl\":\"https:\/\/tourtravelandmore.com\/wp-content\/uploads\/2018\/10\/come-visitare-mulini-zaanse-schans.jpeg\",\"width\":630,\"height\":394},{\"@type\":\"BreadcrumbList\",\"@id\":\"https:\/\/tourtravelandmore.com\/fr\/tours\/les-pays-bas-fr\/amsterdam-fr\/visite-privee-des-moulins-a-vent-de-volendam-et-zaanse-schans-depuis-amsterdam\/#breadcrumb\",\"itemListElement\":[{\"@type\":\"ListItem\",\"position\":1,\"name\":\"Home\",\"item\":\"https:\/\/tourtravelandmore.com\/fr\/\"},{\"@type\":\"ListItem\",\"position\":2,\"name\":\"Tours\",\"item\":\"https:\/\/tourtravelandmore.com\/fr\/tours\/\"},{\"@type\":\"ListItem\",\"position\":3,\"name\":\"Visite priv\u00e9e des moulins \u00e0 vent de Volendam et Zaanse Schans depuis Amsterdam\"}]},{\"@type\":\"WebSite\",\"@id\":\"https:\/\/tourtravelandmore.com\/fr\/#website\",\"url\":\"https:\/\/tourtravelandmore.com\/fr\/\",\"name\":\"Tour Travel And More\",\"description\":\"Private sightseeing tours and luxury transfers in Spain\",\"publisher\":{\"@id\":\"https:\/\/tourtravelandmore.com\/fr\/#organization\"},\"potentialAction\":[{\"@type\":\"SearchAction\",\"target\":{\"@type\":\"EntryPoint\",\"urlTemplate\":\"https:\/\/tourtravelandmore.com\/fr\/?s={search_term_string}\"},\"query-input\":{\"@type\":\"PropertyValueSpecification\",\"valueRequired\":true,\"valueName\":\"search_term_string\"}}],\"inLanguage\":\"fr-FR\"},{\"@type\":\"Organization\",\"@id\":\"https:\/\/tourtravelandmore.com\/fr\/#organization\",\"name\":\"Tour Travel And More\",\"url\":\"https:\/\/tourtravelandmore.com\/fr\/\",\"logo\":{\"@type\":\"ImageObject\",\"inLanguage\":\"fr-FR\",\"@id\":\"https:\/\/tourtravelandmore.com\/fr\/#\/schema\/logo\/image\/\",\"url\":\"https:\/\/tourtravelandmore.com\/wp-content\/uploads\/2022\/12\/cropped-logo-cabecera-new.png\",\"contentUrl\":\"https:\/\/tourtravelandmore.com\/wp-content\/uploads\/2022\/12\/cropped-logo-cabecera-new.png\",\"width\":430,\"height\":61,\"caption\":\"Tour Travel And More\"},\"image\":{\"@id\":\"https:\/\/tourtravelandmore.com\/fr\/#\/schema\/logo\/image\/\"},\"sameAs\":[\"https:\/\/www.facebook.com\/tourtravelandmore\/\",\"https:\/\/x.com\/TourTravel_More\"]}]}<\/script>\n<!-- \/ Yoast SEO Premium plugin. -->","yoast_head_json":{"title":"Visite priv\u00e9e des moulins \u00e0 vent de Volendam et Zaanse Schans au d\u00e9part d'Amsterdam avec guide et voiture priv\u00e9e","description":"\u00c9chappez \u00e0 la ville d'Amsterdam pour une excursion priv\u00e9e inoubliable \u00e0 travers la campagne n\u00e9erlandaise jusqu'aux moulins \u00e0 vent de Zaanse Schans et au village m\u00e9morial de Voledam.","robots":{"index":"index","follow":"follow","max-snippet":"max-snippet:-1","max-image-preview":"max-image-preview:large","max-video-preview":"max-video-preview:-1"},"canonical":"https:\/\/tourtravelandmore.com\/fr\/tours\/les-pays-bas-fr\/amsterdam-fr\/visite-privee-des-moulins-a-vent-de-volendam-et-zaanse-schans-depuis-amsterdam\/","og_locale":"fr_FR","og_type":"article","og_title":"Visite priv\u00e9e des moulins \u00e0 vent de Volendam et Zaanse Schans depuis Amsterdam","og_description":"\u00c9chappez \u00e0 la ville d'Amsterdam pour une excursion priv\u00e9e inoubliable \u00e0 travers la campagne n\u00e9erlandaise jusqu'aux moulins \u00e0 vent de Zaanse Schans et au village m\u00e9morial de Voledam.","og_url":"https:\/\/tourtravelandmore.com\/fr\/tours\/les-pays-bas-fr\/amsterdam-fr\/visite-privee-des-moulins-a-vent-de-volendam-et-zaanse-schans-depuis-amsterdam\/","og_site_name":"Tour Travel And More","article_publisher":"https:\/\/www.facebook.com\/tourtravelandmore\/","article_modified_time":"2021-12-07T16:29:23+00:00","og_image":[{"width":630,"height":394,"url":"https:\/\/tourtravelandmore.com\/wp-content\/uploads\/2018\/10\/come-visitare-mulini-zaanse-schans.jpeg","type":"image\/jpeg"}],"twitter_card":"summary_large_image","twitter_site":"@TourTravel_More","twitter_misc":{"Dur\u00e9e de lecture estim\u00e9e":"3 minutes"},"schema":{"@context":"https:\/\/schema.org","@graph":[{"@type":"WebPage","@id":"https:\/\/tourtravelandmore.com\/fr\/tours\/les-pays-bas-fr\/amsterdam-fr\/visite-privee-des-moulins-a-vent-de-volendam-et-zaanse-schans-depuis-amsterdam\/","url":"https:\/\/tourtravelandmore.com\/fr\/tours\/les-pays-bas-fr\/amsterdam-fr\/visite-privee-des-moulins-a-vent-de-volendam-et-zaanse-schans-depuis-amsterdam\/","name":"Visite priv\u00e9e des moulins \u00e0 vent de Volendam et Zaanse Schans au d\u00e9part d'Amsterdam avec guide et voiture priv\u00e9e","isPartOf":{"@id":"https:\/\/tourtravelandmore.com\/fr\/#website"},"primaryImageOfPage":{"@id":"https:\/\/tourtravelandmore.com\/fr\/tours\/les-pays-bas-fr\/amsterdam-fr\/visite-privee-des-moulins-a-vent-de-volendam-et-zaanse-schans-depuis-amsterdam\/#primaryimage"},"image":{"@id":"https:\/\/tourtravelandmore.com\/fr\/tours\/les-pays-bas-fr\/amsterdam-fr\/visite-privee-des-moulins-a-vent-de-volendam-et-zaanse-schans-depuis-amsterdam\/#primaryimage"},"thumbnailUrl":"https:\/\/tourtravelandmore.com\/wp-content\/uploads\/2018\/10\/come-visitare-mulini-zaanse-schans.jpeg","datePublished":"2018-10-18T20:41:20+00:00","dateModified":"2021-12-07T16:29:23+00:00","description":"\u00c9chappez \u00e0 la ville d'Amsterdam pour une excursion priv\u00e9e inoubliable \u00e0 travers la campagne n\u00e9erlandaise jusqu'aux moulins \u00e0 vent de Zaanse Schans et au village m\u00e9morial de Voledam.","breadcrumb":{"@id":"https:\/\/tourtravelandmore.com\/fr\/tours\/les-pays-bas-fr\/amsterdam-fr\/visite-privee-des-moulins-a-vent-de-volendam-et-zaanse-schans-depuis-amsterdam\/#breadcrumb"},"inLanguage":"fr-FR","potentialAction":[{"@type":"ReadAction","target":["https:\/\/tourtravelandmore.com\/fr\/tours\/les-pays-bas-fr\/amsterdam-fr\/visite-privee-des-moulins-a-vent-de-volendam-et-zaanse-schans-depuis-amsterdam\/"]}]},{"@type":"ImageObject","inLanguage":"fr-FR","@id":"https:\/\/tourtravelandmore.com\/fr\/tours\/les-pays-bas-fr\/amsterdam-fr\/visite-privee-des-moulins-a-vent-de-volendam-et-zaanse-schans-depuis-amsterdam\/#primaryimage","url":"https:\/\/tourtravelandmore.com\/wp-content\/uploads\/2018\/10\/come-visitare-mulini-zaanse-schans.jpeg","contentUrl":"https:\/\/tourtravelandmore.com\/wp-content\/uploads\/2018\/10\/come-visitare-mulini-zaanse-schans.jpeg","width":630,"height":394},{"@type":"BreadcrumbList","@id":"https:\/\/tourtravelandmore.com\/fr\/tours\/les-pays-bas-fr\/amsterdam-fr\/visite-privee-des-moulins-a-vent-de-volendam-et-zaanse-schans-depuis-amsterdam\/#breadcrumb","itemListElement":[{"@type":"ListItem","position":1,"name":"Home","item":"https:\/\/tourtravelandmore.com\/fr\/"},{"@type":"ListItem","position":2,"name":"Tours","item":"https:\/\/tourtravelandmore.com\/fr\/tours\/"},{"@type":"ListItem","position":3,"name":"Visite priv\u00e9e des moulins \u00e0 vent de Volendam et Zaanse Schans depuis Amsterdam"}]},{"@type":"WebSite","@id":"https:\/\/tourtravelandmore.com\/fr\/#website","url":"https:\/\/tourtravelandmore.com\/fr\/","name":"Tour Travel And More","description":"Private sightseeing tours and luxury transfers in Spain","publisher":{"@id":"https:\/\/tourtravelandmore.com\/fr\/#organization"},"potentialAction":[{"@type":"SearchAction","target":{"@type":"EntryPoint","urlTemplate":"https:\/\/tourtravelandmore.com\/fr\/?s={search_term_string}"},"query-input":{"@type":"PropertyValueSpecification","valueRequired":true,"valueName":"search_term_string"}}],"inLanguage":"fr-FR"},{"@type":"Organization","@id":"https:\/\/tourtravelandmore.com\/fr\/#organization","name":"Tour Travel And More","url":"https:\/\/tourtravelandmore.com\/fr\/","logo":{"@type":"ImageObject","inLanguage":"fr-FR","@id":"https:\/\/tourtravelandmore.com\/fr\/#\/schema\/logo\/image\/","url":"https:\/\/tourtravelandmore.com\/wp-content\/uploads\/2022\/12\/cropped-logo-cabecera-new.png","contentUrl":"https:\/\/tourtravelandmore.com\/wp-content\/uploads\/2022\/12\/cropped-logo-cabecera-new.png","width":430,"height":61,"caption":"Tour Travel And More"},"image":{"@id":"https:\/\/tourtravelandmore.com\/fr\/#\/schema\/logo\/image\/"},"sameAs":["https:\/\/www.facebook.com\/tourtravelandmore\/","https:\/\/x.com\/TourTravel_More"]}]}},"_links":{"self":[{"href":"https:\/\/tourtravelandmore.com\/fr\/wp-json\/wp\/v2\/product\/100218","targetHints":{"allow":["GET"]}}],"collection":[{"href":"https:\/\/tourtravelandmore.com\/fr\/wp-json\/wp\/v2\/product"}],"about":[{"href":"https:\/\/tourtravelandmore.com\/fr\/wp-json\/wp\/v2\/types\/product"}],"replies":[{"embeddable":true,"href":"https:\/\/tourtravelandmore.com\/fr\/wp-json\/wp\/v2\/comments?post=100218"}],"wp:featuredmedia":[{"embeddable":true,"href":"https:\/\/tourtravelandmore.com\/fr\/wp-json\/wp\/v2\/media\/95367"}],"wp:attachment":[{"href":"https:\/\/tourtravelandmore.com\/fr\/wp-json\/wp\/v2\/media?parent=100218"}],"wp:term":[{"taxonomy":"product_brand","embeddable":true,"href":"https:\/\/tourtravelandmore.com\/fr\/wp-json\/wp\/v2\/product_brand?post=100218"},{"taxonomy":"product_cat","embeddable":true,"href":"https:\/\/tourtravelandmore.com\/fr\/wp-json\/wp\/v2\/product_cat?post=100218"},{"taxonomy":"product_tag","embeddable":true,"href":"https:\/\/tourtravelandmore.com\/fr\/wp-json\/wp\/v2\/product_tag?post=100218"}],"curies":[{"name":"wp","href":"https:\/\/api.w.org\/{rel}","templated":true}]}}