{"id":100213,"date":"2018-10-18T22:17:36","date_gmt":"2018-10-18T20:17:36","guid":{"rendered":"https:\/\/tourtravelandmore.com\/tours\/non%20class\u00e9\/visite-privee-de-haarlem\/"},"modified":"2021-12-07T17:46:19","modified_gmt":"2021-12-07T16:46:19","slug":"visite-privee-de-haarlem-au-depart-damsterdam","status":"publish","type":"product","link":"https:\/\/tourtravelandmore.com\/fr\/tours\/les-pays-bas-fr\/amsterdam-fr\/visite-privee-de-haarlem-au-depart-damsterdam\/","title":{"rendered":"Visite priv\u00e9e de Haarlem au d\u00e9part d&#8217;Amsterdam"},"content":{"rendered":"<h2><strong>Description de l&#8217;excursion priv\u00e9e \u00e0 Harlem au d\u00e9part d&#8217;Amsterdam<\/strong><\/h2>\n<p><span style=\"font-weight: 400;\">D\u00e9couvrez tout le charme de la <\/span><b>ville de Haarlem <\/b><span style=\"font-weight: 400;\">lors de notre <\/span><b>visite guid\u00e9e priv\u00e9e<\/b><span style=\"font-weight: 400;\">. Nous commencerons au point et \u00e0 l&#8217;heure de votre choix, pour entrer dans la charmante ville de Haarlem, situ\u00e9e \u00e0 environ 20 km de la capitale n\u00e9erlandaise.\u00a0<\/span><\/p>\n<p><span style=\"font-weight: 400;\">Le transfert s&#8217;effectuera dans une voiture priv\u00e9e confortable, qui vous fera traverser un paysage naturel incroyable jusqu&#8217;\u00e0 ce que vous atteigniez Haarlem : <\/span><b>qui est connue comme la ville des fleurs.\u00a0<\/b><\/p>\n<p><span style=\"font-weight: 400;\">Vous explorerez cette ville pittoresque pour voir de pr\u00e8s ses attractions les plus embl\u00e9matiques, ainsi que les tr\u00e9sors cach\u00e9s dans chaque coin de la ville.\u00a0<\/span><\/p>\n<p><span style=\"font-weight: 400;\">Il s&#8217;agit d&#8217;une visite guid\u00e9e personnalis\u00e9e, puisque vous pouvez convenir avec le guide de l&#8217;heure, du lieu de d\u00e9part et m\u00eame des lieux que vous souhaitez le plus visiter.\u00a0<\/span><\/p>\n<p><span style=\"font-weight: 400;\">Parmi les principaux sites que vous visiterez figurent : la <\/span><i><span style=\"font-weight: 400;\">Grote Kerk, le mus\u00e9e Teyler, la Grote Markt, l&#8217;h\u00f4tel de ville <\/span><\/i><span style=\"font-weight: 400;\">et de nombreux autres b\u00e2timents et monuments.\u00a0<\/span><\/p>\n<p><span style=\"font-weight: 400;\">Il s&#8217;agira d&#8217;une <\/span><b>visite de 4 heures <\/b><span style=\"font-weight: 400;\">pour explorer les lieux les plus embl\u00e9matiques de cette ville, qui regorge d&#8217;histoire et de culture.\u00a0<\/span><\/p>\n<p><span style=\"font-weight: 400;\">Vous verrez des monuments qui ont plus de 800 ans. En outre, le guide vous emm\u00e8nera par la main \u00e0 travers l&#8217;histoire de Haarlem, une ville que de nombreux <\/span><b>artistes de l&#8217;\u00e2ge d&#8217;or n\u00e9erlandais <\/b><span style=\"font-weight: 400;\">ont immortalis\u00e9e sur leurs toiles.\u00a0<\/span><\/p>\n<h2><strong>Points forts de Cette Visite Priv\u00e9e<\/strong><\/h2>\n<p><span style=\"font-weight: 400;\">Cette visite priv\u00e9e \u00e0 Haarlem au d\u00e9part d&#8217;Amsterdam est planifi\u00e9e de mani\u00e8re \u00e0 profiter au maximum de chaque moment de la visite. Puisque vous serez en contact avec diff\u00e9rents sites historiques, monuments, attractions culturelles et b\u00e2timents d&#8217;int\u00e9r\u00eat.\u00a0<\/span><\/p>\n<p><span style=\"font-weight: 400;\">Nous partirons d&#8217;Amsterdam dans une voiture priv\u00e9e confortable avec chauffeur et guide, pour parcourir plusieurs kilom\u00e8tres de vall\u00e9es et de prairies incroyables, jusqu&#8217;\u00e0 ce que nous atteignions Haarlem, o\u00f9 vous visiterez les sites d&#8217;int\u00e9r\u00eat suivants :\u00a0<\/span><\/p>\n<h3><strong><span style=\"color: #d3af37;\">Grote Kerk<\/span><\/strong><\/h3>\n<p><span style=\"font-weight: 400;\">C&#8217;est le b\u00e2timent le plus imposant et le plus monumental de la ville. Il s&#8217;agit d&#8217;une ancienne \u00e9glise construite entre 1370 et 1520.\u00a0<\/span><\/p>\n<p><span style=\"font-weight: 400;\">\u00c0 l&#8217;origine, c&#8217;\u00e9tait la cath\u00e9drale Saint-Bavon, mais aujourd&#8217;hui, c&#8217;est une \u00e9glise protestante.<\/span><\/p>\n<p><span style=\"font-weight: 400;\">L&#8217;architecture du b\u00e2timent est impressionnante, car il poss\u00e8de de magnifiques vitraux et au-dessus de lui r\u00e8gne une tour de plus de 78 m\u00e8tres de haut.\u00a0<\/span><\/p>\n<p><span style=\"font-weight: 400;\">Si vous y allez pendant les mois de printemps et d&#8217;\u00e9t\u00e9, vous pourrez profiter des concerts inoubliables propos\u00e9s dans ce lieu.\u00a0<\/span><\/p>\n<h3><strong><span style=\"color: #d3af37;\">Grote Markt<\/span><\/strong><\/h3>\n<p><span style=\"font-weight: 400;\">La visite guid\u00e9e vous permettra de d\u00e9couvrir la place principale de Haarlem, qui est entour\u00e9e des b\u00e2timents les plus beaux et les plus importants de la ville.\u00a0<\/span><\/p>\n<p><span style=\"font-weight: 400;\">Sur cette place, vous trouverez \u00e9galement la statue en l&#8217;honneur de Laurens Janszoon Coster, qui fut l&#8217;un des c\u00e9l\u00e8bres inventeurs de la presse \u00e0 imprimer.\u00a0<\/span><\/p>\n<h3><strong><span style=\"color: #d3af37;\">Mus\u00e9e Frans Hals<\/span><\/strong><\/h3>\n<p><span style=\"font-weight: 400;\">Le mus\u00e9e Frans Hals attirera doublement votre attention.\u00a0<\/span><\/p>\n<p><span style=\"font-weight: 400;\">Il s&#8217;agit tout d&#8217;abord d&#8217;un b\u00e2timent qui a servi d&#8217;ancienne maison de retraite au XVIIe si\u00e8cle. En outre, les \u0153uvres les plus importantes du plus grand peintre de Haarlem, Frans Hals, s&#8217;y trouvent.\u00a0<\/span><\/p>\n<p><span style=\"font-weight: 400;\">Parmi les principales peintures que vous pourrez admirer \u00e0 l&#8217;int\u00e9rieur figurent les suivantes :\u00a0<\/span><\/p>\n<ul>\n<li style=\"font-weight: 400;\" aria-level=\"1\"><strong>Banquet des arquebusiers de Saint-Georges de Haarlem,<\/strong><\/li>\n<li style=\"font-weight: 400;\" aria-level=\"1\"><strong>Portrait de Jacobus Hendricksz Zaffius<\/strong><\/li>\n<li style=\"font-weight: 400;\" aria-level=\"1\"><strong>Les r\u00e9gents de l&#8217;h\u00f4pital Sainte-Elizabeth \u00e0 Haarlem.\u00a0<\/strong><\/li>\n<li style=\"font-weight: 400;\" aria-level=\"1\"><strong>Parmi beaucoup d&#8217;autres.\u00a0<\/strong><\/li>\n<\/ul>\n<h3><strong><span style=\"color: #d3af37;\">Mus\u00e9e Teyler<\/span><\/strong><\/h3>\n<p><span style=\"font-weight: 400;\">Il s&#8217;agit de l&#8217;un des plus anciens mus\u00e9es de Hollande. Le b\u00e2timent poss\u00e8de plusieurs collections d&#8217;art, de science et de religion.\u00a0<\/span><\/p>\n<p><span style=\"font-weight: 400;\">Il s&#8217;agissait d&#8217;un mus\u00e9e fond\u00e9 en l&#8217;honneur de Pieter Teyler van der Hulst, un homme puissant et riche de Haarlem, qui, \u00e0 sa mort, a laiss\u00e9 toute sa fortune pour le d\u00e9veloppement culturel et scientifique de sa ville natale.\u00a0<\/span><\/p>\n<p><span style=\"font-weight: 400;\">En plus de ces sites magnifiques, lors de notre visite priv\u00e9e \u00e0 Haarlem au d\u00e9part d&#8217;Amsterdam, vous aurez \u00e9galement l&#8217;occasion de visiter : La cath\u00e9drale Saint-Bavon, l&#8217;h\u00f4tel de ville, l&#8217;Amsterdamse Poort et bien d&#8217;autres lieux encore.\u00a0<\/span><\/p>\n<p><span style=\"font-weight: 400;\">\u00c0 la fin de l&#8217;excursion guid\u00e9e, la voiture priv\u00e9e vous conduira \u00e0 l&#8217;endroit de votre choix afin que vous puissiez vous reposer et poursuivre votre voyage.\u00a0<\/span><\/p>\n<p><span style=\"font-weight: 400;\">Si vous souhaitez vous rapprocher de l&#8217;histoire d&#8217;Amsterdam, vous pouvez compl\u00e9ter votre visite par notre <\/span><i><span style=\"font-weight: 400;\"><a href=\"https:\/\/tourtravelandmore.com\/fr\/tours\/les-pays-bas-fr\/amsterdam-fr\/visite-privee-du-quartier-juif-damsterdam\/\">visite priv\u00e9e du quartier juif d&#8217;Amsterdam<\/a>.\u00a0<\/span><\/i><\/p>\n","protected":false},"excerpt":{"rendered":"<p><span style=\"font-weight: 400;\">Au cours de notre visite, vous d\u00e9couvrirez les lieux les plus embl\u00e9matiques de Haarlem, &#8220;la ville des fleurs&#8221;. Ce sera une exp\u00e9rience personnalis\u00e9e qui vous permettra de d\u00e9couvrir tous les recoins de la ville, toujours accompagn\u00e9 d&#8217;un guide priv\u00e9 et avec une voiture confortable.\u00a0 Parmi les lieux que vous visiterez figurent l&#8217;h\u00f4tel de ville, la Grote Kerk, le mus\u00e9e Teyler, parmi beaucoup d&#8217;autres. Profitez au maximum de votre s\u00e9jour aux Pays-Bas et soyez actif pour cette visite priv\u00e9e \u00e0 Haarlem au d\u00e9part d&#8217;Amsterdam. <\/span><\/p>\n","protected":false},"featured_media":114761,"comment_status":"open","ping_status":"closed","template":"","meta":{"_acf_changed":false},"product_brand":[],"product_cat":[3633,4003,4004],"product_tag":[],"class_list":{"0":"post-100213","1":"product","2":"type-product","3":"status-publish","4":"has-post-thumbnail","6":"product_cat-amsterdam-fr","7":"product_cat-all-private-tours-activities-fr-2","8":"product_cat-private-sightseeing-tours-fr-2","10":"first","11":"instock","12":"shipping-taxable","13":"purchasable","14":"product-type-simple"},"acf":[],"yoast_head":"<!-- This site is optimized with the Yoast SEO Premium plugin v25.3.1 (Yoast SEO v25.3.1) - https:\/\/yoast.com\/wordpress\/plugins\/seo\/ -->\n<title>Visite priv\u00e9e d&#039;Amsterdam \u00e0 Haarlem avec guide et transfert en voiture priv\u00e9e<\/title>\n<meta name=\"description\" content=\"Apprenez \u00e0 conna\u00eetre Haarlem, la ville des fleurs, lors de cette visite au d\u00e9part d&#039;Amsterdam avec guide et voiture priv\u00e9e inclus.\" \/>\n<meta name=\"robots\" content=\"index, follow, max-snippet:-1, max-image-preview:large, max-video-preview:-1\" \/>\n<link rel=\"canonical\" href=\"https:\/\/tourtravelandmore.com\/fr\/tours\/les-pays-bas-fr\/amsterdam-fr\/visite-privee-de-haarlem-au-depart-damsterdam\/\" \/>\n<meta property=\"og:locale\" content=\"fr_FR\" \/>\n<meta property=\"og:type\" content=\"article\" \/>\n<meta property=\"og:title\" content=\"Visite priv\u00e9e de Haarlem au d\u00e9part d&#039;Amsterdam\" \/>\n<meta property=\"og:description\" content=\"Apprenez \u00e0 conna\u00eetre Haarlem, la ville des fleurs, lors de cette visite au d\u00e9part d&#039;Amsterdam avec guide et voiture priv\u00e9e inclus.\" \/>\n<meta property=\"og:url\" content=\"https:\/\/tourtravelandmore.com\/fr\/tours\/les-pays-bas-fr\/amsterdam-fr\/visite-privee-de-haarlem-au-depart-damsterdam\/\" \/>\n<meta property=\"og:site_name\" content=\"Tour Travel And More\" \/>\n<meta property=\"article:publisher\" content=\"https:\/\/www.facebook.com\/tourtravelandmore\/\" \/>\n<meta property=\"article:modified_time\" content=\"2021-12-07T16:46:19+00:00\" \/>\n<meta property=\"og:image\" content=\"https:\/\/tourtravelandmore.com\/wp-content\/uploads\/2018\/10\/image3-3.jpg\" \/>\n\t<meta property=\"og:image:width\" content=\"799\" \/>\n\t<meta property=\"og:image:height\" content=\"599\" \/>\n\t<meta property=\"og:image:type\" content=\"image\/jpeg\" \/>\n<meta name=\"twitter:card\" content=\"summary_large_image\" \/>\n<meta name=\"twitter:site\" content=\"@TourTravel_More\" \/>\n<meta name=\"twitter:label1\" content=\"Dur\u00e9e de lecture estim\u00e9e\" \/>\n\t<meta name=\"twitter:data1\" content=\"4 minutes\" \/>\n<script type=\"application\/ld+json\" class=\"yoast-schema-graph\">{\"@context\":\"https:\/\/schema.org\",\"@graph\":[{\"@type\":\"WebPage\",\"@id\":\"https:\/\/tourtravelandmore.com\/fr\/tours\/les-pays-bas-fr\/amsterdam-fr\/visite-privee-de-haarlem-au-depart-damsterdam\/\",\"url\":\"https:\/\/tourtravelandmore.com\/fr\/tours\/les-pays-bas-fr\/amsterdam-fr\/visite-privee-de-haarlem-au-depart-damsterdam\/\",\"name\":\"Visite priv\u00e9e d'Amsterdam \u00e0 Haarlem avec guide et transfert en voiture priv\u00e9e\",\"isPartOf\":{\"@id\":\"https:\/\/tourtravelandmore.com\/fr\/#website\"},\"primaryImageOfPage\":{\"@id\":\"https:\/\/tourtravelandmore.com\/fr\/tours\/les-pays-bas-fr\/amsterdam-fr\/visite-privee-de-haarlem-au-depart-damsterdam\/#primaryimage\"},\"image\":{\"@id\":\"https:\/\/tourtravelandmore.com\/fr\/tours\/les-pays-bas-fr\/amsterdam-fr\/visite-privee-de-haarlem-au-depart-damsterdam\/#primaryimage\"},\"thumbnailUrl\":\"https:\/\/tourtravelandmore.com\/wp-content\/uploads\/2018\/10\/image3-3.jpg\",\"datePublished\":\"2018-10-18T20:17:36+00:00\",\"dateModified\":\"2021-12-07T16:46:19+00:00\",\"description\":\"Apprenez \u00e0 conna\u00eetre Haarlem, la ville des fleurs, lors de cette visite au d\u00e9part d'Amsterdam avec guide et voiture priv\u00e9e inclus.\",\"breadcrumb\":{\"@id\":\"https:\/\/tourtravelandmore.com\/fr\/tours\/les-pays-bas-fr\/amsterdam-fr\/visite-privee-de-haarlem-au-depart-damsterdam\/#breadcrumb\"},\"inLanguage\":\"fr-FR\",\"potentialAction\":[{\"@type\":\"ReadAction\",\"target\":[\"https:\/\/tourtravelandmore.com\/fr\/tours\/les-pays-bas-fr\/amsterdam-fr\/visite-privee-de-haarlem-au-depart-damsterdam\/\"]}]},{\"@type\":\"ImageObject\",\"inLanguage\":\"fr-FR\",\"@id\":\"https:\/\/tourtravelandmore.com\/fr\/tours\/les-pays-bas-fr\/amsterdam-fr\/visite-privee-de-haarlem-au-depart-damsterdam\/#primaryimage\",\"url\":\"https:\/\/tourtravelandmore.com\/wp-content\/uploads\/2018\/10\/image3-3.jpg\",\"contentUrl\":\"https:\/\/tourtravelandmore.com\/wp-content\/uploads\/2018\/10\/image3-3.jpg\",\"width\":799,\"height\":599},{\"@type\":\"BreadcrumbList\",\"@id\":\"https:\/\/tourtravelandmore.com\/fr\/tours\/les-pays-bas-fr\/amsterdam-fr\/visite-privee-de-haarlem-au-depart-damsterdam\/#breadcrumb\",\"itemListElement\":[{\"@type\":\"ListItem\",\"position\":1,\"name\":\"Home\",\"item\":\"https:\/\/tourtravelandmore.com\/fr\/\"},{\"@type\":\"ListItem\",\"position\":2,\"name\":\"Tours\",\"item\":\"https:\/\/tourtravelandmore.com\/fr\/tours\/\"},{\"@type\":\"ListItem\",\"position\":3,\"name\":\"Visite priv\u00e9e de Haarlem au d\u00e9part d&#8217;Amsterdam\"}]},{\"@type\":\"WebSite\",\"@id\":\"https:\/\/tourtravelandmore.com\/fr\/#website\",\"url\":\"https:\/\/tourtravelandmore.com\/fr\/\",\"name\":\"Tour Travel And More\",\"description\":\"Private sightseeing tours and luxury transfers in Spain\",\"publisher\":{\"@id\":\"https:\/\/tourtravelandmore.com\/fr\/#organization\"},\"potentialAction\":[{\"@type\":\"SearchAction\",\"target\":{\"@type\":\"EntryPoint\",\"urlTemplate\":\"https:\/\/tourtravelandmore.com\/fr\/?s={search_term_string}\"},\"query-input\":{\"@type\":\"PropertyValueSpecification\",\"valueRequired\":true,\"valueName\":\"search_term_string\"}}],\"inLanguage\":\"fr-FR\"},{\"@type\":\"Organization\",\"@id\":\"https:\/\/tourtravelandmore.com\/fr\/#organization\",\"name\":\"Tour Travel And More\",\"url\":\"https:\/\/tourtravelandmore.com\/fr\/\",\"logo\":{\"@type\":\"ImageObject\",\"inLanguage\":\"fr-FR\",\"@id\":\"https:\/\/tourtravelandmore.com\/fr\/#\/schema\/logo\/image\/\",\"url\":\"https:\/\/tourtravelandmore.com\/wp-content\/uploads\/2022\/12\/cropped-logo-cabecera-new.png\",\"contentUrl\":\"https:\/\/tourtravelandmore.com\/wp-content\/uploads\/2022\/12\/cropped-logo-cabecera-new.png\",\"width\":430,\"height\":61,\"caption\":\"Tour Travel And More\"},\"image\":{\"@id\":\"https:\/\/tourtravelandmore.com\/fr\/#\/schema\/logo\/image\/\"},\"sameAs\":[\"https:\/\/www.facebook.com\/tourtravelandmore\/\",\"https:\/\/x.com\/TourTravel_More\"]}]}<\/script>\n<!-- \/ Yoast SEO Premium plugin. -->","yoast_head_json":{"title":"Visite priv\u00e9e d'Amsterdam \u00e0 Haarlem avec guide et transfert en voiture priv\u00e9e","description":"Apprenez \u00e0 conna\u00eetre Haarlem, la ville des fleurs, lors de cette visite au d\u00e9part d'Amsterdam avec guide et voiture priv\u00e9e inclus.","robots":{"index":"index","follow":"follow","max-snippet":"max-snippet:-1","max-image-preview":"max-image-preview:large","max-video-preview":"max-video-preview:-1"},"canonical":"https:\/\/tourtravelandmore.com\/fr\/tours\/les-pays-bas-fr\/amsterdam-fr\/visite-privee-de-haarlem-au-depart-damsterdam\/","og_locale":"fr_FR","og_type":"article","og_title":"Visite priv\u00e9e de Haarlem au d\u00e9part d'Amsterdam","og_description":"Apprenez \u00e0 conna\u00eetre Haarlem, la ville des fleurs, lors de cette visite au d\u00e9part d'Amsterdam avec guide et voiture priv\u00e9e inclus.","og_url":"https:\/\/tourtravelandmore.com\/fr\/tours\/les-pays-bas-fr\/amsterdam-fr\/visite-privee-de-haarlem-au-depart-damsterdam\/","og_site_name":"Tour Travel And More","article_publisher":"https:\/\/www.facebook.com\/tourtravelandmore\/","article_modified_time":"2021-12-07T16:46:19+00:00","og_image":[{"width":799,"height":599,"url":"https:\/\/tourtravelandmore.com\/wp-content\/uploads\/2018\/10\/image3-3.jpg","type":"image\/jpeg"}],"twitter_card":"summary_large_image","twitter_site":"@TourTravel_More","twitter_misc":{"Dur\u00e9e de lecture estim\u00e9e":"4 minutes"},"schema":{"@context":"https:\/\/schema.org","@graph":[{"@type":"WebPage","@id":"https:\/\/tourtravelandmore.com\/fr\/tours\/les-pays-bas-fr\/amsterdam-fr\/visite-privee-de-haarlem-au-depart-damsterdam\/","url":"https:\/\/tourtravelandmore.com\/fr\/tours\/les-pays-bas-fr\/amsterdam-fr\/visite-privee-de-haarlem-au-depart-damsterdam\/","name":"Visite priv\u00e9e d'Amsterdam \u00e0 Haarlem avec guide et transfert en voiture priv\u00e9e","isPartOf":{"@id":"https:\/\/tourtravelandmore.com\/fr\/#website"},"primaryImageOfPage":{"@id":"https:\/\/tourtravelandmore.com\/fr\/tours\/les-pays-bas-fr\/amsterdam-fr\/visite-privee-de-haarlem-au-depart-damsterdam\/#primaryimage"},"image":{"@id":"https:\/\/tourtravelandmore.com\/fr\/tours\/les-pays-bas-fr\/amsterdam-fr\/visite-privee-de-haarlem-au-depart-damsterdam\/#primaryimage"},"thumbnailUrl":"https:\/\/tourtravelandmore.com\/wp-content\/uploads\/2018\/10\/image3-3.jpg","datePublished":"2018-10-18T20:17:36+00:00","dateModified":"2021-12-07T16:46:19+00:00","description":"Apprenez \u00e0 conna\u00eetre Haarlem, la ville des fleurs, lors de cette visite au d\u00e9part d'Amsterdam avec guide et voiture priv\u00e9e inclus.","breadcrumb":{"@id":"https:\/\/tourtravelandmore.com\/fr\/tours\/les-pays-bas-fr\/amsterdam-fr\/visite-privee-de-haarlem-au-depart-damsterdam\/#breadcrumb"},"inLanguage":"fr-FR","potentialAction":[{"@type":"ReadAction","target":["https:\/\/tourtravelandmore.com\/fr\/tours\/les-pays-bas-fr\/amsterdam-fr\/visite-privee-de-haarlem-au-depart-damsterdam\/"]}]},{"@type":"ImageObject","inLanguage":"fr-FR","@id":"https:\/\/tourtravelandmore.com\/fr\/tours\/les-pays-bas-fr\/amsterdam-fr\/visite-privee-de-haarlem-au-depart-damsterdam\/#primaryimage","url":"https:\/\/tourtravelandmore.com\/wp-content\/uploads\/2018\/10\/image3-3.jpg","contentUrl":"https:\/\/tourtravelandmore.com\/wp-content\/uploads\/2018\/10\/image3-3.jpg","width":799,"height":599},{"@type":"BreadcrumbList","@id":"https:\/\/tourtravelandmore.com\/fr\/tours\/les-pays-bas-fr\/amsterdam-fr\/visite-privee-de-haarlem-au-depart-damsterdam\/#breadcrumb","itemListElement":[{"@type":"ListItem","position":1,"name":"Home","item":"https:\/\/tourtravelandmore.com\/fr\/"},{"@type":"ListItem","position":2,"name":"Tours","item":"https:\/\/tourtravelandmore.com\/fr\/tours\/"},{"@type":"ListItem","position":3,"name":"Visite priv\u00e9e de Haarlem au d\u00e9part d&#8217;Amsterdam"}]},{"@type":"WebSite","@id":"https:\/\/tourtravelandmore.com\/fr\/#website","url":"https:\/\/tourtravelandmore.com\/fr\/","name":"Tour Travel And More","description":"Private sightseeing tours and luxury transfers in Spain","publisher":{"@id":"https:\/\/tourtravelandmore.com\/fr\/#organization"},"potentialAction":[{"@type":"SearchAction","target":{"@type":"EntryPoint","urlTemplate":"https:\/\/tourtravelandmore.com\/fr\/?s={search_term_string}"},"query-input":{"@type":"PropertyValueSpecification","valueRequired":true,"valueName":"search_term_string"}}],"inLanguage":"fr-FR"},{"@type":"Organization","@id":"https:\/\/tourtravelandmore.com\/fr\/#organization","name":"Tour Travel And More","url":"https:\/\/tourtravelandmore.com\/fr\/","logo":{"@type":"ImageObject","inLanguage":"fr-FR","@id":"https:\/\/tourtravelandmore.com\/fr\/#\/schema\/logo\/image\/","url":"https:\/\/tourtravelandmore.com\/wp-content\/uploads\/2022\/12\/cropped-logo-cabecera-new.png","contentUrl":"https:\/\/tourtravelandmore.com\/wp-content\/uploads\/2022\/12\/cropped-logo-cabecera-new.png","width":430,"height":61,"caption":"Tour Travel And More"},"image":{"@id":"https:\/\/tourtravelandmore.com\/fr\/#\/schema\/logo\/image\/"},"sameAs":["https:\/\/www.facebook.com\/tourtravelandmore\/","https:\/\/x.com\/TourTravel_More"]}]}},"_links":{"self":[{"href":"https:\/\/tourtravelandmore.com\/fr\/wp-json\/wp\/v2\/product\/100213","targetHints":{"allow":["GET"]}}],"collection":[{"href":"https:\/\/tourtravelandmore.com\/fr\/wp-json\/wp\/v2\/product"}],"about":[{"href":"https:\/\/tourtravelandmore.com\/fr\/wp-json\/wp\/v2\/types\/product"}],"replies":[{"embeddable":true,"href":"https:\/\/tourtravelandmore.com\/fr\/wp-json\/wp\/v2\/comments?post=100213"}],"wp:featuredmedia":[{"embeddable":true,"href":"https:\/\/tourtravelandmore.com\/fr\/wp-json\/wp\/v2\/media\/114761"}],"wp:attachment":[{"href":"https:\/\/tourtravelandmore.com\/fr\/wp-json\/wp\/v2\/media?parent=100213"}],"wp:term":[{"taxonomy":"product_brand","embeddable":true,"href":"https:\/\/tourtravelandmore.com\/fr\/wp-json\/wp\/v2\/product_brand?post=100213"},{"taxonomy":"product_cat","embeddable":true,"href":"https:\/\/tourtravelandmore.com\/fr\/wp-json\/wp\/v2\/product_cat?post=100213"},{"taxonomy":"product_tag","embeddable":true,"href":"https:\/\/tourtravelandmore.com\/fr\/wp-json\/wp\/v2\/product_tag?post=100213"}],"curies":[{"name":"wp","href":"https:\/\/api.w.org\/{rel}","templated":true}]}}