{"id":100208,"date":"2018-10-18T18:46:07","date_gmt":"2018-10-18T16:46:07","guid":{"rendered":"https:\/\/tourtravelandmore.com\/tours\/non%20class\u00e9\/visite-privee-de-bruges\/"},"modified":"2021-12-07T17:35:04","modified_gmt":"2021-12-07T16:35:04","slug":"visite-privee-de-bruges-au-depart-damsterdam","status":"publish","type":"product","link":"https:\/\/tourtravelandmore.com\/fr\/tours\/les-pays-bas-fr\/amsterdam-fr\/visite-privee-de-bruges-au-depart-damsterdam\/","title":{"rendered":"Visite priv\u00e9e de Bruges au d\u00e9part d&#8217;Amsterdam"},"content":{"rendered":"<h2><strong>Description de la Visite Priv\u00e9e \u00e0 Bruges<\/strong><\/h2>\n<p><span style=\"font-weight: 400;\">D\u00e9tendez-vous au maximum lors d&#8217;une <\/span><b>visite priv\u00e9e d&#8217;Amsterdam \u00e0 la belle ville de Bruges<\/b><span style=\"font-weight: 400;\">. Lors de cette visite, vous vous immergerez dans une majestueuse ville m\u00e9di\u00e9vale qui vous donnera l&#8217;impression d&#8217;\u00eatre dans une autre \u00e9poque.\u00a0<\/span><\/p>\n<p><span style=\"font-weight: 400;\">Ses c\u00e9l\u00e8bres canaux et ses belles rues vous transporteront au Moyen \u00c2ge, o\u00f9 vous aurez l&#8217;impression d&#8217;\u00eatre dans un conte de f\u00e9es ou un vieux film.\u00a0\u00a0<\/span><\/p>\n<p><span style=\"font-weight: 400;\">Notre visite dure 12 heures. Il commence \u00e0 9h00 pour d\u00e9buter votre voyage dans une confortable voiture priv\u00e9e qui vous conduira du centre d&#8217;Amsterdam \u00e0 Bruges, la ville connue comme la Venise du Nord.\u00a0<\/span><\/p>\n<p><span style=\"font-weight: 400;\">Une fois arriv\u00e9s \u00e0 Bruges, nous entrerons dans ses rues principales pour voir les b\u00e2timents et monuments les plus c\u00e9l\u00e8bres. La beaut\u00e9 unique de ses b\u00e2timents a valu \u00e0 Bruges d&#8217;\u00eatre d\u00e9clar\u00e9e site du patrimoine mondial en 2000.<\/span><\/p>\n<p><span style=\"font-weight: 400;\">Au cours de la visite, vous verrez le b\u00e9guinage princier, l&#8217;\u00e9glise Notre-Dame de Bruges, la place principale et son clocher, la place du Bourg et l&#8217;h\u00f4tel de ville.\u00a0<\/span><\/p>\n<p><span style=\"font-weight: 400;\">Vous aurez \u00e9galement l&#8217;occasion de vous \u00e9merveiller devant les incroyables canaux de Bruges, dont le canal de Dijver, d&#8217;o\u00f9 vous prendrez de magnifiques photos qui resteront dans votre m\u00e9moire.\u00a0<\/span><\/p>\n<p><span style=\"font-weight: 400;\">D\u00e8s le d\u00e9but de l&#8217;excursion, <\/span><b>vous serez accompagn\u00e9 d&#8217;un guide expert <\/b><span style=\"font-weight: 400;\">qui vous racontera les histoires les plus importantes de chaque point. L&#8217;objectif est que vous connaissiez tous les d\u00e9tails et que vous profitiez au maximum de l&#8217;excursion.\u00a0<\/span><\/p>\n<p><span style=\"font-weight: 400;\">Apr\u00e8s la visite guid\u00e9e, vous aurez 3 heures de libre pour explorer le reste de la ville \u00e0 votre guise. Pendant ce temps, vous pourrez faire du shopping ou approfondir cet endroit qui a attir\u00e9 votre attention.\u00a0<\/span><\/p>\n<p><span style=\"font-weight: 400;\">En outre, vous aurez l&#8217;occasion de d\u00e9guster la c\u00e9l\u00e8bre bi\u00e8re belge et l&#8217;exquis chocolat belge qui sont embl\u00e9matiques de ce pays.\u00a0<\/span><\/p>\n<p><span style=\"font-weight: 400;\">Et si vous pr\u00e9f\u00e9rez, planifiez avec nous la visite avec le d\u00e9jeuner inclus. L&#8217;id\u00e9e est que la visite soit personnalis\u00e9e en fonction de vos besoins.\u00a0<\/span><\/p>\n<h2><strong>Points d&#8217;int\u00e9r\u00eat de Cette Visite Priv\u00e9e<\/strong><\/h2>\n<p><span style=\"font-weight: 400;\">Cette visite priv\u00e9e de Bruges au d\u00e9part d&#8217;Amsterdam vous permettra de d\u00e9couvrir l&#8217;<\/span><b>une des plus belles villes d&#8217;Europe<\/b><span style=\"font-weight: 400;\">. Vous appr\u00e9cierez une myriade de monuments et de b\u00e2timents spectaculaires d\u00e9clar\u00e9s patrimoine mondial.\u00a0<\/span><\/p>\n<p><span style=\"font-weight: 400;\">Vous visiterez diff\u00e9rents points d&#8217;int\u00e9r\u00eat, comme le magnifique lac d&#8217;Amour, mais vous apprendrez aussi \u00e0 conna\u00eetre :\u00a0<\/span><\/p>\n<h3><span style=\"font-weight: 400; color: #d3af37;\">La Plaza Mayor<\/span><\/h3>\n<p><span style=\"font-weight: 400;\">La place principale ou Grote Markt est situ\u00e9e dans le centre historique de Bruges et est consid\u00e9r\u00e9e comme le c\u0153ur de la ville.\u00a0<\/span><\/p>\n<p><span style=\"font-weight: 400;\">Autour d&#8217;elle se trouvent plusieurs monuments, tels que le Beffroi et l&#8217;ancienne Cour provinciale. Un tour sur cette place sera un moment inoubliable, digne de nombreuses photos.\u00a0<\/span><\/p>\n<h3><span style=\"font-weight: 400; color: #d3af37;\">L&#8217;\u00e9glise de Notre Dame<\/span><\/h3>\n<p><span style=\"font-weight: 400;\">Cette \u00e9glise majestueuse, \u00e9galement connue sous le nom de &#8220;Notre Dame&#8221;, est une \u0153uvre d&#8217;art.\u00a0<\/span><\/p>\n<p><span style=\"font-weight: 400;\">Il s&#8217;agit d&#8217;un b\u00e2timent con\u00e7u dans le style gothique. Il s&#8217;agit en outre de la deuxi\u00e8me plus haute tour en briques du monde, qui contient \u00e0 l&#8217;int\u00e9rieur les restes de Charles le T\u00e9m\u00e9raire, qui fut le dernier duc de Bourgogne. \u00c0 c\u00f4t\u00e9 de lui se trouvent \u00e9galement les restes de sa fille Marie de Bourgogne.\u00a0<\/span><\/p>\n<p><span style=\"font-weight: 400;\">L&#8217;\u00e9glise abrite \u00e9galement l&#8217;une des plus grandes \u0153uvres d&#8217;art de Michel-Ange : &#8220;La Vierge \u00e0 l&#8217;Enfant ou Madone&#8221;.\u00a0<\/span><\/p>\n<p><span style=\"font-weight: 400;\">Nous savons que vous serez \u00e9merveill\u00e9 par l&#8217;architecture exquise et toute l&#8217;histoire contenue dans ce lieu incroyable.\u00a0<\/span><\/p>\n<h3><span style=\"font-weight: 400; color: #d3af37;\">La cath\u00e9drale de San Salvador<\/span><\/h3>\n<p><span style=\"font-weight: 400;\">Un autre des monuments d&#8217;une beaut\u00e9 architecturale incalculable que vous verrez \u00e0 Bruges est la cath\u00e9drale Saint-Sauveur.\u00a0<\/span><\/p>\n<p><span style=\"font-weight: 400;\">Il s&#8217;agit de la plus ancienne \u00e9glise de Bruges. Elle abrite un magnifique clocher qui est devenu un point de convergence pour tous les touristes.\u00a0<\/span><\/p>\n<h3><span style=\"font-weight: 400; color: #d3af37;\">Begijnhof ou Beaterium<\/span><\/h3>\n<p><span style=\"font-weight: 400;\">Lors de la visite priv\u00e9e de Bruges au d\u00e9part d&#8217;Amsterdam, vous ferez \u00e9galement connaissance avec un v\u00e9ritable joyau architectural qui vous invite \u00e9galement au repos car il est \u00e9loign\u00e9 de l&#8217;agitation de la ville.\u00a0<\/span><\/p>\n<p><span style=\"font-weight: 400;\">Nous faisons r\u00e9f\u00e9rence au Begijnhof ou Beaterio. Le complexe est situ\u00e9 juste derri\u00e8re le lac d&#8217;Amour, et poss\u00e8de de magnifiques jardins qui seront sans doute dignes de nombreuses photographies.\u00a0<\/span><\/p>\n<p><span style=\"font-weight: 400;\">En raison de son histoire embl\u00e9matique et de sa beaut\u00e9 unique, ce Beaterio a \u00e9t\u00e9 inscrit au patrimoine mondial de l&#8217;UNESCO.\u00a0<\/span><\/p>\n<p><span style=\"font-weight: 400;\">Apr\u00e8s avoir \u00e9t\u00e9 \u00e9merveill\u00e9s par chacun de ces lieux, vous disposerez de 3 heures de temps libre pour explorer la ville \u00e0 votre guise. Puis, nous entamerons notre retour \u00e0 21h00 dans la belle ville d&#8217;Amsterdam.<\/span><\/p>\n","protected":false},"excerpt":{"rendered":"<p><span style=\"font-weight: 400;\">Explorez la ville saisissante et int\u00e9ressante de Bruges au d\u00e9part d&#8217;Amsterdam. Laissez-nous vous emmener \u00e0 travers la campagne n\u00e9erlandaise jusqu&#8217;\u00e0 l&#8217;une des villes les plus importantes de Belgique. Il s&#8217;agit d&#8217;une visite priv\u00e9e de Bruges au d\u00e9part d&#8217;Amsterdam o\u00f9 vous verrez la Grand-Place, l&#8217;\u00e9glise Notre-Dame, le B\u00e9guinage, parmi de nombreux autres b\u00e2timents et monuments \u00e9tonnants. <\/span><\/p>\n","protected":false},"featured_media":114721,"comment_status":"open","ping_status":"closed","template":"","meta":{"_acf_changed":false},"product_brand":[],"product_cat":[3633,4003,4004,3639,4005,4006,3638,4007,4008,3637,4009,4010],"product_tag":[],"class_list":{"0":"post-100208","1":"product","2":"type-product","3":"status-publish","4":"has-post-thumbnail","6":"product_cat-amsterdam-fr","7":"product_cat-all-private-tours-activities-fr-2","8":"product_cat-private-sightseeing-tours-fr-2","9":"product_cat-leiden-fr","10":"product_cat-all-private-tours-activities-fr-3","11":"product_cat-private-sightseeing-tours-fr-3","12":"product_cat-rotterdam-fr","13":"product_cat-all-private-tours-activities-fr-4","14":"product_cat-private-sightseeing-tours-fr-4","15":"product_cat-lahaye-fr","16":"product_cat-all-private-tours-activities-fr-5","17":"product_cat-private-sightseeing-tours-fr-5","19":"first","20":"instock","21":"shipping-taxable","22":"purchasable","23":"product-type-simple"},"acf":[],"yoast_head":"<!-- This site is optimized with the Yoast SEO Premium plugin v25.3.1 (Yoast SEO v25.3.1) - https:\/\/yoast.com\/wordpress\/plugins\/seo\/ -->\n<title>Visite priv\u00e9e d&#039;Amsterdam \u00e0 Bruges avec guide et voiture priv\u00e9e<\/title>\n<meta name=\"description\" content=\"Vivez une exp\u00e9rience magique dans l&#039;une des villes les plus incroyables de Belgique, lors d&#039;une visite priv\u00e9e d&#039;Amsterdam \u00e0 Bruges avec guide et voiture inclus et avec service aller-retour.\" \/>\n<meta name=\"robots\" content=\"index, follow, max-snippet:-1, max-image-preview:large, max-video-preview:-1\" \/>\n<link rel=\"canonical\" href=\"https:\/\/tourtravelandmore.com\/fr\/tours\/les-pays-bas-fr\/amsterdam-fr\/visite-privee-de-bruges-au-depart-damsterdam\/\" \/>\n<meta property=\"og:locale\" content=\"fr_FR\" \/>\n<meta property=\"og:type\" content=\"article\" \/>\n<meta property=\"og:title\" content=\"Visite priv\u00e9e de Bruges au d\u00e9part d&#039;Amsterdam\" \/>\n<meta property=\"og:description\" content=\"Vivez une exp\u00e9rience magique dans l&#039;une des villes les plus incroyables de Belgique, lors d&#039;une visite priv\u00e9e d&#039;Amsterdam \u00e0 Bruges avec guide et voiture inclus et avec service aller-retour.\" \/>\n<meta property=\"og:url\" content=\"https:\/\/tourtravelandmore.com\/fr\/tours\/les-pays-bas-fr\/amsterdam-fr\/visite-privee-de-bruges-au-depart-damsterdam\/\" \/>\n<meta property=\"og:site_name\" content=\"Tour Travel And More\" \/>\n<meta property=\"article:publisher\" content=\"https:\/\/www.facebook.com\/tourtravelandmore\/\" \/>\n<meta property=\"article:modified_time\" content=\"2021-12-07T16:35:04+00:00\" \/>\n<meta property=\"og:image\" content=\"https:\/\/tourtravelandmore.com\/wp-content\/uploads\/2018\/10\/image5-1.jpg\" \/>\n\t<meta property=\"og:image:width\" content=\"910\" \/>\n\t<meta property=\"og:image:height\" content=\"607\" \/>\n\t<meta property=\"og:image:type\" content=\"image\/jpeg\" \/>\n<meta name=\"twitter:card\" content=\"summary_large_image\" \/>\n<meta name=\"twitter:site\" content=\"@TourTravel_More\" \/>\n<meta name=\"twitter:label1\" content=\"Dur\u00e9e de lecture estim\u00e9e\" \/>\n\t<meta name=\"twitter:data1\" content=\"4 minutes\" \/>\n<script type=\"application\/ld+json\" class=\"yoast-schema-graph\">{\"@context\":\"https:\/\/schema.org\",\"@graph\":[{\"@type\":\"WebPage\",\"@id\":\"https:\/\/tourtravelandmore.com\/fr\/tours\/les-pays-bas-fr\/amsterdam-fr\/visite-privee-de-bruges-au-depart-damsterdam\/\",\"url\":\"https:\/\/tourtravelandmore.com\/fr\/tours\/les-pays-bas-fr\/amsterdam-fr\/visite-privee-de-bruges-au-depart-damsterdam\/\",\"name\":\"Visite priv\u00e9e d'Amsterdam \u00e0 Bruges avec guide et voiture priv\u00e9e\",\"isPartOf\":{\"@id\":\"https:\/\/tourtravelandmore.com\/fr\/#website\"},\"primaryImageOfPage\":{\"@id\":\"https:\/\/tourtravelandmore.com\/fr\/tours\/les-pays-bas-fr\/amsterdam-fr\/visite-privee-de-bruges-au-depart-damsterdam\/#primaryimage\"},\"image\":{\"@id\":\"https:\/\/tourtravelandmore.com\/fr\/tours\/les-pays-bas-fr\/amsterdam-fr\/visite-privee-de-bruges-au-depart-damsterdam\/#primaryimage\"},\"thumbnailUrl\":\"https:\/\/tourtravelandmore.com\/wp-content\/uploads\/2018\/10\/image5-1.jpg\",\"datePublished\":\"2018-10-18T16:46:07+00:00\",\"dateModified\":\"2021-12-07T16:35:04+00:00\",\"description\":\"Vivez une exp\u00e9rience magique dans l'une des villes les plus incroyables de Belgique, lors d'une visite priv\u00e9e d'Amsterdam \u00e0 Bruges avec guide et voiture inclus et avec service aller-retour.\",\"breadcrumb\":{\"@id\":\"https:\/\/tourtravelandmore.com\/fr\/tours\/les-pays-bas-fr\/amsterdam-fr\/visite-privee-de-bruges-au-depart-damsterdam\/#breadcrumb\"},\"inLanguage\":\"fr-FR\",\"potentialAction\":[{\"@type\":\"ReadAction\",\"target\":[\"https:\/\/tourtravelandmore.com\/fr\/tours\/les-pays-bas-fr\/amsterdam-fr\/visite-privee-de-bruges-au-depart-damsterdam\/\"]}]},{\"@type\":\"ImageObject\",\"inLanguage\":\"fr-FR\",\"@id\":\"https:\/\/tourtravelandmore.com\/fr\/tours\/les-pays-bas-fr\/amsterdam-fr\/visite-privee-de-bruges-au-depart-damsterdam\/#primaryimage\",\"url\":\"https:\/\/tourtravelandmore.com\/wp-content\/uploads\/2018\/10\/image5-1.jpg\",\"contentUrl\":\"https:\/\/tourtravelandmore.com\/wp-content\/uploads\/2018\/10\/image5-1.jpg\",\"width\":910,\"height\":607},{\"@type\":\"BreadcrumbList\",\"@id\":\"https:\/\/tourtravelandmore.com\/fr\/tours\/les-pays-bas-fr\/amsterdam-fr\/visite-privee-de-bruges-au-depart-damsterdam\/#breadcrumb\",\"itemListElement\":[{\"@type\":\"ListItem\",\"position\":1,\"name\":\"Home\",\"item\":\"https:\/\/tourtravelandmore.com\/fr\/\"},{\"@type\":\"ListItem\",\"position\":2,\"name\":\"Tours\",\"item\":\"https:\/\/tourtravelandmore.com\/fr\/tours\/\"},{\"@type\":\"ListItem\",\"position\":3,\"name\":\"Visite priv\u00e9e de Bruges au d\u00e9part d&#8217;Amsterdam\"}]},{\"@type\":\"WebSite\",\"@id\":\"https:\/\/tourtravelandmore.com\/fr\/#website\",\"url\":\"https:\/\/tourtravelandmore.com\/fr\/\",\"name\":\"Tour Travel And More\",\"description\":\"Private sightseeing tours and luxury transfers in Spain\",\"publisher\":{\"@id\":\"https:\/\/tourtravelandmore.com\/fr\/#organization\"},\"potentialAction\":[{\"@type\":\"SearchAction\",\"target\":{\"@type\":\"EntryPoint\",\"urlTemplate\":\"https:\/\/tourtravelandmore.com\/fr\/?s={search_term_string}\"},\"query-input\":{\"@type\":\"PropertyValueSpecification\",\"valueRequired\":true,\"valueName\":\"search_term_string\"}}],\"inLanguage\":\"fr-FR\"},{\"@type\":\"Organization\",\"@id\":\"https:\/\/tourtravelandmore.com\/fr\/#organization\",\"name\":\"Tour Travel And More\",\"url\":\"https:\/\/tourtravelandmore.com\/fr\/\",\"logo\":{\"@type\":\"ImageObject\",\"inLanguage\":\"fr-FR\",\"@id\":\"https:\/\/tourtravelandmore.com\/fr\/#\/schema\/logo\/image\/\",\"url\":\"https:\/\/tourtravelandmore.com\/wp-content\/uploads\/2022\/12\/cropped-logo-cabecera-new.png\",\"contentUrl\":\"https:\/\/tourtravelandmore.com\/wp-content\/uploads\/2022\/12\/cropped-logo-cabecera-new.png\",\"width\":430,\"height\":61,\"caption\":\"Tour Travel And More\"},\"image\":{\"@id\":\"https:\/\/tourtravelandmore.com\/fr\/#\/schema\/logo\/image\/\"},\"sameAs\":[\"https:\/\/www.facebook.com\/tourtravelandmore\/\",\"https:\/\/x.com\/TourTravel_More\"]}]}<\/script>\n<!-- \/ Yoast SEO Premium plugin. -->","yoast_head_json":{"title":"Visite priv\u00e9e d'Amsterdam \u00e0 Bruges avec guide et voiture priv\u00e9e","description":"Vivez une exp\u00e9rience magique dans l'une des villes les plus incroyables de Belgique, lors d'une visite priv\u00e9e d'Amsterdam \u00e0 Bruges avec guide et voiture inclus et avec service aller-retour.","robots":{"index":"index","follow":"follow","max-snippet":"max-snippet:-1","max-image-preview":"max-image-preview:large","max-video-preview":"max-video-preview:-1"},"canonical":"https:\/\/tourtravelandmore.com\/fr\/tours\/les-pays-bas-fr\/amsterdam-fr\/visite-privee-de-bruges-au-depart-damsterdam\/","og_locale":"fr_FR","og_type":"article","og_title":"Visite priv\u00e9e de Bruges au d\u00e9part d'Amsterdam","og_description":"Vivez une exp\u00e9rience magique dans l'une des villes les plus incroyables de Belgique, lors d'une visite priv\u00e9e d'Amsterdam \u00e0 Bruges avec guide et voiture inclus et avec service aller-retour.","og_url":"https:\/\/tourtravelandmore.com\/fr\/tours\/les-pays-bas-fr\/amsterdam-fr\/visite-privee-de-bruges-au-depart-damsterdam\/","og_site_name":"Tour Travel And More","article_publisher":"https:\/\/www.facebook.com\/tourtravelandmore\/","article_modified_time":"2021-12-07T16:35:04+00:00","og_image":[{"width":910,"height":607,"url":"https:\/\/tourtravelandmore.com\/wp-content\/uploads\/2018\/10\/image5-1.jpg","type":"image\/jpeg"}],"twitter_card":"summary_large_image","twitter_site":"@TourTravel_More","twitter_misc":{"Dur\u00e9e de lecture estim\u00e9e":"4 minutes"},"schema":{"@context":"https:\/\/schema.org","@graph":[{"@type":"WebPage","@id":"https:\/\/tourtravelandmore.com\/fr\/tours\/les-pays-bas-fr\/amsterdam-fr\/visite-privee-de-bruges-au-depart-damsterdam\/","url":"https:\/\/tourtravelandmore.com\/fr\/tours\/les-pays-bas-fr\/amsterdam-fr\/visite-privee-de-bruges-au-depart-damsterdam\/","name":"Visite priv\u00e9e d'Amsterdam \u00e0 Bruges avec guide et voiture priv\u00e9e","isPartOf":{"@id":"https:\/\/tourtravelandmore.com\/fr\/#website"},"primaryImageOfPage":{"@id":"https:\/\/tourtravelandmore.com\/fr\/tours\/les-pays-bas-fr\/amsterdam-fr\/visite-privee-de-bruges-au-depart-damsterdam\/#primaryimage"},"image":{"@id":"https:\/\/tourtravelandmore.com\/fr\/tours\/les-pays-bas-fr\/amsterdam-fr\/visite-privee-de-bruges-au-depart-damsterdam\/#primaryimage"},"thumbnailUrl":"https:\/\/tourtravelandmore.com\/wp-content\/uploads\/2018\/10\/image5-1.jpg","datePublished":"2018-10-18T16:46:07+00:00","dateModified":"2021-12-07T16:35:04+00:00","description":"Vivez une exp\u00e9rience magique dans l'une des villes les plus incroyables de Belgique, lors d'une visite priv\u00e9e d'Amsterdam \u00e0 Bruges avec guide et voiture inclus et avec service aller-retour.","breadcrumb":{"@id":"https:\/\/tourtravelandmore.com\/fr\/tours\/les-pays-bas-fr\/amsterdam-fr\/visite-privee-de-bruges-au-depart-damsterdam\/#breadcrumb"},"inLanguage":"fr-FR","potentialAction":[{"@type":"ReadAction","target":["https:\/\/tourtravelandmore.com\/fr\/tours\/les-pays-bas-fr\/amsterdam-fr\/visite-privee-de-bruges-au-depart-damsterdam\/"]}]},{"@type":"ImageObject","inLanguage":"fr-FR","@id":"https:\/\/tourtravelandmore.com\/fr\/tours\/les-pays-bas-fr\/amsterdam-fr\/visite-privee-de-bruges-au-depart-damsterdam\/#primaryimage","url":"https:\/\/tourtravelandmore.com\/wp-content\/uploads\/2018\/10\/image5-1.jpg","contentUrl":"https:\/\/tourtravelandmore.com\/wp-content\/uploads\/2018\/10\/image5-1.jpg","width":910,"height":607},{"@type":"BreadcrumbList","@id":"https:\/\/tourtravelandmore.com\/fr\/tours\/les-pays-bas-fr\/amsterdam-fr\/visite-privee-de-bruges-au-depart-damsterdam\/#breadcrumb","itemListElement":[{"@type":"ListItem","position":1,"name":"Home","item":"https:\/\/tourtravelandmore.com\/fr\/"},{"@type":"ListItem","position":2,"name":"Tours","item":"https:\/\/tourtravelandmore.com\/fr\/tours\/"},{"@type":"ListItem","position":3,"name":"Visite priv\u00e9e de Bruges au d\u00e9part d&#8217;Amsterdam"}]},{"@type":"WebSite","@id":"https:\/\/tourtravelandmore.com\/fr\/#website","url":"https:\/\/tourtravelandmore.com\/fr\/","name":"Tour Travel And More","description":"Private sightseeing tours and luxury transfers in Spain","publisher":{"@id":"https:\/\/tourtravelandmore.com\/fr\/#organization"},"potentialAction":[{"@type":"SearchAction","target":{"@type":"EntryPoint","urlTemplate":"https:\/\/tourtravelandmore.com\/fr\/?s={search_term_string}"},"query-input":{"@type":"PropertyValueSpecification","valueRequired":true,"valueName":"search_term_string"}}],"inLanguage":"fr-FR"},{"@type":"Organization","@id":"https:\/\/tourtravelandmore.com\/fr\/#organization","name":"Tour Travel And More","url":"https:\/\/tourtravelandmore.com\/fr\/","logo":{"@type":"ImageObject","inLanguage":"fr-FR","@id":"https:\/\/tourtravelandmore.com\/fr\/#\/schema\/logo\/image\/","url":"https:\/\/tourtravelandmore.com\/wp-content\/uploads\/2022\/12\/cropped-logo-cabecera-new.png","contentUrl":"https:\/\/tourtravelandmore.com\/wp-content\/uploads\/2022\/12\/cropped-logo-cabecera-new.png","width":430,"height":61,"caption":"Tour Travel And More"},"image":{"@id":"https:\/\/tourtravelandmore.com\/fr\/#\/schema\/logo\/image\/"},"sameAs":["https:\/\/www.facebook.com\/tourtravelandmore\/","https:\/\/x.com\/TourTravel_More"]}]}},"_links":{"self":[{"href":"https:\/\/tourtravelandmore.com\/fr\/wp-json\/wp\/v2\/product\/100208","targetHints":{"allow":["GET"]}}],"collection":[{"href":"https:\/\/tourtravelandmore.com\/fr\/wp-json\/wp\/v2\/product"}],"about":[{"href":"https:\/\/tourtravelandmore.com\/fr\/wp-json\/wp\/v2\/types\/product"}],"replies":[{"embeddable":true,"href":"https:\/\/tourtravelandmore.com\/fr\/wp-json\/wp\/v2\/comments?post=100208"}],"wp:featuredmedia":[{"embeddable":true,"href":"https:\/\/tourtravelandmore.com\/fr\/wp-json\/wp\/v2\/media\/114721"}],"wp:attachment":[{"href":"https:\/\/tourtravelandmore.com\/fr\/wp-json\/wp\/v2\/media?parent=100208"}],"wp:term":[{"taxonomy":"product_brand","embeddable":true,"href":"https:\/\/tourtravelandmore.com\/fr\/wp-json\/wp\/v2\/product_brand?post=100208"},{"taxonomy":"product_cat","embeddable":true,"href":"https:\/\/tourtravelandmore.com\/fr\/wp-json\/wp\/v2\/product_cat?post=100208"},{"taxonomy":"product_tag","embeddable":true,"href":"https:\/\/tourtravelandmore.com\/fr\/wp-json\/wp\/v2\/product_tag?post=100208"}],"curies":[{"name":"wp","href":"https:\/\/api.w.org\/{rel}","templated":true}]}}