{"id":100203,"date":"2018-10-18T18:05:38","date_gmt":"2018-10-18T16:05:38","guid":{"rendered":"https:\/\/tourtravelandmore.com\/tours\/non%20class\u00e9\/visite-privee-dune-journee-a-la-haye\/"},"modified":"2021-12-07T17:23:03","modified_gmt":"2021-12-07T16:23:03","slug":"visite-privee-dune-journee-a-la-haye","status":"publish","type":"product","link":"https:\/\/tourtravelandmore.com\/fr\/tours\/les-pays-bas-fr\/amsterdam-fr\/visite-privee-dune-journee-a-la-haye\/","title":{"rendered":"Visite priv\u00e9e d&#8217;une journ\u00e9e \u00e0 La Haye"},"content":{"rendered":"<h2><strong>Description Visite priv\u00e9e de La Haye au d\u00e9part d&#8217;Amsterdam<\/strong><\/h2>\n<p><span style=\"font-weight: 400;\">La Haye est l&#8217;une des villes les plus imposantes et les plus importantes d&#8217;Europe. Si vous visitez Amsterdam, vous pouvez r\u00e9server notre <\/span><b>visite priv\u00e9e de La Haye au d\u00e9part d&#8217;Amsterdam<\/b><span style=\"font-weight: 400;\">, au cours de laquelle vous serez accompagn\u00e9 d&#8217;un guide priv\u00e9 qui vous racontera les faits historiques les plus importants de la c\u00e9l\u00e8bre &#8220;Cit\u00e9 de la Cour&#8221;.\u00a0<\/span><\/p>\n<p><span style=\"font-weight: 400;\">L&#8217;objectif est d&#8217;adapter le trajet \u00e0 vos besoins et \u00e0 vos int\u00e9r\u00eats.\u00a0<\/span><\/p>\n<p><b>Nous <\/b><span style=\"font-weight: 400;\">vous <\/span><b>transf\u00e9rerons dans une voiture confortable \u00e0 La Haye<\/b><span style=\"font-weight: 400;\">, qui est situ\u00e9e \u00e0 1 heure d&#8217;Amsterdam.\u00a0<\/span><\/p>\n<p><span style=\"font-weight: 400;\">Une fois dans la ville, vous ferez le tour des b\u00e2timents et monuments les plus embl\u00e9matiques de la ville pour vous immerger dans l&#8217;histoire qui entoure cette m\u00e9tropole majestueuse et magique.<\/span><\/p>\n<p><b>La visite dure 6 heures. <\/b><span style=\"font-weight: 400;\">Chaque moment de la visite est planifi\u00e9 pour que vous puissiez d\u00e9couvrir tous les coins de La Haye, tels que le Binnenhof, le Parlement, le Panorama Mesdag, la plage de Scheveningen, les canaux de La Haye, Madurodam, parmi beaucoup d&#8217;autres endroits.\u00a0<\/span><\/p>\n<p><span style=\"font-weight: 400;\">Vous verrez \u00e9galement le b\u00e2timent o\u00f9 se trouvent la Cour internationale de justice et la Cour p\u00e9nale internationale.\u00a0<\/span><\/p>\n<p><span style=\"font-weight: 400;\">Le guide vous accompagnera pendant 2 heures. Vous disposerez ensuite de temps libre pour vous immerger dans la vie de la ville.\u00a0<\/span><\/p>\n<p><span style=\"font-weight: 400;\">Il s&#8217;agit d&#8217;une visite guid\u00e9e o\u00f9 se m\u00ealent l&#8217;histoire, l&#8217;\u00e9l\u00e9gance et la majest\u00e9 de La Haye, \u00e0 travers ses larges avenues, son architecture imposante et ses nombreux espaces verts.\u00a0<\/span><\/p>\n<h2><strong>Points d&#8217;int\u00e9r\u00eat de Cette Visite Priv\u00e9e<\/strong><\/h2>\n<p><span style=\"font-weight: 400;\">La visite guid\u00e9e de La Haye depuis Amsterdam vous fera voir la ville d&#8217;un autre point de vue. Puisque le guide vous prendra par la main pour vous faire d\u00e9couvrir l&#8217;histoire de ses b\u00e2timents, de ses rues et de ses monuments.\u00a0<\/span><\/p>\n<p><span style=\"font-weight: 400;\">Parmi les monuments que vous verrez, citons les suivants :\u00a0<\/span><\/p>\n<h3><span style=\"font-weight: 400; color: #d3af37;\">Parlement n\u00e9erlandais<\/span><\/h3>\n<p><span style=\"font-weight: 400;\">Il est \u00e9galement appel\u00e9 le Binnenhof, et est l&#8217;un des b\u00e2timents les plus majestueux et les plus importants de la ville.\u00a0<\/span><\/p>\n<p><span style=\"font-weight: 400;\">Il abrite la c\u00e9l\u00e8bre salle des chevaliers, reconnue dans le monde entier comme l&#8217;une des plus \u00e9l\u00e9gantes d&#8217;Europe.\u00a0<\/span><\/p>\n<h3><span style=\"font-weight: 400; color: #d3af37;\">Le Palais international de la paix<\/span><\/h3>\n<p><span style=\"font-weight: 400;\">C&#8217;est le b\u00e2timent qui abrite la Cour internationale de justice. Pour cette raison, vous verrez beaucoup d&#8217;activit\u00e9 parlementaire autour de lui.\u00a0<\/span><\/p>\n<p><span style=\"font-weight: 400;\">C&#8217;est l&#8217;un des points de visite recommand\u00e9s, o\u00f9 vous pourrez prendre de superbes photos en souvenir de cette zone embl\u00e9matique de la ville.\u00a0<\/span><\/p>\n<h3><span style=\"font-weight: 400; color: #d3af37;\">Scheveningen<\/span><\/h3>\n<p><span style=\"font-weight: 400;\">Ce quartier de bord de mer fait partie des 8 quartiers de la ville, et est bien connu car il a \u00e9t\u00e9 immortalis\u00e9 dans l&#8217;une des grandes \u0153uvres de Vincent Van Gogh.<\/span><\/p>\n<p><span style=\"font-weight: 400;\">C&#8217;\u00e9tait une ancienne zone de p\u00eache qui est maintenant devenue une belle zone touristique.\u00a0<\/span><\/p>\n<h3><span style=\"font-weight: 400; color: #d3af37;\">Palais Noordeinde<\/span><\/h3>\n<p><span style=\"font-weight: 400;\">Lors de cette visite priv\u00e9e de La Haye, vous verrez \u00e9galement le palais Noordeinde, qui est l&#8217;un des quatre palais officiels o\u00f9 r\u00e9side la famille royale n\u00e9erlandaise et qui sert \u00e9galement de lieu de travail pour les monarques.\u00a0<\/span><\/p>\n<p><span style=\"font-weight: 400;\">Vous serez impressionn\u00e9 par l&#8217;\u00e9l\u00e9gance de son architecture et par ses murs et fen\u00eatres imposants.\u00a0<\/span><\/p>\n<p><span style=\"font-weight: 400;\">En plus de ces lieux fascinants, notre visite guid\u00e9e vous permettra de visiter :\u00a0<\/span><\/p>\n<ul>\n<li style=\"font-weight: 400;\" aria-level=\"1\"><strong>Madurodam<\/strong><\/li>\n<li style=\"font-weight: 400;\" aria-level=\"1\"><strong>Gevangenpoort<\/strong><\/li>\n<li style=\"font-weight: 400;\" aria-level=\"1\"><strong>Les cha\u00eenes de La Haye<\/strong><\/li>\n<li style=\"font-weight: 400;\" aria-level=\"1\"><strong>Parmi de nombreux autres sites.\u00a0<\/strong><\/li>\n<\/ul>\n<p><span style=\"font-weight: 400;\">\u00c0 la fin de la visite, la voiture vous ram\u00e8nera \u00e0 Amsterdam pour que vous puissiez recharger vos batteries et continuer votre visite touristique.\u00a0<\/span><\/p>\n<p><span style=\"font-weight: 400;\">Si cela vous convient, vous pouvez louer un forfait plus complet avec le <\/span><a href=\"https:\/\/tourtravelandmore.com\/fr\/tours\/les-pays-bas-fr\/amsterdam-fr\/visite-privee-de-la-haye-et-de-rotterdam\/\"><b>circuit de La Haye et de Rotterdam<\/b><\/a><span style=\"font-weight: 400;\">, et ainsi comparer l&#8217;incroyable style de vie de ces 2 grandes villes des Pays-Bas.\u00a0<\/span><\/p>\n","protected":false},"excerpt":{"rendered":"<p><span style=\"font-weight: 400;\">Explorez enti\u00e8rement la ville de La Haye en compagnie d&#8217;un guide expert dans une voiture priv\u00e9e. Cette excursion vous permettra d&#8217;admirer la Cour internationale de justice, le palais de Noordeinde, Gevangenpoort et bien d&#8217;autres sites attrayants. Le circuit comprend le retour \u00e0 la maison pour se reposer et r\u00e9cup\u00e9rer \u00e0 Amsterdam.<\/span><\/p>\n","protected":false},"featured_media":114085,"comment_status":"open","ping_status":"closed","template":"","meta":{"_acf_changed":false},"product_brand":[],"product_cat":[3633,4003,4004,3638,4007,4008,3637,4009,4010],"product_tag":[],"class_list":{"0":"post-100203","1":"product","2":"type-product","3":"status-publish","4":"has-post-thumbnail","6":"product_cat-amsterdam-fr","7":"product_cat-all-private-tours-activities-fr-2","8":"product_cat-private-sightseeing-tours-fr-2","9":"product_cat-rotterdam-fr","10":"product_cat-all-private-tours-activities-fr-4","11":"product_cat-private-sightseeing-tours-fr-4","12":"product_cat-lahaye-fr","13":"product_cat-all-private-tours-activities-fr-5","14":"product_cat-private-sightseeing-tours-fr-5","16":"first","17":"instock","18":"shipping-taxable","19":"purchasable","20":"product-type-simple"},"acf":[],"yoast_head":"<!-- This site is optimized with the Yoast SEO Premium plugin v25.3.1 (Yoast SEO v25.3.1) - https:\/\/yoast.com\/wordpress\/plugins\/seo\/ -->\n<title>Visite priv\u00e9e de La Haye \u00e0 partir d&#039;Amsterdam avec guide et voiture priv\u00e9e<\/title>\n<meta name=\"description\" content=\"Vous voulez faire connaissance avec le si\u00e8ge du gouvernement des Pays-Bas? Prenez quelques heures pour visiter l&#039;imposante ville de La Haye, lors d&#039;une visite priv\u00e9e avec guide priv\u00e9 et voiture incluse au d\u00e9part d&#039;Amsterdam.\" \/>\n<meta name=\"robots\" content=\"index, follow, max-snippet:-1, max-image-preview:large, max-video-preview:-1\" \/>\n<link rel=\"canonical\" href=\"https:\/\/tourtravelandmore.com\/fr\/tours\/les-pays-bas-fr\/amsterdam-fr\/visite-privee-dune-journee-a-la-haye\/\" \/>\n<meta property=\"og:locale\" content=\"fr_FR\" \/>\n<meta property=\"og:type\" content=\"article\" \/>\n<meta property=\"og:title\" content=\"Visite priv\u00e9e d&#039;une journ\u00e9e \u00e0 La Haye\" \/>\n<meta property=\"og:description\" content=\"Vous voulez faire connaissance avec le si\u00e8ge du gouvernement des Pays-Bas? Prenez quelques heures pour visiter l&#039;imposante ville de La Haye, lors d&#039;une visite priv\u00e9e avec guide priv\u00e9 et voiture incluse au d\u00e9part d&#039;Amsterdam.\" \/>\n<meta property=\"og:url\" content=\"https:\/\/tourtravelandmore.com\/fr\/tours\/les-pays-bas-fr\/amsterdam-fr\/visite-privee-dune-journee-a-la-haye\/\" \/>\n<meta property=\"og:site_name\" content=\"Tour Travel And More\" \/>\n<meta property=\"article:publisher\" content=\"https:\/\/www.facebook.com\/tourtravelandmore\/\" \/>\n<meta property=\"article:modified_time\" content=\"2021-12-07T16:23:03+00:00\" \/>\n<meta property=\"og:image\" content=\"https:\/\/tourtravelandmore.com\/wp-content\/uploads\/2018\/10\/image48.jpg\" \/>\n\t<meta property=\"og:image:width\" content=\"782\" \/>\n\t<meta property=\"og:image:height\" content=\"497\" \/>\n\t<meta property=\"og:image:type\" content=\"image\/jpeg\" \/>\n<meta name=\"twitter:card\" content=\"summary_large_image\" \/>\n<meta name=\"twitter:site\" content=\"@TourTravel_More\" \/>\n<meta name=\"twitter:label1\" content=\"Dur\u00e9e de lecture estim\u00e9e\" \/>\n\t<meta name=\"twitter:data1\" content=\"3 minutes\" \/>\n<script type=\"application\/ld+json\" class=\"yoast-schema-graph\">{\"@context\":\"https:\/\/schema.org\",\"@graph\":[{\"@type\":\"WebPage\",\"@id\":\"https:\/\/tourtravelandmore.com\/fr\/tours\/les-pays-bas-fr\/amsterdam-fr\/visite-privee-dune-journee-a-la-haye\/\",\"url\":\"https:\/\/tourtravelandmore.com\/fr\/tours\/les-pays-bas-fr\/amsterdam-fr\/visite-privee-dune-journee-a-la-haye\/\",\"name\":\"Visite priv\u00e9e de La Haye \u00e0 partir d'Amsterdam avec guide et voiture priv\u00e9e\",\"isPartOf\":{\"@id\":\"https:\/\/tourtravelandmore.com\/fr\/#website\"},\"primaryImageOfPage\":{\"@id\":\"https:\/\/tourtravelandmore.com\/fr\/tours\/les-pays-bas-fr\/amsterdam-fr\/visite-privee-dune-journee-a-la-haye\/#primaryimage\"},\"image\":{\"@id\":\"https:\/\/tourtravelandmore.com\/fr\/tours\/les-pays-bas-fr\/amsterdam-fr\/visite-privee-dune-journee-a-la-haye\/#primaryimage\"},\"thumbnailUrl\":\"https:\/\/tourtravelandmore.com\/wp-content\/uploads\/2018\/10\/image48.jpg\",\"datePublished\":\"2018-10-18T16:05:38+00:00\",\"dateModified\":\"2021-12-07T16:23:03+00:00\",\"description\":\"Vous voulez faire connaissance avec le si\u00e8ge du gouvernement des Pays-Bas? Prenez quelques heures pour visiter l'imposante ville de La Haye, lors d'une visite priv\u00e9e avec guide priv\u00e9 et voiture incluse au d\u00e9part d'Amsterdam.\",\"breadcrumb\":{\"@id\":\"https:\/\/tourtravelandmore.com\/fr\/tours\/les-pays-bas-fr\/amsterdam-fr\/visite-privee-dune-journee-a-la-haye\/#breadcrumb\"},\"inLanguage\":\"fr-FR\",\"potentialAction\":[{\"@type\":\"ReadAction\",\"target\":[\"https:\/\/tourtravelandmore.com\/fr\/tours\/les-pays-bas-fr\/amsterdam-fr\/visite-privee-dune-journee-a-la-haye\/\"]}]},{\"@type\":\"ImageObject\",\"inLanguage\":\"fr-FR\",\"@id\":\"https:\/\/tourtravelandmore.com\/fr\/tours\/les-pays-bas-fr\/amsterdam-fr\/visite-privee-dune-journee-a-la-haye\/#primaryimage\",\"url\":\"https:\/\/tourtravelandmore.com\/wp-content\/uploads\/2018\/10\/image48.jpg\",\"contentUrl\":\"https:\/\/tourtravelandmore.com\/wp-content\/uploads\/2018\/10\/image48.jpg\",\"width\":782,\"height\":497},{\"@type\":\"BreadcrumbList\",\"@id\":\"https:\/\/tourtravelandmore.com\/fr\/tours\/les-pays-bas-fr\/amsterdam-fr\/visite-privee-dune-journee-a-la-haye\/#breadcrumb\",\"itemListElement\":[{\"@type\":\"ListItem\",\"position\":1,\"name\":\"Home\",\"item\":\"https:\/\/tourtravelandmore.com\/fr\/\"},{\"@type\":\"ListItem\",\"position\":2,\"name\":\"Tours\",\"item\":\"https:\/\/tourtravelandmore.com\/fr\/tours\/\"},{\"@type\":\"ListItem\",\"position\":3,\"name\":\"Visite priv\u00e9e d&#8217;une journ\u00e9e \u00e0 La Haye\"}]},{\"@type\":\"WebSite\",\"@id\":\"https:\/\/tourtravelandmore.com\/fr\/#website\",\"url\":\"https:\/\/tourtravelandmore.com\/fr\/\",\"name\":\"Tour Travel And More\",\"description\":\"Private sightseeing tours and luxury transfers in Spain\",\"publisher\":{\"@id\":\"https:\/\/tourtravelandmore.com\/fr\/#organization\"},\"potentialAction\":[{\"@type\":\"SearchAction\",\"target\":{\"@type\":\"EntryPoint\",\"urlTemplate\":\"https:\/\/tourtravelandmore.com\/fr\/?s={search_term_string}\"},\"query-input\":{\"@type\":\"PropertyValueSpecification\",\"valueRequired\":true,\"valueName\":\"search_term_string\"}}],\"inLanguage\":\"fr-FR\"},{\"@type\":\"Organization\",\"@id\":\"https:\/\/tourtravelandmore.com\/fr\/#organization\",\"name\":\"Tour Travel And More\",\"url\":\"https:\/\/tourtravelandmore.com\/fr\/\",\"logo\":{\"@type\":\"ImageObject\",\"inLanguage\":\"fr-FR\",\"@id\":\"https:\/\/tourtravelandmore.com\/fr\/#\/schema\/logo\/image\/\",\"url\":\"https:\/\/tourtravelandmore.com\/wp-content\/uploads\/2022\/12\/cropped-logo-cabecera-new.png\",\"contentUrl\":\"https:\/\/tourtravelandmore.com\/wp-content\/uploads\/2022\/12\/cropped-logo-cabecera-new.png\",\"width\":430,\"height\":61,\"caption\":\"Tour Travel And More\"},\"image\":{\"@id\":\"https:\/\/tourtravelandmore.com\/fr\/#\/schema\/logo\/image\/\"},\"sameAs\":[\"https:\/\/www.facebook.com\/tourtravelandmore\/\",\"https:\/\/x.com\/TourTravel_More\"]}]}<\/script>\n<!-- \/ Yoast SEO Premium plugin. -->","yoast_head_json":{"title":"Visite priv\u00e9e de La Haye \u00e0 partir d'Amsterdam avec guide et voiture priv\u00e9e","description":"Vous voulez faire connaissance avec le si\u00e8ge du gouvernement des Pays-Bas? Prenez quelques heures pour visiter l'imposante ville de La Haye, lors d'une visite priv\u00e9e avec guide priv\u00e9 et voiture incluse au d\u00e9part d'Amsterdam.","robots":{"index":"index","follow":"follow","max-snippet":"max-snippet:-1","max-image-preview":"max-image-preview:large","max-video-preview":"max-video-preview:-1"},"canonical":"https:\/\/tourtravelandmore.com\/fr\/tours\/les-pays-bas-fr\/amsterdam-fr\/visite-privee-dune-journee-a-la-haye\/","og_locale":"fr_FR","og_type":"article","og_title":"Visite priv\u00e9e d'une journ\u00e9e \u00e0 La Haye","og_description":"Vous voulez faire connaissance avec le si\u00e8ge du gouvernement des Pays-Bas? Prenez quelques heures pour visiter l'imposante ville de La Haye, lors d'une visite priv\u00e9e avec guide priv\u00e9 et voiture incluse au d\u00e9part d'Amsterdam.","og_url":"https:\/\/tourtravelandmore.com\/fr\/tours\/les-pays-bas-fr\/amsterdam-fr\/visite-privee-dune-journee-a-la-haye\/","og_site_name":"Tour Travel And More","article_publisher":"https:\/\/www.facebook.com\/tourtravelandmore\/","article_modified_time":"2021-12-07T16:23:03+00:00","og_image":[{"width":782,"height":497,"url":"https:\/\/tourtravelandmore.com\/wp-content\/uploads\/2018\/10\/image48.jpg","type":"image\/jpeg"}],"twitter_card":"summary_large_image","twitter_site":"@TourTravel_More","twitter_misc":{"Dur\u00e9e de lecture estim\u00e9e":"3 minutes"},"schema":{"@context":"https:\/\/schema.org","@graph":[{"@type":"WebPage","@id":"https:\/\/tourtravelandmore.com\/fr\/tours\/les-pays-bas-fr\/amsterdam-fr\/visite-privee-dune-journee-a-la-haye\/","url":"https:\/\/tourtravelandmore.com\/fr\/tours\/les-pays-bas-fr\/amsterdam-fr\/visite-privee-dune-journee-a-la-haye\/","name":"Visite priv\u00e9e de La Haye \u00e0 partir d'Amsterdam avec guide et voiture priv\u00e9e","isPartOf":{"@id":"https:\/\/tourtravelandmore.com\/fr\/#website"},"primaryImageOfPage":{"@id":"https:\/\/tourtravelandmore.com\/fr\/tours\/les-pays-bas-fr\/amsterdam-fr\/visite-privee-dune-journee-a-la-haye\/#primaryimage"},"image":{"@id":"https:\/\/tourtravelandmore.com\/fr\/tours\/les-pays-bas-fr\/amsterdam-fr\/visite-privee-dune-journee-a-la-haye\/#primaryimage"},"thumbnailUrl":"https:\/\/tourtravelandmore.com\/wp-content\/uploads\/2018\/10\/image48.jpg","datePublished":"2018-10-18T16:05:38+00:00","dateModified":"2021-12-07T16:23:03+00:00","description":"Vous voulez faire connaissance avec le si\u00e8ge du gouvernement des Pays-Bas? Prenez quelques heures pour visiter l'imposante ville de La Haye, lors d'une visite priv\u00e9e avec guide priv\u00e9 et voiture incluse au d\u00e9part d'Amsterdam.","breadcrumb":{"@id":"https:\/\/tourtravelandmore.com\/fr\/tours\/les-pays-bas-fr\/amsterdam-fr\/visite-privee-dune-journee-a-la-haye\/#breadcrumb"},"inLanguage":"fr-FR","potentialAction":[{"@type":"ReadAction","target":["https:\/\/tourtravelandmore.com\/fr\/tours\/les-pays-bas-fr\/amsterdam-fr\/visite-privee-dune-journee-a-la-haye\/"]}]},{"@type":"ImageObject","inLanguage":"fr-FR","@id":"https:\/\/tourtravelandmore.com\/fr\/tours\/les-pays-bas-fr\/amsterdam-fr\/visite-privee-dune-journee-a-la-haye\/#primaryimage","url":"https:\/\/tourtravelandmore.com\/wp-content\/uploads\/2018\/10\/image48.jpg","contentUrl":"https:\/\/tourtravelandmore.com\/wp-content\/uploads\/2018\/10\/image48.jpg","width":782,"height":497},{"@type":"BreadcrumbList","@id":"https:\/\/tourtravelandmore.com\/fr\/tours\/les-pays-bas-fr\/amsterdam-fr\/visite-privee-dune-journee-a-la-haye\/#breadcrumb","itemListElement":[{"@type":"ListItem","position":1,"name":"Home","item":"https:\/\/tourtravelandmore.com\/fr\/"},{"@type":"ListItem","position":2,"name":"Tours","item":"https:\/\/tourtravelandmore.com\/fr\/tours\/"},{"@type":"ListItem","position":3,"name":"Visite priv\u00e9e d&#8217;une journ\u00e9e \u00e0 La Haye"}]},{"@type":"WebSite","@id":"https:\/\/tourtravelandmore.com\/fr\/#website","url":"https:\/\/tourtravelandmore.com\/fr\/","name":"Tour Travel And More","description":"Private sightseeing tours and luxury transfers in Spain","publisher":{"@id":"https:\/\/tourtravelandmore.com\/fr\/#organization"},"potentialAction":[{"@type":"SearchAction","target":{"@type":"EntryPoint","urlTemplate":"https:\/\/tourtravelandmore.com\/fr\/?s={search_term_string}"},"query-input":{"@type":"PropertyValueSpecification","valueRequired":true,"valueName":"search_term_string"}}],"inLanguage":"fr-FR"},{"@type":"Organization","@id":"https:\/\/tourtravelandmore.com\/fr\/#organization","name":"Tour Travel And More","url":"https:\/\/tourtravelandmore.com\/fr\/","logo":{"@type":"ImageObject","inLanguage":"fr-FR","@id":"https:\/\/tourtravelandmore.com\/fr\/#\/schema\/logo\/image\/","url":"https:\/\/tourtravelandmore.com\/wp-content\/uploads\/2022\/12\/cropped-logo-cabecera-new.png","contentUrl":"https:\/\/tourtravelandmore.com\/wp-content\/uploads\/2022\/12\/cropped-logo-cabecera-new.png","width":430,"height":61,"caption":"Tour Travel And More"},"image":{"@id":"https:\/\/tourtravelandmore.com\/fr\/#\/schema\/logo\/image\/"},"sameAs":["https:\/\/www.facebook.com\/tourtravelandmore\/","https:\/\/x.com\/TourTravel_More"]}]}},"_links":{"self":[{"href":"https:\/\/tourtravelandmore.com\/fr\/wp-json\/wp\/v2\/product\/100203","targetHints":{"allow":["GET"]}}],"collection":[{"href":"https:\/\/tourtravelandmore.com\/fr\/wp-json\/wp\/v2\/product"}],"about":[{"href":"https:\/\/tourtravelandmore.com\/fr\/wp-json\/wp\/v2\/types\/product"}],"replies":[{"embeddable":true,"href":"https:\/\/tourtravelandmore.com\/fr\/wp-json\/wp\/v2\/comments?post=100203"}],"wp:featuredmedia":[{"embeddable":true,"href":"https:\/\/tourtravelandmore.com\/fr\/wp-json\/wp\/v2\/media\/114085"}],"wp:attachment":[{"href":"https:\/\/tourtravelandmore.com\/fr\/wp-json\/wp\/v2\/media?parent=100203"}],"wp:term":[{"taxonomy":"product_brand","embeddable":true,"href":"https:\/\/tourtravelandmore.com\/fr\/wp-json\/wp\/v2\/product_brand?post=100203"},{"taxonomy":"product_cat","embeddable":true,"href":"https:\/\/tourtravelandmore.com\/fr\/wp-json\/wp\/v2\/product_cat?post=100203"},{"taxonomy":"product_tag","embeddable":true,"href":"https:\/\/tourtravelandmore.com\/fr\/wp-json\/wp\/v2\/product_tag?post=100203"}],"curies":[{"name":"wp","href":"https:\/\/api.w.org\/{rel}","templated":true}]}}