{"id":100198,"date":"2018-10-18T17:33:42","date_gmt":"2018-10-18T15:33:42","guid":{"rendered":"https:\/\/tourtravelandmore.com\/tours\/non%20class\u00e9\/visite-privee-de-delft\/"},"modified":"2021-12-07T17:53:54","modified_gmt":"2021-12-07T16:53:54","slug":"visite-privee-de-delft-et-leyde-au-depart-damsterdam","status":"publish","type":"product","link":"https:\/\/tourtravelandmore.com\/fr\/tours\/les-pays-bas-fr\/amsterdam-fr\/visite-privee-de-delft-et-leyde-au-depart-damsterdam\/","title":{"rendered":"Visite priv\u00e9e de Delft et Leyde au d\u00e9part d&#8217;Amsterdam"},"content":{"rendered":"<h2><strong>Description de l&#8217;Excursion Priv\u00e9e \u00e0 Delft et Leyde au d\u00e9part d&#8217;Amsterdam<\/strong><\/h2>\n<p><span style=\"font-weight: 400;\">Explorez, lors d&#8217;une visite priv\u00e9e de 8 heures, les villes embl\u00e9matiques de Delft et de Leyde.\u00a0<\/span><\/p>\n<p><span style=\"font-weight: 400;\">Notre <\/span><b>visite priv\u00e9e <\/b><span style=\"font-weight: 400;\">vous fera d\u00e9couvrir les sites les plus importants de ces villes, consid\u00e9r\u00e9es comme les plus remarquables des Pays-Bas.\u00a0<\/span><\/p>\n<p><span style=\"font-weight: 400;\">Promenez-vous dans les ruelles historiques, et <\/span><b>apprenez \u00e0 conna\u00eetre les incroyables places et monuments <\/b><span style=\"font-weight: 400;\">qui se cachent dans ces charmantes villes.\u00a0<\/span><\/p>\n<p><span style=\"font-weight: 400;\">La visite est personnalis\u00e9e car vous choisissez le point de rencontre et l&#8217;heure. De l\u00e0, nous partirons en voiture priv\u00e9e, avec un guide qui vous racontera tous les d\u00e9tails du parcours.\u00a0<\/span><\/p>\n<p><span style=\"font-weight: 400;\">En chemin, nous passerons devant de nombreux <\/span><b>moulins \u00e0 vent <\/b><span style=\"font-weight: 400;\">et une route tr\u00e8s fleurie qui sera digne de quelques photos.\u00a0<\/span><\/p>\n<p><span style=\"font-weight: 400;\">Nous rejoindrons ensuite Delf, une ville fond\u00e9e au 11e si\u00e8cle, qui regorge de sites historiques sur ses quatre c\u00f4t\u00e9s.\u00a0<\/span><\/p>\n<p><span style=\"font-weight: 400;\">Une fois sur place, nous passerons par les monuments de la <\/span><i><span style=\"font-weight: 400;\">Nieuwe Kerk, le centre Vermeer, l&#8217;\u00e9glise Maria Van Jesse, le jardin botanique<\/span><\/i><span style=\"font-weight: 400;\">, entre autres destinations int\u00e9ressantes.\u00a0<\/span><\/p>\n<p><span style=\"font-weight: 400;\">Nous continuerons vers Leyde, une imposante ville universitaire datant de l&#8217;Empire romain, o\u00f9 est n\u00e9 le ma\u00eetre peintre Rembrandt.\u00a0\u00a0<\/span><\/p>\n<p><span style=\"font-weight: 400;\">Ce sera un bon moment pour vous de visiter : Hortus Botanicus, Hooglandse Kerk, Molen de Valk, l&#8217;observatoire, et bien d&#8217;autres sites.\u00a0<\/span><\/p>\n<p><span style=\"font-weight: 400;\">A la fin de notre tour, vous pouvez r\u00e9gler avec le guide l&#8217;endroit o\u00f9 vous allez retourner.\u00a0<\/span><\/p>\n<p><span style=\"font-weight: 400;\">Il s&#8217;agit d&#8217;une visite priv\u00e9e de Delft et de Leyde au d\u00e9part d&#8217;Amsterdam, planifi\u00e9e pour profiter au maximum de chaque minute de l&#8217;excursion.<\/span><\/p>\n<h2><strong>Points d&#8217;Int\u00e9r\u00eat de la Visite<\/strong><\/h2>\n<p><span style=\"font-weight: 400;\">Nous laisserons Amsterdam derri\u00e8re nous pour visiter deux villes qui offrent de nombreuses attractions pour les touristes : Delft et Leyde.\u00a0<\/span><\/p>\n<h3><strong><span style=\"color: #d3af37;\">Delft<\/span><\/strong><\/h3>\n<p><span style=\"font-weight: 400;\">Delft est situ\u00e9e en Hollande m\u00e9ridionale. C&#8217;est une ville pleine de culture et elle est entour\u00e9e d&#8217;un magnifique r\u00e9seau de canaux.\u00a0<\/span><\/p>\n<p><span style=\"font-weight: 400;\">C&#8217;\u00e9tait l&#8217;une des villes les plus importantes de l&#8217;\u00e2ge d&#8217;or n\u00e9erlandais, et notre visite priv\u00e9e vous permettra de d\u00e9couvrir en d\u00e9tail ses sites les plus importants, tels que.. :\u00a0<\/span><\/p>\n<ul>\n<li style=\"font-weight: 400;\" aria-level=\"1\"><strong>Le Centre Vermeer<\/strong><\/li>\n<li style=\"font-weight: 400;\" aria-level=\"1\"><strong>Arboretum de Heempark<\/strong><\/li>\n<li style=\"font-weight: 400;\" aria-level=\"1\"><strong>Nieuwe Kerk<\/strong><\/li>\n<li style=\"font-weight: 400;\" aria-level=\"1\"><strong>Oude Kerk<\/strong><\/li>\n<li style=\"font-weight: 400;\" aria-level=\"1\"><strong>Maria Van Jesse Church<\/strong><\/li>\n<li style=\"font-weight: 400;\" aria-level=\"1\"><strong>Le jardin botanique<\/strong><\/li>\n<li style=\"font-weight: 400;\" aria-level=\"1\"><strong>Chapelle de Saint Hippolyte<\/strong><\/li>\n<li style=\"font-weight: 400;\" aria-level=\"1\"><strong>Et bien d&#8217;autres endroits encore.<\/strong><\/li>\n<\/ul>\n<p><span style=\"font-weight: 400;\">En outre, vous visiterez l&#8217;un des centres de production de c\u00e9ramique de Delf. Cette ville est connue dans le monde entier pour la production d&#8217;\u00e9l\u00e9gantes pi\u00e8ces en c\u00e9ramique, qui, \u00e0 un moment de l&#8217;histoire, ont \u00e9t\u00e9 compar\u00e9es \u00e0 la porcelaine chinoise.\u00a0\u00a0<\/span><\/p>\n<h3><strong><span style=\"color: #d3af37;\">Leiden<\/span><\/strong><\/h3>\n<p><span style=\"font-weight: 400;\">La visite priv\u00e9e se poursuit \u00e0 Leyde. Cette ville est connue pour son r\u00e9seau de 88 voies navigables, ce qui en fait la ville n\u00e9erlandaise comptant le plus de canaux apr\u00e8s Amsterdam.\u00a0<\/span><\/p>\n<p><span style=\"font-weight: 400;\">Au cours de la visite, vous verrez de nombreux b\u00e2timents et monuments int\u00e9ressants tels que :\u00a0<\/span><\/p>\n<ul>\n<li style=\"font-weight: 400;\" aria-level=\"1\"><strong>Visbrug et Koornbrug.<\/strong><\/li>\n<li style=\"font-weight: 400;\" aria-level=\"1\"><strong>Le parc Het Plantsoen.<\/strong><\/li>\n<li style=\"font-weight: 400;\" aria-level=\"1\"><strong>Hortus Botanicus.<\/strong><\/li>\n<li style=\"font-weight: 400;\" aria-level=\"1\"><strong>Hooglandse Kerk.<\/strong><\/li>\n<li style=\"font-weight: 400;\" aria-level=\"1\"><strong>Molen de Valk.<\/strong><\/li>\n<li style=\"font-weight: 400;\" aria-level=\"1\"><strong>Le Pieterskwartier<\/strong><\/li>\n<li style=\"font-weight: 400;\" aria-level=\"1\"><strong>Parmi beaucoup d&#8217;autres.\u00a0<\/strong><\/li>\n<\/ul>\n<p><span style=\"font-weight: 400;\">\u00c0 Leyde, vous verrez \u00e9galement le lieu de naissance de Rembrandt Harmenszoon van Rijn, plus connu sous le nom de Rembrandt, qui est l&#8217;un des artistes visuels les plus r\u00e9put\u00e9s au monde.\u00a0<\/span><\/p>\n<p><span style=\"font-weight: 400;\">Apr\u00e8s avoir visit\u00e9 ces deux magnifiques villes, nous retournerons \u00e0 Amsterdam pour vous d\u00e9poser \u00e0 l&#8217;endroit de votre choix.\u00a0<\/span><\/p>\n<p><span style=\"font-weight: 400;\">Si vous voulez explorer un peu plus la culture d&#8217;Amsterdam, c&#8217;est une bonne id\u00e9e de faire une <\/span><i><span style=\"font-weight: 400;\"><a href=\"\/?p=114779\">visite priv\u00e9e du quartier rouge d&#8217;Amsterdam<\/a>, qui sera une <\/span><\/i><span style=\"font-weight: 400;\">promenade hors du commun pleine de faits int\u00e9ressants.<\/span><\/p>\n","protected":false},"excerpt":{"rendered":"<p><span style=\"font-weight: 400;\">Explorez la ville unique de Leyde et apprenez \u00e0 conna\u00eetre tous les charmes de Delft, lors d&#8217;une visite priv\u00e9e et exclusive. Profitez de l&#8217;excursion priv\u00e9e \u00e0 Delft et Leyde au d\u00e9part d&#8217;Amsterdam pour d\u00e9couvrir les villes les plus importantes des Pays-Bas. Vous visiterez les sites les plus int\u00e9ressants de Delft et de Leyde en voiture priv\u00e9e, accompagn\u00e9 d&#8217;un guide expert qui s&#8217;assurera que vous ne manquerez aucun d\u00e9tail de la visite.<\/span><\/p>\n","protected":false},"featured_media":114735,"comment_status":"open","ping_status":"closed","template":"","meta":{"_acf_changed":false},"product_brand":[],"product_cat":[3633,4003,4004,3639,4005,4006,3638,4007,4008,3637,4009,4010],"product_tag":[],"class_list":{"0":"post-100198","1":"product","2":"type-product","3":"status-publish","4":"has-post-thumbnail","6":"product_cat-amsterdam-fr","7":"product_cat-all-private-tours-activities-fr-2","8":"product_cat-private-sightseeing-tours-fr-2","9":"product_cat-leiden-fr","10":"product_cat-all-private-tours-activities-fr-3","11":"product_cat-private-sightseeing-tours-fr-3","12":"product_cat-rotterdam-fr","13":"product_cat-all-private-tours-activities-fr-4","14":"product_cat-private-sightseeing-tours-fr-4","15":"product_cat-lahaye-fr","16":"product_cat-all-private-tours-activities-fr-5","17":"product_cat-private-sightseeing-tours-fr-5","19":"first","20":"instock","21":"shipping-taxable","22":"purchasable","23":"product-type-simple"},"acf":[],"yoast_head":"<!-- This site is optimized with the Yoast SEO Premium plugin v25.3.1 (Yoast SEO v25.3.1) - https:\/\/yoast.com\/wordpress\/plugins\/seo\/ -->\n<title>Visite priv\u00e9e de Delft et Leyde \u00e0 partir d&#039;Amsterdam avec guide et transfert en voiture priv\u00e9e.<\/title>\n<meta name=\"description\" content=\"Visitez 2 des plus importantes villes de Hollande : Delft et Leyde, lors de cette visite priv\u00e9e au d\u00e9part d&#039;Amsterdam avec guide et voiture priv\u00e9e inclus, id\u00e9ale pour vous, votre famille ou vos amis.\" \/>\n<meta name=\"robots\" content=\"index, follow, max-snippet:-1, max-image-preview:large, max-video-preview:-1\" \/>\n<link rel=\"canonical\" href=\"https:\/\/tourtravelandmore.com\/fr\/tours\/les-pays-bas-fr\/amsterdam-fr\/visite-privee-de-delft-et-leyde-au-depart-damsterdam\/\" \/>\n<meta property=\"og:locale\" content=\"fr_FR\" \/>\n<meta property=\"og:type\" content=\"article\" \/>\n<meta property=\"og:title\" content=\"Visite priv\u00e9e de Delft et Leyde au d\u00e9part d&#039;Amsterdam\" \/>\n<meta property=\"og:description\" content=\"Visitez 2 des plus importantes villes de Hollande : Delft et Leyde, lors de cette visite priv\u00e9e au d\u00e9part d&#039;Amsterdam avec guide et voiture priv\u00e9e inclus, id\u00e9ale pour vous, votre famille ou vos amis.\" \/>\n<meta property=\"og:url\" content=\"https:\/\/tourtravelandmore.com\/fr\/tours\/les-pays-bas-fr\/amsterdam-fr\/visite-privee-de-delft-et-leyde-au-depart-damsterdam\/\" \/>\n<meta property=\"og:site_name\" content=\"Tour Travel And More\" \/>\n<meta property=\"article:publisher\" content=\"https:\/\/www.facebook.com\/tourtravelandmore\/\" \/>\n<meta property=\"article:modified_time\" content=\"2021-12-07T16:53:54+00:00\" \/>\n<meta property=\"og:image\" content=\"https:\/\/tourtravelandmore.com\/wp-content\/uploads\/2018\/10\/image1-2.jpg\" \/>\n\t<meta property=\"og:image:width\" content=\"720\" \/>\n\t<meta property=\"og:image:height\" content=\"480\" \/>\n\t<meta property=\"og:image:type\" content=\"image\/jpeg\" \/>\n<meta name=\"twitter:card\" content=\"summary_large_image\" \/>\n<meta name=\"twitter:site\" content=\"@TourTravel_More\" \/>\n<meta name=\"twitter:label1\" content=\"Dur\u00e9e de lecture estim\u00e9e\" \/>\n\t<meta name=\"twitter:data1\" content=\"3 minutes\" \/>\n<script type=\"application\/ld+json\" class=\"yoast-schema-graph\">{\"@context\":\"https:\/\/schema.org\",\"@graph\":[{\"@type\":\"WebPage\",\"@id\":\"https:\/\/tourtravelandmore.com\/fr\/tours\/les-pays-bas-fr\/amsterdam-fr\/visite-privee-de-delft-et-leyde-au-depart-damsterdam\/\",\"url\":\"https:\/\/tourtravelandmore.com\/fr\/tours\/les-pays-bas-fr\/amsterdam-fr\/visite-privee-de-delft-et-leyde-au-depart-damsterdam\/\",\"name\":\"Visite priv\u00e9e de Delft et Leyde \u00e0 partir d'Amsterdam avec guide et transfert en voiture priv\u00e9e.\",\"isPartOf\":{\"@id\":\"https:\/\/tourtravelandmore.com\/fr\/#website\"},\"primaryImageOfPage\":{\"@id\":\"https:\/\/tourtravelandmore.com\/fr\/tours\/les-pays-bas-fr\/amsterdam-fr\/visite-privee-de-delft-et-leyde-au-depart-damsterdam\/#primaryimage\"},\"image\":{\"@id\":\"https:\/\/tourtravelandmore.com\/fr\/tours\/les-pays-bas-fr\/amsterdam-fr\/visite-privee-de-delft-et-leyde-au-depart-damsterdam\/#primaryimage\"},\"thumbnailUrl\":\"https:\/\/tourtravelandmore.com\/wp-content\/uploads\/2018\/10\/image1-2.jpg\",\"datePublished\":\"2018-10-18T15:33:42+00:00\",\"dateModified\":\"2021-12-07T16:53:54+00:00\",\"description\":\"Visitez 2 des plus importantes villes de Hollande : Delft et Leyde, lors de cette visite priv\u00e9e au d\u00e9part d'Amsterdam avec guide et voiture priv\u00e9e inclus, id\u00e9ale pour vous, votre famille ou vos amis.\",\"breadcrumb\":{\"@id\":\"https:\/\/tourtravelandmore.com\/fr\/tours\/les-pays-bas-fr\/amsterdam-fr\/visite-privee-de-delft-et-leyde-au-depart-damsterdam\/#breadcrumb\"},\"inLanguage\":\"fr-FR\",\"potentialAction\":[{\"@type\":\"ReadAction\",\"target\":[\"https:\/\/tourtravelandmore.com\/fr\/tours\/les-pays-bas-fr\/amsterdam-fr\/visite-privee-de-delft-et-leyde-au-depart-damsterdam\/\"]}]},{\"@type\":\"ImageObject\",\"inLanguage\":\"fr-FR\",\"@id\":\"https:\/\/tourtravelandmore.com\/fr\/tours\/les-pays-bas-fr\/amsterdam-fr\/visite-privee-de-delft-et-leyde-au-depart-damsterdam\/#primaryimage\",\"url\":\"https:\/\/tourtravelandmore.com\/wp-content\/uploads\/2018\/10\/image1-2.jpg\",\"contentUrl\":\"https:\/\/tourtravelandmore.com\/wp-content\/uploads\/2018\/10\/image1-2.jpg\",\"width\":720,\"height\":480},{\"@type\":\"BreadcrumbList\",\"@id\":\"https:\/\/tourtravelandmore.com\/fr\/tours\/les-pays-bas-fr\/amsterdam-fr\/visite-privee-de-delft-et-leyde-au-depart-damsterdam\/#breadcrumb\",\"itemListElement\":[{\"@type\":\"ListItem\",\"position\":1,\"name\":\"Home\",\"item\":\"https:\/\/tourtravelandmore.com\/fr\/\"},{\"@type\":\"ListItem\",\"position\":2,\"name\":\"Tours\",\"item\":\"https:\/\/tourtravelandmore.com\/fr\/tours\/\"},{\"@type\":\"ListItem\",\"position\":3,\"name\":\"Visite priv\u00e9e de Delft et Leyde au d\u00e9part d&#8217;Amsterdam\"}]},{\"@type\":\"WebSite\",\"@id\":\"https:\/\/tourtravelandmore.com\/fr\/#website\",\"url\":\"https:\/\/tourtravelandmore.com\/fr\/\",\"name\":\"Tour Travel And More\",\"description\":\"Private sightseeing tours and luxury transfers in Spain\",\"publisher\":{\"@id\":\"https:\/\/tourtravelandmore.com\/fr\/#organization\"},\"potentialAction\":[{\"@type\":\"SearchAction\",\"target\":{\"@type\":\"EntryPoint\",\"urlTemplate\":\"https:\/\/tourtravelandmore.com\/fr\/?s={search_term_string}\"},\"query-input\":{\"@type\":\"PropertyValueSpecification\",\"valueRequired\":true,\"valueName\":\"search_term_string\"}}],\"inLanguage\":\"fr-FR\"},{\"@type\":\"Organization\",\"@id\":\"https:\/\/tourtravelandmore.com\/fr\/#organization\",\"name\":\"Tour Travel And More\",\"url\":\"https:\/\/tourtravelandmore.com\/fr\/\",\"logo\":{\"@type\":\"ImageObject\",\"inLanguage\":\"fr-FR\",\"@id\":\"https:\/\/tourtravelandmore.com\/fr\/#\/schema\/logo\/image\/\",\"url\":\"https:\/\/tourtravelandmore.com\/wp-content\/uploads\/2022\/12\/cropped-logo-cabecera-new.png\",\"contentUrl\":\"https:\/\/tourtravelandmore.com\/wp-content\/uploads\/2022\/12\/cropped-logo-cabecera-new.png\",\"width\":430,\"height\":61,\"caption\":\"Tour Travel And More\"},\"image\":{\"@id\":\"https:\/\/tourtravelandmore.com\/fr\/#\/schema\/logo\/image\/\"},\"sameAs\":[\"https:\/\/www.facebook.com\/tourtravelandmore\/\",\"https:\/\/x.com\/TourTravel_More\"]}]}<\/script>\n<!-- \/ Yoast SEO Premium plugin. -->","yoast_head_json":{"title":"Visite priv\u00e9e de Delft et Leyde \u00e0 partir d'Amsterdam avec guide et transfert en voiture priv\u00e9e.","description":"Visitez 2 des plus importantes villes de Hollande : Delft et Leyde, lors de cette visite priv\u00e9e au d\u00e9part d'Amsterdam avec guide et voiture priv\u00e9e inclus, id\u00e9ale pour vous, votre famille ou vos amis.","robots":{"index":"index","follow":"follow","max-snippet":"max-snippet:-1","max-image-preview":"max-image-preview:large","max-video-preview":"max-video-preview:-1"},"canonical":"https:\/\/tourtravelandmore.com\/fr\/tours\/les-pays-bas-fr\/amsterdam-fr\/visite-privee-de-delft-et-leyde-au-depart-damsterdam\/","og_locale":"fr_FR","og_type":"article","og_title":"Visite priv\u00e9e de Delft et Leyde au d\u00e9part d'Amsterdam","og_description":"Visitez 2 des plus importantes villes de Hollande : Delft et Leyde, lors de cette visite priv\u00e9e au d\u00e9part d'Amsterdam avec guide et voiture priv\u00e9e inclus, id\u00e9ale pour vous, votre famille ou vos amis.","og_url":"https:\/\/tourtravelandmore.com\/fr\/tours\/les-pays-bas-fr\/amsterdam-fr\/visite-privee-de-delft-et-leyde-au-depart-damsterdam\/","og_site_name":"Tour Travel And More","article_publisher":"https:\/\/www.facebook.com\/tourtravelandmore\/","article_modified_time":"2021-12-07T16:53:54+00:00","og_image":[{"width":720,"height":480,"url":"https:\/\/tourtravelandmore.com\/wp-content\/uploads\/2018\/10\/image1-2.jpg","type":"image\/jpeg"}],"twitter_card":"summary_large_image","twitter_site":"@TourTravel_More","twitter_misc":{"Dur\u00e9e de lecture estim\u00e9e":"3 minutes"},"schema":{"@context":"https:\/\/schema.org","@graph":[{"@type":"WebPage","@id":"https:\/\/tourtravelandmore.com\/fr\/tours\/les-pays-bas-fr\/amsterdam-fr\/visite-privee-de-delft-et-leyde-au-depart-damsterdam\/","url":"https:\/\/tourtravelandmore.com\/fr\/tours\/les-pays-bas-fr\/amsterdam-fr\/visite-privee-de-delft-et-leyde-au-depart-damsterdam\/","name":"Visite priv\u00e9e de Delft et Leyde \u00e0 partir d'Amsterdam avec guide et transfert en voiture priv\u00e9e.","isPartOf":{"@id":"https:\/\/tourtravelandmore.com\/fr\/#website"},"primaryImageOfPage":{"@id":"https:\/\/tourtravelandmore.com\/fr\/tours\/les-pays-bas-fr\/amsterdam-fr\/visite-privee-de-delft-et-leyde-au-depart-damsterdam\/#primaryimage"},"image":{"@id":"https:\/\/tourtravelandmore.com\/fr\/tours\/les-pays-bas-fr\/amsterdam-fr\/visite-privee-de-delft-et-leyde-au-depart-damsterdam\/#primaryimage"},"thumbnailUrl":"https:\/\/tourtravelandmore.com\/wp-content\/uploads\/2018\/10\/image1-2.jpg","datePublished":"2018-10-18T15:33:42+00:00","dateModified":"2021-12-07T16:53:54+00:00","description":"Visitez 2 des plus importantes villes de Hollande : Delft et Leyde, lors de cette visite priv\u00e9e au d\u00e9part d'Amsterdam avec guide et voiture priv\u00e9e inclus, id\u00e9ale pour vous, votre famille ou vos amis.","breadcrumb":{"@id":"https:\/\/tourtravelandmore.com\/fr\/tours\/les-pays-bas-fr\/amsterdam-fr\/visite-privee-de-delft-et-leyde-au-depart-damsterdam\/#breadcrumb"},"inLanguage":"fr-FR","potentialAction":[{"@type":"ReadAction","target":["https:\/\/tourtravelandmore.com\/fr\/tours\/les-pays-bas-fr\/amsterdam-fr\/visite-privee-de-delft-et-leyde-au-depart-damsterdam\/"]}]},{"@type":"ImageObject","inLanguage":"fr-FR","@id":"https:\/\/tourtravelandmore.com\/fr\/tours\/les-pays-bas-fr\/amsterdam-fr\/visite-privee-de-delft-et-leyde-au-depart-damsterdam\/#primaryimage","url":"https:\/\/tourtravelandmore.com\/wp-content\/uploads\/2018\/10\/image1-2.jpg","contentUrl":"https:\/\/tourtravelandmore.com\/wp-content\/uploads\/2018\/10\/image1-2.jpg","width":720,"height":480},{"@type":"BreadcrumbList","@id":"https:\/\/tourtravelandmore.com\/fr\/tours\/les-pays-bas-fr\/amsterdam-fr\/visite-privee-de-delft-et-leyde-au-depart-damsterdam\/#breadcrumb","itemListElement":[{"@type":"ListItem","position":1,"name":"Home","item":"https:\/\/tourtravelandmore.com\/fr\/"},{"@type":"ListItem","position":2,"name":"Tours","item":"https:\/\/tourtravelandmore.com\/fr\/tours\/"},{"@type":"ListItem","position":3,"name":"Visite priv\u00e9e de Delft et Leyde au d\u00e9part d&#8217;Amsterdam"}]},{"@type":"WebSite","@id":"https:\/\/tourtravelandmore.com\/fr\/#website","url":"https:\/\/tourtravelandmore.com\/fr\/","name":"Tour Travel And More","description":"Private sightseeing tours and luxury transfers in Spain","publisher":{"@id":"https:\/\/tourtravelandmore.com\/fr\/#organization"},"potentialAction":[{"@type":"SearchAction","target":{"@type":"EntryPoint","urlTemplate":"https:\/\/tourtravelandmore.com\/fr\/?s={search_term_string}"},"query-input":{"@type":"PropertyValueSpecification","valueRequired":true,"valueName":"search_term_string"}}],"inLanguage":"fr-FR"},{"@type":"Organization","@id":"https:\/\/tourtravelandmore.com\/fr\/#organization","name":"Tour Travel And More","url":"https:\/\/tourtravelandmore.com\/fr\/","logo":{"@type":"ImageObject","inLanguage":"fr-FR","@id":"https:\/\/tourtravelandmore.com\/fr\/#\/schema\/logo\/image\/","url":"https:\/\/tourtravelandmore.com\/wp-content\/uploads\/2022\/12\/cropped-logo-cabecera-new.png","contentUrl":"https:\/\/tourtravelandmore.com\/wp-content\/uploads\/2022\/12\/cropped-logo-cabecera-new.png","width":430,"height":61,"caption":"Tour Travel And More"},"image":{"@id":"https:\/\/tourtravelandmore.com\/fr\/#\/schema\/logo\/image\/"},"sameAs":["https:\/\/www.facebook.com\/tourtravelandmore\/","https:\/\/x.com\/TourTravel_More"]}]}},"_links":{"self":[{"href":"https:\/\/tourtravelandmore.com\/fr\/wp-json\/wp\/v2\/product\/100198","targetHints":{"allow":["GET"]}}],"collection":[{"href":"https:\/\/tourtravelandmore.com\/fr\/wp-json\/wp\/v2\/product"}],"about":[{"href":"https:\/\/tourtravelandmore.com\/fr\/wp-json\/wp\/v2\/types\/product"}],"replies":[{"embeddable":true,"href":"https:\/\/tourtravelandmore.com\/fr\/wp-json\/wp\/v2\/comments?post=100198"}],"wp:featuredmedia":[{"embeddable":true,"href":"https:\/\/tourtravelandmore.com\/fr\/wp-json\/wp\/v2\/media\/114735"}],"wp:attachment":[{"href":"https:\/\/tourtravelandmore.com\/fr\/wp-json\/wp\/v2\/media?parent=100198"}],"wp:term":[{"taxonomy":"product_brand","embeddable":true,"href":"https:\/\/tourtravelandmore.com\/fr\/wp-json\/wp\/v2\/product_brand?post=100198"},{"taxonomy":"product_cat","embeddable":true,"href":"https:\/\/tourtravelandmore.com\/fr\/wp-json\/wp\/v2\/product_cat?post=100198"},{"taxonomy":"product_tag","embeddable":true,"href":"https:\/\/tourtravelandmore.com\/fr\/wp-json\/wp\/v2\/product_tag?post=100198"}],"curies":[{"name":"wp","href":"https:\/\/api.w.org\/{rel}","templated":true}]}}