{"id":100193,"date":"2018-10-12T08:59:22","date_gmt":"2018-10-12T06:59:22","guid":{"rendered":"https:\/\/tourtravelandmore.com\/tours\/non%20class\u00e9\/visite-privee-deindhoven\/"},"modified":"2021-12-07T17:58:57","modified_gmt":"2021-12-07T16:58:57","slug":"visite-privee-deindhoven-au-depart-damsterdam","status":"publish","type":"product","link":"https:\/\/tourtravelandmore.com\/fr\/tours\/les-pays-bas-fr\/amsterdam-fr\/visite-privee-deindhoven-au-depart-damsterdam\/","title":{"rendered":"Visite priv\u00e9e d&#8217;Eindhoven au d\u00e9part d&#8217;Amsterdam"},"content":{"rendered":"<h2><strong>Description de l&#8217;excursion priv\u00e9e \u00e0 Eindhoven au d\u00e9part d&#8217;Amsterdam<\/strong><\/h2>\n<p><span style=\"font-weight: 400;\">Eindhoven est l&#8217;une des villes les plus avant-gardistes et cosmopolites des Pays-Bas. On y <\/span><b>m\u00e9lange la modernit\u00e9 et l&#8217;esth\u00e9tique europ\u00e9enne traditionnelle<\/b><span style=\"font-weight: 400;\">, ce qui donne une touche saisissante \u00e0 chaque coin de la ville.\u00a0<\/span><\/p>\n<p><span style=\"font-weight: 400;\">Lors de notre <\/span><b>visite priv\u00e9e d&#8217;Eindhoven au d\u00e9part d&#8217;Amsterdam, <\/b><span style=\"font-weight: 400;\">vous serez \u00e9tonn\u00e9 par cette ville qui a une identit\u00e9 propre.<\/span><\/p>\n<p><span style=\"font-weight: 400;\">Il s&#8217;agit d&#8217;une visite de 8 heures, au cours de laquelle vous serez accompagn\u00e9 d&#8217;un guide expert, qui vous donnera tous les d\u00e9tails des sites que nous visiterons.\u00a0<\/span><\/p>\n<p><span style=\"font-weight: 400;\">Le transfert se fera dans une <\/span><b>voiture priv\u00e9e <\/b><span style=\"font-weight: 400;\">confortable afin que vous soyez aussi \u00e0 l&#8217;aise que possible pendant tout le voyage.\u00a0<\/span><\/p>\n<p><i><span style=\"font-weight: 400;\">Profitez de l&#8217;occasion pour vous d\u00e9tendre <\/span><\/i><span style=\"font-weight: 400;\">lors de notre excursion au d\u00e9part d&#8217;Amsterdam vers Eindhoven.\u00a0<\/span><\/p>\n<p><span style=\"font-weight: 400;\">Nous vous emm\u00e8nerons dans la province du Brabant septentrional, \u00e0 environ une heure d&#8217;Amsterdam.\u00a0<\/span><\/p>\n<p><span style=\"font-weight: 400;\">En chemin, vous serez captiv\u00e9 par les moulins \u00e0 vent, les <\/span><b>champs de tulipes <\/b><span style=\"font-weight: 400;\">et les vall\u00e9es qui composent ce paysage majestueux.\u00a0<\/span><\/p>\n<p><span style=\"font-weight: 400;\">Une fois dans la ville, vous p\u00e9n\u00e9trerez dans ses larges avenues, ses b\u00e2timents futuristes avec leurs d\u00f4mes de verre et les diff\u00e9rents monuments qui embellissent chacune de ses rues.\u00a0<\/span><\/p>\n<p><span style=\"font-weight: 400;\">Comme la ville a \u00e9t\u00e9 ras\u00e9e pendant la Seconde Guerre mondiale, il sera presque impossible de voir l&#8217;ancien centre-ville. Toutefois, nous verrons l&#8217;embl\u00e9matique b\u00e2timent Philips, l&#8217;\u00e9glise Sainte-Catherine, le Standswandelpark, parmi de nombreux autres sites d&#8217;int\u00e9r\u00eat.\u00a0<\/span><\/p>\n<p><span style=\"font-weight: 400;\">En outre, l&#8217;ensemble de la visite sera racont\u00e9 par un guide priv\u00e9, qui sera charg\u00e9 de transmettre les donn\u00e9es et informations pertinentes des lieux d&#8217;int\u00e9r\u00eat que vous visiterez.\u00a0\u00a0<\/span><\/p>\n<p><span style=\"font-weight: 400;\">\u00c0 la fin de l&#8217;excursion, nous vous ram\u00e8nerons \u00e0 l&#8217;endroit que vous avez indiqu\u00e9 pour que vous puissiez vous reposer.\u00a0<\/span><\/p>\n<h2><strong>Points d&#8217;Int\u00e9r\u00eat de la Visite Priv\u00e9e<\/strong><\/h2>\n<p><span style=\"font-weight: 400;\">La premi\u00e8re chose qui attirera votre attention sur ce circuit est le trajet d&#8217;Amsterdam \u00e0 Eindhoven. Il vous faudra plus d&#8217;une heure pour traverser les paysages \u00e9poustouflants de la campagne n\u00e9erlandaise.\u00a0<\/span><\/p>\n<p><span style=\"font-weight: 400;\">Ensuite, nous arriverons dans la ville d&#8217;Eindhoven, connue pour ses b\u00e2timents industriels qui ont servi de moteur \u00e0 la r\u00e9volution industrielle. Aujourd&#8217;hui, elle abrite \u00e9galement la marque Philips, qui fait tourner l&#8217;\u00e9conomie de la ville.\u00a0<\/span><\/p>\n<p><span style=\"font-weight: 400;\">En outre, dans le cadre de notre itin\u00e9raire, vous visiterez les points d&#8217;int\u00e9r\u00eat suivants :\u00a0<\/span><\/p>\n<h3><strong><span style=\"color: #d3af37;\">\u00c9glise Santa Catalina<\/span><\/strong><\/h3>\n<p><span style=\"font-weight: 400;\">L&#8217;\u00e9glise Santa Catalina est une imposante basilique dont l&#8217;architecture est pleine de symbolisme.\u00a0<\/span><\/p>\n<p><span style=\"font-weight: 400;\">Ses fondations actuelles appartiennent \u00e0 une ancienne \u00e9glise m\u00e9di\u00e9vale qui a \u00e9t\u00e9 d\u00e9molie en 1860.<\/span><\/p>\n<h3><strong><span style=\"color: #d3af37;\">Paterskerk<\/span><\/strong><\/h3>\n<p><span style=\"font-weight: 400;\">C&#8217;est un autre des points que vous allez conna\u00eetre. Il s&#8217;agit d&#8217;une basilique de style n\u00e9ogothique, qui est flanqu\u00e9e d&#8217;une chapelle et de confessionnaux.\u00a0<\/span><\/p>\n<p><span style=\"font-weight: 400;\">Son style architectural est digne d&#8217;admiration. Pour cette raison, ce b\u00e2timent fera partie de notre visite.\u00a0<\/span><\/p>\n<p><span style=\"font-weight: 400;\">En outre, nous verrons d&#8217;autres b\u00e2timents qui sont d&#8217;une grande importance dans la ville, tels que :\u00a0<\/span><\/p>\n<ul>\n<li style=\"font-weight: 400;\" aria-level=\"1\"><strong>De Admirant.<\/strong><\/li>\n<li style=\"font-weight: 400;\" aria-level=\"1\"><strong>De Porthos.\u00a0<\/strong><\/li>\n<li style=\"font-weight: 400;\" aria-level=\"1\"><strong>De Regent.<\/strong><\/li>\n<li style=\"font-weight: 400;\" aria-level=\"1\"><strong>Standswandelpark\u00a0<\/strong><\/li>\n<li style=\"font-weight: 400;\" aria-level=\"1\"><strong>Et bien d&#8217;autres encore.\u00a0<\/strong><\/li>\n<\/ul>\n<p><span style=\"font-weight: 400;\">Nous savons que cette visite guid\u00e9e r\u00e9pondra enti\u00e8rement \u00e0 vos attentes.\u00a0<\/span><\/p>\n<p><span style=\"font-weight: 400;\">\u00c0 la fin de la visite, nous retournerons \u00e0 Amsterdam pour vous d\u00e9poser \u00e0 l&#8217;endroit de votre choix.\u00a0<\/span><\/p>\n<p><span style=\"font-weight: 400;\">Apr\u00e8s avoir repris des forces, vous pouvez opter pour une <\/span><a href=\"https:\/\/tourtravelandmore.com\/fr\/tours\/les-pays-bas-fr\/amsterdam-fr\/visite-privee-du-rijksmuseum\/\"><i><span style=\"font-weight: 400;\">visite priv\u00e9e du Rijksmuseum<\/span><\/i><\/a><span style=\"font-weight: 400;\">. De cette fa\u00e7on, vous vous connecterez \u00e0 la richesse culturelle et artistique des grands peintres n\u00e9erlandais.\u00a0<\/span><\/p>\n","protected":false},"excerpt":{"rendered":"<p><span style=\"font-weight: 400;\">Profitez de l&#8217;occasion pour faire connaissance avec l&#8217;imposante ville d&#8217;Eindhoven, consid\u00e9r\u00e9e comme l&#8217;une des villes les plus modernes de toute l&#8217;Europe. Lors de notre visite priv\u00e9e d&#8217;Eindhoven au d\u00e9part d&#8217;Amsterdam, vous serez conduit en voiture priv\u00e9e avec un guide \u00e0 travers un paysage majestueux jusqu&#8217;\u00e0 Eindhoven. Vous pourrez y visiter le Phillips Building, l&#8217;\u00e9glise Sainte-Catherine, le Standswandelpark, entre autres sites int\u00e9ressants. <\/span><\/p>\n","protected":false},"featured_media":95320,"comment_status":"open","ping_status":"closed","template":"","meta":{"_acf_changed":false},"product_brand":[],"product_cat":[3633,4003,4004,3639,4005,4006,3638,4007,4008,3637,4009,4010],"product_tag":[],"class_list":{"0":"post-100193","1":"product","2":"type-product","3":"status-publish","4":"has-post-thumbnail","6":"product_cat-amsterdam-fr","7":"product_cat-all-private-tours-activities-fr-2","8":"product_cat-private-sightseeing-tours-fr-2","9":"product_cat-leiden-fr","10":"product_cat-all-private-tours-activities-fr-3","11":"product_cat-private-sightseeing-tours-fr-3","12":"product_cat-rotterdam-fr","13":"product_cat-all-private-tours-activities-fr-4","14":"product_cat-private-sightseeing-tours-fr-4","15":"product_cat-lahaye-fr","16":"product_cat-all-private-tours-activities-fr-5","17":"product_cat-private-sightseeing-tours-fr-5","19":"first","20":"instock","21":"shipping-taxable","22":"purchasable","23":"product-type-simple"},"acf":[],"yoast_head":"<!-- This site is optimized with the Yoast SEO Premium plugin v25.3.1 (Yoast SEO v25.3.1) - https:\/\/yoast.com\/wordpress\/plugins\/seo\/ -->\n<title>Visite priv\u00e9e d&#039;Eindhoven \u00e0 partir d&#039;Amsterdam avec guide et transfert en voiture priv\u00e9e.<\/title>\n<meta name=\"description\" content=\"Apprenez \u00e0 conna\u00eetre la ville moderne d&#039;Eindhoven, au d\u00e9part d&#039;Amsterdam en voiture priv\u00e9e avec guide priv\u00e9 inclus, parfait pour partir seul, avec des amis ou en famille.\" \/>\n<meta name=\"robots\" content=\"index, follow, max-snippet:-1, max-image-preview:large, max-video-preview:-1\" \/>\n<link rel=\"canonical\" href=\"https:\/\/tourtravelandmore.com\/fr\/tours\/les-pays-bas-fr\/amsterdam-fr\/visite-privee-deindhoven-au-depart-damsterdam\/\" \/>\n<meta property=\"og:locale\" content=\"fr_FR\" \/>\n<meta property=\"og:type\" content=\"article\" \/>\n<meta property=\"og:title\" content=\"Visite priv\u00e9e d&#039;Eindhoven au d\u00e9part d&#039;Amsterdam\" \/>\n<meta property=\"og:description\" content=\"Apprenez \u00e0 conna\u00eetre la ville moderne d&#039;Eindhoven, au d\u00e9part d&#039;Amsterdam en voiture priv\u00e9e avec guide priv\u00e9 inclus, parfait pour partir seul, avec des amis ou en famille.\" \/>\n<meta property=\"og:url\" content=\"https:\/\/tourtravelandmore.com\/fr\/tours\/les-pays-bas-fr\/amsterdam-fr\/visite-privee-deindhoven-au-depart-damsterdam\/\" \/>\n<meta property=\"og:site_name\" content=\"Tour Travel And More\" \/>\n<meta property=\"article:publisher\" content=\"https:\/\/www.facebook.com\/tourtravelandmore\/\" \/>\n<meta property=\"article:modified_time\" content=\"2021-12-07T16:58:57+00:00\" \/>\n<meta property=\"og:image\" content=\"https:\/\/tourtravelandmore.com\/wp-content\/uploads\/2018\/10\/the-blob-eindhoven.jpeg\" \/>\n\t<meta property=\"og:image:width\" content=\"694\" \/>\n\t<meta property=\"og:image:height\" content=\"463\" \/>\n\t<meta property=\"og:image:type\" content=\"image\/jpeg\" \/>\n<meta name=\"twitter:card\" content=\"summary_large_image\" \/>\n<meta name=\"twitter:site\" content=\"@TourTravel_More\" \/>\n<meta name=\"twitter:label1\" content=\"Dur\u00e9e de lecture estim\u00e9e\" \/>\n\t<meta name=\"twitter:data1\" content=\"3 minutes\" \/>\n<script type=\"application\/ld+json\" class=\"yoast-schema-graph\">{\"@context\":\"https:\/\/schema.org\",\"@graph\":[{\"@type\":\"WebPage\",\"@id\":\"https:\/\/tourtravelandmore.com\/fr\/tours\/les-pays-bas-fr\/amsterdam-fr\/visite-privee-deindhoven-au-depart-damsterdam\/\",\"url\":\"https:\/\/tourtravelandmore.com\/fr\/tours\/les-pays-bas-fr\/amsterdam-fr\/visite-privee-deindhoven-au-depart-damsterdam\/\",\"name\":\"Visite priv\u00e9e d'Eindhoven \u00e0 partir d'Amsterdam avec guide et transfert en voiture priv\u00e9e.\",\"isPartOf\":{\"@id\":\"https:\/\/tourtravelandmore.com\/fr\/#website\"},\"primaryImageOfPage\":{\"@id\":\"https:\/\/tourtravelandmore.com\/fr\/tours\/les-pays-bas-fr\/amsterdam-fr\/visite-privee-deindhoven-au-depart-damsterdam\/#primaryimage\"},\"image\":{\"@id\":\"https:\/\/tourtravelandmore.com\/fr\/tours\/les-pays-bas-fr\/amsterdam-fr\/visite-privee-deindhoven-au-depart-damsterdam\/#primaryimage\"},\"thumbnailUrl\":\"https:\/\/tourtravelandmore.com\/wp-content\/uploads\/2018\/10\/the-blob-eindhoven.jpeg\",\"datePublished\":\"2018-10-12T06:59:22+00:00\",\"dateModified\":\"2021-12-07T16:58:57+00:00\",\"description\":\"Apprenez \u00e0 conna\u00eetre la ville moderne d'Eindhoven, au d\u00e9part d'Amsterdam en voiture priv\u00e9e avec guide priv\u00e9 inclus, parfait pour partir seul, avec des amis ou en famille.\",\"breadcrumb\":{\"@id\":\"https:\/\/tourtravelandmore.com\/fr\/tours\/les-pays-bas-fr\/amsterdam-fr\/visite-privee-deindhoven-au-depart-damsterdam\/#breadcrumb\"},\"inLanguage\":\"fr-FR\",\"potentialAction\":[{\"@type\":\"ReadAction\",\"target\":[\"https:\/\/tourtravelandmore.com\/fr\/tours\/les-pays-bas-fr\/amsterdam-fr\/visite-privee-deindhoven-au-depart-damsterdam\/\"]}]},{\"@type\":\"ImageObject\",\"inLanguage\":\"fr-FR\",\"@id\":\"https:\/\/tourtravelandmore.com\/fr\/tours\/les-pays-bas-fr\/amsterdam-fr\/visite-privee-deindhoven-au-depart-damsterdam\/#primaryimage\",\"url\":\"https:\/\/tourtravelandmore.com\/wp-content\/uploads\/2018\/10\/the-blob-eindhoven.jpeg\",\"contentUrl\":\"https:\/\/tourtravelandmore.com\/wp-content\/uploads\/2018\/10\/the-blob-eindhoven.jpeg\",\"width\":694,\"height\":463},{\"@type\":\"BreadcrumbList\",\"@id\":\"https:\/\/tourtravelandmore.com\/fr\/tours\/les-pays-bas-fr\/amsterdam-fr\/visite-privee-deindhoven-au-depart-damsterdam\/#breadcrumb\",\"itemListElement\":[{\"@type\":\"ListItem\",\"position\":1,\"name\":\"Home\",\"item\":\"https:\/\/tourtravelandmore.com\/fr\/\"},{\"@type\":\"ListItem\",\"position\":2,\"name\":\"Tours\",\"item\":\"https:\/\/tourtravelandmore.com\/fr\/tours\/\"},{\"@type\":\"ListItem\",\"position\":3,\"name\":\"Visite priv\u00e9e d&#8217;Eindhoven au d\u00e9part d&#8217;Amsterdam\"}]},{\"@type\":\"WebSite\",\"@id\":\"https:\/\/tourtravelandmore.com\/fr\/#website\",\"url\":\"https:\/\/tourtravelandmore.com\/fr\/\",\"name\":\"Tour Travel And More\",\"description\":\"Private sightseeing tours and luxury transfers in Spain\",\"publisher\":{\"@id\":\"https:\/\/tourtravelandmore.com\/fr\/#organization\"},\"potentialAction\":[{\"@type\":\"SearchAction\",\"target\":{\"@type\":\"EntryPoint\",\"urlTemplate\":\"https:\/\/tourtravelandmore.com\/fr\/?s={search_term_string}\"},\"query-input\":{\"@type\":\"PropertyValueSpecification\",\"valueRequired\":true,\"valueName\":\"search_term_string\"}}],\"inLanguage\":\"fr-FR\"},{\"@type\":\"Organization\",\"@id\":\"https:\/\/tourtravelandmore.com\/fr\/#organization\",\"name\":\"Tour Travel And More\",\"url\":\"https:\/\/tourtravelandmore.com\/fr\/\",\"logo\":{\"@type\":\"ImageObject\",\"inLanguage\":\"fr-FR\",\"@id\":\"https:\/\/tourtravelandmore.com\/fr\/#\/schema\/logo\/image\/\",\"url\":\"https:\/\/tourtravelandmore.com\/wp-content\/uploads\/2022\/12\/cropped-logo-cabecera-new.png\",\"contentUrl\":\"https:\/\/tourtravelandmore.com\/wp-content\/uploads\/2022\/12\/cropped-logo-cabecera-new.png\",\"width\":430,\"height\":61,\"caption\":\"Tour Travel And More\"},\"image\":{\"@id\":\"https:\/\/tourtravelandmore.com\/fr\/#\/schema\/logo\/image\/\"},\"sameAs\":[\"https:\/\/www.facebook.com\/tourtravelandmore\/\",\"https:\/\/x.com\/TourTravel_More\"]}]}<\/script>\n<!-- \/ Yoast SEO Premium plugin. -->","yoast_head_json":{"title":"Visite priv\u00e9e d'Eindhoven \u00e0 partir d'Amsterdam avec guide et transfert en voiture priv\u00e9e.","description":"Apprenez \u00e0 conna\u00eetre la ville moderne d'Eindhoven, au d\u00e9part d'Amsterdam en voiture priv\u00e9e avec guide priv\u00e9 inclus, parfait pour partir seul, avec des amis ou en famille.","robots":{"index":"index","follow":"follow","max-snippet":"max-snippet:-1","max-image-preview":"max-image-preview:large","max-video-preview":"max-video-preview:-1"},"canonical":"https:\/\/tourtravelandmore.com\/fr\/tours\/les-pays-bas-fr\/amsterdam-fr\/visite-privee-deindhoven-au-depart-damsterdam\/","og_locale":"fr_FR","og_type":"article","og_title":"Visite priv\u00e9e d'Eindhoven au d\u00e9part d'Amsterdam","og_description":"Apprenez \u00e0 conna\u00eetre la ville moderne d'Eindhoven, au d\u00e9part d'Amsterdam en voiture priv\u00e9e avec guide priv\u00e9 inclus, parfait pour partir seul, avec des amis ou en famille.","og_url":"https:\/\/tourtravelandmore.com\/fr\/tours\/les-pays-bas-fr\/amsterdam-fr\/visite-privee-deindhoven-au-depart-damsterdam\/","og_site_name":"Tour Travel And More","article_publisher":"https:\/\/www.facebook.com\/tourtravelandmore\/","article_modified_time":"2021-12-07T16:58:57+00:00","og_image":[{"width":694,"height":463,"url":"https:\/\/tourtravelandmore.com\/wp-content\/uploads\/2018\/10\/the-blob-eindhoven.jpeg","type":"image\/jpeg"}],"twitter_card":"summary_large_image","twitter_site":"@TourTravel_More","twitter_misc":{"Dur\u00e9e de lecture estim\u00e9e":"3 minutes"},"schema":{"@context":"https:\/\/schema.org","@graph":[{"@type":"WebPage","@id":"https:\/\/tourtravelandmore.com\/fr\/tours\/les-pays-bas-fr\/amsterdam-fr\/visite-privee-deindhoven-au-depart-damsterdam\/","url":"https:\/\/tourtravelandmore.com\/fr\/tours\/les-pays-bas-fr\/amsterdam-fr\/visite-privee-deindhoven-au-depart-damsterdam\/","name":"Visite priv\u00e9e d'Eindhoven \u00e0 partir d'Amsterdam avec guide et transfert en voiture priv\u00e9e.","isPartOf":{"@id":"https:\/\/tourtravelandmore.com\/fr\/#website"},"primaryImageOfPage":{"@id":"https:\/\/tourtravelandmore.com\/fr\/tours\/les-pays-bas-fr\/amsterdam-fr\/visite-privee-deindhoven-au-depart-damsterdam\/#primaryimage"},"image":{"@id":"https:\/\/tourtravelandmore.com\/fr\/tours\/les-pays-bas-fr\/amsterdam-fr\/visite-privee-deindhoven-au-depart-damsterdam\/#primaryimage"},"thumbnailUrl":"https:\/\/tourtravelandmore.com\/wp-content\/uploads\/2018\/10\/the-blob-eindhoven.jpeg","datePublished":"2018-10-12T06:59:22+00:00","dateModified":"2021-12-07T16:58:57+00:00","description":"Apprenez \u00e0 conna\u00eetre la ville moderne d'Eindhoven, au d\u00e9part d'Amsterdam en voiture priv\u00e9e avec guide priv\u00e9 inclus, parfait pour partir seul, avec des amis ou en famille.","breadcrumb":{"@id":"https:\/\/tourtravelandmore.com\/fr\/tours\/les-pays-bas-fr\/amsterdam-fr\/visite-privee-deindhoven-au-depart-damsterdam\/#breadcrumb"},"inLanguage":"fr-FR","potentialAction":[{"@type":"ReadAction","target":["https:\/\/tourtravelandmore.com\/fr\/tours\/les-pays-bas-fr\/amsterdam-fr\/visite-privee-deindhoven-au-depart-damsterdam\/"]}]},{"@type":"ImageObject","inLanguage":"fr-FR","@id":"https:\/\/tourtravelandmore.com\/fr\/tours\/les-pays-bas-fr\/amsterdam-fr\/visite-privee-deindhoven-au-depart-damsterdam\/#primaryimage","url":"https:\/\/tourtravelandmore.com\/wp-content\/uploads\/2018\/10\/the-blob-eindhoven.jpeg","contentUrl":"https:\/\/tourtravelandmore.com\/wp-content\/uploads\/2018\/10\/the-blob-eindhoven.jpeg","width":694,"height":463},{"@type":"BreadcrumbList","@id":"https:\/\/tourtravelandmore.com\/fr\/tours\/les-pays-bas-fr\/amsterdam-fr\/visite-privee-deindhoven-au-depart-damsterdam\/#breadcrumb","itemListElement":[{"@type":"ListItem","position":1,"name":"Home","item":"https:\/\/tourtravelandmore.com\/fr\/"},{"@type":"ListItem","position":2,"name":"Tours","item":"https:\/\/tourtravelandmore.com\/fr\/tours\/"},{"@type":"ListItem","position":3,"name":"Visite priv\u00e9e d&#8217;Eindhoven au d\u00e9part d&#8217;Amsterdam"}]},{"@type":"WebSite","@id":"https:\/\/tourtravelandmore.com\/fr\/#website","url":"https:\/\/tourtravelandmore.com\/fr\/","name":"Tour Travel And More","description":"Private sightseeing tours and luxury transfers in Spain","publisher":{"@id":"https:\/\/tourtravelandmore.com\/fr\/#organization"},"potentialAction":[{"@type":"SearchAction","target":{"@type":"EntryPoint","urlTemplate":"https:\/\/tourtravelandmore.com\/fr\/?s={search_term_string}"},"query-input":{"@type":"PropertyValueSpecification","valueRequired":true,"valueName":"search_term_string"}}],"inLanguage":"fr-FR"},{"@type":"Organization","@id":"https:\/\/tourtravelandmore.com\/fr\/#organization","name":"Tour Travel And More","url":"https:\/\/tourtravelandmore.com\/fr\/","logo":{"@type":"ImageObject","inLanguage":"fr-FR","@id":"https:\/\/tourtravelandmore.com\/fr\/#\/schema\/logo\/image\/","url":"https:\/\/tourtravelandmore.com\/wp-content\/uploads\/2022\/12\/cropped-logo-cabecera-new.png","contentUrl":"https:\/\/tourtravelandmore.com\/wp-content\/uploads\/2022\/12\/cropped-logo-cabecera-new.png","width":430,"height":61,"caption":"Tour Travel And More"},"image":{"@id":"https:\/\/tourtravelandmore.com\/fr\/#\/schema\/logo\/image\/"},"sameAs":["https:\/\/www.facebook.com\/tourtravelandmore\/","https:\/\/x.com\/TourTravel_More"]}]}},"_links":{"self":[{"href":"https:\/\/tourtravelandmore.com\/fr\/wp-json\/wp\/v2\/product\/100193","targetHints":{"allow":["GET"]}}],"collection":[{"href":"https:\/\/tourtravelandmore.com\/fr\/wp-json\/wp\/v2\/product"}],"about":[{"href":"https:\/\/tourtravelandmore.com\/fr\/wp-json\/wp\/v2\/types\/product"}],"replies":[{"embeddable":true,"href":"https:\/\/tourtravelandmore.com\/fr\/wp-json\/wp\/v2\/comments?post=100193"}],"wp:featuredmedia":[{"embeddable":true,"href":"https:\/\/tourtravelandmore.com\/fr\/wp-json\/wp\/v2\/media\/95320"}],"wp:attachment":[{"href":"https:\/\/tourtravelandmore.com\/fr\/wp-json\/wp\/v2\/media?parent=100193"}],"wp:term":[{"taxonomy":"product_brand","embeddable":true,"href":"https:\/\/tourtravelandmore.com\/fr\/wp-json\/wp\/v2\/product_brand?post=100193"},{"taxonomy":"product_cat","embeddable":true,"href":"https:\/\/tourtravelandmore.com\/fr\/wp-json\/wp\/v2\/product_cat?post=100193"},{"taxonomy":"product_tag","embeddable":true,"href":"https:\/\/tourtravelandmore.com\/fr\/wp-json\/wp\/v2\/product_tag?post=100193"}],"curies":[{"name":"wp","href":"https:\/\/api.w.org\/{rel}","templated":true}]}}