{"id":100178,"date":"2017-05-15T16:44:59","date_gmt":"2017-05-15T14:44:59","guid":{"rendered":"https:\/\/tourtravelandmore.com\/tours\/non%20class\u00e9\/private-transfer-to-from-villefranche-sur-mer\/"},"modified":"2022-10-11T18:11:38","modified_gmt":"2022-10-11T16:11:38","slug":"private-transfer-to-from-villefranche-sur-mer","status":"publish","type":"product","link":"https:\/\/tourtravelandmore.com\/fr\/tours\/france-fr\/villefranche-sur-mer-fr\/private-transfer-to-from-villefranche-sur-mer\/","title":{"rendered":"Private Transfer to\/from Villefranche-Sur-Mer"},"content":{"rendered":"<h2>Description<\/h2>\n<p>Profitez d&#8217;une exp\u00e9rience relaxante dans l&#8217;un de nos v\u00e9hicules priv\u00e9s de luxe avec nos transferts priv\u00e9s Villefranche-sur-mer. Nous vous proposons le moyen le plus rapide et le plus simple d&#8217;atteindre votre destination finale.<\/p>\n<p>Nous proposons tous types de transferts, tels que a\u00e9roport, port de croisi\u00e8re ou transferts vers toute autre ville ou lieu de la r\u00e9gion comme Nice, Monaco et Cannes.<\/p>\n<p>En cas de transfert d&#8217;arriv\u00e9e \u00e0 l&#8217;a\u00e9roport ou \u00e0 la gare de Nice, notre personnel vous attendra avec une pancarte au terminal des arriv\u00e9es. Nos chauffeurs surveillent toujours l&#8217;heure exacte d&#8217;atterrissage des vols, vous n&#8217;avez donc pas \u00e0 vous inqui\u00e9ter en cas de retard de votre vol.<\/p>\n<p>Nous organisons des transferts personnalis\u00e9s \u00e0 travers les diff\u00e9rentes villes de la C\u00f4te d&#8217;Azur.<\/p>\n<p>En cas d&#8217;arriv\u00e9e \u00e0 Villefranche, Monaco ou au port de croisi\u00e8re de Cannes, nous pouvons organiser un transfert priv\u00e9 vers votre h\u00f4tel ou lieu souhait\u00e9 sur la C\u00f4te d&#8217;Azur. Nous proposons \u00e9galement des excursions priv\u00e9es depuis chaque port de croisi\u00e8re. Vous pouvez consulter notre proposition dans cette visite.<\/p>\n<h2>Sites d&#8217;int\u00e9r\u00eat et points de rep\u00e8re<\/h2>\n<p>Nous organisons des transferts priv\u00e9s pour des groupes priv\u00e9s et m\u00eame des incentives. Contactez-nous et nous vous aiderons \u00e0 organiser une exp\u00e9rience enti\u00e8rement personnalis\u00e9e.<\/p>\n<p>Villefranche sur mer est l&#8217;une des plus belles villes de la r\u00e9gion. Il est situ\u00e9 entre Nice et Monaco et accueille l&#8217;un des principaux ports de croisi\u00e8re de toute la France. De l\u00e0, vous pouvez visiter de beaux villages, comme Saint Paul de Vence, ou des villes glamour comme Monaco, Nice et Cannes. Au cas o\u00f9 vous auriez besoin d&#8217;un transfert de \/ vers Nice vers tout autre endroit en France ou en Italie, nous pouvons l&#8217;organiser! Contactez-nous pour une proposition sur mesure.<\/p>\n<p>Nos transferts priv\u00e9s Villefranche ne sont pas limit\u00e9s en ce qui concerne la quantit\u00e9 de bagages. Mais nous vous prions de bien vouloir nous informer \u00e0 l&#8217;avance de la quantit\u00e9 de bagages dont vous disposerez pour des raisons logistiques. Parfois, un v\u00e9hicule plus gros peut \u00eatre n\u00e9cessaire et des frais suppl\u00e9mentaires peuvent s&#8217;appliquer.<\/p>\n<p>Si vous avez besoin d&#8217;un si\u00e8ge b\u00e9b\u00e9 ou d&#8217;un si\u00e8ge enfant, merci de nous le faire savoir avant votre vol ou croisi\u00e8re pour l&#8217;organiser correctement.<\/p>\n","protected":false},"excerpt":{"rendered":"<p>Rejoignez confortablement votre destination finale sur la C\u00f4te d&#8217;Azur gr\u00e2ce \u00e0 nos transferts priv\u00e9s. V\u00e9hicules de luxe et chauffeurs professionnels. Contactez-nous pour une proposition personnalis\u00e9e.<\/p>\n","protected":false},"featured_media":93577,"comment_status":"open","ping_status":"closed","template":"","meta":{"_acf_changed":false},"product_brand":[],"product_cat":[3636],"product_tag":[],"class_list":{"0":"post-100178","1":"product","2":"type-product","3":"status-publish","4":"has-post-thumbnail","6":"product_cat-villefranche-sur-mer-fr","8":"first","9":"instock","10":"shipping-taxable","11":"purchasable","12":"product-type-simple"},"acf":[],"yoast_head":"<!-- This site is optimized with the Yoast SEO Premium plugin v25.3.1 (Yoast SEO v25.3.1) - https:\/\/yoast.com\/wordpress\/plugins\/seo\/ -->\n<title>Transferts priv\u00e9s priv\u00e9s Villefranche-sur-mer en v\u00e9hicules de luxe<\/title>\n<meta name=\"description\" content=\"Profitez de nos transferts priv\u00e9s Villefranche et rejoignez confortablement votre destination finale dans la r\u00e9gion. Chauffeurs professionnels et v\u00e9hicules de luxe.\" \/>\n<meta name=\"robots\" content=\"index, follow, max-snippet:-1, max-image-preview:large, max-video-preview:-1\" \/>\n<link rel=\"canonical\" href=\"https:\/\/tourtravelandmore.com\/fr\/tours\/france-fr\/villefranche-sur-mer-fr\/private-transfer-to-from-villefranche-sur-mer\/\" \/>\n<meta property=\"og:locale\" content=\"fr_FR\" \/>\n<meta property=\"og:type\" content=\"article\" \/>\n<meta property=\"og:title\" content=\"Private Transfer to\/from Villefranche-Sur-Mer\" \/>\n<meta property=\"og:description\" content=\"Profitez de nos transferts priv\u00e9s Villefranche et rejoignez confortablement votre destination finale dans la r\u00e9gion. Chauffeurs professionnels et v\u00e9hicules de luxe.\" \/>\n<meta property=\"og:url\" content=\"https:\/\/tourtravelandmore.com\/fr\/tours\/france-fr\/villefranche-sur-mer-fr\/private-transfer-to-from-villefranche-sur-mer\/\" \/>\n<meta property=\"og:site_name\" content=\"Tour Travel And More\" \/>\n<meta property=\"article:publisher\" content=\"https:\/\/www.facebook.com\/tourtravelandmore\/\" \/>\n<meta property=\"article:modified_time\" content=\"2022-10-11T16:11:38+00:00\" \/>\n<meta property=\"og:image\" content=\"https:\/\/tourtravelandmore.com\/wp-content\/uploads\/2016\/10\/barcelona-wedding-transfer-3.jpg\" \/>\n\t<meta property=\"og:image:width\" content=\"1920\" \/>\n\t<meta property=\"og:image:height\" content=\"891\" \/>\n\t<meta property=\"og:image:type\" content=\"image\/jpeg\" \/>\n<meta name=\"twitter:card\" content=\"summary_large_image\" \/>\n<meta name=\"twitter:site\" content=\"@TourTravel_More\" \/>\n<meta name=\"twitter:label1\" content=\"Dur\u00e9e de lecture estim\u00e9e\" \/>\n\t<meta name=\"twitter:data1\" content=\"2 minutes\" \/>\n<script type=\"application\/ld+json\" class=\"yoast-schema-graph\">{\"@context\":\"https:\/\/schema.org\",\"@graph\":[{\"@type\":\"WebPage\",\"@id\":\"https:\/\/tourtravelandmore.com\/fr\/tours\/france-fr\/villefranche-sur-mer-fr\/private-transfer-to-from-villefranche-sur-mer\/\",\"url\":\"https:\/\/tourtravelandmore.com\/fr\/tours\/france-fr\/villefranche-sur-mer-fr\/private-transfer-to-from-villefranche-sur-mer\/\",\"name\":\"Transferts priv\u00e9s priv\u00e9s Villefranche-sur-mer en v\u00e9hicules de luxe\",\"isPartOf\":{\"@id\":\"https:\/\/tourtravelandmore.com\/fr\/#website\"},\"primaryImageOfPage\":{\"@id\":\"https:\/\/tourtravelandmore.com\/fr\/tours\/france-fr\/villefranche-sur-mer-fr\/private-transfer-to-from-villefranche-sur-mer\/#primaryimage\"},\"image\":{\"@id\":\"https:\/\/tourtravelandmore.com\/fr\/tours\/france-fr\/villefranche-sur-mer-fr\/private-transfer-to-from-villefranche-sur-mer\/#primaryimage\"},\"thumbnailUrl\":\"https:\/\/tourtravelandmore.com\/wp-content\/uploads\/2016\/10\/barcelona-wedding-transfer-3.jpg\",\"datePublished\":\"2017-05-15T14:44:59+00:00\",\"dateModified\":\"2022-10-11T16:11:38+00:00\",\"description\":\"Profitez de nos transferts priv\u00e9s Villefranche et rejoignez confortablement votre destination finale dans la r\u00e9gion. Chauffeurs professionnels et v\u00e9hicules de luxe.\",\"breadcrumb\":{\"@id\":\"https:\/\/tourtravelandmore.com\/fr\/tours\/france-fr\/villefranche-sur-mer-fr\/private-transfer-to-from-villefranche-sur-mer\/#breadcrumb\"},\"inLanguage\":\"fr-FR\",\"potentialAction\":[{\"@type\":\"ReadAction\",\"target\":[\"https:\/\/tourtravelandmore.com\/fr\/tours\/france-fr\/villefranche-sur-mer-fr\/private-transfer-to-from-villefranche-sur-mer\/\"]}]},{\"@type\":\"ImageObject\",\"inLanguage\":\"fr-FR\",\"@id\":\"https:\/\/tourtravelandmore.com\/fr\/tours\/france-fr\/villefranche-sur-mer-fr\/private-transfer-to-from-villefranche-sur-mer\/#primaryimage\",\"url\":\"https:\/\/tourtravelandmore.com\/wp-content\/uploads\/2016\/10\/barcelona-wedding-transfer-3.jpg\",\"contentUrl\":\"https:\/\/tourtravelandmore.com\/wp-content\/uploads\/2016\/10\/barcelona-wedding-transfer-3.jpg\",\"width\":1920,\"height\":891,\"caption\":\"BRABUS Upgrades - Mercedes AMG S-Class\"},{\"@type\":\"BreadcrumbList\",\"@id\":\"https:\/\/tourtravelandmore.com\/fr\/tours\/france-fr\/villefranche-sur-mer-fr\/private-transfer-to-from-villefranche-sur-mer\/#breadcrumb\",\"itemListElement\":[{\"@type\":\"ListItem\",\"position\":1,\"name\":\"Home\",\"item\":\"https:\/\/tourtravelandmore.com\/fr\/\"},{\"@type\":\"ListItem\",\"position\":2,\"name\":\"Tours\",\"item\":\"https:\/\/tourtravelandmore.com\/fr\/tours\/\"},{\"@type\":\"ListItem\",\"position\":3,\"name\":\"Private Transfer to\/from Villefranche-Sur-Mer\"}]},{\"@type\":\"WebSite\",\"@id\":\"https:\/\/tourtravelandmore.com\/fr\/#website\",\"url\":\"https:\/\/tourtravelandmore.com\/fr\/\",\"name\":\"Tour Travel And More\",\"description\":\"Private sightseeing tours and luxury transfers in Spain\",\"publisher\":{\"@id\":\"https:\/\/tourtravelandmore.com\/fr\/#organization\"},\"potentialAction\":[{\"@type\":\"SearchAction\",\"target\":{\"@type\":\"EntryPoint\",\"urlTemplate\":\"https:\/\/tourtravelandmore.com\/fr\/?s={search_term_string}\"},\"query-input\":{\"@type\":\"PropertyValueSpecification\",\"valueRequired\":true,\"valueName\":\"search_term_string\"}}],\"inLanguage\":\"fr-FR\"},{\"@type\":\"Organization\",\"@id\":\"https:\/\/tourtravelandmore.com\/fr\/#organization\",\"name\":\"Tour Travel And More\",\"url\":\"https:\/\/tourtravelandmore.com\/fr\/\",\"logo\":{\"@type\":\"ImageObject\",\"inLanguage\":\"fr-FR\",\"@id\":\"https:\/\/tourtravelandmore.com\/fr\/#\/schema\/logo\/image\/\",\"url\":\"https:\/\/tourtravelandmore.com\/wp-content\/uploads\/2022\/12\/cropped-logo-cabecera-new.png\",\"contentUrl\":\"https:\/\/tourtravelandmore.com\/wp-content\/uploads\/2022\/12\/cropped-logo-cabecera-new.png\",\"width\":430,\"height\":61,\"caption\":\"Tour Travel And More\"},\"image\":{\"@id\":\"https:\/\/tourtravelandmore.com\/fr\/#\/schema\/logo\/image\/\"},\"sameAs\":[\"https:\/\/www.facebook.com\/tourtravelandmore\/\",\"https:\/\/x.com\/TourTravel_More\"]}]}<\/script>\n<!-- \/ Yoast SEO Premium plugin. -->","yoast_head_json":{"title":"Transferts priv\u00e9s priv\u00e9s Villefranche-sur-mer en v\u00e9hicules de luxe","description":"Profitez de nos transferts priv\u00e9s Villefranche et rejoignez confortablement votre destination finale dans la r\u00e9gion. Chauffeurs professionnels et v\u00e9hicules de luxe.","robots":{"index":"index","follow":"follow","max-snippet":"max-snippet:-1","max-image-preview":"max-image-preview:large","max-video-preview":"max-video-preview:-1"},"canonical":"https:\/\/tourtravelandmore.com\/fr\/tours\/france-fr\/villefranche-sur-mer-fr\/private-transfer-to-from-villefranche-sur-mer\/","og_locale":"fr_FR","og_type":"article","og_title":"Private Transfer to\/from Villefranche-Sur-Mer","og_description":"Profitez de nos transferts priv\u00e9s Villefranche et rejoignez confortablement votre destination finale dans la r\u00e9gion. Chauffeurs professionnels et v\u00e9hicules de luxe.","og_url":"https:\/\/tourtravelandmore.com\/fr\/tours\/france-fr\/villefranche-sur-mer-fr\/private-transfer-to-from-villefranche-sur-mer\/","og_site_name":"Tour Travel And More","article_publisher":"https:\/\/www.facebook.com\/tourtravelandmore\/","article_modified_time":"2022-10-11T16:11:38+00:00","og_image":[{"width":1920,"height":891,"url":"https:\/\/tourtravelandmore.com\/wp-content\/uploads\/2016\/10\/barcelona-wedding-transfer-3.jpg","type":"image\/jpeg"}],"twitter_card":"summary_large_image","twitter_site":"@TourTravel_More","twitter_misc":{"Dur\u00e9e de lecture estim\u00e9e":"2 minutes"},"schema":{"@context":"https:\/\/schema.org","@graph":[{"@type":"WebPage","@id":"https:\/\/tourtravelandmore.com\/fr\/tours\/france-fr\/villefranche-sur-mer-fr\/private-transfer-to-from-villefranche-sur-mer\/","url":"https:\/\/tourtravelandmore.com\/fr\/tours\/france-fr\/villefranche-sur-mer-fr\/private-transfer-to-from-villefranche-sur-mer\/","name":"Transferts priv\u00e9s priv\u00e9s Villefranche-sur-mer en v\u00e9hicules de luxe","isPartOf":{"@id":"https:\/\/tourtravelandmore.com\/fr\/#website"},"primaryImageOfPage":{"@id":"https:\/\/tourtravelandmore.com\/fr\/tours\/france-fr\/villefranche-sur-mer-fr\/private-transfer-to-from-villefranche-sur-mer\/#primaryimage"},"image":{"@id":"https:\/\/tourtravelandmore.com\/fr\/tours\/france-fr\/villefranche-sur-mer-fr\/private-transfer-to-from-villefranche-sur-mer\/#primaryimage"},"thumbnailUrl":"https:\/\/tourtravelandmore.com\/wp-content\/uploads\/2016\/10\/barcelona-wedding-transfer-3.jpg","datePublished":"2017-05-15T14:44:59+00:00","dateModified":"2022-10-11T16:11:38+00:00","description":"Profitez de nos transferts priv\u00e9s Villefranche et rejoignez confortablement votre destination finale dans la r\u00e9gion. Chauffeurs professionnels et v\u00e9hicules de luxe.","breadcrumb":{"@id":"https:\/\/tourtravelandmore.com\/fr\/tours\/france-fr\/villefranche-sur-mer-fr\/private-transfer-to-from-villefranche-sur-mer\/#breadcrumb"},"inLanguage":"fr-FR","potentialAction":[{"@type":"ReadAction","target":["https:\/\/tourtravelandmore.com\/fr\/tours\/france-fr\/villefranche-sur-mer-fr\/private-transfer-to-from-villefranche-sur-mer\/"]}]},{"@type":"ImageObject","inLanguage":"fr-FR","@id":"https:\/\/tourtravelandmore.com\/fr\/tours\/france-fr\/villefranche-sur-mer-fr\/private-transfer-to-from-villefranche-sur-mer\/#primaryimage","url":"https:\/\/tourtravelandmore.com\/wp-content\/uploads\/2016\/10\/barcelona-wedding-transfer-3.jpg","contentUrl":"https:\/\/tourtravelandmore.com\/wp-content\/uploads\/2016\/10\/barcelona-wedding-transfer-3.jpg","width":1920,"height":891,"caption":"BRABUS Upgrades - Mercedes AMG S-Class"},{"@type":"BreadcrumbList","@id":"https:\/\/tourtravelandmore.com\/fr\/tours\/france-fr\/villefranche-sur-mer-fr\/private-transfer-to-from-villefranche-sur-mer\/#breadcrumb","itemListElement":[{"@type":"ListItem","position":1,"name":"Home","item":"https:\/\/tourtravelandmore.com\/fr\/"},{"@type":"ListItem","position":2,"name":"Tours","item":"https:\/\/tourtravelandmore.com\/fr\/tours\/"},{"@type":"ListItem","position":3,"name":"Private Transfer to\/from Villefranche-Sur-Mer"}]},{"@type":"WebSite","@id":"https:\/\/tourtravelandmore.com\/fr\/#website","url":"https:\/\/tourtravelandmore.com\/fr\/","name":"Tour Travel And More","description":"Private sightseeing tours and luxury transfers in Spain","publisher":{"@id":"https:\/\/tourtravelandmore.com\/fr\/#organization"},"potentialAction":[{"@type":"SearchAction","target":{"@type":"EntryPoint","urlTemplate":"https:\/\/tourtravelandmore.com\/fr\/?s={search_term_string}"},"query-input":{"@type":"PropertyValueSpecification","valueRequired":true,"valueName":"search_term_string"}}],"inLanguage":"fr-FR"},{"@type":"Organization","@id":"https:\/\/tourtravelandmore.com\/fr\/#organization","name":"Tour Travel And More","url":"https:\/\/tourtravelandmore.com\/fr\/","logo":{"@type":"ImageObject","inLanguage":"fr-FR","@id":"https:\/\/tourtravelandmore.com\/fr\/#\/schema\/logo\/image\/","url":"https:\/\/tourtravelandmore.com\/wp-content\/uploads\/2022\/12\/cropped-logo-cabecera-new.png","contentUrl":"https:\/\/tourtravelandmore.com\/wp-content\/uploads\/2022\/12\/cropped-logo-cabecera-new.png","width":430,"height":61,"caption":"Tour Travel And More"},"image":{"@id":"https:\/\/tourtravelandmore.com\/fr\/#\/schema\/logo\/image\/"},"sameAs":["https:\/\/www.facebook.com\/tourtravelandmore\/","https:\/\/x.com\/TourTravel_More"]}]}},"_links":{"self":[{"href":"https:\/\/tourtravelandmore.com\/fr\/wp-json\/wp\/v2\/product\/100178","targetHints":{"allow":["GET"]}}],"collection":[{"href":"https:\/\/tourtravelandmore.com\/fr\/wp-json\/wp\/v2\/product"}],"about":[{"href":"https:\/\/tourtravelandmore.com\/fr\/wp-json\/wp\/v2\/types\/product"}],"replies":[{"embeddable":true,"href":"https:\/\/tourtravelandmore.com\/fr\/wp-json\/wp\/v2\/comments?post=100178"}],"wp:featuredmedia":[{"embeddable":true,"href":"https:\/\/tourtravelandmore.com\/fr\/wp-json\/wp\/v2\/media\/93577"}],"wp:attachment":[{"href":"https:\/\/tourtravelandmore.com\/fr\/wp-json\/wp\/v2\/media?parent=100178"}],"wp:term":[{"taxonomy":"product_brand","embeddable":true,"href":"https:\/\/tourtravelandmore.com\/fr\/wp-json\/wp\/v2\/product_brand?post=100178"},{"taxonomy":"product_cat","embeddable":true,"href":"https:\/\/tourtravelandmore.com\/fr\/wp-json\/wp\/v2\/product_cat?post=100178"},{"taxonomy":"product_tag","embeddable":true,"href":"https:\/\/tourtravelandmore.com\/fr\/wp-json\/wp\/v2\/product_tag?post=100178"}],"curies":[{"name":"wp","href":"https:\/\/api.w.org\/{rel}","templated":true}]}}