{"id":100173,"date":"2017-05-15T16:40:42","date_gmt":"2017-05-15T14:40:42","guid":{"rendered":"https:\/\/tourtravelandmore.com\/tours\/non%20class\u00e9\/private-excursion-from-villefranche-sur-mer-cruise-port\/"},"modified":"2022-10-11T18:11:32","modified_gmt":"2022-10-11T16:11:32","slug":"private-excursion-from-villefranche-sur-mer-cruise-port","status":"publish","type":"product","link":"https:\/\/tourtravelandmore.com\/fr\/tours\/france-fr\/villefranche-sur-mer-fr\/private-excursion-from-villefranche-sur-mer-cruise-port\/","title":{"rendered":"Private excursion from Villefranche Sur Mer cruise port"},"content":{"rendered":"<h2>Description<\/h2>\n<p>D\u00e9couvrez la merveilleuse C\u00f4te d&#8217;Azur lors d&#8217;une excursion priv\u00e9e avec un expert local. Visitez les plus belles villes et villages de la r\u00e9gion avec notre excursion priv\u00e9e sur la c\u00f4te d&#8217;Azur.<\/p>\n<p>Votre chauffeur \/ guide priv\u00e9, connaisseur expert de sa r\u00e9gion, viendra vous chercher \u00e0 l&#8217;endroit et \u00e0 l&#8217;heure souhait\u00e9s \u00e0 Villefranche Sur Mer. Apr\u00e8s cela, vous lancerez une excursion priv\u00e9e vers les sites de votre choix.<\/p>\n<p>L&#8217;itin\u00e9raire de la visite est absolument adaptable \u00e0 vos go\u00fbts et d\u00e9sirs personnels. Tous nos circuits sont faits sur mesure et adapt\u00e9s aux int\u00e9r\u00eats de nos clients. Il est possible d&#8217;organiser des excursions d&#8217;une demi-journ\u00e9e et d&#8217;une journ\u00e9e compl\u00e8te. Nous pouvons organiser des visites de vignobles, des visites de la ville, des billets coupe-file pour les mus\u00e9es et bien plus encore. Contactez-nous pour une exp\u00e9rience personnalis\u00e9e!<\/p>\n<h2>Sites d&#8217;int\u00e9r\u00eat et monuments<\/h2>\n<p>Villefranche-sur-mer est l&#8217;un des sites les plus prestigieux de la C\u00f4te d&#8217;Azur. Cette ville accueille l&#8217;un des principaux ports de croisi\u00e8re de la r\u00e9gion. Cette merveilleuse ville est situ\u00e9e entre Nice et Monaco, et elle abrite de magnifiques plages.<\/p>\n<p>Nos chauffeurs \/ guides priv\u00e9s sont des experts de la r\u00e9gion. Ils vous montreront les plus beaux sites de la r\u00e9gion avec notre excursion priv\u00e9e sur la c\u00f4te d&#8217;Azur. Il existe de nombreuses excursions diff\u00e9rentes dont vous pouvez profiter depuis Villefranche. Par exemple:<\/p>\n<ul>\n<li>Visite priv\u00e9e \u00e0 Nice pendant 4 heures<\/li>\n<li>Visite priv\u00e9e \u00e0 Monaco et Eze pendant 4 heures ou plus<\/li>\n<li>Visite priv\u00e9e \u00e0 Monaco et Nice pendant 6 heures ou plus<\/li>\n<li>Visite priv\u00e9e \u00e0 Nice, Saint-Paul et Cannes pendant 8 heures<\/li>\n<li>Visite priv\u00e9e des vignobles pendant 7 heures<\/li>\n<\/ul>\n<p>L&#8217;itin\u00e9raire sera organis\u00e9 en fonction de vos d\u00e9sirs personnels. Si vous \u00eates en croisi\u00e8re \u00e0 Villefranche, nous nous assurerons que vous \u00eates \u00e0 l&#8217;heure pour votre d\u00e9part. Si vous souhaitez d\u00e9jeuner dans un endroit particulier de la r\u00e9gion, nous pouvons \u00e9galement l&#8217;organiser.<\/p>\n<p>Contactez-nous pour une proposition sur mesure.<\/p>\n","protected":false},"excerpt":{"rendered":"<p>Profitez au mieux de votre escale au port de croisi\u00e8re de Villefranche-sur-mer et explorez la C\u00f4te d&#8217;Azur aux c\u00f4t\u00e9s d&#8217;un expert local. Laissez-nous organiser votre exp\u00e9rience priv\u00e9e sur mesure dans la r\u00e9gion.<\/p>\n","protected":false},"featured_media":94360,"comment_status":"open","ping_status":"closed","template":"","meta":{"_acf_changed":false},"product_brand":[],"product_cat":[3636],"product_tag":[],"class_list":{"0":"post-100173","1":"product","2":"type-product","3":"status-publish","4":"has-post-thumbnail","6":"product_cat-villefranche-sur-mer-fr","8":"first","9":"instock","10":"shipping-taxable","11":"purchasable","12":"product-type-simple"},"acf":[],"yoast_head":"<!-- This site is optimized with the Yoast SEO Premium plugin v25.3.1 (Yoast SEO v25.3.1) - https:\/\/yoast.com\/wordpress\/plugins\/seo\/ -->\n<title>Private french riviera shore excursion from Villefranche Sur Mer<\/title>\n<meta name=\"description\" content=\"Laissez-nous organiser votre excursion priv\u00e9e sur la c\u00f4te d&#039;Azur au d\u00e9part de Villefranche sur mer et d\u00e9couvrez la r\u00e9gion aux c\u00f4t\u00e9s d&#039;un expert local.\" \/>\n<meta name=\"robots\" content=\"index, follow, max-snippet:-1, max-image-preview:large, max-video-preview:-1\" \/>\n<link rel=\"canonical\" href=\"https:\/\/tourtravelandmore.com\/fr\/tours\/france-fr\/villefranche-sur-mer-fr\/private-excursion-from-villefranche-sur-mer-cruise-port\/\" \/>\n<meta property=\"og:locale\" content=\"fr_FR\" \/>\n<meta property=\"og:type\" content=\"article\" \/>\n<meta property=\"og:title\" content=\"Private excursion from Villefranche Sur Mer cruise port\" \/>\n<meta property=\"og:description\" content=\"Laissez-nous organiser votre excursion priv\u00e9e sur la c\u00f4te d&#039;Azur au d\u00e9part de Villefranche sur mer et d\u00e9couvrez la r\u00e9gion aux c\u00f4t\u00e9s d&#039;un expert local.\" \/>\n<meta property=\"og:url\" content=\"https:\/\/tourtravelandmore.com\/fr\/tours\/france-fr\/villefranche-sur-mer-fr\/private-excursion-from-villefranche-sur-mer-cruise-port\/\" \/>\n<meta property=\"og:site_name\" content=\"Tour Travel And More\" \/>\n<meta property=\"article:publisher\" content=\"https:\/\/www.facebook.com\/tourtravelandmore\/\" \/>\n<meta property=\"article:modified_time\" content=\"2022-10-11T16:11:32+00:00\" \/>\n<meta property=\"og:image\" content=\"https:\/\/tourtravelandmore.com\/wp-content\/uploads\/2017\/05\/9s1oqjrx.jpg\" \/>\n\t<meta property=\"og:image:width\" content=\"576\" \/>\n\t<meta property=\"og:image:height\" content=\"395\" \/>\n\t<meta property=\"og:image:type\" content=\"image\/jpeg\" \/>\n<meta name=\"twitter:card\" content=\"summary_large_image\" \/>\n<meta name=\"twitter:site\" content=\"@TourTravel_More\" \/>\n<meta name=\"twitter:label1\" content=\"Dur\u00e9e de lecture estim\u00e9e\" \/>\n\t<meta name=\"twitter:data1\" content=\"2 minutes\" \/>\n<script type=\"application\/ld+json\" class=\"yoast-schema-graph\">{\"@context\":\"https:\/\/schema.org\",\"@graph\":[{\"@type\":\"WebPage\",\"@id\":\"https:\/\/tourtravelandmore.com\/fr\/tours\/france-fr\/villefranche-sur-mer-fr\/private-excursion-from-villefranche-sur-mer-cruise-port\/\",\"url\":\"https:\/\/tourtravelandmore.com\/fr\/tours\/france-fr\/villefranche-sur-mer-fr\/private-excursion-from-villefranche-sur-mer-cruise-port\/\",\"name\":\"Private french riviera shore excursion from Villefranche Sur Mer\",\"isPartOf\":{\"@id\":\"https:\/\/tourtravelandmore.com\/fr\/#website\"},\"primaryImageOfPage\":{\"@id\":\"https:\/\/tourtravelandmore.com\/fr\/tours\/france-fr\/villefranche-sur-mer-fr\/private-excursion-from-villefranche-sur-mer-cruise-port\/#primaryimage\"},\"image\":{\"@id\":\"https:\/\/tourtravelandmore.com\/fr\/tours\/france-fr\/villefranche-sur-mer-fr\/private-excursion-from-villefranche-sur-mer-cruise-port\/#primaryimage\"},\"thumbnailUrl\":\"https:\/\/tourtravelandmore.com\/wp-content\/uploads\/2017\/05\/9s1oqjrx.jpg\",\"datePublished\":\"2017-05-15T14:40:42+00:00\",\"dateModified\":\"2022-10-11T16:11:32+00:00\",\"description\":\"Laissez-nous organiser votre excursion priv\u00e9e sur la c\u00f4te d'Azur au d\u00e9part de Villefranche sur mer et d\u00e9couvrez la r\u00e9gion aux c\u00f4t\u00e9s d'un expert local.\",\"breadcrumb\":{\"@id\":\"https:\/\/tourtravelandmore.com\/fr\/tours\/france-fr\/villefranche-sur-mer-fr\/private-excursion-from-villefranche-sur-mer-cruise-port\/#breadcrumb\"},\"inLanguage\":\"fr-FR\",\"potentialAction\":[{\"@type\":\"ReadAction\",\"target\":[\"https:\/\/tourtravelandmore.com\/fr\/tours\/france-fr\/villefranche-sur-mer-fr\/private-excursion-from-villefranche-sur-mer-cruise-port\/\"]}]},{\"@type\":\"ImageObject\",\"inLanguage\":\"fr-FR\",\"@id\":\"https:\/\/tourtravelandmore.com\/fr\/tours\/france-fr\/villefranche-sur-mer-fr\/private-excursion-from-villefranche-sur-mer-cruise-port\/#primaryimage\",\"url\":\"https:\/\/tourtravelandmore.com\/wp-content\/uploads\/2017\/05\/9s1oqjrx.jpg\",\"contentUrl\":\"https:\/\/tourtravelandmore.com\/wp-content\/uploads\/2017\/05\/9s1oqjrx.jpg\",\"width\":576,\"height\":395},{\"@type\":\"BreadcrumbList\",\"@id\":\"https:\/\/tourtravelandmore.com\/fr\/tours\/france-fr\/villefranche-sur-mer-fr\/private-excursion-from-villefranche-sur-mer-cruise-port\/#breadcrumb\",\"itemListElement\":[{\"@type\":\"ListItem\",\"position\":1,\"name\":\"Home\",\"item\":\"https:\/\/tourtravelandmore.com\/fr\/\"},{\"@type\":\"ListItem\",\"position\":2,\"name\":\"Tours\",\"item\":\"https:\/\/tourtravelandmore.com\/fr\/tours\/\"},{\"@type\":\"ListItem\",\"position\":3,\"name\":\"Private excursion from Villefranche Sur Mer cruise port\"}]},{\"@type\":\"WebSite\",\"@id\":\"https:\/\/tourtravelandmore.com\/fr\/#website\",\"url\":\"https:\/\/tourtravelandmore.com\/fr\/\",\"name\":\"Tour Travel And More\",\"description\":\"Private sightseeing tours and luxury transfers in Spain\",\"publisher\":{\"@id\":\"https:\/\/tourtravelandmore.com\/fr\/#organization\"},\"potentialAction\":[{\"@type\":\"SearchAction\",\"target\":{\"@type\":\"EntryPoint\",\"urlTemplate\":\"https:\/\/tourtravelandmore.com\/fr\/?s={search_term_string}\"},\"query-input\":{\"@type\":\"PropertyValueSpecification\",\"valueRequired\":true,\"valueName\":\"search_term_string\"}}],\"inLanguage\":\"fr-FR\"},{\"@type\":\"Organization\",\"@id\":\"https:\/\/tourtravelandmore.com\/fr\/#organization\",\"name\":\"Tour Travel And More\",\"url\":\"https:\/\/tourtravelandmore.com\/fr\/\",\"logo\":{\"@type\":\"ImageObject\",\"inLanguage\":\"fr-FR\",\"@id\":\"https:\/\/tourtravelandmore.com\/fr\/#\/schema\/logo\/image\/\",\"url\":\"https:\/\/tourtravelandmore.com\/wp-content\/uploads\/2022\/12\/cropped-logo-cabecera-new.png\",\"contentUrl\":\"https:\/\/tourtravelandmore.com\/wp-content\/uploads\/2022\/12\/cropped-logo-cabecera-new.png\",\"width\":430,\"height\":61,\"caption\":\"Tour Travel And More\"},\"image\":{\"@id\":\"https:\/\/tourtravelandmore.com\/fr\/#\/schema\/logo\/image\/\"},\"sameAs\":[\"https:\/\/www.facebook.com\/tourtravelandmore\/\",\"https:\/\/x.com\/TourTravel_More\"]}]}<\/script>\n<!-- \/ Yoast SEO Premium plugin. -->","yoast_head_json":{"title":"Private french riviera shore excursion from Villefranche Sur Mer","description":"Laissez-nous organiser votre excursion priv\u00e9e sur la c\u00f4te d'Azur au d\u00e9part de Villefranche sur mer et d\u00e9couvrez la r\u00e9gion aux c\u00f4t\u00e9s d'un expert local.","robots":{"index":"index","follow":"follow","max-snippet":"max-snippet:-1","max-image-preview":"max-image-preview:large","max-video-preview":"max-video-preview:-1"},"canonical":"https:\/\/tourtravelandmore.com\/fr\/tours\/france-fr\/villefranche-sur-mer-fr\/private-excursion-from-villefranche-sur-mer-cruise-port\/","og_locale":"fr_FR","og_type":"article","og_title":"Private excursion from Villefranche Sur Mer cruise port","og_description":"Laissez-nous organiser votre excursion priv\u00e9e sur la c\u00f4te d'Azur au d\u00e9part de Villefranche sur mer et d\u00e9couvrez la r\u00e9gion aux c\u00f4t\u00e9s d'un expert local.","og_url":"https:\/\/tourtravelandmore.com\/fr\/tours\/france-fr\/villefranche-sur-mer-fr\/private-excursion-from-villefranche-sur-mer-cruise-port\/","og_site_name":"Tour Travel And More","article_publisher":"https:\/\/www.facebook.com\/tourtravelandmore\/","article_modified_time":"2022-10-11T16:11:32+00:00","og_image":[{"width":576,"height":395,"url":"https:\/\/tourtravelandmore.com\/wp-content\/uploads\/2017\/05\/9s1oqjrx.jpg","type":"image\/jpeg"}],"twitter_card":"summary_large_image","twitter_site":"@TourTravel_More","twitter_misc":{"Dur\u00e9e de lecture estim\u00e9e":"2 minutes"},"schema":{"@context":"https:\/\/schema.org","@graph":[{"@type":"WebPage","@id":"https:\/\/tourtravelandmore.com\/fr\/tours\/france-fr\/villefranche-sur-mer-fr\/private-excursion-from-villefranche-sur-mer-cruise-port\/","url":"https:\/\/tourtravelandmore.com\/fr\/tours\/france-fr\/villefranche-sur-mer-fr\/private-excursion-from-villefranche-sur-mer-cruise-port\/","name":"Private french riviera shore excursion from Villefranche Sur Mer","isPartOf":{"@id":"https:\/\/tourtravelandmore.com\/fr\/#website"},"primaryImageOfPage":{"@id":"https:\/\/tourtravelandmore.com\/fr\/tours\/france-fr\/villefranche-sur-mer-fr\/private-excursion-from-villefranche-sur-mer-cruise-port\/#primaryimage"},"image":{"@id":"https:\/\/tourtravelandmore.com\/fr\/tours\/france-fr\/villefranche-sur-mer-fr\/private-excursion-from-villefranche-sur-mer-cruise-port\/#primaryimage"},"thumbnailUrl":"https:\/\/tourtravelandmore.com\/wp-content\/uploads\/2017\/05\/9s1oqjrx.jpg","datePublished":"2017-05-15T14:40:42+00:00","dateModified":"2022-10-11T16:11:32+00:00","description":"Laissez-nous organiser votre excursion priv\u00e9e sur la c\u00f4te d'Azur au d\u00e9part de Villefranche sur mer et d\u00e9couvrez la r\u00e9gion aux c\u00f4t\u00e9s d'un expert local.","breadcrumb":{"@id":"https:\/\/tourtravelandmore.com\/fr\/tours\/france-fr\/villefranche-sur-mer-fr\/private-excursion-from-villefranche-sur-mer-cruise-port\/#breadcrumb"},"inLanguage":"fr-FR","potentialAction":[{"@type":"ReadAction","target":["https:\/\/tourtravelandmore.com\/fr\/tours\/france-fr\/villefranche-sur-mer-fr\/private-excursion-from-villefranche-sur-mer-cruise-port\/"]}]},{"@type":"ImageObject","inLanguage":"fr-FR","@id":"https:\/\/tourtravelandmore.com\/fr\/tours\/france-fr\/villefranche-sur-mer-fr\/private-excursion-from-villefranche-sur-mer-cruise-port\/#primaryimage","url":"https:\/\/tourtravelandmore.com\/wp-content\/uploads\/2017\/05\/9s1oqjrx.jpg","contentUrl":"https:\/\/tourtravelandmore.com\/wp-content\/uploads\/2017\/05\/9s1oqjrx.jpg","width":576,"height":395},{"@type":"BreadcrumbList","@id":"https:\/\/tourtravelandmore.com\/fr\/tours\/france-fr\/villefranche-sur-mer-fr\/private-excursion-from-villefranche-sur-mer-cruise-port\/#breadcrumb","itemListElement":[{"@type":"ListItem","position":1,"name":"Home","item":"https:\/\/tourtravelandmore.com\/fr\/"},{"@type":"ListItem","position":2,"name":"Tours","item":"https:\/\/tourtravelandmore.com\/fr\/tours\/"},{"@type":"ListItem","position":3,"name":"Private excursion from Villefranche Sur Mer cruise port"}]},{"@type":"WebSite","@id":"https:\/\/tourtravelandmore.com\/fr\/#website","url":"https:\/\/tourtravelandmore.com\/fr\/","name":"Tour Travel And More","description":"Private sightseeing tours and luxury transfers in Spain","publisher":{"@id":"https:\/\/tourtravelandmore.com\/fr\/#organization"},"potentialAction":[{"@type":"SearchAction","target":{"@type":"EntryPoint","urlTemplate":"https:\/\/tourtravelandmore.com\/fr\/?s={search_term_string}"},"query-input":{"@type":"PropertyValueSpecification","valueRequired":true,"valueName":"search_term_string"}}],"inLanguage":"fr-FR"},{"@type":"Organization","@id":"https:\/\/tourtravelandmore.com\/fr\/#organization","name":"Tour Travel And More","url":"https:\/\/tourtravelandmore.com\/fr\/","logo":{"@type":"ImageObject","inLanguage":"fr-FR","@id":"https:\/\/tourtravelandmore.com\/fr\/#\/schema\/logo\/image\/","url":"https:\/\/tourtravelandmore.com\/wp-content\/uploads\/2022\/12\/cropped-logo-cabecera-new.png","contentUrl":"https:\/\/tourtravelandmore.com\/wp-content\/uploads\/2022\/12\/cropped-logo-cabecera-new.png","width":430,"height":61,"caption":"Tour Travel And More"},"image":{"@id":"https:\/\/tourtravelandmore.com\/fr\/#\/schema\/logo\/image\/"},"sameAs":["https:\/\/www.facebook.com\/tourtravelandmore\/","https:\/\/x.com\/TourTravel_More"]}]}},"_links":{"self":[{"href":"https:\/\/tourtravelandmore.com\/fr\/wp-json\/wp\/v2\/product\/100173","targetHints":{"allow":["GET"]}}],"collection":[{"href":"https:\/\/tourtravelandmore.com\/fr\/wp-json\/wp\/v2\/product"}],"about":[{"href":"https:\/\/tourtravelandmore.com\/fr\/wp-json\/wp\/v2\/types\/product"}],"replies":[{"embeddable":true,"href":"https:\/\/tourtravelandmore.com\/fr\/wp-json\/wp\/v2\/comments?post=100173"}],"wp:featuredmedia":[{"embeddable":true,"href":"https:\/\/tourtravelandmore.com\/fr\/wp-json\/wp\/v2\/media\/94360"}],"wp:attachment":[{"href":"https:\/\/tourtravelandmore.com\/fr\/wp-json\/wp\/v2\/media?parent=100173"}],"wp:term":[{"taxonomy":"product_brand","embeddable":true,"href":"https:\/\/tourtravelandmore.com\/fr\/wp-json\/wp\/v2\/product_brand?post=100173"},{"taxonomy":"product_cat","embeddable":true,"href":"https:\/\/tourtravelandmore.com\/fr\/wp-json\/wp\/v2\/product_cat?post=100173"},{"taxonomy":"product_tag","embeddable":true,"href":"https:\/\/tourtravelandmore.com\/fr\/wp-json\/wp\/v2\/product_tag?post=100173"}],"curies":[{"name":"wp","href":"https:\/\/api.w.org\/{rel}","templated":true}]}}